{"id":8610,"date":"2022-12-03T20:16:02","date_gmt":"2022-12-03T19:16:02","guid":{"rendered":"https:\/\/www.lraloeverashop.eu\/product\/leche-solar-spray-aloe-vera-lsf-30\/"},"modified":"2026-02-09T04:38:45","modified_gmt":"2026-02-09T03:38:45","slug":"leche-solar-spray-aloe-vera-lsf-30","status":"publish","type":"product","link":"https:\/\/www.lraloeverashop.eu\/es\/producto\/leche-solar-spray-aloe-vera-lsf-30\/","title":{"rendered":"Leche Solar Spray Aloe Vera LSF 30"},"content":{"rendered":"<h2><span style=\"font-size: 16pt;\"><strong>Leche Solar Spray Aloe Vera LSF 30<\/strong><\/span><\/h2>\n<p><span style=\"font-size: 16px;\"><strong>Leche Solar Spray Aloe Vera LSF 30 Refresca, nutre y proporciona una hidrataci\u00f3n intensa<\/strong><\/span><\/p>\n<p>Playa, mar y alegr\u00eda de vivir: \u00a1el verano por fin est\u00e1 a la vista! Ahora es el momento de ponerse el traje de ba\u00f1o y salir al sol. \u00a1Det\u00e9ngase! \u00a1Crema de antemano, por favor! Porque la protecci\u00f3n solar es la A y la O para una piel sana y hermosa y no solo en las vacaciones de verano. Incluso en d\u00edas nublados, los rayos UV penetran la capa de nubes y pueden da\u00f1ar la piel. El Leche Solar Spray Aloe Vera LSF 30 protege su piel de manera confiable contra las quemaduras solares y apoya la <a href=\"https:\/\/www.lraloeverashop.eu\/es\/producto\/aloe-vera-crema-solar-antiedad-fps-50\/\">regeneraci\u00f3n de la piel<\/a>.<\/p>\n<p>Con una protecci\u00f3n solar media de LSF 30, la loci\u00f3n solar de aloe vera protege especialmente las pieles ligeramente prebronceadas de claras a bronceadas. El 40 % de aloe vera nutre la piel y la ayuda a mejorar su propio equilibrio de hidrataci\u00f3n. La pi\u00f1a es conocida por sus enzimas, minerales y vitaminas que pueden ayudar a la regeneraci\u00f3n de la piel.<\/p>\n<p><strong>Brillante punto a favor:<\/strong> la <a href=\"https:\/\/www.lraloeverashop.eu\/es\/producto\/locion-solar-de-aloe-vera-fps-30\/\">loci\u00f3n<\/a> se puede aplicar tanto sobre la piel seca como h\u00fameda. Se absorbe r\u00e1pidamente, no brilla, no es pegajoso y no deja residuos blancos en la piel. Justo lo correcto para los d\u00edas soleados y sin preocupaciones en la playa, en el parque, en la piscina y y y. Y ahora: \u00a1al sol!<\/p>\n<p>&nbsp;<\/p>\n<h3><strong><span style=\"font-size: 16pt;\">C\u00f3mo utilizar<\/span><\/strong><\/h3>\n<p>Pulverizar Leche Solar Spray Aloe Vera generosamente al menos 30 minutos antes de tomar el sol y distribuir por el cuerpo y la cara, ya que el spray de protecci\u00f3n solar solo desarrolla su efecto completo despu\u00e9s de aprox. 30 minutos. Tambi\u00e9n importante: Preste atenci\u00f3n a la cantidad, porque peque\u00f1as cantidades de aplicaci\u00f3n reducen el rendimiento de protecci\u00f3n. El factor de protecci\u00f3n solar especificado para los productos de protecci\u00f3n solar y, por lo tanto, el tiempo de exposici\u00f3n al sol por d\u00eda no puede prolongarse con el uso repetido.<\/p>\n<p>&nbsp;<\/p>\n<h4><strong><span style=\"font-size: 16pt;\">\u00bfLo sab\u00edas?<\/span><\/strong><\/h4>\n<p>El factor de protecci\u00f3n solar indica cu\u00e1nto tiempo te\u00f3ricamente puede tomar el sol con el Leche Solar Spray Aloe Vera sin quemarse que sin el spray solar.<\/p>\n<p>Puedes calcular: LSF x tiempo de autoprotecci\u00f3n. Por ejemplo, si tu tiempo de autoprotecci\u00f3n es de 5 minutos, calcula: 20 x 5 minutos = 100 minutos.<br \/>\nImportante: Cada tipo de piel es diferente y tambi\u00e9n lo es la exposici\u00f3n al sol. La crema solar no reemplaza un paraguas, una camiseta o un sombrero para el sol.<\/p>\n<p>Para protegerse tambi\u00e9n del da\u00f1o solar a largo plazo, nunca debe aprovechar completamente el per\u00edodo de protecci\u00f3n solar, busque la sombra con m\u00e1s frecuencia y, sobre todo, evite el sol del mediod\u00eda.<\/p>\n","protected":false},"excerpt":{"rendered":"<ul>\n<li>Spray solar resistente al agua sin colorantes<\/li>\n<li>para pieles ligeramente bronceadas<\/li>\n<li>Aplicable sobre piel seca y h\u00fameda.<\/li>\n<li>Con un 40% de aloe vera y extracto de pi\u00f1a ecol\u00f3gica<\/li>\n<li>Protege la piel de los rayos UVA y UVB<\/li>\n<li>Se absorbe r\u00e1pidamente, no brilla, no pega, no blanquea<\/li>\n<li>Cantidad: 150 ml<\/li>\n<\/ul>\n<p><span style=\"color: #ff0000;\"><a style=\"color: #ff0000;\" href=\"https:\/\/shop.lrworld.com\/openpao?PHP=0vFlt7jT938BEnBI3a6e9w%3D%3D\"><span style=\"font-size: 14pt;\"><strong>Reg\u00edstrate aqu\u00ed y ahorra 35% en cada compra<\/strong><\/span><\/a><\/span><\/p>\n","protected":false},"featured_media":8437,"comment_status":"open","ping_status":"closed","template":"","meta":{"_kad_blocks_custom_css":"","_kad_blocks_head_custom_js":"","_kad_blocks_body_custom_js":"","_kad_blocks_footer_custom_js":"","_kadence_starter_templates_imported_post":false,"_kad_post_transparent":"default","_kad_post_title":"","_kad_post_layout":"default","_kad_post_sidebar_id":"","_kad_post_content_style":"default","_kad_post_vertical_padding":"default","_kad_post_feature":"","_kad_post_feature_position":"","_kad_post_header":false,"_kad_post_footer":false,"_kad_post_classname":""},"product_brand":[],"product_cat":[217,1011],"product_tag":[1018],"class_list":{"0":"post-8610","1":"product","2":"type-product","3":"status-publish","4":"has-post-thumbnail","6":"product_cat-aloe-vera-es","7":"product_cat-proteccion-solar","8":"product_tag-protector-solar","10":"first","11":"outofstock","12":"taxable","13":"shipping-taxable","14":"purchasable","15":"product-type-simple","16":"entry","17":"content-bg","18":"loop-entry"},"yoast_head":"<!-- This site is optimized with the Yoast SEO Premium plugin v27.4 (Yoast SEO v27.4) - https:\/\/yoast.com\/product\/yoast-seo-premium-wordpress\/ -->\n<title>Leche Solar Spray Aloe Vera LSF 30 para una hidrataci\u00f3n intensa<\/title>\n<meta name=\"description\" content=\"Leche Solar Spray Aloe Vera LSF 30 con un 40% de aloe vera y extracto de pi\u00f1a ecol\u00f3gica protege la piel de los rayos UVA y UVB. No brilla, no blanquea\" \/>\n<meta name=\"robots\" content=\"index, follow, max-snippet:-1, max-image-preview:large, max-video-preview:-1\" \/>\n<link rel=\"canonical\" href=\"https:\/\/www.lraloeverashop.eu\/es\/producto\/leche-solar-spray-aloe-vera-lsf-30\/\" \/>\n<meta property=\"og:locale\" content=\"es_ES\" \/>\n<meta property=\"og:type\" content=\"article\" \/>\n<meta property=\"og:title\" content=\"Leche Solar Spray Aloe Vera LSF 30\" \/>\n<meta property=\"og:description\" content=\"Leche Solar Spray Aloe Vera LSF 30 con un 40% de aloe vera y extracto de pi\u00f1a ecol\u00f3gica protege la piel de los rayos UVA y UVB. No brilla, no blanquea\" \/>\n<meta property=\"og:url\" content=\"https:\/\/www.lraloeverashop.eu\/es\/producto\/leche-solar-spray-aloe-vera-lsf-30\/\" \/>\n<meta property=\"og:site_name\" content=\"Lr Tienda Aloe Vera\" \/>\n<meta property=\"article:publisher\" content=\"https:\/\/www.facebook.com\/lraloeverashop.eu\" \/>\n<meta property=\"article:modified_time\" content=\"2026-02-09T03:38:45+00:00\" \/>\n<meta property=\"og:image\" content=\"https:\/\/www.lraloeverashop.eu\/wp-content\/uploads\/2022\/12\/Aloe-Vera-Sun-Spray.jpeg\" \/>\n\t<meta property=\"og:image:width\" content=\"1200\" \/>\n\t<meta property=\"og:image:height\" content=\"1200\" \/>\n\t<meta property=\"og:image:type\" content=\"image\/jpeg\" \/>\n<meta name=\"twitter:card\" content=\"summary_large_image\" \/>\n<meta name=\"twitter:site\" content=\"@natur__kosmetik\" \/>\n<script type=\"application\/ld+json\" class=\"yoast-schema-graph\">{\"@context\":\"https:\\\/\\\/schema.org\",\"@graph\":[{\"@type\":[\"WebPage\",\"ItemPage\"],\"@id\":\"https:\\\/\\\/www.lraloeverashop.eu\\\/es\\\/producto\\\/leche-solar-spray-aloe-vera-lsf-30\\\/\",\"url\":\"https:\\\/\\\/www.lraloeverashop.eu\\\/es\\\/producto\\\/leche-solar-spray-aloe-vera-lsf-30\\\/\",\"name\":\"Leche Solar Spray Aloe Vera LSF 30 para una hidrataci\u00f3n intensa\",\"isPartOf\":{\"@id\":\"https:\\\/\\\/www.lraloeverashop.eu\\\/es\\\/#website\"},\"primaryImageOfPage\":{\"@id\":\"https:\\\/\\\/www.lraloeverashop.eu\\\/es\\\/producto\\\/leche-solar-spray-aloe-vera-lsf-30\\\/#primaryimage\"},\"image\":{\"@id\":\"https:\\\/\\\/www.lraloeverashop.eu\\\/es\\\/producto\\\/leche-solar-spray-aloe-vera-lsf-30\\\/#primaryimage\"},\"thumbnailUrl\":\"https:\\\/\\\/www.lraloeverashop.eu\\\/wp-content\\\/uploads\\\/2022\\\/12\\\/Aloe-Vera-Sun-Spray.jpeg\",\"datePublished\":\"2022-12-03T19:16:02+00:00\",\"dateModified\":\"2026-02-09T03:38:45+00:00\",\"description\":\"Leche Solar Spray Aloe Vera LSF 30 con un 40% de aloe vera y extracto de pi\u00f1a ecol\u00f3gica protege la piel de los rayos UVA y UVB. No brilla, no blanquea\",\"breadcrumb\":{\"@id\":\"https:\\\/\\\/www.lraloeverashop.eu\\\/es\\\/producto\\\/leche-solar-spray-aloe-vera-lsf-30\\\/#breadcrumb\"},\"inLanguage\":\"es\",\"potentialAction\":[{\"@type\":\"ReadAction\",\"target\":[\"https:\\\/\\\/www.lraloeverashop.eu\\\/es\\\/producto\\\/leche-solar-spray-aloe-vera-lsf-30\\\/\"]}]},{\"@type\":\"ImageObject\",\"inLanguage\":\"es\",\"@id\":\"https:\\\/\\\/www.lraloeverashop.eu\\\/es\\\/producto\\\/leche-solar-spray-aloe-vera-lsf-30\\\/#primaryimage\",\"url\":\"https:\\\/\\\/www.lraloeverashop.eu\\\/wp-content\\\/uploads\\\/2022\\\/12\\\/Aloe-Vera-Sun-Spray.jpeg\",\"contentUrl\":\"https:\\\/\\\/www.lraloeverashop.eu\\\/wp-content\\\/uploads\\\/2022\\\/12\\\/Aloe-Vera-Sun-Spray.jpeg\",\"width\":1200,\"height\":1200,\"caption\":\"Aloe Vera Medium Protection Sun Milk Spray SPF 30\"},{\"@type\":\"BreadcrumbList\",\"@id\":\"https:\\\/\\\/www.lraloeverashop.eu\\\/es\\\/producto\\\/leche-solar-spray-aloe-vera-lsf-30\\\/#breadcrumb\",\"itemListElement\":[{\"@type\":\"ListItem\",\"position\":1,\"name\":\"Home\",\"item\":\"https:\\\/\\\/www.lraloeverashop.eu\\\/es\\\/\"},{\"@type\":\"ListItem\",\"position\":2,\"name\":\"Tienda\",\"item\":\"https:\\\/\\\/www.lraloeverashop.eu\\\/es\\\/tienda\\\/\"},{\"@type\":\"ListItem\",\"position\":3,\"name\":\"Leche Solar Spray Aloe Vera LSF 30\"}]},{\"@type\":\"WebSite\",\"@id\":\"https:\\\/\\\/www.lraloeverashop.eu\\\/es\\\/#website\",\"url\":\"https:\\\/\\\/www.lraloeverashop.eu\\\/es\\\/\",\"name\":\"Lr Tienda Aloe Vera\",\"description\":\"High Quality Lr Aloe Vera Gel, Aloe Vera Cream and Shampoo\",\"publisher\":{\"@id\":\"https:\\\/\\\/www.lraloeverashop.eu\\\/es\\\/#organization\"},\"potentialAction\":[{\"@type\":\"SearchAction\",\"target\":{\"@type\":\"EntryPoint\",\"urlTemplate\":\"https:\\\/\\\/www.lraloeverashop.eu\\\/es\\\/?s={search_term_string}\"},\"query-input\":{\"@type\":\"PropertyValueSpecification\",\"valueRequired\":true,\"valueName\":\"search_term_string\"}}],\"inLanguage\":\"es\"},{\"@type\":\"Organization\",\"@id\":\"https:\\\/\\\/www.lraloeverashop.eu\\\/es\\\/#organization\",\"name\":\"Lr Tienda Aloe Vera\",\"alternateName\":\"LR\",\"url\":\"https:\\\/\\\/www.lraloeverashop.eu\\\/es\\\/\",\"logo\":{\"@type\":\"ImageObject\",\"inLanguage\":\"es\",\"@id\":\"https:\\\/\\\/www.lraloeverashop.eu\\\/es\\\/#\\\/schema\\\/logo\\\/image\\\/\",\"url\":\"https:\\\/\\\/www.lraloeverashop.eu\\\/wp-content\\\/uploads\\\/2022\\\/09\\\/cropped-Lr-Aloe-Vera-Shop.jpg\",\"contentUrl\":\"https:\\\/\\\/www.lraloeverashop.eu\\\/wp-content\\\/uploads\\\/2022\\\/09\\\/cropped-Lr-Aloe-Vera-Shop.jpg\",\"width\":228,\"height\":76,\"caption\":\"Lr Tienda Aloe Vera\"},\"image\":{\"@id\":\"https:\\\/\\\/www.lraloeverashop.eu\\\/es\\\/#\\\/schema\\\/logo\\\/image\\\/\"},\"sameAs\":[\"https:\\\/\\\/www.facebook.com\\\/lraloeverashop.eu\",\"https:\\\/\\\/x.com\\\/natur__kosmetik\",\"https:\\\/\\\/www.youtube.com\\\/channel\\\/UC5oN7BJ8nfYb8RpVtjwDEBA\",\"https:\\\/\\\/www.instagram.com\\\/lrbeautyeu\\\/\"],\"description\":\"La tienda Lr Aloe Vera es tu destino de confianza para productos premium de salud y belleza LR, fabricados en Alemania. Ofrecemos soluciones de alta calidad para el cuidado de la piel, nutrici\u00f3n y antienvejecimiento con Aloe Vera, elaboradas con ingredientes puros y respaldadas por investigaci\u00f3n cient\u00edfica. Descubre un cuidado natural que regenera, protege y revitaliza tu piel, y disfruta de ofertas mensuales exclusivas en nuestros productos LR Aloe Vera m\u00e1s vendidos.\\n\\nComienza hoy mismo tu camino hacia el cuidado natural de la piel y siente la diferencia.\",\"email\":\"info@lraloeverashop.eu\",\"telephone\":\"+49 17670609653\",\"legalName\":\"Lr Aloe Vera Shop\",\"foundingDate\":\"2018-04-21\",\"numberOfEmployees\":{\"@type\":\"QuantitativeValue\",\"minValue\":\"1\",\"maxValue\":\"10\"}}]}<\/script>\n<meta property=\"product:price:amount\" content=\"25.69\" \/>\n<meta property=\"product:price:currency\" content=\"EUR\" \/>\n<meta property=\"og:availability\" content=\"out of stock\" \/>\n<meta property=\"product:availability\" content=\"out of stock\" \/>\n<meta property=\"product:retailer_item_id\" content=\"23115-1ES\" \/>\n<meta property=\"product:condition\" content=\"new\" \/>\n<!-- \/ Yoast SEO Premium plugin. -->","yoast_head_json":{"title":"Leche Solar Spray Aloe Vera LSF 30 para una hidrataci\u00f3n intensa","description":"Leche Solar Spray Aloe Vera LSF 30 con un 40% de aloe vera y extracto de pi\u00f1a ecol\u00f3gica protege la piel de los rayos UVA y UVB. No brilla, no blanquea","robots":{"index":"index","follow":"follow","max-snippet":"max-snippet:-1","max-image-preview":"max-image-preview:large","max-video-preview":"max-video-preview:-1"},"canonical":"https:\/\/www.lraloeverashop.eu\/es\/producto\/leche-solar-spray-aloe-vera-lsf-30\/","og_locale":"es_ES","og_type":"article","og_title":"Leche Solar Spray Aloe Vera LSF 30","og_description":"Leche Solar Spray Aloe Vera LSF 30 con un 40% de aloe vera y extracto de pi\u00f1a ecol\u00f3gica protege la piel de los rayos UVA y UVB. No brilla, no blanquea","og_url":"https:\/\/www.lraloeverashop.eu\/es\/producto\/leche-solar-spray-aloe-vera-lsf-30\/","og_site_name":"Lr Tienda Aloe Vera","article_publisher":"https:\/\/www.facebook.com\/lraloeverashop.eu","article_modified_time":"2026-02-09T03:38:45+00:00","og_image":[{"width":1200,"height":1200,"url":"https:\/\/www.lraloeverashop.eu\/wp-content\/uploads\/2022\/12\/Aloe-Vera-Sun-Spray.jpeg","type":"image\/jpeg"}],"twitter_card":"summary_large_image","twitter_site":"@natur__kosmetik","schema":{"@context":"https:\/\/schema.org","@graph":[{"@type":["WebPage","ItemPage"],"@id":"https:\/\/www.lraloeverashop.eu\/es\/producto\/leche-solar-spray-aloe-vera-lsf-30\/","url":"https:\/\/www.lraloeverashop.eu\/es\/producto\/leche-solar-spray-aloe-vera-lsf-30\/","name":"Leche Solar Spray Aloe Vera LSF 30 para una hidrataci\u00f3n intensa","isPartOf":{"@id":"https:\/\/www.lraloeverashop.eu\/es\/#website"},"primaryImageOfPage":{"@id":"https:\/\/www.lraloeverashop.eu\/es\/producto\/leche-solar-spray-aloe-vera-lsf-30\/#primaryimage"},"image":{"@id":"https:\/\/www.lraloeverashop.eu\/es\/producto\/leche-solar-spray-aloe-vera-lsf-30\/#primaryimage"},"thumbnailUrl":"https:\/\/www.lraloeverashop.eu\/wp-content\/uploads\/2022\/12\/Aloe-Vera-Sun-Spray.jpeg","datePublished":"2022-12-03T19:16:02+00:00","dateModified":"2026-02-09T03:38:45+00:00","description":"Leche Solar Spray Aloe Vera LSF 30 con un 40% de aloe vera y extracto de pi\u00f1a ecol\u00f3gica protege la piel de los rayos UVA y UVB. No brilla, no blanquea","breadcrumb":{"@id":"https:\/\/www.lraloeverashop.eu\/es\/producto\/leche-solar-spray-aloe-vera-lsf-30\/#breadcrumb"},"inLanguage":"es","potentialAction":[{"@type":"ReadAction","target":["https:\/\/www.lraloeverashop.eu\/es\/producto\/leche-solar-spray-aloe-vera-lsf-30\/"]}]},{"@type":"ImageObject","inLanguage":"es","@id":"https:\/\/www.lraloeverashop.eu\/es\/producto\/leche-solar-spray-aloe-vera-lsf-30\/#primaryimage","url":"https:\/\/www.lraloeverashop.eu\/wp-content\/uploads\/2022\/12\/Aloe-Vera-Sun-Spray.jpeg","contentUrl":"https:\/\/www.lraloeverashop.eu\/wp-content\/uploads\/2022\/12\/Aloe-Vera-Sun-Spray.jpeg","width":1200,"height":1200,"caption":"Aloe Vera Medium Protection Sun Milk Spray SPF 30"},{"@type":"BreadcrumbList","@id":"https:\/\/www.lraloeverashop.eu\/es\/producto\/leche-solar-spray-aloe-vera-lsf-30\/#breadcrumb","itemListElement":[{"@type":"ListItem","position":1,"name":"Home","item":"https:\/\/www.lraloeverashop.eu\/es\/"},{"@type":"ListItem","position":2,"name":"Tienda","item":"https:\/\/www.lraloeverashop.eu\/es\/tienda\/"},{"@type":"ListItem","position":3,"name":"Leche Solar Spray Aloe Vera LSF 30"}]},{"@type":"WebSite","@id":"https:\/\/www.lraloeverashop.eu\/es\/#website","url":"https:\/\/www.lraloeverashop.eu\/es\/","name":"Lr Tienda Aloe Vera","description":"High Quality Lr Aloe Vera Gel, Aloe Vera Cream and Shampoo","publisher":{"@id":"https:\/\/www.lraloeverashop.eu\/es\/#organization"},"potentialAction":[{"@type":"SearchAction","target":{"@type":"EntryPoint","urlTemplate":"https:\/\/www.lraloeverashop.eu\/es\/?s={search_term_string}"},"query-input":{"@type":"PropertyValueSpecification","valueRequired":true,"valueName":"search_term_string"}}],"inLanguage":"es"},{"@type":"Organization","@id":"https:\/\/www.lraloeverashop.eu\/es\/#organization","name":"Lr Tienda Aloe Vera","alternateName":"LR","url":"https:\/\/www.lraloeverashop.eu\/es\/","logo":{"@type":"ImageObject","inLanguage":"es","@id":"https:\/\/www.lraloeverashop.eu\/es\/#\/schema\/logo\/image\/","url":"https:\/\/www.lraloeverashop.eu\/wp-content\/uploads\/2022\/09\/cropped-Lr-Aloe-Vera-Shop.jpg","contentUrl":"https:\/\/www.lraloeverashop.eu\/wp-content\/uploads\/2022\/09\/cropped-Lr-Aloe-Vera-Shop.jpg","width":228,"height":76,"caption":"Lr Tienda Aloe Vera"},"image":{"@id":"https:\/\/www.lraloeverashop.eu\/es\/#\/schema\/logo\/image\/"},"sameAs":["https:\/\/www.facebook.com\/lraloeverashop.eu","https:\/\/x.com\/natur__kosmetik","https:\/\/www.youtube.com\/channel\/UC5oN7BJ8nfYb8RpVtjwDEBA","https:\/\/www.instagram.com\/lrbeautyeu\/"],"description":"La tienda Lr Aloe Vera es tu destino de confianza para productos premium de salud y belleza LR, fabricados en Alemania. Ofrecemos soluciones de alta calidad para el cuidado de la piel, nutrici\u00f3n y antienvejecimiento con Aloe Vera, elaboradas con ingredientes puros y respaldadas por investigaci\u00f3n cient\u00edfica. Descubre un cuidado natural que regenera, protege y revitaliza tu piel, y disfruta de ofertas mensuales exclusivas en nuestros productos LR Aloe Vera m\u00e1s vendidos.\n\nComienza hoy mismo tu camino hacia el cuidado natural de la piel y siente la diferencia.","email":"info@lraloeverashop.eu","telephone":"+49 17670609653","legalName":"Lr Aloe Vera Shop","foundingDate":"2018-04-21","numberOfEmployees":{"@type":"QuantitativeValue","minValue":"1","maxValue":"10"}}]},"product_price_amount":"25.69","product_price_currency":"EUR","og_availability":"out of stock","product_availability":"out of stock","product_retailer_item_id":"23115-1ES","product_condition":"new"},"taxonomy_info":{"product_cat":[{"value":217,"label":"Aloe Vera"},{"value":1011,"label":"Proteccion solar"}],"product_tag":[{"value":1018,"label":"protector solar"}]},"featured_image_src_large":["https:\/\/www.lraloeverashop.eu\/wp-content\/uploads\/2022\/12\/Aloe-Vera-Sun-Spray-1024x1024.jpeg",1024,1024,true],"author_info":[],"comment_info":0,"_links":{"self":[{"href":"https:\/\/www.lraloeverashop.eu\/es\/wp-json\/wp\/v2\/product\/8610","targetHints":{"allow":["GET"]}}],"collection":[{"href":"https:\/\/www.lraloeverashop.eu\/es\/wp-json\/wp\/v2\/product"}],"about":[{"href":"https:\/\/www.lraloeverashop.eu\/es\/wp-json\/wp\/v2\/types\/product"}],"replies":[{"embeddable":true,"href":"https:\/\/www.lraloeverashop.eu\/es\/wp-json\/wp\/v2\/comments?post=8610"}],"wp:featuredmedia":[{"embeddable":true,"href":"https:\/\/www.lraloeverashop.eu\/es\/wp-json\/wp\/v2\/media\/8437"}],"wp:attachment":[{"href":"https:\/\/www.lraloeverashop.eu\/es\/wp-json\/wp\/v2\/media?parent=8610"}],"wp:term":[{"taxonomy":"product_brand","embeddable":true,"href":"https:\/\/www.lraloeverashop.eu\/es\/wp-json\/wp\/v2\/product_brand?post=8610"},{"taxonomy":"product_cat","embeddable":true,"href":"https:\/\/www.lraloeverashop.eu\/es\/wp-json\/wp\/v2\/product_cat?post=8610"},{"taxonomy":"product_tag","embeddable":true,"href":"https:\/\/www.lraloeverashop.eu\/es\/wp-json\/wp\/v2\/product_tag?post=8610"}],"curies":[{"name":"wp","href":"https:\/\/api.w.org\/{rel}","templated":true}]}}