{"id":8574,"date":"2022-12-03T21:24:02","date_gmt":"2022-12-03T20:24:02","guid":{"rendered":"https:\/\/www.lraloeverashop.eu\/product\/suero-facial-de-vitamina-c\/"},"modified":"2026-02-09T04:38:13","modified_gmt":"2026-02-09T03:38:13","slug":"suero-facial-de-vitamina-c","status":"publish","type":"product","link":"https:\/\/www.lraloeverashop.eu\/es\/producto\/suero-facial-de-vitamina-c\/","title":{"rendered":"Suero facial de vitamina C"},"content":{"rendered":"<h2><span style=\"font-size: 16pt;\"><strong>Suero facial de vitamina C<\/strong><\/span><\/h2>\n<p><span style=\"font-size: 14pt;\"><strong>Suero Facial de Vitamina C con efecto iluminador para una piel de aspecto juvenil<\/strong><\/span><\/p>\n<p>\u00a1El suero de vitamina C es una verdadera bomba de vitaminas para una <a href=\"https:\/\/www.lraloeverashop.eu\/es\/producto\/serum-facial-lr-skin-balance\/\">piel suave<\/a> y tersa y una tez uniforme y radiante! El impulso de energ\u00eda perfecto para la piel estresada. \u00a1Simplemente aplique sobre la piel limpia por la noche antes de su cuidado de noche habitual y comience el d\u00eda con un brillo radiante!<\/p>\n<p>La vitamina C no solo es buena para el sistema inmunitario desde el interior, sino que tambi\u00e9n act\u00faa sobre la piel desde el exterior como un <a href=\"https:\/\/www.lraloeverashop.eu\/es\/producto\/suero-facial-blue-light-defender\/\">arma antienvejecimiento<\/a> de triple eficacia:<\/p>\n<p>1. Suero Facial de Vitamina C da a la piel un m\u00e1ximo impulso de frescura y ayuda a almacenar la humedad.<br \/>\n2. Reduce las manchas de pigmento y <a href=\"https:\/\/www.lraloeverashop.eu\/es\/producto\/serum-antiarrugas-serox\/\">asegura una tez uniforme<\/a>.<br \/>\n3. Estimula la formaci\u00f3n de col\u00e1geno y apoya la regeneraci\u00f3n de la piel, para una piel firme y suave.<\/p>\n<p>Con nuestra innovadora tecnolog\u00eda dorada conseguimos la m\u00e1xima estabilidad del principio activo. \u00a1Gracias a las part\u00edculas de oro m\u00e1s finas, todo el poder de la vitamina C se conserva hasta la \u00faltima gota de suero!<\/p>\n<p>&nbsp;<\/p>\n<h3><span style=\"font-size: 16pt;\"><strong>C\u00f3mo utilizar<\/strong><\/span><\/h3>\n<p>Aplicar Suero Facial sobre la piel limpia por la noche antes de su tratamiento de noche habitual.<\/p>\n","protected":false},"excerpt":{"rendered":"<ul>\n<li>Novedad: \u00a1bomba de vitaminas para la piel!<\/li>\n<li>\u00a1Para una piel suave y tersa y una tez uniforme y radiante!<\/li>\n<li>Impulso de energ\u00eda para pieles estresadas<\/li>\n<li>Reduce las manchas de pigmentaci\u00f3n.<\/li>\n<li>Estimula la formaci\u00f3n de col\u00e1geno.<\/li>\n<li>Apoya la regeneraci\u00f3n de la piel.<\/li>\n<li>Contenido: 30 ml<\/li>\n<\/ul>\n<p><span style=\"color: #ff0000;\"><a style=\"color: #ff0000;\" href=\"https:\/\/shop.lrworld.com\/openpao?PHP=0vFlt7jT938BEnBI3a6e9w%3D%3D\"><span style=\"font-size: 14pt;\"><strong>Reg\u00edstrate aqu\u00ed y ahorra 35% en cada compra<\/strong><\/span><\/a><\/span><\/p>\n","protected":false},"featured_media":8486,"comment_status":"open","ping_status":"closed","template":"","meta":{"_kad_blocks_custom_css":"","_kad_blocks_head_custom_js":"","_kad_blocks_body_custom_js":"","_kad_blocks_footer_custom_js":"","_kadence_starter_templates_imported_post":false,"_kad_post_transparent":"default","_kad_post_title":"","_kad_post_layout":"default","_kad_post_sidebar_id":"","_kad_post_content_style":"default","_kad_post_vertical_padding":"default","_kad_post_feature":"","_kad_post_feature_position":"","_kad_post_header":false,"_kad_post_footer":false,"_kad_post_classname":""},"product_brand":[],"product_cat":[271,277,289,283,332,397],"product_tag":[],"class_list":{"0":"post-8574","1":"product","2":"type-product","3":"status-publish","4":"has-post-thumbnail","6":"product_cat-cuidado-antiedad","7":"product_cat-hombres-a-partir-de-25-anos","8":"product_cat-mujeres-hasta-40","9":"product_cat-mujeres-mayores-de-40","10":"product_cat-productos-antiedad","11":"product_cat-zeitgard-es","13":"first","14":"instock","15":"taxable","16":"shipping-taxable","17":"purchasable","18":"product-type-simple","19":"entry","20":"content-bg","21":"loop-entry"},"yoast_head":"<!-- This site is optimized with the Yoast SEO Premium plugin v27.3 (Yoast SEO v27.3) - https:\/\/yoast.com\/product\/yoast-seo-premium-wordpress\/ -->\n<title>Suero Facial de Vitamina C para una piel de aspecto juvenil<\/title>\n<meta name=\"description\" content=\"Suero Facial de Vitamina C para una piel suave y tersa y una tez uniforme y radiante. Reduce las manchas de pigmentaci\u00f3n. Estimula la formaci\u00f3n de col\u00e1geno.\" \/>\n<meta name=\"robots\" content=\"index, follow, max-snippet:-1, max-image-preview:large, max-video-preview:-1\" \/>\n<link rel=\"canonical\" href=\"https:\/\/www.lraloeverashop.eu\/es\/producto\/suero-facial-de-vitamina-c\/\" \/>\n<meta property=\"og:locale\" content=\"es_ES\" \/>\n<meta property=\"og:type\" content=\"article\" \/>\n<meta property=\"og:title\" content=\"Suero facial de vitamina C\" \/>\n<meta property=\"og:description\" content=\"Suero Facial de Vitamina C para una piel suave y tersa y una tez uniforme y radiante. Reduce las manchas de pigmentaci\u00f3n. Estimula la formaci\u00f3n de col\u00e1geno.\" \/>\n<meta property=\"og:url\" content=\"https:\/\/www.lraloeverashop.eu\/es\/producto\/suero-facial-de-vitamina-c\/\" \/>\n<meta property=\"og:site_name\" content=\"Lr Tienda Aloe Vera\" \/>\n<meta property=\"article:publisher\" content=\"https:\/\/www.facebook.com\/lraloeverashop.eu\" \/>\n<meta property=\"article:modified_time\" content=\"2026-02-09T03:38:13+00:00\" \/>\n<meta property=\"og:image\" content=\"https:\/\/www.lraloeverashop.eu\/wp-content\/uploads\/2022\/12\/Vitamin-C-Face-Serum.jpg\" \/>\n\t<meta property=\"og:image:width\" content=\"1200\" \/>\n\t<meta property=\"og:image:height\" content=\"1200\" \/>\n\t<meta property=\"og:image:type\" content=\"image\/jpeg\" \/>\n<meta name=\"twitter:card\" content=\"summary_large_image\" \/>\n<meta name=\"twitter:site\" content=\"@natur__kosmetik\" \/>\n<script type=\"application\/ld+json\" class=\"yoast-schema-graph\">{\"@context\":\"https:\\\/\\\/schema.org\",\"@graph\":[{\"@type\":[\"WebPage\",\"ItemPage\"],\"@id\":\"https:\\\/\\\/www.lraloeverashop.eu\\\/es\\\/producto\\\/suero-facial-de-vitamina-c\\\/\",\"url\":\"https:\\\/\\\/www.lraloeverashop.eu\\\/es\\\/producto\\\/suero-facial-de-vitamina-c\\\/\",\"name\":\"Suero Facial de Vitamina C para una piel de aspecto juvenil\",\"isPartOf\":{\"@id\":\"https:\\\/\\\/www.lraloeverashop.eu\\\/es\\\/#website\"},\"primaryImageOfPage\":{\"@id\":\"https:\\\/\\\/www.lraloeverashop.eu\\\/es\\\/producto\\\/suero-facial-de-vitamina-c\\\/#primaryimage\"},\"image\":{\"@id\":\"https:\\\/\\\/www.lraloeverashop.eu\\\/es\\\/producto\\\/suero-facial-de-vitamina-c\\\/#primaryimage\"},\"thumbnailUrl\":\"https:\\\/\\\/www.lraloeverashop.eu\\\/wp-content\\\/uploads\\\/2022\\\/12\\\/Vitamin-C-Face-Serum.jpg\",\"datePublished\":\"2022-12-03T20:24:02+00:00\",\"dateModified\":\"2026-02-09T03:38:13+00:00\",\"description\":\"Suero Facial de Vitamina C para una piel suave y tersa y una tez uniforme y radiante. Reduce las manchas de pigmentaci\u00f3n. Estimula la formaci\u00f3n de col\u00e1geno.\",\"breadcrumb\":{\"@id\":\"https:\\\/\\\/www.lraloeverashop.eu\\\/es\\\/producto\\\/suero-facial-de-vitamina-c\\\/#breadcrumb\"},\"inLanguage\":\"es\",\"potentialAction\":[{\"@type\":\"ReadAction\",\"target\":[\"https:\\\/\\\/www.lraloeverashop.eu\\\/es\\\/producto\\\/suero-facial-de-vitamina-c\\\/\"]}]},{\"@type\":\"ImageObject\",\"inLanguage\":\"es\",\"@id\":\"https:\\\/\\\/www.lraloeverashop.eu\\\/es\\\/producto\\\/suero-facial-de-vitamina-c\\\/#primaryimage\",\"url\":\"https:\\\/\\\/www.lraloeverashop.eu\\\/wp-content\\\/uploads\\\/2022\\\/12\\\/Vitamin-C-Face-Serum.jpg\",\"contentUrl\":\"https:\\\/\\\/www.lraloeverashop.eu\\\/wp-content\\\/uploads\\\/2022\\\/12\\\/Vitamin-C-Face-Serum.jpg\",\"width\":1200,\"height\":1200,\"caption\":\"Suero Facial de Vitamina C con efecto iluminador\"},{\"@type\":\"BreadcrumbList\",\"@id\":\"https:\\\/\\\/www.lraloeverashop.eu\\\/es\\\/producto\\\/suero-facial-de-vitamina-c\\\/#breadcrumb\",\"itemListElement\":[{\"@type\":\"ListItem\",\"position\":1,\"name\":\"Home\",\"item\":\"https:\\\/\\\/www.lraloeverashop.eu\\\/es\\\/\"},{\"@type\":\"ListItem\",\"position\":2,\"name\":\"Tienda\",\"item\":\"https:\\\/\\\/www.lraloeverashop.eu\\\/es\\\/tienda\\\/\"},{\"@type\":\"ListItem\",\"position\":3,\"name\":\"Suero facial de vitamina C\"}]},{\"@type\":\"WebSite\",\"@id\":\"https:\\\/\\\/www.lraloeverashop.eu\\\/es\\\/#website\",\"url\":\"https:\\\/\\\/www.lraloeverashop.eu\\\/es\\\/\",\"name\":\"Lr Tienda Aloe Vera\",\"description\":\"High Quality Lr Aloe Vera Gel, Aloe Vera Cream and Shampoo\",\"publisher\":{\"@id\":\"https:\\\/\\\/www.lraloeverashop.eu\\\/es\\\/#organization\"},\"potentialAction\":[{\"@type\":\"SearchAction\",\"target\":{\"@type\":\"EntryPoint\",\"urlTemplate\":\"https:\\\/\\\/www.lraloeverashop.eu\\\/es\\\/?s={search_term_string}\"},\"query-input\":{\"@type\":\"PropertyValueSpecification\",\"valueRequired\":true,\"valueName\":\"search_term_string\"}}],\"inLanguage\":\"es\"},{\"@type\":\"Organization\",\"@id\":\"https:\\\/\\\/www.lraloeverashop.eu\\\/es\\\/#organization\",\"name\":\"Lr Tienda Aloe Vera\",\"alternateName\":\"LR\",\"url\":\"https:\\\/\\\/www.lraloeverashop.eu\\\/es\\\/\",\"logo\":{\"@type\":\"ImageObject\",\"inLanguage\":\"es\",\"@id\":\"https:\\\/\\\/www.lraloeverashop.eu\\\/es\\\/#\\\/schema\\\/logo\\\/image\\\/\",\"url\":\"https:\\\/\\\/www.lraloeverashop.eu\\\/wp-content\\\/uploads\\\/2022\\\/09\\\/cropped-Lr-Aloe-Vera-Shop.jpg\",\"contentUrl\":\"https:\\\/\\\/www.lraloeverashop.eu\\\/wp-content\\\/uploads\\\/2022\\\/09\\\/cropped-Lr-Aloe-Vera-Shop.jpg\",\"width\":228,\"height\":76,\"caption\":\"Lr Tienda Aloe Vera\"},\"image\":{\"@id\":\"https:\\\/\\\/www.lraloeverashop.eu\\\/es\\\/#\\\/schema\\\/logo\\\/image\\\/\"},\"sameAs\":[\"https:\\\/\\\/www.facebook.com\\\/lraloeverashop.eu\",\"https:\\\/\\\/x.com\\\/natur__kosmetik\",\"https:\\\/\\\/www.youtube.com\\\/channel\\\/UC5oN7BJ8nfYb8RpVtjwDEBA\",\"https:\\\/\\\/www.instagram.com\\\/lrbeautyeu\\\/\"]}]}<\/script>\n<meta property=\"product:price:amount\" content=\"48.59\" \/>\n<meta property=\"product:price:currency\" content=\"EUR\" \/>\n<meta property=\"og:availability\" content=\"instock\" \/>\n<meta property=\"product:availability\" content=\"instock\" \/>\n<meta property=\"product:retailer_item_id\" content=\"28191-1ES\" \/>\n<meta property=\"product:condition\" content=\"new\" \/>\n<!-- \/ Yoast SEO Premium plugin. -->","yoast_head_json":{"title":"Suero Facial de Vitamina C para una piel de aspecto juvenil","description":"Suero Facial de Vitamina C para una piel suave y tersa y una tez uniforme y radiante. Reduce las manchas de pigmentaci\u00f3n. Estimula la formaci\u00f3n de col\u00e1geno.","robots":{"index":"index","follow":"follow","max-snippet":"max-snippet:-1","max-image-preview":"max-image-preview:large","max-video-preview":"max-video-preview:-1"},"canonical":"https:\/\/www.lraloeverashop.eu\/es\/producto\/suero-facial-de-vitamina-c\/","og_locale":"es_ES","og_type":"article","og_title":"Suero facial de vitamina C","og_description":"Suero Facial de Vitamina C para una piel suave y tersa y una tez uniforme y radiante. Reduce las manchas de pigmentaci\u00f3n. Estimula la formaci\u00f3n de col\u00e1geno.","og_url":"https:\/\/www.lraloeverashop.eu\/es\/producto\/suero-facial-de-vitamina-c\/","og_site_name":"Lr Tienda Aloe Vera","article_publisher":"https:\/\/www.facebook.com\/lraloeverashop.eu","article_modified_time":"2026-02-09T03:38:13+00:00","og_image":[{"width":1200,"height":1200,"url":"https:\/\/www.lraloeverashop.eu\/wp-content\/uploads\/2022\/12\/Vitamin-C-Face-Serum.jpg","type":"image\/jpeg"}],"twitter_card":"summary_large_image","twitter_site":"@natur__kosmetik","schema":{"@context":"https:\/\/schema.org","@graph":[{"@type":["WebPage","ItemPage"],"@id":"https:\/\/www.lraloeverashop.eu\/es\/producto\/suero-facial-de-vitamina-c\/","url":"https:\/\/www.lraloeverashop.eu\/es\/producto\/suero-facial-de-vitamina-c\/","name":"Suero Facial de Vitamina C para una piel de aspecto juvenil","isPartOf":{"@id":"https:\/\/www.lraloeverashop.eu\/es\/#website"},"primaryImageOfPage":{"@id":"https:\/\/www.lraloeverashop.eu\/es\/producto\/suero-facial-de-vitamina-c\/#primaryimage"},"image":{"@id":"https:\/\/www.lraloeverashop.eu\/es\/producto\/suero-facial-de-vitamina-c\/#primaryimage"},"thumbnailUrl":"https:\/\/www.lraloeverashop.eu\/wp-content\/uploads\/2022\/12\/Vitamin-C-Face-Serum.jpg","datePublished":"2022-12-03T20:24:02+00:00","dateModified":"2026-02-09T03:38:13+00:00","description":"Suero Facial de Vitamina C para una piel suave y tersa y una tez uniforme y radiante. Reduce las manchas de pigmentaci\u00f3n. Estimula la formaci\u00f3n de col\u00e1geno.","breadcrumb":{"@id":"https:\/\/www.lraloeverashop.eu\/es\/producto\/suero-facial-de-vitamina-c\/#breadcrumb"},"inLanguage":"es","potentialAction":[{"@type":"ReadAction","target":["https:\/\/www.lraloeverashop.eu\/es\/producto\/suero-facial-de-vitamina-c\/"]}]},{"@type":"ImageObject","inLanguage":"es","@id":"https:\/\/www.lraloeverashop.eu\/es\/producto\/suero-facial-de-vitamina-c\/#primaryimage","url":"https:\/\/www.lraloeverashop.eu\/wp-content\/uploads\/2022\/12\/Vitamin-C-Face-Serum.jpg","contentUrl":"https:\/\/www.lraloeverashop.eu\/wp-content\/uploads\/2022\/12\/Vitamin-C-Face-Serum.jpg","width":1200,"height":1200,"caption":"Suero Facial de Vitamina C con efecto iluminador"},{"@type":"BreadcrumbList","@id":"https:\/\/www.lraloeverashop.eu\/es\/producto\/suero-facial-de-vitamina-c\/#breadcrumb","itemListElement":[{"@type":"ListItem","position":1,"name":"Home","item":"https:\/\/www.lraloeverashop.eu\/es\/"},{"@type":"ListItem","position":2,"name":"Tienda","item":"https:\/\/www.lraloeverashop.eu\/es\/tienda\/"},{"@type":"ListItem","position":3,"name":"Suero facial de vitamina C"}]},{"@type":"WebSite","@id":"https:\/\/www.lraloeverashop.eu\/es\/#website","url":"https:\/\/www.lraloeverashop.eu\/es\/","name":"Lr Tienda Aloe Vera","description":"High Quality Lr Aloe Vera Gel, Aloe Vera Cream and Shampoo","publisher":{"@id":"https:\/\/www.lraloeverashop.eu\/es\/#organization"},"potentialAction":[{"@type":"SearchAction","target":{"@type":"EntryPoint","urlTemplate":"https:\/\/www.lraloeverashop.eu\/es\/?s={search_term_string}"},"query-input":{"@type":"PropertyValueSpecification","valueRequired":true,"valueName":"search_term_string"}}],"inLanguage":"es"},{"@type":"Organization","@id":"https:\/\/www.lraloeverashop.eu\/es\/#organization","name":"Lr Tienda Aloe Vera","alternateName":"LR","url":"https:\/\/www.lraloeverashop.eu\/es\/","logo":{"@type":"ImageObject","inLanguage":"es","@id":"https:\/\/www.lraloeverashop.eu\/es\/#\/schema\/logo\/image\/","url":"https:\/\/www.lraloeverashop.eu\/wp-content\/uploads\/2022\/09\/cropped-Lr-Aloe-Vera-Shop.jpg","contentUrl":"https:\/\/www.lraloeverashop.eu\/wp-content\/uploads\/2022\/09\/cropped-Lr-Aloe-Vera-Shop.jpg","width":228,"height":76,"caption":"Lr Tienda Aloe Vera"},"image":{"@id":"https:\/\/www.lraloeverashop.eu\/es\/#\/schema\/logo\/image\/"},"sameAs":["https:\/\/www.facebook.com\/lraloeverashop.eu","https:\/\/x.com\/natur__kosmetik","https:\/\/www.youtube.com\/channel\/UC5oN7BJ8nfYb8RpVtjwDEBA","https:\/\/www.instagram.com\/lrbeautyeu\/"]}]},"product_price_amount":"48.59","product_price_currency":"EUR","og_availability":"instock","product_availability":"instock","product_retailer_item_id":"28191-1ES","product_condition":"new"},"taxonomy_info":{"product_cat":[{"value":271,"label":"Cuidado antiedad"},{"value":277,"label":"Hombres a partir de 25 a\u00f1os"},{"value":289,"label":"Mujeres hasta 40"},{"value":283,"label":"Mujeres mayores de 40"},{"value":332,"label":"Productos Antiedad"},{"value":397,"label":"Zeitgard"}]},"featured_image_src_large":["https:\/\/www.lraloeverashop.eu\/wp-content\/uploads\/2022\/12\/Vitamin-C-Face-Serum-1024x1024.jpg",1024,1024,true],"author_info":[],"comment_info":0,"_links":{"self":[{"href":"https:\/\/www.lraloeverashop.eu\/es\/wp-json\/wp\/v2\/product\/8574","targetHints":{"allow":["GET"]}}],"collection":[{"href":"https:\/\/www.lraloeverashop.eu\/es\/wp-json\/wp\/v2\/product"}],"about":[{"href":"https:\/\/www.lraloeverashop.eu\/es\/wp-json\/wp\/v2\/types\/product"}],"replies":[{"embeddable":true,"href":"https:\/\/www.lraloeverashop.eu\/es\/wp-json\/wp\/v2\/comments?post=8574"}],"wp:featuredmedia":[{"embeddable":true,"href":"https:\/\/www.lraloeverashop.eu\/es\/wp-json\/wp\/v2\/media\/8486"}],"wp:attachment":[{"href":"https:\/\/www.lraloeverashop.eu\/es\/wp-json\/wp\/v2\/media?parent=8574"}],"wp:term":[{"taxonomy":"product_brand","embeddable":true,"href":"https:\/\/www.lraloeverashop.eu\/es\/wp-json\/wp\/v2\/product_brand?post=8574"},{"taxonomy":"product_cat","embeddable":true,"href":"https:\/\/www.lraloeverashop.eu\/es\/wp-json\/wp\/v2\/product_cat?post=8574"},{"taxonomy":"product_tag","embeddable":true,"href":"https:\/\/www.lraloeverashop.eu\/es\/wp-json\/wp\/v2\/product_tag?post=8574"}],"curies":[{"name":"wp","href":"https:\/\/api.w.org\/{rel}","templated":true}]}}