{"id":29673,"date":"2026-01-06T10:15:35","date_gmt":"2026-01-06T09:15:35","guid":{"rendered":"https:\/\/www.lraloeverashop.eu\/product\/bebida-aloe-vera-acai-pro\/"},"modified":"2026-02-09T04:22:37","modified_gmt":"2026-02-09T03:22:37","slug":"bebida-aloe-vera-acai-pro","status":"publish","type":"product","link":"https:\/\/www.lraloeverashop.eu\/es\/producto\/bebida-aloe-vera-acai-pro\/","title":{"rendered":"Bebida Aloe Vera Acai Pro"},"content":{"rendered":"<h2><span style=\"font-size: 16pt;\"><strong>Bebida Aloe Vera Acai Pro<\/strong><\/span><\/h2>\n<p><span style=\"font-size: 14pt;\"><strong>Bebida Aloe Vera Acai Pro &#8211; Triple apoyo desde el interior<\/strong><\/span><\/p>\n<p>Aporta un apoyo extra a tu rutina de verano con Bebida Aloe Vera Acai Pro, un refrescante gel de aloe vera para beber dise\u00f1ado para ayudar al cuerpo a mantenerse equilibrado, con energ\u00eda y protegido durante los meses m\u00e1s c\u00e1lidos. Desarrollado cuidadosamente por LR Health &amp; Beauty, este complemento alimenticio premium de aloe vera combina aloe vera de alta calidad con la fuerza natural de las bayas de a\u00e7a\u00ed y frutas seleccionadas.<\/p>\n<p>En el centro de esta f\u00f3rmula se encuentra un 85 % de gel de hoja de aloe vera, combinado con a\u00e7a\u00ed, grosellas, frutos del bosque y miel, ofreciendo un sabor naturalmente afrutado y agradable para el consumo diario. El a\u00e7a\u00ed es ampliamente reconocido como un superalimento, gracias a su alto contenido natural de antioxidantes, adem\u00e1s de vitaminas y minerales que <strong><a href=\"https:\/\/www.lraloeverashop.eu\/es\/producto\/mind-master-bebida-de-rendimiento\/\">apoyan el bienestar general<\/a><\/strong>.<\/p>\n<p>&nbsp;<\/p>\n<h3><span style=\"font-size: 16pt;\"><strong>Triple apoyo veraniego desde el interior<\/strong><\/span><\/h3>\n<p>Esta Bebida Aloe Vera Acai Pro est\u00e1 dise\u00f1ada para actuar en tres \u00e1reas clave del bienestar durante el verano:<\/p>\n<ul>\n<li><strong>Equilibrio electrol\u00edtico y metabolismo:<\/strong> Con magnesio, vitamina C y zinc, la f\u00f3rmula ayuda a mantener el equilibrio electrol\u00edtico y contribuye al metabolismo energ\u00e9tico normal\u00b9, especialmente \u00fatil en climas c\u00e1lidos o durante una mayor actividad f\u00edsica.<\/li>\n<li><strong>Soporte para la piel:<\/strong> El cobre y el zinc contribuyen a la protecci\u00f3n de las c\u00e9lulas frente al estr\u00e9s oxidativo, ayudan a mantener una piel normal y favorecen la <strong><a href=\"https:\/\/www.lraloeverashop.eu\/es\/producto\/elixir-de-belleza-lr\/\">pigmentaci\u00f3n natural de la piel<\/a><\/strong>\u00b2.<\/li>\n<li><strong>Defensas inmunitarias:<\/strong> El zinc, la vitamina C y el cobre contribuyen al funcionamiento normal del sistema inmunol\u00f3gico\u00b3, ayudando al organismo a mantenerse protegido durante toda la temporada.<\/li>\n<\/ul>\n<p>&nbsp;<\/p>\n<h3><span style=\"font-size: 16pt;\"><strong>Calidad premium en la que puedes confiar<\/strong><\/span><\/h3>\n<p>Todos los geles de aloe vera para beber de LR se fabrican en Alemania y se someten a pruebas independientes. Bebida Aloe Vera Acai Pro est\u00e1 certificada por <strong><a href=\"https:\/\/sgs-institut-fresenius.de\/\">SGS Institut Fresenius<\/a><\/strong> y el International Aloe Science Council (IASC), lo que confirma la alta calidad del gel de hoja de aloe vera, el procesamiento suave y el cultivo sostenible en M\u00e9xico.<\/p>\n<p>La f\u00f3rmula es sin alo\u00edna, utilizando \u00fanicamente gel interno de hoja de aloe vera cuidadosamente procesado.<\/p>\n<p>&nbsp;<\/p>\n<h3><span style=\"font-size: 16pt;\"><strong>F\u00e1cil de usar, agradable de beber<a href=\"https:\/\/www.lraloeverashop.eu\/wp-content\/uploads\/2026\/01\/acai-pro-200x300.jpg\"><img loading=\"lazy\" decoding=\"async\" class=\"alignright wp-image-29591\" src=\"https:\/\/www.lraloeverashop.eu\/wp-content\/uploads\/2026\/01\/acai-pro-200x300.jpg\" alt=\"Aloe Vera Drink Gel Acai Pro with magnesium, vitamin C and zinc\" width=\"300\" height=\"450\" srcset=\"https:\/\/www.lraloeverashop.eu\/wp-content\/uploads\/2026\/01\/acai-pro-200x300.jpg 200w, https:\/\/www.lraloeverashop.eu\/wp-content\/uploads\/2026\/01\/acai-pro-600x901.jpg 600w, https:\/\/www.lraloeverashop.eu\/wp-content\/uploads\/2026\/01\/acai-pro.jpg 682w\" sizes=\"auto, (max-width: 300px) 100vw, 300px\" \/><\/a><\/strong><\/span><\/h3>\n<p>La dosis recomendada es de 30 ml, tres veces al d\u00eda. Agitar bien antes de usar. Despu\u00e9s de abrir, conservar en el frigor\u00edfico y consumir en un corto periodo de tiempo. Su sabor ligero y afrutado hace que sea f\u00e1cil de integrar en la rutina diaria, solo o mezclado con agua o zumo.<\/p>\n<p>Al tratarse de un producto natural, el color del gel de aloe vera puede variar con el tiempo. Esto es completamente normal y no afecta a la calidad ni a la eficacia.<\/p>\n<p>Bebida Aloe Vera Acai Pro es ideal para quienes buscan una <strong><a href=\"https:\/\/www.lraloeverashop.eu\/es\/producto\/aloe-vera-gel-bebible-acai-pro\/\">Gel Aloe Vera<\/a><\/strong> de alta calidad, que combine apoyo para la piel, el sistema inmunol\u00f3gico y la hidrataci\u00f3n en un solo complemento diario pr\u00e1ctico.<\/p>\n<p>1. La vitamina C contribuye al metabolismo energ\u00e9tico normal; el zinc contribuye al metabolismo normal de la vitamina A; el magnesio contribuye al equilibrio electrol\u00edtico.<br \/>\n2. El cobre y el zinc contribuyen a la protecci\u00f3n de las c\u00e9lulas frente al estr\u00e9s oxidativo; el zinc contribuye al mantenimiento de una piel normal; el cobre contribuye a la pigmentaci\u00f3n normal de la piel.<br \/>\n3. El zinc, <strong><a href=\"https:\/\/www.lraloeverashop.eu\/es\/producto\/vita-active-frutos-rojos\/\">la vitamina C<\/a><\/strong> y el cobre contribuyen al funcionamiento normal del sistema inmunol\u00f3gico.<\/p>\n<p>&nbsp;<\/p>\n<h2><span style=\"font-size: 16pt;\"><strong>Preguntas frecuentes<\/strong><\/span><\/h2>\n<h3><span style=\"font-size: 14pt;\"><strong>\u00bfPara qu\u00e9 se utiliza la Bebida Aloe Vera Acai Pro?<\/strong><\/span><\/h3>\n<p>La Bebida Aloe Vera Acai Pro est\u00e1 dise\u00f1ada para apoyar al organismo durante el verano, ayudando a mantener el equilibrio electrol\u00edtico, apoyando la piel normal y la pigmentaci\u00f3n natural, y contribuyendo al funcionamiento del sistema inmunol\u00f3gico.<\/p>\n<h3><span style=\"font-size: 14pt;\"><strong>\u00bfC\u00f3mo tomar la Bebida Aloe Vera Acai Pro?<\/strong><\/span><\/h3>\n<p>La dosis recomendada es de 30 ml tres veces al d\u00eda. Agitar antes de usar. Una vez abierta, conservar en el frigor\u00edfico y consumir en un corto periodo de tiempo.<\/p>\n<h3><span style=\"font-size: 14pt;\"><strong>\u00bfEs adecuada para el uso diario?<\/strong><\/span><\/h3>\n<p>S\u00ed, puede utilizarse diariamente como parte de un estilo de vida equilibrado. No se debe superar la dosis diaria recomendada y no sustituye una dieta variada y equilibrada.<\/p>\n<h3><span style=\"font-size: 14pt;\"><strong>\u00bfEsta bebida de aloe vera contiene alo\u00edna?<\/strong><\/span><\/h3>\n<p>No. Los geles de aloe vera para beber de LR est\u00e1n elaborados a partir de gel puro de hoja de aloe vera y son sin alo\u00edna, utilizando \u00fanicamente el gel interno cuidadosamente procesado.<\/p>\n<h3><span style=\"font-size: 14pt;\"><strong>\u00bfPor qu\u00e9 a veces cambia el color del gel?<\/strong><\/span><\/h3>\n<p>Es un producto natural. Los cambios de color pueden producirse con el tiempo y no afectan a la calidad, seguridad ni eficacia del gel de aloe vera para beber.<\/p>\n","protected":false},"excerpt":{"rendered":"<ul>\n<li>Bebida Aloe Vera Acai Pro con 85% de gel de aloe vera y bayas de a\u00e7a\u00ed.<\/li>\n<li>Favorece el equilibrio electrol\u00edtico, la salud de la piel y la funci\u00f3n inmunitaria.<\/li>\n<li>Con vitamina C, zinc, magnesio y cobre para un apoyo diario a la salud.<\/li>\n<li>Hecho en Alemania y con certificaci\u00f3n de calidad y pureza.<\/li>\n<li>Cantidad: 3 \u00d7 1000 ml<\/li>\n<\/ul>\n<p style=\"text-align: left;\"><span style=\"color: #ff0000;\"><a style=\"color: #ff0000;\" href=\"https:\/\/shop.lrworld.com\/openpao?PHP=0vFlt7jT938BEnBI3a6e9w%3D%3D\"><span style=\"font-size: 14pt;\"><strong>Reg\u00edstrate aqu\u00ed y ahorra 35% en cada compra<\/strong><\/span><\/a><\/span><\/p>\n","protected":false},"featured_media":14756,"comment_status":"open","ping_status":"closed","template":"","meta":{"_kad_blocks_custom_css":"","_kad_blocks_head_custom_js":"","_kad_blocks_body_custom_js":"","_kad_blocks_footer_custom_js":"","_kadence_starter_templates_imported_post":false,"_kad_post_transparent":"default","_kad_post_title":"","_kad_post_layout":"default","_kad_post_sidebar_id":"","_kad_post_content_style":"default","_kad_post_vertical_padding":"default","_kad_post_feature":"","_kad_post_feature_position":"","_kad_post_header":false,"_kad_post_footer":false,"_kad_post_classname":""},"product_brand":[],"product_cat":[403,469,296,421,439],"product_tag":[632],"class_list":{"0":"post-29673","1":"product","2":"type-product","3":"status-publish","4":"has-post-thumbnail","6":"product_cat-base-es","7":"product_cat-especialistas","8":"product_cat-geles-para-beber","9":"product_cat-huesos-articulaciones-y-musculos","10":"product_cat-intestinos-y-digestion","11":"product_tag-bebidas-de-desintoxicacion","13":"first","14":"instock","15":"taxable","16":"shipping-taxable","17":"purchasable","18":"product-type-simple","19":"entry","20":"content-bg","21":"loop-entry"},"yoast_head":"<!-- This site is optimized with the Yoast SEO Premium plugin v27.4 (Yoast SEO v27.4) - https:\/\/yoast.com\/product\/yoast-seo-premium-wordpress\/ -->\n<title>Bebida Aloe Vera Acai Pro \u2013 Apoyo para piel e inmunidad<\/title>\n<meta name=\"description\" content=\"Bebida Aloe Vera Acai Pro con 85% aloe y a\u00e7a\u00ed. Apoya electrolitos, piel e inmunidad. Calidad premium alemana y f\u00f3rmula sin alo\u00edna.\" \/>\n<meta name=\"robots\" content=\"index, follow, max-snippet:-1, max-image-preview:large, max-video-preview:-1\" \/>\n<link rel=\"canonical\" href=\"https:\/\/www.lraloeverashop.eu\/es\/producto\/bebida-aloe-vera-acai-pro\/\" \/>\n<meta property=\"og:locale\" content=\"es_ES\" \/>\n<meta property=\"og:type\" content=\"article\" \/>\n<meta property=\"og:title\" content=\"Bebida Aloe Vera Acai Pro\" \/>\n<meta property=\"og:description\" content=\"Bebida Aloe Vera Acai Pro con 85% aloe y a\u00e7a\u00ed. Apoya electrolitos, piel e inmunidad. Calidad premium alemana y f\u00f3rmula sin alo\u00edna.\" \/>\n<meta property=\"og:url\" content=\"https:\/\/www.lraloeverashop.eu\/es\/producto\/bebida-aloe-vera-acai-pro\/\" \/>\n<meta property=\"og:site_name\" content=\"Lr Tienda Aloe Vera\" \/>\n<meta property=\"article:publisher\" content=\"https:\/\/www.facebook.com\/lraloeverashop.eu\" \/>\n<meta property=\"article:modified_time\" content=\"2026-02-09T03:22:37+00:00\" \/>\n<meta property=\"og:image\" content=\"https:\/\/www.lraloeverashop.eu\/wp-content\/uploads\/2024\/04\/Aloe-Vera-Drink-Acai-3-Pieces-Set.jpeg\" \/>\n\t<meta property=\"og:image:width\" content=\"1200\" \/>\n\t<meta property=\"og:image:height\" content=\"1200\" \/>\n\t<meta property=\"og:image:type\" content=\"image\/jpeg\" \/>\n<meta name=\"twitter:card\" content=\"summary_large_image\" \/>\n<meta name=\"twitter:site\" content=\"@natur__kosmetik\" \/>\n<script type=\"application\/ld+json\" class=\"yoast-schema-graph\">{\"@context\":\"https:\\\/\\\/schema.org\",\"@graph\":[{\"@type\":[\"WebPage\",\"ItemPage\"],\"@id\":\"https:\\\/\\\/www.lraloeverashop.eu\\\/es\\\/producto\\\/bebida-aloe-vera-acai-pro\\\/\",\"url\":\"https:\\\/\\\/www.lraloeverashop.eu\\\/es\\\/producto\\\/bebida-aloe-vera-acai-pro\\\/\",\"name\":\"Bebida Aloe Vera Acai Pro \u2013 Apoyo para piel e inmunidad\",\"isPartOf\":{\"@id\":\"https:\\\/\\\/www.lraloeverashop.eu\\\/es\\\/#website\"},\"primaryImageOfPage\":{\"@id\":\"https:\\\/\\\/www.lraloeverashop.eu\\\/es\\\/producto\\\/bebida-aloe-vera-acai-pro\\\/#primaryimage\"},\"image\":{\"@id\":\"https:\\\/\\\/www.lraloeverashop.eu\\\/es\\\/producto\\\/bebida-aloe-vera-acai-pro\\\/#primaryimage\"},\"thumbnailUrl\":\"https:\\\/\\\/www.lraloeverashop.eu\\\/wp-content\\\/uploads\\\/2024\\\/04\\\/Aloe-Vera-Drink-Acai-3-Pieces-Set.jpeg\",\"datePublished\":\"2026-01-06T09:15:35+00:00\",\"dateModified\":\"2026-02-09T03:22:37+00:00\",\"description\":\"Bebida Aloe Vera Acai Pro con 85% aloe y a\u00e7a\u00ed. Apoya electrolitos, piel e inmunidad. Calidad premium alemana y f\u00f3rmula sin alo\u00edna.\",\"breadcrumb\":{\"@id\":\"https:\\\/\\\/www.lraloeverashop.eu\\\/es\\\/producto\\\/bebida-aloe-vera-acai-pro\\\/#breadcrumb\"},\"inLanguage\":\"es\",\"potentialAction\":[{\"@type\":\"ReadAction\",\"target\":[\"https:\\\/\\\/www.lraloeverashop.eu\\\/es\\\/producto\\\/bebida-aloe-vera-acai-pro\\\/\"]}]},{\"@type\":\"ImageObject\",\"inLanguage\":\"es\",\"@id\":\"https:\\\/\\\/www.lraloeverashop.eu\\\/es\\\/producto\\\/bebida-aloe-vera-acai-pro\\\/#primaryimage\",\"url\":\"https:\\\/\\\/www.lraloeverashop.eu\\\/wp-content\\\/uploads\\\/2024\\\/04\\\/Aloe-Vera-Drink-Acai-3-Pieces-Set.jpeg\",\"contentUrl\":\"https:\\\/\\\/www.lraloeverashop.eu\\\/wp-content\\\/uploads\\\/2024\\\/04\\\/Aloe-Vera-Drink-Acai-3-Pieces-Set.jpeg\",\"width\":1200,\"height\":1200,\"caption\":\"Bebida Aloe vera Acai Pro con triple protecci\u00f3n para tu verano\"},{\"@type\":\"BreadcrumbList\",\"@id\":\"https:\\\/\\\/www.lraloeverashop.eu\\\/es\\\/producto\\\/bebida-aloe-vera-acai-pro\\\/#breadcrumb\",\"itemListElement\":[{\"@type\":\"ListItem\",\"position\":1,\"name\":\"Home\",\"item\":\"https:\\\/\\\/www.lraloeverashop.eu\\\/es\\\/\"},{\"@type\":\"ListItem\",\"position\":2,\"name\":\"Tienda\",\"item\":\"https:\\\/\\\/www.lraloeverashop.eu\\\/es\\\/tienda\\\/\"},{\"@type\":\"ListItem\",\"position\":3,\"name\":\"Bebida Aloe Vera Acai Pro\"}]},{\"@type\":\"WebSite\",\"@id\":\"https:\\\/\\\/www.lraloeverashop.eu\\\/es\\\/#website\",\"url\":\"https:\\\/\\\/www.lraloeverashop.eu\\\/es\\\/\",\"name\":\"Lr Tienda Aloe Vera\",\"description\":\"High Quality Lr Aloe Vera Gel, Aloe Vera Cream and Shampoo\",\"publisher\":{\"@id\":\"https:\\\/\\\/www.lraloeverashop.eu\\\/es\\\/#organization\"},\"potentialAction\":[{\"@type\":\"SearchAction\",\"target\":{\"@type\":\"EntryPoint\",\"urlTemplate\":\"https:\\\/\\\/www.lraloeverashop.eu\\\/es\\\/?s={search_term_string}\"},\"query-input\":{\"@type\":\"PropertyValueSpecification\",\"valueRequired\":true,\"valueName\":\"search_term_string\"}}],\"inLanguage\":\"es\"},{\"@type\":\"Organization\",\"@id\":\"https:\\\/\\\/www.lraloeverashop.eu\\\/es\\\/#organization\",\"name\":\"Lr Tienda Aloe Vera\",\"alternateName\":\"LR\",\"url\":\"https:\\\/\\\/www.lraloeverashop.eu\\\/es\\\/\",\"logo\":{\"@type\":\"ImageObject\",\"inLanguage\":\"es\",\"@id\":\"https:\\\/\\\/www.lraloeverashop.eu\\\/es\\\/#\\\/schema\\\/logo\\\/image\\\/\",\"url\":\"https:\\\/\\\/www.lraloeverashop.eu\\\/wp-content\\\/uploads\\\/2022\\\/09\\\/cropped-Lr-Aloe-Vera-Shop.jpg\",\"contentUrl\":\"https:\\\/\\\/www.lraloeverashop.eu\\\/wp-content\\\/uploads\\\/2022\\\/09\\\/cropped-Lr-Aloe-Vera-Shop.jpg\",\"width\":228,\"height\":76,\"caption\":\"Lr Tienda Aloe Vera\"},\"image\":{\"@id\":\"https:\\\/\\\/www.lraloeverashop.eu\\\/es\\\/#\\\/schema\\\/logo\\\/image\\\/\"},\"sameAs\":[\"https:\\\/\\\/www.facebook.com\\\/lraloeverashop.eu\",\"https:\\\/\\\/x.com\\\/natur__kosmetik\",\"https:\\\/\\\/www.youtube.com\\\/channel\\\/UC5oN7BJ8nfYb8RpVtjwDEBA\",\"https:\\\/\\\/www.instagram.com\\\/lrbeautyeu\\\/\"],\"description\":\"La tienda Lr Aloe Vera es tu destino de confianza para productos premium de salud y belleza LR, fabricados en Alemania. Ofrecemos soluciones de alta calidad para el cuidado de la piel, nutrici\u00f3n y antienvejecimiento con Aloe Vera, elaboradas con ingredientes puros y respaldadas por investigaci\u00f3n cient\u00edfica. Descubre un cuidado natural que regenera, protege y revitaliza tu piel, y disfruta de ofertas mensuales exclusivas en nuestros productos LR Aloe Vera m\u00e1s vendidos.\\n\\nComienza hoy mismo tu camino hacia el cuidado natural de la piel y siente la diferencia.\",\"email\":\"info@lraloeverashop.eu\",\"telephone\":\"+49 17670609653\",\"legalName\":\"Lr Aloe Vera Shop\",\"foundingDate\":\"2018-04-21\",\"numberOfEmployees\":{\"@type\":\"QuantitativeValue\",\"minValue\":\"1\",\"maxValue\":\"10\"}}]}<\/script>\n<meta property=\"product:price:amount\" content=\"125.79\" \/>\n<meta property=\"product:price:currency\" content=\"EUR\" \/>\n<meta property=\"og:availability\" content=\"instock\" \/>\n<meta property=\"product:availability\" content=\"instock\" \/>\n<meta property=\"product:retailer_item_id\" content=\"81103-1ES\" \/>\n<meta property=\"product:condition\" content=\"new\" \/>\n<!-- \/ Yoast SEO Premium plugin. -->","yoast_head_json":{"title":"Bebida Aloe Vera Acai Pro \u2013 Apoyo para piel e inmunidad","description":"Bebida Aloe Vera Acai Pro con 85% aloe y a\u00e7a\u00ed. Apoya electrolitos, piel e inmunidad. Calidad premium alemana y f\u00f3rmula sin alo\u00edna.","robots":{"index":"index","follow":"follow","max-snippet":"max-snippet:-1","max-image-preview":"max-image-preview:large","max-video-preview":"max-video-preview:-1"},"canonical":"https:\/\/www.lraloeverashop.eu\/es\/producto\/bebida-aloe-vera-acai-pro\/","og_locale":"es_ES","og_type":"article","og_title":"Bebida Aloe Vera Acai Pro","og_description":"Bebida Aloe Vera Acai Pro con 85% aloe y a\u00e7a\u00ed. Apoya electrolitos, piel e inmunidad. Calidad premium alemana y f\u00f3rmula sin alo\u00edna.","og_url":"https:\/\/www.lraloeverashop.eu\/es\/producto\/bebida-aloe-vera-acai-pro\/","og_site_name":"Lr Tienda Aloe Vera","article_publisher":"https:\/\/www.facebook.com\/lraloeverashop.eu","article_modified_time":"2026-02-09T03:22:37+00:00","og_image":[{"width":1200,"height":1200,"url":"https:\/\/www.lraloeverashop.eu\/wp-content\/uploads\/2024\/04\/Aloe-Vera-Drink-Acai-3-Pieces-Set.jpeg","type":"image\/jpeg"}],"twitter_card":"summary_large_image","twitter_site":"@natur__kosmetik","schema":{"@context":"https:\/\/schema.org","@graph":[{"@type":["WebPage","ItemPage"],"@id":"https:\/\/www.lraloeverashop.eu\/es\/producto\/bebida-aloe-vera-acai-pro\/","url":"https:\/\/www.lraloeverashop.eu\/es\/producto\/bebida-aloe-vera-acai-pro\/","name":"Bebida Aloe Vera Acai Pro \u2013 Apoyo para piel e inmunidad","isPartOf":{"@id":"https:\/\/www.lraloeverashop.eu\/es\/#website"},"primaryImageOfPage":{"@id":"https:\/\/www.lraloeverashop.eu\/es\/producto\/bebida-aloe-vera-acai-pro\/#primaryimage"},"image":{"@id":"https:\/\/www.lraloeverashop.eu\/es\/producto\/bebida-aloe-vera-acai-pro\/#primaryimage"},"thumbnailUrl":"https:\/\/www.lraloeverashop.eu\/wp-content\/uploads\/2024\/04\/Aloe-Vera-Drink-Acai-3-Pieces-Set.jpeg","datePublished":"2026-01-06T09:15:35+00:00","dateModified":"2026-02-09T03:22:37+00:00","description":"Bebida Aloe Vera Acai Pro con 85% aloe y a\u00e7a\u00ed. Apoya electrolitos, piel e inmunidad. Calidad premium alemana y f\u00f3rmula sin alo\u00edna.","breadcrumb":{"@id":"https:\/\/www.lraloeverashop.eu\/es\/producto\/bebida-aloe-vera-acai-pro\/#breadcrumb"},"inLanguage":"es","potentialAction":[{"@type":"ReadAction","target":["https:\/\/www.lraloeverashop.eu\/es\/producto\/bebida-aloe-vera-acai-pro\/"]}]},{"@type":"ImageObject","inLanguage":"es","@id":"https:\/\/www.lraloeverashop.eu\/es\/producto\/bebida-aloe-vera-acai-pro\/#primaryimage","url":"https:\/\/www.lraloeverashop.eu\/wp-content\/uploads\/2024\/04\/Aloe-Vera-Drink-Acai-3-Pieces-Set.jpeg","contentUrl":"https:\/\/www.lraloeverashop.eu\/wp-content\/uploads\/2024\/04\/Aloe-Vera-Drink-Acai-3-Pieces-Set.jpeg","width":1200,"height":1200,"caption":"Bebida Aloe vera Acai Pro con triple protecci\u00f3n para tu verano"},{"@type":"BreadcrumbList","@id":"https:\/\/www.lraloeverashop.eu\/es\/producto\/bebida-aloe-vera-acai-pro\/#breadcrumb","itemListElement":[{"@type":"ListItem","position":1,"name":"Home","item":"https:\/\/www.lraloeverashop.eu\/es\/"},{"@type":"ListItem","position":2,"name":"Tienda","item":"https:\/\/www.lraloeverashop.eu\/es\/tienda\/"},{"@type":"ListItem","position":3,"name":"Bebida Aloe Vera Acai Pro"}]},{"@type":"WebSite","@id":"https:\/\/www.lraloeverashop.eu\/es\/#website","url":"https:\/\/www.lraloeverashop.eu\/es\/","name":"Lr Tienda Aloe Vera","description":"High Quality Lr Aloe Vera Gel, Aloe Vera Cream and Shampoo","publisher":{"@id":"https:\/\/www.lraloeverashop.eu\/es\/#organization"},"potentialAction":[{"@type":"SearchAction","target":{"@type":"EntryPoint","urlTemplate":"https:\/\/www.lraloeverashop.eu\/es\/?s={search_term_string}"},"query-input":{"@type":"PropertyValueSpecification","valueRequired":true,"valueName":"search_term_string"}}],"inLanguage":"es"},{"@type":"Organization","@id":"https:\/\/www.lraloeverashop.eu\/es\/#organization","name":"Lr Tienda Aloe Vera","alternateName":"LR","url":"https:\/\/www.lraloeverashop.eu\/es\/","logo":{"@type":"ImageObject","inLanguage":"es","@id":"https:\/\/www.lraloeverashop.eu\/es\/#\/schema\/logo\/image\/","url":"https:\/\/www.lraloeverashop.eu\/wp-content\/uploads\/2022\/09\/cropped-Lr-Aloe-Vera-Shop.jpg","contentUrl":"https:\/\/www.lraloeverashop.eu\/wp-content\/uploads\/2022\/09\/cropped-Lr-Aloe-Vera-Shop.jpg","width":228,"height":76,"caption":"Lr Tienda Aloe Vera"},"image":{"@id":"https:\/\/www.lraloeverashop.eu\/es\/#\/schema\/logo\/image\/"},"sameAs":["https:\/\/www.facebook.com\/lraloeverashop.eu","https:\/\/x.com\/natur__kosmetik","https:\/\/www.youtube.com\/channel\/UC5oN7BJ8nfYb8RpVtjwDEBA","https:\/\/www.instagram.com\/lrbeautyeu\/"],"description":"La tienda Lr Aloe Vera es tu destino de confianza para productos premium de salud y belleza LR, fabricados en Alemania. Ofrecemos soluciones de alta calidad para el cuidado de la piel, nutrici\u00f3n y antienvejecimiento con Aloe Vera, elaboradas con ingredientes puros y respaldadas por investigaci\u00f3n cient\u00edfica. Descubre un cuidado natural que regenera, protege y revitaliza tu piel, y disfruta de ofertas mensuales exclusivas en nuestros productos LR Aloe Vera m\u00e1s vendidos.\n\nComienza hoy mismo tu camino hacia el cuidado natural de la piel y siente la diferencia.","email":"info@lraloeverashop.eu","telephone":"+49 17670609653","legalName":"Lr Aloe Vera Shop","foundingDate":"2018-04-21","numberOfEmployees":{"@type":"QuantitativeValue","minValue":"1","maxValue":"10"}}]},"product_price_amount":"125.79","product_price_currency":"EUR","og_availability":"instock","product_availability":"instock","product_retailer_item_id":"81103-1ES","product_condition":"new"},"taxonomy_info":{"product_cat":[{"value":403,"label":"Base"},{"value":469,"label":"Especialistas"},{"value":296,"label":"Geles Para Beber Aloe Vera"},{"value":421,"label":"Huesos, Articulaciones y M\u00fasculos"},{"value":439,"label":"Intestinos y Digesti\u00f3n"}],"product_tag":[{"value":632,"label":"Bebidas de desintoxicaci\u00f3n"}]},"featured_image_src_large":["https:\/\/www.lraloeverashop.eu\/wp-content\/uploads\/2024\/04\/Aloe-Vera-Drink-Acai-3-Pieces-Set-1024x1024.jpeg",1024,1024,true],"author_info":[],"comment_info":0,"_links":{"self":[{"href":"https:\/\/www.lraloeverashop.eu\/es\/wp-json\/wp\/v2\/product\/29673","targetHints":{"allow":["GET"]}}],"collection":[{"href":"https:\/\/www.lraloeverashop.eu\/es\/wp-json\/wp\/v2\/product"}],"about":[{"href":"https:\/\/www.lraloeverashop.eu\/es\/wp-json\/wp\/v2\/types\/product"}],"replies":[{"embeddable":true,"href":"https:\/\/www.lraloeverashop.eu\/es\/wp-json\/wp\/v2\/comments?post=29673"}],"wp:featuredmedia":[{"embeddable":true,"href":"https:\/\/www.lraloeverashop.eu\/es\/wp-json\/wp\/v2\/media\/14756"}],"wp:attachment":[{"href":"https:\/\/www.lraloeverashop.eu\/es\/wp-json\/wp\/v2\/media?parent=29673"}],"wp:term":[{"taxonomy":"product_brand","embeddable":true,"href":"https:\/\/www.lraloeverashop.eu\/es\/wp-json\/wp\/v2\/product_brand?post=29673"},{"taxonomy":"product_cat","embeddable":true,"href":"https:\/\/www.lraloeverashop.eu\/es\/wp-json\/wp\/v2\/product_cat?post=29673"},{"taxonomy":"product_tag","embeddable":true,"href":"https:\/\/www.lraloeverashop.eu\/es\/wp-json\/wp\/v2\/product_tag?post=29673"}],"curies":[{"name":"wp","href":"https:\/\/api.w.org\/{rel}","templated":true}]}}