{"id":28084,"date":"2025-05-04T14:08:17","date_gmt":"2025-05-04T12:08:17","guid":{"rendered":"https:\/\/www.lraloeverashop.eu\/product\/crema-para-estrias\/"},"modified":"2026-02-09T04:27:48","modified_gmt":"2026-02-09T03:27:48","slug":"crema-para-estrias","status":"publish","type":"product","link":"https:\/\/www.lraloeverashop.eu\/es\/producto\/crema-para-estrias\/","title":{"rendered":"Crema para Estr\u00edas"},"content":{"rendered":"<h2><span style=\"font-size: 16pt;\"><strong>Crema para Estr\u00edas Lr Aloe Vera<\/strong><\/span><\/h2>\n<p><span style=\"font-size: 14pt;\"><strong>Crema para Estr\u00edas Lr Aloe Vera con efectos visibles confirmados <\/strong><\/span><\/p>\n<p>La Lr Aloe Vera Crema para Estr\u00edas ayuda a cuidar tu piel durante los cambios. La piel puede estirarse durante el embarazo, cambios de peso, crecimiento muscular o tras una cirug\u00eda. Estos cambios suelen provocar estr\u00edas y p\u00e9rdida de firmeza. Esta Lr Aloe Vera loci\u00f3n est\u00e1 dise\u00f1ada para reducir el aspecto y la textura de las estr\u00edas, mientras mantiene la piel suave e hidratada.<\/p>\n<p>Centella asi\u00e1tica (conocida como CICA o hierba del tigre) es un ingrediente clave. Utilizada en la cosm\u00e9tica tradicional china, ayuda a la piel a recuperarse. La f\u00f3rmula incluye una alta concentraci\u00f3n de 15 % de aloe vera, junto con gel de aloe vera fermentado, que act\u00faa en combinaci\u00f3n con Regestril\u2122 para tratar y mejorar la piel estirada.<\/p>\n<p>Se han observado resultados visibles despu\u00e9s de solo 8 semanas. En estudios recientes, los usuarios informaron una reducci\u00f3n del 18 % en el volumen y la pigmentaci\u00f3n de las estr\u00edas, y una disminuci\u00f3n del 13 % en su apariencia general.<\/p>\n<p>La mejor crema para estr\u00edas de embarazo debe hacer m\u00e1s que ocultarlas. Esta f\u00f3rmula va m\u00e1s all\u00e1. Hidrata en profundidad para mantener la piel flexible. Refuerza la fuerza y elasticidad de la piel. Es sin perfume, por lo que es lo bastante suave para el uso diario en todo tipo de pieles, incluida la piel sensible. Puede utilizarse tanto en estr\u00edas nuevas como antiguas, ya sean rojas o blancas.<\/p>\n<p>La Lr Aloe Vera Crema Para Estr\u00edas de embarazo tiene una textura suave, f\u00e1cil de aplicar y de r\u00e1pida absorci\u00f3n. Masajear dos veces al d\u00eda para obtener mejores resultados. Deja la piel nutrida y ayuda a prevenir la aparici\u00f3n de nuevas estr\u00edas.<\/p>\n<p><a href=\"https:\/\/www.lraloeverashop.eu\/wp-content\/uploads\/2025\/05\/Lotion-for-pregnancy-stretch-marks.jpg\"><img loading=\"lazy\" decoding=\"async\" class=\"alignleft size-full wp-image-28046\" src=\"https:\/\/www.lraloeverashop.eu\/wp-content\/uploads\/2025\/05\/Lotion-for-pregnancy-stretch-marks.jpg\" alt=\"Crema Para Estr\u00edas del embarazo con gel de aloe vera fermentado\" width=\"1280\" height=\"720\" srcset=\"https:\/\/www.lraloeverashop.eu\/wp-content\/uploads\/2025\/05\/Lotion-for-pregnancy-stretch-marks.jpg 1280w, https:\/\/www.lraloeverashop.eu\/wp-content\/uploads\/2025\/05\/Lotion-for-pregnancy-stretch-marks-300x169.jpg 300w, https:\/\/www.lraloeverashop.eu\/wp-content\/uploads\/2025\/05\/Lotion-for-pregnancy-stretch-marks-1024x576.jpg 1024w, https:\/\/www.lraloeverashop.eu\/wp-content\/uploads\/2025\/05\/Lotion-for-pregnancy-stretch-marks-768x432.jpg 768w, https:\/\/www.lraloeverashop.eu\/wp-content\/uploads\/2025\/05\/Lotion-for-pregnancy-stretch-marks-600x338.jpg 600w\" sizes=\"auto, (max-width: 1280px) 100vw, 1280px\" \/><\/a><\/p>\n<h3><strong><span style=\"font-size: 16pt;\">Caracter\u00edsticas del producto<\/span><\/strong><\/h3>\n<ul>\n<li>15 % de aloe vera, m\u00e1s gel de aloe fermentado para mayor apoyo cut\u00e1neo<\/li>\n<li>Crema Para Estr\u00edas Lr Aloe Vera contiene Regestril\u2122 y Centella asi\u00e1tica (CICA) para ayudar en la regeneraci\u00f3n de la piel<\/li>\n<li>Cl\u00ednicamente probado: reduce volumen, color y apariencia de las estr\u00edas<\/li>\n<li>Hidrata profundamente para una piel suave y flexible<\/li>\n<li>Sin fragancia, seguro para <a href=\"https:\/\/www.lraloeverashop.eu\/es\/producto\/aloe-vera-gel-de-emergencia\/\">pieles sensibles<\/a><\/li>\n<li>Adecuado durante el embarazo, despu\u00e9s de una cirug\u00eda, con dietas o al ganar masa muscular<\/li>\n<li>Ideal para viajes o para llevar en el bolso<\/li>\n<li>Puede usarse tanto para la prevenci\u00f3n como para el tratamiento de estr\u00edas<\/li>\n<li>F\u00f3rmula ligera y de r\u00e1pida absorci\u00f3n, ideal para uso diario<\/li>\n<li>Crema Para Estr\u00edas Evaluada dermatol\u00f3gicamente, con efectos visibles confirmados en estudios<\/li>\n<\/ul>\n<h4><strong><span style=\"font-size: 16pt;\">C\u00f3mo utilizar<\/span><\/strong><\/h4>\n<p>Aplicar Crema Para Las Estr\u00edas sobre las zonas afectadas dos veces al d\u00eda. Masajear suavemente hasta su completa absorci\u00f3n. Para mayor efectividad, utilizar con una herramienta de masaje corporal.<\/p>\n<p>Para una piel m\u00e1s suave, aplicar despu\u00e9s una <a href=\"https:\/\/www.lraloeverashop.eu\/es\/producto\/aloe-vera-crema-corporal-suave\/\">Crema Corporal Suave de Aloe Vera<\/a>.<\/p>\n<p>La Crema para Estr\u00edas es eficaz contra las estr\u00edas del embarazo y adecuada para cualquier persona que desee tratar estr\u00edas provocadas por otros cambios corporales. Sus ingredientes probados y su f\u00f3rmula suave la convierten en una opci\u00f3n de confianza.<\/p>\n<p>Elige esta Crema Para Estr\u00edas Lr Aloe Vera para estr\u00edas y nota la diferencia en la suavidad, flexibilidad y aspecto general de tu piel.<\/p>\n<p>* Confirmado mediante pruebas de aplicaci\u00f3n durante 8 semanas en 20 sujetos de prueba, seguidas de evaluaci\u00f3n dermatol\u00f3gica, an\u00e1lisis cut\u00e1neo en 3D y corneometr\u00eda en octubre de 2024<\/p>\n","protected":false},"excerpt":{"rendered":"<ul>\n<li>15 % de aloe vera, incluido gel fermentado para una mejor acci\u00f3n<\/li>\n<li>Con Regestril\u2122 y Centella asi\u00e1tica (CICA) para apoyar la reparaci\u00f3n de la piel<\/li>\n<li>Evaluado dermatol\u00f3gicamente, con mejora visible confirmada<\/li>\n<li>Apto para uso durante y despu\u00e9s del embarazo<\/li>\n<li>Sin perfume, suave para pieles sensibles<\/li>\n<li>Contenido: 150 ml<\/li>\n<\/ul>\n<p><span style=\"color: #ff0000;\"><a style=\"color: #ff0000;\" href=\"https:\/\/shop.lrworld.com\/openpao?PHP=0vFlt7jT938BEnBI3a6e9w%3D%3D\"><span style=\"font-size: 14pt;\"><strong>Reg\u00edstrate aqu\u00ed y ahorra 35% en cada compra<\/strong><\/span><\/a><\/span><\/p>\n","protected":false},"featured_media":27921,"comment_status":"open","ping_status":"closed","template":"","meta":{"_kad_blocks_custom_css":"","_kad_blocks_head_custom_js":"","_kad_blocks_body_custom_js":"","_kad_blocks_footer_custom_js":"","_kadence_starter_templates_imported_post":false,"_kad_post_transparent":"default","_kad_post_title":"","_kad_post_layout":"default","_kad_post_sidebar_id":"","_kad_post_content_style":"default","_kad_post_vertical_padding":"default","_kad_post_feature":"","_kad_post_feature_position":"","_kad_post_header":false,"_kad_post_footer":false,"_kad_post_classname":""},"product_brand":[],"product_cat":[217,232],"product_tag":[1194,1208,573],"class_list":{"0":"post-28084","1":"product","2":"type-product","3":"status-publish","4":"has-post-thumbnail","6":"product_cat-aloe-vera-es","7":"product_cat-cuidado-corporal","8":"product_tag-estrias","9":"product_tag-gel-fermentado","10":"product_tag-masaje","12":"first","13":"instock","14":"taxable","15":"shipping-taxable","16":"purchasable","17":"product-type-simple","18":"entry","19":"content-bg","20":"loop-entry"},"yoast_head":"<!-- This site is optimized with the Yoast SEO Premium plugin v27.5 (Yoast SEO v27.5) - https:\/\/yoast.com\/product\/yoast-seo-premium-wordpress\/ -->\n<title>Crema Para Estr\u00edas Lr Aloe Vera con efectos visibles confirmados<\/title>\n<meta name=\"description\" content=\"Crema Para Estr\u00edas Lr Aloe Vera ayuda a reducir la apariencia de las estr\u00edas tras una cirug\u00eda o embarazo. Con mejora visible confirmada. \u00a1Cons\u00edguela ahora!\" \/>\n<meta name=\"robots\" content=\"index, follow, max-snippet:-1, max-image-preview:large, max-video-preview:-1\" \/>\n<link rel=\"canonical\" href=\"https:\/\/www.lraloeverashop.eu\/es\/producto\/crema-para-estrias\/\" \/>\n<meta property=\"og:locale\" content=\"es_ES\" \/>\n<meta property=\"og:type\" content=\"article\" \/>\n<meta property=\"og:title\" content=\"Crema para Estr\u00edas\" \/>\n<meta property=\"og:description\" content=\"Crema Para Estr\u00edas Lr Aloe Vera ayuda a reducir la apariencia de las estr\u00edas tras una cirug\u00eda o embarazo. Con mejora visible confirmada. \u00a1Cons\u00edguela ahora!\" \/>\n<meta property=\"og:url\" content=\"https:\/\/www.lraloeverashop.eu\/es\/producto\/crema-para-estrias\/\" \/>\n<meta property=\"og:site_name\" content=\"Lr Tienda Aloe Vera\" \/>\n<meta property=\"article:publisher\" content=\"https:\/\/www.facebook.com\/lraloeverashop.eu\" \/>\n<meta property=\"article:modified_time\" content=\"2026-02-09T03:27:48+00:00\" \/>\n<meta property=\"og:image\" content=\"https:\/\/www.lraloeverashop.eu\/wp-content\/uploads\/2025\/05\/Lotion-for-Stretch-Marks.jpeg\" \/>\n\t<meta property=\"og:image:width\" content=\"1200\" \/>\n\t<meta property=\"og:image:height\" content=\"1200\" \/>\n\t<meta property=\"og:image:type\" content=\"image\/jpeg\" \/>\n<meta name=\"twitter:card\" content=\"summary_large_image\" \/>\n<meta name=\"twitter:site\" content=\"@natur__kosmetik\" \/>\n<script type=\"application\/ld+json\" class=\"yoast-schema-graph\">{\"@context\":\"https:\\\/\\\/schema.org\",\"@graph\":[{\"@type\":[\"WebPage\",\"ItemPage\"],\"@id\":\"https:\\\/\\\/www.lraloeverashop.eu\\\/es\\\/producto\\\/crema-para-estrias\\\/\",\"url\":\"https:\\\/\\\/www.lraloeverashop.eu\\\/es\\\/producto\\\/crema-para-estrias\\\/\",\"name\":\"Crema Para Estr\u00edas Lr Aloe Vera con efectos visibles confirmados\",\"isPartOf\":{\"@id\":\"https:\\\/\\\/www.lraloeverashop.eu\\\/es\\\/#website\"},\"primaryImageOfPage\":{\"@id\":\"https:\\\/\\\/www.lraloeverashop.eu\\\/es\\\/producto\\\/crema-para-estrias\\\/#primaryimage\"},\"image\":{\"@id\":\"https:\\\/\\\/www.lraloeverashop.eu\\\/es\\\/producto\\\/crema-para-estrias\\\/#primaryimage\"},\"thumbnailUrl\":\"https:\\\/\\\/www.lraloeverashop.eu\\\/wp-content\\\/uploads\\\/2025\\\/05\\\/Lotion-for-Stretch-Marks.jpeg\",\"datePublished\":\"2025-05-04T12:08:17+00:00\",\"dateModified\":\"2026-02-09T03:27:48+00:00\",\"description\":\"Crema Para Estr\u00edas Lr Aloe Vera ayuda a reducir la apariencia de las estr\u00edas tras una cirug\u00eda o embarazo. Con mejora visible confirmada. \u00a1Cons\u00edguela ahora!\",\"breadcrumb\":{\"@id\":\"https:\\\/\\\/www.lraloeverashop.eu\\\/es\\\/producto\\\/crema-para-estrias\\\/#breadcrumb\"},\"inLanguage\":\"es\",\"potentialAction\":[{\"@type\":\"ReadAction\",\"target\":[\"https:\\\/\\\/www.lraloeverashop.eu\\\/es\\\/producto\\\/crema-para-estrias\\\/\"]}]},{\"@type\":\"ImageObject\",\"inLanguage\":\"es\",\"@id\":\"https:\\\/\\\/www.lraloeverashop.eu\\\/es\\\/producto\\\/crema-para-estrias\\\/#primaryimage\",\"url\":\"https:\\\/\\\/www.lraloeverashop.eu\\\/wp-content\\\/uploads\\\/2025\\\/05\\\/Lotion-for-Stretch-Marks.jpeg\",\"contentUrl\":\"https:\\\/\\\/www.lraloeverashop.eu\\\/wp-content\\\/uploads\\\/2025\\\/05\\\/Lotion-for-Stretch-Marks.jpeg\",\"width\":1200,\"height\":1200,\"caption\":\"Crema Para Estr\u00edas Lr Aloe Vera Lotion regenera la estructura de la piel\"},{\"@type\":\"BreadcrumbList\",\"@id\":\"https:\\\/\\\/www.lraloeverashop.eu\\\/es\\\/producto\\\/crema-para-estrias\\\/#breadcrumb\",\"itemListElement\":[{\"@type\":\"ListItem\",\"position\":1,\"name\":\"Home\",\"item\":\"https:\\\/\\\/www.lraloeverashop.eu\\\/es\\\/tienda-aloe-vera-todo-para-tu-belleza-y-bienestar\\\/\"},{\"@type\":\"ListItem\",\"position\":2,\"name\":\"Tienda\",\"item\":\"https:\\\/\\\/www.lraloeverashop.eu\\\/es\\\/tienda\\\/\"},{\"@type\":\"ListItem\",\"position\":3,\"name\":\"Crema para Estr\u00edas\"}]},{\"@type\":\"WebSite\",\"@id\":\"https:\\\/\\\/www.lraloeverashop.eu\\\/es\\\/#website\",\"url\":\"https:\\\/\\\/www.lraloeverashop.eu\\\/es\\\/\",\"name\":\"Lr Tienda Aloe Vera\",\"description\":\"High Quality Lr Aloe Vera Gel, Aloe Vera Cream and Shampoo\",\"publisher\":{\"@id\":\"https:\\\/\\\/www.lraloeverashop.eu\\\/es\\\/#organization\"},\"alternateName\":\"LR\",\"potentialAction\":[{\"@type\":\"SearchAction\",\"target\":{\"@type\":\"EntryPoint\",\"urlTemplate\":\"https:\\\/\\\/www.lraloeverashop.eu\\\/es\\\/?s={search_term_string}\"},\"query-input\":{\"@type\":\"PropertyValueSpecification\",\"valueRequired\":true,\"valueName\":\"search_term_string\"}}],\"inLanguage\":\"es\"},{\"@type\":\"Organization\",\"@id\":\"https:\\\/\\\/www.lraloeverashop.eu\\\/es\\\/#organization\",\"name\":\"Lr Tienda Aloe Vera\",\"alternateName\":\"LR\",\"url\":\"https:\\\/\\\/www.lraloeverashop.eu\\\/es\\\/\",\"logo\":{\"@type\":\"ImageObject\",\"inLanguage\":\"es\",\"@id\":\"https:\\\/\\\/www.lraloeverashop.eu\\\/es\\\/#\\\/schema\\\/logo\\\/image\\\/\",\"url\":\"https:\\\/\\\/www.lraloeverashop.eu\\\/wp-content\\\/uploads\\\/2022\\\/09\\\/cropped-Lr-Aloe-Vera-Shop.jpg\",\"contentUrl\":\"https:\\\/\\\/www.lraloeverashop.eu\\\/wp-content\\\/uploads\\\/2022\\\/09\\\/cropped-Lr-Aloe-Vera-Shop.jpg\",\"width\":228,\"height\":76,\"caption\":\"Lr Tienda Aloe Vera\"},\"image\":{\"@id\":\"https:\\\/\\\/www.lraloeverashop.eu\\\/es\\\/#\\\/schema\\\/logo\\\/image\\\/\"},\"sameAs\":[\"https:\\\/\\\/www.facebook.com\\\/lraloeverashop.eu\",\"https:\\\/\\\/x.com\\\/natur__kosmetik\",\"https:\\\/\\\/www.youtube.com\\\/channel\\\/UC5oN7BJ8nfYb8RpVtjwDEBA\",\"https:\\\/\\\/www.instagram.com\\\/lrbeautyeu\\\/\"],\"description\":\"La tienda Lr Aloe Vera es tu destino de confianza para productos premium de salud y belleza LR, fabricados en Alemania. Ofrecemos soluciones de alta calidad para el cuidado de la piel, nutrici\u00f3n y antienvejecimiento con Aloe Vera, elaboradas con ingredientes puros y respaldadas por investigaci\u00f3n cient\u00edfica. Descubre un cuidado natural que regenera, protege y revitaliza tu piel, y disfruta de ofertas mensuales exclusivas en nuestros productos LR Aloe Vera m\u00e1s vendidos.\\n\\nComienza hoy mismo tu camino hacia el cuidado natural de la piel y siente la diferencia.\",\"email\":\"info@lraloeverashop.eu\",\"telephone\":\"+49 17670609653\",\"legalName\":\"Lr Aloe Vera Shop\",\"foundingDate\":\"2018-04-21\",\"numberOfEmployees\":{\"@type\":\"QuantitativeValue\",\"minValue\":\"1\",\"maxValue\":\"10\"}}]}<\/script>\n<meta property=\"product:price:amount\" content=\"42.99\" \/>\n<meta property=\"product:price:currency\" content=\"EUR\" \/>\n<meta property=\"og:availability\" content=\"instock\" \/>\n<meta property=\"product:availability\" content=\"instock\" \/>\n<meta property=\"product:retailer_item_id\" content=\"20920-1ES\" \/>\n<meta property=\"product:condition\" content=\"new\" \/>\n<!-- \/ Yoast SEO Premium plugin. -->","yoast_head_json":{"title":"Crema Para Estr\u00edas Lr Aloe Vera con efectos visibles confirmados","description":"Crema Para Estr\u00edas Lr Aloe Vera ayuda a reducir la apariencia de las estr\u00edas tras una cirug\u00eda o embarazo. Con mejora visible confirmada. \u00a1Cons\u00edguela ahora!","robots":{"index":"index","follow":"follow","max-snippet":"max-snippet:-1","max-image-preview":"max-image-preview:large","max-video-preview":"max-video-preview:-1"},"canonical":"https:\/\/www.lraloeverashop.eu\/es\/producto\/crema-para-estrias\/","og_locale":"es_ES","og_type":"article","og_title":"Crema para Estr\u00edas","og_description":"Crema Para Estr\u00edas Lr Aloe Vera ayuda a reducir la apariencia de las estr\u00edas tras una cirug\u00eda o embarazo. Con mejora visible confirmada. \u00a1Cons\u00edguela ahora!","og_url":"https:\/\/www.lraloeverashop.eu\/es\/producto\/crema-para-estrias\/","og_site_name":"Lr Tienda Aloe Vera","article_publisher":"https:\/\/www.facebook.com\/lraloeverashop.eu","article_modified_time":"2026-02-09T03:27:48+00:00","og_image":[{"width":1200,"height":1200,"url":"https:\/\/www.lraloeverashop.eu\/wp-content\/uploads\/2025\/05\/Lotion-for-Stretch-Marks.jpeg","type":"image\/jpeg"}],"twitter_card":"summary_large_image","twitter_site":"@natur__kosmetik","schema":{"@context":"https:\/\/schema.org","@graph":[{"@type":["WebPage","ItemPage"],"@id":"https:\/\/www.lraloeverashop.eu\/es\/producto\/crema-para-estrias\/","url":"https:\/\/www.lraloeverashop.eu\/es\/producto\/crema-para-estrias\/","name":"Crema Para Estr\u00edas Lr Aloe Vera con efectos visibles confirmados","isPartOf":{"@id":"https:\/\/www.lraloeverashop.eu\/es\/#website"},"primaryImageOfPage":{"@id":"https:\/\/www.lraloeverashop.eu\/es\/producto\/crema-para-estrias\/#primaryimage"},"image":{"@id":"https:\/\/www.lraloeverashop.eu\/es\/producto\/crema-para-estrias\/#primaryimage"},"thumbnailUrl":"https:\/\/www.lraloeverashop.eu\/wp-content\/uploads\/2025\/05\/Lotion-for-Stretch-Marks.jpeg","datePublished":"2025-05-04T12:08:17+00:00","dateModified":"2026-02-09T03:27:48+00:00","description":"Crema Para Estr\u00edas Lr Aloe Vera ayuda a reducir la apariencia de las estr\u00edas tras una cirug\u00eda o embarazo. Con mejora visible confirmada. \u00a1Cons\u00edguela ahora!","breadcrumb":{"@id":"https:\/\/www.lraloeverashop.eu\/es\/producto\/crema-para-estrias\/#breadcrumb"},"inLanguage":"es","potentialAction":[{"@type":"ReadAction","target":["https:\/\/www.lraloeverashop.eu\/es\/producto\/crema-para-estrias\/"]}]},{"@type":"ImageObject","inLanguage":"es","@id":"https:\/\/www.lraloeverashop.eu\/es\/producto\/crema-para-estrias\/#primaryimage","url":"https:\/\/www.lraloeverashop.eu\/wp-content\/uploads\/2025\/05\/Lotion-for-Stretch-Marks.jpeg","contentUrl":"https:\/\/www.lraloeverashop.eu\/wp-content\/uploads\/2025\/05\/Lotion-for-Stretch-Marks.jpeg","width":1200,"height":1200,"caption":"Crema Para Estr\u00edas Lr Aloe Vera Lotion regenera la estructura de la piel"},{"@type":"BreadcrumbList","@id":"https:\/\/www.lraloeverashop.eu\/es\/producto\/crema-para-estrias\/#breadcrumb","itemListElement":[{"@type":"ListItem","position":1,"name":"Home","item":"https:\/\/www.lraloeverashop.eu\/es\/tienda-aloe-vera-todo-para-tu-belleza-y-bienestar\/"},{"@type":"ListItem","position":2,"name":"Tienda","item":"https:\/\/www.lraloeverashop.eu\/es\/tienda\/"},{"@type":"ListItem","position":3,"name":"Crema para Estr\u00edas"}]},{"@type":"WebSite","@id":"https:\/\/www.lraloeverashop.eu\/es\/#website","url":"https:\/\/www.lraloeverashop.eu\/es\/","name":"Lr Tienda Aloe Vera","description":"High Quality Lr Aloe Vera Gel, Aloe Vera Cream and Shampoo","publisher":{"@id":"https:\/\/www.lraloeverashop.eu\/es\/#organization"},"alternateName":"LR","potentialAction":[{"@type":"SearchAction","target":{"@type":"EntryPoint","urlTemplate":"https:\/\/www.lraloeverashop.eu\/es\/?s={search_term_string}"},"query-input":{"@type":"PropertyValueSpecification","valueRequired":true,"valueName":"search_term_string"}}],"inLanguage":"es"},{"@type":"Organization","@id":"https:\/\/www.lraloeverashop.eu\/es\/#organization","name":"Lr Tienda Aloe Vera","alternateName":"LR","url":"https:\/\/www.lraloeverashop.eu\/es\/","logo":{"@type":"ImageObject","inLanguage":"es","@id":"https:\/\/www.lraloeverashop.eu\/es\/#\/schema\/logo\/image\/","url":"https:\/\/www.lraloeverashop.eu\/wp-content\/uploads\/2022\/09\/cropped-Lr-Aloe-Vera-Shop.jpg","contentUrl":"https:\/\/www.lraloeverashop.eu\/wp-content\/uploads\/2022\/09\/cropped-Lr-Aloe-Vera-Shop.jpg","width":228,"height":76,"caption":"Lr Tienda Aloe Vera"},"image":{"@id":"https:\/\/www.lraloeverashop.eu\/es\/#\/schema\/logo\/image\/"},"sameAs":["https:\/\/www.facebook.com\/lraloeverashop.eu","https:\/\/x.com\/natur__kosmetik","https:\/\/www.youtube.com\/channel\/UC5oN7BJ8nfYb8RpVtjwDEBA","https:\/\/www.instagram.com\/lrbeautyeu\/"],"description":"La tienda Lr Aloe Vera es tu destino de confianza para productos premium de salud y belleza LR, fabricados en Alemania. Ofrecemos soluciones de alta calidad para el cuidado de la piel, nutrici\u00f3n y antienvejecimiento con Aloe Vera, elaboradas con ingredientes puros y respaldadas por investigaci\u00f3n cient\u00edfica. Descubre un cuidado natural que regenera, protege y revitaliza tu piel, y disfruta de ofertas mensuales exclusivas en nuestros productos LR Aloe Vera m\u00e1s vendidos.\n\nComienza hoy mismo tu camino hacia el cuidado natural de la piel y siente la diferencia.","email":"info@lraloeverashop.eu","telephone":"+49 17670609653","legalName":"Lr Aloe Vera Shop","foundingDate":"2018-04-21","numberOfEmployees":{"@type":"QuantitativeValue","minValue":"1","maxValue":"10"}}]},"product_price_amount":"42.99","product_price_currency":"EUR","og_availability":"instock","product_availability":"instock","product_retailer_item_id":"20920-1ES","product_condition":"new"},"taxonomy_info":{"product_cat":[{"value":217,"label":"Aloe Vera"},{"value":232,"label":"Cuidado Corporal"}],"product_tag":[{"value":1194,"label":"estr\u00edas"},{"value":1208,"label":"Gel fermentado"},{"value":573,"label":"Masaje"}]},"featured_image_src_large":["https:\/\/www.lraloeverashop.eu\/wp-content\/uploads\/2025\/05\/Lotion-for-Stretch-Marks-1024x1024.jpeg",1024,1024,true],"author_info":[],"comment_info":0,"_links":{"self":[{"href":"https:\/\/www.lraloeverashop.eu\/es\/wp-json\/wp\/v2\/product\/28084","targetHints":{"allow":["GET"]}}],"collection":[{"href":"https:\/\/www.lraloeverashop.eu\/es\/wp-json\/wp\/v2\/product"}],"about":[{"href":"https:\/\/www.lraloeverashop.eu\/es\/wp-json\/wp\/v2\/types\/product"}],"replies":[{"embeddable":true,"href":"https:\/\/www.lraloeverashop.eu\/es\/wp-json\/wp\/v2\/comments?post=28084"}],"wp:featuredmedia":[{"embeddable":true,"href":"https:\/\/www.lraloeverashop.eu\/es\/wp-json\/wp\/v2\/media\/27921"}],"wp:attachment":[{"href":"https:\/\/www.lraloeverashop.eu\/es\/wp-json\/wp\/v2\/media?parent=28084"}],"wp:term":[{"taxonomy":"product_brand","embeddable":true,"href":"https:\/\/www.lraloeverashop.eu\/es\/wp-json\/wp\/v2\/product_brand?post=28084"},{"taxonomy":"product_cat","embeddable":true,"href":"https:\/\/www.lraloeverashop.eu\/es\/wp-json\/wp\/v2\/product_cat?post=28084"},{"taxonomy":"product_tag","embeddable":true,"href":"https:\/\/www.lraloeverashop.eu\/es\/wp-json\/wp\/v2\/product_tag?post=28084"}],"curies":[{"name":"wp","href":"https:\/\/api.w.org\/{rel}","templated":true}]}}