{"id":28044,"date":"2025-05-02T17:37:09","date_gmt":"2025-05-02T15:37:09","guid":{"rendered":"https:\/\/www.lraloeverashop.eu\/product\/aloe-vera-gel-de-emergencia\/"},"modified":"2026-02-09T04:28:00","modified_gmt":"2026-02-09T03:28:00","slug":"aloe-vera-gel-de-emergencia","status":"publish","type":"product","link":"https:\/\/www.lraloeverashop.eu\/es\/producto\/aloe-vera-gel-de-emergencia\/","title":{"rendered":"Aloe Vera Gel de Emergencia"},"content":{"rendered":"<h2><span style=\"font-size: 16pt;\"><strong>Aloe Vera Gel de Emergencia<\/strong><\/span><\/h2>\n<p><span style=\"font-size: 14pt;\"><strong>Aloe Vera Gel de Emergencia calma y refresca la piel estresada, enrojecida, irritada o seca<\/strong><\/span><\/p>\n<p>El Gel de Emergencia es una soluci\u00f3n de acci\u00f3n r\u00e1pida para peque\u00f1os contratiempos cut\u00e1neos cotidianos. La combinaci\u00f3n de un 15\u202f% de aloe vera, gel de aloe fermentado, extracto de microalgas, reishi fermentado y extracto de chirimoya apoya los procesos naturales de recuperaci\u00f3n de la piel. Forma una pel\u00edcula protectora ligera, proporciona una <a href=\"https:\/\/www.lraloeverashop.eu\/es\/producto\/serum-facial-lr-skin-balance\/\">hidrataci\u00f3n profunda<\/a> y refuerza la barrera cut\u00e1nea.<\/p>\n<p>Este gel ofrece un alivio inmediato para la piel irritada, seca o \u00e1spera tras peque\u00f1os cortes o accidentes dom\u00e9sticos. Su f\u00f3rmula suave y sin perfume lo hace adecuado para pieles sensibles y seguro para usar fuera de casa. El efecto refrescante alivia el malestar y ayuda a reducir los signos visibles del <a href=\"https:\/\/www.lraloeverashop.eu\/es\/producto\/lr-aloe-vera-spray-de-emergencia\/\">estr\u00e9s en la piel<\/a>.<\/p>\n<p>Con una simple aplicaci\u00f3n del Aloe Vera Gel de Emergencia despu\u00e9s de rasgu\u00f1os o cortes menores, se favorece una regeneraci\u00f3n m\u00e1s r\u00e1pida. El gel hidrata al instante: el nivel de humedad de la piel se duplica m\u00e1s de dos veces en solo 20 minutos. Tras cuatro semanas, los usuarios han notado una mejora significativa en el aspecto general y la resistencia de su piel.<\/p>\n<p>El hongo reishi fermentado, ingrediente clave, es muy valorado por su capacidad para restaurar el equilibrio y apoyar la renovaci\u00f3n celular. El extracto de chirimoya y las microalgas ayudan a calmar a\u00fan m\u00e1s la piel y protegerla frente a la sequedad.<\/p>\n<p>Para obtener los mejores resultados, utiliza el Aloe Vera Gel de Emergencia en zonas peque\u00f1as y espec\u00edficas. Para \u00e1reas m\u00e1s amplias, se recomienda el Spray de Emergencia Aloe Vera o el <a href=\"https:\/\/www.lraloeverashop.eu\/es\/producto\/aloe-vera-gel-hidratante-concentrado\/\">Gel Concentrado de Aloe Vera<\/a>.<\/p>\n<p><a href=\"https:\/\/www.lraloeverashop.eu\/wp-content\/uploads\/2025\/05\/Emergency-Gel.jpg\"><img loading=\"lazy\" decoding=\"async\" class=\"size-full wp-image-27966 aligncenter\" src=\"https:\/\/www.lraloeverashop.eu\/wp-content\/uploads\/2025\/05\/Emergency-Gel.jpg\" alt=\"Aloe Vera Gel de Emergencia para ayuda espec\u00edfica en emergencias menores.\" width=\"1280\" height=\"720\" srcset=\"https:\/\/www.lraloeverashop.eu\/wp-content\/uploads\/2025\/05\/Emergency-Gel.jpg 1280w, https:\/\/www.lraloeverashop.eu\/wp-content\/uploads\/2025\/05\/Emergency-Gel-300x169.jpg 300w, https:\/\/www.lraloeverashop.eu\/wp-content\/uploads\/2025\/05\/Emergency-Gel-1024x576.jpg 1024w, https:\/\/www.lraloeverashop.eu\/wp-content\/uploads\/2025\/05\/Emergency-Gel-768x432.jpg 768w, https:\/\/www.lraloeverashop.eu\/wp-content\/uploads\/2025\/05\/Emergency-Gel-600x338.jpg 600w\" sizes=\"auto, (max-width: 1280px) 100vw, 1280px\" \/><\/a><\/p>\n<h3><strong><span style=\"font-size: 16pt;\">Caracter\u00edsticas del producto<\/span><\/strong><\/h3>\n<ul>\n<li>15\u202f% de aloe vera con gel fermentado de aloe para una acci\u00f3n m\u00e1s profunda<\/li>\n<li>Contiene extracto de microalgas, reishi y chirimoya para un cuidado adicional<\/li>\n<li>Calma y refresca la piel estresada, enrojecida, irritada o seca<\/li>\n<li>Aloe Vera Gel de Emergencia apoya la regeneraci\u00f3n cut\u00e1nea y el cuidado de cicatrices<\/li>\n<li>Sin perfume y suave, ideal para pieles sensibles<\/li>\n<li>De r\u00e1pida absorci\u00f3n, no deja residuos<\/li>\n<li>Ideal para llevar en el bolso o en tus viajes<\/li>\n<li>Duplica la hidrataci\u00f3n en solo 20 minutos, con efectos duraderos<\/li>\n<li>Fortalece una barrera cut\u00e1nea saludable y equilibrada<\/li>\n<li>Cl\u00ednicamente probado: la mayor\u00eda de los usuarios experimentan recuperaci\u00f3n m\u00e1s r\u00e1pida y alivio*<\/li>\n<\/ul>\n<h4><strong><span style=\"font-size: 16pt;\">Modo de uso<\/span><\/strong><\/h4>\n<p>Aplica una peque\u00f1a cantidad directamente sobre la zona afectada. Repite la aplicaci\u00f3n si es necesario. El Gel de Emergencia favorece la regeneraci\u00f3n y recuperaci\u00f3n r\u00e1pida de la piel.<\/p>\n<p>&nbsp;<\/p>\n<h3><span style=\"color: #000000;\"><strong><span style=\"font-size: 16pt;\">Por qu\u00e9 elegir el Lr Aloe Vera Gel de Emergencia?<\/span><\/strong><\/span><\/h3>\n<p>Es un aliado fiable para peque\u00f1os accidentes del d\u00eda a d\u00eda. Favorece una regeneraci\u00f3n r\u00e1pida, alivia las molestias y ayuda a mantener una piel sana y equilibrada.<\/p>\n<p>* Probado en un estudio cl\u00ednico de cuatro semanas con evaluaci\u00f3n dermatol\u00f3gica, octubre de 2024.<br \/>\n** Hidrataci\u00f3n medida mediante corne\u00f3metro en 20 voluntarios, octubre de 2024.<\/p>\n","protected":false},"excerpt":{"rendered":"<ul>\n<li>Con 15\u202f% de aloe vera y gel de aloe fermentado para una acci\u00f3n m\u00e1s profunda<\/li>\n<li>Contiene microalgas, reishi y chirimoya<\/li>\n<li>Duplica la hidrataci\u00f3n en solo 20 minutos<\/li>\n<li>Calma y refresca la piel estresada, enrojecida, irritada o seca<\/li>\n<li>Ideal para el cuidado de cicatrices<\/li>\n<li>Cantidad: 30 ml<\/li>\n<\/ul>\n<p><span style=\"color: #ff0000;\"><a style=\"color: #ff0000;\" href=\"https:\/\/shop.lrworld.com\/openpao?PHP=0vFlt7jT938BEnBI3a6e9w%3D%3D\"><span style=\"font-size: 14pt;\"><strong>Reg\u00edstrate aqu\u00ed y ahorra 35% en cada compra<\/strong><\/span><\/a><\/span><\/p>\n","protected":false},"featured_media":27905,"comment_status":"open","ping_status":"closed","template":"","meta":{"_kad_blocks_custom_css":"","_kad_blocks_head_custom_js":"","_kad_blocks_body_custom_js":"","_kad_blocks_footer_custom_js":"","_kadence_starter_templates_imported_post":false,"_kad_post_transparent":"default","_kad_post_title":"","_kad_post_layout":"default","_kad_post_sidebar_id":"","_kad_post_content_style":"default","_kad_post_vertical_padding":"default","_kad_post_feature":"","_kad_post_feature_position":"","_kad_post_header":false,"_kad_post_footer":false,"_kad_post_classname":""},"product_brand":[],"product_cat":[217,232,265],"product_tag":[569,1208,628],"class_list":{"0":"post-28044","1":"product","2":"type-product","3":"status-publish","4":"has-post-thumbnail","6":"product_cat-aloe-vera-es","7":"product_cat-cuidado-corporal","8":"product_cat-cuidado-especial","9":"product_tag-cortes-es","10":"product_tag-gel-fermentado","11":"product_tag-heridas","13":"first","14":"instock","15":"taxable","16":"shipping-taxable","17":"purchasable","18":"product-type-simple","19":"entry","20":"content-bg","21":"loop-entry"},"yoast_head":"<!-- This site is optimized with the Yoast SEO Premium plugin v27.3 (Yoast SEO v27.3) - https:\/\/yoast.com\/product\/yoast-seo-premium-wordpress\/ -->\n<title>Aloe Vera Gel de Emergencia para piel enrojecida o irritada<\/title>\n<meta name=\"description\" content=\"\u00a1El Aloe Vera Gel de Emergencia es tu recurso de confianza para peque\u00f1as lesiones en la piel! Disfruta de su efecto refrescante y calmante.\" \/>\n<meta name=\"robots\" content=\"index, follow, max-snippet:-1, max-image-preview:large, max-video-preview:-1\" \/>\n<link rel=\"canonical\" href=\"https:\/\/www.lraloeverashop.eu\/es\/producto\/aloe-vera-gel-de-emergencia\/\" \/>\n<meta property=\"og:locale\" content=\"es_ES\" \/>\n<meta property=\"og:type\" content=\"article\" \/>\n<meta property=\"og:title\" content=\"Aloe Vera Gel de Emergencia\" \/>\n<meta property=\"og:description\" content=\"\u00a1El Aloe Vera Gel de Emergencia es tu recurso de confianza para peque\u00f1as lesiones en la piel! Disfruta de su efecto refrescante y calmante.\" \/>\n<meta property=\"og:url\" content=\"https:\/\/www.lraloeverashop.eu\/es\/producto\/aloe-vera-gel-de-emergencia\/\" \/>\n<meta property=\"og:site_name\" content=\"Lr Tienda Aloe Vera\" \/>\n<meta property=\"article:publisher\" content=\"https:\/\/www.facebook.com\/lraloeverashop.eu\" \/>\n<meta property=\"article:modified_time\" content=\"2026-02-09T03:28:00+00:00\" \/>\n<meta property=\"og:image\" content=\"https:\/\/www.lraloeverashop.eu\/wp-content\/uploads\/2025\/05\/Lr-Aloe-Vera-Emergency-Gel.jpeg\" \/>\n\t<meta property=\"og:image:width\" content=\"1200\" \/>\n\t<meta property=\"og:image:height\" content=\"1200\" \/>\n\t<meta property=\"og:image:type\" content=\"image\/jpeg\" \/>\n<meta name=\"twitter:card\" content=\"summary_large_image\" \/>\n<meta name=\"twitter:site\" content=\"@natur__kosmetik\" \/>\n<script type=\"application\/ld+json\" class=\"yoast-schema-graph\">{\"@context\":\"https:\\\/\\\/schema.org\",\"@graph\":[{\"@type\":[\"WebPage\",\"ItemPage\"],\"@id\":\"https:\\\/\\\/www.lraloeverashop.eu\\\/es\\\/producto\\\/aloe-vera-gel-de-emergencia\\\/\",\"url\":\"https:\\\/\\\/www.lraloeverashop.eu\\\/es\\\/producto\\\/aloe-vera-gel-de-emergencia\\\/\",\"name\":\"Aloe Vera Gel de Emergencia para piel enrojecida o irritada\",\"isPartOf\":{\"@id\":\"https:\\\/\\\/www.lraloeverashop.eu\\\/es\\\/#website\"},\"primaryImageOfPage\":{\"@id\":\"https:\\\/\\\/www.lraloeverashop.eu\\\/es\\\/producto\\\/aloe-vera-gel-de-emergencia\\\/#primaryimage\"},\"image\":{\"@id\":\"https:\\\/\\\/www.lraloeverashop.eu\\\/es\\\/producto\\\/aloe-vera-gel-de-emergencia\\\/#primaryimage\"},\"thumbnailUrl\":\"https:\\\/\\\/www.lraloeverashop.eu\\\/wp-content\\\/uploads\\\/2025\\\/05\\\/Lr-Aloe-Vera-Emergency-Gel.jpeg\",\"datePublished\":\"2025-05-02T15:37:09+00:00\",\"dateModified\":\"2026-02-09T03:28:00+00:00\",\"description\":\"\u00a1El Aloe Vera Gel de Emergencia es tu recurso de confianza para peque\u00f1as lesiones en la piel! Disfruta de su efecto refrescante y calmante.\",\"breadcrumb\":{\"@id\":\"https:\\\/\\\/www.lraloeverashop.eu\\\/es\\\/producto\\\/aloe-vera-gel-de-emergencia\\\/#breadcrumb\"},\"inLanguage\":\"es\",\"potentialAction\":[{\"@type\":\"ReadAction\",\"target\":[\"https:\\\/\\\/www.lraloeverashop.eu\\\/es\\\/producto\\\/aloe-vera-gel-de-emergencia\\\/\"]}]},{\"@type\":\"ImageObject\",\"inLanguage\":\"es\",\"@id\":\"https:\\\/\\\/www.lraloeverashop.eu\\\/es\\\/producto\\\/aloe-vera-gel-de-emergencia\\\/#primaryimage\",\"url\":\"https:\\\/\\\/www.lraloeverashop.eu\\\/wp-content\\\/uploads\\\/2025\\\/05\\\/Lr-Aloe-Vera-Emergency-Gel.jpeg\",\"contentUrl\":\"https:\\\/\\\/www.lraloeverashop.eu\\\/wp-content\\\/uploads\\\/2025\\\/05\\\/Lr-Aloe-Vera-Emergency-Gel.jpeg\",\"width\":1200,\"height\":1200,\"caption\":\"Aloe Vera Gel de Emergencia favorece la regeneraci\u00f3n tras accidentes menores\"},{\"@type\":\"BreadcrumbList\",\"@id\":\"https:\\\/\\\/www.lraloeverashop.eu\\\/es\\\/producto\\\/aloe-vera-gel-de-emergencia\\\/#breadcrumb\",\"itemListElement\":[{\"@type\":\"ListItem\",\"position\":1,\"name\":\"Home\",\"item\":\"https:\\\/\\\/www.lraloeverashop.eu\\\/es\\\/\"},{\"@type\":\"ListItem\",\"position\":2,\"name\":\"Tienda\",\"item\":\"https:\\\/\\\/www.lraloeverashop.eu\\\/es\\\/tienda\\\/\"},{\"@type\":\"ListItem\",\"position\":3,\"name\":\"Aloe Vera Gel de Emergencia\"}]},{\"@type\":\"WebSite\",\"@id\":\"https:\\\/\\\/www.lraloeverashop.eu\\\/es\\\/#website\",\"url\":\"https:\\\/\\\/www.lraloeverashop.eu\\\/es\\\/\",\"name\":\"Lr Tienda Aloe Vera\",\"description\":\"High Quality Lr Aloe Vera Gel, Aloe Vera Cream and Shampoo\",\"publisher\":{\"@id\":\"https:\\\/\\\/www.lraloeverashop.eu\\\/es\\\/#organization\"},\"potentialAction\":[{\"@type\":\"SearchAction\",\"target\":{\"@type\":\"EntryPoint\",\"urlTemplate\":\"https:\\\/\\\/www.lraloeverashop.eu\\\/es\\\/?s={search_term_string}\"},\"query-input\":{\"@type\":\"PropertyValueSpecification\",\"valueRequired\":true,\"valueName\":\"search_term_string\"}}],\"inLanguage\":\"es\"},{\"@type\":\"Organization\",\"@id\":\"https:\\\/\\\/www.lraloeverashop.eu\\\/es\\\/#organization\",\"name\":\"Lr Tienda Aloe Vera\",\"alternateName\":\"LR\",\"url\":\"https:\\\/\\\/www.lraloeverashop.eu\\\/es\\\/\",\"logo\":{\"@type\":\"ImageObject\",\"inLanguage\":\"es\",\"@id\":\"https:\\\/\\\/www.lraloeverashop.eu\\\/es\\\/#\\\/schema\\\/logo\\\/image\\\/\",\"url\":\"https:\\\/\\\/www.lraloeverashop.eu\\\/wp-content\\\/uploads\\\/2022\\\/09\\\/cropped-Lr-Aloe-Vera-Shop.jpg\",\"contentUrl\":\"https:\\\/\\\/www.lraloeverashop.eu\\\/wp-content\\\/uploads\\\/2022\\\/09\\\/cropped-Lr-Aloe-Vera-Shop.jpg\",\"width\":228,\"height\":76,\"caption\":\"Lr Tienda Aloe Vera\"},\"image\":{\"@id\":\"https:\\\/\\\/www.lraloeverashop.eu\\\/es\\\/#\\\/schema\\\/logo\\\/image\\\/\"},\"sameAs\":[\"https:\\\/\\\/www.facebook.com\\\/lraloeverashop.eu\",\"https:\\\/\\\/x.com\\\/natur__kosmetik\",\"https:\\\/\\\/www.youtube.com\\\/channel\\\/UC5oN7BJ8nfYb8RpVtjwDEBA\",\"https:\\\/\\\/www.instagram.com\\\/lrbeautyeu\\\/\"]}]}<\/script>\n<meta property=\"product:price:amount\" content=\"26.49\" \/>\n<meta property=\"product:price:currency\" content=\"EUR\" \/>\n<meta property=\"og:availability\" content=\"instock\" \/>\n<meta property=\"product:availability\" content=\"instock\" \/>\n<meta property=\"product:retailer_item_id\" content=\"20915-1ES\" \/>\n<meta property=\"product:condition\" content=\"new\" \/>\n<!-- \/ Yoast SEO Premium plugin. -->","yoast_head_json":{"title":"Aloe Vera Gel de Emergencia para piel enrojecida o irritada","description":"\u00a1El Aloe Vera Gel de Emergencia es tu recurso de confianza para peque\u00f1as lesiones en la piel! Disfruta de su efecto refrescante y calmante.","robots":{"index":"index","follow":"follow","max-snippet":"max-snippet:-1","max-image-preview":"max-image-preview:large","max-video-preview":"max-video-preview:-1"},"canonical":"https:\/\/www.lraloeverashop.eu\/es\/producto\/aloe-vera-gel-de-emergencia\/","og_locale":"es_ES","og_type":"article","og_title":"Aloe Vera Gel de Emergencia","og_description":"\u00a1El Aloe Vera Gel de Emergencia es tu recurso de confianza para peque\u00f1as lesiones en la piel! Disfruta de su efecto refrescante y calmante.","og_url":"https:\/\/www.lraloeverashop.eu\/es\/producto\/aloe-vera-gel-de-emergencia\/","og_site_name":"Lr Tienda Aloe Vera","article_publisher":"https:\/\/www.facebook.com\/lraloeverashop.eu","article_modified_time":"2026-02-09T03:28:00+00:00","og_image":[{"width":1200,"height":1200,"url":"https:\/\/www.lraloeverashop.eu\/wp-content\/uploads\/2025\/05\/Lr-Aloe-Vera-Emergency-Gel.jpeg","type":"image\/jpeg"}],"twitter_card":"summary_large_image","twitter_site":"@natur__kosmetik","schema":{"@context":"https:\/\/schema.org","@graph":[{"@type":["WebPage","ItemPage"],"@id":"https:\/\/www.lraloeverashop.eu\/es\/producto\/aloe-vera-gel-de-emergencia\/","url":"https:\/\/www.lraloeverashop.eu\/es\/producto\/aloe-vera-gel-de-emergencia\/","name":"Aloe Vera Gel de Emergencia para piel enrojecida o irritada","isPartOf":{"@id":"https:\/\/www.lraloeverashop.eu\/es\/#website"},"primaryImageOfPage":{"@id":"https:\/\/www.lraloeverashop.eu\/es\/producto\/aloe-vera-gel-de-emergencia\/#primaryimage"},"image":{"@id":"https:\/\/www.lraloeverashop.eu\/es\/producto\/aloe-vera-gel-de-emergencia\/#primaryimage"},"thumbnailUrl":"https:\/\/www.lraloeverashop.eu\/wp-content\/uploads\/2025\/05\/Lr-Aloe-Vera-Emergency-Gel.jpeg","datePublished":"2025-05-02T15:37:09+00:00","dateModified":"2026-02-09T03:28:00+00:00","description":"\u00a1El Aloe Vera Gel de Emergencia es tu recurso de confianza para peque\u00f1as lesiones en la piel! Disfruta de su efecto refrescante y calmante.","breadcrumb":{"@id":"https:\/\/www.lraloeverashop.eu\/es\/producto\/aloe-vera-gel-de-emergencia\/#breadcrumb"},"inLanguage":"es","potentialAction":[{"@type":"ReadAction","target":["https:\/\/www.lraloeverashop.eu\/es\/producto\/aloe-vera-gel-de-emergencia\/"]}]},{"@type":"ImageObject","inLanguage":"es","@id":"https:\/\/www.lraloeverashop.eu\/es\/producto\/aloe-vera-gel-de-emergencia\/#primaryimage","url":"https:\/\/www.lraloeverashop.eu\/wp-content\/uploads\/2025\/05\/Lr-Aloe-Vera-Emergency-Gel.jpeg","contentUrl":"https:\/\/www.lraloeverashop.eu\/wp-content\/uploads\/2025\/05\/Lr-Aloe-Vera-Emergency-Gel.jpeg","width":1200,"height":1200,"caption":"Aloe Vera Gel de Emergencia favorece la regeneraci\u00f3n tras accidentes menores"},{"@type":"BreadcrumbList","@id":"https:\/\/www.lraloeverashop.eu\/es\/producto\/aloe-vera-gel-de-emergencia\/#breadcrumb","itemListElement":[{"@type":"ListItem","position":1,"name":"Home","item":"https:\/\/www.lraloeverashop.eu\/es\/"},{"@type":"ListItem","position":2,"name":"Tienda","item":"https:\/\/www.lraloeverashop.eu\/es\/tienda\/"},{"@type":"ListItem","position":3,"name":"Aloe Vera Gel de Emergencia"}]},{"@type":"WebSite","@id":"https:\/\/www.lraloeverashop.eu\/es\/#website","url":"https:\/\/www.lraloeverashop.eu\/es\/","name":"Lr Tienda Aloe Vera","description":"High Quality Lr Aloe Vera Gel, Aloe Vera Cream and Shampoo","publisher":{"@id":"https:\/\/www.lraloeverashop.eu\/es\/#organization"},"potentialAction":[{"@type":"SearchAction","target":{"@type":"EntryPoint","urlTemplate":"https:\/\/www.lraloeverashop.eu\/es\/?s={search_term_string}"},"query-input":{"@type":"PropertyValueSpecification","valueRequired":true,"valueName":"search_term_string"}}],"inLanguage":"es"},{"@type":"Organization","@id":"https:\/\/www.lraloeverashop.eu\/es\/#organization","name":"Lr Tienda Aloe Vera","alternateName":"LR","url":"https:\/\/www.lraloeverashop.eu\/es\/","logo":{"@type":"ImageObject","inLanguage":"es","@id":"https:\/\/www.lraloeverashop.eu\/es\/#\/schema\/logo\/image\/","url":"https:\/\/www.lraloeverashop.eu\/wp-content\/uploads\/2022\/09\/cropped-Lr-Aloe-Vera-Shop.jpg","contentUrl":"https:\/\/www.lraloeverashop.eu\/wp-content\/uploads\/2022\/09\/cropped-Lr-Aloe-Vera-Shop.jpg","width":228,"height":76,"caption":"Lr Tienda Aloe Vera"},"image":{"@id":"https:\/\/www.lraloeverashop.eu\/es\/#\/schema\/logo\/image\/"},"sameAs":["https:\/\/www.facebook.com\/lraloeverashop.eu","https:\/\/x.com\/natur__kosmetik","https:\/\/www.youtube.com\/channel\/UC5oN7BJ8nfYb8RpVtjwDEBA","https:\/\/www.instagram.com\/lrbeautyeu\/"]}]},"product_price_amount":"26.49","product_price_currency":"EUR","og_availability":"instock","product_availability":"instock","product_retailer_item_id":"20915-1ES","product_condition":"new"},"taxonomy_info":{"product_cat":[{"value":217,"label":"Aloe Vera"},{"value":232,"label":"Cuidado Corporal"},{"value":265,"label":"Cuidado Especial"}],"product_tag":[{"value":569,"label":"cortes"},{"value":1208,"label":"Gel fermentado"},{"value":628,"label":"Heridas"}]},"featured_image_src_large":["https:\/\/www.lraloeverashop.eu\/wp-content\/uploads\/2025\/05\/Lr-Aloe-Vera-Emergency-Gel-1024x1024.jpeg",1024,1024,true],"author_info":[],"comment_info":0,"_links":{"self":[{"href":"https:\/\/www.lraloeverashop.eu\/es\/wp-json\/wp\/v2\/product\/28044","targetHints":{"allow":["GET"]}}],"collection":[{"href":"https:\/\/www.lraloeverashop.eu\/es\/wp-json\/wp\/v2\/product"}],"about":[{"href":"https:\/\/www.lraloeverashop.eu\/es\/wp-json\/wp\/v2\/types\/product"}],"replies":[{"embeddable":true,"href":"https:\/\/www.lraloeverashop.eu\/es\/wp-json\/wp\/v2\/comments?post=28044"}],"wp:featuredmedia":[{"embeddable":true,"href":"https:\/\/www.lraloeverashop.eu\/es\/wp-json\/wp\/v2\/media\/27905"}],"wp:attachment":[{"href":"https:\/\/www.lraloeverashop.eu\/es\/wp-json\/wp\/v2\/media?parent=28044"}],"wp:term":[{"taxonomy":"product_brand","embeddable":true,"href":"https:\/\/www.lraloeverashop.eu\/es\/wp-json\/wp\/v2\/product_brand?post=28044"},{"taxonomy":"product_cat","embeddable":true,"href":"https:\/\/www.lraloeverashop.eu\/es\/wp-json\/wp\/v2\/product_cat?post=28044"},{"taxonomy":"product_tag","embeddable":true,"href":"https:\/\/www.lraloeverashop.eu\/es\/wp-json\/wp\/v2\/product_tag?post=28044"}],"curies":[{"name":"wp","href":"https:\/\/api.w.org\/{rel}","templated":true}]}}