{"id":21888,"date":"2025-01-26T08:21:45","date_gmt":"2025-01-26T07:21:45","guid":{"rendered":"https:\/\/www.lraloeverashop.eu\/?post_type=product&#038;p=21888"},"modified":"2026-02-09T04:28:51","modified_gmt":"2026-02-09T03:28:51","slug":"suplemento-de-fibra-fiber-boost","status":"publish","type":"product","link":"https:\/\/www.lraloeverashop.eu\/es\/producto\/suplemento-de-fibra-fiber-boost\/","title":{"rendered":"Suplemento de Fibra Fiber Boost"},"content":{"rendered":"<h2><span style=\"font-size: 16pt;\"><strong>Suplemento de Fibra Fiber Boost<\/strong><\/span><\/h2>\n<p><span style=\"font-size: 14pt;\"><strong>Suplemento de Fibra Fiber Boost \u2013 su aporte diario de fibra<\/strong><\/span><\/p>\n<p>\u00bfTiene hambre constantemente o no alcanza la cantidad necesaria para consumir fibra? Suplemento de Fibra Fiber Boost est\u00e1 aqu\u00ed para simplificarle el camino hacia una mejor salud. Este poderoso suplemento, formulado para ayudarlo a sentirse satisfecho y concentrado, favorece el control del peso y el bienestar general para que pueda cumplir con sus objetivos.<\/p>\n<h3><span style=\"font-size: 16pt;\"><strong>\u00bfPor qu\u00e9 deber\u00eda elegir Suplemento de Fibra?<\/strong><\/span><\/h3>\n<p>Obtener suficiente fibra en un estilo de vida ajetreado puede ser dif\u00edcil. Por eso, Suplemento de Fibra diet\u00e9tica combina tres tipos de fibra, junto con nutrientes esenciales, para mantener su cuerpo satisfecho y con energ\u00eda. Es la soluci\u00f3n perfecta para quienes buscan acabar con los antojos, mejorar la digesti\u00f3n y mantener estables los niveles de az\u00facar en sangre, todo sin az\u00facares a\u00f1adidos.<\/p>\n<h3><span style=\"font-size: 16pt;\"><strong>Beneficios<\/strong><\/span><\/h3>\n<ol>\n<li><strong>Combata el hambre:<\/strong> Suplemento de Fibra Fiber Boost reduce los antojos entre comidas, lo que la hace ideal para controlar el peso.<\/li>\n<li><strong>Favorece el metabolismo:<\/strong> est\u00e1 enriquecida con cromo para regular los niveles de az\u00facar en sangre.<\/li>\n<li><strong>Ingredientes beneficiosos para el intestino:<\/strong> ayudan a mantener una digesti\u00f3n fluida y favorecen la <strong><a href=\"https:\/\/www.lraloeverashop.eu\/es\/producto\/probioticos-pro-12-plus\/\">salud intestinal<\/a><\/strong> en general.<\/li>\n<li><strong>Dulzura baja en calor\u00edas:<\/strong> endulzada naturalmente con stevia, para que puedas disfrutarla sin remordimientos.<\/li>\n<\/ol>\n<h3><span style=\"font-size: 16pt;\"><strong>C\u00f3mo usar<\/strong><\/span><\/h3>\n<p>Tome una vez al d\u00eda una porci\u00f3n de Suplemento de Fibra Fiber Boost. Se recomienda tomar entre comidas.<\/p>\n<p>Preparaci\u00f3n: Mezcle dos cucharadas niveladas (una cucharada = aproximadamente 3.5 g) en 200 ml de leche baja en grasa y sin lactosa (1.5% de grasa) o agua para consumo inmediato. Use al menos un vaso de 300 ml. Para esto recomendamos la preparaci\u00f3n en el LR Shaker.<\/p>\n<p>Nota: aseg\u00farese de <strong><a href=\"https:\/\/www.lraloeverashop.eu\/es\/producto\/te-de-hierbas-para-adelgazar\/\">beber suficiente<\/a><\/strong>. No se debe exceder la dosis diaria recomendada. Los suplementos nutricionales\u00a0no son un sustituto de una dieta variada y equilibrada que es importante junto con un estilo de vida saludable. Mantenga el producto fuera del alcance de los ni\u00f1os peque\u00f1os. Mant\u00e9ngalo bien cerrado, seco y gu\u00e1rdelo a temperatura ambiente. Cierre nuevamente despu\u00e9s de abrir.<\/p>\n<h3><span style=\"font-size: 16pt;\"><strong>C\u00f3modo y flexible<\/strong><\/span><\/h3>\n<p>Ya sea que est\u00e9s en casa, en la oficina o de viaje, Suplemento de Fibra Fiber Boost se adapta sin esfuerzo a tu d\u00eda. Est\u00e1 dise\u00f1ado para complementar su estilo de vida activo sin interrumpir su rutina.<\/p>\n<p>Combine Suplemento de Fibra diet\u00e9tica con una dieta equilibrada y ejercicio regular para obtener resultados \u00f3ptimos. Recuerde, no se trata solo de <strong><a href=\"https:\/\/www.lraloeverashop.eu\/es\/producto\/sopa-de-patata\/\">frenar el hambre<\/a><\/strong>, se trata de desarrollar un estilo de vida saludable.<\/p>\n<p>Alcance sus objetivos diarios de fibra con facilidad y disfrute de una mayor satisfacci\u00f3n entre comidas. \u00a1Tome el primer paso hacia una vida m\u00e1s saludable hoy mismo!<\/p>\n","protected":false},"excerpt":{"rendered":"<ul>\n<li><span style=\"color: #ff0000;\"><strong>Oferta limitada<\/strong><\/span><\/li>\n<li>Fibra contra el hambre<\/li>\n<li>Bajo en calor\u00edas con<\/li>\n<li>la dulzura natural de Stevia<\/li>\n<li>Rico en fibra de 3 fuentes diferentes<\/li>\n<li>Cantidad: 2 x 210g<\/li>\n<\/ul>\n<p><span style=\"color: #ff0000;\"><a style=\"color: #ff0000;\" href=\"https:\/\/shop.lrworld.com\/openpao?PHP=0vFlt7jT938BEnBI3a6e9w%3D%3D\"><span style=\"font-size: 14pt;\"><strong>Reg\u00edstrate aqu\u00ed y ahorra 35% en cada compra<\/strong><\/span><\/a><\/span><\/p>\n","protected":false},"featured_media":21845,"comment_status":"open","ping_status":"closed","template":"","meta":{"_kad_blocks_custom_css":"","_kad_blocks_head_custom_js":"","_kad_blocks_body_custom_js":"","_kad_blocks_footer_custom_js":"","_kadence_starter_templates_imported_post":false,"_kad_post_transparent":"default","_kad_post_title":"","_kad_post_layout":"default","_kad_post_sidebar_id":"","_kad_post_content_style":"default","_kad_post_vertical_padding":"default","_kad_post_feature":"","_kad_post_feature_position":"","_kad_post_header":false,"_kad_post_footer":false,"_kad_post_classname":""},"product_brand":[],"product_cat":[344,469,439,338,356],"product_tag":[633],"class_list":{"0":"post-21888","1":"product","2":"type-product","3":"status-publish","4":"has-post-thumbnail","6":"product_cat-companero-de-dieta","7":"product_cat-especialistas","8":"product_cat-intestinos-y-digestion","9":"product_cat-suplementos-dieteticos","10":"product_cat-ventas","11":"product_tag-dieta-es","13":"first","14":"outofstock","15":"sale","16":"taxable","17":"shipping-taxable","18":"purchasable","19":"product-type-simple","20":"entry","21":"content-bg","22":"loop-entry"},"yoast_head":"<!-- This site is optimized with the Yoast SEO Premium plugin v27.4 (Yoast SEO v27.4) - https:\/\/yoast.com\/product\/yoast-seo-premium-wordpress\/ -->\n<title>Suplemento de Fibra Fiber Boost - su dosis diaria de fibra<\/title>\n<meta name=\"description\" content=\"Aumente su consumo de fibra sin esfuerzo con Suplemento de Fibra Fiber Boost. Controle los antojos, favorezca la digesti\u00f3n y si\u00e9ntase satisfecho.\" \/>\n<meta name=\"robots\" content=\"index, follow, max-snippet:-1, max-image-preview:large, max-video-preview:-1\" \/>\n<link rel=\"canonical\" href=\"https:\/\/www.lraloeverashop.eu\/es\/producto\/suplemento-de-fibra-fiber-boost\/\" \/>\n<meta property=\"og:locale\" content=\"es_ES\" \/>\n<meta property=\"og:type\" content=\"article\" \/>\n<meta property=\"og:title\" content=\"Suplemento de Fibra Fiber Boost\" \/>\n<meta property=\"og:description\" content=\"Aumente su consumo de fibra sin esfuerzo con Suplemento de Fibra Fiber Boost. Controle los antojos, favorezca la digesti\u00f3n y si\u00e9ntase satisfecho.\" \/>\n<meta property=\"og:url\" content=\"https:\/\/www.lraloeverashop.eu\/es\/producto\/suplemento-de-fibra-fiber-boost\/\" \/>\n<meta property=\"og:site_name\" content=\"Lr Tienda Aloe Vera\" \/>\n<meta property=\"article:publisher\" content=\"https:\/\/www.facebook.com\/lraloeverashop.eu\" \/>\n<meta property=\"article:modified_time\" content=\"2026-02-09T03:28:51+00:00\" \/>\n<meta property=\"og:image\" content=\"https:\/\/www.lraloeverashop.eu\/wp-content\/uploads\/2025\/01\/Fiber-Boost-Fiber-Supplement.jpg\" \/>\n\t<meta property=\"og:image:width\" content=\"1200\" \/>\n\t<meta property=\"og:image:height\" content=\"1200\" \/>\n\t<meta property=\"og:image:type\" content=\"image\/jpeg\" \/>\n<meta name=\"twitter:card\" content=\"summary_large_image\" \/>\n<meta name=\"twitter:site\" content=\"@natur__kosmetik\" \/>\n<script type=\"application\/ld+json\" class=\"yoast-schema-graph\">{\"@context\":\"https:\\\/\\\/schema.org\",\"@graph\":[{\"@type\":[\"WebPage\",\"ItemPage\"],\"@id\":\"https:\\\/\\\/www.lraloeverashop.eu\\\/es\\\/producto\\\/suplemento-de-fibra-fiber-boost\\\/\",\"url\":\"https:\\\/\\\/www.lraloeverashop.eu\\\/es\\\/producto\\\/suplemento-de-fibra-fiber-boost\\\/\",\"name\":\"Suplemento de Fibra Fiber Boost - su dosis diaria de fibra\",\"isPartOf\":{\"@id\":\"https:\\\/\\\/www.lraloeverashop.eu\\\/es\\\/#website\"},\"primaryImageOfPage\":{\"@id\":\"https:\\\/\\\/www.lraloeverashop.eu\\\/es\\\/producto\\\/suplemento-de-fibra-fiber-boost\\\/#primaryimage\"},\"image\":{\"@id\":\"https:\\\/\\\/www.lraloeverashop.eu\\\/es\\\/producto\\\/suplemento-de-fibra-fiber-boost\\\/#primaryimage\"},\"thumbnailUrl\":\"https:\\\/\\\/www.lraloeverashop.eu\\\/wp-content\\\/uploads\\\/2025\\\/01\\\/Fiber-Boost-Fiber-Supplement.jpg\",\"datePublished\":\"2025-01-26T07:21:45+00:00\",\"dateModified\":\"2026-02-09T03:28:51+00:00\",\"description\":\"Aumente su consumo de fibra sin esfuerzo con Suplemento de Fibra Fiber Boost. Controle los antojos, favorezca la digesti\u00f3n y si\u00e9ntase satisfecho.\",\"breadcrumb\":{\"@id\":\"https:\\\/\\\/www.lraloeverashop.eu\\\/es\\\/producto\\\/suplemento-de-fibra-fiber-boost\\\/#breadcrumb\"},\"inLanguage\":\"es\",\"potentialAction\":[{\"@type\":\"ReadAction\",\"target\":[\"https:\\\/\\\/www.lraloeverashop.eu\\\/es\\\/producto\\\/suplemento-de-fibra-fiber-boost\\\/\"]}]},{\"@type\":\"ImageObject\",\"inLanguage\":\"es\",\"@id\":\"https:\\\/\\\/www.lraloeverashop.eu\\\/es\\\/producto\\\/suplemento-de-fibra-fiber-boost\\\/#primaryimage\",\"url\":\"https:\\\/\\\/www.lraloeverashop.eu\\\/wp-content\\\/uploads\\\/2025\\\/01\\\/Fiber-Boost-Fiber-Supplement.jpg\",\"contentUrl\":\"https:\\\/\\\/www.lraloeverashop.eu\\\/wp-content\\\/uploads\\\/2025\\\/01\\\/Fiber-Boost-Fiber-Supplement.jpg\",\"width\":1200,\"height\":1200,\"caption\":\"Suplemento de fibra Fiber Boost Oferta Limitada\"},{\"@type\":\"BreadcrumbList\",\"@id\":\"https:\\\/\\\/www.lraloeverashop.eu\\\/es\\\/producto\\\/suplemento-de-fibra-fiber-boost\\\/#breadcrumb\",\"itemListElement\":[{\"@type\":\"ListItem\",\"position\":1,\"name\":\"Home\",\"item\":\"https:\\\/\\\/www.lraloeverashop.eu\\\/es\\\/\"},{\"@type\":\"ListItem\",\"position\":2,\"name\":\"Tienda\",\"item\":\"https:\\\/\\\/www.lraloeverashop.eu\\\/es\\\/tienda\\\/\"},{\"@type\":\"ListItem\",\"position\":3,\"name\":\"Suplemento de Fibra Fiber Boost\"}]},{\"@type\":\"WebSite\",\"@id\":\"https:\\\/\\\/www.lraloeverashop.eu\\\/es\\\/#website\",\"url\":\"https:\\\/\\\/www.lraloeverashop.eu\\\/es\\\/\",\"name\":\"Lr Tienda Aloe Vera\",\"description\":\"High Quality Lr Aloe Vera Gel, Aloe Vera Cream and Shampoo\",\"publisher\":{\"@id\":\"https:\\\/\\\/www.lraloeverashop.eu\\\/es\\\/#organization\"},\"potentialAction\":[{\"@type\":\"SearchAction\",\"target\":{\"@type\":\"EntryPoint\",\"urlTemplate\":\"https:\\\/\\\/www.lraloeverashop.eu\\\/es\\\/?s={search_term_string}\"},\"query-input\":{\"@type\":\"PropertyValueSpecification\",\"valueRequired\":true,\"valueName\":\"search_term_string\"}}],\"inLanguage\":\"es\"},{\"@type\":\"Organization\",\"@id\":\"https:\\\/\\\/www.lraloeverashop.eu\\\/es\\\/#organization\",\"name\":\"Lr Tienda Aloe Vera\",\"alternateName\":\"LR\",\"url\":\"https:\\\/\\\/www.lraloeverashop.eu\\\/es\\\/\",\"logo\":{\"@type\":\"ImageObject\",\"inLanguage\":\"es\",\"@id\":\"https:\\\/\\\/www.lraloeverashop.eu\\\/es\\\/#\\\/schema\\\/logo\\\/image\\\/\",\"url\":\"https:\\\/\\\/www.lraloeverashop.eu\\\/wp-content\\\/uploads\\\/2022\\\/09\\\/cropped-Lr-Aloe-Vera-Shop.jpg\",\"contentUrl\":\"https:\\\/\\\/www.lraloeverashop.eu\\\/wp-content\\\/uploads\\\/2022\\\/09\\\/cropped-Lr-Aloe-Vera-Shop.jpg\",\"width\":228,\"height\":76,\"caption\":\"Lr Tienda Aloe Vera\"},\"image\":{\"@id\":\"https:\\\/\\\/www.lraloeverashop.eu\\\/es\\\/#\\\/schema\\\/logo\\\/image\\\/\"},\"sameAs\":[\"https:\\\/\\\/www.facebook.com\\\/lraloeverashop.eu\",\"https:\\\/\\\/x.com\\\/natur__kosmetik\",\"https:\\\/\\\/www.youtube.com\\\/channel\\\/UC5oN7BJ8nfYb8RpVtjwDEBA\",\"https:\\\/\\\/www.instagram.com\\\/lrbeautyeu\\\/\"],\"description\":\"La tienda Lr Aloe Vera es tu destino de confianza para productos premium de salud y belleza LR, fabricados en Alemania. Ofrecemos soluciones de alta calidad para el cuidado de la piel, nutrici\u00f3n y antienvejecimiento con Aloe Vera, elaboradas con ingredientes puros y respaldadas por investigaci\u00f3n cient\u00edfica. Descubre un cuidado natural que regenera, protege y revitaliza tu piel, y disfruta de ofertas mensuales exclusivas en nuestros productos LR Aloe Vera m\u00e1s vendidos.\\n\\nComienza hoy mismo tu camino hacia el cuidado natural de la piel y siente la diferencia.\",\"email\":\"info@lraloeverashop.eu\",\"telephone\":\"+49 17670609653\",\"legalName\":\"Lr Aloe Vera Shop\",\"foundingDate\":\"2018-04-21\",\"numberOfEmployees\":{\"@type\":\"QuantitativeValue\",\"minValue\":\"1\",\"maxValue\":\"10\"}}]}<\/script>\n<meta property=\"product:price:amount\" content=\"47.98\" \/>\n<meta property=\"product:price:currency\" content=\"EUR\" \/>\n<meta property=\"og:availability\" content=\"out of stock\" \/>\n<meta property=\"product:availability\" content=\"out of stock\" \/>\n<meta property=\"product:retailer_item_id\" content=\"80632-99ES\" \/>\n<meta property=\"product:condition\" content=\"new\" \/>\n<!-- \/ Yoast SEO Premium plugin. -->","yoast_head_json":{"title":"Suplemento de Fibra Fiber Boost - su dosis diaria de fibra","description":"Aumente su consumo de fibra sin esfuerzo con Suplemento de Fibra Fiber Boost. Controle los antojos, favorezca la digesti\u00f3n y si\u00e9ntase satisfecho.","robots":{"index":"index","follow":"follow","max-snippet":"max-snippet:-1","max-image-preview":"max-image-preview:large","max-video-preview":"max-video-preview:-1"},"canonical":"https:\/\/www.lraloeverashop.eu\/es\/producto\/suplemento-de-fibra-fiber-boost\/","og_locale":"es_ES","og_type":"article","og_title":"Suplemento de Fibra Fiber Boost","og_description":"Aumente su consumo de fibra sin esfuerzo con Suplemento de Fibra Fiber Boost. Controle los antojos, favorezca la digesti\u00f3n y si\u00e9ntase satisfecho.","og_url":"https:\/\/www.lraloeverashop.eu\/es\/producto\/suplemento-de-fibra-fiber-boost\/","og_site_name":"Lr Tienda Aloe Vera","article_publisher":"https:\/\/www.facebook.com\/lraloeverashop.eu","article_modified_time":"2026-02-09T03:28:51+00:00","og_image":[{"width":1200,"height":1200,"url":"https:\/\/www.lraloeverashop.eu\/wp-content\/uploads\/2025\/01\/Fiber-Boost-Fiber-Supplement.jpg","type":"image\/jpeg"}],"twitter_card":"summary_large_image","twitter_site":"@natur__kosmetik","schema":{"@context":"https:\/\/schema.org","@graph":[{"@type":["WebPage","ItemPage"],"@id":"https:\/\/www.lraloeverashop.eu\/es\/producto\/suplemento-de-fibra-fiber-boost\/","url":"https:\/\/www.lraloeverashop.eu\/es\/producto\/suplemento-de-fibra-fiber-boost\/","name":"Suplemento de Fibra Fiber Boost - su dosis diaria de fibra","isPartOf":{"@id":"https:\/\/www.lraloeverashop.eu\/es\/#website"},"primaryImageOfPage":{"@id":"https:\/\/www.lraloeverashop.eu\/es\/producto\/suplemento-de-fibra-fiber-boost\/#primaryimage"},"image":{"@id":"https:\/\/www.lraloeverashop.eu\/es\/producto\/suplemento-de-fibra-fiber-boost\/#primaryimage"},"thumbnailUrl":"https:\/\/www.lraloeverashop.eu\/wp-content\/uploads\/2025\/01\/Fiber-Boost-Fiber-Supplement.jpg","datePublished":"2025-01-26T07:21:45+00:00","dateModified":"2026-02-09T03:28:51+00:00","description":"Aumente su consumo de fibra sin esfuerzo con Suplemento de Fibra Fiber Boost. Controle los antojos, favorezca la digesti\u00f3n y si\u00e9ntase satisfecho.","breadcrumb":{"@id":"https:\/\/www.lraloeverashop.eu\/es\/producto\/suplemento-de-fibra-fiber-boost\/#breadcrumb"},"inLanguage":"es","potentialAction":[{"@type":"ReadAction","target":["https:\/\/www.lraloeverashop.eu\/es\/producto\/suplemento-de-fibra-fiber-boost\/"]}]},{"@type":"ImageObject","inLanguage":"es","@id":"https:\/\/www.lraloeverashop.eu\/es\/producto\/suplemento-de-fibra-fiber-boost\/#primaryimage","url":"https:\/\/www.lraloeverashop.eu\/wp-content\/uploads\/2025\/01\/Fiber-Boost-Fiber-Supplement.jpg","contentUrl":"https:\/\/www.lraloeverashop.eu\/wp-content\/uploads\/2025\/01\/Fiber-Boost-Fiber-Supplement.jpg","width":1200,"height":1200,"caption":"Suplemento de fibra Fiber Boost Oferta Limitada"},{"@type":"BreadcrumbList","@id":"https:\/\/www.lraloeverashop.eu\/es\/producto\/suplemento-de-fibra-fiber-boost\/#breadcrumb","itemListElement":[{"@type":"ListItem","position":1,"name":"Home","item":"https:\/\/www.lraloeverashop.eu\/es\/"},{"@type":"ListItem","position":2,"name":"Tienda","item":"https:\/\/www.lraloeverashop.eu\/es\/tienda\/"},{"@type":"ListItem","position":3,"name":"Suplemento de Fibra Fiber Boost"}]},{"@type":"WebSite","@id":"https:\/\/www.lraloeverashop.eu\/es\/#website","url":"https:\/\/www.lraloeverashop.eu\/es\/","name":"Lr Tienda Aloe Vera","description":"High Quality Lr Aloe Vera Gel, Aloe Vera Cream and Shampoo","publisher":{"@id":"https:\/\/www.lraloeverashop.eu\/es\/#organization"},"potentialAction":[{"@type":"SearchAction","target":{"@type":"EntryPoint","urlTemplate":"https:\/\/www.lraloeverashop.eu\/es\/?s={search_term_string}"},"query-input":{"@type":"PropertyValueSpecification","valueRequired":true,"valueName":"search_term_string"}}],"inLanguage":"es"},{"@type":"Organization","@id":"https:\/\/www.lraloeverashop.eu\/es\/#organization","name":"Lr Tienda Aloe Vera","alternateName":"LR","url":"https:\/\/www.lraloeverashop.eu\/es\/","logo":{"@type":"ImageObject","inLanguage":"es","@id":"https:\/\/www.lraloeverashop.eu\/es\/#\/schema\/logo\/image\/","url":"https:\/\/www.lraloeverashop.eu\/wp-content\/uploads\/2022\/09\/cropped-Lr-Aloe-Vera-Shop.jpg","contentUrl":"https:\/\/www.lraloeverashop.eu\/wp-content\/uploads\/2022\/09\/cropped-Lr-Aloe-Vera-Shop.jpg","width":228,"height":76,"caption":"Lr Tienda Aloe Vera"},"image":{"@id":"https:\/\/www.lraloeverashop.eu\/es\/#\/schema\/logo\/image\/"},"sameAs":["https:\/\/www.facebook.com\/lraloeverashop.eu","https:\/\/x.com\/natur__kosmetik","https:\/\/www.youtube.com\/channel\/UC5oN7BJ8nfYb8RpVtjwDEBA","https:\/\/www.instagram.com\/lrbeautyeu\/"],"description":"La tienda Lr Aloe Vera es tu destino de confianza para productos premium de salud y belleza LR, fabricados en Alemania. Ofrecemos soluciones de alta calidad para el cuidado de la piel, nutrici\u00f3n y antienvejecimiento con Aloe Vera, elaboradas con ingredientes puros y respaldadas por investigaci\u00f3n cient\u00edfica. Descubre un cuidado natural que regenera, protege y revitaliza tu piel, y disfruta de ofertas mensuales exclusivas en nuestros productos LR Aloe Vera m\u00e1s vendidos.\n\nComienza hoy mismo tu camino hacia el cuidado natural de la piel y siente la diferencia.","email":"info@lraloeverashop.eu","telephone":"+49 17670609653","legalName":"Lr Aloe Vera Shop","foundingDate":"2018-04-21","numberOfEmployees":{"@type":"QuantitativeValue","minValue":"1","maxValue":"10"}}]},"product_price_amount":"47.98","product_price_currency":"EUR","og_availability":"out of stock","product_availability":"out of stock","product_retailer_item_id":"80632-99ES","product_condition":"new"},"taxonomy_info":{"product_cat":[{"value":344,"label":"Compa\u00f1ero de dieta"},{"value":469,"label":"Especialistas"},{"value":439,"label":"Intestinos y Digesti\u00f3n"},{"value":338,"label":"Sustituto de la comida"},{"value":356,"label":"Ventas"}],"product_tag":[{"value":633,"label":"Dieta"}]},"featured_image_src_large":["https:\/\/www.lraloeverashop.eu\/wp-content\/uploads\/2025\/01\/Fiber-Boost-Fiber-Supplement-1024x1024.jpg",1024,1024,true],"author_info":[],"comment_info":0,"_links":{"self":[{"href":"https:\/\/www.lraloeverashop.eu\/es\/wp-json\/wp\/v2\/product\/21888","targetHints":{"allow":["GET"]}}],"collection":[{"href":"https:\/\/www.lraloeverashop.eu\/es\/wp-json\/wp\/v2\/product"}],"about":[{"href":"https:\/\/www.lraloeverashop.eu\/es\/wp-json\/wp\/v2\/types\/product"}],"replies":[{"embeddable":true,"href":"https:\/\/www.lraloeverashop.eu\/es\/wp-json\/wp\/v2\/comments?post=21888"}],"wp:featuredmedia":[{"embeddable":true,"href":"https:\/\/www.lraloeverashop.eu\/es\/wp-json\/wp\/v2\/media\/21845"}],"wp:attachment":[{"href":"https:\/\/www.lraloeverashop.eu\/es\/wp-json\/wp\/v2\/media?parent=21888"}],"wp:term":[{"taxonomy":"product_brand","embeddable":true,"href":"https:\/\/www.lraloeverashop.eu\/es\/wp-json\/wp\/v2\/product_brand?post=21888"},{"taxonomy":"product_cat","embeddable":true,"href":"https:\/\/www.lraloeverashop.eu\/es\/wp-json\/wp\/v2\/product_cat?post=21888"},{"taxonomy":"product_tag","embeddable":true,"href":"https:\/\/www.lraloeverashop.eu\/es\/wp-json\/wp\/v2\/product_tag?post=21888"}],"curies":[{"name":"wp","href":"https:\/\/api.w.org\/{rel}","templated":true}]}}