{"id":18597,"date":"2024-11-08T12:52:00","date_gmt":"2024-11-08T11:52:00","guid":{"rendered":"https:\/\/www.lraloeverashop.eu\/product\/cbd-roll-on-para-masajes\/"},"modified":"2026-02-09T04:29:23","modified_gmt":"2026-02-09T03:29:23","slug":"cbd-roll-on-para-masajes","status":"publish","type":"product","link":"https:\/\/www.lraloeverashop.eu\/es\/producto\/cbd-roll-on-para-masajes\/","title":{"rendered":"CBD Roll-on Para Masajes"},"content":{"rendered":"<h2><span style=\"font-size: 16pt;\"><strong>CBD Roll-on Para Masajes<\/strong><\/span><\/h2>\n<p><span style=\"font-size: 14pt;\"><strong>CBD Roll-on Para Masajes. \u00a1siente la magia de la naturaleza en tu piel!<\/strong><\/span><\/p>\n<p>El relajante CBD Roll-on Para Masajes con un 20% de <a href=\"https:\/\/www.lraloeverashop.eu\/es\/producto\/gel-de-aloe-vera-immune-plus\/\">aloe vera<\/a>, aceite de semilla de cannabis sativa org\u00e1nico, CBD, extracto de c\u00farcuma org\u00e1nica e incienso tiene un efecto beneficioso sobre las partes del cuerpo especialmente estresadas.<\/p>\n<p>Los valiosos ingredientes como el aloe vera, el aceite de semilla de c\u00e1\u00f1amo con CBD, la c\u00farcuma y el incienso cuidan intensamente la piel, le aportan hidrataci\u00f3n, promueven su regeneraci\u00f3n y garantizan una capacidad de deslizamiento \u00f3ptima. Esto los convierte en los compa\u00f1eros ideales tanto durante como despu\u00e9s de un <a href=\"https:\/\/www.lraloeverashop.eu\/es\/producto\/kit-masaje-corporal-zeitgard-pro\/\">masaje<\/a> manual relajante, que puede aliviar las partes estresadas del cuerpo como los m\u00fasculos, las articulaciones, la fascia y la piel.<\/p>\n<p><strong>Lo especial del roll-on de CBD para masajes:<\/strong> el complejo activador de fr\u00edo y calor contenido en la receta garantiza una relajaci\u00f3n \u00f3ptima estimulando la microcirculaci\u00f3n y relajando el tejido: un verdadero placer, especialmente despu\u00e9s de la actividad deportiva u otro esfuerzo f\u00edsico.<\/p>\n<p>\u00a1Masajea las partes estresadas del cuerpo con una ligera presi\u00f3n y siente el efecto relajante agradable!<\/p>\n<p>&nbsp;<\/p>\n<h3><strong><span style=\"font-size: 16pt;\">Como Usar<\/span><\/strong><\/h3>\n<p><strong>Paso 1:<\/strong> Girar el tap\u00f3n en sentido contrario a las agujas del reloj.<\/p>\n<p><strong>Paso 2:<\/strong> Aplicar la loci\u00f3n en las partes del cuerpo estresadas con movimientos circulares utilizando el roll-on de masaje.<\/p>\n<p><strong>Paso 3:<\/strong> Volver a cerrar el tap\u00f3n y disfrutar de un masaje relajante.<\/p>\n<p><strong>Paso 4:<\/strong> Consejo para llevar: Masajear la loci\u00f3n con el tap\u00f3n del roll-on resellado, para no tener que lavarse las manos despu\u00e9s.<\/p>\n<p><span style=\"color: #ff0000;\"><strong>Advertencias:<\/strong><\/span> Lavarse las manos despu\u00e9s del contacto con el l\u00edquido. Evitar el contacto con los ojos y las mucosas. En caso de contacto accidental, enjuagar inmediatamente con agua. Mantener el producto fuera del alcance de los ni\u00f1os.<\/p>\n<p>&nbsp;<\/p>\n<h3><strong><span style=\"font-size: 16pt;\">\u00bfSab\u00edas que?<\/span><\/strong><\/h3>\n<p>El CBD Roll-on Para Masajes forma parte de la serie de cuidado premium con CBD y contiene valiosos ingredientes activos de Aloe Vera Barbadensis y Cannabis Sativa. La combinaci\u00f3n de aloe vera y aceite de semilla de cannabis sativa org\u00e1nico mezclado con CBD tiene un efecto calmante e intensivo sobre la piel especialmente estresada y estresada, ya que se apoya el proceso de regeneraci\u00f3n de la piel y se nutre.<\/p>\n<p>El cannabidiol, o CBD para abreviar, es un ingrediente natural de la planta de c\u00e1\u00f1amo y se extrae de sus hojas y tallos. El aceite de semilla de cannabis sativa org\u00e1nico mezclado con CBD puede cuidar especialmente bien la piel estresada con sus propiedades calmantes para la piel.<\/p>\n","protected":false},"excerpt":{"rendered":"<ul>\n<li>Roll-on relajante con un 20 % de aloe vera, aceite de semilla de cannabis sativa org\u00e1nico, CBD, extracto de c\u00farcuma org\u00e1nico e incienso<\/li>\n<li>Calmante para las partes estresadas del cuerpo<\/li>\n<li>Con complejo fr\u00edo-calor: activa y relaja al mismo tiempo<\/li>\n<li>Masajea con una ligera presi\u00f3n y siente el efecto relajante<\/li>\n<li>Cantidad: 50 ml<\/li>\n<\/ul>\n<p><span style=\"color: #ff0000;\"><a style=\"color: #ff0000;\" href=\"https:\/\/shop.lrworld.com\/openpao?PHP=0vFlt7jT938BEnBI3a6e9w%3D%3D\"><span style=\"font-size: 14pt;\"><strong>Reg\u00edstrate aqu\u00ed y ahorra 35% en cada compra<\/strong><\/span><\/a><\/span><\/p>\n","protected":false},"featured_media":9789,"comment_status":"open","ping_status":"closed","template":"","meta":{"_kad_blocks_custom_css":"","_kad_blocks_head_custom_js":"","_kad_blocks_body_custom_js":"","_kad_blocks_footer_custom_js":"","_kadence_starter_templates_imported_post":false,"_kad_post_transparent":"default","_kad_post_title":"","_kad_post_layout":"default","_kad_post_sidebar_id":"","_kad_post_content_style":"default","_kad_post_vertical_padding":"default","_kad_post_feature":"","_kad_post_feature_position":"","_kad_post_header":false,"_kad_post_footer":false,"_kad_post_classname":""},"product_brand":[],"product_cat":[217,237,232],"product_tag":[573,629],"class_list":{"0":"post-18597","1":"product","2":"type-product","3":"status-publish","4":"has-post-thumbnail","6":"product_cat-aloe-vera-es","7":"product_cat-cbd-es","8":"product_cat-cuidado-corporal","9":"product_tag-masaje","10":"product_tag-productos-de-cbd","12":"first","13":"instock","14":"taxable","15":"shipping-taxable","16":"purchasable","17":"product-type-simple","18":"entry","19":"content-bg","20":"loop-entry"},"yoast_head":"<!-- This site is optimized with the Yoast SEO Premium plugin v27.4 (Yoast SEO v27.4) - https:\/\/yoast.com\/product\/yoast-seo-premium-wordpress\/ -->\n<title>CBD Roll-on Para Masajes alivia el estr\u00e9s y nutre tu piel<\/title>\n<meta name=\"description\" content=\"Revitaliza tu cuerpo con nuestro CBD Roll-on Para Masajes. Experimente la magia de la naturaleza con una mezcla de CBD, aloe vera y extractos org\u00e1nicos.\" \/>\n<meta name=\"robots\" content=\"index, follow, max-snippet:-1, max-image-preview:large, max-video-preview:-1\" \/>\n<link rel=\"canonical\" href=\"https:\/\/www.lraloeverashop.eu\/es\/producto\/cbd-roll-on-para-masajes\/\" \/>\n<meta property=\"og:locale\" content=\"es_ES\" \/>\n<meta property=\"og:type\" content=\"article\" \/>\n<meta property=\"og:title\" content=\"CBD Roll-on Para Masajes\" \/>\n<meta property=\"og:description\" content=\"Revitaliza tu cuerpo con nuestro CBD Roll-on Para Masajes. Experimente la magia de la naturaleza con una mezcla de CBD, aloe vera y extractos org\u00e1nicos.\" \/>\n<meta property=\"og:url\" content=\"https:\/\/www.lraloeverashop.eu\/es\/producto\/cbd-roll-on-para-masajes\/\" \/>\n<meta property=\"og:site_name\" content=\"Lr Tienda Aloe Vera\" \/>\n<meta property=\"article:publisher\" content=\"https:\/\/www.facebook.com\/lraloeverashop.eu\" \/>\n<meta property=\"article:modified_time\" content=\"2026-02-09T03:29:23+00:00\" \/>\n<meta property=\"og:image\" content=\"https:\/\/www.lraloeverashop.eu\/wp-content\/uploads\/2023\/01\/Aloe-Vera-CBD-Roll-on-Deo.jpg\" \/>\n\t<meta property=\"og:image:width\" content=\"1200\" \/>\n\t<meta property=\"og:image:height\" content=\"1200\" \/>\n\t<meta property=\"og:image:type\" content=\"image\/jpeg\" \/>\n<meta name=\"twitter:card\" content=\"summary_large_image\" \/>\n<meta name=\"twitter:site\" content=\"@natur__kosmetik\" \/>\n<script type=\"application\/ld+json\" class=\"yoast-schema-graph\">{\"@context\":\"https:\\\/\\\/schema.org\",\"@graph\":[{\"@type\":[\"WebPage\",\"ItemPage\"],\"@id\":\"https:\\\/\\\/www.lraloeverashop.eu\\\/es\\\/producto\\\/cbd-roll-on-para-masajes\\\/\",\"url\":\"https:\\\/\\\/www.lraloeverashop.eu\\\/es\\\/producto\\\/cbd-roll-on-para-masajes\\\/\",\"name\":\"CBD Roll-on Para Masajes alivia el estr\u00e9s y nutre tu piel\",\"isPartOf\":{\"@id\":\"https:\\\/\\\/www.lraloeverashop.eu\\\/es\\\/#website\"},\"primaryImageOfPage\":{\"@id\":\"https:\\\/\\\/www.lraloeverashop.eu\\\/es\\\/producto\\\/cbd-roll-on-para-masajes\\\/#primaryimage\"},\"image\":{\"@id\":\"https:\\\/\\\/www.lraloeverashop.eu\\\/es\\\/producto\\\/cbd-roll-on-para-masajes\\\/#primaryimage\"},\"thumbnailUrl\":\"https:\\\/\\\/www.lraloeverashop.eu\\\/wp-content\\\/uploads\\\/2023\\\/01\\\/Aloe-Vera-CBD-Roll-on-Deo.jpg\",\"datePublished\":\"2024-11-08T11:52:00+00:00\",\"dateModified\":\"2026-02-09T03:29:23+00:00\",\"description\":\"Revitaliza tu cuerpo con nuestro CBD Roll-on Para Masajes. Experimente la magia de la naturaleza con una mezcla de CBD, aloe vera y extractos org\u00e1nicos.\",\"breadcrumb\":{\"@id\":\"https:\\\/\\\/www.lraloeverashop.eu\\\/es\\\/producto\\\/cbd-roll-on-para-masajes\\\/#breadcrumb\"},\"inLanguage\":\"es\",\"potentialAction\":[{\"@type\":\"ReadAction\",\"target\":[\"https:\\\/\\\/www.lraloeverashop.eu\\\/es\\\/producto\\\/cbd-roll-on-para-masajes\\\/\"]}]},{\"@type\":\"ImageObject\",\"inLanguage\":\"es\",\"@id\":\"https:\\\/\\\/www.lraloeverashop.eu\\\/es\\\/producto\\\/cbd-roll-on-para-masajes\\\/#primaryimage\",\"url\":\"https:\\\/\\\/www.lraloeverashop.eu\\\/wp-content\\\/uploads\\\/2023\\\/01\\\/Aloe-Vera-CBD-Roll-on-Deo.jpg\",\"contentUrl\":\"https:\\\/\\\/www.lraloeverashop.eu\\\/wp-content\\\/uploads\\\/2023\\\/01\\\/Aloe-Vera-CBD-Roll-on-Deo.jpg\",\"width\":1200,\"height\":1200,\"caption\":\"Aloe Vera CBD Roll-on Para Masajes\"},{\"@type\":\"BreadcrumbList\",\"@id\":\"https:\\\/\\\/www.lraloeverashop.eu\\\/es\\\/producto\\\/cbd-roll-on-para-masajes\\\/#breadcrumb\",\"itemListElement\":[{\"@type\":\"ListItem\",\"position\":1,\"name\":\"Home\",\"item\":\"https:\\\/\\\/www.lraloeverashop.eu\\\/es\\\/\"},{\"@type\":\"ListItem\",\"position\":2,\"name\":\"Tienda\",\"item\":\"https:\\\/\\\/www.lraloeverashop.eu\\\/es\\\/tienda\\\/\"},{\"@type\":\"ListItem\",\"position\":3,\"name\":\"CBD Roll-on Para Masajes\"}]},{\"@type\":\"WebSite\",\"@id\":\"https:\\\/\\\/www.lraloeverashop.eu\\\/es\\\/#website\",\"url\":\"https:\\\/\\\/www.lraloeverashop.eu\\\/es\\\/\",\"name\":\"Lr Tienda Aloe Vera\",\"description\":\"High Quality Lr Aloe Vera Gel, Aloe Vera Cream and Shampoo\",\"publisher\":{\"@id\":\"https:\\\/\\\/www.lraloeverashop.eu\\\/es\\\/#organization\"},\"potentialAction\":[{\"@type\":\"SearchAction\",\"target\":{\"@type\":\"EntryPoint\",\"urlTemplate\":\"https:\\\/\\\/www.lraloeverashop.eu\\\/es\\\/?s={search_term_string}\"},\"query-input\":{\"@type\":\"PropertyValueSpecification\",\"valueRequired\":true,\"valueName\":\"search_term_string\"}}],\"inLanguage\":\"es\"},{\"@type\":\"Organization\",\"@id\":\"https:\\\/\\\/www.lraloeverashop.eu\\\/es\\\/#organization\",\"name\":\"Lr Tienda Aloe Vera\",\"alternateName\":\"LR\",\"url\":\"https:\\\/\\\/www.lraloeverashop.eu\\\/es\\\/\",\"logo\":{\"@type\":\"ImageObject\",\"inLanguage\":\"es\",\"@id\":\"https:\\\/\\\/www.lraloeverashop.eu\\\/es\\\/#\\\/schema\\\/logo\\\/image\\\/\",\"url\":\"https:\\\/\\\/www.lraloeverashop.eu\\\/wp-content\\\/uploads\\\/2022\\\/09\\\/cropped-Lr-Aloe-Vera-Shop.jpg\",\"contentUrl\":\"https:\\\/\\\/www.lraloeverashop.eu\\\/wp-content\\\/uploads\\\/2022\\\/09\\\/cropped-Lr-Aloe-Vera-Shop.jpg\",\"width\":228,\"height\":76,\"caption\":\"Lr Tienda Aloe Vera\"},\"image\":{\"@id\":\"https:\\\/\\\/www.lraloeverashop.eu\\\/es\\\/#\\\/schema\\\/logo\\\/image\\\/\"},\"sameAs\":[\"https:\\\/\\\/www.facebook.com\\\/lraloeverashop.eu\",\"https:\\\/\\\/x.com\\\/natur__kosmetik\",\"https:\\\/\\\/www.youtube.com\\\/channel\\\/UC5oN7BJ8nfYb8RpVtjwDEBA\",\"https:\\\/\\\/www.instagram.com\\\/lrbeautyeu\\\/\"],\"description\":\"La tienda Lr Aloe Vera es tu destino de confianza para productos premium de salud y belleza LR, fabricados en Alemania. Ofrecemos soluciones de alta calidad para el cuidado de la piel, nutrici\u00f3n y antienvejecimiento con Aloe Vera, elaboradas con ingredientes puros y respaldadas por investigaci\u00f3n cient\u00edfica. Descubre un cuidado natural que regenera, protege y revitaliza tu piel, y disfruta de ofertas mensuales exclusivas en nuestros productos LR Aloe Vera m\u00e1s vendidos.\\n\\nComienza hoy mismo tu camino hacia el cuidado natural de la piel y siente la diferencia.\",\"email\":\"info@lraloeverashop.eu\",\"telephone\":\"+49 17670609653\",\"legalName\":\"Lr Aloe Vera Shop\",\"foundingDate\":\"2018-04-21\",\"numberOfEmployees\":{\"@type\":\"QuantitativeValue\",\"minValue\":\"1\",\"maxValue\":\"10\"}}]}<\/script>\n<meta property=\"product:price:amount\" content=\"28.60\" \/>\n<meta property=\"product:price:currency\" content=\"EUR\" \/>\n<meta property=\"og:availability\" content=\"instock\" \/>\n<meta property=\"product:availability\" content=\"instock\" \/>\n<meta property=\"product:retailer_item_id\" content=\"20826-1ES\" \/>\n<meta property=\"product:condition\" content=\"new\" \/>\n<!-- \/ Yoast SEO Premium plugin. -->","yoast_head_json":{"title":"CBD Roll-on Para Masajes alivia el estr\u00e9s y nutre tu piel","description":"Revitaliza tu cuerpo con nuestro CBD Roll-on Para Masajes. Experimente la magia de la naturaleza con una mezcla de CBD, aloe vera y extractos org\u00e1nicos.","robots":{"index":"index","follow":"follow","max-snippet":"max-snippet:-1","max-image-preview":"max-image-preview:large","max-video-preview":"max-video-preview:-1"},"canonical":"https:\/\/www.lraloeverashop.eu\/es\/producto\/cbd-roll-on-para-masajes\/","og_locale":"es_ES","og_type":"article","og_title":"CBD Roll-on Para Masajes","og_description":"Revitaliza tu cuerpo con nuestro CBD Roll-on Para Masajes. Experimente la magia de la naturaleza con una mezcla de CBD, aloe vera y extractos org\u00e1nicos.","og_url":"https:\/\/www.lraloeverashop.eu\/es\/producto\/cbd-roll-on-para-masajes\/","og_site_name":"Lr Tienda Aloe Vera","article_publisher":"https:\/\/www.facebook.com\/lraloeverashop.eu","article_modified_time":"2026-02-09T03:29:23+00:00","og_image":[{"width":1200,"height":1200,"url":"https:\/\/www.lraloeverashop.eu\/wp-content\/uploads\/2023\/01\/Aloe-Vera-CBD-Roll-on-Deo.jpg","type":"image\/jpeg"}],"twitter_card":"summary_large_image","twitter_site":"@natur__kosmetik","schema":{"@context":"https:\/\/schema.org","@graph":[{"@type":["WebPage","ItemPage"],"@id":"https:\/\/www.lraloeverashop.eu\/es\/producto\/cbd-roll-on-para-masajes\/","url":"https:\/\/www.lraloeverashop.eu\/es\/producto\/cbd-roll-on-para-masajes\/","name":"CBD Roll-on Para Masajes alivia el estr\u00e9s y nutre tu piel","isPartOf":{"@id":"https:\/\/www.lraloeverashop.eu\/es\/#website"},"primaryImageOfPage":{"@id":"https:\/\/www.lraloeverashop.eu\/es\/producto\/cbd-roll-on-para-masajes\/#primaryimage"},"image":{"@id":"https:\/\/www.lraloeverashop.eu\/es\/producto\/cbd-roll-on-para-masajes\/#primaryimage"},"thumbnailUrl":"https:\/\/www.lraloeverashop.eu\/wp-content\/uploads\/2023\/01\/Aloe-Vera-CBD-Roll-on-Deo.jpg","datePublished":"2024-11-08T11:52:00+00:00","dateModified":"2026-02-09T03:29:23+00:00","description":"Revitaliza tu cuerpo con nuestro CBD Roll-on Para Masajes. Experimente la magia de la naturaleza con una mezcla de CBD, aloe vera y extractos org\u00e1nicos.","breadcrumb":{"@id":"https:\/\/www.lraloeverashop.eu\/es\/producto\/cbd-roll-on-para-masajes\/#breadcrumb"},"inLanguage":"es","potentialAction":[{"@type":"ReadAction","target":["https:\/\/www.lraloeverashop.eu\/es\/producto\/cbd-roll-on-para-masajes\/"]}]},{"@type":"ImageObject","inLanguage":"es","@id":"https:\/\/www.lraloeverashop.eu\/es\/producto\/cbd-roll-on-para-masajes\/#primaryimage","url":"https:\/\/www.lraloeverashop.eu\/wp-content\/uploads\/2023\/01\/Aloe-Vera-CBD-Roll-on-Deo.jpg","contentUrl":"https:\/\/www.lraloeverashop.eu\/wp-content\/uploads\/2023\/01\/Aloe-Vera-CBD-Roll-on-Deo.jpg","width":1200,"height":1200,"caption":"Aloe Vera CBD Roll-on Para Masajes"},{"@type":"BreadcrumbList","@id":"https:\/\/www.lraloeverashop.eu\/es\/producto\/cbd-roll-on-para-masajes\/#breadcrumb","itemListElement":[{"@type":"ListItem","position":1,"name":"Home","item":"https:\/\/www.lraloeverashop.eu\/es\/"},{"@type":"ListItem","position":2,"name":"Tienda","item":"https:\/\/www.lraloeverashop.eu\/es\/tienda\/"},{"@type":"ListItem","position":3,"name":"CBD Roll-on Para Masajes"}]},{"@type":"WebSite","@id":"https:\/\/www.lraloeverashop.eu\/es\/#website","url":"https:\/\/www.lraloeverashop.eu\/es\/","name":"Lr Tienda Aloe Vera","description":"High Quality Lr Aloe Vera Gel, Aloe Vera Cream and Shampoo","publisher":{"@id":"https:\/\/www.lraloeverashop.eu\/es\/#organization"},"potentialAction":[{"@type":"SearchAction","target":{"@type":"EntryPoint","urlTemplate":"https:\/\/www.lraloeverashop.eu\/es\/?s={search_term_string}"},"query-input":{"@type":"PropertyValueSpecification","valueRequired":true,"valueName":"search_term_string"}}],"inLanguage":"es"},{"@type":"Organization","@id":"https:\/\/www.lraloeverashop.eu\/es\/#organization","name":"Lr Tienda Aloe Vera","alternateName":"LR","url":"https:\/\/www.lraloeverashop.eu\/es\/","logo":{"@type":"ImageObject","inLanguage":"es","@id":"https:\/\/www.lraloeverashop.eu\/es\/#\/schema\/logo\/image\/","url":"https:\/\/www.lraloeverashop.eu\/wp-content\/uploads\/2022\/09\/cropped-Lr-Aloe-Vera-Shop.jpg","contentUrl":"https:\/\/www.lraloeverashop.eu\/wp-content\/uploads\/2022\/09\/cropped-Lr-Aloe-Vera-Shop.jpg","width":228,"height":76,"caption":"Lr Tienda Aloe Vera"},"image":{"@id":"https:\/\/www.lraloeverashop.eu\/es\/#\/schema\/logo\/image\/"},"sameAs":["https:\/\/www.facebook.com\/lraloeverashop.eu","https:\/\/x.com\/natur__kosmetik","https:\/\/www.youtube.com\/channel\/UC5oN7BJ8nfYb8RpVtjwDEBA","https:\/\/www.instagram.com\/lrbeautyeu\/"],"description":"La tienda Lr Aloe Vera es tu destino de confianza para productos premium de salud y belleza LR, fabricados en Alemania. Ofrecemos soluciones de alta calidad para el cuidado de la piel, nutrici\u00f3n y antienvejecimiento con Aloe Vera, elaboradas con ingredientes puros y respaldadas por investigaci\u00f3n cient\u00edfica. Descubre un cuidado natural que regenera, protege y revitaliza tu piel, y disfruta de ofertas mensuales exclusivas en nuestros productos LR Aloe Vera m\u00e1s vendidos.\n\nComienza hoy mismo tu camino hacia el cuidado natural de la piel y siente la diferencia.","email":"info@lraloeverashop.eu","telephone":"+49 17670609653","legalName":"Lr Aloe Vera Shop","foundingDate":"2018-04-21","numberOfEmployees":{"@type":"QuantitativeValue","minValue":"1","maxValue":"10"}}]},"product_price_amount":"28.60","product_price_currency":"EUR","og_availability":"instock","product_availability":"instock","product_retailer_item_id":"20826-1ES","product_condition":"new"},"taxonomy_info":{"product_cat":[{"value":217,"label":"Aloe Vera"},{"value":237,"label":"CBD"},{"value":232,"label":"Cuidado Corporal"}],"product_tag":[{"value":573,"label":"Masaje"},{"value":629,"label":"Productos de cbd"}]},"featured_image_src_large":["https:\/\/www.lraloeverashop.eu\/wp-content\/uploads\/2023\/01\/Aloe-Vera-CBD-Roll-on-Deo-1024x1024.jpg",1024,1024,true],"author_info":[],"comment_info":0,"_links":{"self":[{"href":"https:\/\/www.lraloeverashop.eu\/es\/wp-json\/wp\/v2\/product\/18597","targetHints":{"allow":["GET"]}}],"collection":[{"href":"https:\/\/www.lraloeverashop.eu\/es\/wp-json\/wp\/v2\/product"}],"about":[{"href":"https:\/\/www.lraloeverashop.eu\/es\/wp-json\/wp\/v2\/types\/product"}],"replies":[{"embeddable":true,"href":"https:\/\/www.lraloeverashop.eu\/es\/wp-json\/wp\/v2\/comments?post=18597"}],"wp:featuredmedia":[{"embeddable":true,"href":"https:\/\/www.lraloeverashop.eu\/es\/wp-json\/wp\/v2\/media\/9789"}],"wp:attachment":[{"href":"https:\/\/www.lraloeverashop.eu\/es\/wp-json\/wp\/v2\/media?parent=18597"}],"wp:term":[{"taxonomy":"product_brand","embeddable":true,"href":"https:\/\/www.lraloeverashop.eu\/es\/wp-json\/wp\/v2\/product_brand?post=18597"},{"taxonomy":"product_cat","embeddable":true,"href":"https:\/\/www.lraloeverashop.eu\/es\/wp-json\/wp\/v2\/product_cat?post=18597"},{"taxonomy":"product_tag","embeddable":true,"href":"https:\/\/www.lraloeverashop.eu\/es\/wp-json\/wp\/v2\/product_tag?post=18597"}],"curies":[{"name":"wp","href":"https:\/\/api.w.org\/{rel}","templated":true}]}}