{"id":18546,"date":"2024-11-04T15:27:18","date_gmt":"2024-11-04T14:27:18","guid":{"rendered":"https:\/\/www.lraloeverashop.eu\/product\/set-cbd-de-cuidado-de-la-piel\/"},"modified":"2026-02-09T04:31:15","modified_gmt":"2026-02-09T03:31:15","slug":"set-cbd-de-cuidado-de-la-piel","status":"publish","type":"product","link":"https:\/\/www.lraloeverashop.eu\/es\/producto\/set-cbd-de-cuidado-de-la-piel\/","title":{"rendered":"Set CBD de cuidado de la piel"},"content":{"rendered":"<h2><strong><span style=\"font-size: 16pt;\">Set CBD de cuidado de la piel<\/span><\/strong><\/h2>\n<p><strong><span style=\"font-size: 14pt;\">Set CBD de cuidado de la piel for effective Wellness Treatment<\/span><\/strong><\/p>\n<p>\u00bfPiel estresada, seca y desequilibrada? Es hora de un tratamiento de bienestar eficaz.<\/p>\n<p>El gel de ducha con aloe vera y CBD limpia suavemente la piel estresada sin resecarla. Alivia y protege la piel del cuerpo y le proporciona hidrataci\u00f3n.<\/p>\n<p>El exfoliante corporal con aloe vera y CBD limpia suavemente y nutre la piel estresada sin resecarla. Alivia la piel del cuerpo y refina la textura de la piel de forma natural.<\/p>\n<p>El s\u00e9rum facial con aloe vera y CBD tratar\u00e1 tu piel con un 50 % de aloe vera, aceite de semilla de cannabis sativa org\u00e1nico y CBD. El secreto del efecto \u00fanico del nuevo s\u00e9rum de 2 fases es la combinaci\u00f3n de un 50 % de gel de aloe vera hidratante y un 50 % de aceite de semilla de cannabis sativa org\u00e1nico protector y CBD.<\/p>\n<p>Cuida y regenera tu piel con el Set CBD de cuidado de la piel. El secreto del efecto \u00fanico del nuevo Aloe Vera CBD Premium Body Care es la combinaci\u00f3n de aloe vera hidratante, aceite de semilla de Cannabis sativa org\u00e1nico protector y CBD. \u00a1Para una sensaci\u00f3n de piel equilibrada, hidratada y relajada!<\/p>\n<p>&nbsp;<\/p>\n<h3><span style=\"font-size: 16pt;\"><strong>\u00bfSab\u00edas que?<\/strong><\/span><\/h3>\n<p>El aceite de semilla de Cannabis sativa org\u00e1nico es conocido por calmar la piel irritada y aliviar las irritaciones cut\u00e1neas con sus propiedades protectoras. El CBD contenido en el aceite de cannabis tiene un efecto relajante sobre la piel estresada con tendencia al enrojecimiento y la protege de las influencias ambientales externas.<\/p>\n<p>El cannabidiol, o CBD para abreviar, es un ingrediente natural de la planta de c\u00e1\u00f1amo y se extrae de sus hojas y peciolos. El aceite de semilla de Cannabis sativa org\u00e1nico mezclado con CBD puede cuidar especialmente bien la piel estresada con sus propiedades calmantes.<\/p>\n","protected":false},"excerpt":{"rendered":"<ul>\n<li><strong><span style=\"color: #ff0000;\">OFERTA LIMITADA<\/span><\/strong><\/li>\n<li>Suero facial de 2 fases para pieles estresadas<\/li>\n<li>El aceite en gel de ducha limpia suavemente la piel estresada y proporciona abundante hidrataci\u00f3n<\/li>\n<li>El exfoliante corporal con sal marina refina la tez y suaviza la piel<\/li>\n<li>Con un 50 % de gel de aloe vera, aceite de semilla de cannabis sativa org\u00e1nico y CBD<\/li>\n<\/ul>\n<p><span style=\"color: #ff0000;\"><a style=\"color: #ff0000;\" href=\"https:\/\/shop.lrworld.com\/openpao?PHP=0vFlt7jT938BEnBI3a6e9w%3D%3D\"><span style=\"font-size: 14pt;\"><strong>Reg\u00edstrate aqu\u00ed y ahorra 35% en cada compra<\/strong><\/span><\/a><\/span><\/p>\n","protected":false},"featured_media":18253,"comment_status":"open","ping_status":"closed","template":"","meta":{"_kad_blocks_custom_css":"","_kad_blocks_head_custom_js":"","_kad_blocks_body_custom_js":"","_kad_blocks_footer_custom_js":"","_kadence_starter_templates_imported_post":false,"_kad_post_transparent":"default","_kad_post_title":"","_kad_post_layout":"default","_kad_post_sidebar_id":"","_kad_post_content_style":"default","_kad_post_vertical_padding":"default","_kad_post_feature":"","_kad_post_feature_position":"","_kad_post_header":false,"_kad_post_footer":false,"_kad_post_classname":""},"product_brand":[],"product_cat":[217,237,232,242,356],"product_tag":[629],"class_list":{"0":"post-18546","1":"product","2":"type-product","3":"status-publish","4":"has-post-thumbnail","6":"product_cat-aloe-vera-es","7":"product_cat-cbd-es","8":"product_cat-cuidado-corporal","9":"product_cat-cuidado-facial","10":"product_cat-ventas","11":"product_tag-productos-de-cbd","13":"first","14":"outofstock","15":"sale","16":"taxable","17":"shipping-taxable","18":"purchasable","19":"product-type-simple","20":"entry","21":"content-bg","22":"loop-entry"},"yoast_head":"<!-- This site is optimized with the Yoast SEO Premium plugin v27.5 (Yoast SEO v27.5) - https:\/\/yoast.com\/product\/yoast-seo-premium-wordpress\/ -->\n<title>Set CBD de Cuidado de la Piel nutre y suaviza tu piel de forma natural<\/title>\n<meta name=\"description\" content=\"Dile adi\u00f3s a la piel estresada y seca con nuestro Set CBD de Cuidado de la Piel. Limpia, suaviza e hidrata suavemente para lograr una apariencia saludable y radiante.\" \/>\n<meta name=\"robots\" content=\"index, follow, max-snippet:-1, max-image-preview:large, max-video-preview:-1\" \/>\n<link rel=\"canonical\" href=\"https:\/\/www.lraloeverashop.eu\/es\/producto\/set-cbd-de-cuidado-de-la-piel\/\" \/>\n<meta property=\"og:locale\" content=\"es_ES\" \/>\n<meta property=\"og:type\" content=\"article\" \/>\n<meta property=\"og:title\" content=\"Set CBD de cuidado de la piel\" \/>\n<meta property=\"og:description\" content=\"Dile adi\u00f3s a la piel estresada y seca con nuestro Set CBD de Cuidado de la Piel. Limpia, suaviza e hidrata suavemente para lograr una apariencia saludable y radiante.\" \/>\n<meta property=\"og:url\" content=\"https:\/\/www.lraloeverashop.eu\/es\/producto\/set-cbd-de-cuidado-de-la-piel\/\" \/>\n<meta property=\"og:site_name\" content=\"Lr Tienda Aloe Vera\" \/>\n<meta property=\"article:publisher\" content=\"https:\/\/www.facebook.com\/lraloeverashop.eu\" \/>\n<meta property=\"article:modified_time\" content=\"2026-02-09T03:31:15+00:00\" \/>\n<meta property=\"og:image\" content=\"https:\/\/www.lraloeverashop.eu\/wp-content\/uploads\/2024\/11\/CBD-Skin-Care.jpg\" \/>\n\t<meta property=\"og:image:width\" content=\"1200\" \/>\n\t<meta property=\"og:image:height\" content=\"1200\" \/>\n\t<meta property=\"og:image:type\" content=\"image\/jpeg\" \/>\n<meta name=\"twitter:card\" content=\"summary_large_image\" \/>\n<meta name=\"twitter:site\" content=\"@natur__kosmetik\" \/>\n<script type=\"application\/ld+json\" class=\"yoast-schema-graph\">{\"@context\":\"https:\\\/\\\/schema.org\",\"@graph\":[{\"@type\":[\"WebPage\",\"ItemPage\"],\"@id\":\"https:\\\/\\\/www.lraloeverashop.eu\\\/es\\\/producto\\\/set-cbd-de-cuidado-de-la-piel\\\/\",\"url\":\"https:\\\/\\\/www.lraloeverashop.eu\\\/es\\\/producto\\\/set-cbd-de-cuidado-de-la-piel\\\/\",\"name\":\"Set CBD de Cuidado de la Piel nutre y suaviza tu piel de forma natural\",\"isPartOf\":{\"@id\":\"https:\\\/\\\/www.lraloeverashop.eu\\\/es\\\/#website\"},\"primaryImageOfPage\":{\"@id\":\"https:\\\/\\\/www.lraloeverashop.eu\\\/es\\\/producto\\\/set-cbd-de-cuidado-de-la-piel\\\/#primaryimage\"},\"image\":{\"@id\":\"https:\\\/\\\/www.lraloeverashop.eu\\\/es\\\/producto\\\/set-cbd-de-cuidado-de-la-piel\\\/#primaryimage\"},\"thumbnailUrl\":\"https:\\\/\\\/www.lraloeverashop.eu\\\/wp-content\\\/uploads\\\/2024\\\/11\\\/CBD-Skin-Care.jpg\",\"datePublished\":\"2024-11-04T14:27:18+00:00\",\"dateModified\":\"2026-02-09T03:31:15+00:00\",\"description\":\"Dile adi\u00f3s a la piel estresada y seca con nuestro Set CBD de Cuidado de la Piel. Limpia, suaviza e hidrata suavemente para lograr una apariencia saludable y radiante.\",\"breadcrumb\":{\"@id\":\"https:\\\/\\\/www.lraloeverashop.eu\\\/es\\\/producto\\\/set-cbd-de-cuidado-de-la-piel\\\/#breadcrumb\"},\"inLanguage\":\"es\",\"potentialAction\":[{\"@type\":\"ReadAction\",\"target\":[\"https:\\\/\\\/www.lraloeverashop.eu\\\/es\\\/producto\\\/set-cbd-de-cuidado-de-la-piel\\\/\"]}]},{\"@type\":\"ImageObject\",\"inLanguage\":\"es\",\"@id\":\"https:\\\/\\\/www.lraloeverashop.eu\\\/es\\\/producto\\\/set-cbd-de-cuidado-de-la-piel\\\/#primaryimage\",\"url\":\"https:\\\/\\\/www.lraloeverashop.eu\\\/wp-content\\\/uploads\\\/2024\\\/11\\\/CBD-Skin-Care.jpg\",\"contentUrl\":\"https:\\\/\\\/www.lraloeverashop.eu\\\/wp-content\\\/uploads\\\/2024\\\/11\\\/CBD-Skin-Care.jpg\",\"width\":1200,\"height\":1200,\"caption\":\"CBD - Cuidado de la piel\"},{\"@type\":\"BreadcrumbList\",\"@id\":\"https:\\\/\\\/www.lraloeverashop.eu\\\/es\\\/producto\\\/set-cbd-de-cuidado-de-la-piel\\\/#breadcrumb\",\"itemListElement\":[{\"@type\":\"ListItem\",\"position\":1,\"name\":\"Home\",\"item\":\"https:\\\/\\\/www.lraloeverashop.eu\\\/es\\\/tienda-aloe-vera-todo-para-tu-belleza-y-bienestar\\\/\"},{\"@type\":\"ListItem\",\"position\":2,\"name\":\"Tienda\",\"item\":\"https:\\\/\\\/www.lraloeverashop.eu\\\/es\\\/tienda\\\/\"},{\"@type\":\"ListItem\",\"position\":3,\"name\":\"Set CBD de cuidado de la piel\"}]},{\"@type\":\"WebSite\",\"@id\":\"https:\\\/\\\/www.lraloeverashop.eu\\\/es\\\/#website\",\"url\":\"https:\\\/\\\/www.lraloeverashop.eu\\\/es\\\/\",\"name\":\"Lr Tienda Aloe Vera\",\"description\":\"High Quality Lr Aloe Vera Gel, Aloe Vera Cream and Shampoo\",\"publisher\":{\"@id\":\"https:\\\/\\\/www.lraloeverashop.eu\\\/es\\\/#organization\"},\"alternateName\":\"LR\",\"potentialAction\":[{\"@type\":\"SearchAction\",\"target\":{\"@type\":\"EntryPoint\",\"urlTemplate\":\"https:\\\/\\\/www.lraloeverashop.eu\\\/es\\\/?s={search_term_string}\"},\"query-input\":{\"@type\":\"PropertyValueSpecification\",\"valueRequired\":true,\"valueName\":\"search_term_string\"}}],\"inLanguage\":\"es\"},{\"@type\":\"Organization\",\"@id\":\"https:\\\/\\\/www.lraloeverashop.eu\\\/es\\\/#organization\",\"name\":\"Lr Tienda Aloe Vera\",\"alternateName\":\"LR\",\"url\":\"https:\\\/\\\/www.lraloeverashop.eu\\\/es\\\/\",\"logo\":{\"@type\":\"ImageObject\",\"inLanguage\":\"es\",\"@id\":\"https:\\\/\\\/www.lraloeverashop.eu\\\/es\\\/#\\\/schema\\\/logo\\\/image\\\/\",\"url\":\"https:\\\/\\\/www.lraloeverashop.eu\\\/wp-content\\\/uploads\\\/2022\\\/09\\\/cropped-Lr-Aloe-Vera-Shop.jpg\",\"contentUrl\":\"https:\\\/\\\/www.lraloeverashop.eu\\\/wp-content\\\/uploads\\\/2022\\\/09\\\/cropped-Lr-Aloe-Vera-Shop.jpg\",\"width\":228,\"height\":76,\"caption\":\"Lr Tienda Aloe Vera\"},\"image\":{\"@id\":\"https:\\\/\\\/www.lraloeverashop.eu\\\/es\\\/#\\\/schema\\\/logo\\\/image\\\/\"},\"sameAs\":[\"https:\\\/\\\/www.facebook.com\\\/lraloeverashop.eu\",\"https:\\\/\\\/x.com\\\/natur__kosmetik\",\"https:\\\/\\\/www.youtube.com\\\/channel\\\/UC5oN7BJ8nfYb8RpVtjwDEBA\",\"https:\\\/\\\/www.instagram.com\\\/lrbeautyeu\\\/\"],\"description\":\"La tienda Lr Aloe Vera es tu destino de confianza para productos premium de salud y belleza LR, fabricados en Alemania. Ofrecemos soluciones de alta calidad para el cuidado de la piel, nutrici\u00f3n y antienvejecimiento con Aloe Vera, elaboradas con ingredientes puros y respaldadas por investigaci\u00f3n cient\u00edfica. Descubre un cuidado natural que regenera, protege y revitaliza tu piel, y disfruta de ofertas mensuales exclusivas en nuestros productos LR Aloe Vera m\u00e1s vendidos.\\n\\nComienza hoy mismo tu camino hacia el cuidado natural de la piel y siente la diferencia.\",\"email\":\"info@lraloeverashop.eu\",\"telephone\":\"+49 17670609653\",\"legalName\":\"Lr Aloe Vera Shop\",\"foundingDate\":\"2018-04-21\",\"numberOfEmployees\":{\"@type\":\"QuantitativeValue\",\"minValue\":\"1\",\"maxValue\":\"10\"}}]}<\/script>\n<meta property=\"product:price:amount\" content=\"53.99\" \/>\n<meta property=\"product:price:currency\" content=\"EUR\" \/>\n<meta property=\"og:availability\" content=\"out of stock\" \/>\n<meta property=\"product:availability\" content=\"out of stock\" \/>\n<meta property=\"product:retailer_item_id\" content=\"20853-1ES\" \/>\n<meta property=\"product:condition\" content=\"new\" \/>\n<!-- \/ Yoast SEO Premium plugin. -->","yoast_head_json":{"title":"Set CBD de Cuidado de la Piel nutre y suaviza tu piel de forma natural","description":"Dile adi\u00f3s a la piel estresada y seca con nuestro Set CBD de Cuidado de la Piel. Limpia, suaviza e hidrata suavemente para lograr una apariencia saludable y radiante.","robots":{"index":"index","follow":"follow","max-snippet":"max-snippet:-1","max-image-preview":"max-image-preview:large","max-video-preview":"max-video-preview:-1"},"canonical":"https:\/\/www.lraloeverashop.eu\/es\/producto\/set-cbd-de-cuidado-de-la-piel\/","og_locale":"es_ES","og_type":"article","og_title":"Set CBD de cuidado de la piel","og_description":"Dile adi\u00f3s a la piel estresada y seca con nuestro Set CBD de Cuidado de la Piel. Limpia, suaviza e hidrata suavemente para lograr una apariencia saludable y radiante.","og_url":"https:\/\/www.lraloeverashop.eu\/es\/producto\/set-cbd-de-cuidado-de-la-piel\/","og_site_name":"Lr Tienda Aloe Vera","article_publisher":"https:\/\/www.facebook.com\/lraloeverashop.eu","article_modified_time":"2026-02-09T03:31:15+00:00","og_image":[{"width":1200,"height":1200,"url":"https:\/\/www.lraloeverashop.eu\/wp-content\/uploads\/2024\/11\/CBD-Skin-Care.jpg","type":"image\/jpeg"}],"twitter_card":"summary_large_image","twitter_site":"@natur__kosmetik","schema":{"@context":"https:\/\/schema.org","@graph":[{"@type":["WebPage","ItemPage"],"@id":"https:\/\/www.lraloeverashop.eu\/es\/producto\/set-cbd-de-cuidado-de-la-piel\/","url":"https:\/\/www.lraloeverashop.eu\/es\/producto\/set-cbd-de-cuidado-de-la-piel\/","name":"Set CBD de Cuidado de la Piel nutre y suaviza tu piel de forma natural","isPartOf":{"@id":"https:\/\/www.lraloeverashop.eu\/es\/#website"},"primaryImageOfPage":{"@id":"https:\/\/www.lraloeverashop.eu\/es\/producto\/set-cbd-de-cuidado-de-la-piel\/#primaryimage"},"image":{"@id":"https:\/\/www.lraloeverashop.eu\/es\/producto\/set-cbd-de-cuidado-de-la-piel\/#primaryimage"},"thumbnailUrl":"https:\/\/www.lraloeverashop.eu\/wp-content\/uploads\/2024\/11\/CBD-Skin-Care.jpg","datePublished":"2024-11-04T14:27:18+00:00","dateModified":"2026-02-09T03:31:15+00:00","description":"Dile adi\u00f3s a la piel estresada y seca con nuestro Set CBD de Cuidado de la Piel. Limpia, suaviza e hidrata suavemente para lograr una apariencia saludable y radiante.","breadcrumb":{"@id":"https:\/\/www.lraloeverashop.eu\/es\/producto\/set-cbd-de-cuidado-de-la-piel\/#breadcrumb"},"inLanguage":"es","potentialAction":[{"@type":"ReadAction","target":["https:\/\/www.lraloeverashop.eu\/es\/producto\/set-cbd-de-cuidado-de-la-piel\/"]}]},{"@type":"ImageObject","inLanguage":"es","@id":"https:\/\/www.lraloeverashop.eu\/es\/producto\/set-cbd-de-cuidado-de-la-piel\/#primaryimage","url":"https:\/\/www.lraloeverashop.eu\/wp-content\/uploads\/2024\/11\/CBD-Skin-Care.jpg","contentUrl":"https:\/\/www.lraloeverashop.eu\/wp-content\/uploads\/2024\/11\/CBD-Skin-Care.jpg","width":1200,"height":1200,"caption":"CBD - Cuidado de la piel"},{"@type":"BreadcrumbList","@id":"https:\/\/www.lraloeverashop.eu\/es\/producto\/set-cbd-de-cuidado-de-la-piel\/#breadcrumb","itemListElement":[{"@type":"ListItem","position":1,"name":"Home","item":"https:\/\/www.lraloeverashop.eu\/es\/tienda-aloe-vera-todo-para-tu-belleza-y-bienestar\/"},{"@type":"ListItem","position":2,"name":"Tienda","item":"https:\/\/www.lraloeverashop.eu\/es\/tienda\/"},{"@type":"ListItem","position":3,"name":"Set CBD de cuidado de la piel"}]},{"@type":"WebSite","@id":"https:\/\/www.lraloeverashop.eu\/es\/#website","url":"https:\/\/www.lraloeverashop.eu\/es\/","name":"Lr Tienda Aloe Vera","description":"High Quality Lr Aloe Vera Gel, Aloe Vera Cream and Shampoo","publisher":{"@id":"https:\/\/www.lraloeverashop.eu\/es\/#organization"},"alternateName":"LR","potentialAction":[{"@type":"SearchAction","target":{"@type":"EntryPoint","urlTemplate":"https:\/\/www.lraloeverashop.eu\/es\/?s={search_term_string}"},"query-input":{"@type":"PropertyValueSpecification","valueRequired":true,"valueName":"search_term_string"}}],"inLanguage":"es"},{"@type":"Organization","@id":"https:\/\/www.lraloeverashop.eu\/es\/#organization","name":"Lr Tienda Aloe Vera","alternateName":"LR","url":"https:\/\/www.lraloeverashop.eu\/es\/","logo":{"@type":"ImageObject","inLanguage":"es","@id":"https:\/\/www.lraloeverashop.eu\/es\/#\/schema\/logo\/image\/","url":"https:\/\/www.lraloeverashop.eu\/wp-content\/uploads\/2022\/09\/cropped-Lr-Aloe-Vera-Shop.jpg","contentUrl":"https:\/\/www.lraloeverashop.eu\/wp-content\/uploads\/2022\/09\/cropped-Lr-Aloe-Vera-Shop.jpg","width":228,"height":76,"caption":"Lr Tienda Aloe Vera"},"image":{"@id":"https:\/\/www.lraloeverashop.eu\/es\/#\/schema\/logo\/image\/"},"sameAs":["https:\/\/www.facebook.com\/lraloeverashop.eu","https:\/\/x.com\/natur__kosmetik","https:\/\/www.youtube.com\/channel\/UC5oN7BJ8nfYb8RpVtjwDEBA","https:\/\/www.instagram.com\/lrbeautyeu\/"],"description":"La tienda Lr Aloe Vera es tu destino de confianza para productos premium de salud y belleza LR, fabricados en Alemania. Ofrecemos soluciones de alta calidad para el cuidado de la piel, nutrici\u00f3n y antienvejecimiento con Aloe Vera, elaboradas con ingredientes puros y respaldadas por investigaci\u00f3n cient\u00edfica. Descubre un cuidado natural que regenera, protege y revitaliza tu piel, y disfruta de ofertas mensuales exclusivas en nuestros productos LR Aloe Vera m\u00e1s vendidos.\n\nComienza hoy mismo tu camino hacia el cuidado natural de la piel y siente la diferencia.","email":"info@lraloeverashop.eu","telephone":"+49 17670609653","legalName":"Lr Aloe Vera Shop","foundingDate":"2018-04-21","numberOfEmployees":{"@type":"QuantitativeValue","minValue":"1","maxValue":"10"}}]},"product_price_amount":"53.99","product_price_currency":"EUR","og_availability":"out of stock","product_availability":"out of stock","product_retailer_item_id":"20853-1ES","product_condition":"new"},"taxonomy_info":{"product_cat":[{"value":217,"label":"Aloe Vera"},{"value":237,"label":"CBD"},{"value":232,"label":"Cuidado Corporal"},{"value":242,"label":"Cuidado Facial"},{"value":356,"label":"Ventas"}],"product_tag":[{"value":629,"label":"Productos de cbd"}]},"featured_image_src_large":["https:\/\/www.lraloeverashop.eu\/wp-content\/uploads\/2024\/11\/CBD-Skin-Care-1024x1024.jpg",1024,1024,true],"author_info":[],"comment_info":0,"_links":{"self":[{"href":"https:\/\/www.lraloeverashop.eu\/es\/wp-json\/wp\/v2\/product\/18546","targetHints":{"allow":["GET"]}}],"collection":[{"href":"https:\/\/www.lraloeverashop.eu\/es\/wp-json\/wp\/v2\/product"}],"about":[{"href":"https:\/\/www.lraloeverashop.eu\/es\/wp-json\/wp\/v2\/types\/product"}],"replies":[{"embeddable":true,"href":"https:\/\/www.lraloeverashop.eu\/es\/wp-json\/wp\/v2\/comments?post=18546"}],"wp:featuredmedia":[{"embeddable":true,"href":"https:\/\/www.lraloeverashop.eu\/es\/wp-json\/wp\/v2\/media\/18253"}],"wp:attachment":[{"href":"https:\/\/www.lraloeverashop.eu\/es\/wp-json\/wp\/v2\/media?parent=18546"}],"wp:term":[{"taxonomy":"product_brand","embeddable":true,"href":"https:\/\/www.lraloeverashop.eu\/es\/wp-json\/wp\/v2\/product_brand?post=18546"},{"taxonomy":"product_cat","embeddable":true,"href":"https:\/\/www.lraloeverashop.eu\/es\/wp-json\/wp\/v2\/product_cat?post=18546"},{"taxonomy":"product_tag","embeddable":true,"href":"https:\/\/www.lraloeverashop.eu\/es\/wp-json\/wp\/v2\/product_tag?post=18546"}],"curies":[{"name":"wp","href":"https:\/\/api.w.org\/{rel}","templated":true}]}}