{"id":18355,"date":"2024-11-04T17:28:57","date_gmt":"2024-11-04T16:28:57","guid":{"rendered":"https:\/\/www.lraloeverashop.eu\/product\/set-de-cuidado-facial-beauty-diamonds\/"},"modified":"2026-02-09T04:30:48","modified_gmt":"2026-02-09T03:30:48","slug":"set-de-cuidado-facial-beauty-diamonds","status":"publish","type":"product","link":"https:\/\/www.lraloeverashop.eu\/es\/producto\/set-de-cuidado-facial-beauty-diamonds\/","title":{"rendered":"Set de Cuidado Facial Beauty Diamonds"},"content":{"rendered":"<h2><span style=\"font-size: 16pt;\"><strong>Set de Cuidado Facial Beauty Diamonds<\/strong><\/span><\/h2>\n<p><span style=\"font-size: 14pt;\"><strong>Set de Cuidado Facial Beauty Diamonds With con Efecto Anti-Envejecimiento.<\/strong><\/span><\/p>\n<p>Set de Cuidado Facial Beauty Diamonds proporciona a tu piel luminosidad y un cuidado \u00f3ptimo a diario.<\/p>\n<p>La Crema de D\u00eda Beauty Diamonds nutre la piel intensamente y la fortalece d\u00eda tras d\u00eda estimulando la producci\u00f3n de col\u00e1geno, haciendo que la piel luzca m\u00e1s rellenada. Tambi\u00e9n proporciona una sensaci\u00f3n de piel sedosa y suave, reduciendo las arrugas. El extracto de espino cerval de mar reafirma la piel y asegura contornos faciales armoniosos. Para una piel firme y una sensaci\u00f3n de piel sedosa y suave.<\/p>\n<p>La Crema de Noche Beauty Diamonds ayuda a tu piel a reducir los signos visibles del envejecimiento durante la noche. Mientras duermes, el mecanismo natural de protecci\u00f3n celular de la piel se estimula mediante un complejo sin\u00e9rgico de dos p\u00e9ptidos patentados (Replexium\u2122), de manera que al d\u00eda siguiente tu piel se siente firme, flexible y suave.<\/p>\n<p>La Crema y Mascarilla para Ojos Beauty Diamonds fortalece la piel a partir de los 40 a\u00f1os y reduce visiblemente las arrugas. Basada en las propiedades de los diamantes combinadas con prote\u00ednas, ralentiza el proceso de envejecimiento de la piel y fortalece el mecanismo de protecci\u00f3n celular. Reformulada ahora con un innovador sistema de transporte de activos y un ingrediente activo encapsulado que reduce las arrugas y la profundidad de las arrugas en el rostro.<\/p>\n<p>&nbsp;<\/p>\n<p><strong>Para mujeres&#8230;<\/strong><br \/>\n\u2026 a partir de los 40 a\u00f1os<br \/>\n\u2026 con piel seca y exigente<br \/>\n\u2026 que buscan cuidados de lujo<br \/>\n\u2026 que desean un gran carisma<br \/>\n\u2026 que quieren reducir las arrugas<br \/>\n\u2026 que desean m\u00e1s elasticidad en la piel<\/p>\n<p>&nbsp;<\/p>\n<p>El reafirmante Set de Cuidado Facial Beauty Diamonds fortalece la piel a partir de los 40 a\u00f1os y reduce visiblemente las arrugas. Basado en las propiedades de los diamantes combinadas con prote\u00ednas, asegura que el proceso de envejecimiento de la piel se retrase y el mecanismo de protecci\u00f3n celular se refuerce. Reformulado ahora con un innovador sistema de transporte de activos y un ingrediente activo encapsulado que reduce las arrugas y la profundidad de las arrugas.<\/p>\n<p>Para una eficacia m\u00e1xima en combinaci\u00f3n con la herramienta Zeitgard Pro Face Smoothing.<\/p>\n<p>&nbsp;<\/p>\n","protected":false},"excerpt":{"rendered":"<ul>\n<li><strong><span style=\"color: #ff0000;\">OFERTA LIMITADA<\/span><\/strong><\/li>\n<li>El Set Incluye: 1 x Crema de D\u00eda, 1 x Crema de Noche y 1 x Crema para Ojos<\/li>\n<li>Combinaci\u00f3n de ingredientes activos a base de diamantes y p\u00e9ptidos<\/li>\n<li>Con un innovador sistema de transporte de activos<\/li>\n<li>Recomendado para usar con la herramienta Zeitgard Pro Face Smoothing<\/li>\n<li>Reduce arrugas y reafirma tu piel<\/li>\n<\/ul>\n<p><span style=\"color: #ff0000;\"><a style=\"color: #ff0000;\" href=\"https:\/\/shop.lrworld.com\/openpao?PHP=0vFlt7jT938BEnBI3a6e9w%3D%3D\"><span style=\"font-size: 14pt;\"><strong>Reg\u00edstrate aqu\u00ed y ahorra 35% en cada compra<\/strong><\/span><\/a><\/span><\/p>\n","protected":false},"featured_media":18246,"comment_status":"open","ping_status":"closed","template":"","meta":{"_kad_blocks_custom_css":"","_kad_blocks_head_custom_js":"","_kad_blocks_body_custom_js":"","_kad_blocks_footer_custom_js":"","_kadence_starter_templates_imported_post":false,"_kad_post_transparent":"default","_kad_post_title":"","_kad_post_layout":"default","_kad_post_sidebar_id":"","_kad_post_content_style":"default","_kad_post_vertical_padding":"default","_kad_post_feature":"","_kad_post_feature_position":"","_kad_post_header":false,"_kad_post_footer":false,"_kad_post_classname":""},"product_brand":[],"product_cat":[367,271,283,332],"product_tag":[709,708],"class_list":{"0":"post-18355","1":"product","2":"type-product","3":"status-publish","4":"has-post-thumbnail","6":"product_cat-beauty-diamonds-es","7":"product_cat-cuidado-antiedad","8":"product_cat-mujeres-mayores-de-40","9":"product_cat-productos-antiedad","10":"product_tag-para-las-arrugas-debajo-de-los-ojos","11":"product_tag-para-las-arrugas-en-la-cara","13":"first","14":"instock","15":"taxable","16":"shipping-taxable","17":"purchasable","18":"product-type-simple","19":"entry","20":"content-bg","21":"loop-entry"},"yoast_head":"<!-- This site is optimized with the Yoast SEO Premium plugin v27.4 (Yoast SEO v27.4) - https:\/\/yoast.com\/product\/yoast-seo-premium-wordpress\/ -->\n<title>Set de Cuidado Facial Beauty Diamonds Nutre y Reafirma Tu Piel<\/title>\n<meta name=\"description\" content=\"Descubre el poder anti-envejecimiento con nuestro Set de Cuidado Facial Beauty Diamonds. Reduce las arrugas y reafirma tu piel durante la noche para una apariencia juvenil y radiante.\" \/>\n<meta name=\"robots\" content=\"index, follow, max-snippet:-1, max-image-preview:large, max-video-preview:-1\" \/>\n<link rel=\"canonical\" href=\"https:\/\/www.lraloeverashop.eu\/es\/producto\/set-de-cuidado-facial-beauty-diamonds\/\" \/>\n<meta property=\"og:locale\" content=\"es_ES\" \/>\n<meta property=\"og:type\" content=\"article\" \/>\n<meta property=\"og:title\" content=\"Set de Cuidado Facial Beauty Diamonds\" \/>\n<meta property=\"og:description\" content=\"Descubre el poder anti-envejecimiento con nuestro Set de Cuidado Facial Beauty Diamonds. Reduce las arrugas y reafirma tu piel durante la noche para una apariencia juvenil y radiante.\" \/>\n<meta property=\"og:url\" content=\"https:\/\/www.lraloeverashop.eu\/es\/producto\/set-de-cuidado-facial-beauty-diamonds\/\" \/>\n<meta property=\"og:site_name\" content=\"Lr Tienda Aloe Vera\" \/>\n<meta property=\"article:publisher\" content=\"https:\/\/www.facebook.com\/lraloeverashop.eu\" \/>\n<meta property=\"article:modified_time\" content=\"2026-02-09T03:30:48+00:00\" \/>\n<meta property=\"og:image\" content=\"https:\/\/www.lraloeverashop.eu\/wp-content\/uploads\/2024\/11\/Beauty-Diamonds-Face-Care.jpg\" \/>\n\t<meta property=\"og:image:width\" content=\"1200\" \/>\n\t<meta property=\"og:image:height\" content=\"1200\" \/>\n\t<meta property=\"og:image:type\" content=\"image\/jpeg\" \/>\n<meta name=\"twitter:card\" content=\"summary_large_image\" \/>\n<meta name=\"twitter:site\" content=\"@natur__kosmetik\" \/>\n<script type=\"application\/ld+json\" class=\"yoast-schema-graph\">{\"@context\":\"https:\\\/\\\/schema.org\",\"@graph\":[{\"@type\":[\"WebPage\",\"ItemPage\"],\"@id\":\"https:\\\/\\\/www.lraloeverashop.eu\\\/es\\\/producto\\\/set-de-cuidado-facial-beauty-diamonds\\\/\",\"url\":\"https:\\\/\\\/www.lraloeverashop.eu\\\/es\\\/producto\\\/set-de-cuidado-facial-beauty-diamonds\\\/\",\"name\":\"Set de Cuidado Facial Beauty Diamonds Nutre y Reafirma Tu Piel\",\"isPartOf\":{\"@id\":\"https:\\\/\\\/www.lraloeverashop.eu\\\/es\\\/#website\"},\"primaryImageOfPage\":{\"@id\":\"https:\\\/\\\/www.lraloeverashop.eu\\\/es\\\/producto\\\/set-de-cuidado-facial-beauty-diamonds\\\/#primaryimage\"},\"image\":{\"@id\":\"https:\\\/\\\/www.lraloeverashop.eu\\\/es\\\/producto\\\/set-de-cuidado-facial-beauty-diamonds\\\/#primaryimage\"},\"thumbnailUrl\":\"https:\\\/\\\/www.lraloeverashop.eu\\\/wp-content\\\/uploads\\\/2024\\\/11\\\/Beauty-Diamonds-Face-Care.jpg\",\"datePublished\":\"2024-11-04T16:28:57+00:00\",\"dateModified\":\"2026-02-09T03:30:48+00:00\",\"description\":\"Descubre el poder anti-envejecimiento con nuestro Set de Cuidado Facial Beauty Diamonds. Reduce las arrugas y reafirma tu piel durante la noche para una apariencia juvenil y radiante.\",\"breadcrumb\":{\"@id\":\"https:\\\/\\\/www.lraloeverashop.eu\\\/es\\\/producto\\\/set-de-cuidado-facial-beauty-diamonds\\\/#breadcrumb\"},\"inLanguage\":\"es\",\"potentialAction\":[{\"@type\":\"ReadAction\",\"target\":[\"https:\\\/\\\/www.lraloeverashop.eu\\\/es\\\/producto\\\/set-de-cuidado-facial-beauty-diamonds\\\/\"]}]},{\"@type\":\"ImageObject\",\"inLanguage\":\"es\",\"@id\":\"https:\\\/\\\/www.lraloeverashop.eu\\\/es\\\/producto\\\/set-de-cuidado-facial-beauty-diamonds\\\/#primaryimage\",\"url\":\"https:\\\/\\\/www.lraloeverashop.eu\\\/wp-content\\\/uploads\\\/2024\\\/11\\\/Beauty-Diamonds-Face-Care.jpg\",\"contentUrl\":\"https:\\\/\\\/www.lraloeverashop.eu\\\/wp-content\\\/uploads\\\/2024\\\/11\\\/Beauty-Diamonds-Face-Care.jpg\",\"width\":1200,\"height\":1200,\"caption\":\"Cuidado facial Beauty Diamonds\"},{\"@type\":\"BreadcrumbList\",\"@id\":\"https:\\\/\\\/www.lraloeverashop.eu\\\/es\\\/producto\\\/set-de-cuidado-facial-beauty-diamonds\\\/#breadcrumb\",\"itemListElement\":[{\"@type\":\"ListItem\",\"position\":1,\"name\":\"Home\",\"item\":\"https:\\\/\\\/www.lraloeverashop.eu\\\/es\\\/\"},{\"@type\":\"ListItem\",\"position\":2,\"name\":\"Tienda\",\"item\":\"https:\\\/\\\/www.lraloeverashop.eu\\\/es\\\/tienda\\\/\"},{\"@type\":\"ListItem\",\"position\":3,\"name\":\"Set de Cuidado Facial Beauty Diamonds\"}]},{\"@type\":\"WebSite\",\"@id\":\"https:\\\/\\\/www.lraloeverashop.eu\\\/es\\\/#website\",\"url\":\"https:\\\/\\\/www.lraloeverashop.eu\\\/es\\\/\",\"name\":\"Lr Tienda Aloe Vera\",\"description\":\"High Quality Lr Aloe Vera Gel, Aloe Vera Cream and Shampoo\",\"publisher\":{\"@id\":\"https:\\\/\\\/www.lraloeverashop.eu\\\/es\\\/#organization\"},\"potentialAction\":[{\"@type\":\"SearchAction\",\"target\":{\"@type\":\"EntryPoint\",\"urlTemplate\":\"https:\\\/\\\/www.lraloeverashop.eu\\\/es\\\/?s={search_term_string}\"},\"query-input\":{\"@type\":\"PropertyValueSpecification\",\"valueRequired\":true,\"valueName\":\"search_term_string\"}}],\"inLanguage\":\"es\"},{\"@type\":\"Organization\",\"@id\":\"https:\\\/\\\/www.lraloeverashop.eu\\\/es\\\/#organization\",\"name\":\"Lr Tienda Aloe Vera\",\"alternateName\":\"LR\",\"url\":\"https:\\\/\\\/www.lraloeverashop.eu\\\/es\\\/\",\"logo\":{\"@type\":\"ImageObject\",\"inLanguage\":\"es\",\"@id\":\"https:\\\/\\\/www.lraloeverashop.eu\\\/es\\\/#\\\/schema\\\/logo\\\/image\\\/\",\"url\":\"https:\\\/\\\/www.lraloeverashop.eu\\\/wp-content\\\/uploads\\\/2022\\\/09\\\/cropped-Lr-Aloe-Vera-Shop.jpg\",\"contentUrl\":\"https:\\\/\\\/www.lraloeverashop.eu\\\/wp-content\\\/uploads\\\/2022\\\/09\\\/cropped-Lr-Aloe-Vera-Shop.jpg\",\"width\":228,\"height\":76,\"caption\":\"Lr Tienda Aloe Vera\"},\"image\":{\"@id\":\"https:\\\/\\\/www.lraloeverashop.eu\\\/es\\\/#\\\/schema\\\/logo\\\/image\\\/\"},\"sameAs\":[\"https:\\\/\\\/www.facebook.com\\\/lraloeverashop.eu\",\"https:\\\/\\\/x.com\\\/natur__kosmetik\",\"https:\\\/\\\/www.youtube.com\\\/channel\\\/UC5oN7BJ8nfYb8RpVtjwDEBA\",\"https:\\\/\\\/www.instagram.com\\\/lrbeautyeu\\\/\"],\"description\":\"La tienda Lr Aloe Vera es tu destino de confianza para productos premium de salud y belleza LR, fabricados en Alemania. Ofrecemos soluciones de alta calidad para el cuidado de la piel, nutrici\u00f3n y antienvejecimiento con Aloe Vera, elaboradas con ingredientes puros y respaldadas por investigaci\u00f3n cient\u00edfica. Descubre un cuidado natural que regenera, protege y revitaliza tu piel, y disfruta de ofertas mensuales exclusivas en nuestros productos LR Aloe Vera m\u00e1s vendidos.\\n\\nComienza hoy mismo tu camino hacia el cuidado natural de la piel y siente la diferencia.\",\"email\":\"info@lraloeverashop.eu\",\"telephone\":\"+49 17670609653\",\"legalName\":\"Lr Aloe Vera Shop\",\"foundingDate\":\"2018-04-21\",\"numberOfEmployees\":{\"@type\":\"QuantitativeValue\",\"minValue\":\"1\",\"maxValue\":\"10\"}}]}<\/script>\n<meta property=\"product:price:amount\" content=\"146.99\" \/>\n<meta property=\"product:price:currency\" content=\"EUR\" \/>\n<meta property=\"og:availability\" content=\"instock\" \/>\n<meta property=\"product:availability\" content=\"instock\" \/>\n<meta property=\"product:retailer_item_id\" content=\"28325-1ES\" \/>\n<meta property=\"product:condition\" content=\"new\" \/>\n<!-- \/ Yoast SEO Premium plugin. -->","yoast_head_json":{"title":"Set de Cuidado Facial Beauty Diamonds Nutre y Reafirma Tu Piel","description":"Descubre el poder anti-envejecimiento con nuestro Set de Cuidado Facial Beauty Diamonds. Reduce las arrugas y reafirma tu piel durante la noche para una apariencia juvenil y radiante.","robots":{"index":"index","follow":"follow","max-snippet":"max-snippet:-1","max-image-preview":"max-image-preview:large","max-video-preview":"max-video-preview:-1"},"canonical":"https:\/\/www.lraloeverashop.eu\/es\/producto\/set-de-cuidado-facial-beauty-diamonds\/","og_locale":"es_ES","og_type":"article","og_title":"Set de Cuidado Facial Beauty Diamonds","og_description":"Descubre el poder anti-envejecimiento con nuestro Set de Cuidado Facial Beauty Diamonds. Reduce las arrugas y reafirma tu piel durante la noche para una apariencia juvenil y radiante.","og_url":"https:\/\/www.lraloeverashop.eu\/es\/producto\/set-de-cuidado-facial-beauty-diamonds\/","og_site_name":"Lr Tienda Aloe Vera","article_publisher":"https:\/\/www.facebook.com\/lraloeverashop.eu","article_modified_time":"2026-02-09T03:30:48+00:00","og_image":[{"width":1200,"height":1200,"url":"https:\/\/www.lraloeverashop.eu\/wp-content\/uploads\/2024\/11\/Beauty-Diamonds-Face-Care.jpg","type":"image\/jpeg"}],"twitter_card":"summary_large_image","twitter_site":"@natur__kosmetik","schema":{"@context":"https:\/\/schema.org","@graph":[{"@type":["WebPage","ItemPage"],"@id":"https:\/\/www.lraloeverashop.eu\/es\/producto\/set-de-cuidado-facial-beauty-diamonds\/","url":"https:\/\/www.lraloeverashop.eu\/es\/producto\/set-de-cuidado-facial-beauty-diamonds\/","name":"Set de Cuidado Facial Beauty Diamonds Nutre y Reafirma Tu Piel","isPartOf":{"@id":"https:\/\/www.lraloeverashop.eu\/es\/#website"},"primaryImageOfPage":{"@id":"https:\/\/www.lraloeverashop.eu\/es\/producto\/set-de-cuidado-facial-beauty-diamonds\/#primaryimage"},"image":{"@id":"https:\/\/www.lraloeverashop.eu\/es\/producto\/set-de-cuidado-facial-beauty-diamonds\/#primaryimage"},"thumbnailUrl":"https:\/\/www.lraloeverashop.eu\/wp-content\/uploads\/2024\/11\/Beauty-Diamonds-Face-Care.jpg","datePublished":"2024-11-04T16:28:57+00:00","dateModified":"2026-02-09T03:30:48+00:00","description":"Descubre el poder anti-envejecimiento con nuestro Set de Cuidado Facial Beauty Diamonds. Reduce las arrugas y reafirma tu piel durante la noche para una apariencia juvenil y radiante.","breadcrumb":{"@id":"https:\/\/www.lraloeverashop.eu\/es\/producto\/set-de-cuidado-facial-beauty-diamonds\/#breadcrumb"},"inLanguage":"es","potentialAction":[{"@type":"ReadAction","target":["https:\/\/www.lraloeverashop.eu\/es\/producto\/set-de-cuidado-facial-beauty-diamonds\/"]}]},{"@type":"ImageObject","inLanguage":"es","@id":"https:\/\/www.lraloeverashop.eu\/es\/producto\/set-de-cuidado-facial-beauty-diamonds\/#primaryimage","url":"https:\/\/www.lraloeverashop.eu\/wp-content\/uploads\/2024\/11\/Beauty-Diamonds-Face-Care.jpg","contentUrl":"https:\/\/www.lraloeverashop.eu\/wp-content\/uploads\/2024\/11\/Beauty-Diamonds-Face-Care.jpg","width":1200,"height":1200,"caption":"Cuidado facial Beauty Diamonds"},{"@type":"BreadcrumbList","@id":"https:\/\/www.lraloeverashop.eu\/es\/producto\/set-de-cuidado-facial-beauty-diamonds\/#breadcrumb","itemListElement":[{"@type":"ListItem","position":1,"name":"Home","item":"https:\/\/www.lraloeverashop.eu\/es\/"},{"@type":"ListItem","position":2,"name":"Tienda","item":"https:\/\/www.lraloeverashop.eu\/es\/tienda\/"},{"@type":"ListItem","position":3,"name":"Set de Cuidado Facial Beauty Diamonds"}]},{"@type":"WebSite","@id":"https:\/\/www.lraloeverashop.eu\/es\/#website","url":"https:\/\/www.lraloeverashop.eu\/es\/","name":"Lr Tienda Aloe Vera","description":"High Quality Lr Aloe Vera Gel, Aloe Vera Cream and Shampoo","publisher":{"@id":"https:\/\/www.lraloeverashop.eu\/es\/#organization"},"potentialAction":[{"@type":"SearchAction","target":{"@type":"EntryPoint","urlTemplate":"https:\/\/www.lraloeverashop.eu\/es\/?s={search_term_string}"},"query-input":{"@type":"PropertyValueSpecification","valueRequired":true,"valueName":"search_term_string"}}],"inLanguage":"es"},{"@type":"Organization","@id":"https:\/\/www.lraloeverashop.eu\/es\/#organization","name":"Lr Tienda Aloe Vera","alternateName":"LR","url":"https:\/\/www.lraloeverashop.eu\/es\/","logo":{"@type":"ImageObject","inLanguage":"es","@id":"https:\/\/www.lraloeverashop.eu\/es\/#\/schema\/logo\/image\/","url":"https:\/\/www.lraloeverashop.eu\/wp-content\/uploads\/2022\/09\/cropped-Lr-Aloe-Vera-Shop.jpg","contentUrl":"https:\/\/www.lraloeverashop.eu\/wp-content\/uploads\/2022\/09\/cropped-Lr-Aloe-Vera-Shop.jpg","width":228,"height":76,"caption":"Lr Tienda Aloe Vera"},"image":{"@id":"https:\/\/www.lraloeverashop.eu\/es\/#\/schema\/logo\/image\/"},"sameAs":["https:\/\/www.facebook.com\/lraloeverashop.eu","https:\/\/x.com\/natur__kosmetik","https:\/\/www.youtube.com\/channel\/UC5oN7BJ8nfYb8RpVtjwDEBA","https:\/\/www.instagram.com\/lrbeautyeu\/"],"description":"La tienda Lr Aloe Vera es tu destino de confianza para productos premium de salud y belleza LR, fabricados en Alemania. Ofrecemos soluciones de alta calidad para el cuidado de la piel, nutrici\u00f3n y antienvejecimiento con Aloe Vera, elaboradas con ingredientes puros y respaldadas por investigaci\u00f3n cient\u00edfica. Descubre un cuidado natural que regenera, protege y revitaliza tu piel, y disfruta de ofertas mensuales exclusivas en nuestros productos LR Aloe Vera m\u00e1s vendidos.\n\nComienza hoy mismo tu camino hacia el cuidado natural de la piel y siente la diferencia.","email":"info@lraloeverashop.eu","telephone":"+49 17670609653","legalName":"Lr Aloe Vera Shop","foundingDate":"2018-04-21","numberOfEmployees":{"@type":"QuantitativeValue","minValue":"1","maxValue":"10"}}]},"product_price_amount":"146.99","product_price_currency":"EUR","og_availability":"instock","product_availability":"instock","product_retailer_item_id":"28325-1ES","product_condition":"new"},"taxonomy_info":{"product_cat":[{"value":367,"label":"Beauty Diamonds"},{"value":271,"label":"Cuidado antiedad"},{"value":283,"label":"Mujeres mayores de 40"},{"value":332,"label":"Productos Antiedad"}],"product_tag":[{"value":709,"label":"para las arrugas debajo de los ojos"},{"value":708,"label":"para las arrugas en la cara"}]},"featured_image_src_large":["https:\/\/www.lraloeverashop.eu\/wp-content\/uploads\/2024\/11\/Beauty-Diamonds-Face-Care-1024x1024.jpg",1024,1024,true],"author_info":[],"comment_info":0,"_links":{"self":[{"href":"https:\/\/www.lraloeverashop.eu\/es\/wp-json\/wp\/v2\/product\/18355","targetHints":{"allow":["GET"]}}],"collection":[{"href":"https:\/\/www.lraloeverashop.eu\/es\/wp-json\/wp\/v2\/product"}],"about":[{"href":"https:\/\/www.lraloeverashop.eu\/es\/wp-json\/wp\/v2\/types\/product"}],"replies":[{"embeddable":true,"href":"https:\/\/www.lraloeverashop.eu\/es\/wp-json\/wp\/v2\/comments?post=18355"}],"wp:featuredmedia":[{"embeddable":true,"href":"https:\/\/www.lraloeverashop.eu\/es\/wp-json\/wp\/v2\/media\/18246"}],"wp:attachment":[{"href":"https:\/\/www.lraloeverashop.eu\/es\/wp-json\/wp\/v2\/media?parent=18355"}],"wp:term":[{"taxonomy":"product_brand","embeddable":true,"href":"https:\/\/www.lraloeverashop.eu\/es\/wp-json\/wp\/v2\/product_brand?post=18355"},{"taxonomy":"product_cat","embeddable":true,"href":"https:\/\/www.lraloeverashop.eu\/es\/wp-json\/wp\/v2\/product_cat?post=18355"},{"taxonomy":"product_tag","embeddable":true,"href":"https:\/\/www.lraloeverashop.eu\/es\/wp-json\/wp\/v2\/product_tag?post=18355"}],"curies":[{"name":"wp","href":"https:\/\/api.w.org\/{rel}","templated":true}]}}