{"id":18341,"date":"2024-11-04T18:29:02","date_gmt":"2024-11-04T17:29:02","guid":{"rendered":"https:\/\/www.lraloeverashop.eu\/product\/set-de-cuidado-facial-nanogold\/"},"modified":"2026-02-09T04:29:32","modified_gmt":"2026-02-09T03:29:32","slug":"set-de-cuidado-facial-nanogold","status":"publish","type":"product","link":"https:\/\/www.lraloeverashop.eu\/es\/producto\/set-de-cuidado-facial-nanogold\/","title":{"rendered":"Set de Cuidado Facial NanoGold"},"content":{"rendered":"<h2><span style=\"font-size: 16pt;\"><strong>Set de Cuidado Facial NanoGold<\/strong><\/span><\/h2>\n<p><span style=\"font-size: 14pt;\"><strong>Set de Cuidado Facial Nanogold para un Cuidado Facial de Alta Calidad<\/strong><\/span><\/p>\n<p>&nbsp;<\/p>\n<p>La Crema de D\u00eda Nanogold protege la piel y previene el envejecimiento prematuro. La textura sedosa y lujosa de la crema aumenta la elasticidad y resistencia de la piel y refuerza su barrera de hidrataci\u00f3n. El aceite de hueso de albaricoque, prote\u00ednas, glicoprote\u00ednas y polisac\u00e1ridos de soja estimulan las funciones regenerativas de la piel y promueven la formaci\u00f3n de col\u00e1geno, lo que mejora su resistencia.<\/p>\n<p>La Crema de Noche Nanogold es una crema de alta calidad que nutre y regenera la piel durante la noche. Gracias al extracto de Euglena Gracilis de microalga, la rica crema de noche ayuda a apoyar la regeneraci\u00f3n natural de la piel y a mejorar su estructura, de modo que las arrugas y l\u00edneas finas se reducen visiblemente.<\/p>\n<p>La Crema &amp; Mascarilla para Ojos Nanogold, con part\u00edculas de oro y seda para pieles de hasta 40 a\u00f1os, reduce visiblemente las arrugas. Las part\u00edculas de oro, basadas en un potenciador de col\u00e1geno, mejoran la elasticidad de la piel. Las prote\u00ednas de seda garantizan una sensaci\u00f3n de piel notablemente suave y protegen la piel de los factores ambientales.<\/p>\n<p>La combinaci\u00f3n de aceite de jojoba y oliva, manteca de karit\u00e9 y vitamina E hace que tu piel se vea m\u00e1s suave, fresca y relajada, como si hubieras dormido un poco m\u00e1s. Para una piel regenerada y alisada con una tez fresca.<\/p>\n<h3><span style=\"font-size: 16pt;\"><strong>Set para mujeres<\/strong><\/span><\/h3>\n<p>\u2026 a partir de los 30 a\u00f1os<br \/>\n\u2026 que desean prevenir las primeras arrugas<br \/>\n\u2026 que desean proteger la piel facial contra el envejecimiento<br \/>\n\u2026 que valoran un cuidado facial de alta calidad<\/p>\n<p>&nbsp;<\/p>\n<h4><strong><span style=\"font-size: 16pt;\">Modo de Uso<\/span><\/strong><\/h4>\n<p>Aplica la Crema de D\u00eda Anti-Aging Nanogold cada ma\u00f1ana despu\u00e9s de la limpieza facial. Despu\u00e9s, puedes continuar con el maquillaje.<br \/>\nLa Crema de Noche Nanogold debe aplicarse generosamente cada noche sobre el rostro limpio.<\/p>\n<p><span style=\"font-size: 14pt;\"><strong>Para una m\u00e1xima efectividad del Set de Cuidado Facial Nanogold, \u00fasalo en combinaci\u00f3n con la Herramienta de Alisado Facial Zeitgard Pro:<\/strong><\/span><\/p>\n<p><strong>PASO 1:<\/strong> Limpia tu piel facial con la Herramienta de Limpieza Facial o la Herramienta de Peeling Facial.<\/p>\n<p><strong>PASO 2:<\/strong> Aplica tu Crema Nanogold y masajea utilizando la Herramienta de Alisado Facial. Trata los lados izquierdo y derecho del rostro y la frente durante 30 segundos cada uno. Presta atenci\u00f3n a movimientos circulares desde el interior hacia afuera y de abajo hacia arriba.<\/p>\n","protected":false},"excerpt":{"rendered":"<ul>\n<li><strong><span style=\"color: #ff0000;\">Oferta Limitada<\/span><\/strong><\/li>\n<li>Lujoso Set de Cuidado Facial Anti-Aging<\/li>\n<li>Contra el envejecimiento prematuro de la piel<\/li>\n<li>Contiene 1 x crema de d\u00eda, 1 x crema de noche y 1 x crema de ojos<\/li>\n<li>Cuidado de alta calidad con prote\u00ednas de oro y seda<\/li>\n<li>Fabricado en Alemania<\/li>\n<\/ul>\n<p><span style=\"color: #ff0000;\"><a style=\"color: #ff0000;\" href=\"https:\/\/shop.lrworld.com\/openpao?PHP=0vFlt7jT938BEnBI3a6e9w%3D%3D\"><span style=\"font-size: 14pt;\"><strong>Reg\u00edstrate aqu\u00ed y ahorra 35% en cada compra<\/strong><\/span><\/a><\/span><\/p>\n","protected":false},"featured_media":18295,"comment_status":"open","ping_status":"closed","template":"","meta":{"_kad_blocks_custom_css":"","_kad_blocks_head_custom_js":"","_kad_blocks_body_custom_js":"","_kad_blocks_footer_custom_js":"","_kadence_starter_templates_imported_post":false,"_kad_post_transparent":"default","_kad_post_title":"","_kad_post_layout":"default","_kad_post_sidebar_id":"","_kad_post_content_style":"default","_kad_post_vertical_padding":"default","_kad_post_feature":"","_kad_post_feature_position":"","_kad_post_header":false,"_kad_post_footer":false,"_kad_post_classname":""},"product_brand":[],"product_cat":[271,289,373],"product_tag":[709,708],"class_list":{"0":"post-18341","1":"product","2":"type-product","3":"status-publish","4":"has-post-thumbnail","6":"product_cat-cuidado-antiedad","7":"product_cat-mujeres-hasta-40","8":"product_cat-nano-gold-es","9":"product_tag-para-las-arrugas-debajo-de-los-ojos","10":"product_tag-para-las-arrugas-en-la-cara","12":"first","13":"instock","14":"taxable","15":"shipping-taxable","16":"purchasable","17":"product-type-simple","18":"entry","19":"content-bg","20":"loop-entry"},"yoast_head":"<!-- This site is optimized with the Yoast SEO Premium plugin v27.4 (Yoast SEO v27.4) - https:\/\/yoast.com\/product\/yoast-seo-premium-wordpress\/ -->\n<title>Set de Cuidado Facial Nanogold para un cuidado facial de alta calidad<\/title>\n<meta name=\"description\" content=\"Experimenta un cuidado facial de alta calidad con el Set de Cuidado Facial Nanogold. Protege tu piel, estimula la regeneraci\u00f3n y reduce las arrugas. \u00a1Consigue el tuyo ahora!\" \/>\n<meta name=\"robots\" content=\"index, follow, max-snippet:-1, max-image-preview:large, max-video-preview:-1\" \/>\n<link rel=\"canonical\" href=\"https:\/\/www.lraloeverashop.eu\/es\/producto\/set-de-cuidado-facial-nanogold\/\" \/>\n<meta property=\"og:locale\" content=\"es_ES\" \/>\n<meta property=\"og:type\" content=\"article\" \/>\n<meta property=\"og:title\" content=\"Set de Cuidado Facial NanoGold\" \/>\n<meta property=\"og:description\" content=\"Experimenta un cuidado facial de alta calidad con el Set de Cuidado Facial Nanogold. Protege tu piel, estimula la regeneraci\u00f3n y reduce las arrugas. \u00a1Consigue el tuyo ahora!\" \/>\n<meta property=\"og:url\" content=\"https:\/\/www.lraloeverashop.eu\/es\/producto\/set-de-cuidado-facial-nanogold\/\" \/>\n<meta property=\"og:site_name\" content=\"Lr Tienda Aloe Vera\" \/>\n<meta property=\"article:publisher\" content=\"https:\/\/www.facebook.com\/lraloeverashop.eu\" \/>\n<meta property=\"article:modified_time\" content=\"2026-02-09T03:29:32+00:00\" \/>\n<meta property=\"og:image\" content=\"https:\/\/www.lraloeverashop.eu\/wp-content\/uploads\/2024\/11\/Nano-Gold-Face-Care.jpg\" \/>\n\t<meta property=\"og:image:width\" content=\"1200\" \/>\n\t<meta property=\"og:image:height\" content=\"1200\" \/>\n\t<meta property=\"og:image:type\" content=\"image\/jpeg\" \/>\n<meta name=\"twitter:card\" content=\"summary_large_image\" \/>\n<meta name=\"twitter:site\" content=\"@natur__kosmetik\" \/>\n<script type=\"application\/ld+json\" class=\"yoast-schema-graph\">{\"@context\":\"https:\\\/\\\/schema.org\",\"@graph\":[{\"@type\":[\"WebPage\",\"ItemPage\"],\"@id\":\"https:\\\/\\\/www.lraloeverashop.eu\\\/es\\\/producto\\\/set-de-cuidado-facial-nanogold\\\/\",\"url\":\"https:\\\/\\\/www.lraloeverashop.eu\\\/es\\\/producto\\\/set-de-cuidado-facial-nanogold\\\/\",\"name\":\"Set de Cuidado Facial Nanogold para un cuidado facial de alta calidad\",\"isPartOf\":{\"@id\":\"https:\\\/\\\/www.lraloeverashop.eu\\\/es\\\/#website\"},\"primaryImageOfPage\":{\"@id\":\"https:\\\/\\\/www.lraloeverashop.eu\\\/es\\\/producto\\\/set-de-cuidado-facial-nanogold\\\/#primaryimage\"},\"image\":{\"@id\":\"https:\\\/\\\/www.lraloeverashop.eu\\\/es\\\/producto\\\/set-de-cuidado-facial-nanogold\\\/#primaryimage\"},\"thumbnailUrl\":\"https:\\\/\\\/www.lraloeverashop.eu\\\/wp-content\\\/uploads\\\/2024\\\/11\\\/Nano-Gold-Face-Care.jpg\",\"datePublished\":\"2024-11-04T17:29:02+00:00\",\"dateModified\":\"2026-02-09T03:29:32+00:00\",\"description\":\"Experimenta un cuidado facial de alta calidad con el Set de Cuidado Facial Nanogold. Protege tu piel, estimula la regeneraci\u00f3n y reduce las arrugas. \u00a1Consigue el tuyo ahora!\",\"breadcrumb\":{\"@id\":\"https:\\\/\\\/www.lraloeverashop.eu\\\/es\\\/producto\\\/set-de-cuidado-facial-nanogold\\\/#breadcrumb\"},\"inLanguage\":\"es\",\"potentialAction\":[{\"@type\":\"ReadAction\",\"target\":[\"https:\\\/\\\/www.lraloeverashop.eu\\\/es\\\/producto\\\/set-de-cuidado-facial-nanogold\\\/\"]}]},{\"@type\":\"ImageObject\",\"inLanguage\":\"es\",\"@id\":\"https:\\\/\\\/www.lraloeverashop.eu\\\/es\\\/producto\\\/set-de-cuidado-facial-nanogold\\\/#primaryimage\",\"url\":\"https:\\\/\\\/www.lraloeverashop.eu\\\/wp-content\\\/uploads\\\/2024\\\/11\\\/Nano-Gold-Face-Care.jpg\",\"contentUrl\":\"https:\\\/\\\/www.lraloeverashop.eu\\\/wp-content\\\/uploads\\\/2024\\\/11\\\/Nano-Gold-Face-Care.jpg\",\"width\":1200,\"height\":1200,\"caption\":\"Cuidado facial Nano Gold\"},{\"@type\":\"BreadcrumbList\",\"@id\":\"https:\\\/\\\/www.lraloeverashop.eu\\\/es\\\/producto\\\/set-de-cuidado-facial-nanogold\\\/#breadcrumb\",\"itemListElement\":[{\"@type\":\"ListItem\",\"position\":1,\"name\":\"Home\",\"item\":\"https:\\\/\\\/www.lraloeverashop.eu\\\/es\\\/\"},{\"@type\":\"ListItem\",\"position\":2,\"name\":\"Tienda\",\"item\":\"https:\\\/\\\/www.lraloeverashop.eu\\\/es\\\/tienda\\\/\"},{\"@type\":\"ListItem\",\"position\":3,\"name\":\"Set de Cuidado Facial NanoGold\"}]},{\"@type\":\"WebSite\",\"@id\":\"https:\\\/\\\/www.lraloeverashop.eu\\\/es\\\/#website\",\"url\":\"https:\\\/\\\/www.lraloeverashop.eu\\\/es\\\/\",\"name\":\"Lr Tienda Aloe Vera\",\"description\":\"High Quality Lr Aloe Vera Gel, Aloe Vera Cream and Shampoo\",\"publisher\":{\"@id\":\"https:\\\/\\\/www.lraloeverashop.eu\\\/es\\\/#organization\"},\"potentialAction\":[{\"@type\":\"SearchAction\",\"target\":{\"@type\":\"EntryPoint\",\"urlTemplate\":\"https:\\\/\\\/www.lraloeverashop.eu\\\/es\\\/?s={search_term_string}\"},\"query-input\":{\"@type\":\"PropertyValueSpecification\",\"valueRequired\":true,\"valueName\":\"search_term_string\"}}],\"inLanguage\":\"es\"},{\"@type\":\"Organization\",\"@id\":\"https:\\\/\\\/www.lraloeverashop.eu\\\/es\\\/#organization\",\"name\":\"Lr Tienda Aloe Vera\",\"alternateName\":\"LR\",\"url\":\"https:\\\/\\\/www.lraloeverashop.eu\\\/es\\\/\",\"logo\":{\"@type\":\"ImageObject\",\"inLanguage\":\"es\",\"@id\":\"https:\\\/\\\/www.lraloeverashop.eu\\\/es\\\/#\\\/schema\\\/logo\\\/image\\\/\",\"url\":\"https:\\\/\\\/www.lraloeverashop.eu\\\/wp-content\\\/uploads\\\/2022\\\/09\\\/cropped-Lr-Aloe-Vera-Shop.jpg\",\"contentUrl\":\"https:\\\/\\\/www.lraloeverashop.eu\\\/wp-content\\\/uploads\\\/2022\\\/09\\\/cropped-Lr-Aloe-Vera-Shop.jpg\",\"width\":228,\"height\":76,\"caption\":\"Lr Tienda Aloe Vera\"},\"image\":{\"@id\":\"https:\\\/\\\/www.lraloeverashop.eu\\\/es\\\/#\\\/schema\\\/logo\\\/image\\\/\"},\"sameAs\":[\"https:\\\/\\\/www.facebook.com\\\/lraloeverashop.eu\",\"https:\\\/\\\/x.com\\\/natur__kosmetik\",\"https:\\\/\\\/www.youtube.com\\\/channel\\\/UC5oN7BJ8nfYb8RpVtjwDEBA\",\"https:\\\/\\\/www.instagram.com\\\/lrbeautyeu\\\/\"],\"description\":\"La tienda Lr Aloe Vera es tu destino de confianza para productos premium de salud y belleza LR, fabricados en Alemania. Ofrecemos soluciones de alta calidad para el cuidado de la piel, nutrici\u00f3n y antienvejecimiento con Aloe Vera, elaboradas con ingredientes puros y respaldadas por investigaci\u00f3n cient\u00edfica. Descubre un cuidado natural que regenera, protege y revitaliza tu piel, y disfruta de ofertas mensuales exclusivas en nuestros productos LR Aloe Vera m\u00e1s vendidos.\\n\\nComienza hoy mismo tu camino hacia el cuidado natural de la piel y siente la diferencia.\",\"email\":\"info@lraloeverashop.eu\",\"telephone\":\"+49 17670609653\",\"legalName\":\"Lr Aloe Vera Shop\",\"foundingDate\":\"2018-04-21\",\"numberOfEmployees\":{\"@type\":\"QuantitativeValue\",\"minValue\":\"1\",\"maxValue\":\"10\"}}]}<\/script>\n<meta property=\"product:price:amount\" content=\"129.99\" \/>\n<meta property=\"product:price:currency\" content=\"EUR\" \/>\n<meta property=\"og:availability\" content=\"instock\" \/>\n<meta property=\"product:availability\" content=\"instock\" \/>\n<meta property=\"product:retailer_item_id\" content=\"28195-1ES\" \/>\n<meta property=\"product:condition\" content=\"new\" \/>\n<!-- \/ Yoast SEO Premium plugin. -->","yoast_head_json":{"title":"Set de Cuidado Facial Nanogold para un cuidado facial de alta calidad","description":"Experimenta un cuidado facial de alta calidad con el Set de Cuidado Facial Nanogold. Protege tu piel, estimula la regeneraci\u00f3n y reduce las arrugas. \u00a1Consigue el tuyo ahora!","robots":{"index":"index","follow":"follow","max-snippet":"max-snippet:-1","max-image-preview":"max-image-preview:large","max-video-preview":"max-video-preview:-1"},"canonical":"https:\/\/www.lraloeverashop.eu\/es\/producto\/set-de-cuidado-facial-nanogold\/","og_locale":"es_ES","og_type":"article","og_title":"Set de Cuidado Facial NanoGold","og_description":"Experimenta un cuidado facial de alta calidad con el Set de Cuidado Facial Nanogold. Protege tu piel, estimula la regeneraci\u00f3n y reduce las arrugas. \u00a1Consigue el tuyo ahora!","og_url":"https:\/\/www.lraloeverashop.eu\/es\/producto\/set-de-cuidado-facial-nanogold\/","og_site_name":"Lr Tienda Aloe Vera","article_publisher":"https:\/\/www.facebook.com\/lraloeverashop.eu","article_modified_time":"2026-02-09T03:29:32+00:00","og_image":[{"width":1200,"height":1200,"url":"https:\/\/www.lraloeverashop.eu\/wp-content\/uploads\/2024\/11\/Nano-Gold-Face-Care.jpg","type":"image\/jpeg"}],"twitter_card":"summary_large_image","twitter_site":"@natur__kosmetik","schema":{"@context":"https:\/\/schema.org","@graph":[{"@type":["WebPage","ItemPage"],"@id":"https:\/\/www.lraloeverashop.eu\/es\/producto\/set-de-cuidado-facial-nanogold\/","url":"https:\/\/www.lraloeverashop.eu\/es\/producto\/set-de-cuidado-facial-nanogold\/","name":"Set de Cuidado Facial Nanogold para un cuidado facial de alta calidad","isPartOf":{"@id":"https:\/\/www.lraloeverashop.eu\/es\/#website"},"primaryImageOfPage":{"@id":"https:\/\/www.lraloeverashop.eu\/es\/producto\/set-de-cuidado-facial-nanogold\/#primaryimage"},"image":{"@id":"https:\/\/www.lraloeverashop.eu\/es\/producto\/set-de-cuidado-facial-nanogold\/#primaryimage"},"thumbnailUrl":"https:\/\/www.lraloeverashop.eu\/wp-content\/uploads\/2024\/11\/Nano-Gold-Face-Care.jpg","datePublished":"2024-11-04T17:29:02+00:00","dateModified":"2026-02-09T03:29:32+00:00","description":"Experimenta un cuidado facial de alta calidad con el Set de Cuidado Facial Nanogold. Protege tu piel, estimula la regeneraci\u00f3n y reduce las arrugas. \u00a1Consigue el tuyo ahora!","breadcrumb":{"@id":"https:\/\/www.lraloeverashop.eu\/es\/producto\/set-de-cuidado-facial-nanogold\/#breadcrumb"},"inLanguage":"es","potentialAction":[{"@type":"ReadAction","target":["https:\/\/www.lraloeverashop.eu\/es\/producto\/set-de-cuidado-facial-nanogold\/"]}]},{"@type":"ImageObject","inLanguage":"es","@id":"https:\/\/www.lraloeverashop.eu\/es\/producto\/set-de-cuidado-facial-nanogold\/#primaryimage","url":"https:\/\/www.lraloeverashop.eu\/wp-content\/uploads\/2024\/11\/Nano-Gold-Face-Care.jpg","contentUrl":"https:\/\/www.lraloeverashop.eu\/wp-content\/uploads\/2024\/11\/Nano-Gold-Face-Care.jpg","width":1200,"height":1200,"caption":"Cuidado facial Nano Gold"},{"@type":"BreadcrumbList","@id":"https:\/\/www.lraloeverashop.eu\/es\/producto\/set-de-cuidado-facial-nanogold\/#breadcrumb","itemListElement":[{"@type":"ListItem","position":1,"name":"Home","item":"https:\/\/www.lraloeverashop.eu\/es\/"},{"@type":"ListItem","position":2,"name":"Tienda","item":"https:\/\/www.lraloeverashop.eu\/es\/tienda\/"},{"@type":"ListItem","position":3,"name":"Set de Cuidado Facial NanoGold"}]},{"@type":"WebSite","@id":"https:\/\/www.lraloeverashop.eu\/es\/#website","url":"https:\/\/www.lraloeverashop.eu\/es\/","name":"Lr Tienda Aloe Vera","description":"High Quality Lr Aloe Vera Gel, Aloe Vera Cream and Shampoo","publisher":{"@id":"https:\/\/www.lraloeverashop.eu\/es\/#organization"},"potentialAction":[{"@type":"SearchAction","target":{"@type":"EntryPoint","urlTemplate":"https:\/\/www.lraloeverashop.eu\/es\/?s={search_term_string}"},"query-input":{"@type":"PropertyValueSpecification","valueRequired":true,"valueName":"search_term_string"}}],"inLanguage":"es"},{"@type":"Organization","@id":"https:\/\/www.lraloeverashop.eu\/es\/#organization","name":"Lr Tienda Aloe Vera","alternateName":"LR","url":"https:\/\/www.lraloeverashop.eu\/es\/","logo":{"@type":"ImageObject","inLanguage":"es","@id":"https:\/\/www.lraloeverashop.eu\/es\/#\/schema\/logo\/image\/","url":"https:\/\/www.lraloeverashop.eu\/wp-content\/uploads\/2022\/09\/cropped-Lr-Aloe-Vera-Shop.jpg","contentUrl":"https:\/\/www.lraloeverashop.eu\/wp-content\/uploads\/2022\/09\/cropped-Lr-Aloe-Vera-Shop.jpg","width":228,"height":76,"caption":"Lr Tienda Aloe Vera"},"image":{"@id":"https:\/\/www.lraloeverashop.eu\/es\/#\/schema\/logo\/image\/"},"sameAs":["https:\/\/www.facebook.com\/lraloeverashop.eu","https:\/\/x.com\/natur__kosmetik","https:\/\/www.youtube.com\/channel\/UC5oN7BJ8nfYb8RpVtjwDEBA","https:\/\/www.instagram.com\/lrbeautyeu\/"],"description":"La tienda Lr Aloe Vera es tu destino de confianza para productos premium de salud y belleza LR, fabricados en Alemania. Ofrecemos soluciones de alta calidad para el cuidado de la piel, nutrici\u00f3n y antienvejecimiento con Aloe Vera, elaboradas con ingredientes puros y respaldadas por investigaci\u00f3n cient\u00edfica. Descubre un cuidado natural que regenera, protege y revitaliza tu piel, y disfruta de ofertas mensuales exclusivas en nuestros productos LR Aloe Vera m\u00e1s vendidos.\n\nComienza hoy mismo tu camino hacia el cuidado natural de la piel y siente la diferencia.","email":"info@lraloeverashop.eu","telephone":"+49 17670609653","legalName":"Lr Aloe Vera Shop","foundingDate":"2018-04-21","numberOfEmployees":{"@type":"QuantitativeValue","minValue":"1","maxValue":"10"}}]},"product_price_amount":"129.99","product_price_currency":"EUR","og_availability":"instock","product_availability":"instock","product_retailer_item_id":"28195-1ES","product_condition":"new"},"taxonomy_info":{"product_cat":[{"value":271,"label":"Cuidado antiedad"},{"value":289,"label":"Mujeres hasta 40"},{"value":373,"label":"Nano Gold"}],"product_tag":[{"value":709,"label":"para las arrugas debajo de los ojos"},{"value":708,"label":"para las arrugas en la cara"}]},"featured_image_src_large":["https:\/\/www.lraloeverashop.eu\/wp-content\/uploads\/2024\/11\/Nano-Gold-Face-Care-1024x1024.jpg",1024,1024,true],"author_info":[],"comment_info":0,"_links":{"self":[{"href":"https:\/\/www.lraloeverashop.eu\/es\/wp-json\/wp\/v2\/product\/18341","targetHints":{"allow":["GET"]}}],"collection":[{"href":"https:\/\/www.lraloeverashop.eu\/es\/wp-json\/wp\/v2\/product"}],"about":[{"href":"https:\/\/www.lraloeverashop.eu\/es\/wp-json\/wp\/v2\/types\/product"}],"replies":[{"embeddable":true,"href":"https:\/\/www.lraloeverashop.eu\/es\/wp-json\/wp\/v2\/comments?post=18341"}],"wp:featuredmedia":[{"embeddable":true,"href":"https:\/\/www.lraloeverashop.eu\/es\/wp-json\/wp\/v2\/media\/18295"}],"wp:attachment":[{"href":"https:\/\/www.lraloeverashop.eu\/es\/wp-json\/wp\/v2\/media?parent=18341"}],"wp:term":[{"taxonomy":"product_brand","embeddable":true,"href":"https:\/\/www.lraloeverashop.eu\/es\/wp-json\/wp\/v2\/product_brand?post=18341"},{"taxonomy":"product_cat","embeddable":true,"href":"https:\/\/www.lraloeverashop.eu\/es\/wp-json\/wp\/v2\/product_cat?post=18341"},{"taxonomy":"product_tag","embeddable":true,"href":"https:\/\/www.lraloeverashop.eu\/es\/wp-json\/wp\/v2\/product_tag?post=18341"}],"curies":[{"name":"wp","href":"https:\/\/api.w.org\/{rel}","templated":true}]}}