{"id":18302,"date":"2024-11-04T10:37:55","date_gmt":"2024-11-04T09:37:55","guid":{"rendered":"https:\/\/www.lraloeverashop.eu\/?post_type=product&#038;p=18302"},"modified":"2026-02-15T08:01:45","modified_gmt":"2026-02-15T07:01:45","slug":"set-cuidado-del-cabello","status":"publish","type":"product","link":"https:\/\/www.lraloeverashop.eu\/es\/producto\/set-cuidado-del-cabello\/","title":{"rendered":"Set Cuidado del Cabello"},"content":{"rendered":"<h2><span style=\"font-size: 16pt;\"><strong>Set Cuidado del Cabello<\/strong><\/span><\/h2>\n<p><span style=\"font-size: 14pt;\"><strong>Set Cuidado del Cabello Aloe Vera Oferta limitada<\/strong><\/span><\/p>\n<p>\u00bfQuieres sentirte fuerte, confiado y hermoso? Descubre el nuevo Set Cuidado del Cabello para cabello saludable y sedoso y confianza en s\u00ed mismo.<\/p>\n<p>&nbsp;<\/p>\n<h3><span style=\"font-size: 16pt;\"><strong>Set contiene:<\/strong><\/span><\/h3>\n<p><a href=\"https:\/\/www.lraloeverashop.eu\/es\/producto\/aloe-vera-nutri-repair-champu\/\"><span style=\"color: #008000;\"><strong>Lr Aloe Vera Nutri-Repair Champ\u00fa<\/strong> <\/span><\/a>contiene ingredientes que act\u00faan como un im\u00e1n para deshacerse de la suciedad en el cabello, dej\u00e1ndolo limpio, fresco y saludable. Repleto de vitamina B5 Pro, el cabello se vuelve m\u00e1s fuerte y suave que nunca. Con el 45% de contenido de aloe vera, esto ayuda a hidratar el cabello y lo hace <a href=\"https:\/\/www.lraloeverashop.eu\/es\/producto\/aloe-vera-set-cabello-y-cuerpo\/\">saludable<\/a>. Te encantar\u00e1 la fragancia afrutada del champ\u00fa que estimular\u00e1 tus sentidos.<\/p>\n<p><a href=\"https:\/\/www.lraloeverashop.eu\/es\/producto\/aloe-vera-nutri-repair-acondicionador\/\"><span style=\"color: #008000;\"><strong>Aloe Vera Nutri-Repair acondicionador<\/strong> <\/span><\/a>repone la p\u00e9rdida de humedad y nutrientes de su cabello con el complejo de 7 aceites naturales. Estos ingredientes activos penetran profundamente en las hebras del cabello y sellan la capa externa con nutrientes esenciales. Los 7 aceites naturales y el gel de Aloe Vera al 15% reestructuran tu cabello a medida que hidrata. No m\u00e1s pesando de tu cabello. Adem\u00e1s, viene con un aroma limpio, fresco y afrutado!<\/p>\n<div class=\"entry-content-asset videofit\"><iframe loading=\"lazy\" title=\"Aloe Vera Set Nutri-Repair Para Cabelos\" width=\"720\" height=\"405\" src=\"https:\/\/www.youtube.com\/embed\/30799y3MH7A?feature=oembed\" frameborder=\"0\" allow=\"accelerometer; autoplay; clipboard-write; encrypted-media; gyroscope; picture-in-picture; web-share\" referrerpolicy=\"strict-origin-when-cross-origin\" allowfullscreen><\/iframe><\/div>\n<p>&nbsp;<\/p>\n<h4><span style=\"font-size: 16pt;\"><strong>Los estudios confirman la potencia de Aloe Vera Para Cabello de estas pruebas:<\/strong><\/span><\/h4>\n<p>&nbsp;<\/p>\n<ul>\n<li>El cabello se vuelve suave y sedoso y es tres veces m\u00e1s f\u00e1cil de peinar y manejar*<\/li>\n<li>Con un antega natural y suavidad, esto conduce a una <a href=\"https:\/\/www.lraloeverashop.eu\/es\/lr-aloe-vera-nutri-repair-mejor-cuidado-del-cabello-danado\/\">rotura reducida<\/a> en un 90 por ciento*<\/li>\n<li>El 90 por ciento de los participantes del estudio est\u00e1n encantados con la fragancia refrescante del champ\u00fa**<span style=\"color: #000000;\">*<\/span><\/li>\n<\/ul>\n<p>El uso diario de Set cuidado del cabello &#8211; champ\u00fa y acondicionador\u00a0 mejora la resiliencia del cabello y la resistencia de la rotura. Los resultados son m\u00e1s prometedores que aquellos que conf\u00edan en s\u00f3lo <a href=\"https:\/\/www.lraloeverashop.eu\/es\/producto\/aloe-vera-champu-masculino-esencial\/\">champ\u00fa<\/a>. Esto se bas\u00f3 en el estudio realizado en enero de 2018 por proDERM. <span style=\"color: #000000;\"><strong>**<\/strong><\/span> Sobre la base de los resultados de 40 participantes en la encuesta del Instituto Dermatest en diciembre de 2017<\/p>\n","protected":false},"excerpt":{"rendered":"<ul>\n<li><strong><span style=\"color: #ff0000;\">Oferta limitada<\/span><\/strong><\/li>\n<li>Set con champ\u00fa y acondicionador<\/li>\n<li>Para un cabello sano y brillante en las puntas<\/li>\n<li>Con hasta 45% Aloe Vera Gel y Complejo de Reparaci\u00f3n de 7 aceites<\/li>\n<li>Nutre, fortalece y repara el cabello<\/li>\n<li>Protege contra la rotura del cabello<\/li>\n<li>Producto fabricado en Alemania<\/li>\n<\/ul>\n<p><span style=\"color: #ff0000;\"><a style=\"color: #ff0000;\" href=\"https:\/\/shop.lrworld.com\/openpao?PHP=0vFlt7jT938BEnBI3a6e9w%3D%3D\"><span style=\"font-size: 14pt;\"><strong>Reg\u00edstrate aqu\u00ed y ahorra 35% en cada compra<\/strong><\/span><\/a><\/span><\/p>\n","protected":false},"featured_media":18267,"comment_status":"open","ping_status":"closed","template":"","meta":{"_kad_blocks_custom_css":"","_kad_blocks_head_custom_js":"","_kad_blocks_body_custom_js":"","_kad_blocks_footer_custom_js":"","_kadence_starter_templates_imported_post":false,"_kad_post_transparent":"default","_kad_post_title":"","_kad_post_layout":"default","_kad_post_sidebar_id":"","_kad_post_content_style":"default","_kad_post_vertical_padding":"default","_kad_post_feature":"","_kad_post_feature_position":"","_kad_post_header":false,"_kad_post_footer":false,"_kad_post_classname":""},"product_brand":[],"product_cat":[217,247,356],"product_tag":[631,635],"class_list":{"0":"post-18302","1":"product","2":"type-product","3":"status-publish","4":"has-post-thumbnail","6":"product_cat-aloe-vera-es","7":"product_cat-cuidado-capilar","8":"product_cat-ventas","9":"product_tag-cabello-danado","10":"product_tag-cabello-seco","12":"first","13":"outofstock","14":"sale","15":"taxable","16":"shipping-taxable","17":"purchasable","18":"product-type-simple","19":"entry","20":"content-bg","21":"loop-entry"},"yoast_head":"<!-- This site is optimized with the Yoast SEO Premium plugin v27.3 (Yoast SEO v27.3) - https:\/\/yoast.com\/product\/yoast-seo-premium-wordpress\/ -->\n<title>Set cuidado del cabello: Cabello m\u00e1s fuerte y suave con Pro B5<\/title>\n<meta name=\"description\" content=\"Consigue un cabello espl\u00e9ndido, sano, sedoso y brillante con nuestro set cuidado del cabello Aloe Vera. Si\u00e9ntete segura y hermosa todos los d\u00edas.\" \/>\n<meta name=\"robots\" content=\"index, follow, max-snippet:-1, max-image-preview:large, max-video-preview:-1\" \/>\n<link rel=\"canonical\" href=\"https:\/\/www.lraloeverashop.eu\/es\/producto\/set-cuidado-del-cabello\/\" \/>\n<meta property=\"og:locale\" content=\"es_ES\" \/>\n<meta property=\"og:type\" content=\"article\" \/>\n<meta property=\"og:title\" content=\"Set Cuidado del Cabello\" \/>\n<meta property=\"og:description\" content=\"Consigue un cabello espl\u00e9ndido, sano, sedoso y brillante con nuestro set cuidado del cabello Aloe Vera. Si\u00e9ntete segura y hermosa todos los d\u00edas.\" \/>\n<meta property=\"og:url\" content=\"https:\/\/www.lraloeverashop.eu\/es\/producto\/set-cuidado-del-cabello\/\" \/>\n<meta property=\"og:site_name\" content=\"Lr Tienda Aloe Vera\" \/>\n<meta property=\"article:publisher\" content=\"https:\/\/www.facebook.com\/lraloeverashop.eu\" \/>\n<meta property=\"article:modified_time\" content=\"2026-02-15T07:01:45+00:00\" \/>\n<meta property=\"og:image\" content=\"https:\/\/www.lraloeverashop.eu\/wp-content\/uploads\/2024\/11\/Hair-Care-Set.jpg\" \/>\n\t<meta property=\"og:image:width\" content=\"1200\" \/>\n\t<meta property=\"og:image:height\" content=\"1200\" \/>\n\t<meta property=\"og:image:type\" content=\"image\/jpeg\" \/>\n<meta name=\"twitter:card\" content=\"summary_large_image\" \/>\n<meta name=\"twitter:site\" content=\"@natur__kosmetik\" \/>\n<script type=\"application\/ld+json\" class=\"yoast-schema-graph\">{\"@context\":\"https:\\\/\\\/schema.org\",\"@graph\":[{\"@type\":[\"WebPage\",\"ItemPage\"],\"@id\":\"https:\\\/\\\/www.lraloeverashop.eu\\\/es\\\/producto\\\/set-cuidado-del-cabello\\\/\",\"url\":\"https:\\\/\\\/www.lraloeverashop.eu\\\/es\\\/producto\\\/set-cuidado-del-cabello\\\/\",\"name\":\"Set cuidado del cabello: Cabello m\u00e1s fuerte y suave con Pro B5\",\"isPartOf\":{\"@id\":\"https:\\\/\\\/www.lraloeverashop.eu\\\/es\\\/#website\"},\"primaryImageOfPage\":{\"@id\":\"https:\\\/\\\/www.lraloeverashop.eu\\\/es\\\/producto\\\/set-cuidado-del-cabello\\\/#primaryimage\"},\"image\":{\"@id\":\"https:\\\/\\\/www.lraloeverashop.eu\\\/es\\\/producto\\\/set-cuidado-del-cabello\\\/#primaryimage\"},\"thumbnailUrl\":\"https:\\\/\\\/www.lraloeverashop.eu\\\/wp-content\\\/uploads\\\/2024\\\/11\\\/Hair-Care-Set.jpg\",\"datePublished\":\"2024-11-04T09:37:55+00:00\",\"dateModified\":\"2026-02-15T07:01:45+00:00\",\"description\":\"Consigue un cabello espl\u00e9ndido, sano, sedoso y brillante con nuestro set cuidado del cabello Aloe Vera. Si\u00e9ntete segura y hermosa todos los d\u00edas.\",\"breadcrumb\":{\"@id\":\"https:\\\/\\\/www.lraloeverashop.eu\\\/es\\\/producto\\\/set-cuidado-del-cabello\\\/#breadcrumb\"},\"inLanguage\":\"es\",\"potentialAction\":[{\"@type\":\"ReadAction\",\"target\":[\"https:\\\/\\\/www.lraloeverashop.eu\\\/es\\\/producto\\\/set-cuidado-del-cabello\\\/\"]}]},{\"@type\":\"ImageObject\",\"inLanguage\":\"es\",\"@id\":\"https:\\\/\\\/www.lraloeverashop.eu\\\/es\\\/producto\\\/set-cuidado-del-cabello\\\/#primaryimage\",\"url\":\"https:\\\/\\\/www.lraloeverashop.eu\\\/wp-content\\\/uploads\\\/2024\\\/11\\\/Hair-Care-Set.jpg\",\"contentUrl\":\"https:\\\/\\\/www.lraloeverashop.eu\\\/wp-content\\\/uploads\\\/2024\\\/11\\\/Hair-Care-Set.jpg\",\"width\":1200,\"height\":1200,\"caption\":\"Set de cuidado capilar\"},{\"@type\":\"BreadcrumbList\",\"@id\":\"https:\\\/\\\/www.lraloeverashop.eu\\\/es\\\/producto\\\/set-cuidado-del-cabello\\\/#breadcrumb\",\"itemListElement\":[{\"@type\":\"ListItem\",\"position\":1,\"name\":\"Home\",\"item\":\"https:\\\/\\\/www.lraloeverashop.eu\\\/es\\\/\"},{\"@type\":\"ListItem\",\"position\":2,\"name\":\"Tienda\",\"item\":\"https:\\\/\\\/www.lraloeverashop.eu\\\/es\\\/tienda\\\/\"},{\"@type\":\"ListItem\",\"position\":3,\"name\":\"Set Cuidado del Cabello\"}]},{\"@type\":\"WebSite\",\"@id\":\"https:\\\/\\\/www.lraloeverashop.eu\\\/es\\\/#website\",\"url\":\"https:\\\/\\\/www.lraloeverashop.eu\\\/es\\\/\",\"name\":\"Lr Tienda Aloe Vera\",\"description\":\"High Quality Lr Aloe Vera Gel, Aloe Vera Cream and Shampoo\",\"publisher\":{\"@id\":\"https:\\\/\\\/www.lraloeverashop.eu\\\/es\\\/#organization\"},\"potentialAction\":[{\"@type\":\"SearchAction\",\"target\":{\"@type\":\"EntryPoint\",\"urlTemplate\":\"https:\\\/\\\/www.lraloeverashop.eu\\\/es\\\/?s={search_term_string}\"},\"query-input\":{\"@type\":\"PropertyValueSpecification\",\"valueRequired\":true,\"valueName\":\"search_term_string\"}}],\"inLanguage\":\"es\"},{\"@type\":\"Organization\",\"@id\":\"https:\\\/\\\/www.lraloeverashop.eu\\\/es\\\/#organization\",\"name\":\"Lr Tienda Aloe Vera\",\"alternateName\":\"LR\",\"url\":\"https:\\\/\\\/www.lraloeverashop.eu\\\/es\\\/\",\"logo\":{\"@type\":\"ImageObject\",\"inLanguage\":\"es\",\"@id\":\"https:\\\/\\\/www.lraloeverashop.eu\\\/es\\\/#\\\/schema\\\/logo\\\/image\\\/\",\"url\":\"https:\\\/\\\/www.lraloeverashop.eu\\\/wp-content\\\/uploads\\\/2022\\\/09\\\/cropped-Lr-Aloe-Vera-Shop.jpg\",\"contentUrl\":\"https:\\\/\\\/www.lraloeverashop.eu\\\/wp-content\\\/uploads\\\/2022\\\/09\\\/cropped-Lr-Aloe-Vera-Shop.jpg\",\"width\":228,\"height\":76,\"caption\":\"Lr Tienda Aloe Vera\"},\"image\":{\"@id\":\"https:\\\/\\\/www.lraloeverashop.eu\\\/es\\\/#\\\/schema\\\/logo\\\/image\\\/\"},\"sameAs\":[\"https:\\\/\\\/www.facebook.com\\\/lraloeverashop.eu\",\"https:\\\/\\\/x.com\\\/natur__kosmetik\",\"https:\\\/\\\/www.youtube.com\\\/channel\\\/UC5oN7BJ8nfYb8RpVtjwDEBA\",\"https:\\\/\\\/www.instagram.com\\\/lrbeautyeu\\\/\"]}]}<\/script>\n<meta property=\"product:price:amount\" content=\"21.00\" \/>\n<meta property=\"product:price:currency\" content=\"EUR\" \/>\n<meta property=\"og:availability\" content=\"out of stock\" \/>\n<meta property=\"product:availability\" content=\"out of stock\" \/>\n<meta property=\"product:retailer_item_id\" content=\"20881-1ES\" \/>\n<meta property=\"product:condition\" content=\"new\" \/>\n<!-- \/ Yoast SEO Premium plugin. -->","yoast_head_json":{"title":"Set cuidado del cabello: Cabello m\u00e1s fuerte y suave con Pro B5","description":"Consigue un cabello espl\u00e9ndido, sano, sedoso y brillante con nuestro set cuidado del cabello Aloe Vera. Si\u00e9ntete segura y hermosa todos los d\u00edas.","robots":{"index":"index","follow":"follow","max-snippet":"max-snippet:-1","max-image-preview":"max-image-preview:large","max-video-preview":"max-video-preview:-1"},"canonical":"https:\/\/www.lraloeverashop.eu\/es\/producto\/set-cuidado-del-cabello\/","og_locale":"es_ES","og_type":"article","og_title":"Set Cuidado del Cabello","og_description":"Consigue un cabello espl\u00e9ndido, sano, sedoso y brillante con nuestro set cuidado del cabello Aloe Vera. Si\u00e9ntete segura y hermosa todos los d\u00edas.","og_url":"https:\/\/www.lraloeverashop.eu\/es\/producto\/set-cuidado-del-cabello\/","og_site_name":"Lr Tienda Aloe Vera","article_publisher":"https:\/\/www.facebook.com\/lraloeverashop.eu","article_modified_time":"2026-02-15T07:01:45+00:00","og_image":[{"width":1200,"height":1200,"url":"https:\/\/www.lraloeverashop.eu\/wp-content\/uploads\/2024\/11\/Hair-Care-Set.jpg","type":"image\/jpeg"}],"twitter_card":"summary_large_image","twitter_site":"@natur__kosmetik","schema":{"@context":"https:\/\/schema.org","@graph":[{"@type":["WebPage","ItemPage"],"@id":"https:\/\/www.lraloeverashop.eu\/es\/producto\/set-cuidado-del-cabello\/","url":"https:\/\/www.lraloeverashop.eu\/es\/producto\/set-cuidado-del-cabello\/","name":"Set cuidado del cabello: Cabello m\u00e1s fuerte y suave con Pro B5","isPartOf":{"@id":"https:\/\/www.lraloeverashop.eu\/es\/#website"},"primaryImageOfPage":{"@id":"https:\/\/www.lraloeverashop.eu\/es\/producto\/set-cuidado-del-cabello\/#primaryimage"},"image":{"@id":"https:\/\/www.lraloeverashop.eu\/es\/producto\/set-cuidado-del-cabello\/#primaryimage"},"thumbnailUrl":"https:\/\/www.lraloeverashop.eu\/wp-content\/uploads\/2024\/11\/Hair-Care-Set.jpg","datePublished":"2024-11-04T09:37:55+00:00","dateModified":"2026-02-15T07:01:45+00:00","description":"Consigue un cabello espl\u00e9ndido, sano, sedoso y brillante con nuestro set cuidado del cabello Aloe Vera. Si\u00e9ntete segura y hermosa todos los d\u00edas.","breadcrumb":{"@id":"https:\/\/www.lraloeverashop.eu\/es\/producto\/set-cuidado-del-cabello\/#breadcrumb"},"inLanguage":"es","potentialAction":[{"@type":"ReadAction","target":["https:\/\/www.lraloeverashop.eu\/es\/producto\/set-cuidado-del-cabello\/"]}]},{"@type":"ImageObject","inLanguage":"es","@id":"https:\/\/www.lraloeverashop.eu\/es\/producto\/set-cuidado-del-cabello\/#primaryimage","url":"https:\/\/www.lraloeverashop.eu\/wp-content\/uploads\/2024\/11\/Hair-Care-Set.jpg","contentUrl":"https:\/\/www.lraloeverashop.eu\/wp-content\/uploads\/2024\/11\/Hair-Care-Set.jpg","width":1200,"height":1200,"caption":"Set de cuidado capilar"},{"@type":"BreadcrumbList","@id":"https:\/\/www.lraloeverashop.eu\/es\/producto\/set-cuidado-del-cabello\/#breadcrumb","itemListElement":[{"@type":"ListItem","position":1,"name":"Home","item":"https:\/\/www.lraloeverashop.eu\/es\/"},{"@type":"ListItem","position":2,"name":"Tienda","item":"https:\/\/www.lraloeverashop.eu\/es\/tienda\/"},{"@type":"ListItem","position":3,"name":"Set Cuidado del Cabello"}]},{"@type":"WebSite","@id":"https:\/\/www.lraloeverashop.eu\/es\/#website","url":"https:\/\/www.lraloeverashop.eu\/es\/","name":"Lr Tienda Aloe Vera","description":"High Quality Lr Aloe Vera Gel, Aloe Vera Cream and Shampoo","publisher":{"@id":"https:\/\/www.lraloeverashop.eu\/es\/#organization"},"potentialAction":[{"@type":"SearchAction","target":{"@type":"EntryPoint","urlTemplate":"https:\/\/www.lraloeverashop.eu\/es\/?s={search_term_string}"},"query-input":{"@type":"PropertyValueSpecification","valueRequired":true,"valueName":"search_term_string"}}],"inLanguage":"es"},{"@type":"Organization","@id":"https:\/\/www.lraloeverashop.eu\/es\/#organization","name":"Lr Tienda Aloe Vera","alternateName":"LR","url":"https:\/\/www.lraloeverashop.eu\/es\/","logo":{"@type":"ImageObject","inLanguage":"es","@id":"https:\/\/www.lraloeverashop.eu\/es\/#\/schema\/logo\/image\/","url":"https:\/\/www.lraloeverashop.eu\/wp-content\/uploads\/2022\/09\/cropped-Lr-Aloe-Vera-Shop.jpg","contentUrl":"https:\/\/www.lraloeverashop.eu\/wp-content\/uploads\/2022\/09\/cropped-Lr-Aloe-Vera-Shop.jpg","width":228,"height":76,"caption":"Lr Tienda Aloe Vera"},"image":{"@id":"https:\/\/www.lraloeverashop.eu\/es\/#\/schema\/logo\/image\/"},"sameAs":["https:\/\/www.facebook.com\/lraloeverashop.eu","https:\/\/x.com\/natur__kosmetik","https:\/\/www.youtube.com\/channel\/UC5oN7BJ8nfYb8RpVtjwDEBA","https:\/\/www.instagram.com\/lrbeautyeu\/"]}]},"product_price_amount":"21.00","product_price_currency":"EUR","og_availability":"out of stock","product_availability":"out of stock","product_retailer_item_id":"20881-1ES","product_condition":"new"},"taxonomy_info":{"product_cat":[{"value":217,"label":"Aloe Vera"},{"value":247,"label":"Cuidado Capilar"},{"value":356,"label":"Ventas"}],"product_tag":[{"value":631,"label":"Cabello da\u00f1ado"},{"value":635,"label":"Cabello seco"}]},"featured_image_src_large":["https:\/\/www.lraloeverashop.eu\/wp-content\/uploads\/2024\/11\/Hair-Care-Set-1024x1024.jpg",1024,1024,true],"author_info":[],"comment_info":0,"_links":{"self":[{"href":"https:\/\/www.lraloeverashop.eu\/es\/wp-json\/wp\/v2\/product\/18302","targetHints":{"allow":["GET"]}}],"collection":[{"href":"https:\/\/www.lraloeverashop.eu\/es\/wp-json\/wp\/v2\/product"}],"about":[{"href":"https:\/\/www.lraloeverashop.eu\/es\/wp-json\/wp\/v2\/types\/product"}],"replies":[{"embeddable":true,"href":"https:\/\/www.lraloeverashop.eu\/es\/wp-json\/wp\/v2\/comments?post=18302"}],"wp:featuredmedia":[{"embeddable":true,"href":"https:\/\/www.lraloeverashop.eu\/es\/wp-json\/wp\/v2\/media\/18267"}],"wp:attachment":[{"href":"https:\/\/www.lraloeverashop.eu\/es\/wp-json\/wp\/v2\/media?parent=18302"}],"wp:term":[{"taxonomy":"product_brand","embeddable":true,"href":"https:\/\/www.lraloeverashop.eu\/es\/wp-json\/wp\/v2\/product_brand?post=18302"},{"taxonomy":"product_cat","embeddable":true,"href":"https:\/\/www.lraloeverashop.eu\/es\/wp-json\/wp\/v2\/product_cat?post=18302"},{"taxonomy":"product_tag","embeddable":true,"href":"https:\/\/www.lraloeverashop.eu\/es\/wp-json\/wp\/v2\/product_tag?post=18302"}],"curies":[{"name":"wp","href":"https:\/\/api.w.org\/{rel}","templated":true}]}}