{"id":16568,"date":"2024-09-30T22:57:35","date_gmt":"2024-09-30T20:57:35","guid":{"rendered":"https:\/\/www.lraloeverashop.eu\/?post_type=product&#038;p=16568"},"modified":"2026-02-09T04:32:11","modified_gmt":"2026-02-09T03:32:11","slug":"pro-12-plus-capsulas-oferta-limitada","status":"publish","type":"product","link":"https:\/\/www.lraloeverashop.eu\/es\/producto\/pro-12-plus-capsulas-oferta-limitada\/","title":{"rendered":"Pro 12 Plus C\u00e1psulas Oferta Limitada"},"content":{"rendered":"<h2><strong><span style=\"font-size: 16pt; color: #000000;\">Pro 12 Plus C\u00e1psulas Oferta Limitada<\/span><\/strong><\/h2>\n<p><span style=\"font-size: 14pt;\"><strong>Pro 12 Plus C\u00e1psulas son la pr\u00f3xima generaci\u00f3n de preparados bacterianos con el nuevo complejo TRIPLEBIOTIC.<\/strong><\/span><\/p>\n<p>1. Los fructooligosac\u00e1ridos garantizan que las bacterias de nuestro intestino se sientan c\u00f3modas.<br \/>\n2. BACTERIAS: mil millones de bacterias por c\u00e1psula de 12 cepas bacterianas diferentes<br \/>\n3. POSTBI\u00d3TICOS: Contiene el ingrediente posbi\u00f3tico patentado Prolac-T\u2122<\/p>\n<p>La innovadora doble encapsulaci\u00f3n garantiza que el complejo TRIPLEBIOTIC llegue intacto al intestino.<\/p>\n<p>&nbsp;<\/p>\n<h3><span style=\"font-size: 16pt;\"><strong>Probi\u00f3ticos Pro 12 Plus &#8211; Principales efectos sobre la salud.<\/strong><\/span><\/h3>\n<ul style=\"list-style-type: square;\">\n<li>Correcto funcionamiento del sistema digestivo.<\/li>\n<li>Colitis ulcerosa inflamaci\u00f3n del tejido del colon<\/li>\n<li>Enfermedad de Crohn<\/li>\n<li>Enfermedad por reflujo esof\u00e1gico<\/li>\n<li>Aumento general de la <a href=\"https:\/\/www.lraloeverashop.eu\/es\/producto\/super-omega-3-capsulas\/\">resistencia del cuerpo<\/a>.<\/li>\n<li>Prevenci\u00f3n del c\u00e1ncer de colon \/ 8300 casos nuevos al a\u00f1o !!! \/<\/li>\n<li>Prevenci\u00f3n de \u00falceras e inflamaci\u00f3n del est\u00f3mago.<\/li>\n<li>Para pacientes que padecen micosis (hongos), altas<\/li>\n<li>Diarrea (<a href=\"https:\/\/www.lraloeverashop.eu\/es\/producto\/calostro-directo-liquido\/\">gripe infecciosa<\/a>, salmonella, Campylobacter, rotavirus&#8230;)<\/li>\n<li>Embotellamiento<\/li>\n<li>Problemas digestivos agudos, Reflujo, Acidez de est\u00f3mago<\/li>\n<li>Intolerancia a la lactosa<\/li>\n<li>S\u00edndrome del intestino irritable<\/li>\n<li>Diarrea del viajero \/ <strong>puesta 3 d\u00edas antes de la salida<\/strong><\/li>\n<li>Alergias alimentarias \/ previene el desarrollo de eczema at\u00f3pico \/ diverticulitis<\/li>\n<li>S\u00edndrome del intestino permeable<\/li>\n<li>S\u00edndrome de fatiga cr\u00f3nica<\/li>\n<li>Hinchaz\u00f3n<\/li>\n<\/ul>\n<p>&nbsp;<\/p>\n<h3><strong><span style=\"font-size: 16pt; color: #000000;\">C\u00f3mo utilizar<\/span><\/strong><\/h3>\n<p><strong>Dosis recomendada de Probi\u00f3ticos Pro 12 Plus:<\/strong> Tomar una c\u00e1psula de Pro 12+ una vez al d\u00eda &#8211; preferiblemente por la noche &#8211; junto con un vaso de l\u00edquido.<\/p>\n<p>No se debe exceder la dosis diaria recomendada. Los complementos alimenticios no sustituyen a una <strong><a href=\"https:\/\/www.lraloeverashop.eu\/es\/sustituto-de-la-comida-figu-active-la-dieta-muy-inteligente-para-bajar-de-peso\/\">dieta variada<\/a><\/strong> y equilibrada, lo cual es importante junto con un estilo de vida saludable. Guarde el producto fuera del alcance de los ni\u00f1os peque\u00f1os. Puede contener trazas de lactosa y soja.<\/p>\n<p>Conservar bien cerrado, seco y a temperatura ambiente. Vuelva a cerrar herm\u00e9ticamente despu\u00e9s de abrir.<\/p>\n<p>&nbsp;<\/p>\n<h4><strong><span style=\"font-size: 16pt; color: #000000;\">\u00bfLo sab\u00edas?<\/span><\/strong><\/h4>\n<p>Las c\u00e1psulas Pro 12 Plus contienen las siguientes doce valiosas cepas bacterianas: Bifidobacterium longum, Bifidobacterium breve, Bifidobacterium bifidum, Bifidobacterium infantis, Bifidobacterium lactis, Lactobacillus plantarum, Lactobacillus casei, Lactobacillus paracasei, Lactobacillus rhamnosus, Lactobacillus acidophilus, Lactobacillus bulgaricus y Streptococcus thermophilus.<\/p>\n","protected":false},"excerpt":{"rendered":"<ul>\n<li><span style=\"color: #ff0000;\"><strong>Oferta Limitada<\/strong><\/span><\/li>\n<li>Con complejo TRIPLEBIOTIC y doble encapsulaci\u00f3n.<\/li>\n<li>Prebi\u00f3ticos, bacterias y postbi\u00f3ticos.<\/li>\n<li>Para Problemas digestivos agudos, Reflujo, Acidez de est\u00f3mago<\/li>\n<li>Apoya el bienestar general<\/li>\n<li>Contenido: 2 x 30 c\u00e1psulas<\/li>\n<\/ul>\n<p><span style=\"color: #ff0000;\"><a style=\"color: #ff0000;\" href=\"https:\/\/shop.lrworld.com\/openpao?PHP=0vFlt7jT938BEnBI3a6e9w%3D%3D\"><span style=\"font-size: 14pt;\"><strong>Reg\u00edstrate aqu\u00ed y ahorra 35% en cada compra<\/strong><\/span><\/a><\/span><\/p>\n","protected":false},"featured_media":16577,"comment_status":"open","ping_status":"closed","template":"","meta":{"_kad_blocks_custom_css":"","_kad_blocks_head_custom_js":"","_kad_blocks_body_custom_js":"","_kad_blocks_footer_custom_js":"","_kadence_starter_templates_imported_post":false,"_kad_post_transparent":"default","_kad_post_title":"","_kad_post_layout":"default","_kad_post_sidebar_id":"","_kad_post_content_style":"default","_kad_post_vertical_padding":"default","_kad_post_feature":"","_kad_post_feature_position":"","_kad_post_header":false,"_kad_post_footer":false,"_kad_post_classname":""},"product_brand":[],"product_cat":[469,439,511,415,356],"product_tag":[693],"class_list":{"0":"post-16568","1":"product","2":"type-product","3":"status-publish","4":"has-post-thumbnail","6":"product_cat-especialistas","7":"product_cat-intestinos-y-digestion","8":"product_cat-probioticos-es","9":"product_cat-productos-especiales","10":"product_cat-ventas","11":"product_tag-para-refuerzo-inmunologico","13":"first","14":"outofstock","15":"sale","16":"taxable","17":"shipping-taxable","18":"purchasable","19":"product-type-simple","20":"entry","21":"content-bg","22":"loop-entry"},"yoast_head":"<!-- This site is optimized with the Yoast SEO Premium plugin v27.4 (Yoast SEO v27.4) - https:\/\/yoast.com\/product\/yoast-seo-premium-wordpress\/ -->\n<title>Pro 12 Plus C\u00e1psulas con prebi\u00f3ticos, bacterias y postbi\u00f3ticos<\/title>\n<meta name=\"description\" content=\"Pro 12 Plus C\u00e1psulas en nueva formulaci\u00f3n optimizada para problemas digestivos agudos, Reflujo. Prevenci\u00f3n de \u00falceras e inflamaci\u00f3n del est\u00f3mago.\" \/>\n<meta name=\"robots\" content=\"index, follow, max-snippet:-1, max-image-preview:large, max-video-preview:-1\" \/>\n<link rel=\"canonical\" href=\"https:\/\/www.lraloeverashop.eu\/es\/producto\/pro-12-plus-capsulas-oferta-limitada\/\" \/>\n<meta property=\"og:locale\" content=\"es_ES\" \/>\n<meta property=\"og:type\" content=\"article\" \/>\n<meta property=\"og:title\" content=\"Pro 12 Plus C\u00e1psulas Oferta Limitada\" \/>\n<meta property=\"og:description\" content=\"Pro 12 Plus C\u00e1psulas en nueva formulaci\u00f3n optimizada para problemas digestivos agudos, Reflujo. Prevenci\u00f3n de \u00falceras e inflamaci\u00f3n del est\u00f3mago.\" \/>\n<meta property=\"og:url\" content=\"https:\/\/www.lraloeverashop.eu\/es\/producto\/pro-12-plus-capsulas-oferta-limitada\/\" \/>\n<meta property=\"og:site_name\" content=\"Lr Tienda Aloe Vera\" \/>\n<meta property=\"article:publisher\" content=\"https:\/\/www.facebook.com\/lraloeverashop.eu\" \/>\n<meta property=\"article:modified_time\" content=\"2026-02-09T03:32:11+00:00\" \/>\n<meta property=\"og:image\" content=\"https:\/\/www.lraloeverashop.eu\/wp-content\/uploads\/2024\/09\/Pro-12-Plus-2.jpg\" \/>\n\t<meta property=\"og:image:width\" content=\"1200\" \/>\n\t<meta property=\"og:image:height\" content=\"1200\" \/>\n\t<meta property=\"og:image:type\" content=\"image\/jpeg\" \/>\n<meta name=\"twitter:card\" content=\"summary_large_image\" \/>\n<meta name=\"twitter:site\" content=\"@natur__kosmetik\" \/>\n<script type=\"application\/ld+json\" class=\"yoast-schema-graph\">{\"@context\":\"https:\\\/\\\/schema.org\",\"@graph\":[{\"@type\":[\"WebPage\",\"ItemPage\"],\"@id\":\"https:\\\/\\\/www.lraloeverashop.eu\\\/es\\\/producto\\\/pro-12-plus-capsulas-oferta-limitada\\\/\",\"url\":\"https:\\\/\\\/www.lraloeverashop.eu\\\/es\\\/producto\\\/pro-12-plus-capsulas-oferta-limitada\\\/\",\"name\":\"Pro 12 Plus C\u00e1psulas con prebi\u00f3ticos, bacterias y postbi\u00f3ticos\",\"isPartOf\":{\"@id\":\"https:\\\/\\\/www.lraloeverashop.eu\\\/es\\\/#website\"},\"primaryImageOfPage\":{\"@id\":\"https:\\\/\\\/www.lraloeverashop.eu\\\/es\\\/producto\\\/pro-12-plus-capsulas-oferta-limitada\\\/#primaryimage\"},\"image\":{\"@id\":\"https:\\\/\\\/www.lraloeverashop.eu\\\/es\\\/producto\\\/pro-12-plus-capsulas-oferta-limitada\\\/#primaryimage\"},\"thumbnailUrl\":\"https:\\\/\\\/www.lraloeverashop.eu\\\/wp-content\\\/uploads\\\/2024\\\/09\\\/Pro-12-Plus-2.jpg\",\"datePublished\":\"2024-09-30T20:57:35+00:00\",\"dateModified\":\"2026-02-09T03:32:11+00:00\",\"description\":\"Pro 12 Plus C\u00e1psulas en nueva formulaci\u00f3n optimizada para problemas digestivos agudos, Reflujo. Prevenci\u00f3n de \u00falceras e inflamaci\u00f3n del est\u00f3mago.\",\"breadcrumb\":{\"@id\":\"https:\\\/\\\/www.lraloeverashop.eu\\\/es\\\/producto\\\/pro-12-plus-capsulas-oferta-limitada\\\/#breadcrumb\"},\"inLanguage\":\"es\",\"potentialAction\":[{\"@type\":\"ReadAction\",\"target\":[\"https:\\\/\\\/www.lraloeverashop.eu\\\/es\\\/producto\\\/pro-12-plus-capsulas-oferta-limitada\\\/\"]}]},{\"@type\":\"ImageObject\",\"inLanguage\":\"es\",\"@id\":\"https:\\\/\\\/www.lraloeverashop.eu\\\/es\\\/producto\\\/pro-12-plus-capsulas-oferta-limitada\\\/#primaryimage\",\"url\":\"https:\\\/\\\/www.lraloeverashop.eu\\\/wp-content\\\/uploads\\\/2024\\\/09\\\/Pro-12-Plus-2.jpg\",\"contentUrl\":\"https:\\\/\\\/www.lraloeverashop.eu\\\/wp-content\\\/uploads\\\/2024\\\/09\\\/Pro-12-Plus-2.jpg\",\"width\":1200,\"height\":1200,\"caption\":\"Pro 12 Plus Oferta limitada\"},{\"@type\":\"BreadcrumbList\",\"@id\":\"https:\\\/\\\/www.lraloeverashop.eu\\\/es\\\/producto\\\/pro-12-plus-capsulas-oferta-limitada\\\/#breadcrumb\",\"itemListElement\":[{\"@type\":\"ListItem\",\"position\":1,\"name\":\"Home\",\"item\":\"https:\\\/\\\/www.lraloeverashop.eu\\\/es\\\/\"},{\"@type\":\"ListItem\",\"position\":2,\"name\":\"Tienda\",\"item\":\"https:\\\/\\\/www.lraloeverashop.eu\\\/es\\\/tienda\\\/\"},{\"@type\":\"ListItem\",\"position\":3,\"name\":\"Pro 12 Plus C\u00e1psulas Oferta Limitada\"}]},{\"@type\":\"WebSite\",\"@id\":\"https:\\\/\\\/www.lraloeverashop.eu\\\/es\\\/#website\",\"url\":\"https:\\\/\\\/www.lraloeverashop.eu\\\/es\\\/\",\"name\":\"Lr Tienda Aloe Vera\",\"description\":\"High Quality Lr Aloe Vera Gel, Aloe Vera Cream and Shampoo\",\"publisher\":{\"@id\":\"https:\\\/\\\/www.lraloeverashop.eu\\\/es\\\/#organization\"},\"potentialAction\":[{\"@type\":\"SearchAction\",\"target\":{\"@type\":\"EntryPoint\",\"urlTemplate\":\"https:\\\/\\\/www.lraloeverashop.eu\\\/es\\\/?s={search_term_string}\"},\"query-input\":{\"@type\":\"PropertyValueSpecification\",\"valueRequired\":true,\"valueName\":\"search_term_string\"}}],\"inLanguage\":\"es\"},{\"@type\":\"Organization\",\"@id\":\"https:\\\/\\\/www.lraloeverashop.eu\\\/es\\\/#organization\",\"name\":\"Lr Tienda Aloe Vera\",\"alternateName\":\"LR\",\"url\":\"https:\\\/\\\/www.lraloeverashop.eu\\\/es\\\/\",\"logo\":{\"@type\":\"ImageObject\",\"inLanguage\":\"es\",\"@id\":\"https:\\\/\\\/www.lraloeverashop.eu\\\/es\\\/#\\\/schema\\\/logo\\\/image\\\/\",\"url\":\"https:\\\/\\\/www.lraloeverashop.eu\\\/wp-content\\\/uploads\\\/2022\\\/09\\\/cropped-Lr-Aloe-Vera-Shop.jpg\",\"contentUrl\":\"https:\\\/\\\/www.lraloeverashop.eu\\\/wp-content\\\/uploads\\\/2022\\\/09\\\/cropped-Lr-Aloe-Vera-Shop.jpg\",\"width\":228,\"height\":76,\"caption\":\"Lr Tienda Aloe Vera\"},\"image\":{\"@id\":\"https:\\\/\\\/www.lraloeverashop.eu\\\/es\\\/#\\\/schema\\\/logo\\\/image\\\/\"},\"sameAs\":[\"https:\\\/\\\/www.facebook.com\\\/lraloeverashop.eu\",\"https:\\\/\\\/x.com\\\/natur__kosmetik\",\"https:\\\/\\\/www.youtube.com\\\/channel\\\/UC5oN7BJ8nfYb8RpVtjwDEBA\",\"https:\\\/\\\/www.instagram.com\\\/lrbeautyeu\\\/\"],\"description\":\"La tienda Lr Aloe Vera es tu destino de confianza para productos premium de salud y belleza LR, fabricados en Alemania. Ofrecemos soluciones de alta calidad para el cuidado de la piel, nutrici\u00f3n y antienvejecimiento con Aloe Vera, elaboradas con ingredientes puros y respaldadas por investigaci\u00f3n cient\u00edfica. Descubre un cuidado natural que regenera, protege y revitaliza tu piel, y disfruta de ofertas mensuales exclusivas en nuestros productos LR Aloe Vera m\u00e1s vendidos.\\n\\nComienza hoy mismo tu camino hacia el cuidado natural de la piel y siente la diferencia.\",\"email\":\"info@lraloeverashop.eu\",\"telephone\":\"+49 17670609653\",\"legalName\":\"Lr Aloe Vera Shop\",\"foundingDate\":\"2018-04-21\",\"numberOfEmployees\":{\"@type\":\"QuantitativeValue\",\"minValue\":\"1\",\"maxValue\":\"10\"}}]}<\/script>\n<meta property=\"product:price:amount\" content=\"78.99\" \/>\n<meta property=\"product:price:currency\" content=\"EUR\" \/>\n<meta property=\"og:availability\" content=\"out of stock\" \/>\n<meta property=\"product:availability\" content=\"out of stock\" \/>\n<meta property=\"product:retailer_item_id\" content=\"81182-ES\" \/>\n<meta property=\"product:condition\" content=\"new\" \/>\n<!-- \/ Yoast SEO Premium plugin. -->","yoast_head_json":{"title":"Pro 12 Plus C\u00e1psulas con prebi\u00f3ticos, bacterias y postbi\u00f3ticos","description":"Pro 12 Plus C\u00e1psulas en nueva formulaci\u00f3n optimizada para problemas digestivos agudos, Reflujo. Prevenci\u00f3n de \u00falceras e inflamaci\u00f3n del est\u00f3mago.","robots":{"index":"index","follow":"follow","max-snippet":"max-snippet:-1","max-image-preview":"max-image-preview:large","max-video-preview":"max-video-preview:-1"},"canonical":"https:\/\/www.lraloeverashop.eu\/es\/producto\/pro-12-plus-capsulas-oferta-limitada\/","og_locale":"es_ES","og_type":"article","og_title":"Pro 12 Plus C\u00e1psulas Oferta Limitada","og_description":"Pro 12 Plus C\u00e1psulas en nueva formulaci\u00f3n optimizada para problemas digestivos agudos, Reflujo. Prevenci\u00f3n de \u00falceras e inflamaci\u00f3n del est\u00f3mago.","og_url":"https:\/\/www.lraloeverashop.eu\/es\/producto\/pro-12-plus-capsulas-oferta-limitada\/","og_site_name":"Lr Tienda Aloe Vera","article_publisher":"https:\/\/www.facebook.com\/lraloeverashop.eu","article_modified_time":"2026-02-09T03:32:11+00:00","og_image":[{"width":1200,"height":1200,"url":"https:\/\/www.lraloeverashop.eu\/wp-content\/uploads\/2024\/09\/Pro-12-Plus-2.jpg","type":"image\/jpeg"}],"twitter_card":"summary_large_image","twitter_site":"@natur__kosmetik","schema":{"@context":"https:\/\/schema.org","@graph":[{"@type":["WebPage","ItemPage"],"@id":"https:\/\/www.lraloeverashop.eu\/es\/producto\/pro-12-plus-capsulas-oferta-limitada\/","url":"https:\/\/www.lraloeverashop.eu\/es\/producto\/pro-12-plus-capsulas-oferta-limitada\/","name":"Pro 12 Plus C\u00e1psulas con prebi\u00f3ticos, bacterias y postbi\u00f3ticos","isPartOf":{"@id":"https:\/\/www.lraloeverashop.eu\/es\/#website"},"primaryImageOfPage":{"@id":"https:\/\/www.lraloeverashop.eu\/es\/producto\/pro-12-plus-capsulas-oferta-limitada\/#primaryimage"},"image":{"@id":"https:\/\/www.lraloeverashop.eu\/es\/producto\/pro-12-plus-capsulas-oferta-limitada\/#primaryimage"},"thumbnailUrl":"https:\/\/www.lraloeverashop.eu\/wp-content\/uploads\/2024\/09\/Pro-12-Plus-2.jpg","datePublished":"2024-09-30T20:57:35+00:00","dateModified":"2026-02-09T03:32:11+00:00","description":"Pro 12 Plus C\u00e1psulas en nueva formulaci\u00f3n optimizada para problemas digestivos agudos, Reflujo. Prevenci\u00f3n de \u00falceras e inflamaci\u00f3n del est\u00f3mago.","breadcrumb":{"@id":"https:\/\/www.lraloeverashop.eu\/es\/producto\/pro-12-plus-capsulas-oferta-limitada\/#breadcrumb"},"inLanguage":"es","potentialAction":[{"@type":"ReadAction","target":["https:\/\/www.lraloeverashop.eu\/es\/producto\/pro-12-plus-capsulas-oferta-limitada\/"]}]},{"@type":"ImageObject","inLanguage":"es","@id":"https:\/\/www.lraloeverashop.eu\/es\/producto\/pro-12-plus-capsulas-oferta-limitada\/#primaryimage","url":"https:\/\/www.lraloeverashop.eu\/wp-content\/uploads\/2024\/09\/Pro-12-Plus-2.jpg","contentUrl":"https:\/\/www.lraloeverashop.eu\/wp-content\/uploads\/2024\/09\/Pro-12-Plus-2.jpg","width":1200,"height":1200,"caption":"Pro 12 Plus Oferta limitada"},{"@type":"BreadcrumbList","@id":"https:\/\/www.lraloeverashop.eu\/es\/producto\/pro-12-plus-capsulas-oferta-limitada\/#breadcrumb","itemListElement":[{"@type":"ListItem","position":1,"name":"Home","item":"https:\/\/www.lraloeverashop.eu\/es\/"},{"@type":"ListItem","position":2,"name":"Tienda","item":"https:\/\/www.lraloeverashop.eu\/es\/tienda\/"},{"@type":"ListItem","position":3,"name":"Pro 12 Plus C\u00e1psulas Oferta Limitada"}]},{"@type":"WebSite","@id":"https:\/\/www.lraloeverashop.eu\/es\/#website","url":"https:\/\/www.lraloeverashop.eu\/es\/","name":"Lr Tienda Aloe Vera","description":"High Quality Lr Aloe Vera Gel, Aloe Vera Cream and Shampoo","publisher":{"@id":"https:\/\/www.lraloeverashop.eu\/es\/#organization"},"potentialAction":[{"@type":"SearchAction","target":{"@type":"EntryPoint","urlTemplate":"https:\/\/www.lraloeverashop.eu\/es\/?s={search_term_string}"},"query-input":{"@type":"PropertyValueSpecification","valueRequired":true,"valueName":"search_term_string"}}],"inLanguage":"es"},{"@type":"Organization","@id":"https:\/\/www.lraloeverashop.eu\/es\/#organization","name":"Lr Tienda Aloe Vera","alternateName":"LR","url":"https:\/\/www.lraloeverashop.eu\/es\/","logo":{"@type":"ImageObject","inLanguage":"es","@id":"https:\/\/www.lraloeverashop.eu\/es\/#\/schema\/logo\/image\/","url":"https:\/\/www.lraloeverashop.eu\/wp-content\/uploads\/2022\/09\/cropped-Lr-Aloe-Vera-Shop.jpg","contentUrl":"https:\/\/www.lraloeverashop.eu\/wp-content\/uploads\/2022\/09\/cropped-Lr-Aloe-Vera-Shop.jpg","width":228,"height":76,"caption":"Lr Tienda Aloe Vera"},"image":{"@id":"https:\/\/www.lraloeverashop.eu\/es\/#\/schema\/logo\/image\/"},"sameAs":["https:\/\/www.facebook.com\/lraloeverashop.eu","https:\/\/x.com\/natur__kosmetik","https:\/\/www.youtube.com\/channel\/UC5oN7BJ8nfYb8RpVtjwDEBA","https:\/\/www.instagram.com\/lrbeautyeu\/"],"description":"La tienda Lr Aloe Vera es tu destino de confianza para productos premium de salud y belleza LR, fabricados en Alemania. Ofrecemos soluciones de alta calidad para el cuidado de la piel, nutrici\u00f3n y antienvejecimiento con Aloe Vera, elaboradas con ingredientes puros y respaldadas por investigaci\u00f3n cient\u00edfica. Descubre un cuidado natural que regenera, protege y revitaliza tu piel, y disfruta de ofertas mensuales exclusivas en nuestros productos LR Aloe Vera m\u00e1s vendidos.\n\nComienza hoy mismo tu camino hacia el cuidado natural de la piel y siente la diferencia.","email":"info@lraloeverashop.eu","telephone":"+49 17670609653","legalName":"Lr Aloe Vera Shop","foundingDate":"2018-04-21","numberOfEmployees":{"@type":"QuantitativeValue","minValue":"1","maxValue":"10"}}]},"product_price_amount":"78.99","product_price_currency":"EUR","og_availability":"out of stock","product_availability":"out of stock","product_retailer_item_id":"81182-ES","product_condition":"new"},"taxonomy_info":{"product_cat":[{"value":469,"label":"Especialistas"},{"value":439,"label":"Intestinos y Digesti\u00f3n"},{"value":511,"label":"Probi\u00f3ticos"},{"value":415,"label":"Productos Especiales"},{"value":356,"label":"Ventas"}],"product_tag":[{"value":693,"label":"para refuerzo inmunol\u00f3gico"}]},"featured_image_src_large":["https:\/\/www.lraloeverashop.eu\/wp-content\/uploads\/2024\/09\/Pro-12-Plus-2-1024x1024.jpg",1024,1024,true],"author_info":[],"comment_info":0,"_links":{"self":[{"href":"https:\/\/www.lraloeverashop.eu\/es\/wp-json\/wp\/v2\/product\/16568","targetHints":{"allow":["GET"]}}],"collection":[{"href":"https:\/\/www.lraloeverashop.eu\/es\/wp-json\/wp\/v2\/product"}],"about":[{"href":"https:\/\/www.lraloeverashop.eu\/es\/wp-json\/wp\/v2\/types\/product"}],"replies":[{"embeddable":true,"href":"https:\/\/www.lraloeverashop.eu\/es\/wp-json\/wp\/v2\/comments?post=16568"}],"wp:featuredmedia":[{"embeddable":true,"href":"https:\/\/www.lraloeverashop.eu\/es\/wp-json\/wp\/v2\/media\/16577"}],"wp:attachment":[{"href":"https:\/\/www.lraloeverashop.eu\/es\/wp-json\/wp\/v2\/media?parent=16568"}],"wp:term":[{"taxonomy":"product_brand","embeddable":true,"href":"https:\/\/www.lraloeverashop.eu\/es\/wp-json\/wp\/v2\/product_brand?post=16568"},{"taxonomy":"product_cat","embeddable":true,"href":"https:\/\/www.lraloeverashop.eu\/es\/wp-json\/wp\/v2\/product_cat?post=16568"},{"taxonomy":"product_tag","embeddable":true,"href":"https:\/\/www.lraloeverashop.eu\/es\/wp-json\/wp\/v2\/product_tag?post=16568"}],"curies":[{"name":"wp","href":"https:\/\/api.w.org\/{rel}","templated":true}]}}