{"id":16229,"date":"2024-07-12T15:05:38","date_gmt":"2024-07-12T13:05:38","guid":{"rendered":"https:\/\/www.lraloeverashop.eu\/?post_type=product&#038;p=16229"},"modified":"2026-02-09T04:32:22","modified_gmt":"2026-02-09T03:32:22","slug":"gel-de-afeitar-transparente-aloe-vera","status":"publish","type":"product","link":"https:\/\/www.lraloeverashop.eu\/es\/producto\/gel-de-afeitar-transparente-aloe-vera\/","title":{"rendered":"Gel de Afeitar Transparente Aloe Vera"},"content":{"rendered":"<h2><span style=\"font-size: 16pt;\"><strong>Gel de Afeitar Transparente Aloe Vera<\/strong><\/span><\/h2>\n<p><span style=\"font-size: 14pt;\"><strong>Gel de Afeitar Transparente Aloe Vera will revitalizar\u00e1 tu piel con cada afeitado.<\/strong><\/span><\/p>\n<p>Descubre la experiencia de afeitado definitiva con el Gel de Afeitar con Aloe Vera de <a href=\"https:\/\/lrworld.com\/join-me\">LR Health &amp; Beauty<\/a>. Ya sea que est\u00e9s arreglando tu barba o afeitando otras \u00e1reas, este gel innovador proporciona un afeitado preciso y suave de la cabeza a los pies.<\/p>\n<p>&nbsp;<\/p>\n<h3><span style=\"font-size: 16pt;\"><strong>Beneficios Que Te Encantar\u00e1n<\/strong><\/span><\/h3>\n<p><strong>Uso Vers\u00e1til:<\/strong> Ideal para afeitar barbas y varias \u00e1reas de la piel.<br \/>\n<strong>Mayor Precisi\u00f3n:<\/strong> F\u00f3rmula transparente para una visibilidad clara de los contornos.<br \/>\n<strong>Cuidado de la Piel:<\/strong> Contiene 50% de aloe vera, \u00e1cido hialur\u00f3nico y provitamina B5 para calmar y proteger la piel.<br \/>\n<strong>Previene Irritaciones:<\/strong> Reduce el enrojecimiento, ardor, sequedad y tensi\u00f3n.<br \/>\n<strong>Aspecto Fresco:<\/strong> Deja la piel fresca y regenerada.<\/p>\n<p>El Gel de Afeitar Transparente Aloe Vera suaviza y levanta los pelos para un afeitado completo mientras previene activamente las irritaciones de la piel como el enrojecimiento, ardor, sequedad y tirantez. Infundido con \u00e1cido hialur\u00f3nico y provitamina B5, nutre y humecta profundamente tu piel, promoviendo la regeneraci\u00f3n y vitalidad. La mezcla calmante de Defensil\u2122 y extracto de t\u00e9 blanco org\u00e1nico fortalece la barrera de la piel, ofreciendo una protecci\u00f3n y comodidad incomparables durante cada afeitado.<\/p>\n<p>&nbsp;<\/p>\n<h4><span style=\"font-size: 16pt;\"><strong>C\u00f3mo Usar<\/strong><\/span><\/h4>\n<ol>\n<li><strong>Humedecer:<\/strong> Moja el \u00e1rea a afeitar con agua tibia.<\/li>\n<li><strong>Aplicar:<\/strong> Extiende el gel de afeitar hasta formar una \u00abpel\u00edcula de gel\u00bb suficiente en la piel.<\/li>\n<li><strong>Afeitar:<\/strong> Usa una cuchilla limpia y afilada para afeitarte como de costumbre.<\/li>\n<li><strong>Enjuagar:<\/strong> Lava el \u00e1rea afeitada con agua tibia.<\/li>\n<\/ol>\n<p>&nbsp;<\/p>\n<p><strong>Consejo:<\/strong>Para un afeitado completo de barba, considera usar la <a href=\"https:\/\/www.lraloeverashop.eu\/es\/producto\/aloe-vera-espuma-de-afeitar-anti-irritacion\/\">espuma de afeitar<\/a> calmante con aloe vera para un acabado a\u00fan m\u00e1s suave.<\/p>\n<p>Abraza la claridad y comodidad del Gel de Afeitar Transparente Aloe Vera para tu pr\u00f3ximo afeitado. Experimenta la suavidad y el cuidado que tu piel merece. \u00a1No esperes m\u00e1s, mejora tu rutina de afeitado hoy y disfruta de un acabado fresco y sin irritaciones cada vez!<\/p>\n","protected":false},"excerpt":{"rendered":"<ul>\n<li>Gel de afeitar transparente y sin espuma<\/li>\n<li>Perfecto para afeitar los contornos de la barba<\/li>\n<li>Con 50% de aloe vera, \u00e1cido hialur\u00f3nico y provitamina B5<\/li>\n<li>Calma y protege contra irritaciones de la piel como el enrojecimiento<\/li>\n<li>Con Defensil\u2122 y extracto de t\u00e9 blanco org\u00e1nico<\/li>\n<li>Contenido: 150 ml<\/li>\n<\/ul>\n<p><span style=\"color: #ff0000;\"><a style=\"color: #ff0000;\" href=\"https:\/\/shop.lrworld.com\/openpao?PHP=0vFlt7jT938BEnBI3a6e9w%3D%3D\"><span style=\"font-size: 14pt;\"><strong>Reg\u00edstrate aqu\u00ed y ahorra 35% en cada compra<\/strong><\/span><\/a><\/span><\/p>\n","protected":false},"featured_media":16217,"comment_status":"open","ping_status":"closed","template":"","meta":{"_kad_blocks_custom_css":"","_kad_blocks_head_custom_js":"","_kad_blocks_body_custom_js":"","_kad_blocks_footer_custom_js":"","_kadence_starter_templates_imported_post":false,"_kad_post_transparent":"default","_kad_post_title":"","_kad_post_layout":"default","_kad_post_sidebar_id":"","_kad_post_content_style":"default","_kad_post_vertical_padding":"default","_kad_post_feature":"","_kad_post_feature_position":"","_kad_post_header":false,"_kad_post_footer":false,"_kad_post_classname":""},"product_brand":[],"product_cat":[217,253],"product_tag":[522,574],"class_list":{"0":"post-16229","1":"product","2":"type-product","3":"status-publish","4":"has-post-thumbnail","6":"product_cat-aloe-vera-es","7":"product_cat-cuidado-masculino","8":"product_tag-barba-es","9":"product_tag-productos-para-hombres","11":"first","12":"instock","13":"taxable","14":"shipping-taxable","15":"purchasable","16":"product-type-simple","17":"entry","18":"content-bg","19":"loop-entry"},"yoast_head":"<!-- This site is optimized with the Yoast SEO Premium plugin v27.4 (Yoast SEO v27.4) - https:\/\/yoast.com\/product\/yoast-seo-premium-wordpress\/ -->\n<title>Gel de Afeitar Transparente Aloe Vera para un afeitado preciso<\/title>\n<meta name=\"description\" content=\"Abraza la claridad y comodidad del Gel de Afeitar Transparente Aloe Vera para tu pr\u00f3ximo afeitado. Experimenta la suavidad y el cuidado que tu piel merece.\" \/>\n<meta name=\"robots\" content=\"index, follow, max-snippet:-1, max-image-preview:large, max-video-preview:-1\" \/>\n<link rel=\"canonical\" href=\"https:\/\/www.lraloeverashop.eu\/es\/producto\/gel-de-afeitar-transparente-aloe-vera\/\" \/>\n<meta property=\"og:locale\" content=\"es_ES\" \/>\n<meta property=\"og:type\" content=\"article\" \/>\n<meta property=\"og:title\" content=\"Gel de Afeitar Transparente Aloe Vera\" \/>\n<meta property=\"og:description\" content=\"Abraza la claridad y comodidad del Gel de Afeitar Transparente Aloe Vera para tu pr\u00f3ximo afeitado. Experimenta la suavidad y el cuidado que tu piel merece.\" \/>\n<meta property=\"og:url\" content=\"https:\/\/www.lraloeverashop.eu\/es\/producto\/gel-de-afeitar-transparente-aloe-vera\/\" \/>\n<meta property=\"og:site_name\" content=\"Lr Tienda Aloe Vera\" \/>\n<meta property=\"article:publisher\" content=\"https:\/\/www.facebook.com\/lraloeverashop.eu\" \/>\n<meta property=\"article:modified_time\" content=\"2026-02-09T03:32:22+00:00\" \/>\n<meta property=\"og:image\" content=\"https:\/\/www.lraloeverashop.eu\/wp-content\/uploads\/2024\/07\/Aloe-Vera-Clear-Shaving-Gel.jpg\" \/>\n\t<meta property=\"og:image:width\" content=\"1200\" \/>\n\t<meta property=\"og:image:height\" content=\"1200\" \/>\n\t<meta property=\"og:image:type\" content=\"image\/jpeg\" \/>\n<meta name=\"twitter:card\" content=\"summary_large_image\" \/>\n<meta name=\"twitter:site\" content=\"@natur__kosmetik\" \/>\n<script type=\"application\/ld+json\" class=\"yoast-schema-graph\">{\"@context\":\"https:\\\/\\\/schema.org\",\"@graph\":[{\"@type\":[\"WebPage\",\"ItemPage\"],\"@id\":\"https:\\\/\\\/www.lraloeverashop.eu\\\/es\\\/producto\\\/gel-de-afeitar-transparente-aloe-vera\\\/\",\"url\":\"https:\\\/\\\/www.lraloeverashop.eu\\\/es\\\/producto\\\/gel-de-afeitar-transparente-aloe-vera\\\/\",\"name\":\"Gel de Afeitar Transparente Aloe Vera para un afeitado preciso\",\"isPartOf\":{\"@id\":\"https:\\\/\\\/www.lraloeverashop.eu\\\/es\\\/#website\"},\"primaryImageOfPage\":{\"@id\":\"https:\\\/\\\/www.lraloeverashop.eu\\\/es\\\/producto\\\/gel-de-afeitar-transparente-aloe-vera\\\/#primaryimage\"},\"image\":{\"@id\":\"https:\\\/\\\/www.lraloeverashop.eu\\\/es\\\/producto\\\/gel-de-afeitar-transparente-aloe-vera\\\/#primaryimage\"},\"thumbnailUrl\":\"https:\\\/\\\/www.lraloeverashop.eu\\\/wp-content\\\/uploads\\\/2024\\\/07\\\/Aloe-Vera-Clear-Shaving-Gel.jpg\",\"datePublished\":\"2024-07-12T13:05:38+00:00\",\"dateModified\":\"2026-02-09T03:32:22+00:00\",\"description\":\"Abraza la claridad y comodidad del Gel de Afeitar Transparente Aloe Vera para tu pr\u00f3ximo afeitado. Experimenta la suavidad y el cuidado que tu piel merece.\",\"breadcrumb\":{\"@id\":\"https:\\\/\\\/www.lraloeverashop.eu\\\/es\\\/producto\\\/gel-de-afeitar-transparente-aloe-vera\\\/#breadcrumb\"},\"inLanguage\":\"es\",\"potentialAction\":[{\"@type\":\"ReadAction\",\"target\":[\"https:\\\/\\\/www.lraloeverashop.eu\\\/es\\\/producto\\\/gel-de-afeitar-transparente-aloe-vera\\\/\"]}]},{\"@type\":\"ImageObject\",\"inLanguage\":\"es\",\"@id\":\"https:\\\/\\\/www.lraloeverashop.eu\\\/es\\\/producto\\\/gel-de-afeitar-transparente-aloe-vera\\\/#primaryimage\",\"url\":\"https:\\\/\\\/www.lraloeverashop.eu\\\/wp-content\\\/uploads\\\/2024\\\/07\\\/Aloe-Vera-Clear-Shaving-Gel.jpg\",\"contentUrl\":\"https:\\\/\\\/www.lraloeverashop.eu\\\/wp-content\\\/uploads\\\/2024\\\/07\\\/Aloe-Vera-Clear-Shaving-Gel.jpg\",\"width\":1200,\"height\":1200,\"caption\":\"Gel de afeitar transparente aloe vera para contornos de barba perfectos\"},{\"@type\":\"BreadcrumbList\",\"@id\":\"https:\\\/\\\/www.lraloeverashop.eu\\\/es\\\/producto\\\/gel-de-afeitar-transparente-aloe-vera\\\/#breadcrumb\",\"itemListElement\":[{\"@type\":\"ListItem\",\"position\":1,\"name\":\"Home\",\"item\":\"https:\\\/\\\/www.lraloeverashop.eu\\\/es\\\/\"},{\"@type\":\"ListItem\",\"position\":2,\"name\":\"Tienda\",\"item\":\"https:\\\/\\\/www.lraloeverashop.eu\\\/es\\\/tienda\\\/\"},{\"@type\":\"ListItem\",\"position\":3,\"name\":\"Gel de Afeitar Transparente Aloe Vera\"}]},{\"@type\":\"WebSite\",\"@id\":\"https:\\\/\\\/www.lraloeverashop.eu\\\/es\\\/#website\",\"url\":\"https:\\\/\\\/www.lraloeverashop.eu\\\/es\\\/\",\"name\":\"Lr Tienda Aloe Vera\",\"description\":\"High Quality Lr Aloe Vera Gel, Aloe Vera Cream and Shampoo\",\"publisher\":{\"@id\":\"https:\\\/\\\/www.lraloeverashop.eu\\\/es\\\/#organization\"},\"potentialAction\":[{\"@type\":\"SearchAction\",\"target\":{\"@type\":\"EntryPoint\",\"urlTemplate\":\"https:\\\/\\\/www.lraloeverashop.eu\\\/es\\\/?s={search_term_string}\"},\"query-input\":{\"@type\":\"PropertyValueSpecification\",\"valueRequired\":true,\"valueName\":\"search_term_string\"}}],\"inLanguage\":\"es\"},{\"@type\":\"Organization\",\"@id\":\"https:\\\/\\\/www.lraloeverashop.eu\\\/es\\\/#organization\",\"name\":\"Lr Tienda Aloe Vera\",\"alternateName\":\"LR\",\"url\":\"https:\\\/\\\/www.lraloeverashop.eu\\\/es\\\/\",\"logo\":{\"@type\":\"ImageObject\",\"inLanguage\":\"es\",\"@id\":\"https:\\\/\\\/www.lraloeverashop.eu\\\/es\\\/#\\\/schema\\\/logo\\\/image\\\/\",\"url\":\"https:\\\/\\\/www.lraloeverashop.eu\\\/wp-content\\\/uploads\\\/2022\\\/09\\\/cropped-Lr-Aloe-Vera-Shop.jpg\",\"contentUrl\":\"https:\\\/\\\/www.lraloeverashop.eu\\\/wp-content\\\/uploads\\\/2022\\\/09\\\/cropped-Lr-Aloe-Vera-Shop.jpg\",\"width\":228,\"height\":76,\"caption\":\"Lr Tienda Aloe Vera\"},\"image\":{\"@id\":\"https:\\\/\\\/www.lraloeverashop.eu\\\/es\\\/#\\\/schema\\\/logo\\\/image\\\/\"},\"sameAs\":[\"https:\\\/\\\/www.facebook.com\\\/lraloeverashop.eu\",\"https:\\\/\\\/x.com\\\/natur__kosmetik\",\"https:\\\/\\\/www.youtube.com\\\/channel\\\/UC5oN7BJ8nfYb8RpVtjwDEBA\",\"https:\\\/\\\/www.instagram.com\\\/lrbeautyeu\\\/\"],\"description\":\"La tienda Lr Aloe Vera es tu destino de confianza para productos premium de salud y belleza LR, fabricados en Alemania. Ofrecemos soluciones de alta calidad para el cuidado de la piel, nutrici\u00f3n y antienvejecimiento con Aloe Vera, elaboradas con ingredientes puros y respaldadas por investigaci\u00f3n cient\u00edfica. Descubre un cuidado natural que regenera, protege y revitaliza tu piel, y disfruta de ofertas mensuales exclusivas en nuestros productos LR Aloe Vera m\u00e1s vendidos.\\n\\nComienza hoy mismo tu camino hacia el cuidado natural de la piel y siente la diferencia.\",\"email\":\"info@lraloeverashop.eu\",\"telephone\":\"+49 17670609653\",\"legalName\":\"Lr Aloe Vera Shop\",\"foundingDate\":\"2018-04-21\",\"numberOfEmployees\":{\"@type\":\"QuantitativeValue\",\"minValue\":\"1\",\"maxValue\":\"10\"}}]}<\/script>\n<meta property=\"product:price:amount\" content=\"14.39\" \/>\n<meta property=\"product:price:currency\" content=\"EUR\" \/>\n<meta property=\"og:availability\" content=\"instock\" \/>\n<meta property=\"product:availability\" content=\"instock\" \/>\n<meta property=\"product:retailer_item_id\" content=\"20446-1ES\" \/>\n<meta property=\"product:condition\" content=\"new\" \/>\n<!-- \/ Yoast SEO Premium plugin. -->","yoast_head_json":{"title":"Gel de Afeitar Transparente Aloe Vera para un afeitado preciso","description":"Abraza la claridad y comodidad del Gel de Afeitar Transparente Aloe Vera para tu pr\u00f3ximo afeitado. Experimenta la suavidad y el cuidado que tu piel merece.","robots":{"index":"index","follow":"follow","max-snippet":"max-snippet:-1","max-image-preview":"max-image-preview:large","max-video-preview":"max-video-preview:-1"},"canonical":"https:\/\/www.lraloeverashop.eu\/es\/producto\/gel-de-afeitar-transparente-aloe-vera\/","og_locale":"es_ES","og_type":"article","og_title":"Gel de Afeitar Transparente Aloe Vera","og_description":"Abraza la claridad y comodidad del Gel de Afeitar Transparente Aloe Vera para tu pr\u00f3ximo afeitado. Experimenta la suavidad y el cuidado que tu piel merece.","og_url":"https:\/\/www.lraloeverashop.eu\/es\/producto\/gel-de-afeitar-transparente-aloe-vera\/","og_site_name":"Lr Tienda Aloe Vera","article_publisher":"https:\/\/www.facebook.com\/lraloeverashop.eu","article_modified_time":"2026-02-09T03:32:22+00:00","og_image":[{"width":1200,"height":1200,"url":"https:\/\/www.lraloeverashop.eu\/wp-content\/uploads\/2024\/07\/Aloe-Vera-Clear-Shaving-Gel.jpg","type":"image\/jpeg"}],"twitter_card":"summary_large_image","twitter_site":"@natur__kosmetik","schema":{"@context":"https:\/\/schema.org","@graph":[{"@type":["WebPage","ItemPage"],"@id":"https:\/\/www.lraloeverashop.eu\/es\/producto\/gel-de-afeitar-transparente-aloe-vera\/","url":"https:\/\/www.lraloeverashop.eu\/es\/producto\/gel-de-afeitar-transparente-aloe-vera\/","name":"Gel de Afeitar Transparente Aloe Vera para un afeitado preciso","isPartOf":{"@id":"https:\/\/www.lraloeverashop.eu\/es\/#website"},"primaryImageOfPage":{"@id":"https:\/\/www.lraloeverashop.eu\/es\/producto\/gel-de-afeitar-transparente-aloe-vera\/#primaryimage"},"image":{"@id":"https:\/\/www.lraloeverashop.eu\/es\/producto\/gel-de-afeitar-transparente-aloe-vera\/#primaryimage"},"thumbnailUrl":"https:\/\/www.lraloeverashop.eu\/wp-content\/uploads\/2024\/07\/Aloe-Vera-Clear-Shaving-Gel.jpg","datePublished":"2024-07-12T13:05:38+00:00","dateModified":"2026-02-09T03:32:22+00:00","description":"Abraza la claridad y comodidad del Gel de Afeitar Transparente Aloe Vera para tu pr\u00f3ximo afeitado. Experimenta la suavidad y el cuidado que tu piel merece.","breadcrumb":{"@id":"https:\/\/www.lraloeverashop.eu\/es\/producto\/gel-de-afeitar-transparente-aloe-vera\/#breadcrumb"},"inLanguage":"es","potentialAction":[{"@type":"ReadAction","target":["https:\/\/www.lraloeverashop.eu\/es\/producto\/gel-de-afeitar-transparente-aloe-vera\/"]}]},{"@type":"ImageObject","inLanguage":"es","@id":"https:\/\/www.lraloeverashop.eu\/es\/producto\/gel-de-afeitar-transparente-aloe-vera\/#primaryimage","url":"https:\/\/www.lraloeverashop.eu\/wp-content\/uploads\/2024\/07\/Aloe-Vera-Clear-Shaving-Gel.jpg","contentUrl":"https:\/\/www.lraloeverashop.eu\/wp-content\/uploads\/2024\/07\/Aloe-Vera-Clear-Shaving-Gel.jpg","width":1200,"height":1200,"caption":"Gel de afeitar transparente aloe vera para contornos de barba perfectos"},{"@type":"BreadcrumbList","@id":"https:\/\/www.lraloeverashop.eu\/es\/producto\/gel-de-afeitar-transparente-aloe-vera\/#breadcrumb","itemListElement":[{"@type":"ListItem","position":1,"name":"Home","item":"https:\/\/www.lraloeverashop.eu\/es\/"},{"@type":"ListItem","position":2,"name":"Tienda","item":"https:\/\/www.lraloeverashop.eu\/es\/tienda\/"},{"@type":"ListItem","position":3,"name":"Gel de Afeitar Transparente Aloe Vera"}]},{"@type":"WebSite","@id":"https:\/\/www.lraloeverashop.eu\/es\/#website","url":"https:\/\/www.lraloeverashop.eu\/es\/","name":"Lr Tienda Aloe Vera","description":"High Quality Lr Aloe Vera Gel, Aloe Vera Cream and Shampoo","publisher":{"@id":"https:\/\/www.lraloeverashop.eu\/es\/#organization"},"potentialAction":[{"@type":"SearchAction","target":{"@type":"EntryPoint","urlTemplate":"https:\/\/www.lraloeverashop.eu\/es\/?s={search_term_string}"},"query-input":{"@type":"PropertyValueSpecification","valueRequired":true,"valueName":"search_term_string"}}],"inLanguage":"es"},{"@type":"Organization","@id":"https:\/\/www.lraloeverashop.eu\/es\/#organization","name":"Lr Tienda Aloe Vera","alternateName":"LR","url":"https:\/\/www.lraloeverashop.eu\/es\/","logo":{"@type":"ImageObject","inLanguage":"es","@id":"https:\/\/www.lraloeverashop.eu\/es\/#\/schema\/logo\/image\/","url":"https:\/\/www.lraloeverashop.eu\/wp-content\/uploads\/2022\/09\/cropped-Lr-Aloe-Vera-Shop.jpg","contentUrl":"https:\/\/www.lraloeverashop.eu\/wp-content\/uploads\/2022\/09\/cropped-Lr-Aloe-Vera-Shop.jpg","width":228,"height":76,"caption":"Lr Tienda Aloe Vera"},"image":{"@id":"https:\/\/www.lraloeverashop.eu\/es\/#\/schema\/logo\/image\/"},"sameAs":["https:\/\/www.facebook.com\/lraloeverashop.eu","https:\/\/x.com\/natur__kosmetik","https:\/\/www.youtube.com\/channel\/UC5oN7BJ8nfYb8RpVtjwDEBA","https:\/\/www.instagram.com\/lrbeautyeu\/"],"description":"La tienda Lr Aloe Vera es tu destino de confianza para productos premium de salud y belleza LR, fabricados en Alemania. Ofrecemos soluciones de alta calidad para el cuidado de la piel, nutrici\u00f3n y antienvejecimiento con Aloe Vera, elaboradas con ingredientes puros y respaldadas por investigaci\u00f3n cient\u00edfica. Descubre un cuidado natural que regenera, protege y revitaliza tu piel, y disfruta de ofertas mensuales exclusivas en nuestros productos LR Aloe Vera m\u00e1s vendidos.\n\nComienza hoy mismo tu camino hacia el cuidado natural de la piel y siente la diferencia.","email":"info@lraloeverashop.eu","telephone":"+49 17670609653","legalName":"Lr Aloe Vera Shop","foundingDate":"2018-04-21","numberOfEmployees":{"@type":"QuantitativeValue","minValue":"1","maxValue":"10"}}]},"product_price_amount":"14.39","product_price_currency":"EUR","og_availability":"instock","product_availability":"instock","product_retailer_item_id":"20446-1ES","product_condition":"new"},"taxonomy_info":{"product_cat":[{"value":217,"label":"Aloe Vera"},{"value":253,"label":"Cuidado Masculino"}],"product_tag":[{"value":522,"label":"Barba"},{"value":574,"label":"Productos para hombres"}]},"featured_image_src_large":["https:\/\/www.lraloeverashop.eu\/wp-content\/uploads\/2024\/07\/Aloe-Vera-Clear-Shaving-Gel-1024x1024.jpg",1024,1024,true],"author_info":[],"comment_info":0,"_links":{"self":[{"href":"https:\/\/www.lraloeverashop.eu\/es\/wp-json\/wp\/v2\/product\/16229","targetHints":{"allow":["GET"]}}],"collection":[{"href":"https:\/\/www.lraloeverashop.eu\/es\/wp-json\/wp\/v2\/product"}],"about":[{"href":"https:\/\/www.lraloeverashop.eu\/es\/wp-json\/wp\/v2\/types\/product"}],"replies":[{"embeddable":true,"href":"https:\/\/www.lraloeverashop.eu\/es\/wp-json\/wp\/v2\/comments?post=16229"}],"wp:featuredmedia":[{"embeddable":true,"href":"https:\/\/www.lraloeverashop.eu\/es\/wp-json\/wp\/v2\/media\/16217"}],"wp:attachment":[{"href":"https:\/\/www.lraloeverashop.eu\/es\/wp-json\/wp\/v2\/media?parent=16229"}],"wp:term":[{"taxonomy":"product_brand","embeddable":true,"href":"https:\/\/www.lraloeverashop.eu\/es\/wp-json\/wp\/v2\/product_brand?post=16229"},{"taxonomy":"product_cat","embeddable":true,"href":"https:\/\/www.lraloeverashop.eu\/es\/wp-json\/wp\/v2\/product_cat?post=16229"},{"taxonomy":"product_tag","embeddable":true,"href":"https:\/\/www.lraloeverashop.eu\/es\/wp-json\/wp\/v2\/product_tag?post=16229"}],"curies":[{"name":"wp","href":"https:\/\/api.w.org\/{rel}","templated":true}]}}