{"id":15356,"date":"2024-05-25T14:36:04","date_gmt":"2024-05-25T12:36:04","guid":{"rendered":"https:\/\/www.lraloeverashop.eu\/?post_type=product&#038;p=15356"},"modified":"2026-02-09T04:33:56","modified_gmt":"2026-02-09T03:33:56","slug":"lr-liver-support-comprimidos","status":"publish","type":"product","link":"https:\/\/www.lraloeverashop.eu\/es\/producto\/lr-liver-support-comprimidos\/","title":{"rendered":"Lr Liver Support Comprimidos"},"content":{"rendered":"<h2><strong><span style=\"font-size: 16pt; color: #000000;\">Lr Liver Support Comprimidos<\/span><\/strong><\/h2>\n<p><span style=\"font-size: 14pt;\"><strong>Lr Liver Support Comprimidos apoyan los procesos propios del cuerpo.<\/strong><\/span><\/p>\n<p>Revitaliza tu h\u00edgado con los Lr Liver Support Comprimidos de <a href=\"https:\/\/lrworld.com\/join-me\">Lr Health &amp; Beauty<\/a>. Formuladas con ingredientes de primera calidad, estas c\u00e1psulas est\u00e1n dise\u00f1adas para promover la funci\u00f3n hep\u00e1tica saludable, ayudando en la desintoxicaci\u00f3n y el bienestar general. <a href=\"https:\/\/www.lraloeverashop.eu\/es\/producto\/liver-support-comprimidos\/\">Lr Lifetakt Liver Comprimidos<\/a> apoya los propios procesos del cuerpo\u00b9\u00b2 con una combinaci\u00f3n triple \u00fanica:<\/p>\n<p><strong>1. Suministro y metabolismo\u00b9:<\/strong><br \/>\nApoyar al h\u00edgado en su funci\u00f3n de regulaci\u00f3n de nutrientes\u00b9: esto incluye, por ejemplo, el metabolismo de nutrientes como carbohidratos, prote\u00ednas y grasas y el almacenamiento de vitaminas (como A, D, B12) y <a href=\"https:\/\/www.lraloeverashop.eu\/es\/producto\/active-freedom-capsulas\/\">minerales<\/a> (como hierro, cobre, zinc). y selenio).<\/p>\n<p><strong>2. Desintoxicaci\u00f3n\u00b9<\/strong><br \/>\nApoyando al h\u00edgado en la eliminaci\u00f3n\u00b9, descomposici\u00f3n, concentraci\u00f3n y excreci\u00f3n de sustancias nocivas, en particular apoyando la s\u00edntesis de ciste\u00edna\u00b3\u2074 en los procesos de desintoxicaci\u00f3n del h\u00edgado\u00b9.<\/p>\n<p><strong>3. Protecci\u00f3n<\/strong><br \/>\nEl mineral manganeso protege las c\u00e9lulas del estr\u00e9s oxidativo mediante <a href=\"https:\/\/www.lraloeverashop.eu\/es\/producto\/calostro-directo-liquido\/\">procesos metab\u00f3licos<\/a> y desintoxicaci\u00f3n\u00b2. Al favorecer la s\u00edntesis de ciste\u00edna\u00b3\u2074, se protege el h\u00edgado (gracias a la formaci\u00f3n de los antioxidantes glutati\u00f3n y taurina\u00b3).<\/p>\n<p>Lr Liver Support Comprimidos contienen, entre otras cosas, artemisia, cardo mariano y chlorella. Cada planta o ingrediente tiene sus ventajas especiales y, cuando se combinan, se pueden desarrollar efectos sin\u00e9rgicos ideales. Los ingredientes del tratamiento del metabolismo intestinal de LR funcionan de manera m\u00e1s efectiva como parte de un equipo y promueven un equilibrio saludable en el cuerpo.<\/p>\n<p>&nbsp;<\/p>\n<h3><strong><span style=\"font-size: 16pt; color: #000000;\">C\u00f3mo utilizar<\/span><\/strong><\/h3>\n<p><strong>Dosis recomendada:<\/strong> Tome una c\u00e1psula de Lr Liver Support Comprimidos una vez al d\u00eda, preferiblemente por la noche, junto con un vaso de l\u00edquido. El uso constante a largo plazo es clave para lograr su objetivo.<\/p>\n<p>No se debe exceder la dosis diaria recomendada. Los complementos alimenticios no sustituyen a una dieta variada y equilibrada, lo cual es importante junto con un estilo de vida saludable. Guarde el producto fuera del alcance de los ni\u00f1os peque\u00f1os.<\/p>\n<p>Conservar bien cerrado en un lugar seco y a temperatura ambiente. Cierra bien nuevamente despu\u00e9s de abrir.<\/p>\n<p>&nbsp;<\/p>\n<h4><strong><span style=\"font-size: 16pt; color: #000000;\">\u00bfLo sab\u00edas?<\/span><\/strong><\/h4>\n<p>Cada planta o ingrediente tiene sus ventajas especiales, algunos incluso son aut\u00e9nticos especialistas. Sin embargo, en interacci\u00f3n se pueden desarrollar efectos sin\u00e9rgicos particularmente efectivos que apoyan el mantenimiento natural de la salud. Los ingredientes del tratamiento del metabolismo intestinal Lr Liver Support Comprimidos funcionan juntos de manera m\u00e1s efectiva y promueven el equilibrio en el cuerpo.<\/p>\n<p>&nbsp;<\/p>\n<p><strong>CARDO DE LECHE<\/strong><br \/>\n<strong>Protecci\u00f3n del h\u00edgado:<\/strong> el cardo mariano es mejor conocido por su efecto positivo en la salud del h\u00edgado\u00b9. Se cree que la silimarina, el ingrediente principal del cardo mariano, puede favorecer la regeneraci\u00f3n de las c\u00e9lulas del h\u00edgado.<\/p>\n<p><strong>Desintoxicaci\u00f3n del h\u00edgado:<\/strong> el cardo mariano tambi\u00e9n puede promover la funci\u00f3n de desintoxicaci\u00f3n\u00b9 del h\u00edgado al aumentar la actividad de las enzimas involucradas en la descomposici\u00f3n de toxinas y contaminantes.<\/p>\n<p><strong>Apoyo:<\/strong> La ingesta de cardo mariano o silimarina se utiliza a menudo como suplemento para apoyar la funci\u00f3n hep\u00e1tica.<\/p>\n<p>&nbsp;<\/p>\n<p><strong>ARTEMISIA<\/strong><br \/>\nArtemisia absinthium, com\u00fanmente conocida como ajenjo, tiene diversas aplicaciones debido a sus vers\u00e1tiles propiedades y beneficios.<\/p>\n<p><strong>Apoyo digestivo:<\/strong> la artemisia se ha utilizado tradicionalmente durante mucho tiempo para promover la digesti\u00f3n. Se cree que la artemisia puede estimular la producci\u00f3n de jugos digestivos y, por tanto, puede ser \u00fatil para problemas gastrointestinales como gases e hinchaz\u00f3n.<\/p>\n<p><strong>Efecto antioxidante:<\/strong> la artemisia contiene naturalmente antioxidantes\u00b2, como polifenoles, flavonoides y terpenos. Se sabe que los <a href=\"https:\/\/www.lraloeverashop.eu\/es\/producto\/aloe-vera-gel-bebible-melocoton\/\">antioxidantes<\/a> ayudan a proteger las c\u00e9lulas del estr\u00e9s oxidativo y el da\u00f1o de los radicales libres.<\/p>\n<p>&nbsp;<\/p>\n<p><strong>CIST\u00c9INA<\/strong><br \/>\nLa ciste\u00edna en las Lr Liver Support Comprimidos de soporte hep\u00e1tico es un amino\u00e1cido esencial que desempe\u00f1a un papel en muchas funciones vitales. Una deficiencia de ciste\u00edna o sus precursores puede afectar negativamente varios aspectos del metabolismo del cuerpo y alterar las funciones del h\u00edgado y otros \u00f3rganos. Por lo tanto, la capacidad del h\u00edgado para sintetizar ciste\u00edna es importante para mantener un metabolismo saludable y una funci\u00f3n de desintoxicaci\u00f3n adecuada.<\/p>\n<p>&nbsp;<\/p>\n<p><strong>CHLORELLA<\/strong><br \/>\nLa Chlorella es un alga de agua dulce valorada como suplemento diet\u00e9tico por sus propiedades nutricionales y posibles beneficios para la salud.<\/p>\n<p><strong>Propiedades antioxidantes:<\/strong> Chlorella en las Lr Liver Support Comprimidos de soporte hep\u00e1tico contiene antioxidantes naturales como vitamina C, vitamina E y carotenoides. Los antioxidantes protegen al cuerpo del <a href=\"https:\/\/www.lraloeverashop.eu\/es\/producto\/bebida-mind-master-gold\/\">estr\u00e9s oxidativo<\/a> y pueden ayudar a minimizar el da\u00f1o celular causado por los radicales libres.<\/p>\n<p><strong>Rica en nutrientes:<\/strong> Chlorella es rica en diversos nutrientes, incluidas prote\u00ednas, <a href=\"https:\/\/www.lraloeverashop.eu\/es\/producto\/vita-active-frutos-rojos\/\">vitaminas<\/a> (como vitamina B, vitamina C y vitamina K), minerales (como hierro, magnesio y zinc), fibra y fitoqu\u00edmicos. Esta composici\u00f3n nutricional convierte a la Chlorella en un suplemento potencialmente nutritivo para apoyar la salud.<\/p>\n<p><strong>Da el primer paso hacia una vida m\u00e1s saludable. \u00a1Ordene Lr Liver Support Comprimidos hoy y comience su viaje hacia una mejor salud del h\u00edgado!<\/strong><\/p>\n<p>&nbsp;<\/p>\n<p>1. La colina contribuye al mantenimiento de la funci\u00f3n hep\u00e1tica normal.<br \/>\n2. El manganeso ayuda a proteger las c\u00e9lulas del estr\u00e9s oxidativo.<br \/>\n3. La vitamina B6 contribuye a la s\u00edntesis normal de ciste\u00edna.<br \/>\n4. El molibdeno contribuye al metabolismo normal del azufre y los amino\u00e1cidos.<\/p>\n","protected":false},"excerpt":{"rendered":"<ul>\n<li>Desintoxicaci\u00f3n: ayuda al h\u00edgado a deshacerse\u00b9<\/li>\n<li>El manganeso protege las c\u00e9lulas del estr\u00e9s oxidativo\u00b2<\/li>\n<li>La vitamina B6 contribuye a la s\u00edntesis del importante amino\u00e1cido ciste\u00edna.<\/li>\n<li>Contiene artemisia, cardo mariano, chlorella, colina, manganeso, molibdeno y vitamina B6.<\/li>\n<li>Contenido: 3 x 30 Comprimidos<\/li>\n<\/ul>\n<p><span style=\"color: #ff0000;\"><a style=\"color: #ff0000;\" href=\"https:\/\/shop.lrworld.com\/openpao?PHP=0vFlt7jT938BEnBI3a6e9w%3D%3D\"><span style=\"font-size: 14pt;\"><strong>Reg\u00edstrate aqu\u00ed y ahorra 35% en cada compra<\/strong><\/span><\/a><\/span><\/p>\n","protected":false},"featured_media":15009,"comment_status":"open","ping_status":"closed","template":"","meta":{"_kad_blocks_custom_css":"","_kad_blocks_head_custom_js":"","_kad_blocks_body_custom_js":"","_kad_blocks_footer_custom_js":"","_kadence_starter_templates_imported_post":false,"_kad_post_transparent":"default","_kad_post_title":"","_kad_post_layout":"default","_kad_post_sidebar_id":"","_kad_post_content_style":"default","_kad_post_vertical_padding":"default","_kad_post_feature":"","_kad_post_feature_position":"","_kad_post_header":false,"_kad_post_footer":false,"_kad_post_classname":""},"product_brand":[],"product_cat":[458,469,439,451],"product_tag":[693],"class_list":{"0":"post-15356","1":"product","2":"type-product","3":"status-publish","4":"has-post-thumbnail","6":"product_cat-ahorra-en-los-sets","7":"product_cat-especialistas","8":"product_cat-intestinos-y-digestion","9":"product_cat-relajacion","10":"product_tag-para-refuerzo-inmunologico","12":"first","13":"instock","14":"taxable","15":"shipping-taxable","16":"purchasable","17":"product-type-simple","18":"entry","19":"content-bg","20":"loop-entry"},"yoast_head":"<!-- This site is optimized with the Yoast SEO Premium plugin v27.4 (Yoast SEO v27.4) - https:\/\/yoast.com\/product\/yoast-seo-premium-wordpress\/ -->\n<title>Lr Liver Support Comprimidos apoyan los procesos del cuerpo<\/title>\n<meta name=\"description\" content=\"Lr Liver Support Comprimidos ayudan al h\u00edgado a eliminar sustancias no deseadas: descomposici\u00f3n, concentraci\u00f3n y excreci\u00f3n. Contra el estr\u00e9s oxidativo\" \/>\n<meta name=\"robots\" content=\"index, follow, max-snippet:-1, max-image-preview:large, max-video-preview:-1\" \/>\n<link rel=\"canonical\" href=\"https:\/\/www.lraloeverashop.eu\/es\/producto\/lr-liver-support-comprimidos\/\" \/>\n<meta property=\"og:locale\" content=\"es_ES\" \/>\n<meta property=\"og:type\" content=\"article\" \/>\n<meta property=\"og:title\" content=\"Lr Liver Support Comprimidos\" \/>\n<meta property=\"og:description\" content=\"Lr Liver Support Comprimidos ayudan al h\u00edgado a eliminar sustancias no deseadas: descomposici\u00f3n, concentraci\u00f3n y excreci\u00f3n. Contra el estr\u00e9s oxidativo\" \/>\n<meta property=\"og:url\" content=\"https:\/\/www.lraloeverashop.eu\/es\/producto\/lr-liver-support-comprimidos\/\" \/>\n<meta property=\"og:site_name\" content=\"Lr Tienda Aloe Vera\" \/>\n<meta property=\"article:publisher\" content=\"https:\/\/www.facebook.com\/lraloeverashop.eu\" \/>\n<meta property=\"article:modified_time\" content=\"2026-02-09T03:33:56+00:00\" \/>\n<meta property=\"og:image\" content=\"https:\/\/www.lraloeverashop.eu\/wp-content\/uploads\/2024\/05\/Lr-Liver-Support-Capsules.jpg\" \/>\n\t<meta property=\"og:image:width\" content=\"1200\" \/>\n\t<meta property=\"og:image:height\" content=\"1200\" \/>\n\t<meta property=\"og:image:type\" content=\"image\/jpeg\" \/>\n<meta name=\"twitter:card\" content=\"summary_large_image\" \/>\n<meta name=\"twitter:site\" content=\"@natur__kosmetik\" \/>\n<script type=\"application\/ld+json\" class=\"yoast-schema-graph\">{\"@context\":\"https:\\\/\\\/schema.org\",\"@graph\":[{\"@type\":[\"WebPage\",\"ItemPage\"],\"@id\":\"https:\\\/\\\/www.lraloeverashop.eu\\\/es\\\/producto\\\/lr-liver-support-comprimidos\\\/\",\"url\":\"https:\\\/\\\/www.lraloeverashop.eu\\\/es\\\/producto\\\/lr-liver-support-comprimidos\\\/\",\"name\":\"Lr Liver Support Comprimidos apoyan los procesos del cuerpo\",\"isPartOf\":{\"@id\":\"https:\\\/\\\/www.lraloeverashop.eu\\\/es\\\/#website\"},\"primaryImageOfPage\":{\"@id\":\"https:\\\/\\\/www.lraloeverashop.eu\\\/es\\\/producto\\\/lr-liver-support-comprimidos\\\/#primaryimage\"},\"image\":{\"@id\":\"https:\\\/\\\/www.lraloeverashop.eu\\\/es\\\/producto\\\/lr-liver-support-comprimidos\\\/#primaryimage\"},\"thumbnailUrl\":\"https:\\\/\\\/www.lraloeverashop.eu\\\/wp-content\\\/uploads\\\/2024\\\/05\\\/Lr-Liver-Support-Capsules.jpg\",\"datePublished\":\"2024-05-25T12:36:04+00:00\",\"dateModified\":\"2026-02-09T03:33:56+00:00\",\"description\":\"Lr Liver Support Comprimidos ayudan al h\u00edgado a eliminar sustancias no deseadas: descomposici\u00f3n, concentraci\u00f3n y excreci\u00f3n. Contra el estr\u00e9s oxidativo\",\"breadcrumb\":{\"@id\":\"https:\\\/\\\/www.lraloeverashop.eu\\\/es\\\/producto\\\/lr-liver-support-comprimidos\\\/#breadcrumb\"},\"inLanguage\":\"es\",\"potentialAction\":[{\"@type\":\"ReadAction\",\"target\":[\"https:\\\/\\\/www.lraloeverashop.eu\\\/es\\\/producto\\\/lr-liver-support-comprimidos\\\/\"]}]},{\"@type\":\"ImageObject\",\"inLanguage\":\"es\",\"@id\":\"https:\\\/\\\/www.lraloeverashop.eu\\\/es\\\/producto\\\/lr-liver-support-comprimidos\\\/#primaryimage\",\"url\":\"https:\\\/\\\/www.lraloeverashop.eu\\\/wp-content\\\/uploads\\\/2024\\\/05\\\/Lr-Liver-Support-Capsules.jpg\",\"contentUrl\":\"https:\\\/\\\/www.lraloeverashop.eu\\\/wp-content\\\/uploads\\\/2024\\\/05\\\/Lr-Liver-Support-Capsules.jpg\",\"width\":1200,\"height\":1200,\"caption\":\"Lr Liver Support Capsulas apoyan los procesos propios del cuerpo\"},{\"@type\":\"BreadcrumbList\",\"@id\":\"https:\\\/\\\/www.lraloeverashop.eu\\\/es\\\/producto\\\/lr-liver-support-comprimidos\\\/#breadcrumb\",\"itemListElement\":[{\"@type\":\"ListItem\",\"position\":1,\"name\":\"Home\",\"item\":\"https:\\\/\\\/www.lraloeverashop.eu\\\/es\\\/\"},{\"@type\":\"ListItem\",\"position\":2,\"name\":\"Tienda\",\"item\":\"https:\\\/\\\/www.lraloeverashop.eu\\\/es\\\/tienda\\\/\"},{\"@type\":\"ListItem\",\"position\":3,\"name\":\"Lr Liver Support Comprimidos\"}]},{\"@type\":\"WebSite\",\"@id\":\"https:\\\/\\\/www.lraloeverashop.eu\\\/es\\\/#website\",\"url\":\"https:\\\/\\\/www.lraloeverashop.eu\\\/es\\\/\",\"name\":\"Lr Tienda Aloe Vera\",\"description\":\"High Quality Lr Aloe Vera Gel, Aloe Vera Cream and Shampoo\",\"publisher\":{\"@id\":\"https:\\\/\\\/www.lraloeverashop.eu\\\/es\\\/#organization\"},\"potentialAction\":[{\"@type\":\"SearchAction\",\"target\":{\"@type\":\"EntryPoint\",\"urlTemplate\":\"https:\\\/\\\/www.lraloeverashop.eu\\\/es\\\/?s={search_term_string}\"},\"query-input\":{\"@type\":\"PropertyValueSpecification\",\"valueRequired\":true,\"valueName\":\"search_term_string\"}}],\"inLanguage\":\"es\"},{\"@type\":\"Organization\",\"@id\":\"https:\\\/\\\/www.lraloeverashop.eu\\\/es\\\/#organization\",\"name\":\"Lr Tienda Aloe Vera\",\"alternateName\":\"LR\",\"url\":\"https:\\\/\\\/www.lraloeverashop.eu\\\/es\\\/\",\"logo\":{\"@type\":\"ImageObject\",\"inLanguage\":\"es\",\"@id\":\"https:\\\/\\\/www.lraloeverashop.eu\\\/es\\\/#\\\/schema\\\/logo\\\/image\\\/\",\"url\":\"https:\\\/\\\/www.lraloeverashop.eu\\\/wp-content\\\/uploads\\\/2022\\\/09\\\/cropped-Lr-Aloe-Vera-Shop.jpg\",\"contentUrl\":\"https:\\\/\\\/www.lraloeverashop.eu\\\/wp-content\\\/uploads\\\/2022\\\/09\\\/cropped-Lr-Aloe-Vera-Shop.jpg\",\"width\":228,\"height\":76,\"caption\":\"Lr Tienda Aloe Vera\"},\"image\":{\"@id\":\"https:\\\/\\\/www.lraloeverashop.eu\\\/es\\\/#\\\/schema\\\/logo\\\/image\\\/\"},\"sameAs\":[\"https:\\\/\\\/www.facebook.com\\\/lraloeverashop.eu\",\"https:\\\/\\\/x.com\\\/natur__kosmetik\",\"https:\\\/\\\/www.youtube.com\\\/channel\\\/UC5oN7BJ8nfYb8RpVtjwDEBA\",\"https:\\\/\\\/www.instagram.com\\\/lrbeautyeu\\\/\"],\"description\":\"La tienda Lr Aloe Vera es tu destino de confianza para productos premium de salud y belleza LR, fabricados en Alemania. Ofrecemos soluciones de alta calidad para el cuidado de la piel, nutrici\u00f3n y antienvejecimiento con Aloe Vera, elaboradas con ingredientes puros y respaldadas por investigaci\u00f3n cient\u00edfica. Descubre un cuidado natural que regenera, protege y revitaliza tu piel, y disfruta de ofertas mensuales exclusivas en nuestros productos LR Aloe Vera m\u00e1s vendidos.\\n\\nComienza hoy mismo tu camino hacia el cuidado natural de la piel y siente la diferencia.\",\"email\":\"info@lraloeverashop.eu\",\"telephone\":\"+49 17670609653\",\"legalName\":\"Lr Aloe Vera Shop\",\"foundingDate\":\"2018-04-21\",\"numberOfEmployees\":{\"@type\":\"QuantitativeValue\",\"minValue\":\"1\",\"maxValue\":\"10\"}}]}<\/script>\n<meta property=\"product:price:amount\" content=\"103.71\" \/>\n<meta property=\"product:price:currency\" content=\"EUR\" \/>\n<meta property=\"og:availability\" content=\"instock\" \/>\n<meta property=\"product:availability\" content=\"instock\" \/>\n<meta property=\"product:retailer_item_id\" content=\"97329-99ES\" \/>\n<meta property=\"product:condition\" content=\"new\" \/>\n<!-- \/ Yoast SEO Premium plugin. -->","yoast_head_json":{"title":"Lr Liver Support Comprimidos apoyan los procesos del cuerpo","description":"Lr Liver Support Comprimidos ayudan al h\u00edgado a eliminar sustancias no deseadas: descomposici\u00f3n, concentraci\u00f3n y excreci\u00f3n. Contra el estr\u00e9s oxidativo","robots":{"index":"index","follow":"follow","max-snippet":"max-snippet:-1","max-image-preview":"max-image-preview:large","max-video-preview":"max-video-preview:-1"},"canonical":"https:\/\/www.lraloeverashop.eu\/es\/producto\/lr-liver-support-comprimidos\/","og_locale":"es_ES","og_type":"article","og_title":"Lr Liver Support Comprimidos","og_description":"Lr Liver Support Comprimidos ayudan al h\u00edgado a eliminar sustancias no deseadas: descomposici\u00f3n, concentraci\u00f3n y excreci\u00f3n. Contra el estr\u00e9s oxidativo","og_url":"https:\/\/www.lraloeverashop.eu\/es\/producto\/lr-liver-support-comprimidos\/","og_site_name":"Lr Tienda Aloe Vera","article_publisher":"https:\/\/www.facebook.com\/lraloeverashop.eu","article_modified_time":"2026-02-09T03:33:56+00:00","og_image":[{"width":1200,"height":1200,"url":"https:\/\/www.lraloeverashop.eu\/wp-content\/uploads\/2024\/05\/Lr-Liver-Support-Capsules.jpg","type":"image\/jpeg"}],"twitter_card":"summary_large_image","twitter_site":"@natur__kosmetik","schema":{"@context":"https:\/\/schema.org","@graph":[{"@type":["WebPage","ItemPage"],"@id":"https:\/\/www.lraloeverashop.eu\/es\/producto\/lr-liver-support-comprimidos\/","url":"https:\/\/www.lraloeverashop.eu\/es\/producto\/lr-liver-support-comprimidos\/","name":"Lr Liver Support Comprimidos apoyan los procesos del cuerpo","isPartOf":{"@id":"https:\/\/www.lraloeverashop.eu\/es\/#website"},"primaryImageOfPage":{"@id":"https:\/\/www.lraloeverashop.eu\/es\/producto\/lr-liver-support-comprimidos\/#primaryimage"},"image":{"@id":"https:\/\/www.lraloeverashop.eu\/es\/producto\/lr-liver-support-comprimidos\/#primaryimage"},"thumbnailUrl":"https:\/\/www.lraloeverashop.eu\/wp-content\/uploads\/2024\/05\/Lr-Liver-Support-Capsules.jpg","datePublished":"2024-05-25T12:36:04+00:00","dateModified":"2026-02-09T03:33:56+00:00","description":"Lr Liver Support Comprimidos ayudan al h\u00edgado a eliminar sustancias no deseadas: descomposici\u00f3n, concentraci\u00f3n y excreci\u00f3n. Contra el estr\u00e9s oxidativo","breadcrumb":{"@id":"https:\/\/www.lraloeverashop.eu\/es\/producto\/lr-liver-support-comprimidos\/#breadcrumb"},"inLanguage":"es","potentialAction":[{"@type":"ReadAction","target":["https:\/\/www.lraloeverashop.eu\/es\/producto\/lr-liver-support-comprimidos\/"]}]},{"@type":"ImageObject","inLanguage":"es","@id":"https:\/\/www.lraloeverashop.eu\/es\/producto\/lr-liver-support-comprimidos\/#primaryimage","url":"https:\/\/www.lraloeverashop.eu\/wp-content\/uploads\/2024\/05\/Lr-Liver-Support-Capsules.jpg","contentUrl":"https:\/\/www.lraloeverashop.eu\/wp-content\/uploads\/2024\/05\/Lr-Liver-Support-Capsules.jpg","width":1200,"height":1200,"caption":"Lr Liver Support Capsulas apoyan los procesos propios del cuerpo"},{"@type":"BreadcrumbList","@id":"https:\/\/www.lraloeverashop.eu\/es\/producto\/lr-liver-support-comprimidos\/#breadcrumb","itemListElement":[{"@type":"ListItem","position":1,"name":"Home","item":"https:\/\/www.lraloeverashop.eu\/es\/"},{"@type":"ListItem","position":2,"name":"Tienda","item":"https:\/\/www.lraloeverashop.eu\/es\/tienda\/"},{"@type":"ListItem","position":3,"name":"Lr Liver Support Comprimidos"}]},{"@type":"WebSite","@id":"https:\/\/www.lraloeverashop.eu\/es\/#website","url":"https:\/\/www.lraloeverashop.eu\/es\/","name":"Lr Tienda Aloe Vera","description":"High Quality Lr Aloe Vera Gel, Aloe Vera Cream and Shampoo","publisher":{"@id":"https:\/\/www.lraloeverashop.eu\/es\/#organization"},"potentialAction":[{"@type":"SearchAction","target":{"@type":"EntryPoint","urlTemplate":"https:\/\/www.lraloeverashop.eu\/es\/?s={search_term_string}"},"query-input":{"@type":"PropertyValueSpecification","valueRequired":true,"valueName":"search_term_string"}}],"inLanguage":"es"},{"@type":"Organization","@id":"https:\/\/www.lraloeverashop.eu\/es\/#organization","name":"Lr Tienda Aloe Vera","alternateName":"LR","url":"https:\/\/www.lraloeverashop.eu\/es\/","logo":{"@type":"ImageObject","inLanguage":"es","@id":"https:\/\/www.lraloeverashop.eu\/es\/#\/schema\/logo\/image\/","url":"https:\/\/www.lraloeverashop.eu\/wp-content\/uploads\/2022\/09\/cropped-Lr-Aloe-Vera-Shop.jpg","contentUrl":"https:\/\/www.lraloeverashop.eu\/wp-content\/uploads\/2022\/09\/cropped-Lr-Aloe-Vera-Shop.jpg","width":228,"height":76,"caption":"Lr Tienda Aloe Vera"},"image":{"@id":"https:\/\/www.lraloeverashop.eu\/es\/#\/schema\/logo\/image\/"},"sameAs":["https:\/\/www.facebook.com\/lraloeverashop.eu","https:\/\/x.com\/natur__kosmetik","https:\/\/www.youtube.com\/channel\/UC5oN7BJ8nfYb8RpVtjwDEBA","https:\/\/www.instagram.com\/lrbeautyeu\/"],"description":"La tienda Lr Aloe Vera es tu destino de confianza para productos premium de salud y belleza LR, fabricados en Alemania. Ofrecemos soluciones de alta calidad para el cuidado de la piel, nutrici\u00f3n y antienvejecimiento con Aloe Vera, elaboradas con ingredientes puros y respaldadas por investigaci\u00f3n cient\u00edfica. Descubre un cuidado natural que regenera, protege y revitaliza tu piel, y disfruta de ofertas mensuales exclusivas en nuestros productos LR Aloe Vera m\u00e1s vendidos.\n\nComienza hoy mismo tu camino hacia el cuidado natural de la piel y siente la diferencia.","email":"info@lraloeverashop.eu","telephone":"+49 17670609653","legalName":"Lr Aloe Vera Shop","foundingDate":"2018-04-21","numberOfEmployees":{"@type":"QuantitativeValue","minValue":"1","maxValue":"10"}}]},"product_price_amount":"103.71","product_price_currency":"EUR","og_availability":"instock","product_availability":"instock","product_retailer_item_id":"97329-99ES","product_condition":"new"},"taxonomy_info":{"product_cat":[{"value":458,"label":"Ahorra en los sets"},{"value":469,"label":"Especialistas"},{"value":439,"label":"Intestinos y Digesti\u00f3n"},{"value":451,"label":"Relajaci\u00f3n"}],"product_tag":[{"value":693,"label":"para refuerzo inmunol\u00f3gico"}]},"featured_image_src_large":["https:\/\/www.lraloeverashop.eu\/wp-content\/uploads\/2024\/05\/Lr-Liver-Support-Capsules-1024x1024.jpg",1024,1024,true],"author_info":[],"comment_info":0,"_links":{"self":[{"href":"https:\/\/www.lraloeverashop.eu\/es\/wp-json\/wp\/v2\/product\/15356","targetHints":{"allow":["GET"]}}],"collection":[{"href":"https:\/\/www.lraloeverashop.eu\/es\/wp-json\/wp\/v2\/product"}],"about":[{"href":"https:\/\/www.lraloeverashop.eu\/es\/wp-json\/wp\/v2\/types\/product"}],"replies":[{"embeddable":true,"href":"https:\/\/www.lraloeverashop.eu\/es\/wp-json\/wp\/v2\/comments?post=15356"}],"wp:featuredmedia":[{"embeddable":true,"href":"https:\/\/www.lraloeverashop.eu\/es\/wp-json\/wp\/v2\/media\/15009"}],"wp:attachment":[{"href":"https:\/\/www.lraloeverashop.eu\/es\/wp-json\/wp\/v2\/media?parent=15356"}],"wp:term":[{"taxonomy":"product_brand","embeddable":true,"href":"https:\/\/www.lraloeverashop.eu\/es\/wp-json\/wp\/v2\/product_brand?post=15356"},{"taxonomy":"product_cat","embeddable":true,"href":"https:\/\/www.lraloeverashop.eu\/es\/wp-json\/wp\/v2\/product_cat?post=15356"},{"taxonomy":"product_tag","embeddable":true,"href":"https:\/\/www.lraloeverashop.eu\/es\/wp-json\/wp\/v2\/product_tag?post=15356"}],"curies":[{"name":"wp","href":"https:\/\/api.w.org\/{rel}","templated":true}]}}