{"id":15334,"date":"2024-05-25T07:03:53","date_gmt":"2024-05-25T05:03:53","guid":{"rendered":"https:\/\/www.lraloeverashop.eu\/?post_type=product&#038;p=15334"},"modified":"2026-02-09T04:34:06","modified_gmt":"2026-02-09T03:34:06","slug":"mind-master-gold-bebida-de-rendimiento","status":"publish","type":"product","link":"https:\/\/www.lraloeverashop.eu\/es\/producto\/mind-master-gold-bebida-de-rendimiento\/","title":{"rendered":"Mind Master Gold Bebida De Rendimiento"},"content":{"rendered":"<h2><span style=\"font-size: 16pt;\"><strong>Mind Master Gold Bebida De Rendimiento<\/strong><\/span><\/h2>\n<p><span style=\"font-size: 14pt;\"><strong>Mind Master Gold Bebida De Rendimiento aumenta tu concentraci\u00f3n y energ\u00eda <\/strong><\/span><\/p>\n<p>Descubra el poder de Mind Master Gold de <a href=\"https:\/\/lrworld.com\/join-me\">LR Health &amp; Beauty<\/a>, la soluci\u00f3n definitiva para mejorar tu rendimiento mental y tu <a href=\"https:\/\/www.lraloeverashop.eu\/es\/producto\/calostro-en-capsulas\/\">bienestar general<\/a>. Ya sea que est\u00e9 enfrentando un d\u00eda desafiante en el trabajo, estudiando para ex\u00e1menes o simplemente necesite un est\u00edmulo, Mind Master Gold Bebida De Rendimiento est\u00e1 dise\u00f1ado para respaldar su vitalidad f\u00edsica y mental.<\/p>\n<p>&nbsp;<\/p>\n<h3><span style=\"font-size: 16pt;\"><strong>Beneficios de Mind Master Gold Bebida De Rendimiento<\/strong><\/span><\/h3>\n<ul>\n<li><strong>Aumenta los niveles de energ\u00eda:<\/strong> Si\u00e9ntete con m\u00e1s energ\u00eda y listo para afrontar tu d\u00eda con facilidad.<\/li>\n<li><strong>Mejora la concentraci\u00f3n:<\/strong> Mejora tu concentraci\u00f3n y <a href=\"https:\/\/www.lraloeverashop.eu\/es\/producto\/bebida-mind-master-gold\/\">mantente alerta<\/a> en todas tus tareas.<\/li>\n<li><strong>Reduce el Estr\u00e9s:<\/strong> Combate el estr\u00e9s y mantiene un estado de \u00e1nimo equilibrado.<\/li>\n<li><strong>Respalda el bienestar general:<\/strong> repleta de nutrientes esenciales para <a href=\"https:\/\/www.lraloeverashop.eu\/es\/producto\/mind-master-bebida-de-rendimiento-verde\/\">respalda tu salud<\/a>.<\/li>\n<\/ul>\n<p>&nbsp;<\/p>\n<h3><strong><span style=\"font-size: 16pt;\">C\u00f3mo utilizar\u00a0<\/span><\/strong><\/h3>\n<p><strong>Dosis diaria recomendada:<\/strong><br \/>\nAgite bien el frasco antes de usarlo. Tomar 80 ml de Mind Master Gold Bebida De Rendimiento una vez al d\u00eda, preferiblemente despu\u00e9s de las comidas. Dependiendo de tus preferencias, se puede consumir puro o disuelto en agua o jugo. Agitar antes de usar. Una vez abierto, gu\u00e1rdelo en el frigor\u00edfico.<\/p>\n<p>Para obtener mejores resultados, incorpore Mind Master Gold a su rutina diaria. La coherencia es clave para desbloquear todo su potencial.<\/p>\n<p><strong>No exceda la dosis diaria recomendada.<\/strong><br \/>\nLos complementos alimenticios no sustituyen a una dieta variada y equilibrada, en combinaci\u00f3n con un estilo de vida saludable. Mantener fuera del alcance de los ni\u00f1os.<\/p>\n<p>&nbsp;<\/p>\n<h4><span style=\"font-size: 16pt;\"><strong>\u00bfPor qu\u00e9 elegir Mind Master Gold?<\/strong><\/span><\/h4>\n<ul>\n<li><strong>Ingredientes naturales:<\/strong> Formulado con ingredientes naturales de alta calidad para garantizar la seguridad y eficacia.<\/li>\n<li><strong>Respaldado cient\u00edficamente:<\/strong> Desarrollado en base a investigaciones cient\u00edficas para maximizar los beneficios.<\/li>\n<li><strong>Sabor delicioso:<\/strong> Disfrute del agradable sabor que hace que tomar su dosis diaria sea un placer.<\/li>\n<li><strong>Conveniente:<\/strong> F\u00e1cil de usar e integrar en su ajetreado estilo de vida.<\/li>\n<\/ul>\n<p>&nbsp;<\/p>\n<p>Tome control de su salud f\u00edsica y mental hoy con Mind Master Gold. No dejes que la fatiga o el estr\u00e9s te impidan alcanzar tus objetivos. Experimente la diferencia y sienta los beneficios con cada uso.<\/p>\n<p>\u00bfListo para elevar tu energ\u00eda y concentraci\u00f3n? \u00a1Prueba Mind Master Gold Bebida De Rendimiento ahora y libera todo tu potencial!<\/p>\n<p>1. La vitamina E ayuda a proteger las c\u00e9lulas de <span style=\"color: #000000;\"><a style=\"color: #000000;\" href=\"https:\/\/www.lraloeverashop.eu\/es\/producto\/mind-master-bebida-de-rendimiento\/\">estr\u00e9s oxidativo<\/a><\/span>.<br \/>\n2. La vitamina B12 contribuye al metabolismo energ\u00e9tico normal, al funcionamiento normal del sistema nervioso y a la reducci\u00f3n del cansancio y la fatiga. El hierro contribuye a la funci\u00f3n cognitiva normal y al transporte normal de ox\u00edgeno en el cuerpo. La vitamina D contribuye al mantenimiento de los huesos en condiciones normales y al funcionamiento normal de los m\u00fasculos.<br \/>\n3. La vitamina B12 contribuye a la funci\u00f3n psicol\u00f3gica normal y al funcionamiento normal del sistema nervioso. El hierro contribuye a la funci\u00f3n cognitiva normal.<\/p>\n","protected":false},"excerpt":{"rendered":"<ul>\n<li>Protege contra el estr\u00e9s oxidativo\u00b9<\/li>\n<li>Ayuda contra el cansancio y la fatiga\u00b2<\/li>\n<li>Con valiosos nutrientes para la psique y el bienestar mental\u00b3<\/li>\n<li>Con Q10, vitaminas D y K, t\u00e9 blanco, c\u00farcuma, aloe vera y L-carnitina<\/li>\n<li>Sabor afrutado y fresco a naranja sanguina, mel\u00f3n dulce y lim\u00f3n<\/li>\n<li>Cantidad: 5 x 500 ml<\/li>\n<\/ul>\n<p><span style=\"color: #ff0000;\"><a style=\"color: #ff0000;\" href=\"https:\/\/shop.lrworld.com\/openpao?PHP=0vFlt7jT938BEnBI3a6e9w%3D%3D\"><span style=\"font-size: 14pt;\"><strong>Reg\u00edstrate aqu\u00ed y ahorra 35% en cada compra<\/strong><\/span><\/a><\/span><\/p>\n","protected":false},"featured_media":15287,"comment_status":"open","ping_status":"closed","template":"","meta":{"_kad_blocks_custom_css":"","_kad_blocks_head_custom_js":"","_kad_blocks_body_custom_js":"","_kad_blocks_footer_custom_js":"","_kadence_starter_templates_imported_post":false,"_kad_post_transparent":"default","_kad_post_title":"","_kad_post_layout":"default","_kad_post_sidebar_id":"","_kad_post_content_style":"default","_kad_post_vertical_padding":"default","_kad_post_feature":"","_kad_post_feature_position":"","_kad_post_header":false,"_kad_post_footer":false,"_kad_post_classname":""},"product_brand":[],"product_cat":[458,469,505,415,445,356],"product_tag":[688],"class_list":{"0":"post-15334","1":"product","2":"type-product","3":"status-publish","4":"has-post-thumbnail","6":"product_cat-ahorra-en-los-sets","7":"product_cat-especialistas","8":"product_cat-mind-master-es","9":"product_cat-productos-especiales","10":"product_cat-rendimiento-y-energia","11":"product_cat-ventas","12":"product_tag-energia-es","14":"first","15":"instock","16":"sale","17":"taxable","18":"shipping-taxable","19":"purchasable","20":"product-type-simple","21":"entry","22":"content-bg","23":"loop-entry"},"yoast_head":"<!-- This site is optimized with the Yoast SEO Premium plugin v27.5 (Yoast SEO v27.5) - https:\/\/yoast.com\/product\/yoast-seo-premium-wordpress\/ -->\n<title>Mind Master Gold Bebida De Rendimiento aumenta tu energ\u00eda<\/title>\n<meta name=\"description\" content=\"Mejore su concentraci\u00f3n y energ\u00eda con Mind Master Gold Bebida De Rendimiento. Aumente su vitalidad f\u00edsica y mental con Lr Health &amp; Beauty. Cantidad: 2500 ml\" \/>\n<meta name=\"robots\" content=\"index, follow, max-snippet:-1, max-image-preview:large, max-video-preview:-1\" \/>\n<link rel=\"canonical\" href=\"https:\/\/www.lraloeverashop.eu\/es\/producto\/mind-master-gold-bebida-de-rendimiento\/\" \/>\n<meta property=\"og:locale\" content=\"es_ES\" \/>\n<meta property=\"og:type\" content=\"article\" \/>\n<meta property=\"og:title\" content=\"Mind Master Gold Bebida De Rendimiento\" \/>\n<meta property=\"og:description\" content=\"Mejore su concentraci\u00f3n y energ\u00eda con Mind Master Gold Bebida De Rendimiento. Aumente su vitalidad f\u00edsica y mental con Lr Health &amp; Beauty. Cantidad: 2500 ml\" \/>\n<meta property=\"og:url\" content=\"https:\/\/www.lraloeverashop.eu\/es\/producto\/mind-master-gold-bebida-de-rendimiento\/\" \/>\n<meta property=\"og:site_name\" content=\"Lr Tienda Aloe Vera\" \/>\n<meta property=\"article:publisher\" content=\"https:\/\/www.facebook.com\/lraloeverashop.eu\" \/>\n<meta property=\"article:modified_time\" content=\"2026-02-09T03:34:06+00:00\" \/>\n<meta property=\"og:image\" content=\"https:\/\/www.lraloeverashop.eu\/wp-content\/uploads\/2024\/05\/Lr-Lifetakt-Mind-Master-Gold.jpeg\" \/>\n\t<meta property=\"og:image:width\" content=\"1200\" \/>\n\t<meta property=\"og:image:height\" content=\"1200\" \/>\n\t<meta property=\"og:image:type\" content=\"image\/jpeg\" \/>\n<meta name=\"twitter:card\" content=\"summary_large_image\" \/>\n<meta name=\"twitter:site\" content=\"@natur__kosmetik\" \/>\n<script type=\"application\/ld+json\" class=\"yoast-schema-graph\">{\"@context\":\"https:\\\/\\\/schema.org\",\"@graph\":[{\"@type\":[\"WebPage\",\"ItemPage\"],\"@id\":\"https:\\\/\\\/www.lraloeverashop.eu\\\/es\\\/producto\\\/mind-master-gold-bebida-de-rendimiento\\\/\",\"url\":\"https:\\\/\\\/www.lraloeverashop.eu\\\/es\\\/producto\\\/mind-master-gold-bebida-de-rendimiento\\\/\",\"name\":\"Mind Master Gold Bebida De Rendimiento aumenta tu energ\u00eda\",\"isPartOf\":{\"@id\":\"https:\\\/\\\/www.lraloeverashop.eu\\\/es\\\/#website\"},\"primaryImageOfPage\":{\"@id\":\"https:\\\/\\\/www.lraloeverashop.eu\\\/es\\\/producto\\\/mind-master-gold-bebida-de-rendimiento\\\/#primaryimage\"},\"image\":{\"@id\":\"https:\\\/\\\/www.lraloeverashop.eu\\\/es\\\/producto\\\/mind-master-gold-bebida-de-rendimiento\\\/#primaryimage\"},\"thumbnailUrl\":\"https:\\\/\\\/www.lraloeverashop.eu\\\/wp-content\\\/uploads\\\/2024\\\/05\\\/Lr-Lifetakt-Mind-Master-Gold.jpeg\",\"datePublished\":\"2024-05-25T05:03:53+00:00\",\"dateModified\":\"2026-02-09T03:34:06+00:00\",\"description\":\"Mejore su concentraci\u00f3n y energ\u00eda con Mind Master Gold Bebida De Rendimiento. Aumente su vitalidad f\u00edsica y mental con Lr Health & Beauty. Cantidad: 2500 ml\",\"breadcrumb\":{\"@id\":\"https:\\\/\\\/www.lraloeverashop.eu\\\/es\\\/producto\\\/mind-master-gold-bebida-de-rendimiento\\\/#breadcrumb\"},\"inLanguage\":\"es\",\"potentialAction\":[{\"@type\":\"ReadAction\",\"target\":[\"https:\\\/\\\/www.lraloeverashop.eu\\\/es\\\/producto\\\/mind-master-gold-bebida-de-rendimiento\\\/\"]}]},{\"@type\":\"ImageObject\",\"inLanguage\":\"es\",\"@id\":\"https:\\\/\\\/www.lraloeverashop.eu\\\/es\\\/producto\\\/mind-master-gold-bebida-de-rendimiento\\\/#primaryimage\",\"url\":\"https:\\\/\\\/www.lraloeverashop.eu\\\/wp-content\\\/uploads\\\/2024\\\/05\\\/Lr-Lifetakt-Mind-Master-Gold.jpeg\",\"contentUrl\":\"https:\\\/\\\/www.lraloeverashop.eu\\\/wp-content\\\/uploads\\\/2024\\\/05\\\/Lr-Lifetakt-Mind-Master-Gold.jpeg\",\"width\":1200,\"height\":1200,\"caption\":\"Mind Master Gold Bebida de rendimiento apoya la memoria y la concentraci\u00f3n\"},{\"@type\":\"BreadcrumbList\",\"@id\":\"https:\\\/\\\/www.lraloeverashop.eu\\\/es\\\/producto\\\/mind-master-gold-bebida-de-rendimiento\\\/#breadcrumb\",\"itemListElement\":[{\"@type\":\"ListItem\",\"position\":1,\"name\":\"Home\",\"item\":\"https:\\\/\\\/www.lraloeverashop.eu\\\/es\\\/tienda-aloe-vera-todo-para-tu-belleza-y-bienestar\\\/\"},{\"@type\":\"ListItem\",\"position\":2,\"name\":\"Tienda\",\"item\":\"https:\\\/\\\/www.lraloeverashop.eu\\\/es\\\/tienda\\\/\"},{\"@type\":\"ListItem\",\"position\":3,\"name\":\"Mind Master Gold Bebida De Rendimiento\"}]},{\"@type\":\"WebSite\",\"@id\":\"https:\\\/\\\/www.lraloeverashop.eu\\\/es\\\/#website\",\"url\":\"https:\\\/\\\/www.lraloeverashop.eu\\\/es\\\/\",\"name\":\"Lr Tienda Aloe Vera\",\"description\":\"High Quality Lr Aloe Vera Gel, Aloe Vera Cream and Shampoo\",\"publisher\":{\"@id\":\"https:\\\/\\\/www.lraloeverashop.eu\\\/es\\\/#organization\"},\"alternateName\":\"LR\",\"potentialAction\":[{\"@type\":\"SearchAction\",\"target\":{\"@type\":\"EntryPoint\",\"urlTemplate\":\"https:\\\/\\\/www.lraloeverashop.eu\\\/es\\\/?s={search_term_string}\"},\"query-input\":{\"@type\":\"PropertyValueSpecification\",\"valueRequired\":true,\"valueName\":\"search_term_string\"}}],\"inLanguage\":\"es\"},{\"@type\":\"Organization\",\"@id\":\"https:\\\/\\\/www.lraloeverashop.eu\\\/es\\\/#organization\",\"name\":\"Lr Tienda Aloe Vera\",\"alternateName\":\"LR\",\"url\":\"https:\\\/\\\/www.lraloeverashop.eu\\\/es\\\/\",\"logo\":{\"@type\":\"ImageObject\",\"inLanguage\":\"es\",\"@id\":\"https:\\\/\\\/www.lraloeverashop.eu\\\/es\\\/#\\\/schema\\\/logo\\\/image\\\/\",\"url\":\"https:\\\/\\\/www.lraloeverashop.eu\\\/wp-content\\\/uploads\\\/2022\\\/09\\\/cropped-Lr-Aloe-Vera-Shop.jpg\",\"contentUrl\":\"https:\\\/\\\/www.lraloeverashop.eu\\\/wp-content\\\/uploads\\\/2022\\\/09\\\/cropped-Lr-Aloe-Vera-Shop.jpg\",\"width\":228,\"height\":76,\"caption\":\"Lr Tienda Aloe Vera\"},\"image\":{\"@id\":\"https:\\\/\\\/www.lraloeverashop.eu\\\/es\\\/#\\\/schema\\\/logo\\\/image\\\/\"},\"sameAs\":[\"https:\\\/\\\/www.facebook.com\\\/lraloeverashop.eu\",\"https:\\\/\\\/x.com\\\/natur__kosmetik\",\"https:\\\/\\\/www.youtube.com\\\/channel\\\/UC5oN7BJ8nfYb8RpVtjwDEBA\",\"https:\\\/\\\/www.instagram.com\\\/lrbeautyeu\\\/\"],\"description\":\"La tienda Lr Aloe Vera es tu destino de confianza para productos premium de salud y belleza LR, fabricados en Alemania. Ofrecemos soluciones de alta calidad para el cuidado de la piel, nutrici\u00f3n y antienvejecimiento con Aloe Vera, elaboradas con ingredientes puros y respaldadas por investigaci\u00f3n cient\u00edfica. Descubre un cuidado natural que regenera, protege y revitaliza tu piel, y disfruta de ofertas mensuales exclusivas en nuestros productos LR Aloe Vera m\u00e1s vendidos.\\n\\nComienza hoy mismo tu camino hacia el cuidado natural de la piel y siente la diferencia.\",\"email\":\"info@lraloeverashop.eu\",\"telephone\":\"+49 17670609653\",\"legalName\":\"Lr Aloe Vera Shop\",\"foundingDate\":\"2018-04-21\",\"numberOfEmployees\":{\"@type\":\"QuantitativeValue\",\"minValue\":\"1\",\"maxValue\":\"10\"}}]}<\/script>\n<meta property=\"product:price:amount\" content=\"117.60\" \/>\n<meta property=\"product:price:currency\" content=\"EUR\" \/>\n<meta property=\"og:availability\" content=\"instock\" \/>\n<meta property=\"product:availability\" content=\"instock\" \/>\n<meta property=\"product:retailer_item_id\" content=\"80945-1ES\" \/>\n<meta property=\"product:condition\" content=\"new\" \/>\n<!-- \/ Yoast SEO Premium plugin. -->","yoast_head_json":{"title":"Mind Master Gold Bebida De Rendimiento aumenta tu energ\u00eda","description":"Mejore su concentraci\u00f3n y energ\u00eda con Mind Master Gold Bebida De Rendimiento. Aumente su vitalidad f\u00edsica y mental con Lr Health & Beauty. Cantidad: 2500 ml","robots":{"index":"index","follow":"follow","max-snippet":"max-snippet:-1","max-image-preview":"max-image-preview:large","max-video-preview":"max-video-preview:-1"},"canonical":"https:\/\/www.lraloeverashop.eu\/es\/producto\/mind-master-gold-bebida-de-rendimiento\/","og_locale":"es_ES","og_type":"article","og_title":"Mind Master Gold Bebida De Rendimiento","og_description":"Mejore su concentraci\u00f3n y energ\u00eda con Mind Master Gold Bebida De Rendimiento. Aumente su vitalidad f\u00edsica y mental con Lr Health & Beauty. Cantidad: 2500 ml","og_url":"https:\/\/www.lraloeverashop.eu\/es\/producto\/mind-master-gold-bebida-de-rendimiento\/","og_site_name":"Lr Tienda Aloe Vera","article_publisher":"https:\/\/www.facebook.com\/lraloeverashop.eu","article_modified_time":"2026-02-09T03:34:06+00:00","og_image":[{"width":1200,"height":1200,"url":"https:\/\/www.lraloeverashop.eu\/wp-content\/uploads\/2024\/05\/Lr-Lifetakt-Mind-Master-Gold.jpeg","type":"image\/jpeg"}],"twitter_card":"summary_large_image","twitter_site":"@natur__kosmetik","schema":{"@context":"https:\/\/schema.org","@graph":[{"@type":["WebPage","ItemPage"],"@id":"https:\/\/www.lraloeverashop.eu\/es\/producto\/mind-master-gold-bebida-de-rendimiento\/","url":"https:\/\/www.lraloeverashop.eu\/es\/producto\/mind-master-gold-bebida-de-rendimiento\/","name":"Mind Master Gold Bebida De Rendimiento aumenta tu energ\u00eda","isPartOf":{"@id":"https:\/\/www.lraloeverashop.eu\/es\/#website"},"primaryImageOfPage":{"@id":"https:\/\/www.lraloeverashop.eu\/es\/producto\/mind-master-gold-bebida-de-rendimiento\/#primaryimage"},"image":{"@id":"https:\/\/www.lraloeverashop.eu\/es\/producto\/mind-master-gold-bebida-de-rendimiento\/#primaryimage"},"thumbnailUrl":"https:\/\/www.lraloeverashop.eu\/wp-content\/uploads\/2024\/05\/Lr-Lifetakt-Mind-Master-Gold.jpeg","datePublished":"2024-05-25T05:03:53+00:00","dateModified":"2026-02-09T03:34:06+00:00","description":"Mejore su concentraci\u00f3n y energ\u00eda con Mind Master Gold Bebida De Rendimiento. Aumente su vitalidad f\u00edsica y mental con Lr Health & Beauty. Cantidad: 2500 ml","breadcrumb":{"@id":"https:\/\/www.lraloeverashop.eu\/es\/producto\/mind-master-gold-bebida-de-rendimiento\/#breadcrumb"},"inLanguage":"es","potentialAction":[{"@type":"ReadAction","target":["https:\/\/www.lraloeverashop.eu\/es\/producto\/mind-master-gold-bebida-de-rendimiento\/"]}]},{"@type":"ImageObject","inLanguage":"es","@id":"https:\/\/www.lraloeverashop.eu\/es\/producto\/mind-master-gold-bebida-de-rendimiento\/#primaryimage","url":"https:\/\/www.lraloeverashop.eu\/wp-content\/uploads\/2024\/05\/Lr-Lifetakt-Mind-Master-Gold.jpeg","contentUrl":"https:\/\/www.lraloeverashop.eu\/wp-content\/uploads\/2024\/05\/Lr-Lifetakt-Mind-Master-Gold.jpeg","width":1200,"height":1200,"caption":"Mind Master Gold Bebida de rendimiento apoya la memoria y la concentraci\u00f3n"},{"@type":"BreadcrumbList","@id":"https:\/\/www.lraloeverashop.eu\/es\/producto\/mind-master-gold-bebida-de-rendimiento\/#breadcrumb","itemListElement":[{"@type":"ListItem","position":1,"name":"Home","item":"https:\/\/www.lraloeverashop.eu\/es\/tienda-aloe-vera-todo-para-tu-belleza-y-bienestar\/"},{"@type":"ListItem","position":2,"name":"Tienda","item":"https:\/\/www.lraloeverashop.eu\/es\/tienda\/"},{"@type":"ListItem","position":3,"name":"Mind Master Gold Bebida De Rendimiento"}]},{"@type":"WebSite","@id":"https:\/\/www.lraloeverashop.eu\/es\/#website","url":"https:\/\/www.lraloeverashop.eu\/es\/","name":"Lr Tienda Aloe Vera","description":"High Quality Lr Aloe Vera Gel, Aloe Vera Cream and Shampoo","publisher":{"@id":"https:\/\/www.lraloeverashop.eu\/es\/#organization"},"alternateName":"LR","potentialAction":[{"@type":"SearchAction","target":{"@type":"EntryPoint","urlTemplate":"https:\/\/www.lraloeverashop.eu\/es\/?s={search_term_string}"},"query-input":{"@type":"PropertyValueSpecification","valueRequired":true,"valueName":"search_term_string"}}],"inLanguage":"es"},{"@type":"Organization","@id":"https:\/\/www.lraloeverashop.eu\/es\/#organization","name":"Lr Tienda Aloe Vera","alternateName":"LR","url":"https:\/\/www.lraloeverashop.eu\/es\/","logo":{"@type":"ImageObject","inLanguage":"es","@id":"https:\/\/www.lraloeverashop.eu\/es\/#\/schema\/logo\/image\/","url":"https:\/\/www.lraloeverashop.eu\/wp-content\/uploads\/2022\/09\/cropped-Lr-Aloe-Vera-Shop.jpg","contentUrl":"https:\/\/www.lraloeverashop.eu\/wp-content\/uploads\/2022\/09\/cropped-Lr-Aloe-Vera-Shop.jpg","width":228,"height":76,"caption":"Lr Tienda Aloe Vera"},"image":{"@id":"https:\/\/www.lraloeverashop.eu\/es\/#\/schema\/logo\/image\/"},"sameAs":["https:\/\/www.facebook.com\/lraloeverashop.eu","https:\/\/x.com\/natur__kosmetik","https:\/\/www.youtube.com\/channel\/UC5oN7BJ8nfYb8RpVtjwDEBA","https:\/\/www.instagram.com\/lrbeautyeu\/"],"description":"La tienda Lr Aloe Vera es tu destino de confianza para productos premium de salud y belleza LR, fabricados en Alemania. Ofrecemos soluciones de alta calidad para el cuidado de la piel, nutrici\u00f3n y antienvejecimiento con Aloe Vera, elaboradas con ingredientes puros y respaldadas por investigaci\u00f3n cient\u00edfica. Descubre un cuidado natural que regenera, protege y revitaliza tu piel, y disfruta de ofertas mensuales exclusivas en nuestros productos LR Aloe Vera m\u00e1s vendidos.\n\nComienza hoy mismo tu camino hacia el cuidado natural de la piel y siente la diferencia.","email":"info@lraloeverashop.eu","telephone":"+49 17670609653","legalName":"Lr Aloe Vera Shop","foundingDate":"2018-04-21","numberOfEmployees":{"@type":"QuantitativeValue","minValue":"1","maxValue":"10"}}]},"product_price_amount":"117.60","product_price_currency":"EUR","og_availability":"instock","product_availability":"instock","product_retailer_item_id":"80945-1ES","product_condition":"new"},"taxonomy_info":{"product_cat":[{"value":458,"label":"Ahorra en los sets"},{"value":469,"label":"Especialistas"},{"value":505,"label":"Mind Master"},{"value":415,"label":"Productos Especiales"},{"value":445,"label":"Rendimiento y Energ\u00eda"},{"value":356,"label":"Ventas"}],"product_tag":[{"value":688,"label":"Energ\u00eda"}]},"featured_image_src_large":["https:\/\/www.lraloeverashop.eu\/wp-content\/uploads\/2024\/05\/Lr-Lifetakt-Mind-Master-Gold-1024x1024.jpeg",1024,1024,true],"author_info":[],"comment_info":0,"_links":{"self":[{"href":"https:\/\/www.lraloeverashop.eu\/es\/wp-json\/wp\/v2\/product\/15334","targetHints":{"allow":["GET"]}}],"collection":[{"href":"https:\/\/www.lraloeverashop.eu\/es\/wp-json\/wp\/v2\/product"}],"about":[{"href":"https:\/\/www.lraloeverashop.eu\/es\/wp-json\/wp\/v2\/types\/product"}],"replies":[{"embeddable":true,"href":"https:\/\/www.lraloeverashop.eu\/es\/wp-json\/wp\/v2\/comments?post=15334"}],"wp:featuredmedia":[{"embeddable":true,"href":"https:\/\/www.lraloeverashop.eu\/es\/wp-json\/wp\/v2\/media\/15287"}],"wp:attachment":[{"href":"https:\/\/www.lraloeverashop.eu\/es\/wp-json\/wp\/v2\/media?parent=15334"}],"wp:term":[{"taxonomy":"product_brand","embeddable":true,"href":"https:\/\/www.lraloeverashop.eu\/es\/wp-json\/wp\/v2\/product_brand?post=15334"},{"taxonomy":"product_cat","embeddable":true,"href":"https:\/\/www.lraloeverashop.eu\/es\/wp-json\/wp\/v2\/product_cat?post=15334"},{"taxonomy":"product_tag","embeddable":true,"href":"https:\/\/www.lraloeverashop.eu\/es\/wp-json\/wp\/v2\/product_tag?post=15334"}],"curies":[{"name":"wp","href":"https:\/\/api.w.org\/{rel}","templated":true}]}}