{"id":15317,"date":"2024-05-23T10:30:42","date_gmt":"2024-05-23T08:30:42","guid":{"rendered":"https:\/\/www.lraloeverashop.eu\/product\/bebida-mind-master-gold\/"},"modified":"2026-02-09T04:34:19","modified_gmt":"2026-02-09T03:34:19","slug":"bebida-mind-master-gold","status":"publish","type":"product","link":"https:\/\/www.lraloeverashop.eu\/es\/producto\/bebida-mind-master-gold\/","title":{"rendered":"Bebida Mind Master Gold"},"content":{"rendered":"<h2><span style=\"font-size: 16pt;\"><strong>Bebida Mind Master Gold<\/strong><\/span><\/h2>\n<p><span style=\"font-size: 14pt;\"><strong>Bebida Mind Master Gold apoya la memoria y la concentraci\u00f3n<\/strong><\/span><\/p>\n<p>Potencia tu rendimiento mental y conquista tu d\u00eda con Mind Master Gold. Dise\u00f1ada para mejorar la funci\u00f3n cognitiva y reducir el estr\u00e9s, esta f\u00f3rmula premium es la clave para desbloquear el m\u00e1ximo potencial mental. Ya sea que est\u00e9 afrontando un d\u00eda de trabajo ajetreado, estudiando para ex\u00e1menes o gestionando tareas diarias, Bebida Mind Master Gold respalda su cerebro en cada paso del camino.<\/p>\n<p>&nbsp;<\/p>\n<p><span style=\"font-size: 16pt;\"><strong>\u00bfPor qu\u00e9 elegir Bebida Mind Master Gold?<\/strong><\/span><\/p>\n<ul>\n<li><strong>Funci\u00f3n cognitiva mejorada:<\/strong> experimente una mayor concentraci\u00f3n, claridad y resistencia mental.<\/li>\n<li><strong>Reducci\u00f3n del estr\u00e9s:<\/strong> Formulado con ingredientes que ayudan a controlar y reducir el estr\u00e9s.<\/li>\n<li><strong>Ingredientes naturales:<\/strong> elaborado con componentes naturales de alta calidad para una salud cerebral \u00f3ptima.<\/li>\n<li><strong>F\u00e1cil de usar:<\/strong> incorp\u00f3relo sin esfuerzo a su rutina diaria con una conveniente f\u00f3rmula l\u00edquida.<\/li>\n<\/ul>\n<p>&nbsp;<\/p>\n<p><span style=\"font-size: 16pt;\"><strong>Las principales ventajas en pocas palabras<\/strong><\/span><\/p>\n<ul>\n<li><strong>Apoya la memoria y la concentraci\u00f3n:<\/strong> perfecto para estudiantes, profesionales y cualquier persona que necesite una ventaja mental.<\/li>\n<li><strong>Bebida Mind Master Gold Promueve el bienestar general:<\/strong> ayuda a mantener un estado de \u00e1nimo equilibrado y <a href=\"https:\/\/www.lraloeverashop.eu\/es\/producto\/mind-master-verde\/\">reducir la ansiedad<\/a>.<\/li>\n<li><strong>Aumenta los niveles de energ\u00eda:<\/strong> proporciona un impulso de energ\u00eda natural sin los nervios de la cafe\u00edna.<\/li>\n<li><strong>Protecci\u00f3n antioxidante:<\/strong> Protege tu cerebro del estr\u00e9s oxidativo y el envejecimiento.<\/li>\n<\/ul>\n<p>&nbsp;<\/p>\n<h3><strong><span style=\"font-size: 16pt;\">C\u00f3mo utilizar<\/span><\/strong><\/h3>\n<p><strong>Dosis Diaria Recomendada:<\/strong><br \/>\nTomar 80 ml de Bebida Mind Master Gold una vez al d\u00eda, preferiblemente despu\u00e9s de las comidas. Dependiendo de tus preferencias, se puede consumir puro o disuelto en agua o jugo. Agitar antes de usar. Una vez abierto, gu\u00e1rdelo en el frigor\u00edfico.<\/p>\n<p><strong>No exceda la dosis diaria recomendada.<\/strong><br \/>\nLos complementos alimenticios de <a href=\"https:\/\/www.lraloeverashop.eu\/es\/lr-health-beauty-la-mejor-empresa-para-la-que-trabajamos\/\">Lr Health &amp; Beauty<\/a> no sustituyen a una dieta variada y equilibrada, en combinaci\u00f3n con un estilo de vida saludable. Mantener fuera del alcance de los ni\u00f1os.<\/p>\n<p>&nbsp;<\/p>\n<p><span style=\"font-size: 16pt;\"><strong>Ventajas de la Bebida Mind Master Gold:<\/strong><\/span><\/p>\n<ul>\n<li>Mejora la claridad mental y el enfoque.<\/li>\n<li>Reduce el estr\u00e9s y la ansiedad.<\/li>\n<li>Mejora la memoria y la capacidad de aprendizaje.<\/li>\n<li>Proporciona <a href=\"https:\/\/www.lraloeverashop.eu\/es\/bebida-de-aloe-vera-de-lr-health-beauty\/\">energ\u00eda sostenida<\/a> durante todo el d\u00eda.<\/li>\n<li>Elaborado con ingredientes naturales y de alta calidad.<\/li>\n<\/ul>\n<p>\u00bfEst\u00e1s listo para tomar el control de tu <a href=\"https:\/\/www.lraloeverashop.eu\/es\/producto\/mind-master-polvo-con-guarana\/\">rendimiento mental<\/a> y bienestar? Pruebe la Bebida Mind Master Gold hoy y experimente la diferencia. Libera todo tu potencial y conquista tu d\u00eda con confianza. No espere: \u00a1tome ahora la decisi\u00f3n inteligente para su mente y su cuerpo!<\/p>\n<p>1. La vitamina E ayuda a proteger las c\u00e9lulas del <a href=\"https:\/\/www.lraloeverashop.eu\/es\/producto\/mind-master-bebida-roja\/\">estr\u00e9s oxidativo<\/a>.<br \/>\n2. La vitamina B12 contribuye al metabolismo energ\u00e9tico normal, al funcionamiento normal del sistema nervioso y a la reducci\u00f3n del cansancio y la fatiga. El hierro contribuye a la funci\u00f3n cognitiva normal y al transporte normal de ox\u00edgeno en el cuerpo. La vitamina D contribuye al mantenimiento de los huesos en condiciones normales y al funcionamiento normal de los m\u00fasculos.<br \/>\n3. La vitamina B12 en Bebida Mind Master Gold contribuye a la funci\u00f3n psicol\u00f3gica normal y al funcionamiento normal del sistema nervioso. El hierro contribuye a la funci\u00f3n cognitiva normal.<\/p>\n","protected":false},"excerpt":{"rendered":"<ul>\n<li>Protege contra el estr\u00e9s oxidativo \u00b9<\/li>\n<li>Contra la cansancio y agotamiento\u00b2<\/li>\n<li>Proporciona valiosos nutrientes para la psique y el bienestar mental\u00b3<\/li>\n<li>Con coenzima Q10, vitaminas D y K, extracto de t\u00e9 blanco, c\u00farcuma, aloe vera y L-carnitina.<\/li>\n<li>Sabor afrutado y fresco de naranja sanguina, mel\u00f3n dulce y lim\u00f3n.<\/li>\n<li>Cantidad: 500ml<\/li>\n<\/ul>\n<p><span style=\"color: #ff0000;\"><a style=\"color: #ff0000;\" href=\"https:\/\/shop.lrworld.com\/openpao?PHP=0vFlt7jT938BEnBI3a6e9w%3D%3D\"><span style=\"font-size: 14pt;\"><strong>Reg\u00edstrate aqu\u00ed y ahorra 35% en cada compra<\/strong><\/span><\/a><\/span><\/p>\n","protected":false},"featured_media":15280,"comment_status":"open","ping_status":"closed","template":"","meta":{"_kad_blocks_custom_css":"","_kad_blocks_head_custom_js":"","_kad_blocks_body_custom_js":"","_kad_blocks_footer_custom_js":"","_kadence_starter_templates_imported_post":false,"_kad_post_transparent":"default","_kad_post_title":"","_kad_post_layout":"default","_kad_post_sidebar_id":"","_kad_post_content_style":"default","_kad_post_vertical_padding":"default","_kad_post_feature":"","_kad_post_feature_position":"","_kad_post_header":false,"_kad_post_footer":false,"_kad_post_classname":""},"product_brand":[],"product_cat":[469,505,415,445],"product_tag":[688],"class_list":{"0":"post-15317","1":"product","2":"type-product","3":"status-publish","4":"has-post-thumbnail","6":"product_cat-especialistas","7":"product_cat-mind-master-es","8":"product_cat-productos-especiales","9":"product_cat-rendimiento-y-energia","10":"product_tag-energia-es","12":"first","13":"instock","14":"taxable","15":"shipping-taxable","16":"purchasable","17":"product-type-simple","18":"entry","19":"content-bg","20":"loop-entry"},"yoast_head":"<!-- This site is optimized with the Yoast SEO Premium plugin v27.4 (Yoast SEO v27.4) - https:\/\/yoast.com\/product\/yoast-seo-premium-wordpress\/ -->\n<title>Bebida Mind Master Gold aumenta la memoria y la concentraci\u00f3n<\/title>\n<meta name=\"description\" content=\"Bebida Mind Master Drink Gold potenciar\u00e1 tu rendimiento mental. Libere el m\u00e1ximo potencial mental con esta f\u00f3rmula premium. \u00a1Conc\u00e9ntrate ahora!\" \/>\n<meta name=\"robots\" content=\"index, follow, max-snippet:-1, max-image-preview:large, max-video-preview:-1\" \/>\n<link rel=\"canonical\" href=\"https:\/\/www.lraloeverashop.eu\/es\/producto\/bebida-mind-master-gold\/\" \/>\n<meta property=\"og:locale\" content=\"es_ES\" \/>\n<meta property=\"og:type\" content=\"article\" \/>\n<meta property=\"og:title\" content=\"Bebida Mind Master Gold\" \/>\n<meta property=\"og:description\" content=\"Bebida Mind Master Drink Gold potenciar\u00e1 tu rendimiento mental. Libere el m\u00e1ximo potencial mental con esta f\u00f3rmula premium. \u00a1Conc\u00e9ntrate ahora!\" \/>\n<meta property=\"og:url\" content=\"https:\/\/www.lraloeverashop.eu\/es\/producto\/bebida-mind-master-gold\/\" \/>\n<meta property=\"og:site_name\" content=\"Lr Tienda Aloe Vera\" \/>\n<meta property=\"article:publisher\" content=\"https:\/\/www.facebook.com\/lraloeverashop.eu\" \/>\n<meta property=\"article:modified_time\" content=\"2026-02-09T03:34:19+00:00\" \/>\n<meta property=\"og:image\" content=\"https:\/\/www.lraloeverashop.eu\/wp-content\/uploads\/2024\/05\/Mind-Master-Gold.jpeg\" \/>\n\t<meta property=\"og:image:width\" content=\"1200\" \/>\n\t<meta property=\"og:image:height\" content=\"1200\" \/>\n\t<meta property=\"og:image:type\" content=\"image\/jpeg\" \/>\n<meta name=\"twitter:card\" content=\"summary_large_image\" \/>\n<meta name=\"twitter:site\" content=\"@natur__kosmetik\" \/>\n<script type=\"application\/ld+json\" class=\"yoast-schema-graph\">{\"@context\":\"https:\\\/\\\/schema.org\",\"@graph\":[{\"@type\":[\"WebPage\",\"ItemPage\"],\"@id\":\"https:\\\/\\\/www.lraloeverashop.eu\\\/es\\\/producto\\\/bebida-mind-master-gold\\\/\",\"url\":\"https:\\\/\\\/www.lraloeverashop.eu\\\/es\\\/producto\\\/bebida-mind-master-gold\\\/\",\"name\":\"Bebida Mind Master Gold aumenta la memoria y la concentraci\u00f3n\",\"isPartOf\":{\"@id\":\"https:\\\/\\\/www.lraloeverashop.eu\\\/es\\\/#website\"},\"primaryImageOfPage\":{\"@id\":\"https:\\\/\\\/www.lraloeverashop.eu\\\/es\\\/producto\\\/bebida-mind-master-gold\\\/#primaryimage\"},\"image\":{\"@id\":\"https:\\\/\\\/www.lraloeverashop.eu\\\/es\\\/producto\\\/bebida-mind-master-gold\\\/#primaryimage\"},\"thumbnailUrl\":\"https:\\\/\\\/www.lraloeverashop.eu\\\/wp-content\\\/uploads\\\/2024\\\/05\\\/Mind-Master-Gold.jpeg\",\"datePublished\":\"2024-05-23T08:30:42+00:00\",\"dateModified\":\"2026-02-09T03:34:19+00:00\",\"description\":\"Bebida Mind Master Drink Gold potenciar\u00e1 tu rendimiento mental. Libere el m\u00e1ximo potencial mental con esta f\u00f3rmula premium. \u00a1Conc\u00e9ntrate ahora!\",\"breadcrumb\":{\"@id\":\"https:\\\/\\\/www.lraloeverashop.eu\\\/es\\\/producto\\\/bebida-mind-master-gold\\\/#breadcrumb\"},\"inLanguage\":\"es\",\"potentialAction\":[{\"@type\":\"ReadAction\",\"target\":[\"https:\\\/\\\/www.lraloeverashop.eu\\\/es\\\/producto\\\/bebida-mind-master-gold\\\/\"]}]},{\"@type\":\"ImageObject\",\"inLanguage\":\"es\",\"@id\":\"https:\\\/\\\/www.lraloeverashop.eu\\\/es\\\/producto\\\/bebida-mind-master-gold\\\/#primaryimage\",\"url\":\"https:\\\/\\\/www.lraloeverashop.eu\\\/wp-content\\\/uploads\\\/2024\\\/05\\\/Mind-Master-Gold.jpeg\",\"contentUrl\":\"https:\\\/\\\/www.lraloeverashop.eu\\\/wp-content\\\/uploads\\\/2024\\\/05\\\/Mind-Master-Gold.jpeg\",\"width\":1200,\"height\":1200,\"caption\":\"Mind Master Bebida Gold mejora la funci\u00f3n cognitiva\"},{\"@type\":\"BreadcrumbList\",\"@id\":\"https:\\\/\\\/www.lraloeverashop.eu\\\/es\\\/producto\\\/bebida-mind-master-gold\\\/#breadcrumb\",\"itemListElement\":[{\"@type\":\"ListItem\",\"position\":1,\"name\":\"Home\",\"item\":\"https:\\\/\\\/www.lraloeverashop.eu\\\/es\\\/\"},{\"@type\":\"ListItem\",\"position\":2,\"name\":\"Tienda\",\"item\":\"https:\\\/\\\/www.lraloeverashop.eu\\\/es\\\/tienda\\\/\"},{\"@type\":\"ListItem\",\"position\":3,\"name\":\"Bebida Mind Master Gold\"}]},{\"@type\":\"WebSite\",\"@id\":\"https:\\\/\\\/www.lraloeverashop.eu\\\/es\\\/#website\",\"url\":\"https:\\\/\\\/www.lraloeverashop.eu\\\/es\\\/\",\"name\":\"Lr Tienda Aloe Vera\",\"description\":\"High Quality Lr Aloe Vera Gel, Aloe Vera Cream and Shampoo\",\"publisher\":{\"@id\":\"https:\\\/\\\/www.lraloeverashop.eu\\\/es\\\/#organization\"},\"potentialAction\":[{\"@type\":\"SearchAction\",\"target\":{\"@type\":\"EntryPoint\",\"urlTemplate\":\"https:\\\/\\\/www.lraloeverashop.eu\\\/es\\\/?s={search_term_string}\"},\"query-input\":{\"@type\":\"PropertyValueSpecification\",\"valueRequired\":true,\"valueName\":\"search_term_string\"}}],\"inLanguage\":\"es\"},{\"@type\":\"Organization\",\"@id\":\"https:\\\/\\\/www.lraloeverashop.eu\\\/es\\\/#organization\",\"name\":\"Lr Tienda Aloe Vera\",\"alternateName\":\"LR\",\"url\":\"https:\\\/\\\/www.lraloeverashop.eu\\\/es\\\/\",\"logo\":{\"@type\":\"ImageObject\",\"inLanguage\":\"es\",\"@id\":\"https:\\\/\\\/www.lraloeverashop.eu\\\/es\\\/#\\\/schema\\\/logo\\\/image\\\/\",\"url\":\"https:\\\/\\\/www.lraloeverashop.eu\\\/wp-content\\\/uploads\\\/2022\\\/09\\\/cropped-Lr-Aloe-Vera-Shop.jpg\",\"contentUrl\":\"https:\\\/\\\/www.lraloeverashop.eu\\\/wp-content\\\/uploads\\\/2022\\\/09\\\/cropped-Lr-Aloe-Vera-Shop.jpg\",\"width\":228,\"height\":76,\"caption\":\"Lr Tienda Aloe Vera\"},\"image\":{\"@id\":\"https:\\\/\\\/www.lraloeverashop.eu\\\/es\\\/#\\\/schema\\\/logo\\\/image\\\/\"},\"sameAs\":[\"https:\\\/\\\/www.facebook.com\\\/lraloeverashop.eu\",\"https:\\\/\\\/x.com\\\/natur__kosmetik\",\"https:\\\/\\\/www.youtube.com\\\/channel\\\/UC5oN7BJ8nfYb8RpVtjwDEBA\",\"https:\\\/\\\/www.instagram.com\\\/lrbeautyeu\\\/\"],\"description\":\"La tienda Lr Aloe Vera es tu destino de confianza para productos premium de salud y belleza LR, fabricados en Alemania. Ofrecemos soluciones de alta calidad para el cuidado de la piel, nutrici\u00f3n y antienvejecimiento con Aloe Vera, elaboradas con ingredientes puros y respaldadas por investigaci\u00f3n cient\u00edfica. Descubre un cuidado natural que regenera, protege y revitaliza tu piel, y disfruta de ofertas mensuales exclusivas en nuestros productos LR Aloe Vera m\u00e1s vendidos.\\n\\nComienza hoy mismo tu camino hacia el cuidado natural de la piel y siente la diferencia.\",\"email\":\"info@lraloeverashop.eu\",\"telephone\":\"+49 17670609653\",\"legalName\":\"Lr Aloe Vera Shop\",\"foundingDate\":\"2018-04-21\",\"numberOfEmployees\":{\"@type\":\"QuantitativeValue\",\"minValue\":\"1\",\"maxValue\":\"10\"}}]}<\/script>\n<meta property=\"product:price:amount\" content=\"25.59\" \/>\n<meta property=\"product:price:currency\" content=\"EUR\" \/>\n<meta property=\"og:availability\" content=\"instock\" \/>\n<meta property=\"product:availability\" content=\"instock\" \/>\n<meta property=\"product:retailer_item_id\" content=\"80940-1ES\" \/>\n<meta property=\"product:condition\" content=\"new\" \/>\n<!-- \/ Yoast SEO Premium plugin. -->","yoast_head_json":{"title":"Bebida Mind Master Gold aumenta la memoria y la concentraci\u00f3n","description":"Bebida Mind Master Drink Gold potenciar\u00e1 tu rendimiento mental. Libere el m\u00e1ximo potencial mental con esta f\u00f3rmula premium. \u00a1Conc\u00e9ntrate ahora!","robots":{"index":"index","follow":"follow","max-snippet":"max-snippet:-1","max-image-preview":"max-image-preview:large","max-video-preview":"max-video-preview:-1"},"canonical":"https:\/\/www.lraloeverashop.eu\/es\/producto\/bebida-mind-master-gold\/","og_locale":"es_ES","og_type":"article","og_title":"Bebida Mind Master Gold","og_description":"Bebida Mind Master Drink Gold potenciar\u00e1 tu rendimiento mental. Libere el m\u00e1ximo potencial mental con esta f\u00f3rmula premium. \u00a1Conc\u00e9ntrate ahora!","og_url":"https:\/\/www.lraloeverashop.eu\/es\/producto\/bebida-mind-master-gold\/","og_site_name":"Lr Tienda Aloe Vera","article_publisher":"https:\/\/www.facebook.com\/lraloeverashop.eu","article_modified_time":"2026-02-09T03:34:19+00:00","og_image":[{"width":1200,"height":1200,"url":"https:\/\/www.lraloeverashop.eu\/wp-content\/uploads\/2024\/05\/Mind-Master-Gold.jpeg","type":"image\/jpeg"}],"twitter_card":"summary_large_image","twitter_site":"@natur__kosmetik","schema":{"@context":"https:\/\/schema.org","@graph":[{"@type":["WebPage","ItemPage"],"@id":"https:\/\/www.lraloeverashop.eu\/es\/producto\/bebida-mind-master-gold\/","url":"https:\/\/www.lraloeverashop.eu\/es\/producto\/bebida-mind-master-gold\/","name":"Bebida Mind Master Gold aumenta la memoria y la concentraci\u00f3n","isPartOf":{"@id":"https:\/\/www.lraloeverashop.eu\/es\/#website"},"primaryImageOfPage":{"@id":"https:\/\/www.lraloeverashop.eu\/es\/producto\/bebida-mind-master-gold\/#primaryimage"},"image":{"@id":"https:\/\/www.lraloeverashop.eu\/es\/producto\/bebida-mind-master-gold\/#primaryimage"},"thumbnailUrl":"https:\/\/www.lraloeverashop.eu\/wp-content\/uploads\/2024\/05\/Mind-Master-Gold.jpeg","datePublished":"2024-05-23T08:30:42+00:00","dateModified":"2026-02-09T03:34:19+00:00","description":"Bebida Mind Master Drink Gold potenciar\u00e1 tu rendimiento mental. Libere el m\u00e1ximo potencial mental con esta f\u00f3rmula premium. \u00a1Conc\u00e9ntrate ahora!","breadcrumb":{"@id":"https:\/\/www.lraloeverashop.eu\/es\/producto\/bebida-mind-master-gold\/#breadcrumb"},"inLanguage":"es","potentialAction":[{"@type":"ReadAction","target":["https:\/\/www.lraloeverashop.eu\/es\/producto\/bebida-mind-master-gold\/"]}]},{"@type":"ImageObject","inLanguage":"es","@id":"https:\/\/www.lraloeverashop.eu\/es\/producto\/bebida-mind-master-gold\/#primaryimage","url":"https:\/\/www.lraloeverashop.eu\/wp-content\/uploads\/2024\/05\/Mind-Master-Gold.jpeg","contentUrl":"https:\/\/www.lraloeverashop.eu\/wp-content\/uploads\/2024\/05\/Mind-Master-Gold.jpeg","width":1200,"height":1200,"caption":"Mind Master Bebida Gold mejora la funci\u00f3n cognitiva"},{"@type":"BreadcrumbList","@id":"https:\/\/www.lraloeverashop.eu\/es\/producto\/bebida-mind-master-gold\/#breadcrumb","itemListElement":[{"@type":"ListItem","position":1,"name":"Home","item":"https:\/\/www.lraloeverashop.eu\/es\/"},{"@type":"ListItem","position":2,"name":"Tienda","item":"https:\/\/www.lraloeverashop.eu\/es\/tienda\/"},{"@type":"ListItem","position":3,"name":"Bebida Mind Master Gold"}]},{"@type":"WebSite","@id":"https:\/\/www.lraloeverashop.eu\/es\/#website","url":"https:\/\/www.lraloeverashop.eu\/es\/","name":"Lr Tienda Aloe Vera","description":"High Quality Lr Aloe Vera Gel, Aloe Vera Cream and Shampoo","publisher":{"@id":"https:\/\/www.lraloeverashop.eu\/es\/#organization"},"potentialAction":[{"@type":"SearchAction","target":{"@type":"EntryPoint","urlTemplate":"https:\/\/www.lraloeverashop.eu\/es\/?s={search_term_string}"},"query-input":{"@type":"PropertyValueSpecification","valueRequired":true,"valueName":"search_term_string"}}],"inLanguage":"es"},{"@type":"Organization","@id":"https:\/\/www.lraloeverashop.eu\/es\/#organization","name":"Lr Tienda Aloe Vera","alternateName":"LR","url":"https:\/\/www.lraloeverashop.eu\/es\/","logo":{"@type":"ImageObject","inLanguage":"es","@id":"https:\/\/www.lraloeverashop.eu\/es\/#\/schema\/logo\/image\/","url":"https:\/\/www.lraloeverashop.eu\/wp-content\/uploads\/2022\/09\/cropped-Lr-Aloe-Vera-Shop.jpg","contentUrl":"https:\/\/www.lraloeverashop.eu\/wp-content\/uploads\/2022\/09\/cropped-Lr-Aloe-Vera-Shop.jpg","width":228,"height":76,"caption":"Lr Tienda Aloe Vera"},"image":{"@id":"https:\/\/www.lraloeverashop.eu\/es\/#\/schema\/logo\/image\/"},"sameAs":["https:\/\/www.facebook.com\/lraloeverashop.eu","https:\/\/x.com\/natur__kosmetik","https:\/\/www.youtube.com\/channel\/UC5oN7BJ8nfYb8RpVtjwDEBA","https:\/\/www.instagram.com\/lrbeautyeu\/"],"description":"La tienda Lr Aloe Vera es tu destino de confianza para productos premium de salud y belleza LR, fabricados en Alemania. Ofrecemos soluciones de alta calidad para el cuidado de la piel, nutrici\u00f3n y antienvejecimiento con Aloe Vera, elaboradas con ingredientes puros y respaldadas por investigaci\u00f3n cient\u00edfica. Descubre un cuidado natural que regenera, protege y revitaliza tu piel, y disfruta de ofertas mensuales exclusivas en nuestros productos LR Aloe Vera m\u00e1s vendidos.\n\nComienza hoy mismo tu camino hacia el cuidado natural de la piel y siente la diferencia.","email":"info@lraloeverashop.eu","telephone":"+49 17670609653","legalName":"Lr Aloe Vera Shop","foundingDate":"2018-04-21","numberOfEmployees":{"@type":"QuantitativeValue","minValue":"1","maxValue":"10"}}]},"product_price_amount":"25.59","product_price_currency":"EUR","og_availability":"instock","product_availability":"instock","product_retailer_item_id":"80940-1ES","product_condition":"new"},"taxonomy_info":{"product_cat":[{"value":469,"label":"Especialistas"},{"value":505,"label":"Mind Master"},{"value":415,"label":"Productos Especiales"},{"value":445,"label":"Rendimiento y Energ\u00eda"}],"product_tag":[{"value":688,"label":"Energ\u00eda"}]},"featured_image_src_large":["https:\/\/www.lraloeverashop.eu\/wp-content\/uploads\/2024\/05\/Mind-Master-Gold-1024x1024.jpeg",1024,1024,true],"author_info":[],"comment_info":0,"_links":{"self":[{"href":"https:\/\/www.lraloeverashop.eu\/es\/wp-json\/wp\/v2\/product\/15317","targetHints":{"allow":["GET"]}}],"collection":[{"href":"https:\/\/www.lraloeverashop.eu\/es\/wp-json\/wp\/v2\/product"}],"about":[{"href":"https:\/\/www.lraloeverashop.eu\/es\/wp-json\/wp\/v2\/types\/product"}],"replies":[{"embeddable":true,"href":"https:\/\/www.lraloeverashop.eu\/es\/wp-json\/wp\/v2\/comments?post=15317"}],"wp:featuredmedia":[{"embeddable":true,"href":"https:\/\/www.lraloeverashop.eu\/es\/wp-json\/wp\/v2\/media\/15280"}],"wp:attachment":[{"href":"https:\/\/www.lraloeverashop.eu\/es\/wp-json\/wp\/v2\/media?parent=15317"}],"wp:term":[{"taxonomy":"product_brand","embeddable":true,"href":"https:\/\/www.lraloeverashop.eu\/es\/wp-json\/wp\/v2\/product_brand?post=15317"},{"taxonomy":"product_cat","embeddable":true,"href":"https:\/\/www.lraloeverashop.eu\/es\/wp-json\/wp\/v2\/product_cat?post=15317"},{"taxonomy":"product_tag","embeddable":true,"href":"https:\/\/www.lraloeverashop.eu\/es\/wp-json\/wp\/v2\/product_tag?post=15317"}],"curies":[{"name":"wp","href":"https:\/\/api.w.org\/{rel}","templated":true}]}}