{"id":14768,"date":"2024-04-21T15:19:37","date_gmt":"2024-04-21T13:19:37","guid":{"rendered":"https:\/\/www.lraloeverashop.eu\/?post_type=product&#038;p=14768"},"modified":"2026-02-09T04:35:20","modified_gmt":"2026-02-09T03:35:20","slug":"aloe-vera-gel-bebible-acai-pro","status":"publish","type":"product","link":"https:\/\/www.lraloeverashop.eu\/es\/producto\/aloe-vera-gel-bebible-acai-pro\/","title":{"rendered":"Aloe Vera Gel Bebible Acai Pro"},"content":{"rendered":"<h2><span style=\"font-size: 16pt;\"><strong>Aloe Vera Gel Bebible Acai Pro<\/strong><\/span><\/h2>\n<p><span style=\"font-size: 14pt;\"><strong>Aloe Vera Gel Bebible Acai Pro con grosellas, frutos del bosque y miel<\/strong><\/span><\/p>\n<p><strong>LA TRIPLE PROTECCI\u00d3N PARA TU VERANO<\/strong><\/p>\n<p>ACAI: \u00a1ahora puedes beber el popular superalimento en LR! La baya de a\u00e7a\u00ed es conocida por su contenido inusualmente alto de antioxidantes, as\u00ed como por numerosas vitaminas y minerales.<\/p>\n<p><strong>EQUILIBRIO ELECTROL\u00cdTICO:<\/strong> Garantiza un equilibrio electrol\u00edtico y un <a href=\"https:\/\/www.lraloeverashop.eu\/es\/producto\/pro-balance-pastillas\/\">metabolismo equilibrado<\/a>.\u00b9<br \/>\n<strong>PROTECCI\u00d3N SOLAR:<\/strong> Apoya la protecci\u00f3n de la piel del propio cuerpo y garantiza la pigmentaci\u00f3n natural de la piel.\u00b2<br \/>\n<strong>PROTECCI\u00d3N DE DEFENSA:<\/strong> Apoya el sistema inmunol\u00f3gico.\u00b3<\/p>\n<p>&nbsp;<\/p>\n<h3><span style=\"font-size: 16pt;\"><strong>\u00a1El Aloe Vera Gel Bebible Acai Pro es tu elixir de vida para una mayor protecci\u00f3n en el verano!<\/strong><\/span><\/h3>\n<p>Garantiza un equilibrio electrol\u00edtico y un <a href=\"https:\/\/www.lraloeverashop.eu\/es\/producto\/calostro-directo-liquido\/\">metabolismo<\/a>\u00b9, favorece la protecci\u00f3n solar del propio cuerpo\u00b2 y garantiza la pigmentaci\u00f3n natural de la piel\u00b2. Tambi\u00e9n apoya el sistema inmunol\u00f3gico\u00b3. La bebida energ\u00e9tica de verano con un 85% de filete de hojas de aloe vera, bayas de a\u00e7a\u00ed, grosellas, frutas del bosque y miel impresiona por su sabor natural, afrutado y fresco a bayas de a\u00e7a\u00ed.<\/p>\n<p>La excelente calidad \u00abmade in Germany\u00bb fue certificada por el SGS Institut Fresenius y el IASC (International Aloe Science Council).<\/p>\n<p>1. La vitamina C contribuye al metabolismo energ\u00e9tico normal; El zinc contribuye al metabolismo normal de la vitamina A, El magnesio contribuye al equilibrio electrol\u00edtico.<br \/>\n2. El cobre y el zinc ayudan a proteger las c\u00e9lulas del estr\u00e9s oxidativo, El zinc ayuda a mantener la piel normal, El cobre contribuye a la pigmentaci\u00f3n normal de la piel.<br \/>\n3. El zinc, la <a href=\"https:\/\/www.lraloeverashop.eu\/es\/producto\/vita-active-frutos-rojos\/\">vitamina C<\/a> y el cobre contribuyen al funcionamiento normal del sistema inmunol\u00f3gico.<\/p>\n<p>&nbsp;<\/p>\n<h3><span style=\"font-size: 16pt;\"><strong>C\u00f3mo utilizar<\/strong><\/span><\/h3>\n<p><strong>Consumo recomendado:<\/strong> Recomendamos consumir 3 x 30 ml de Aloe Vera Gel Bebible Acai Pro al d\u00eda.<\/p>\n<p><strong>Nota:<\/strong> Agitar antes de usar. Una vez abierto, conservar en el frigor\u00edfico y utilizar r\u00e1pidamente. No se debe exceder la dosis diaria recomendada. Los complementos alimenticios no sustituyen a una dieta variada y equilibrada, lo cual es importante junto con un <a href=\"https:\/\/www.lraloeverashop.eu\/es\/producto\/aloe-vera-gel-bebible-immune-plus\/\">estilo de vida saludable<\/a>.<br \/>\nMantenga el producto fuera del alcance de los ni\u00f1os peque\u00f1os.<\/p>\n<p>&nbsp;<\/p>\n<h4><span style=\"font-size: 16pt;\"><strong>\u00bfLo sab\u00edas?<\/strong><\/span><\/h4>\n<p><span style=\"font-size: 14pt;\"><strong>En LR, la calidad se une a la competencia<\/strong><\/span><\/p>\n<p><strong>Calidad excepcionalmente alta<\/strong><br \/>\n\u00danicamente los Geles Bebibles de Aloe Vera de LR han obtenido el sello SGS INSTITUT FRESENIUS y el sello IASC por:<\/p>\n<p>\u2022 Producto de alta calidad: elaborado con gel puro de hoja de aloe vera, sin alo\u00edna*<br \/>\n\u2022 Cultivo sustentable en M\u00e9xico (Probado por IASC)<br \/>\n\u2022 Procesamiento cuidadoso<br \/>\n\u2022 altos est\u00e1ndares de producci\u00f3n<\/p>\n<p><strong>A\u00f1os de experiencia<\/strong><br \/>\nLos geles bebibles de aloe vera LR son sin\u00f3nimo de calidad made in Germany:<\/p>\n<p>\u2022 LR es experto en aloe vera desde hace m\u00e1s de 20 a\u00f1os<br \/>\n\u2022 Producci\u00f3n propia en una de las instalaciones de producci\u00f3n de aloe vera m\u00e1s modernas de Alemania.<br \/>\n\u2022 Cooperaci\u00f3n con expertos de renombre<\/p>\n<p><strong>No s\u00f3lo saludable, sino tambi\u00e9n delicioso.<\/strong><br \/>\nLos geles bebibles de aloe vera de LR no solo ofrecen apoyo en una amplia gama de situaciones, sino tambi\u00e9n en una amplia gama de sabores. Ya sea con una nota natural de <a href=\"https:\/\/www.lraloeverashop.eu\/es\/gel-bebible-aloe-vera-sivera\/\">ortiga<\/a> o con un agradable sabor a miel, aqu\u00ed hay algo para todos los gustos.<\/p>\n<p>El Aloe Vera Gel Bebible Acai Pro es un producto natural y con el tiempo el color del gel puede cambiar. Esto no tiene ning\u00fan impacto en la calidad.<\/p>\n","protected":false},"excerpt":{"rendered":"<ul>\n<li>Suplemento diet\u00e9tico con vitamina C y minerales.<\/li>\n<li><strong>Las 3 veces la protecci\u00f3n para tu verano:<\/strong> equilibrio electrol\u00edtico\u00b9, protecci\u00f3n solar\u00b2 y protecci\u00f3n de defensa\u00b3<\/li>\n<li><strong>Natural:<\/strong> 85% filete de hoja de Aloe Vera<\/li>\n<li><strong>Verano:<\/strong> Con a\u00e7a\u00ed, grosellas, frutos del bosque y miel<\/li>\n<li><strong>Calidad excepcional:<\/strong> fabricado en Alemania<\/li>\n<li>Contenido: 1000 ml<\/li>\n<\/ul>\n<p><span style=\"color: #ff0000;\"><a style=\"color: #ff0000;\" href=\"https:\/\/shop.lrworld.com\/openpao?PHP=0vFlt7jT938BEnBI3a6e9w%3D%3D\"><span style=\"font-size: 14pt;\"><strong>Reg\u00edstrate aqu\u00ed y ahorra 35% en cada compra<\/strong><\/span><\/a><\/span><\/p>\n","protected":false},"featured_media":14742,"comment_status":"open","ping_status":"closed","template":"","meta":{"_kad_blocks_custom_css":"","_kad_blocks_head_custom_js":"","_kad_blocks_body_custom_js":"","_kad_blocks_footer_custom_js":"","_kadence_starter_templates_imported_post":false,"_kad_post_transparent":"default","_kad_post_title":"","_kad_post_layout":"default","_kad_post_sidebar_id":"","_kad_post_content_style":"default","_kad_post_vertical_padding":"default","_kad_post_feature":"","_kad_post_feature_position":"","_kad_post_header":false,"_kad_post_footer":false,"_kad_post_classname":""},"product_brand":[],"product_cat":[403,469,296,421,439],"product_tag":[632],"class_list":{"0":"post-14768","1":"product","2":"type-product","3":"status-publish","4":"has-post-thumbnail","6":"product_cat-base-es","7":"product_cat-especialistas","8":"product_cat-geles-para-beber","9":"product_cat-huesos-articulaciones-y-musculos","10":"product_cat-intestinos-y-digestion","11":"product_tag-bebidas-de-desintoxicacion","13":"first","14":"instock","15":"taxable","16":"shipping-taxable","17":"purchasable","18":"product-type-simple","19":"entry","20":"content-bg","21":"loop-entry"},"yoast_head":"<!-- This site is optimized with the Yoast SEO Premium plugin v27.3 (Yoast SEO v27.3) - https:\/\/yoast.com\/product\/yoast-seo-premium-wordpress\/ -->\n<title>Aloe Vera Gel Bebible Acai con grosellas, frutos del bosque y miel<\/title>\n<meta name=\"description\" content=\"Aloe Vera Gel Bebible Acai es conocido por su contenido inusualmente alto de antioxidantes, as\u00ed como por numerosas vitaminas y minerales.\" \/>\n<meta name=\"robots\" content=\"index, follow, max-snippet:-1, max-image-preview:large, max-video-preview:-1\" \/>\n<link rel=\"canonical\" href=\"https:\/\/www.lraloeverashop.eu\/es\/producto\/aloe-vera-gel-bebible-acai-pro\/\" \/>\n<meta property=\"og:locale\" content=\"es_ES\" \/>\n<meta property=\"og:type\" content=\"article\" \/>\n<meta property=\"og:title\" content=\"Aloe Vera Gel Bebible Acai Pro\" \/>\n<meta property=\"og:description\" content=\"Aloe Vera Gel Bebible Acai es conocido por su contenido inusualmente alto de antioxidantes, as\u00ed como por numerosas vitaminas y minerales.\" \/>\n<meta property=\"og:url\" content=\"https:\/\/www.lraloeverashop.eu\/es\/producto\/aloe-vera-gel-bebible-acai-pro\/\" \/>\n<meta property=\"og:site_name\" content=\"Lr Tienda Aloe Vera\" \/>\n<meta property=\"article:publisher\" content=\"https:\/\/www.facebook.com\/lraloeverashop.eu\" \/>\n<meta property=\"article:modified_time\" content=\"2026-02-09T03:35:20+00:00\" \/>\n<meta property=\"og:image\" content=\"https:\/\/www.lraloeverashop.eu\/wp-content\/uploads\/2024\/04\/Aloe-Vera-Drinking-Gel-Acai.jpeg\" \/>\n\t<meta property=\"og:image:width\" content=\"1200\" \/>\n\t<meta property=\"og:image:height\" content=\"1200\" \/>\n\t<meta property=\"og:image:type\" content=\"image\/jpeg\" \/>\n<meta name=\"twitter:card\" content=\"summary_large_image\" \/>\n<meta name=\"twitter:site\" content=\"@natur__kosmetik\" \/>\n<script type=\"application\/ld+json\" class=\"yoast-schema-graph\">{\"@context\":\"https:\\\/\\\/schema.org\",\"@graph\":[{\"@type\":[\"WebPage\",\"ItemPage\"],\"@id\":\"https:\\\/\\\/www.lraloeverashop.eu\\\/es\\\/producto\\\/aloe-vera-gel-bebible-acai-pro\\\/\",\"url\":\"https:\\\/\\\/www.lraloeverashop.eu\\\/es\\\/producto\\\/aloe-vera-gel-bebible-acai-pro\\\/\",\"name\":\"Aloe Vera Gel Bebible Acai con grosellas, frutos del bosque y miel\",\"isPartOf\":{\"@id\":\"https:\\\/\\\/www.lraloeverashop.eu\\\/es\\\/#website\"},\"primaryImageOfPage\":{\"@id\":\"https:\\\/\\\/www.lraloeverashop.eu\\\/es\\\/producto\\\/aloe-vera-gel-bebible-acai-pro\\\/#primaryimage\"},\"image\":{\"@id\":\"https:\\\/\\\/www.lraloeverashop.eu\\\/es\\\/producto\\\/aloe-vera-gel-bebible-acai-pro\\\/#primaryimage\"},\"thumbnailUrl\":\"https:\\\/\\\/www.lraloeverashop.eu\\\/wp-content\\\/uploads\\\/2024\\\/04\\\/Aloe-Vera-Drinking-Gel-Acai.jpeg\",\"datePublished\":\"2024-04-21T13:19:37+00:00\",\"dateModified\":\"2026-02-09T03:35:20+00:00\",\"description\":\"Aloe Vera Gel Bebible Acai es conocido por su contenido inusualmente alto de antioxidantes, as\u00ed como por numerosas vitaminas y minerales.\",\"breadcrumb\":{\"@id\":\"https:\\\/\\\/www.lraloeverashop.eu\\\/es\\\/producto\\\/aloe-vera-gel-bebible-acai-pro\\\/#breadcrumb\"},\"inLanguage\":\"es\",\"potentialAction\":[{\"@type\":\"ReadAction\",\"target\":[\"https:\\\/\\\/www.lraloeverashop.eu\\\/es\\\/producto\\\/aloe-vera-gel-bebible-acai-pro\\\/\"]}]},{\"@type\":\"ImageObject\",\"inLanguage\":\"es\",\"@id\":\"https:\\\/\\\/www.lraloeverashop.eu\\\/es\\\/producto\\\/aloe-vera-gel-bebible-acai-pro\\\/#primaryimage\",\"url\":\"https:\\\/\\\/www.lraloeverashop.eu\\\/wp-content\\\/uploads\\\/2024\\\/04\\\/Aloe-Vera-Drinking-Gel-Acai.jpeg\",\"contentUrl\":\"https:\\\/\\\/www.lraloeverashop.eu\\\/wp-content\\\/uploads\\\/2024\\\/04\\\/Aloe-Vera-Drinking-Gel-Acai.jpeg\",\"width\":1200,\"height\":1200,\"caption\":\"Aloe Vera Gel Bebible Acai Pro con grosellas, frutos del bosque y miel\"},{\"@type\":\"BreadcrumbList\",\"@id\":\"https:\\\/\\\/www.lraloeverashop.eu\\\/es\\\/producto\\\/aloe-vera-gel-bebible-acai-pro\\\/#breadcrumb\",\"itemListElement\":[{\"@type\":\"ListItem\",\"position\":1,\"name\":\"Home\",\"item\":\"https:\\\/\\\/www.lraloeverashop.eu\\\/es\\\/\"},{\"@type\":\"ListItem\",\"position\":2,\"name\":\"Tienda\",\"item\":\"https:\\\/\\\/www.lraloeverashop.eu\\\/es\\\/tienda\\\/\"},{\"@type\":\"ListItem\",\"position\":3,\"name\":\"Aloe Vera Gel Bebible Acai Pro\"}]},{\"@type\":\"WebSite\",\"@id\":\"https:\\\/\\\/www.lraloeverashop.eu\\\/es\\\/#website\",\"url\":\"https:\\\/\\\/www.lraloeverashop.eu\\\/es\\\/\",\"name\":\"Lr Tienda Aloe Vera\",\"description\":\"High Quality Lr Aloe Vera Gel, Aloe Vera Cream and Shampoo\",\"publisher\":{\"@id\":\"https:\\\/\\\/www.lraloeverashop.eu\\\/es\\\/#organization\"},\"potentialAction\":[{\"@type\":\"SearchAction\",\"target\":{\"@type\":\"EntryPoint\",\"urlTemplate\":\"https:\\\/\\\/www.lraloeverashop.eu\\\/es\\\/?s={search_term_string}\"},\"query-input\":{\"@type\":\"PropertyValueSpecification\",\"valueRequired\":true,\"valueName\":\"search_term_string\"}}],\"inLanguage\":\"es\"},{\"@type\":\"Organization\",\"@id\":\"https:\\\/\\\/www.lraloeverashop.eu\\\/es\\\/#organization\",\"name\":\"Lr Tienda Aloe Vera\",\"alternateName\":\"LR\",\"url\":\"https:\\\/\\\/www.lraloeverashop.eu\\\/es\\\/\",\"logo\":{\"@type\":\"ImageObject\",\"inLanguage\":\"es\",\"@id\":\"https:\\\/\\\/www.lraloeverashop.eu\\\/es\\\/#\\\/schema\\\/logo\\\/image\\\/\",\"url\":\"https:\\\/\\\/www.lraloeverashop.eu\\\/wp-content\\\/uploads\\\/2022\\\/09\\\/cropped-Lr-Aloe-Vera-Shop.jpg\",\"contentUrl\":\"https:\\\/\\\/www.lraloeverashop.eu\\\/wp-content\\\/uploads\\\/2022\\\/09\\\/cropped-Lr-Aloe-Vera-Shop.jpg\",\"width\":228,\"height\":76,\"caption\":\"Lr Tienda Aloe Vera\"},\"image\":{\"@id\":\"https:\\\/\\\/www.lraloeverashop.eu\\\/es\\\/#\\\/schema\\\/logo\\\/image\\\/\"},\"sameAs\":[\"https:\\\/\\\/www.facebook.com\\\/lraloeverashop.eu\",\"https:\\\/\\\/x.com\\\/natur__kosmetik\",\"https:\\\/\\\/www.youtube.com\\\/channel\\\/UC5oN7BJ8nfYb8RpVtjwDEBA\",\"https:\\\/\\\/www.instagram.com\\\/lrbeautyeu\\\/\"]}]}<\/script>\n<meta property=\"product:price:amount\" content=\"45.79\" \/>\n<meta property=\"product:price:currency\" content=\"EUR\" \/>\n<meta property=\"og:availability\" content=\"instock\" \/>\n<meta property=\"product:availability\" content=\"instock\" \/>\n<meta property=\"product:retailer_item_id\" content=\"80850-480ES-1\" \/>\n<meta property=\"product:condition\" content=\"new\" \/>\n<!-- \/ Yoast SEO Premium plugin. -->","yoast_head_json":{"title":"Aloe Vera Gel Bebible Acai con grosellas, frutos del bosque y miel","description":"Aloe Vera Gel Bebible Acai es conocido por su contenido inusualmente alto de antioxidantes, as\u00ed como por numerosas vitaminas y minerales.","robots":{"index":"index","follow":"follow","max-snippet":"max-snippet:-1","max-image-preview":"max-image-preview:large","max-video-preview":"max-video-preview:-1"},"canonical":"https:\/\/www.lraloeverashop.eu\/es\/producto\/aloe-vera-gel-bebible-acai-pro\/","og_locale":"es_ES","og_type":"article","og_title":"Aloe Vera Gel Bebible Acai Pro","og_description":"Aloe Vera Gel Bebible Acai es conocido por su contenido inusualmente alto de antioxidantes, as\u00ed como por numerosas vitaminas y minerales.","og_url":"https:\/\/www.lraloeverashop.eu\/es\/producto\/aloe-vera-gel-bebible-acai-pro\/","og_site_name":"Lr Tienda Aloe Vera","article_publisher":"https:\/\/www.facebook.com\/lraloeverashop.eu","article_modified_time":"2026-02-09T03:35:20+00:00","og_image":[{"width":1200,"height":1200,"url":"https:\/\/www.lraloeverashop.eu\/wp-content\/uploads\/2024\/04\/Aloe-Vera-Drinking-Gel-Acai.jpeg","type":"image\/jpeg"}],"twitter_card":"summary_large_image","twitter_site":"@natur__kosmetik","schema":{"@context":"https:\/\/schema.org","@graph":[{"@type":["WebPage","ItemPage"],"@id":"https:\/\/www.lraloeverashop.eu\/es\/producto\/aloe-vera-gel-bebible-acai-pro\/","url":"https:\/\/www.lraloeverashop.eu\/es\/producto\/aloe-vera-gel-bebible-acai-pro\/","name":"Aloe Vera Gel Bebible Acai con grosellas, frutos del bosque y miel","isPartOf":{"@id":"https:\/\/www.lraloeverashop.eu\/es\/#website"},"primaryImageOfPage":{"@id":"https:\/\/www.lraloeverashop.eu\/es\/producto\/aloe-vera-gel-bebible-acai-pro\/#primaryimage"},"image":{"@id":"https:\/\/www.lraloeverashop.eu\/es\/producto\/aloe-vera-gel-bebible-acai-pro\/#primaryimage"},"thumbnailUrl":"https:\/\/www.lraloeverashop.eu\/wp-content\/uploads\/2024\/04\/Aloe-Vera-Drinking-Gel-Acai.jpeg","datePublished":"2024-04-21T13:19:37+00:00","dateModified":"2026-02-09T03:35:20+00:00","description":"Aloe Vera Gel Bebible Acai es conocido por su contenido inusualmente alto de antioxidantes, as\u00ed como por numerosas vitaminas y minerales.","breadcrumb":{"@id":"https:\/\/www.lraloeverashop.eu\/es\/producto\/aloe-vera-gel-bebible-acai-pro\/#breadcrumb"},"inLanguage":"es","potentialAction":[{"@type":"ReadAction","target":["https:\/\/www.lraloeverashop.eu\/es\/producto\/aloe-vera-gel-bebible-acai-pro\/"]}]},{"@type":"ImageObject","inLanguage":"es","@id":"https:\/\/www.lraloeverashop.eu\/es\/producto\/aloe-vera-gel-bebible-acai-pro\/#primaryimage","url":"https:\/\/www.lraloeverashop.eu\/wp-content\/uploads\/2024\/04\/Aloe-Vera-Drinking-Gel-Acai.jpeg","contentUrl":"https:\/\/www.lraloeverashop.eu\/wp-content\/uploads\/2024\/04\/Aloe-Vera-Drinking-Gel-Acai.jpeg","width":1200,"height":1200,"caption":"Aloe Vera Gel Bebible Acai Pro con grosellas, frutos del bosque y miel"},{"@type":"BreadcrumbList","@id":"https:\/\/www.lraloeverashop.eu\/es\/producto\/aloe-vera-gel-bebible-acai-pro\/#breadcrumb","itemListElement":[{"@type":"ListItem","position":1,"name":"Home","item":"https:\/\/www.lraloeverashop.eu\/es\/"},{"@type":"ListItem","position":2,"name":"Tienda","item":"https:\/\/www.lraloeverashop.eu\/es\/tienda\/"},{"@type":"ListItem","position":3,"name":"Aloe Vera Gel Bebible Acai Pro"}]},{"@type":"WebSite","@id":"https:\/\/www.lraloeverashop.eu\/es\/#website","url":"https:\/\/www.lraloeverashop.eu\/es\/","name":"Lr Tienda Aloe Vera","description":"High Quality Lr Aloe Vera Gel, Aloe Vera Cream and Shampoo","publisher":{"@id":"https:\/\/www.lraloeverashop.eu\/es\/#organization"},"potentialAction":[{"@type":"SearchAction","target":{"@type":"EntryPoint","urlTemplate":"https:\/\/www.lraloeverashop.eu\/es\/?s={search_term_string}"},"query-input":{"@type":"PropertyValueSpecification","valueRequired":true,"valueName":"search_term_string"}}],"inLanguage":"es"},{"@type":"Organization","@id":"https:\/\/www.lraloeverashop.eu\/es\/#organization","name":"Lr Tienda Aloe Vera","alternateName":"LR","url":"https:\/\/www.lraloeverashop.eu\/es\/","logo":{"@type":"ImageObject","inLanguage":"es","@id":"https:\/\/www.lraloeverashop.eu\/es\/#\/schema\/logo\/image\/","url":"https:\/\/www.lraloeverashop.eu\/wp-content\/uploads\/2022\/09\/cropped-Lr-Aloe-Vera-Shop.jpg","contentUrl":"https:\/\/www.lraloeverashop.eu\/wp-content\/uploads\/2022\/09\/cropped-Lr-Aloe-Vera-Shop.jpg","width":228,"height":76,"caption":"Lr Tienda Aloe Vera"},"image":{"@id":"https:\/\/www.lraloeverashop.eu\/es\/#\/schema\/logo\/image\/"},"sameAs":["https:\/\/www.facebook.com\/lraloeverashop.eu","https:\/\/x.com\/natur__kosmetik","https:\/\/www.youtube.com\/channel\/UC5oN7BJ8nfYb8RpVtjwDEBA","https:\/\/www.instagram.com\/lrbeautyeu\/"]}]},"product_price_amount":"45.79","product_price_currency":"EUR","og_availability":"instock","product_availability":"instock","product_retailer_item_id":"80850-480ES-1","product_condition":"new"},"taxonomy_info":{"product_cat":[{"value":403,"label":"Base"},{"value":469,"label":"Especialistas"},{"value":296,"label":"Geles Para Beber Aloe Vera"},{"value":421,"label":"Huesos, Articulaciones y M\u00fasculos"},{"value":439,"label":"Intestinos y Digesti\u00f3n"}],"product_tag":[{"value":632,"label":"Bebidas de desintoxicaci\u00f3n"}]},"featured_image_src_large":["https:\/\/www.lraloeverashop.eu\/wp-content\/uploads\/2024\/04\/Aloe-Vera-Drinking-Gel-Acai-1024x1024.jpeg",1024,1024,true],"author_info":[],"comment_info":0,"_links":{"self":[{"href":"https:\/\/www.lraloeverashop.eu\/es\/wp-json\/wp\/v2\/product\/14768","targetHints":{"allow":["GET"]}}],"collection":[{"href":"https:\/\/www.lraloeverashop.eu\/es\/wp-json\/wp\/v2\/product"}],"about":[{"href":"https:\/\/www.lraloeverashop.eu\/es\/wp-json\/wp\/v2\/types\/product"}],"replies":[{"embeddable":true,"href":"https:\/\/www.lraloeverashop.eu\/es\/wp-json\/wp\/v2\/comments?post=14768"}],"wp:featuredmedia":[{"embeddable":true,"href":"https:\/\/www.lraloeverashop.eu\/es\/wp-json\/wp\/v2\/media\/14742"}],"wp:attachment":[{"href":"https:\/\/www.lraloeverashop.eu\/es\/wp-json\/wp\/v2\/media?parent=14768"}],"wp:term":[{"taxonomy":"product_brand","embeddable":true,"href":"https:\/\/www.lraloeverashop.eu\/es\/wp-json\/wp\/v2\/product_brand?post=14768"},{"taxonomy":"product_cat","embeddable":true,"href":"https:\/\/www.lraloeverashop.eu\/es\/wp-json\/wp\/v2\/product_cat?post=14768"},{"taxonomy":"product_tag","embeddable":true,"href":"https:\/\/www.lraloeverashop.eu\/es\/wp-json\/wp\/v2\/product_tag?post=14768"}],"curies":[{"name":"wp","href":"https:\/\/api.w.org\/{rel}","templated":true}]}}