{"id":13720,"date":"2023-11-01T06:28:15","date_gmt":"2023-11-01T05:28:15","guid":{"rendered":"https:\/\/www.lraloeverashop.eu\/?post_type=product&#038;p=13720"},"modified":"2026-02-09T04:36:22","modified_gmt":"2026-02-09T03:36:22","slug":"gel-bebible-sivera-2-bottelas-oferta-limitada","status":"publish","type":"product","link":"https:\/\/www.lraloeverashop.eu\/es\/producto\/gel-bebible-sivera-2-bottelas-oferta-limitada\/","title":{"rendered":"Gel Bebible Sivera 2 Bottelas Oferta limitada"},"content":{"rendered":"<h2><span style=\"font-size: 16pt;\"><strong>Gel Bebible Sivera 2 Botellas Oferta limitada<\/strong><\/span><\/h2>\n<p><span style=\"font-size: 14pt;\"><strong>Gel Bebible Sivera Set 2 Botellas Con 90% de aloe vera Oferta limitada<\/strong><\/span><\/p>\n<p>Gel Bebible Sivera combina las cualidades positivas de Aloe Vera con extracto de ortiga natural. El aloe vera se considera nuestra planta desintoxicante m\u00e1s importante para la purificaci\u00f3n de la sangre y el metabolismo urinario, la digesti\u00f3n y la excreci\u00f3n.<\/p>\n<p>Gel Bebible Sivera con ortiga es una fuente de vitamina A, C, E, hierro, magnesio, calcio, histamina y lute\u00edna. El silicio es el segundo elemento m\u00e1s extendido en el mundo despu\u00e9s del ox\u00edgeno. En general, tenemos una falta de silicio en nuestra dieta. El contenido de silicio del suelo ha disminuido al menos un 80% en los \u00faltimos 20 a\u00f1os.<\/p>\n<p>Sivera contiene monometilsilano trivalente. El silicio es capaz de retener l\u00edquido en la c\u00e9lula, protege la piel de la flacidez, es un componente importante de todos los m\u00fasculos, tendones, cart\u00edlagos, huesos, ligamentos, <a href=\"https:\/\/www.lraloeverashop.eu\/es\/bebida-de-aloe-vera-de-lr-health-beauty\/\">paredes vasculares y col\u00e1geno<\/a> en la piel. Est\u00e1 endulzado con 7% de <a href=\"https:\/\/www.lraloeverashop.eu\/es\/gel-bebible-aloe-vera-miel-90\/\">miel de n\u00e9ctar<\/a>.<\/p>\n<div class=\"entry-content-asset videofit\"><iframe loading=\"lazy\" title=\"Efectos de Aloe Vera Gel Bebible Sivera\" width=\"720\" height=\"405\" src=\"https:\/\/www.youtube.com\/embed\/Am2AEByfuX0?feature=oembed\" frameborder=\"0\" allow=\"accelerometer; autoplay; clipboard-write; encrypted-media; gyroscope; picture-in-picture; web-share\" referrerpolicy=\"strict-origin-when-cross-origin\" allowfullscreen><\/iframe><\/div>\n<h3><strong><span style=\"font-size: 16pt;\">Efectos<\/span><\/strong><\/h3>\n<ul>\n<li>Gel Bebible Sivera se recomienda para todos en sus cuarentas<\/li>\n<li>Desintoxica, modula la inmunidad y regenera el cuerpo.<\/li>\n<li>Reduce el colesterol LDL y los niveles de grasa.<\/li>\n<li>Reduce el az\u00facar en la sangre.<\/li>\n<li>Compara &#8211; modula la <a href=\"https:\/\/es.wikipedia.org\/wiki\/Presi%C3%B3n_sangu%C3%ADnea\">presi\u00f3n arterial<\/a>.<\/li>\n<li>Debido al contenido de histamina m\u00e1s efectivo para las personas al\u00e9rgicas<\/li>\n<li>Dondequiera que haya problemas con la elasticidad de la pared vascular (venas varicosas, hemorroides, escobas, hematomas grandes, ros\u00e1cea, sangrado de las enc\u00edas)<\/li>\n<li>una preparaci\u00f3n efectiva para enfermedades cardiovasculares, aterosclerosis<\/li>\n<li>En el glaucoma (presi\u00f3n intraocular), todo tipo funciona aqu\u00ed, pero <a href=\"https:\/\/www.lraloeverashop.eu\/es\/gel-bebible-aloe-vera-sivera\/\">Sivera<\/a> tiene los efectos m\u00e1s r\u00e1pidos sobre los problemas de visi\u00f3n.<\/li>\n<li>En personas con una carga gen\u00e9tica de trombosis<span style=\"color: #ff0000;\"><strong> (no recomendado para pacientes que toman warfarina, un anticoagulante)<\/strong><\/span>, la vitamina K que contiene gel Sivera reducir\u00eda el efecto del medicamento. \u00a1Se recomiendan los otros 3 tipos de geles de Aloe Vera!<\/li>\n<li>para ni\u00f1os en crecimiento (especialmente ni\u00f1os en la adolescencia si crecen bruscamente y tienen dolores de crecimiento)<\/li>\n<li>para fines cosm\u00e9ticos (para una mejor piel, piel, cabello, u\u00f1as)<\/li>\n<li>para m\u00fasculos, tendones, discos intervertebrales (se pueden reemplazar con Freedom)<br \/>\nen osteoporosis, debe cambiar a Aloe Vera Gel Bebible Freedom<\/li>\n<\/ul>\n<p>&nbsp;<\/p>\n<h4><span style=\"font-size: 16pt;\"><strong>El consumo recomendado de Gel Bebible Sivera<\/strong><\/span><\/h4>\n<p>30 ml de Aloe Vera Sivera 3 veces al d\u00eda, preferiblemente antes de las comidas (si es necesario, diluir con agua o zumo de fruta). Agite bien antes de usar.<\/p>\n<p>Idea de la receta: pruebe el gel para beber Aloe Vera Sivera con un vaso de jugo de naranja o mezcle el gel en un batido reci\u00e9n mezclado con muchas frutas y verduras saludables.<\/p>\n<p>Agite bien Gel Bebible Sivera antes de usar. Conservar en el frigor\u00edfico despu\u00e9s de abrir y consumir r\u00e1pidamente. No se debe exceder la dosis diaria recomendada. Los suplementos diet\u00e9ticos no sustituyen una dieta variada y equilibrada, que es importante junto con un estilo de vida saludable. Mantenga el producto fuera del alcance de los ni\u00f1os peque\u00f1os<\/p>\n<p>&nbsp;<\/p>\n<p><strong>El Gel Bebible Sivera no tiene un producto equivalente en el mercado que sea superado por sus efectos.<\/strong><\/p>\n<p>La investigaci\u00f3n cient\u00edfica es la base de conceptos innovadores de productos. Es por eso que LR invierte mucho tiempo y dinero para mantenerse al d\u00eda en ciencia e investigaci\u00f3n. <a href=\"https:\/\/www.lraloeverashop.eu\/es\/producto\/lr-aloe-vera-gel-bebible-sivera\/\">Lr Bebida Aloe Vera Sivera<\/a> es solo un ejemplo de c\u00f3mo Lr combina valiosos ingredientes naturales y produce productos de Aloe Vera de la m\u00e1s alta calidad para usted.<\/p>\n","protected":false},"excerpt":{"rendered":"<ul>\n<li><span style=\"color: #ff0000;\"><strong>Oferta limitada<\/strong><\/span><\/li>\n<li>90% Gel de hoja de Aloe Vera pura<\/li>\n<li>7% Miel de Flores<\/li>\n<li>Afecta la calidad de la piel, las u\u00f1as y el cabello<\/li>\n<li>Con extracto de ortiga para un alto contenido de silicio natural<\/li>\n<li>Contenido: 2 x 1000 ml<\/li>\n<\/ul>\n<p><span style=\"color: #ff0000;\"><a style=\"color: #ff0000;\" href=\"https:\/\/shop.lrworld.com\/openpao?PHP=0vFlt7jT938BEnBI3a6e9w%3D%3D\"><span style=\"font-size: 14pt;\"><strong>Reg\u00edstrate aqu\u00ed y ahorra 35% en cada compra<\/strong><\/span><\/a><\/span><\/p>\n","protected":false},"featured_media":13729,"comment_status":"open","ping_status":"closed","template":"","meta":{"_kad_blocks_custom_css":"","_kad_blocks_head_custom_js":"","_kad_blocks_body_custom_js":"","_kad_blocks_footer_custom_js":"","_kadence_starter_templates_imported_post":false,"_kad_post_transparent":"default","_kad_post_title":"","_kad_post_layout":"default","_kad_post_sidebar_id":"","_kad_post_content_style":"default","_kad_post_vertical_padding":"default","_kad_post_feature":"","_kad_post_feature_position":"","_kad_post_header":false,"_kad_post_footer":false,"_kad_post_classname":""},"product_brand":[],"product_cat":[458,403,427,469,296,439,356],"product_tag":[632],"class_list":{"0":"post-13720","1":"product","2":"type-product","3":"status-publish","4":"has-post-thumbnail","6":"product_cat-ahorra-en-los-sets","7":"product_cat-base-es","8":"product_cat-corazon-y-circulacion","9":"product_cat-especialistas","10":"product_cat-geles-para-beber","11":"product_cat-intestinos-y-digestion","12":"product_cat-ventas","13":"product_tag-bebidas-de-desintoxicacion","15":"first","16":"instock","17":"sale","18":"taxable","19":"shipping-taxable","20":"purchasable","21":"product-type-simple","22":"entry","23":"content-bg","24":"loop-entry"},"yoast_head":"<!-- This site is optimized with the Yoast SEO Premium plugin v27.4 (Yoast SEO v27.4) - https:\/\/yoast.com\/product\/yoast-seo-premium-wordpress\/ -->\n<title>Gel Bebible Sivera 2 Botellas con 90% Aloe Vera. Oferta limitada<\/title>\n<meta name=\"description\" content=\"Pruebe Gel Bebible Sivera con un vaso de jugo de naranja o mezcle el gel en un batido reci\u00e9n mezclado con muchas frutas y verduras saludables.\" \/>\n<meta name=\"robots\" content=\"index, follow, max-snippet:-1, max-image-preview:large, max-video-preview:-1\" \/>\n<link rel=\"canonical\" href=\"https:\/\/www.lraloeverashop.eu\/es\/producto\/gel-bebible-sivera-2-bottelas-oferta-limitada\/\" \/>\n<meta property=\"og:locale\" content=\"es_ES\" \/>\n<meta property=\"og:type\" content=\"article\" \/>\n<meta property=\"og:title\" content=\"Gel Bebible Sivera 2 Bottelas Oferta limitada\" \/>\n<meta property=\"og:description\" content=\"Pruebe Gel Bebible Sivera con un vaso de jugo de naranja o mezcle el gel en un batido reci\u00e9n mezclado con muchas frutas y verduras saludables.\" \/>\n<meta property=\"og:url\" content=\"https:\/\/www.lraloeverashop.eu\/es\/producto\/gel-bebible-sivera-2-bottelas-oferta-limitada\/\" \/>\n<meta property=\"og:site_name\" content=\"Lr Tienda Aloe Vera\" \/>\n<meta property=\"article:publisher\" content=\"https:\/\/www.facebook.com\/lraloeverashop.eu\" \/>\n<meta property=\"article:modified_time\" content=\"2026-02-09T03:36:22+00:00\" \/>\n<meta property=\"og:image\" content=\"https:\/\/www.lraloeverashop.eu\/wp-content\/uploads\/2023\/11\/Drinking-gel-sivera-2-er-set-limited.jpg\" \/>\n\t<meta property=\"og:image:width\" content=\"1200\" \/>\n\t<meta property=\"og:image:height\" content=\"1200\" \/>\n\t<meta property=\"og:image:type\" content=\"image\/jpeg\" \/>\n<meta name=\"twitter:card\" content=\"summary_large_image\" \/>\n<meta name=\"twitter:site\" content=\"@natur__kosmetik\" \/>\n<script type=\"application\/ld+json\" class=\"yoast-schema-graph\">{\"@context\":\"https:\\\/\\\/schema.org\",\"@graph\":[{\"@type\":[\"WebPage\",\"ItemPage\"],\"@id\":\"https:\\\/\\\/www.lraloeverashop.eu\\\/es\\\/producto\\\/gel-bebible-sivera-2-bottelas-oferta-limitada\\\/\",\"url\":\"https:\\\/\\\/www.lraloeverashop.eu\\\/es\\\/producto\\\/gel-bebible-sivera-2-bottelas-oferta-limitada\\\/\",\"name\":\"Gel Bebible Sivera 2 Botellas con 90% Aloe Vera. Oferta limitada\",\"isPartOf\":{\"@id\":\"https:\\\/\\\/www.lraloeverashop.eu\\\/es\\\/#website\"},\"primaryImageOfPage\":{\"@id\":\"https:\\\/\\\/www.lraloeverashop.eu\\\/es\\\/producto\\\/gel-bebible-sivera-2-bottelas-oferta-limitada\\\/#primaryimage\"},\"image\":{\"@id\":\"https:\\\/\\\/www.lraloeverashop.eu\\\/es\\\/producto\\\/gel-bebible-sivera-2-bottelas-oferta-limitada\\\/#primaryimage\"},\"thumbnailUrl\":\"https:\\\/\\\/www.lraloeverashop.eu\\\/wp-content\\\/uploads\\\/2023\\\/11\\\/Drinking-gel-sivera-2-er-set-limited.jpg\",\"datePublished\":\"2023-11-01T05:28:15+00:00\",\"dateModified\":\"2026-02-09T03:36:22+00:00\",\"description\":\"Pruebe Gel Bebible Sivera con un vaso de jugo de naranja o mezcle el gel en un batido reci\u00e9n mezclado con muchas frutas y verduras saludables.\",\"breadcrumb\":{\"@id\":\"https:\\\/\\\/www.lraloeverashop.eu\\\/es\\\/producto\\\/gel-bebible-sivera-2-bottelas-oferta-limitada\\\/#breadcrumb\"},\"inLanguage\":\"es\",\"potentialAction\":[{\"@type\":\"ReadAction\",\"target\":[\"https:\\\/\\\/www.lraloeverashop.eu\\\/es\\\/producto\\\/gel-bebible-sivera-2-bottelas-oferta-limitada\\\/\"]}]},{\"@type\":\"ImageObject\",\"inLanguage\":\"es\",\"@id\":\"https:\\\/\\\/www.lraloeverashop.eu\\\/es\\\/producto\\\/gel-bebible-sivera-2-bottelas-oferta-limitada\\\/#primaryimage\",\"url\":\"https:\\\/\\\/www.lraloeverashop.eu\\\/wp-content\\\/uploads\\\/2023\\\/11\\\/Drinking-gel-sivera-2-er-set-limited.jpg\",\"contentUrl\":\"https:\\\/\\\/www.lraloeverashop.eu\\\/wp-content\\\/uploads\\\/2023\\\/11\\\/Drinking-gel-sivera-2-er-set-limited.jpg\",\"width\":1200,\"height\":1200,\"caption\":\"Drinking gel sivera 2 er set limited\"},{\"@type\":\"BreadcrumbList\",\"@id\":\"https:\\\/\\\/www.lraloeverashop.eu\\\/es\\\/producto\\\/gel-bebible-sivera-2-bottelas-oferta-limitada\\\/#breadcrumb\",\"itemListElement\":[{\"@type\":\"ListItem\",\"position\":1,\"name\":\"Home\",\"item\":\"https:\\\/\\\/www.lraloeverashop.eu\\\/es\\\/\"},{\"@type\":\"ListItem\",\"position\":2,\"name\":\"Tienda\",\"item\":\"https:\\\/\\\/www.lraloeverashop.eu\\\/es\\\/tienda\\\/\"},{\"@type\":\"ListItem\",\"position\":3,\"name\":\"Gel Bebible Sivera 2 Bottelas Oferta limitada\"}]},{\"@type\":\"WebSite\",\"@id\":\"https:\\\/\\\/www.lraloeverashop.eu\\\/es\\\/#website\",\"url\":\"https:\\\/\\\/www.lraloeverashop.eu\\\/es\\\/\",\"name\":\"Lr Tienda Aloe Vera\",\"description\":\"High Quality Lr Aloe Vera Gel, Aloe Vera Cream and Shampoo\",\"publisher\":{\"@id\":\"https:\\\/\\\/www.lraloeverashop.eu\\\/es\\\/#organization\"},\"potentialAction\":[{\"@type\":\"SearchAction\",\"target\":{\"@type\":\"EntryPoint\",\"urlTemplate\":\"https:\\\/\\\/www.lraloeverashop.eu\\\/es\\\/?s={search_term_string}\"},\"query-input\":{\"@type\":\"PropertyValueSpecification\",\"valueRequired\":true,\"valueName\":\"search_term_string\"}}],\"inLanguage\":\"es\"},{\"@type\":\"Organization\",\"@id\":\"https:\\\/\\\/www.lraloeverashop.eu\\\/es\\\/#organization\",\"name\":\"Lr Tienda Aloe Vera\",\"alternateName\":\"LR\",\"url\":\"https:\\\/\\\/www.lraloeverashop.eu\\\/es\\\/\",\"logo\":{\"@type\":\"ImageObject\",\"inLanguage\":\"es\",\"@id\":\"https:\\\/\\\/www.lraloeverashop.eu\\\/es\\\/#\\\/schema\\\/logo\\\/image\\\/\",\"url\":\"https:\\\/\\\/www.lraloeverashop.eu\\\/wp-content\\\/uploads\\\/2022\\\/09\\\/cropped-Lr-Aloe-Vera-Shop.jpg\",\"contentUrl\":\"https:\\\/\\\/www.lraloeverashop.eu\\\/wp-content\\\/uploads\\\/2022\\\/09\\\/cropped-Lr-Aloe-Vera-Shop.jpg\",\"width\":228,\"height\":76,\"caption\":\"Lr Tienda Aloe Vera\"},\"image\":{\"@id\":\"https:\\\/\\\/www.lraloeverashop.eu\\\/es\\\/#\\\/schema\\\/logo\\\/image\\\/\"},\"sameAs\":[\"https:\\\/\\\/www.facebook.com\\\/lraloeverashop.eu\",\"https:\\\/\\\/x.com\\\/natur__kosmetik\",\"https:\\\/\\\/www.youtube.com\\\/channel\\\/UC5oN7BJ8nfYb8RpVtjwDEBA\",\"https:\\\/\\\/www.instagram.com\\\/lrbeautyeu\\\/\"],\"description\":\"La tienda Lr Aloe Vera es tu destino de confianza para productos premium de salud y belleza LR, fabricados en Alemania. Ofrecemos soluciones de alta calidad para el cuidado de la piel, nutrici\u00f3n y antienvejecimiento con Aloe Vera, elaboradas con ingredientes puros y respaldadas por investigaci\u00f3n cient\u00edfica. Descubre un cuidado natural que regenera, protege y revitaliza tu piel, y disfruta de ofertas mensuales exclusivas en nuestros productos LR Aloe Vera m\u00e1s vendidos.\\n\\nComienza hoy mismo tu camino hacia el cuidado natural de la piel y siente la diferencia.\",\"email\":\"info@lraloeverashop.eu\",\"telephone\":\"+49 17670609653\",\"legalName\":\"Lr Aloe Vera Shop\",\"foundingDate\":\"2018-04-21\",\"numberOfEmployees\":{\"@type\":\"QuantitativeValue\",\"minValue\":\"1\",\"maxValue\":\"10\"}}]}<\/script>\n<meta property=\"product:price:amount\" content=\"86.99\" \/>\n<meta property=\"product:price:currency\" content=\"EUR\" \/>\n<meta property=\"og:availability\" content=\"instock\" \/>\n<meta property=\"product:availability\" content=\"instock\" \/>\n<meta property=\"product:retailer_item_id\" content=\"80802-781ES\" \/>\n<meta property=\"product:condition\" content=\"new\" \/>\n<!-- \/ Yoast SEO Premium plugin. -->","yoast_head_json":{"title":"Gel Bebible Sivera 2 Botellas con 90% Aloe Vera. Oferta limitada","description":"Pruebe Gel Bebible Sivera con un vaso de jugo de naranja o mezcle el gel en un batido reci\u00e9n mezclado con muchas frutas y verduras saludables.","robots":{"index":"index","follow":"follow","max-snippet":"max-snippet:-1","max-image-preview":"max-image-preview:large","max-video-preview":"max-video-preview:-1"},"canonical":"https:\/\/www.lraloeverashop.eu\/es\/producto\/gel-bebible-sivera-2-bottelas-oferta-limitada\/","og_locale":"es_ES","og_type":"article","og_title":"Gel Bebible Sivera 2 Bottelas Oferta limitada","og_description":"Pruebe Gel Bebible Sivera con un vaso de jugo de naranja o mezcle el gel en un batido reci\u00e9n mezclado con muchas frutas y verduras saludables.","og_url":"https:\/\/www.lraloeverashop.eu\/es\/producto\/gel-bebible-sivera-2-bottelas-oferta-limitada\/","og_site_name":"Lr Tienda Aloe Vera","article_publisher":"https:\/\/www.facebook.com\/lraloeverashop.eu","article_modified_time":"2026-02-09T03:36:22+00:00","og_image":[{"width":1200,"height":1200,"url":"https:\/\/www.lraloeverashop.eu\/wp-content\/uploads\/2023\/11\/Drinking-gel-sivera-2-er-set-limited.jpg","type":"image\/jpeg"}],"twitter_card":"summary_large_image","twitter_site":"@natur__kosmetik","schema":{"@context":"https:\/\/schema.org","@graph":[{"@type":["WebPage","ItemPage"],"@id":"https:\/\/www.lraloeverashop.eu\/es\/producto\/gel-bebible-sivera-2-bottelas-oferta-limitada\/","url":"https:\/\/www.lraloeverashop.eu\/es\/producto\/gel-bebible-sivera-2-bottelas-oferta-limitada\/","name":"Gel Bebible Sivera 2 Botellas con 90% Aloe Vera. Oferta limitada","isPartOf":{"@id":"https:\/\/www.lraloeverashop.eu\/es\/#website"},"primaryImageOfPage":{"@id":"https:\/\/www.lraloeverashop.eu\/es\/producto\/gel-bebible-sivera-2-bottelas-oferta-limitada\/#primaryimage"},"image":{"@id":"https:\/\/www.lraloeverashop.eu\/es\/producto\/gel-bebible-sivera-2-bottelas-oferta-limitada\/#primaryimage"},"thumbnailUrl":"https:\/\/www.lraloeverashop.eu\/wp-content\/uploads\/2023\/11\/Drinking-gel-sivera-2-er-set-limited.jpg","datePublished":"2023-11-01T05:28:15+00:00","dateModified":"2026-02-09T03:36:22+00:00","description":"Pruebe Gel Bebible Sivera con un vaso de jugo de naranja o mezcle el gel en un batido reci\u00e9n mezclado con muchas frutas y verduras saludables.","breadcrumb":{"@id":"https:\/\/www.lraloeverashop.eu\/es\/producto\/gel-bebible-sivera-2-bottelas-oferta-limitada\/#breadcrumb"},"inLanguage":"es","potentialAction":[{"@type":"ReadAction","target":["https:\/\/www.lraloeverashop.eu\/es\/producto\/gel-bebible-sivera-2-bottelas-oferta-limitada\/"]}]},{"@type":"ImageObject","inLanguage":"es","@id":"https:\/\/www.lraloeverashop.eu\/es\/producto\/gel-bebible-sivera-2-bottelas-oferta-limitada\/#primaryimage","url":"https:\/\/www.lraloeverashop.eu\/wp-content\/uploads\/2023\/11\/Drinking-gel-sivera-2-er-set-limited.jpg","contentUrl":"https:\/\/www.lraloeverashop.eu\/wp-content\/uploads\/2023\/11\/Drinking-gel-sivera-2-er-set-limited.jpg","width":1200,"height":1200,"caption":"Drinking gel sivera 2 er set limited"},{"@type":"BreadcrumbList","@id":"https:\/\/www.lraloeverashop.eu\/es\/producto\/gel-bebible-sivera-2-bottelas-oferta-limitada\/#breadcrumb","itemListElement":[{"@type":"ListItem","position":1,"name":"Home","item":"https:\/\/www.lraloeverashop.eu\/es\/"},{"@type":"ListItem","position":2,"name":"Tienda","item":"https:\/\/www.lraloeverashop.eu\/es\/tienda\/"},{"@type":"ListItem","position":3,"name":"Gel Bebible Sivera 2 Bottelas Oferta limitada"}]},{"@type":"WebSite","@id":"https:\/\/www.lraloeverashop.eu\/es\/#website","url":"https:\/\/www.lraloeverashop.eu\/es\/","name":"Lr Tienda Aloe Vera","description":"High Quality Lr Aloe Vera Gel, Aloe Vera Cream and Shampoo","publisher":{"@id":"https:\/\/www.lraloeverashop.eu\/es\/#organization"},"potentialAction":[{"@type":"SearchAction","target":{"@type":"EntryPoint","urlTemplate":"https:\/\/www.lraloeverashop.eu\/es\/?s={search_term_string}"},"query-input":{"@type":"PropertyValueSpecification","valueRequired":true,"valueName":"search_term_string"}}],"inLanguage":"es"},{"@type":"Organization","@id":"https:\/\/www.lraloeverashop.eu\/es\/#organization","name":"Lr Tienda Aloe Vera","alternateName":"LR","url":"https:\/\/www.lraloeverashop.eu\/es\/","logo":{"@type":"ImageObject","inLanguage":"es","@id":"https:\/\/www.lraloeverashop.eu\/es\/#\/schema\/logo\/image\/","url":"https:\/\/www.lraloeverashop.eu\/wp-content\/uploads\/2022\/09\/cropped-Lr-Aloe-Vera-Shop.jpg","contentUrl":"https:\/\/www.lraloeverashop.eu\/wp-content\/uploads\/2022\/09\/cropped-Lr-Aloe-Vera-Shop.jpg","width":228,"height":76,"caption":"Lr Tienda Aloe Vera"},"image":{"@id":"https:\/\/www.lraloeverashop.eu\/es\/#\/schema\/logo\/image\/"},"sameAs":["https:\/\/www.facebook.com\/lraloeverashop.eu","https:\/\/x.com\/natur__kosmetik","https:\/\/www.youtube.com\/channel\/UC5oN7BJ8nfYb8RpVtjwDEBA","https:\/\/www.instagram.com\/lrbeautyeu\/"],"description":"La tienda Lr Aloe Vera es tu destino de confianza para productos premium de salud y belleza LR, fabricados en Alemania. Ofrecemos soluciones de alta calidad para el cuidado de la piel, nutrici\u00f3n y antienvejecimiento con Aloe Vera, elaboradas con ingredientes puros y respaldadas por investigaci\u00f3n cient\u00edfica. Descubre un cuidado natural que regenera, protege y revitaliza tu piel, y disfruta de ofertas mensuales exclusivas en nuestros productos LR Aloe Vera m\u00e1s vendidos.\n\nComienza hoy mismo tu camino hacia el cuidado natural de la piel y siente la diferencia.","email":"info@lraloeverashop.eu","telephone":"+49 17670609653","legalName":"Lr Aloe Vera Shop","foundingDate":"2018-04-21","numberOfEmployees":{"@type":"QuantitativeValue","minValue":"1","maxValue":"10"}}]},"product_price_amount":"86.99","product_price_currency":"EUR","og_availability":"instock","product_availability":"instock","product_retailer_item_id":"80802-781ES","product_condition":"new"},"taxonomy_info":{"product_cat":[{"value":458,"label":"Ahorra en los sets"},{"value":403,"label":"Base"},{"value":427,"label":"Coraz\u00f3n y Circulaci\u00f3n"},{"value":469,"label":"Especialistas"},{"value":296,"label":"Geles Para Beber Aloe Vera"},{"value":439,"label":"Intestinos y Digesti\u00f3n"},{"value":356,"label":"Ventas"}],"product_tag":[{"value":632,"label":"Bebidas de desintoxicaci\u00f3n"}]},"featured_image_src_large":["https:\/\/www.lraloeverashop.eu\/wp-content\/uploads\/2023\/11\/Drinking-gel-sivera-2-er-set-limited-1024x1024.jpg",1024,1024,true],"author_info":[],"comment_info":0,"_links":{"self":[{"href":"https:\/\/www.lraloeverashop.eu\/es\/wp-json\/wp\/v2\/product\/13720","targetHints":{"allow":["GET"]}}],"collection":[{"href":"https:\/\/www.lraloeverashop.eu\/es\/wp-json\/wp\/v2\/product"}],"about":[{"href":"https:\/\/www.lraloeverashop.eu\/es\/wp-json\/wp\/v2\/types\/product"}],"replies":[{"embeddable":true,"href":"https:\/\/www.lraloeverashop.eu\/es\/wp-json\/wp\/v2\/comments?post=13720"}],"wp:featuredmedia":[{"embeddable":true,"href":"https:\/\/www.lraloeverashop.eu\/es\/wp-json\/wp\/v2\/media\/13729"}],"wp:attachment":[{"href":"https:\/\/www.lraloeverashop.eu\/es\/wp-json\/wp\/v2\/media?parent=13720"}],"wp:term":[{"taxonomy":"product_brand","embeddable":true,"href":"https:\/\/www.lraloeverashop.eu\/es\/wp-json\/wp\/v2\/product_brand?post=13720"},{"taxonomy":"product_cat","embeddable":true,"href":"https:\/\/www.lraloeverashop.eu\/es\/wp-json\/wp\/v2\/product_cat?post=13720"},{"taxonomy":"product_tag","embeddable":true,"href":"https:\/\/www.lraloeverashop.eu\/es\/wp-json\/wp\/v2\/product_tag?post=13720"}],"curies":[{"name":"wp","href":"https:\/\/api.w.org\/{rel}","templated":true}]}}