{"id":11944,"date":"2023-04-02T17:59:18","date_gmt":"2023-04-02T15:59:18","guid":{"rendered":"https:\/\/www.lraloeverashop.eu\/?post_type=product&#038;p=11944"},"modified":"2026-02-09T04:36:55","modified_gmt":"2026-02-09T03:36:55","slug":"te-verde-para-adelgazar","status":"publish","type":"product","link":"https:\/\/www.lraloeverashop.eu\/es\/producto\/te-verde-para-adelgazar\/","title":{"rendered":"T\u00e9 Verde para Adelgazar"},"content":{"rendered":"<h2><span style=\"font-size: 16pt;\"><strong>T\u00e9 Verde para Adelgazar<\/strong><\/span><\/h2>\n<p><span style=\"font-size: 14pt;\"><strong>T\u00e9 Verde para Adelgazar ayuda a eliminar las grasas<\/strong><\/span><\/p>\n<p>Beber mucho es especialmente importante durante el d\u00eda. T\u00e9 para Adelgazar<br \/>\nayuda a eliminar las grasas y la retenci\u00f3n de l\u00edquidos. Act\u00faa de forma natural en la digesti\u00f3n y la flora intestinal. Es un producto natural sin contraindicaciones.<\/p>\n<p>El T\u00e9 Verde para Adelgazar es el compa\u00f1ero ideal, ya que su delicioso sabor hace que sea f\u00e1cil para usted tomar suficiente l\u00edquido durante todo el d\u00eda. Adem\u00e1s, el consumo abundante puede estimular el <a href=\"https:\/\/es.wikipedia.org\/wiki\/Metabolismo\">metabolism<\/a>o y as\u00ed apoyarte activamente.<\/p>\n<p>Incluso cuando se sigue una dieta, es muy importante beber lo suficiente. El t\u00e9 de ayuno de hierbas te apoya completamente en esta fase.<\/p>\n<p>Para personas que quieren <a href=\"https:\/\/www.lraloeverashop.eu\/es\/producto\/batido-para-adelgazar-sabor-vainilla\/\">perder peso<\/a> con ayuda de una dieta, o que quieren llevar una alimentaci\u00f3n sana.<\/p>\n<p>&nbsp;<\/p>\n<h3><span style=\"font-size: 16pt;\"><strong>C\u00f3mo utilizar<\/strong><\/span><\/h3>\n<p>1-2 cucharaditas colmadas de T\u00e9 Verde para Adelgazar en una taza grande con agua hirviendo a fuego lento (unos 200 ml) escaldado, dejar tapado durante 5-7 minutos y colar. Beba 3-4 tazas al d\u00eda.<\/p>\n<p>Para que puedas llegar a tomar los 1,5 litros de l\u00edquido recomendados: \u00a1Cel\u00e9bralo! \u00bfPor qu\u00e9 no te regalas una taza nueva con la que disfrutas especialmente bebiendo? Lo mejor es hacer una taza entera de <a href=\"https:\/\/www.lraloeverashop.eu\/es\/producto\/te-de-hierbas-para-adelgazar\/\">t\u00e9<\/a> y prestar atenci\u00f3n a los tiempos de preparaci\u00f3n. Si deja el t\u00e9 demasiado corto o demasiado tiempo, puede tener un sabor diferente.<\/p>\n<p>Aseg\u00farate de tener una dieta variada y equilibrada, as\u00ed como un estilo de vida saludable.<\/p>\n<p>&nbsp;<\/p>\n<h4><span style=\"font-size: 16pt;\"><strong>\u00bfSab\u00edas?<\/strong><\/span><\/h4>\n<p>La Sociedad Alemana de Nutrici\u00f3n recomienda beber alrededor de 1,5 litros de agua o t\u00e9s sin az\u00facar al d\u00eda. Dependiendo de la temperatura exterior y de las actividades, y especialmente cuando se <a href=\"https:\/\/www.lraloeverashop.eu\/es\/producto\/batido-para-adelgazar-de-chocolate-cremoso\/\">sigue una dieta<\/a>, se debe beber un poco m\u00e1s.<\/p>\n","protected":false},"excerpt":{"rendered":"<ul>\n<li><span style=\"color: #ff0000;\"><strong>Oferta limitada<\/strong><\/span><\/li>\n<li>Producto natural sin contraindicaciones.<\/li>\n<li>Ayuda a eliminar grasas<\/li>\n<li>Ayuda a eliminar la retenci\u00f3n de l\u00edquidos<\/li>\n<li>Act\u00faa de forma natural en la digesti\u00f3n y la flora intestinal<\/li>\n<li>Mezcla especial de diferentes hierbas, hojas mate y corteza de lapacho<\/li>\n<li>Cantidad: 2 x 250 g<\/li>\n<\/ul>\n<p><span style=\"color: #ff0000;\"><a style=\"color: #ff0000;\" href=\"https:\/\/shop.lrworld.com\/openpao?PHP=0vFlt7jT938BEnBI3a6e9w%3D%3D\"><span style=\"font-size: 14pt;\"><strong>Reg\u00edstrate aqu\u00ed y ahorra 35% en cada compra<\/strong><\/span><\/a><\/span><\/p>\n","protected":false},"featured_media":11873,"comment_status":"open","ping_status":"closed","template":"","meta":{"_kad_blocks_custom_css":"","_kad_blocks_head_custom_js":"","_kad_blocks_body_custom_js":"","_kad_blocks_footer_custom_js":"","_kadence_starter_templates_imported_post":false,"_kad_post_transparent":"default","_kad_post_title":"","_kad_post_layout":"default","_kad_post_sidebar_id":"","_kad_post_content_style":"default","_kad_post_vertical_padding":"default","_kad_post_feature":"","_kad_post_feature_position":"","_kad_post_header":false,"_kad_post_footer":false,"_kad_post_classname":""},"product_brand":[],"product_cat":[344,469,439,338,356],"product_tag":[633],"class_list":{"0":"post-11944","1":"product","2":"type-product","3":"status-publish","4":"has-post-thumbnail","6":"product_cat-companero-de-dieta","7":"product_cat-especialistas","8":"product_cat-intestinos-y-digestion","9":"product_cat-suplementos-dieteticos","10":"product_cat-ventas","11":"product_tag-dieta-es","13":"first","14":"outofstock","15":"sale","16":"taxable","17":"shipping-taxable","18":"purchasable","19":"product-type-simple","20":"entry","21":"content-bg","22":"loop-entry"},"yoast_head":"<!-- This site is optimized with the Yoast SEO Premium plugin v27.6 (Yoast SEO v27.6) - https:\/\/yoast.com\/product\/yoast-seo-premium-wordpress\/ -->\n<title>T\u00e9 Verde para Adelgazar ayuda a eliminar las grasas y l\u00edquidos<\/title>\n<meta name=\"description\" content=\"T\u00e9 Verde para Adelgazar con hojas de mate, corteza de lapacho, hojas de ortiga, rooibos, citronela y regaliz hacen del t\u00e9 un eficaz producto para adelgazar.\" \/>\n<meta name=\"robots\" content=\"index, follow, max-snippet:-1, max-image-preview:large, max-video-preview:-1\" \/>\n<link rel=\"canonical\" href=\"https:\/\/www.lraloeverashop.eu\/es\/producto\/te-verde-para-adelgazar\/\" \/>\n<meta property=\"og:locale\" content=\"es_ES\" \/>\n<meta property=\"og:type\" content=\"article\" \/>\n<meta property=\"og:title\" content=\"T\u00e9 Verde para Adelgazar\" \/>\n<meta property=\"og:description\" content=\"T\u00e9 Verde para Adelgazar con hojas de mate, corteza de lapacho, hojas de ortiga, rooibos, citronela y regaliz hacen del t\u00e9 un eficaz producto para adelgazar.\" \/>\n<meta property=\"og:url\" content=\"https:\/\/www.lraloeverashop.eu\/es\/producto\/te-verde-para-adelgazar\/\" \/>\n<meta property=\"og:site_name\" content=\"Lr Tienda Aloe Vera\" \/>\n<meta property=\"article:publisher\" content=\"https:\/\/www.facebook.com\/lraloeverashop.eu\" \/>\n<meta property=\"article:modified_time\" content=\"2026-02-09T03:36:55+00:00\" \/>\n<meta property=\"og:image\" content=\"https:\/\/www.lraloeverashop.eu\/wp-content\/uploads\/2023\/04\/Weigh-Loss-Tea-Set.jpg\" \/>\n\t<meta property=\"og:image:width\" content=\"1200\" \/>\n\t<meta property=\"og:image:height\" content=\"1200\" \/>\n\t<meta property=\"og:image:type\" content=\"image\/jpeg\" \/>\n<meta name=\"twitter:card\" content=\"summary_large_image\" \/>\n<meta name=\"twitter:site\" content=\"@natur__kosmetik\" \/>\n<script type=\"application\/ld+json\" class=\"yoast-schema-graph\">{\"@context\":\"https:\\\/\\\/schema.org\",\"@graph\":[{\"@type\":[\"WebPage\",\"ItemPage\"],\"@id\":\"https:\\\/\\\/www.lraloeverashop.eu\\\/es\\\/producto\\\/te-verde-para-adelgazar\\\/\",\"url\":\"https:\\\/\\\/www.lraloeverashop.eu\\\/es\\\/producto\\\/te-verde-para-adelgazar\\\/\",\"name\":\"T\u00e9 Verde para Adelgazar ayuda a eliminar las grasas y l\u00edquidos\",\"isPartOf\":{\"@id\":\"https:\\\/\\\/www.lraloeverashop.eu\\\/es\\\/#website\"},\"primaryImageOfPage\":{\"@id\":\"https:\\\/\\\/www.lraloeverashop.eu\\\/es\\\/producto\\\/te-verde-para-adelgazar\\\/#primaryimage\"},\"image\":{\"@id\":\"https:\\\/\\\/www.lraloeverashop.eu\\\/es\\\/producto\\\/te-verde-para-adelgazar\\\/#primaryimage\"},\"thumbnailUrl\":\"https:\\\/\\\/www.lraloeverashop.eu\\\/wp-content\\\/uploads\\\/2023\\\/04\\\/Weigh-Loss-Tea-Set.jpg\",\"datePublished\":\"2023-04-02T15:59:18+00:00\",\"dateModified\":\"2026-02-09T03:36:55+00:00\",\"description\":\"T\u00e9 Verde para Adelgazar con hojas de mate, corteza de lapacho, hojas de ortiga, rooibos, citronela y regaliz hacen del t\u00e9 un eficaz producto para adelgazar.\",\"breadcrumb\":{\"@id\":\"https:\\\/\\\/www.lraloeverashop.eu\\\/es\\\/producto\\\/te-verde-para-adelgazar\\\/#breadcrumb\"},\"inLanguage\":\"es\",\"potentialAction\":[{\"@type\":\"ReadAction\",\"target\":[\"https:\\\/\\\/www.lraloeverashop.eu\\\/es\\\/producto\\\/te-verde-para-adelgazar\\\/\"]}]},{\"@type\":\"ImageObject\",\"inLanguage\":\"es\",\"@id\":\"https:\\\/\\\/www.lraloeverashop.eu\\\/es\\\/producto\\\/te-verde-para-adelgazar\\\/#primaryimage\",\"url\":\"https:\\\/\\\/www.lraloeverashop.eu\\\/wp-content\\\/uploads\\\/2023\\\/04\\\/Weigh-Loss-Tea-Set.jpg\",\"contentUrl\":\"https:\\\/\\\/www.lraloeverashop.eu\\\/wp-content\\\/uploads\\\/2023\\\/04\\\/Weigh-Loss-Tea-Set.jpg\",\"width\":1200,\"height\":1200,\"caption\":\"T\u00e9 Verde Adelgazante para perder grasa del vientre\"},{\"@type\":\"BreadcrumbList\",\"@id\":\"https:\\\/\\\/www.lraloeverashop.eu\\\/es\\\/producto\\\/te-verde-para-adelgazar\\\/#breadcrumb\",\"itemListElement\":[{\"@type\":\"ListItem\",\"position\":1,\"name\":\"Home\",\"item\":\"https:\\\/\\\/www.lraloeverashop.eu\\\/es\\\/tienda-aloe-vera-todo-para-tu-belleza-y-bienestar\\\/\"},{\"@type\":\"ListItem\",\"position\":2,\"name\":\"Tienda\",\"item\":\"https:\\\/\\\/www.lraloeverashop.eu\\\/es\\\/tienda\\\/\"},{\"@type\":\"ListItem\",\"position\":3,\"name\":\"T\u00e9 Verde para Adelgazar\"}]},{\"@type\":\"WebSite\",\"@id\":\"https:\\\/\\\/www.lraloeverashop.eu\\\/es\\\/#website\",\"url\":\"https:\\\/\\\/www.lraloeverashop.eu\\\/es\\\/\",\"name\":\"Lr Tienda Aloe Vera\",\"description\":\"High Quality Lr Aloe Vera Gel, Aloe Vera Cream and Shampoo\",\"publisher\":{\"@id\":\"https:\\\/\\\/www.lraloeverashop.eu\\\/es\\\/#organization\"},\"alternateName\":\"LR\",\"potentialAction\":[{\"@type\":\"SearchAction\",\"target\":{\"@type\":\"EntryPoint\",\"urlTemplate\":\"https:\\\/\\\/www.lraloeverashop.eu\\\/es\\\/?s={search_term_string}\"},\"query-input\":{\"@type\":\"PropertyValueSpecification\",\"valueRequired\":true,\"valueName\":\"search_term_string\"}}],\"inLanguage\":\"es\"},{\"@type\":\"Organization\",\"@id\":\"https:\\\/\\\/www.lraloeverashop.eu\\\/es\\\/#organization\",\"name\":\"Lr Tienda Aloe Vera\",\"alternateName\":\"LR\",\"url\":\"https:\\\/\\\/www.lraloeverashop.eu\\\/es\\\/\",\"logo\":{\"@type\":\"ImageObject\",\"inLanguage\":\"es\",\"@id\":\"https:\\\/\\\/www.lraloeverashop.eu\\\/es\\\/#\\\/schema\\\/logo\\\/image\\\/\",\"url\":\"https:\\\/\\\/www.lraloeverashop.eu\\\/wp-content\\\/uploads\\\/2022\\\/09\\\/cropped-Lr-Aloe-Vera-Shop.jpg\",\"contentUrl\":\"https:\\\/\\\/www.lraloeverashop.eu\\\/wp-content\\\/uploads\\\/2022\\\/09\\\/cropped-Lr-Aloe-Vera-Shop.jpg\",\"width\":228,\"height\":76,\"caption\":\"Lr Tienda Aloe Vera\"},\"image\":{\"@id\":\"https:\\\/\\\/www.lraloeverashop.eu\\\/es\\\/#\\\/schema\\\/logo\\\/image\\\/\"},\"sameAs\":[\"https:\\\/\\\/www.facebook.com\\\/lraloeverashop.eu\",\"https:\\\/\\\/x.com\\\/natur__kosmetik\",\"https:\\\/\\\/www.youtube.com\\\/channel\\\/UC5oN7BJ8nfYb8RpVtjwDEBA\",\"https:\\\/\\\/www.instagram.com\\\/lrbeautyeu\\\/\"],\"description\":\"La tienda Lr Aloe Vera es tu destino de confianza para productos premium de salud y belleza LR, fabricados en Alemania. Ofrecemos soluciones de alta calidad para el cuidado de la piel, nutrici\u00f3n y antienvejecimiento con Aloe Vera, elaboradas con ingredientes puros y respaldadas por investigaci\u00f3n cient\u00edfica. Descubre un cuidado natural que regenera, protege y revitaliza tu piel, y disfruta de ofertas mensuales exclusivas en nuestros productos LR Aloe Vera m\u00e1s vendidos.\\n\\nComienza hoy mismo tu camino hacia el cuidado natural de la piel y siente la diferencia.\",\"email\":\"info@lraloeverashop.eu\",\"telephone\":\"+49 17670609653\",\"legalName\":\"Lr Aloe Vera Shop\",\"foundingDate\":\"2018-04-21\",\"numberOfEmployees\":{\"@type\":\"QuantitativeValue\",\"minValue\":\"1\",\"maxValue\":\"10\"}}]}<\/script>\n<meta property=\"product:price:amount\" content=\"38.99\" \/>\n<meta property=\"product:price:currency\" content=\"EUR\" \/>\n<meta property=\"og:availability\" content=\"out of stock\" \/>\n<meta property=\"product:availability\" content=\"out of stock\" \/>\n<meta property=\"product:retailer_item_id\" content=\"80399-1ES\" \/>\n<meta property=\"product:condition\" content=\"new\" \/>\n<!-- \/ Yoast SEO Premium plugin. -->","yoast_head_json":{"title":"T\u00e9 Verde para Adelgazar ayuda a eliminar las grasas y l\u00edquidos","description":"T\u00e9 Verde para Adelgazar con hojas de mate, corteza de lapacho, hojas de ortiga, rooibos, citronela y regaliz hacen del t\u00e9 un eficaz producto para adelgazar.","robots":{"index":"index","follow":"follow","max-snippet":"max-snippet:-1","max-image-preview":"max-image-preview:large","max-video-preview":"max-video-preview:-1"},"canonical":"https:\/\/www.lraloeverashop.eu\/es\/producto\/te-verde-para-adelgazar\/","og_locale":"es_ES","og_type":"article","og_title":"T\u00e9 Verde para Adelgazar","og_description":"T\u00e9 Verde para Adelgazar con hojas de mate, corteza de lapacho, hojas de ortiga, rooibos, citronela y regaliz hacen del t\u00e9 un eficaz producto para adelgazar.","og_url":"https:\/\/www.lraloeverashop.eu\/es\/producto\/te-verde-para-adelgazar\/","og_site_name":"Lr Tienda Aloe Vera","article_publisher":"https:\/\/www.facebook.com\/lraloeverashop.eu","article_modified_time":"2026-02-09T03:36:55+00:00","og_image":[{"width":1200,"height":1200,"url":"https:\/\/www.lraloeverashop.eu\/wp-content\/uploads\/2023\/04\/Weigh-Loss-Tea-Set.jpg","type":"image\/jpeg"}],"twitter_card":"summary_large_image","twitter_site":"@natur__kosmetik","schema":{"@context":"https:\/\/schema.org","@graph":[{"@type":["WebPage","ItemPage"],"@id":"https:\/\/www.lraloeverashop.eu\/es\/producto\/te-verde-para-adelgazar\/","url":"https:\/\/www.lraloeverashop.eu\/es\/producto\/te-verde-para-adelgazar\/","name":"T\u00e9 Verde para Adelgazar ayuda a eliminar las grasas y l\u00edquidos","isPartOf":{"@id":"https:\/\/www.lraloeverashop.eu\/es\/#website"},"primaryImageOfPage":{"@id":"https:\/\/www.lraloeverashop.eu\/es\/producto\/te-verde-para-adelgazar\/#primaryimage"},"image":{"@id":"https:\/\/www.lraloeverashop.eu\/es\/producto\/te-verde-para-adelgazar\/#primaryimage"},"thumbnailUrl":"https:\/\/www.lraloeverashop.eu\/wp-content\/uploads\/2023\/04\/Weigh-Loss-Tea-Set.jpg","datePublished":"2023-04-02T15:59:18+00:00","dateModified":"2026-02-09T03:36:55+00:00","description":"T\u00e9 Verde para Adelgazar con hojas de mate, corteza de lapacho, hojas de ortiga, rooibos, citronela y regaliz hacen del t\u00e9 un eficaz producto para adelgazar.","breadcrumb":{"@id":"https:\/\/www.lraloeverashop.eu\/es\/producto\/te-verde-para-adelgazar\/#breadcrumb"},"inLanguage":"es","potentialAction":[{"@type":"ReadAction","target":["https:\/\/www.lraloeverashop.eu\/es\/producto\/te-verde-para-adelgazar\/"]}]},{"@type":"ImageObject","inLanguage":"es","@id":"https:\/\/www.lraloeverashop.eu\/es\/producto\/te-verde-para-adelgazar\/#primaryimage","url":"https:\/\/www.lraloeverashop.eu\/wp-content\/uploads\/2023\/04\/Weigh-Loss-Tea-Set.jpg","contentUrl":"https:\/\/www.lraloeverashop.eu\/wp-content\/uploads\/2023\/04\/Weigh-Loss-Tea-Set.jpg","width":1200,"height":1200,"caption":"T\u00e9 Verde Adelgazante para perder grasa del vientre"},{"@type":"BreadcrumbList","@id":"https:\/\/www.lraloeverashop.eu\/es\/producto\/te-verde-para-adelgazar\/#breadcrumb","itemListElement":[{"@type":"ListItem","position":1,"name":"Home","item":"https:\/\/www.lraloeverashop.eu\/es\/tienda-aloe-vera-todo-para-tu-belleza-y-bienestar\/"},{"@type":"ListItem","position":2,"name":"Tienda","item":"https:\/\/www.lraloeverashop.eu\/es\/tienda\/"},{"@type":"ListItem","position":3,"name":"T\u00e9 Verde para Adelgazar"}]},{"@type":"WebSite","@id":"https:\/\/www.lraloeverashop.eu\/es\/#website","url":"https:\/\/www.lraloeverashop.eu\/es\/","name":"Lr Tienda Aloe Vera","description":"High Quality Lr Aloe Vera Gel, Aloe Vera Cream and Shampoo","publisher":{"@id":"https:\/\/www.lraloeverashop.eu\/es\/#organization"},"alternateName":"LR","potentialAction":[{"@type":"SearchAction","target":{"@type":"EntryPoint","urlTemplate":"https:\/\/www.lraloeverashop.eu\/es\/?s={search_term_string}"},"query-input":{"@type":"PropertyValueSpecification","valueRequired":true,"valueName":"search_term_string"}}],"inLanguage":"es"},{"@type":"Organization","@id":"https:\/\/www.lraloeverashop.eu\/es\/#organization","name":"Lr Tienda Aloe Vera","alternateName":"LR","url":"https:\/\/www.lraloeverashop.eu\/es\/","logo":{"@type":"ImageObject","inLanguage":"es","@id":"https:\/\/www.lraloeverashop.eu\/es\/#\/schema\/logo\/image\/","url":"https:\/\/www.lraloeverashop.eu\/wp-content\/uploads\/2022\/09\/cropped-Lr-Aloe-Vera-Shop.jpg","contentUrl":"https:\/\/www.lraloeverashop.eu\/wp-content\/uploads\/2022\/09\/cropped-Lr-Aloe-Vera-Shop.jpg","width":228,"height":76,"caption":"Lr Tienda Aloe Vera"},"image":{"@id":"https:\/\/www.lraloeverashop.eu\/es\/#\/schema\/logo\/image\/"},"sameAs":["https:\/\/www.facebook.com\/lraloeverashop.eu","https:\/\/x.com\/natur__kosmetik","https:\/\/www.youtube.com\/channel\/UC5oN7BJ8nfYb8RpVtjwDEBA","https:\/\/www.instagram.com\/lrbeautyeu\/"],"description":"La tienda Lr Aloe Vera es tu destino de confianza para productos premium de salud y belleza LR, fabricados en Alemania. Ofrecemos soluciones de alta calidad para el cuidado de la piel, nutrici\u00f3n y antienvejecimiento con Aloe Vera, elaboradas con ingredientes puros y respaldadas por investigaci\u00f3n cient\u00edfica. Descubre un cuidado natural que regenera, protege y revitaliza tu piel, y disfruta de ofertas mensuales exclusivas en nuestros productos LR Aloe Vera m\u00e1s vendidos.\n\nComienza hoy mismo tu camino hacia el cuidado natural de la piel y siente la diferencia.","email":"info@lraloeverashop.eu","telephone":"+49 17670609653","legalName":"Lr Aloe Vera Shop","foundingDate":"2018-04-21","numberOfEmployees":{"@type":"QuantitativeValue","minValue":"1","maxValue":"10"}}]},"product_price_amount":"38.99","product_price_currency":"EUR","og_availability":"out of stock","product_availability":"out of stock","product_retailer_item_id":"80399-1ES","product_condition":"new"},"taxonomy_info":{"product_cat":[{"value":344,"label":"Compa\u00f1ero de dieta"},{"value":469,"label":"Especialistas"},{"value":439,"label":"Intestinos y Digesti\u00f3n"},{"value":338,"label":"Sustituto de la comida"},{"value":356,"label":"Ventas"}],"product_tag":[{"value":633,"label":"Dieta"}]},"featured_image_src_large":["https:\/\/www.lraloeverashop.eu\/wp-content\/uploads\/2023\/04\/Weigh-Loss-Tea-Set-1024x1024.jpg",1024,1024,true],"author_info":[],"comment_info":0,"_links":{"self":[{"href":"https:\/\/www.lraloeverashop.eu\/es\/wp-json\/wp\/v2\/product\/11944","targetHints":{"allow":["GET"]}}],"collection":[{"href":"https:\/\/www.lraloeverashop.eu\/es\/wp-json\/wp\/v2\/product"}],"about":[{"href":"https:\/\/www.lraloeverashop.eu\/es\/wp-json\/wp\/v2\/types\/product"}],"replies":[{"embeddable":true,"href":"https:\/\/www.lraloeverashop.eu\/es\/wp-json\/wp\/v2\/comments?post=11944"}],"wp:featuredmedia":[{"embeddable":true,"href":"https:\/\/www.lraloeverashop.eu\/es\/wp-json\/wp\/v2\/media\/11873"}],"wp:attachment":[{"href":"https:\/\/www.lraloeverashop.eu\/es\/wp-json\/wp\/v2\/media?parent=11944"}],"wp:term":[{"taxonomy":"product_brand","embeddable":true,"href":"https:\/\/www.lraloeverashop.eu\/es\/wp-json\/wp\/v2\/product_brand?post=11944"},{"taxonomy":"product_cat","embeddable":true,"href":"https:\/\/www.lraloeverashop.eu\/es\/wp-json\/wp\/v2\/product_cat?post=11944"},{"taxonomy":"product_tag","embeddable":true,"href":"https:\/\/www.lraloeverashop.eu\/es\/wp-json\/wp\/v2\/product_tag?post=11944"}],"curies":[{"name":"wp","href":"https:\/\/api.w.org\/{rel}","templated":true}]}}