{"id":10936,"date":"2021-02-06T21:01:27","date_gmt":"2021-02-06T20:01:27","guid":{"rendered":"https:\/\/www.lraloeverashop.eu\/product\/caja-de-tratamientos-especiales-aloe-vera\/"},"modified":"2026-02-09T05:23:21","modified_gmt":"2026-02-09T04:23:21","slug":"caja-de-tratamientos-especiales-aloe-vera","status":"publish","type":"product","link":"https:\/\/www.lraloeverashop.eu\/es\/producto\/caja-de-tratamientos-especiales-aloe-vera\/","title":{"rendered":"Caja de Tratamientos Especiales con Gel de Aloe Vera Fermentado"},"content":{"rendered":"<h2><span style=\"font-size: 16pt;\"><strong>Caja de Tratamientos Especiales Aloe Vera<\/strong><\/span><\/h2>\n<p><span style=\"font-size: 14pt;\"><strong>Caja de Tratamientos Especiales Aloe Vera &#8211; Un &#8220;Kit de Primeros Auxilios&#8221; Para Todos Los Casos. Ahora con gel de aloe vera fermentado<\/strong><\/span><\/p>\n<p>Los cuatro especialistas del Aloe Vera apoyan la regeneraci\u00f3n natural de la piel irritada, ofreciendo un cuidado adicional. La Caja de Cuidado Especial es la caja de cuidado SOS ideal para su uso en casa y sobre la marcha.<\/p>\n<p>Caja de Tratamientos Especiales Aloe Vera para la irritaci\u00f3n de la piel, los cuatro especialistas de LR Aloe Vera apoyan la regeneraci\u00f3n natural de la piel en la vida cotidiana &#8211; con el m\u00e1ximo cuidado. La Caja de Cuidado Especial es el paquete de cuidado SOS perfecto para en casa y en la carretera.<\/p>\n<p>&nbsp;<\/p>\n<p><a href=\"https:\/\/www.lraloeverashop.eu\/es\/producto\/aloe-vera-gel-hidratante-concentrado\/\"><strong>Lr Aloe Vera Gel Hidratante Concentrado<\/strong><\/a> es particularmente beneficioso y regenera la piel estresada, as\u00ed como la irritaci\u00f3n de la piel. Los productos se encuentran una pel\u00edcula protectora sobre la piel estresada; enfriamiento, calmante y promoviendo su regeneraci\u00f3n. Muy bueno para el tratamiento del eccema, heridas abiertas \u2026<\/p>\n<p>&nbsp;<\/p>\n<p><a href=\"https:\/\/www.lraloeverashop.eu\/es\/producto\/lr-aloe-vera-spray-de-emergencia\/\"><strong>Aloe Vera Spray de Emergencia<\/strong><\/a> pone una capa protectora sobre las exigentes \u00e1reas de la piel. Debido a su contenido de 83% en Aloe Vera y 12% extractos herbarios seleccionados y probados, calma, protege la piel y proporciona la m\u00e1xima hidrataci\u00f3n. La atenci\u00f3n de emergencia perfecta con el poder del Aloe Vera.<\/p>\n<p>&nbsp;<\/p>\n<p><a href=\"https:\/\/www.lraloeverashop.eu\/es\/producto\/aloe-vera-crema-protectora-con-propoleo\/\"><strong>Propoleo Crema<\/strong><\/a> con 79% de Aloe Vera, adecuada para el tratamiento de pieles secas y exigentes. Aumenta la barrera natural de la piel y pone una capa protectora sobre la piel. Prop\u00f3leo se extrae del panal y ofrece una sensaci\u00f3n de cuidado y alivio a la piel, debido a su aislamiento t\u00e9rmico combinado con el efecto hidratante del Aloe Vera.<\/p>\n<p>Debe ser utilizado por Piel seca \u2013 piel agrietada, Acn\u00e9, Hierve, Quistes seb\u00e1ceos, Eczema, Ademas, Micosis, Hemorroides, Hinchaz\u00f3n, Manchas en la piel, Mordeduras o picaduras, Picor, Poriasis, Quemaduras, Dermatire seborreico, Peque\u00f1as heridas y Grietas en la piel y planta de los pies<\/p>\n<p>&nbsp;<\/p>\n<p><a href=\"https:\/\/www.lraloeverashop.eu\/es\/producto\/aloe-vera-gel-de-emergencia\/\"><strong>Aloe Vera Gel Crema de Emergencia instant\u00e1nea<\/strong><\/a> acelera la regeneraci\u00f3n cut\u00e1nea ante diversas peque\u00f1as imperfecciones cotidianas.* Forma una ligera pel\u00edcula protectora y proporciona una hidrataci\u00f3n profunda con efectos inmediatos y duraderos: la hidrataci\u00f3n de la piel se duplica con creces en tan solo 20 minutos.** El gel-crema restaura el equilibrio cut\u00e1neo, fortalece su barrera protectora y, por lo tanto, mejora su resiliencia.<\/p>\n<p><strong>+139%<\/strong> de hidrataci\u00f3n como efecto inmediato despu\u00e9s de 20 min.<br \/>\n<strong>+176%<\/strong> de hidrataci\u00f3n como efecto a largo plazo despu\u00e9s de 4 semanas.<br \/>\nEl <strong>90%<\/strong> confirma una regeneraci\u00f3n m\u00e1s r\u00e1pida y un efecto calmante sobre la piel irritada.<br \/>\nEl <strong>95%<\/strong> confirm\u00f3 una sensaci\u00f3n de piel suave y tersa.<br \/>\n<strong>+53%<\/strong> de mejora en la apariencia general de la piel.<\/p>\n<p>&nbsp;<\/p>\n<p>* Confirmado mediante pruebas de aplicaci\u00f3n durante 4 semanas con 20 voluntarios y posterior evaluaci\u00f3n dermatol\u00f3gica en octubre de 2024.<br \/>\n** Confirmado mediante mediciones con corne\u00f3metro en 20 voluntarios en octubre de 2024.<\/p>\n<p>&nbsp;<\/p>\n<h3><strong><span style=\"font-size: 16pt;\">\u00bfQu\u00e9 es exactamente Caja de Tratamientos Especiales Aloe Vera Power Duo?<\/span><\/strong><\/h3>\n<p>El poder nutritivo y regenerador del gel de aloe vera se potencia en este d\u00fao con <a href=\"https:\/\/www.lraloeverashop.eu\/es\/etiqueta-producto\/gel-fermentado\/\">gel de aloe vera fermentado<\/a> y se complementa con numerosas propiedades positivas. La fermentaci\u00f3n del gel de aloe vera extrae nutrientes cada vez m\u00e1s potentes de los ingredientes, lo que permite aprovechar al m\u00e1ximo su potencial.<\/p>\n<p>&nbsp;<\/p>\n<h3><strong><span style=\"font-size: 16pt;\">\u00bfCu\u00e1les son los beneficios del gel de aloe vera fermentado?<\/span><\/strong><\/h3>\n<p><strong>El gel de aloe vera fermentado:<\/strong><\/p>\n<ol>\n<li>Penetra m\u00e1s profundamente en la piel<\/li>\n<li>Permite que la piel absorba los nutrientes m\u00e1s r\u00e1pido<\/li>\n<li>Acelera la <a href=\"https:\/\/www.lraloeverashop.eu\/es\/producto\/crema-para-estrias\/\">regeneraci\u00f3n cut\u00e1nea<\/a><\/li>\n<li>Hidrata profundamente<\/li>\n<li>Act\u00faa como un agente antienvejecimiento natural<\/li>\n<\/ol>\n<p>&nbsp;<\/p>\n<p>Con estos expertos de Caja de Tratamientos Especiales Aloe Vera, t\u00fa y tus seres queridos estar\u00e1n perfectamente equipados para los retos del d\u00eda a d\u00eda. El Set de Cuidado Especial con cuatro productos multiusos es el compa\u00f1ero ideal para una piel bella y saludable de forma permanente.<\/p>\n<p><strong>Lo mejor:<\/strong> \u00a1En el pr\u00e1ctico neceser de cuidado especial, los tendr\u00e1s siempre contigo y perfectamente preparados para cuando los necesites!<\/p>\n<p>&nbsp;<\/p>\n<h3><strong><span style=\"font-size: 16pt;\">Pru\u00e9ba La nueva Caja de Tratamientos Especiales Aloe Vera ahora y conv\u00e9ncete<\/span><\/strong><\/h3>\n<p>Gracias al exclusivo D\u00fao Poderoso, nuestros cuatro profesionales del cuidado de la piel proporcionan un <a href=\"https:\/\/www.lraloeverashop.eu\/es\/producto\/serum-facial-lr-skin-balance\/\">cuidado hidratante intensivo<\/a> y una r\u00e1pida regeneraci\u00f3n, especialmente para las zonas de la piel extremadamente estresadas.<\/p>\n","protected":false},"excerpt":{"rendered":"<ul>\n<li>LR Aloe Vera Spray de Emergencia 150 ml, calma y enfr\u00eda<\/li>\n<li>El Lr Aloe Vera Gel Concentrado Hidratante 100 ml, promueve la regeneraci\u00f3n<\/li>\n<li>La Aloe Vera Crema Protectora Con Prop\u00f3leo 100 ml, proporciona humedad y flexibilidad a la piel.<\/li>\n<li>Aloe Vera Gel Crema de Emergencia 30 ml, acelera la regeneraci\u00f3n de la piel<\/li>\n<\/ul>\n<p><span style=\"color: #ff0000;\"><a style=\"color: #ff0000;\" href=\"https:\/\/shop.lrworld.com\/openpao?PHP=0vFlt7jT938BEnBI3a6e9w%3D%3D\"><span style=\"font-size: 14pt;\"><strong>Reg\u00edstrate aqu\u00ed y ahorra 35% en cada compra<\/strong><\/span><\/a><\/span><\/p>\n","protected":false},"featured_media":27256,"comment_status":"open","ping_status":"closed","template":"","meta":{"_kad_blocks_custom_css":"","_kad_blocks_head_custom_js":"","_kad_blocks_body_custom_js":"","_kad_blocks_footer_custom_js":"","_kadence_starter_templates_imported_post":false,"_kad_post_transparent":"default","_kad_post_title":"","_kad_post_layout":"default","_kad_post_sidebar_id":"","_kad_post_content_style":"default","_kad_post_vertical_padding":"default","_kad_post_feature":"","_kad_post_feature_position":"","_kad_post_header":false,"_kad_post_footer":false,"_kad_post_classname":""},"product_brand":[],"product_cat":[217,232,265,242],"product_tag":[569,570,1208,628,636],"class_list":{"0":"post-10936","1":"product","2":"type-product","3":"status-publish","4":"has-post-thumbnail","6":"product_cat-aloe-vera-es","7":"product_cat-cuidado-corporal","8":"product_cat-cuidado-especial","9":"product_cat-cuidado-facial","10":"product_tag-cortes-es","11":"product_tag-eczema-es","12":"product_tag-gel-fermentado","13":"product_tag-heridas","14":"product_tag-manos-secas","16":"first","17":"instock","18":"taxable","19":"shipping-taxable","20":"purchasable","21":"product-type-simple","22":"entry","23":"content-bg","24":"loop-entry"},"yoast_head":"<!-- This site is optimized with the Yoast SEO Premium plugin v27.5 (Yoast SEO v27.5) - https:\/\/yoast.com\/product\/yoast-seo-premium-wordpress\/ -->\n<title>Caja de Tratamientos Especiales con Gel de Aloe Vera Fermentado<\/title>\n<meta name=\"description\" content=\"Caja de Tratamientos Especiales para piel irritada. Los cuatro especialistas ayudan con eccemas, acn\u00e9 y otros problemas de la piel. Ahora con gel de aloe vera fermentado\" \/>\n<meta name=\"robots\" content=\"index, follow, max-snippet:-1, max-image-preview:large, max-video-preview:-1\" \/>\n<link rel=\"canonical\" href=\"https:\/\/www.lraloeverashop.eu\/es\/producto\/caja-de-tratamientos-especiales-aloe-vera\/\" \/>\n<meta property=\"og:locale\" content=\"es_ES\" \/>\n<meta property=\"og:type\" content=\"article\" \/>\n<meta property=\"og:title\" content=\"Caja de Tratamientos Especiales con Gel de Aloe Vera Fermentado\" \/>\n<meta property=\"og:description\" content=\"Caja de Tratamientos Especiales para piel irritada. Los cuatro especialistas ayudan con eccemas, acn\u00e9 y otros problemas de la piel. Ahora con gel de aloe vera fermentado\" \/>\n<meta property=\"og:url\" content=\"https:\/\/www.lraloeverashop.eu\/es\/producto\/caja-de-tratamientos-especiales-aloe-vera\/\" \/>\n<meta property=\"og:site_name\" content=\"Lr Tienda Aloe Vera\" \/>\n<meta property=\"article:publisher\" content=\"https:\/\/www.facebook.com\/lraloeverashop.eu\" \/>\n<meta property=\"article:modified_time\" content=\"2026-02-09T04:23:21+00:00\" \/>\n<meta property=\"og:image\" content=\"https:\/\/www.lraloeverashop.eu\/wp-content\/uploads\/2025\/04\/Aloe-Vera-Special-Care-Bag.jpg\" \/>\n\t<meta property=\"og:image:width\" content=\"1200\" \/>\n\t<meta property=\"og:image:height\" content=\"1200\" \/>\n\t<meta property=\"og:image:type\" content=\"image\/jpeg\" \/>\n<meta name=\"twitter:card\" content=\"summary_large_image\" \/>\n<meta name=\"twitter:site\" content=\"@natur__kosmetik\" \/>\n<script type=\"application\/ld+json\" class=\"yoast-schema-graph\">{\"@context\":\"https:\\\/\\\/schema.org\",\"@graph\":[{\"@type\":[\"WebPage\",\"ItemPage\"],\"@id\":\"https:\\\/\\\/www.lraloeverashop.eu\\\/es\\\/producto\\\/caja-de-tratamientos-especiales-aloe-vera\\\/\",\"url\":\"https:\\\/\\\/www.lraloeverashop.eu\\\/es\\\/producto\\\/caja-de-tratamientos-especiales-aloe-vera\\\/\",\"name\":\"Caja de Tratamientos Especiales con Gel de Aloe Vera Fermentado\",\"isPartOf\":{\"@id\":\"https:\\\/\\\/www.lraloeverashop.eu\\\/es\\\/#website\"},\"primaryImageOfPage\":{\"@id\":\"https:\\\/\\\/www.lraloeverashop.eu\\\/es\\\/producto\\\/caja-de-tratamientos-especiales-aloe-vera\\\/#primaryimage\"},\"image\":{\"@id\":\"https:\\\/\\\/www.lraloeverashop.eu\\\/es\\\/producto\\\/caja-de-tratamientos-especiales-aloe-vera\\\/#primaryimage\"},\"thumbnailUrl\":\"https:\\\/\\\/www.lraloeverashop.eu\\\/wp-content\\\/uploads\\\/2025\\\/04\\\/Aloe-Vera-Special-Care-Bag.jpg\",\"datePublished\":\"2021-02-06T20:01:27+00:00\",\"dateModified\":\"2026-02-09T04:23:21+00:00\",\"description\":\"Caja de Tratamientos Especiales para piel irritada. Los cuatro especialistas ayudan con eccemas, acn\u00e9 y otros problemas de la piel. Ahora con gel de aloe vera fermentado\",\"breadcrumb\":{\"@id\":\"https:\\\/\\\/www.lraloeverashop.eu\\\/es\\\/producto\\\/caja-de-tratamientos-especiales-aloe-vera\\\/#breadcrumb\"},\"inLanguage\":\"es\",\"potentialAction\":[{\"@type\":\"ReadAction\",\"target\":[\"https:\\\/\\\/www.lraloeverashop.eu\\\/es\\\/producto\\\/caja-de-tratamientos-especiales-aloe-vera\\\/\"]}]},{\"@type\":\"ImageObject\",\"inLanguage\":\"es\",\"@id\":\"https:\\\/\\\/www.lraloeverashop.eu\\\/es\\\/producto\\\/caja-de-tratamientos-especiales-aloe-vera\\\/#primaryimage\",\"url\":\"https:\\\/\\\/www.lraloeverashop.eu\\\/wp-content\\\/uploads\\\/2025\\\/04\\\/Aloe-Vera-Special-Care-Bag.jpg\",\"contentUrl\":\"https:\\\/\\\/www.lraloeverashop.eu\\\/wp-content\\\/uploads\\\/2025\\\/04\\\/Aloe-Vera-Special-Care-Bag.jpg\",\"width\":1200,\"height\":1200,\"caption\":\"Aloe Vera Bolsa de Cuidado Especial - Los especialistas para cada caso\"},{\"@type\":\"BreadcrumbList\",\"@id\":\"https:\\\/\\\/www.lraloeverashop.eu\\\/es\\\/producto\\\/caja-de-tratamientos-especiales-aloe-vera\\\/#breadcrumb\",\"itemListElement\":[{\"@type\":\"ListItem\",\"position\":1,\"name\":\"Home\",\"item\":\"https:\\\/\\\/www.lraloeverashop.eu\\\/es\\\/tienda-aloe-vera-todo-para-tu-belleza-y-bienestar\\\/\"},{\"@type\":\"ListItem\",\"position\":2,\"name\":\"Tienda\",\"item\":\"https:\\\/\\\/www.lraloeverashop.eu\\\/es\\\/tienda\\\/\"},{\"@type\":\"ListItem\",\"position\":3,\"name\":\"Caja de Tratamientos Especiales con Gel de Aloe Vera Fermentado\"}]},{\"@type\":\"WebSite\",\"@id\":\"https:\\\/\\\/www.lraloeverashop.eu\\\/es\\\/#website\",\"url\":\"https:\\\/\\\/www.lraloeverashop.eu\\\/es\\\/\",\"name\":\"Lr Tienda Aloe Vera\",\"description\":\"High Quality Lr Aloe Vera Gel, Aloe Vera Cream and Shampoo\",\"publisher\":{\"@id\":\"https:\\\/\\\/www.lraloeverashop.eu\\\/es\\\/#organization\"},\"alternateName\":\"LR\",\"potentialAction\":[{\"@type\":\"SearchAction\",\"target\":{\"@type\":\"EntryPoint\",\"urlTemplate\":\"https:\\\/\\\/www.lraloeverashop.eu\\\/es\\\/?s={search_term_string}\"},\"query-input\":{\"@type\":\"PropertyValueSpecification\",\"valueRequired\":true,\"valueName\":\"search_term_string\"}}],\"inLanguage\":\"es\"},{\"@type\":\"Organization\",\"@id\":\"https:\\\/\\\/www.lraloeverashop.eu\\\/es\\\/#organization\",\"name\":\"Lr Tienda Aloe Vera\",\"alternateName\":\"LR\",\"url\":\"https:\\\/\\\/www.lraloeverashop.eu\\\/es\\\/\",\"logo\":{\"@type\":\"ImageObject\",\"inLanguage\":\"es\",\"@id\":\"https:\\\/\\\/www.lraloeverashop.eu\\\/es\\\/#\\\/schema\\\/logo\\\/image\\\/\",\"url\":\"https:\\\/\\\/www.lraloeverashop.eu\\\/wp-content\\\/uploads\\\/2022\\\/09\\\/cropped-Lr-Aloe-Vera-Shop.jpg\",\"contentUrl\":\"https:\\\/\\\/www.lraloeverashop.eu\\\/wp-content\\\/uploads\\\/2022\\\/09\\\/cropped-Lr-Aloe-Vera-Shop.jpg\",\"width\":228,\"height\":76,\"caption\":\"Lr Tienda Aloe Vera\"},\"image\":{\"@id\":\"https:\\\/\\\/www.lraloeverashop.eu\\\/es\\\/#\\\/schema\\\/logo\\\/image\\\/\"},\"sameAs\":[\"https:\\\/\\\/www.facebook.com\\\/lraloeverashop.eu\",\"https:\\\/\\\/x.com\\\/natur__kosmetik\",\"https:\\\/\\\/www.youtube.com\\\/channel\\\/UC5oN7BJ8nfYb8RpVtjwDEBA\",\"https:\\\/\\\/www.instagram.com\\\/lrbeautyeu\\\/\"],\"description\":\"La tienda Lr Aloe Vera es tu destino de confianza para productos premium de salud y belleza LR, fabricados en Alemania. Ofrecemos soluciones de alta calidad para el cuidado de la piel, nutrici\u00f3n y antienvejecimiento con Aloe Vera, elaboradas con ingredientes puros y respaldadas por investigaci\u00f3n cient\u00edfica. Descubre un cuidado natural que regenera, protege y revitaliza tu piel, y disfruta de ofertas mensuales exclusivas en nuestros productos LR Aloe Vera m\u00e1s vendidos.\\n\\nComienza hoy mismo tu camino hacia el cuidado natural de la piel y siente la diferencia.\",\"email\":\"info@lraloeverashop.eu\",\"telephone\":\"+49 17670609653\",\"legalName\":\"Lr Aloe Vera Shop\",\"foundingDate\":\"2018-04-21\",\"numberOfEmployees\":{\"@type\":\"QuantitativeValue\",\"minValue\":\"1\",\"maxValue\":\"10\"}}]}<\/script>\n<meta property=\"product:price:amount\" content=\"76.89\" \/>\n<meta property=\"product:price:currency\" content=\"EUR\" \/>\n<meta property=\"og:availability\" content=\"instock\" \/>\n<meta property=\"product:availability\" content=\"instock\" \/>\n<meta property=\"product:retailer_item_id\" content=\"20905-1ES\" \/>\n<meta property=\"product:condition\" content=\"new\" \/>\n<!-- \/ Yoast SEO Premium plugin. -->","yoast_head_json":{"title":"Caja de Tratamientos Especiales con Gel de Aloe Vera Fermentado","description":"Caja de Tratamientos Especiales para piel irritada. Los cuatro especialistas ayudan con eccemas, acn\u00e9 y otros problemas de la piel. Ahora con gel de aloe vera fermentado","robots":{"index":"index","follow":"follow","max-snippet":"max-snippet:-1","max-image-preview":"max-image-preview:large","max-video-preview":"max-video-preview:-1"},"canonical":"https:\/\/www.lraloeverashop.eu\/es\/producto\/caja-de-tratamientos-especiales-aloe-vera\/","og_locale":"es_ES","og_type":"article","og_title":"Caja de Tratamientos Especiales con Gel de Aloe Vera Fermentado","og_description":"Caja de Tratamientos Especiales para piel irritada. Los cuatro especialistas ayudan con eccemas, acn\u00e9 y otros problemas de la piel. Ahora con gel de aloe vera fermentado","og_url":"https:\/\/www.lraloeverashop.eu\/es\/producto\/caja-de-tratamientos-especiales-aloe-vera\/","og_site_name":"Lr Tienda Aloe Vera","article_publisher":"https:\/\/www.facebook.com\/lraloeverashop.eu","article_modified_time":"2026-02-09T04:23:21+00:00","og_image":[{"width":1200,"height":1200,"url":"https:\/\/www.lraloeverashop.eu\/wp-content\/uploads\/2025\/04\/Aloe-Vera-Special-Care-Bag.jpg","type":"image\/jpeg"}],"twitter_card":"summary_large_image","twitter_site":"@natur__kosmetik","schema":{"@context":"https:\/\/schema.org","@graph":[{"@type":["WebPage","ItemPage"],"@id":"https:\/\/www.lraloeverashop.eu\/es\/producto\/caja-de-tratamientos-especiales-aloe-vera\/","url":"https:\/\/www.lraloeverashop.eu\/es\/producto\/caja-de-tratamientos-especiales-aloe-vera\/","name":"Caja de Tratamientos Especiales con Gel de Aloe Vera Fermentado","isPartOf":{"@id":"https:\/\/www.lraloeverashop.eu\/es\/#website"},"primaryImageOfPage":{"@id":"https:\/\/www.lraloeverashop.eu\/es\/producto\/caja-de-tratamientos-especiales-aloe-vera\/#primaryimage"},"image":{"@id":"https:\/\/www.lraloeverashop.eu\/es\/producto\/caja-de-tratamientos-especiales-aloe-vera\/#primaryimage"},"thumbnailUrl":"https:\/\/www.lraloeverashop.eu\/wp-content\/uploads\/2025\/04\/Aloe-Vera-Special-Care-Bag.jpg","datePublished":"2021-02-06T20:01:27+00:00","dateModified":"2026-02-09T04:23:21+00:00","description":"Caja de Tratamientos Especiales para piel irritada. Los cuatro especialistas ayudan con eccemas, acn\u00e9 y otros problemas de la piel. Ahora con gel de aloe vera fermentado","breadcrumb":{"@id":"https:\/\/www.lraloeverashop.eu\/es\/producto\/caja-de-tratamientos-especiales-aloe-vera\/#breadcrumb"},"inLanguage":"es","potentialAction":[{"@type":"ReadAction","target":["https:\/\/www.lraloeverashop.eu\/es\/producto\/caja-de-tratamientos-especiales-aloe-vera\/"]}]},{"@type":"ImageObject","inLanguage":"es","@id":"https:\/\/www.lraloeverashop.eu\/es\/producto\/caja-de-tratamientos-especiales-aloe-vera\/#primaryimage","url":"https:\/\/www.lraloeverashop.eu\/wp-content\/uploads\/2025\/04\/Aloe-Vera-Special-Care-Bag.jpg","contentUrl":"https:\/\/www.lraloeverashop.eu\/wp-content\/uploads\/2025\/04\/Aloe-Vera-Special-Care-Bag.jpg","width":1200,"height":1200,"caption":"Aloe Vera Bolsa de Cuidado Especial - Los especialistas para cada caso"},{"@type":"BreadcrumbList","@id":"https:\/\/www.lraloeverashop.eu\/es\/producto\/caja-de-tratamientos-especiales-aloe-vera\/#breadcrumb","itemListElement":[{"@type":"ListItem","position":1,"name":"Home","item":"https:\/\/www.lraloeverashop.eu\/es\/tienda-aloe-vera-todo-para-tu-belleza-y-bienestar\/"},{"@type":"ListItem","position":2,"name":"Tienda","item":"https:\/\/www.lraloeverashop.eu\/es\/tienda\/"},{"@type":"ListItem","position":3,"name":"Caja de Tratamientos Especiales con Gel de Aloe Vera Fermentado"}]},{"@type":"WebSite","@id":"https:\/\/www.lraloeverashop.eu\/es\/#website","url":"https:\/\/www.lraloeverashop.eu\/es\/","name":"Lr Tienda Aloe Vera","description":"High Quality Lr Aloe Vera Gel, Aloe Vera Cream and Shampoo","publisher":{"@id":"https:\/\/www.lraloeverashop.eu\/es\/#organization"},"alternateName":"LR","potentialAction":[{"@type":"SearchAction","target":{"@type":"EntryPoint","urlTemplate":"https:\/\/www.lraloeverashop.eu\/es\/?s={search_term_string}"},"query-input":{"@type":"PropertyValueSpecification","valueRequired":true,"valueName":"search_term_string"}}],"inLanguage":"es"},{"@type":"Organization","@id":"https:\/\/www.lraloeverashop.eu\/es\/#organization","name":"Lr Tienda Aloe Vera","alternateName":"LR","url":"https:\/\/www.lraloeverashop.eu\/es\/","logo":{"@type":"ImageObject","inLanguage":"es","@id":"https:\/\/www.lraloeverashop.eu\/es\/#\/schema\/logo\/image\/","url":"https:\/\/www.lraloeverashop.eu\/wp-content\/uploads\/2022\/09\/cropped-Lr-Aloe-Vera-Shop.jpg","contentUrl":"https:\/\/www.lraloeverashop.eu\/wp-content\/uploads\/2022\/09\/cropped-Lr-Aloe-Vera-Shop.jpg","width":228,"height":76,"caption":"Lr Tienda Aloe Vera"},"image":{"@id":"https:\/\/www.lraloeverashop.eu\/es\/#\/schema\/logo\/image\/"},"sameAs":["https:\/\/www.facebook.com\/lraloeverashop.eu","https:\/\/x.com\/natur__kosmetik","https:\/\/www.youtube.com\/channel\/UC5oN7BJ8nfYb8RpVtjwDEBA","https:\/\/www.instagram.com\/lrbeautyeu\/"],"description":"La tienda Lr Aloe Vera es tu destino de confianza para productos premium de salud y belleza LR, fabricados en Alemania. Ofrecemos soluciones de alta calidad para el cuidado de la piel, nutrici\u00f3n y antienvejecimiento con Aloe Vera, elaboradas con ingredientes puros y respaldadas por investigaci\u00f3n cient\u00edfica. Descubre un cuidado natural que regenera, protege y revitaliza tu piel, y disfruta de ofertas mensuales exclusivas en nuestros productos LR Aloe Vera m\u00e1s vendidos.\n\nComienza hoy mismo tu camino hacia el cuidado natural de la piel y siente la diferencia.","email":"info@lraloeverashop.eu","telephone":"+49 17670609653","legalName":"Lr Aloe Vera Shop","foundingDate":"2018-04-21","numberOfEmployees":{"@type":"QuantitativeValue","minValue":"1","maxValue":"10"}}]},"product_price_amount":"76.89","product_price_currency":"EUR","og_availability":"instock","product_availability":"instock","product_retailer_item_id":"20905-1ES","product_condition":"new"},"taxonomy_info":{"product_cat":[{"value":217,"label":"Aloe Vera"},{"value":232,"label":"Cuidado Corporal"},{"value":265,"label":"Cuidado Especial"},{"value":242,"label":"Cuidado Facial"}],"product_tag":[{"value":569,"label":"cortes"},{"value":570,"label":"Eczema"},{"value":1208,"label":"Gel fermentado"},{"value":628,"label":"Heridas"},{"value":636,"label":"Manos secas"}]},"featured_image_src_large":["https:\/\/www.lraloeverashop.eu\/wp-content\/uploads\/2025\/04\/Aloe-Vera-Special-Care-Bag-1024x1024.jpg",1024,1024,true],"author_info":[],"comment_info":0,"_links":{"self":[{"href":"https:\/\/www.lraloeverashop.eu\/es\/wp-json\/wp\/v2\/product\/10936","targetHints":{"allow":["GET"]}}],"collection":[{"href":"https:\/\/www.lraloeverashop.eu\/es\/wp-json\/wp\/v2\/product"}],"about":[{"href":"https:\/\/www.lraloeverashop.eu\/es\/wp-json\/wp\/v2\/types\/product"}],"replies":[{"embeddable":true,"href":"https:\/\/www.lraloeverashop.eu\/es\/wp-json\/wp\/v2\/comments?post=10936"}],"wp:featuredmedia":[{"embeddable":true,"href":"https:\/\/www.lraloeverashop.eu\/es\/wp-json\/wp\/v2\/media\/27256"}],"wp:attachment":[{"href":"https:\/\/www.lraloeverashop.eu\/es\/wp-json\/wp\/v2\/media?parent=10936"}],"wp:term":[{"taxonomy":"product_brand","embeddable":true,"href":"https:\/\/www.lraloeverashop.eu\/es\/wp-json\/wp\/v2\/product_brand?post=10936"},{"taxonomy":"product_cat","embeddable":true,"href":"https:\/\/www.lraloeverashop.eu\/es\/wp-json\/wp\/v2\/product_cat?post=10936"},{"taxonomy":"product_tag","embeddable":true,"href":"https:\/\/www.lraloeverashop.eu\/es\/wp-json\/wp\/v2\/product_tag?post=10936"}],"curies":[{"name":"wp","href":"https:\/\/api.w.org\/{rel}","templated":true}]}}