{"id":10899,"date":"2022-10-09T11:47:33","date_gmt":"2022-10-09T09:47:33","guid":{"rendered":"https:\/\/www.lraloeverashop.eu\/product\/aloe-vera-gel-hidratante-concentrado\/"},"modified":"2026-02-09T05:22:41","modified_gmt":"2026-02-09T04:22:41","slug":"aloe-vera-gel-hidratante-concentrado","status":"publish","type":"product","link":"https:\/\/www.lraloeverashop.eu\/es\/producto\/aloe-vera-gel-hidratante-concentrado\/","title":{"rendered":"Concentrado de Aloe Vera Gel Hidratante"},"content":{"rendered":"<h2><span style=\"font-size: 16pt;\"><strong>Concentrado de Aloe Vera Gel Hidratante<\/strong><\/span><\/h2>\n<p><span style=\"font-size: 14pt;\"><strong>Concentrado de Aloe Vera Gel Hidratante Mejora La Elasticidad De Las Pieles<\/strong><\/span><\/p>\n<p>El Gel Concentrado Hidratante Lr Aloe Vera, con 90% <a href=\"https:\/\/www.lraloeverashop.eu\/es\/bebida-de-aloe-vera-de-lr-health-beauty\/\">Gel Aloe Vera puro<\/a>, enfr\u00eda y proporciona a la piel una hidrataci\u00f3n calmante. La piel seca mejora significativamente debido a las propiedades hidratantes del concentrado. Aloe Vera proporciona una piel m\u00e1s fresca y el\u00e1stica.<\/p>\n<p>El <a href=\"https:\/\/www.lraloeverashop.eu\/es\/concentrado-de-aloe-vera\/\">Aloe Vera Gel Hidratante<\/a> de absorci\u00f3n r\u00e1pida se puede utilizar como un producto para el <a href=\"https:\/\/www.lraloeverashop.eu\/es\/producto\/crema-para-estrias\/\">cuidado de la piel<\/a>. En el caso de sobreexposici\u00f3n al sol, por ejemplo, el concentrado enfr\u00eda y mantiene la zona afectada por igual.<\/p>\n<p>&nbsp;<\/p>\n<p><strong>Las personas de prueba indicaron:<\/strong><\/p>\n<p>\u2022 El 70 % afirma que la piel se siente muy c\u00f3moda despu\u00e9s de su uso**<br \/>\n\u2022 El 67 % est\u00e1 de acuerdo en que el concentrado alivia la sequedad de la piel**<br \/>\n\u2022 El 63 % est\u00e1 de acuerdo en que la piel se siente instant\u00e1neamente nutrida e hidratada**<\/p>\n<p>** El gel de aloe vera fue probado en 30 mujeres de 30 a 49 a\u00f1os por Dermatest GmbH durante un per\u00edodo de 2 semanas en octubre de 2007.<\/p>\n<div class=\"entry-content-asset videofit\"><iframe loading=\"lazy\" title=\"Lr Aloe Vera Gel Hidratante Concentrado Mejora La Elasticidad De Las Pieles\" width=\"720\" height=\"405\" src=\"https:\/\/www.youtube.com\/embed\/379JcDMJeM0?feature=oembed\" frameborder=\"0\" allow=\"accelerometer; autoplay; clipboard-write; encrypted-media; gyroscope; picture-in-picture; web-share\" referrerpolicy=\"strict-origin-when-cross-origin\" allowfullscreen><\/iframe><\/div>\n<p>&nbsp;<\/p>\n<p>No se a\u00f1aden fragancias adicionales al concentrado, por lo que huele suavemente a aloe vera. El gel es un humectante probado. La combinaci\u00f3n perfecta con el <a href=\"https:\/\/www.lraloeverashop.eu\/es\/producto\/lr-aloe-vera-spray-de-emergencia\/\">Spray de Emergencia de Aloe Vera<\/a>.<\/p>\n<p>El Concentrado Hidratante es particularmente beneficioso y regenera la piel estresada, as\u00ed como la irritaci\u00f3n de la piel. Los productos se encuentran una pel\u00edcula protectora sobre la <a href=\"https:\/\/www.lraloeverashop.eu\/es\/producto\/caja-de-tratamientos-especiales-aloe-vera\/\">piel estresada<\/a>; enfriamiento, calmante y promoviendo su regeneraci\u00f3n. Muy bueno para el tratamiento del eccema, heridas abiertas &#8230;<\/p>\n<p>&nbsp;<\/p>\n<h3><span style=\"font-size: 16pt;\"><strong>\u00bfSab\u00edas?<\/strong><\/span><\/h3>\n<p>Puede lograr un mayor efecto rociando el spray de emergencia de Aloe Vera antes de aplicar el Gel Concentrado de Aloe Vera. Si lo usa en la cara, debe aplicar una crema para el <a href=\"https:\/\/www.lraloeverashop.eu\/es\/categoria-producto\/aloe-vera-es\/cuidado-facial\/\">cuidado de la piel<\/a> despu\u00e9s. Por ejemplo, la crema de d\u00eda Multi-Active.<\/p>\n<p>La piel impura se beneficia de las propiedades hidratantes y equilibrantes del gel de aloe vera. La piel irritada por el sol se beneficia del efecto refrescante del Concentrado Aloe Vera Gel Hidratante. El gel calma e hidrata.<\/p>\n","protected":false},"excerpt":{"rendered":"<ul>\n<li>Gel hidratante concentrado para pieles irritadas y deshidratadas<\/li>\n<li>Con 90% Gel de Aloe Vera<\/li>\n<li>Con gel de aloe vera fermentado para mayor hidrataci\u00f3n<\/li>\n<li>Mejora la elasticidad<\/li>\n<li>La piel se calma y relaja inmediatamente<\/li>\n<li>Contenido: 100 ml<\/li>\n<\/ul>\n<p><span style=\"color: #ff0000;\"><a style=\"color: #ff0000;\" href=\"https:\/\/shop.lrworld.com\/openpao?PHP=0vFlt7jT938BEnBI3a6e9w%3D%3D\"><span style=\"font-size: 14pt;\"><strong>Reg\u00edstrate aqu\u00ed y ahorra 35% en cada compra<\/strong><\/span><\/a><\/span><\/p>\n","protected":false},"featured_media":27240,"comment_status":"open","ping_status":"closed","template":"","meta":{"_kad_blocks_custom_css":"","_kad_blocks_head_custom_js":"","_kad_blocks_body_custom_js":"","_kad_blocks_footer_custom_js":"","_kadence_starter_templates_imported_post":false,"_kad_post_transparent":"default","_kad_post_title":"","_kad_post_layout":"default","_kad_post_sidebar_id":"","_kad_post_content_style":"default","_kad_post_vertical_padding":"default","_kad_post_feature":"","_kad_post_feature_position":"","_kad_post_header":false,"_kad_post_footer":false,"_kad_post_classname":""},"product_brand":[],"product_cat":[217,265],"product_tag":[569,570,1208,628],"class_list":{"0":"post-10899","1":"product","2":"type-product","3":"status-publish","4":"has-post-thumbnail","6":"product_cat-aloe-vera-es","7":"product_cat-cuidado-especial","8":"product_tag-cortes-es","9":"product_tag-eczema-es","10":"product_tag-gel-fermentado","11":"product_tag-heridas","13":"first","14":"instock","15":"taxable","16":"shipping-taxable","17":"purchasable","18":"product-type-simple","19":"entry","20":"content-bg","21":"loop-entry"},"yoast_head":"<!-- This site is optimized with the Yoast SEO Premium plugin v27.4 (Yoast SEO v27.4) - https:\/\/yoast.com\/product\/yoast-seo-premium-wordpress\/ -->\n<title>Concentrado de Aloe Vera gel para heridas abiertas, eccema y mas<\/title>\n<meta name=\"description\" content=\"Concentrado de Aloe Vera Gel es particularmente beneficioso y regenera la piel estresada, as\u00ed como la irritaci\u00f3n de la piel. La piel se calma y relaja\" \/>\n<meta name=\"robots\" content=\"index, follow, max-snippet:-1, max-image-preview:large, max-video-preview:-1\" \/>\n<link rel=\"canonical\" href=\"https:\/\/www.lraloeverashop.eu\/es\/producto\/aloe-vera-gel-hidratante-concentrado\/\" \/>\n<meta property=\"og:locale\" content=\"es_ES\" \/>\n<meta property=\"og:type\" content=\"article\" \/>\n<meta property=\"og:title\" content=\"Concentrado de Aloe Vera Gel Hidratante\" \/>\n<meta property=\"og:description\" content=\"Concentrado de Aloe Vera Gel es particularmente beneficioso y regenera la piel estresada, as\u00ed como la irritaci\u00f3n de la piel. La piel se calma y relaja\" \/>\n<meta property=\"og:url\" content=\"https:\/\/www.lraloeverashop.eu\/es\/producto\/aloe-vera-gel-hidratante-concentrado\/\" \/>\n<meta property=\"og:site_name\" content=\"Lr Tienda Aloe Vera\" \/>\n<meta property=\"article:publisher\" content=\"https:\/\/www.facebook.com\/lraloeverashop.eu\" \/>\n<meta property=\"article:modified_time\" content=\"2026-02-09T04:22:41+00:00\" \/>\n<meta property=\"og:image\" content=\"https:\/\/www.lraloeverashop.eu\/wp-content\/uploads\/2025\/04\/Lr-Aloe-Vera-Concentrated-Gel.jpg\" \/>\n\t<meta property=\"og:image:width\" content=\"1200\" \/>\n\t<meta property=\"og:image:height\" content=\"1200\" \/>\n\t<meta property=\"og:image:type\" content=\"image\/jpeg\" \/>\n<meta name=\"twitter:card\" content=\"summary_large_image\" \/>\n<meta name=\"twitter:site\" content=\"@natur__kosmetik\" \/>\n<script type=\"application\/ld+json\" class=\"yoast-schema-graph\">{\"@context\":\"https:\\\/\\\/schema.org\",\"@graph\":[{\"@type\":[\"WebPage\",\"ItemPage\"],\"@id\":\"https:\\\/\\\/www.lraloeverashop.eu\\\/es\\\/producto\\\/aloe-vera-gel-hidratante-concentrado\\\/\",\"url\":\"https:\\\/\\\/www.lraloeverashop.eu\\\/es\\\/producto\\\/aloe-vera-gel-hidratante-concentrado\\\/\",\"name\":\"Concentrado de Aloe Vera gel para heridas abiertas, eccema y mas\",\"isPartOf\":{\"@id\":\"https:\\\/\\\/www.lraloeverashop.eu\\\/es\\\/#website\"},\"primaryImageOfPage\":{\"@id\":\"https:\\\/\\\/www.lraloeverashop.eu\\\/es\\\/producto\\\/aloe-vera-gel-hidratante-concentrado\\\/#primaryimage\"},\"image\":{\"@id\":\"https:\\\/\\\/www.lraloeverashop.eu\\\/es\\\/producto\\\/aloe-vera-gel-hidratante-concentrado\\\/#primaryimage\"},\"thumbnailUrl\":\"https:\\\/\\\/www.lraloeverashop.eu\\\/wp-content\\\/uploads\\\/2025\\\/04\\\/Lr-Aloe-Vera-Concentrated-Gel.jpg\",\"datePublished\":\"2022-10-09T09:47:33+00:00\",\"dateModified\":\"2026-02-09T04:22:41+00:00\",\"description\":\"Concentrado de Aloe Vera Gel es particularmente beneficioso y regenera la piel estresada, as\u00ed como la irritaci\u00f3n de la piel. La piel se calma y relaja\",\"breadcrumb\":{\"@id\":\"https:\\\/\\\/www.lraloeverashop.eu\\\/es\\\/producto\\\/aloe-vera-gel-hidratante-concentrado\\\/#breadcrumb\"},\"inLanguage\":\"es\",\"potentialAction\":[{\"@type\":\"ReadAction\",\"target\":[\"https:\\\/\\\/www.lraloeverashop.eu\\\/es\\\/producto\\\/aloe-vera-gel-hidratante-concentrado\\\/\"]}]},{\"@type\":\"ImageObject\",\"inLanguage\":\"es\",\"@id\":\"https:\\\/\\\/www.lraloeverashop.eu\\\/es\\\/producto\\\/aloe-vera-gel-hidratante-concentrado\\\/#primaryimage\",\"url\":\"https:\\\/\\\/www.lraloeverashop.eu\\\/wp-content\\\/uploads\\\/2025\\\/04\\\/Lr-Aloe-Vera-Concentrated-Gel.jpg\",\"contentUrl\":\"https:\\\/\\\/www.lraloeverashop.eu\\\/wp-content\\\/uploads\\\/2025\\\/04\\\/Lr-Aloe-Vera-Concentrated-Gel.jpg\",\"width\":1200,\"height\":1200,\"caption\":\"Aloe Vera Gel Hidratante Concentrado Con gel de aloe vera fermentado para mayor hidrataci\u00f3n\"},{\"@type\":\"BreadcrumbList\",\"@id\":\"https:\\\/\\\/www.lraloeverashop.eu\\\/es\\\/producto\\\/aloe-vera-gel-hidratante-concentrado\\\/#breadcrumb\",\"itemListElement\":[{\"@type\":\"ListItem\",\"position\":1,\"name\":\"Home\",\"item\":\"https:\\\/\\\/www.lraloeverashop.eu\\\/es\\\/\"},{\"@type\":\"ListItem\",\"position\":2,\"name\":\"Tienda\",\"item\":\"https:\\\/\\\/www.lraloeverashop.eu\\\/es\\\/tienda\\\/\"},{\"@type\":\"ListItem\",\"position\":3,\"name\":\"Concentrado de Aloe Vera Gel Hidratante\"}]},{\"@type\":\"WebSite\",\"@id\":\"https:\\\/\\\/www.lraloeverashop.eu\\\/es\\\/#website\",\"url\":\"https:\\\/\\\/www.lraloeverashop.eu\\\/es\\\/\",\"name\":\"Lr Tienda Aloe Vera\",\"description\":\"High Quality Lr Aloe Vera Gel, Aloe Vera Cream and Shampoo\",\"publisher\":{\"@id\":\"https:\\\/\\\/www.lraloeverashop.eu\\\/es\\\/#organization\"},\"potentialAction\":[{\"@type\":\"SearchAction\",\"target\":{\"@type\":\"EntryPoint\",\"urlTemplate\":\"https:\\\/\\\/www.lraloeverashop.eu\\\/es\\\/?s={search_term_string}\"},\"query-input\":{\"@type\":\"PropertyValueSpecification\",\"valueRequired\":true,\"valueName\":\"search_term_string\"}}],\"inLanguage\":\"es\"},{\"@type\":\"Organization\",\"@id\":\"https:\\\/\\\/www.lraloeverashop.eu\\\/es\\\/#organization\",\"name\":\"Lr Tienda Aloe Vera\",\"alternateName\":\"LR\",\"url\":\"https:\\\/\\\/www.lraloeverashop.eu\\\/es\\\/\",\"logo\":{\"@type\":\"ImageObject\",\"inLanguage\":\"es\",\"@id\":\"https:\\\/\\\/www.lraloeverashop.eu\\\/es\\\/#\\\/schema\\\/logo\\\/image\\\/\",\"url\":\"https:\\\/\\\/www.lraloeverashop.eu\\\/wp-content\\\/uploads\\\/2022\\\/09\\\/cropped-Lr-Aloe-Vera-Shop.jpg\",\"contentUrl\":\"https:\\\/\\\/www.lraloeverashop.eu\\\/wp-content\\\/uploads\\\/2022\\\/09\\\/cropped-Lr-Aloe-Vera-Shop.jpg\",\"width\":228,\"height\":76,\"caption\":\"Lr Tienda Aloe Vera\"},\"image\":{\"@id\":\"https:\\\/\\\/www.lraloeverashop.eu\\\/es\\\/#\\\/schema\\\/logo\\\/image\\\/\"},\"sameAs\":[\"https:\\\/\\\/www.facebook.com\\\/lraloeverashop.eu\",\"https:\\\/\\\/x.com\\\/natur__kosmetik\",\"https:\\\/\\\/www.youtube.com\\\/channel\\\/UC5oN7BJ8nfYb8RpVtjwDEBA\",\"https:\\\/\\\/www.instagram.com\\\/lrbeautyeu\\\/\"],\"description\":\"La tienda Lr Aloe Vera es tu destino de confianza para productos premium de salud y belleza LR, fabricados en Alemania. Ofrecemos soluciones de alta calidad para el cuidado de la piel, nutrici\u00f3n y antienvejecimiento con Aloe Vera, elaboradas con ingredientes puros y respaldadas por investigaci\u00f3n cient\u00edfica. Descubre un cuidado natural que regenera, protege y revitaliza tu piel, y disfruta de ofertas mensuales exclusivas en nuestros productos LR Aloe Vera m\u00e1s vendidos.\\n\\nComienza hoy mismo tu camino hacia el cuidado natural de la piel y siente la diferencia.\",\"email\":\"info@lraloeverashop.eu\",\"telephone\":\"+49 17670609653\",\"legalName\":\"Lr Aloe Vera Shop\",\"foundingDate\":\"2018-04-21\",\"numberOfEmployees\":{\"@type\":\"QuantitativeValue\",\"minValue\":\"1\",\"maxValue\":\"10\"}}]}<\/script>\n<meta property=\"product:price:amount\" content=\"21.99\" \/>\n<meta property=\"product:price:currency\" content=\"EUR\" \/>\n<meta property=\"og:availability\" content=\"instock\" \/>\n<meta property=\"product:availability\" content=\"instock\" \/>\n<meta property=\"product:retailer_item_id\" content=\"20601-101ES\" \/>\n<meta property=\"product:condition\" content=\"new\" \/>\n<!-- \/ Yoast SEO Premium plugin. -->","yoast_head_json":{"title":"Concentrado de Aloe Vera gel para heridas abiertas, eccema y mas","description":"Concentrado de Aloe Vera Gel es particularmente beneficioso y regenera la piel estresada, as\u00ed como la irritaci\u00f3n de la piel. La piel se calma y relaja","robots":{"index":"index","follow":"follow","max-snippet":"max-snippet:-1","max-image-preview":"max-image-preview:large","max-video-preview":"max-video-preview:-1"},"canonical":"https:\/\/www.lraloeverashop.eu\/es\/producto\/aloe-vera-gel-hidratante-concentrado\/","og_locale":"es_ES","og_type":"article","og_title":"Concentrado de Aloe Vera Gel Hidratante","og_description":"Concentrado de Aloe Vera Gel es particularmente beneficioso y regenera la piel estresada, as\u00ed como la irritaci\u00f3n de la piel. La piel se calma y relaja","og_url":"https:\/\/www.lraloeverashop.eu\/es\/producto\/aloe-vera-gel-hidratante-concentrado\/","og_site_name":"Lr Tienda Aloe Vera","article_publisher":"https:\/\/www.facebook.com\/lraloeverashop.eu","article_modified_time":"2026-02-09T04:22:41+00:00","og_image":[{"width":1200,"height":1200,"url":"https:\/\/www.lraloeverashop.eu\/wp-content\/uploads\/2025\/04\/Lr-Aloe-Vera-Concentrated-Gel.jpg","type":"image\/jpeg"}],"twitter_card":"summary_large_image","twitter_site":"@natur__kosmetik","schema":{"@context":"https:\/\/schema.org","@graph":[{"@type":["WebPage","ItemPage"],"@id":"https:\/\/www.lraloeverashop.eu\/es\/producto\/aloe-vera-gel-hidratante-concentrado\/","url":"https:\/\/www.lraloeverashop.eu\/es\/producto\/aloe-vera-gel-hidratante-concentrado\/","name":"Concentrado de Aloe Vera gel para heridas abiertas, eccema y mas","isPartOf":{"@id":"https:\/\/www.lraloeverashop.eu\/es\/#website"},"primaryImageOfPage":{"@id":"https:\/\/www.lraloeverashop.eu\/es\/producto\/aloe-vera-gel-hidratante-concentrado\/#primaryimage"},"image":{"@id":"https:\/\/www.lraloeverashop.eu\/es\/producto\/aloe-vera-gel-hidratante-concentrado\/#primaryimage"},"thumbnailUrl":"https:\/\/www.lraloeverashop.eu\/wp-content\/uploads\/2025\/04\/Lr-Aloe-Vera-Concentrated-Gel.jpg","datePublished":"2022-10-09T09:47:33+00:00","dateModified":"2026-02-09T04:22:41+00:00","description":"Concentrado de Aloe Vera Gel es particularmente beneficioso y regenera la piel estresada, as\u00ed como la irritaci\u00f3n de la piel. La piel se calma y relaja","breadcrumb":{"@id":"https:\/\/www.lraloeverashop.eu\/es\/producto\/aloe-vera-gel-hidratante-concentrado\/#breadcrumb"},"inLanguage":"es","potentialAction":[{"@type":"ReadAction","target":["https:\/\/www.lraloeverashop.eu\/es\/producto\/aloe-vera-gel-hidratante-concentrado\/"]}]},{"@type":"ImageObject","inLanguage":"es","@id":"https:\/\/www.lraloeverashop.eu\/es\/producto\/aloe-vera-gel-hidratante-concentrado\/#primaryimage","url":"https:\/\/www.lraloeverashop.eu\/wp-content\/uploads\/2025\/04\/Lr-Aloe-Vera-Concentrated-Gel.jpg","contentUrl":"https:\/\/www.lraloeverashop.eu\/wp-content\/uploads\/2025\/04\/Lr-Aloe-Vera-Concentrated-Gel.jpg","width":1200,"height":1200,"caption":"Aloe Vera Gel Hidratante Concentrado Con gel de aloe vera fermentado para mayor hidrataci\u00f3n"},{"@type":"BreadcrumbList","@id":"https:\/\/www.lraloeverashop.eu\/es\/producto\/aloe-vera-gel-hidratante-concentrado\/#breadcrumb","itemListElement":[{"@type":"ListItem","position":1,"name":"Home","item":"https:\/\/www.lraloeverashop.eu\/es\/"},{"@type":"ListItem","position":2,"name":"Tienda","item":"https:\/\/www.lraloeverashop.eu\/es\/tienda\/"},{"@type":"ListItem","position":3,"name":"Concentrado de Aloe Vera Gel Hidratante"}]},{"@type":"WebSite","@id":"https:\/\/www.lraloeverashop.eu\/es\/#website","url":"https:\/\/www.lraloeverashop.eu\/es\/","name":"Lr Tienda Aloe Vera","description":"High Quality Lr Aloe Vera Gel, Aloe Vera Cream and Shampoo","publisher":{"@id":"https:\/\/www.lraloeverashop.eu\/es\/#organization"},"potentialAction":[{"@type":"SearchAction","target":{"@type":"EntryPoint","urlTemplate":"https:\/\/www.lraloeverashop.eu\/es\/?s={search_term_string}"},"query-input":{"@type":"PropertyValueSpecification","valueRequired":true,"valueName":"search_term_string"}}],"inLanguage":"es"},{"@type":"Organization","@id":"https:\/\/www.lraloeverashop.eu\/es\/#organization","name":"Lr Tienda Aloe Vera","alternateName":"LR","url":"https:\/\/www.lraloeverashop.eu\/es\/","logo":{"@type":"ImageObject","inLanguage":"es","@id":"https:\/\/www.lraloeverashop.eu\/es\/#\/schema\/logo\/image\/","url":"https:\/\/www.lraloeverashop.eu\/wp-content\/uploads\/2022\/09\/cropped-Lr-Aloe-Vera-Shop.jpg","contentUrl":"https:\/\/www.lraloeverashop.eu\/wp-content\/uploads\/2022\/09\/cropped-Lr-Aloe-Vera-Shop.jpg","width":228,"height":76,"caption":"Lr Tienda Aloe Vera"},"image":{"@id":"https:\/\/www.lraloeverashop.eu\/es\/#\/schema\/logo\/image\/"},"sameAs":["https:\/\/www.facebook.com\/lraloeverashop.eu","https:\/\/x.com\/natur__kosmetik","https:\/\/www.youtube.com\/channel\/UC5oN7BJ8nfYb8RpVtjwDEBA","https:\/\/www.instagram.com\/lrbeautyeu\/"],"description":"La tienda Lr Aloe Vera es tu destino de confianza para productos premium de salud y belleza LR, fabricados en Alemania. Ofrecemos soluciones de alta calidad para el cuidado de la piel, nutrici\u00f3n y antienvejecimiento con Aloe Vera, elaboradas con ingredientes puros y respaldadas por investigaci\u00f3n cient\u00edfica. Descubre un cuidado natural que regenera, protege y revitaliza tu piel, y disfruta de ofertas mensuales exclusivas en nuestros productos LR Aloe Vera m\u00e1s vendidos.\n\nComienza hoy mismo tu camino hacia el cuidado natural de la piel y siente la diferencia.","email":"info@lraloeverashop.eu","telephone":"+49 17670609653","legalName":"Lr Aloe Vera Shop","foundingDate":"2018-04-21","numberOfEmployees":{"@type":"QuantitativeValue","minValue":"1","maxValue":"10"}}]},"product_price_amount":"21.99","product_price_currency":"EUR","og_availability":"instock","product_availability":"instock","product_retailer_item_id":"20601-101ES","product_condition":"new"},"taxonomy_info":{"product_cat":[{"value":217,"label":"Aloe Vera"},{"value":265,"label":"Cuidado Especial"}],"product_tag":[{"value":569,"label":"cortes"},{"value":570,"label":"Eczema"},{"value":1208,"label":"Gel fermentado"},{"value":628,"label":"Heridas"}]},"featured_image_src_large":["https:\/\/www.lraloeverashop.eu\/wp-content\/uploads\/2025\/04\/Lr-Aloe-Vera-Concentrated-Gel-1024x1024.jpg",1024,1024,true],"author_info":[],"comment_info":0,"_links":{"self":[{"href":"https:\/\/www.lraloeverashop.eu\/es\/wp-json\/wp\/v2\/product\/10899","targetHints":{"allow":["GET"]}}],"collection":[{"href":"https:\/\/www.lraloeverashop.eu\/es\/wp-json\/wp\/v2\/product"}],"about":[{"href":"https:\/\/www.lraloeverashop.eu\/es\/wp-json\/wp\/v2\/types\/product"}],"replies":[{"embeddable":true,"href":"https:\/\/www.lraloeverashop.eu\/es\/wp-json\/wp\/v2\/comments?post=10899"}],"wp:featuredmedia":[{"embeddable":true,"href":"https:\/\/www.lraloeverashop.eu\/es\/wp-json\/wp\/v2\/media\/27240"}],"wp:attachment":[{"href":"https:\/\/www.lraloeverashop.eu\/es\/wp-json\/wp\/v2\/media?parent=10899"}],"wp:term":[{"taxonomy":"product_brand","embeddable":true,"href":"https:\/\/www.lraloeverashop.eu\/es\/wp-json\/wp\/v2\/product_brand?post=10899"},{"taxonomy":"product_cat","embeddable":true,"href":"https:\/\/www.lraloeverashop.eu\/es\/wp-json\/wp\/v2\/product_cat?post=10899"},{"taxonomy":"product_tag","embeddable":true,"href":"https:\/\/www.lraloeverashop.eu\/es\/wp-json\/wp\/v2\/product_tag?post=10899"}],"curies":[{"name":"wp","href":"https:\/\/api.w.org\/{rel}","templated":true}]}}