{"id":10887,"date":"2022-10-09T12:39:53","date_gmt":"2022-10-09T10:39:53","guid":{"rendered":"https:\/\/www.lraloeverashop.eu\/product\/lr-aloe-vera-spray-de-emergencia\/"},"modified":"2026-02-09T05:22:32","modified_gmt":"2026-02-09T04:22:32","slug":"lr-aloe-vera-spray-de-emergencia","status":"publish","type":"product","link":"https:\/\/www.lraloeverashop.eu\/es\/producto\/lr-aloe-vera-spray-de-emergencia\/","title":{"rendered":"Lr Aloe Vera Spray de Emergencia"},"content":{"rendered":"<h2><span style=\"font-size: 16pt;\"><strong>Lr Aloe Vera Spray de Emergencia<\/strong><\/span><\/h2>\n<p><span style=\"font-size: 14pt;\"><strong>Lr Aloe Vera Spray De Emergencia &#8211; Un Especialista Con Poder De Aloe Vera<\/strong><\/span><\/p>\n<p>\u00bfTu piel est\u00e1 estresada y necesita una combinaci\u00f3n potente? El Aloe Vera Spray de Emergencia pone una capa protectora sobre las exigentes \u00e1reas de la piel. Debido a su contenido de 83% en Aloe Vera y 12 extractos herbarios seleccionados y probados, calma, protege la piel y proporciona la m\u00e1xima hidrataci\u00f3n. La atenci\u00f3n de emergencia perfecta con el poder del <a href=\"https:\/\/www.lraloeverashop.eu\/es\/gel-aloe-vera-puro-para-rosto-el-cabello-y-el-cuerpo\/\">Aloe Vera<\/a>.<\/p>\n<p>\u00a1Benef\u00edcio de la pericia de los <a href=\"https:\/\/www.lraloeverashop.eu\/es\/bebida-de-aloe-vera-de-lr-health-beauty\/\">Expertos de Aloe Vera<\/a>! Su alto contenido en gel de hoja de Aloe Vera puro ofrece la m\u00e1xima hidrataci\u00f3n. Con ingredientes org\u00e1nicos de cultivos certificados y productos dermatoll\u00f3gicamente probados, libres de parabenos y aceites minerales, <a href=\"https:\/\/www.lraloeverashop.eu\/es\/categoria-producto\/aloe-vera-es\/\"><strong>LR Aloe Vera Cuidado<\/strong><\/a> ofrece cuidados intensivos y eficacia.<\/p>\n<div class=\"entry-content-asset videofit\"><iframe loading=\"lazy\" title=\"Aloe Vera Spray Emergencia hidratante\" width=\"720\" height=\"405\" src=\"https:\/\/www.youtube.com\/embed\/5wHewcBH9nM?feature=oembed\" frameborder=\"0\" allow=\"accelerometer; autoplay; clipboard-write; encrypted-media; gyroscope; picture-in-picture; web-share\" referrerpolicy=\"strict-origin-when-cross-origin\" allowfullscreen><\/iframe><\/div>\n<p>&nbsp;<\/p>\n<h3><span style=\"font-size: 16pt;\"><strong>ESTUDIOS<\/strong><\/span><\/h3>\n<p><strong><span style=\"font-size: 16px;\">Los voluntarios indicaron:<\/span><\/strong><\/p>\n<p>\u2022 100 % confirman que suaviz\u00f3 las irritaciones de la piel*<br \/>\n\u2022 100 % confirman que el spray reduce los picores*<br \/>\n\u2022 100 % confirman que calma la piel*<\/p>\n<p>* Se prob\u00f3 el spray de emergencia en 30 mujeres, entre los 30 y los 50 a\u00f1os, a trav\u00e9s del Instituto Dermatest GmbH y durante un periodo de 2 semanas en octubre del 2007<\/p>\n<p>El spray de emergencia tambi\u00e9n est\u00e1 disponible en una <a href=\"https:\/\/www.lraloeverashop.eu\/es\/producto\/caja-de-tratamientos-especiales-aloe-vera\/\">Caja de Emergencia<\/a> que incluye un frasco de 150 ml junto con Aloe Vera Concentrado y Aloe Vera con pr\u00f3polis.<\/p>\n<p>\u00a1Explora los productos ahora!<\/p>\n<div class=\"entry-content-asset videofit\"><iframe loading=\"lazy\" title=\"Healing power of Aloe Vera emergency Spray\" width=\"720\" height=\"405\" src=\"https:\/\/www.youtube.com\/embed\/cHbvBlJ98Kk?feature=oembed\" frameborder=\"0\" allow=\"accelerometer; autoplay; clipboard-write; encrypted-media; gyroscope; picture-in-picture; web-share\" referrerpolicy=\"strict-origin-when-cross-origin\" allowfullscreen><\/iframe><\/div>\n<p>&nbsp;<\/p>\n<h3><strong><span style=\"font-size: 16pt;\">Modo de uso<\/span><\/strong><\/h3>\n<p>Aplique el Lr Aloe Vera Spray preferiblemente despu\u00e9s de la limpieza y antes de aplicar su cuidado habitual para la cara y el cuerpo. Es adecuado para varias formas de uso, como el alivio de la piel seca y estresada despu\u00e9s de la exposici\u00f3n al sol o <a href=\"https:\/\/www.lraloeverashop.eu\/es\/producto\/aloe-vera-gel-hidratante-concentrado\/\">eczema<\/a>, acn\u00e9 y otro problema de la piel.<\/p>\n<p>&nbsp;<\/p>\n<h4><strong><span style=\"font-size: 16pt;\">Preguntas m\u00e1s frecuentes<\/span><\/strong><\/h4>\n<p><strong>\u00bfD\u00f3nde se puede aplicar el Lr Aloe Vera Spray de Emergencia?<\/strong><br \/>\nEntre otros, se puede aplicar a varias \u00e1reas de piel estresadas. Roc\u00ede directamente sobre la piel estresada y permita que desenrede su acci\u00f3n.<\/p>\n<p><strong>\u00bfEl Lr Aloe Vera Spray de Emergencia puede ayudar a los pies cansados?<\/strong><br \/>\nEspecialmente durante los calurosos meses de verano, los pies sufren de sudoraci\u00f3n y cansancio. El Aloe Vera Instant Emergency Spray ofrece una <a href=\"https:\/\/www.lraloeverashop.eu\/es\/producto\/crema-para-estrias\/\">acci\u00f3n refrescante instant\u00e1nea<\/a>. Sus extractos herbales calman la piel.<\/p>\n<p>El afeitado frecuente irrita la piel del hombre. La mejor soluci\u00f3n es rociar un poco de Aloe Vera Instant Emergency Spray en las manos despu\u00e9s del afeitado y aplicarlo en la cara, frotando ligeramente como un after-shave. Calma y relaja la piel irritada.<\/p>\n<p><strong>\u00bfSe puede aplicar el Spray de Emergencia en el cuero cabelludo?<\/strong><br \/>\nSi experimenta grasa en el cuero cabelludo, simplemente roc\u00ede el <a href=\"https:\/\/www.lraloeverashop.eu\/es\/spray-de-emergencia-aloe-vera\/\">spray de emergencia instant\u00e1neo<\/a> en el cuero cabelludo y masajee suavemente la piel con la punta de los dedos. Ofrece una sensaci\u00f3n de frescor en el cuero cabelludo.<\/p>\n","protected":false},"excerpt":{"rendered":"<ul>\n<li>Con 83% Aloe Vera<\/li>\n<li>Con 12 extractos de hierbas seleccionados y probados<\/li>\n<li>Con gel de aloe vera fermentado para mayor hidrataci\u00f3n<\/li>\n<li>Pone una capa protectora sobre la piel exigente<\/li>\n<li>Con acci\u00f3n calmante y refrescante<\/li>\n<li>Cantidad: 400 ml<\/li>\n<\/ul>\n<p><span style=\"color: #ff0000;\"><a style=\"color: #ff0000;\" href=\"https:\/\/shop.lrworld.com\/openpao?PHP=0vFlt7jT938BEnBI3a6e9w%3D%3D\"><span style=\"font-size: 14pt;\"><strong>Reg\u00edstrate aqu\u00ed y ahorra 35% en cada compra<\/strong><\/span><\/a><\/span><\/p>\n","protected":false},"featured_media":27200,"comment_status":"open","ping_status":"closed","template":"","meta":{"_kad_blocks_custom_css":"","_kad_blocks_head_custom_js":"","_kad_blocks_body_custom_js":"","_kad_blocks_footer_custom_js":"","_kadence_starter_templates_imported_post":false,"_kad_post_transparent":"default","_kad_post_title":"","_kad_post_layout":"default","_kad_post_sidebar_id":"","_kad_post_content_style":"default","_kad_post_vertical_padding":"default","_kad_post_feature":"","_kad_post_feature_position":"","_kad_post_header":false,"_kad_post_footer":false,"_kad_post_classname":""},"product_brand":[],"product_cat":[217,232,265,356],"product_tag":[569,570,1208,628],"class_list":{"0":"post-10887","1":"product","2":"type-product","3":"status-publish","4":"has-post-thumbnail","6":"product_cat-aloe-vera-es","7":"product_cat-cuidado-corporal","8":"product_cat-cuidado-especial","9":"product_cat-ventas","10":"product_tag-cortes-es","11":"product_tag-eczema-es","12":"product_tag-gel-fermentado","13":"product_tag-heridas","15":"first","16":"instock","17":"sale","18":"taxable","19":"shipping-taxable","20":"purchasable","21":"product-type-simple","22":"entry","23":"content-bg","24":"loop-entry"},"yoast_head":"<!-- This site is optimized with the Yoast SEO Premium plugin v27.3 (Yoast SEO v27.3) - https:\/\/yoast.com\/product\/yoast-seo-premium-wordpress\/ -->\n<title>Lr Aloe Vera Spray De Emergencia con acci\u00f3n calmante<\/title>\n<meta name=\"description\" content=\"Lr Aloe Vera Spray De Emergencia Es adecuado para varias formas de uso. Alivio de la piel seca y estresada. O eczema, acn\u00e9 y otro problema de la piel\" \/>\n<meta name=\"robots\" content=\"index, follow, max-snippet:-1, max-image-preview:large, max-video-preview:-1\" \/>\n<link rel=\"canonical\" href=\"https:\/\/www.lraloeverashop.eu\/es\/producto\/lr-aloe-vera-spray-de-emergencia\/\" \/>\n<meta property=\"og:locale\" content=\"es_ES\" \/>\n<meta property=\"og:type\" content=\"article\" \/>\n<meta property=\"og:title\" content=\"Lr Aloe Vera Spray de Emergencia\" \/>\n<meta property=\"og:description\" content=\"Lr Aloe Vera Spray De Emergencia Es adecuado para varias formas de uso. Alivio de la piel seca y estresada. O eczema, acn\u00e9 y otro problema de la piel\" \/>\n<meta property=\"og:url\" content=\"https:\/\/www.lraloeverashop.eu\/es\/producto\/lr-aloe-vera-spray-de-emergencia\/\" \/>\n<meta property=\"og:site_name\" content=\"Lr Tienda Aloe Vera\" \/>\n<meta property=\"article:publisher\" content=\"https:\/\/www.facebook.com\/lraloeverashop.eu\" \/>\n<meta property=\"article:modified_time\" content=\"2026-02-09T04:22:32+00:00\" \/>\n<meta property=\"og:image\" content=\"https:\/\/www.lraloeverashop.eu\/wp-content\/uploads\/2025\/04\/Lr-Aloe-Vera-emergency-spray-new.jpg\" \/>\n\t<meta property=\"og:image:width\" content=\"1200\" \/>\n\t<meta property=\"og:image:height\" content=\"1200\" \/>\n\t<meta property=\"og:image:type\" content=\"image\/jpeg\" \/>\n<meta name=\"twitter:card\" content=\"summary_large_image\" \/>\n<meta name=\"twitter:site\" content=\"@natur__kosmetik\" \/>\n<script type=\"application\/ld+json\" class=\"yoast-schema-graph\">{\"@context\":\"https:\\\/\\\/schema.org\",\"@graph\":[{\"@type\":[\"WebPage\",\"ItemPage\"],\"@id\":\"https:\\\/\\\/www.lraloeverashop.eu\\\/es\\\/producto\\\/lr-aloe-vera-spray-de-emergencia\\\/\",\"url\":\"https:\\\/\\\/www.lraloeverashop.eu\\\/es\\\/producto\\\/lr-aloe-vera-spray-de-emergencia\\\/\",\"name\":\"Lr Aloe Vera Spray De Emergencia con acci\u00f3n calmante\",\"isPartOf\":{\"@id\":\"https:\\\/\\\/www.lraloeverashop.eu\\\/es\\\/#website\"},\"primaryImageOfPage\":{\"@id\":\"https:\\\/\\\/www.lraloeverashop.eu\\\/es\\\/producto\\\/lr-aloe-vera-spray-de-emergencia\\\/#primaryimage\"},\"image\":{\"@id\":\"https:\\\/\\\/www.lraloeverashop.eu\\\/es\\\/producto\\\/lr-aloe-vera-spray-de-emergencia\\\/#primaryimage\"},\"thumbnailUrl\":\"https:\\\/\\\/www.lraloeverashop.eu\\\/wp-content\\\/uploads\\\/2025\\\/04\\\/Lr-Aloe-Vera-emergency-spray-new.jpg\",\"datePublished\":\"2022-10-09T10:39:53+00:00\",\"dateModified\":\"2026-02-09T04:22:32+00:00\",\"description\":\"Lr Aloe Vera Spray De Emergencia Es adecuado para varias formas de uso. Alivio de la piel seca y estresada. O eczema, acn\u00e9 y otro problema de la piel\",\"breadcrumb\":{\"@id\":\"https:\\\/\\\/www.lraloeverashop.eu\\\/es\\\/producto\\\/lr-aloe-vera-spray-de-emergencia\\\/#breadcrumb\"},\"inLanguage\":\"es\",\"potentialAction\":[{\"@type\":\"ReadAction\",\"target\":[\"https:\\\/\\\/www.lraloeverashop.eu\\\/es\\\/producto\\\/lr-aloe-vera-spray-de-emergencia\\\/\"]}]},{\"@type\":\"ImageObject\",\"inLanguage\":\"es\",\"@id\":\"https:\\\/\\\/www.lraloeverashop.eu\\\/es\\\/producto\\\/lr-aloe-vera-spray-de-emergencia\\\/#primaryimage\",\"url\":\"https:\\\/\\\/www.lraloeverashop.eu\\\/wp-content\\\/uploads\\\/2025\\\/04\\\/Lr-Aloe-Vera-emergency-spray-new.jpg\",\"contentUrl\":\"https:\\\/\\\/www.lraloeverashop.eu\\\/wp-content\\\/uploads\\\/2025\\\/04\\\/Lr-Aloe-Vera-emergency-spray-new.jpg\",\"width\":1200,\"height\":1200,\"caption\":\"Aloe Vera Spray de Emergencia Con gel de aloe vera fermentado\"},{\"@type\":\"BreadcrumbList\",\"@id\":\"https:\\\/\\\/www.lraloeverashop.eu\\\/es\\\/producto\\\/lr-aloe-vera-spray-de-emergencia\\\/#breadcrumb\",\"itemListElement\":[{\"@type\":\"ListItem\",\"position\":1,\"name\":\"Home\",\"item\":\"https:\\\/\\\/www.lraloeverashop.eu\\\/es\\\/\"},{\"@type\":\"ListItem\",\"position\":2,\"name\":\"Tienda\",\"item\":\"https:\\\/\\\/www.lraloeverashop.eu\\\/es\\\/tienda\\\/\"},{\"@type\":\"ListItem\",\"position\":3,\"name\":\"Lr Aloe Vera Spray de Emergencia\"}]},{\"@type\":\"WebSite\",\"@id\":\"https:\\\/\\\/www.lraloeverashop.eu\\\/es\\\/#website\",\"url\":\"https:\\\/\\\/www.lraloeverashop.eu\\\/es\\\/\",\"name\":\"Lr Tienda Aloe Vera\",\"description\":\"High Quality Lr Aloe Vera Gel, Aloe Vera Cream and Shampoo\",\"publisher\":{\"@id\":\"https:\\\/\\\/www.lraloeverashop.eu\\\/es\\\/#organization\"},\"potentialAction\":[{\"@type\":\"SearchAction\",\"target\":{\"@type\":\"EntryPoint\",\"urlTemplate\":\"https:\\\/\\\/www.lraloeverashop.eu\\\/es\\\/?s={search_term_string}\"},\"query-input\":{\"@type\":\"PropertyValueSpecification\",\"valueRequired\":true,\"valueName\":\"search_term_string\"}}],\"inLanguage\":\"es\"},{\"@type\":\"Organization\",\"@id\":\"https:\\\/\\\/www.lraloeverashop.eu\\\/es\\\/#organization\",\"name\":\"Lr Tienda Aloe Vera\",\"alternateName\":\"LR\",\"url\":\"https:\\\/\\\/www.lraloeverashop.eu\\\/es\\\/\",\"logo\":{\"@type\":\"ImageObject\",\"inLanguage\":\"es\",\"@id\":\"https:\\\/\\\/www.lraloeverashop.eu\\\/es\\\/#\\\/schema\\\/logo\\\/image\\\/\",\"url\":\"https:\\\/\\\/www.lraloeverashop.eu\\\/wp-content\\\/uploads\\\/2022\\\/09\\\/cropped-Lr-Aloe-Vera-Shop.jpg\",\"contentUrl\":\"https:\\\/\\\/www.lraloeverashop.eu\\\/wp-content\\\/uploads\\\/2022\\\/09\\\/cropped-Lr-Aloe-Vera-Shop.jpg\",\"width\":228,\"height\":76,\"caption\":\"Lr Tienda Aloe Vera\"},\"image\":{\"@id\":\"https:\\\/\\\/www.lraloeverashop.eu\\\/es\\\/#\\\/schema\\\/logo\\\/image\\\/\"},\"sameAs\":[\"https:\\\/\\\/www.facebook.com\\\/lraloeverashop.eu\",\"https:\\\/\\\/x.com\\\/natur__kosmetik\",\"https:\\\/\\\/www.youtube.com\\\/channel\\\/UC5oN7BJ8nfYb8RpVtjwDEBA\",\"https:\\\/\\\/www.instagram.com\\\/lrbeautyeu\\\/\"]}]}<\/script>\n<meta property=\"product:price:amount\" content=\"22.99\" \/>\n<meta property=\"product:price:currency\" content=\"EUR\" \/>\n<meta property=\"og:availability\" content=\"instock\" \/>\n<meta property=\"product:availability\" content=\"instock\" \/>\n<meta property=\"product:retailer_item_id\" content=\"20600-101ES\" \/>\n<meta property=\"product:condition\" content=\"new\" \/>\n<!-- \/ Yoast SEO Premium plugin. -->","yoast_head_json":{"title":"Lr Aloe Vera Spray De Emergencia con acci\u00f3n calmante","description":"Lr Aloe Vera Spray De Emergencia Es adecuado para varias formas de uso. Alivio de la piel seca y estresada. O eczema, acn\u00e9 y otro problema de la piel","robots":{"index":"index","follow":"follow","max-snippet":"max-snippet:-1","max-image-preview":"max-image-preview:large","max-video-preview":"max-video-preview:-1"},"canonical":"https:\/\/www.lraloeverashop.eu\/es\/producto\/lr-aloe-vera-spray-de-emergencia\/","og_locale":"es_ES","og_type":"article","og_title":"Lr Aloe Vera Spray de Emergencia","og_description":"Lr Aloe Vera Spray De Emergencia Es adecuado para varias formas de uso. Alivio de la piel seca y estresada. O eczema, acn\u00e9 y otro problema de la piel","og_url":"https:\/\/www.lraloeverashop.eu\/es\/producto\/lr-aloe-vera-spray-de-emergencia\/","og_site_name":"Lr Tienda Aloe Vera","article_publisher":"https:\/\/www.facebook.com\/lraloeverashop.eu","article_modified_time":"2026-02-09T04:22:32+00:00","og_image":[{"width":1200,"height":1200,"url":"https:\/\/www.lraloeverashop.eu\/wp-content\/uploads\/2025\/04\/Lr-Aloe-Vera-emergency-spray-new.jpg","type":"image\/jpeg"}],"twitter_card":"summary_large_image","twitter_site":"@natur__kosmetik","schema":{"@context":"https:\/\/schema.org","@graph":[{"@type":["WebPage","ItemPage"],"@id":"https:\/\/www.lraloeverashop.eu\/es\/producto\/lr-aloe-vera-spray-de-emergencia\/","url":"https:\/\/www.lraloeverashop.eu\/es\/producto\/lr-aloe-vera-spray-de-emergencia\/","name":"Lr Aloe Vera Spray De Emergencia con acci\u00f3n calmante","isPartOf":{"@id":"https:\/\/www.lraloeverashop.eu\/es\/#website"},"primaryImageOfPage":{"@id":"https:\/\/www.lraloeverashop.eu\/es\/producto\/lr-aloe-vera-spray-de-emergencia\/#primaryimage"},"image":{"@id":"https:\/\/www.lraloeverashop.eu\/es\/producto\/lr-aloe-vera-spray-de-emergencia\/#primaryimage"},"thumbnailUrl":"https:\/\/www.lraloeverashop.eu\/wp-content\/uploads\/2025\/04\/Lr-Aloe-Vera-emergency-spray-new.jpg","datePublished":"2022-10-09T10:39:53+00:00","dateModified":"2026-02-09T04:22:32+00:00","description":"Lr Aloe Vera Spray De Emergencia Es adecuado para varias formas de uso. Alivio de la piel seca y estresada. O eczema, acn\u00e9 y otro problema de la piel","breadcrumb":{"@id":"https:\/\/www.lraloeverashop.eu\/es\/producto\/lr-aloe-vera-spray-de-emergencia\/#breadcrumb"},"inLanguage":"es","potentialAction":[{"@type":"ReadAction","target":["https:\/\/www.lraloeverashop.eu\/es\/producto\/lr-aloe-vera-spray-de-emergencia\/"]}]},{"@type":"ImageObject","inLanguage":"es","@id":"https:\/\/www.lraloeverashop.eu\/es\/producto\/lr-aloe-vera-spray-de-emergencia\/#primaryimage","url":"https:\/\/www.lraloeverashop.eu\/wp-content\/uploads\/2025\/04\/Lr-Aloe-Vera-emergency-spray-new.jpg","contentUrl":"https:\/\/www.lraloeverashop.eu\/wp-content\/uploads\/2025\/04\/Lr-Aloe-Vera-emergency-spray-new.jpg","width":1200,"height":1200,"caption":"Aloe Vera Spray de Emergencia Con gel de aloe vera fermentado"},{"@type":"BreadcrumbList","@id":"https:\/\/www.lraloeverashop.eu\/es\/producto\/lr-aloe-vera-spray-de-emergencia\/#breadcrumb","itemListElement":[{"@type":"ListItem","position":1,"name":"Home","item":"https:\/\/www.lraloeverashop.eu\/es\/"},{"@type":"ListItem","position":2,"name":"Tienda","item":"https:\/\/www.lraloeverashop.eu\/es\/tienda\/"},{"@type":"ListItem","position":3,"name":"Lr Aloe Vera Spray de Emergencia"}]},{"@type":"WebSite","@id":"https:\/\/www.lraloeverashop.eu\/es\/#website","url":"https:\/\/www.lraloeverashop.eu\/es\/","name":"Lr Tienda Aloe Vera","description":"High Quality Lr Aloe Vera Gel, Aloe Vera Cream and Shampoo","publisher":{"@id":"https:\/\/www.lraloeverashop.eu\/es\/#organization"},"potentialAction":[{"@type":"SearchAction","target":{"@type":"EntryPoint","urlTemplate":"https:\/\/www.lraloeverashop.eu\/es\/?s={search_term_string}"},"query-input":{"@type":"PropertyValueSpecification","valueRequired":true,"valueName":"search_term_string"}}],"inLanguage":"es"},{"@type":"Organization","@id":"https:\/\/www.lraloeverashop.eu\/es\/#organization","name":"Lr Tienda Aloe Vera","alternateName":"LR","url":"https:\/\/www.lraloeverashop.eu\/es\/","logo":{"@type":"ImageObject","inLanguage":"es","@id":"https:\/\/www.lraloeverashop.eu\/es\/#\/schema\/logo\/image\/","url":"https:\/\/www.lraloeverashop.eu\/wp-content\/uploads\/2022\/09\/cropped-Lr-Aloe-Vera-Shop.jpg","contentUrl":"https:\/\/www.lraloeverashop.eu\/wp-content\/uploads\/2022\/09\/cropped-Lr-Aloe-Vera-Shop.jpg","width":228,"height":76,"caption":"Lr Tienda Aloe Vera"},"image":{"@id":"https:\/\/www.lraloeverashop.eu\/es\/#\/schema\/logo\/image\/"},"sameAs":["https:\/\/www.facebook.com\/lraloeverashop.eu","https:\/\/x.com\/natur__kosmetik","https:\/\/www.youtube.com\/channel\/UC5oN7BJ8nfYb8RpVtjwDEBA","https:\/\/www.instagram.com\/lrbeautyeu\/"]}]},"product_price_amount":"22.99","product_price_currency":"EUR","og_availability":"instock","product_availability":"instock","product_retailer_item_id":"20600-101ES","product_condition":"new"},"taxonomy_info":{"product_cat":[{"value":217,"label":"Aloe Vera"},{"value":232,"label":"Cuidado Corporal"},{"value":265,"label":"Cuidado Especial"},{"value":356,"label":"Ventas"}],"product_tag":[{"value":569,"label":"cortes"},{"value":570,"label":"Eczema"},{"value":1208,"label":"Gel fermentado"},{"value":628,"label":"Heridas"}]},"featured_image_src_large":["https:\/\/www.lraloeverashop.eu\/wp-content\/uploads\/2025\/04\/Lr-Aloe-Vera-emergency-spray-new-1024x1024.jpg",1024,1024,true],"author_info":[],"comment_info":0,"_links":{"self":[{"href":"https:\/\/www.lraloeverashop.eu\/es\/wp-json\/wp\/v2\/product\/10887","targetHints":{"allow":["GET"]}}],"collection":[{"href":"https:\/\/www.lraloeverashop.eu\/es\/wp-json\/wp\/v2\/product"}],"about":[{"href":"https:\/\/www.lraloeverashop.eu\/es\/wp-json\/wp\/v2\/types\/product"}],"replies":[{"embeddable":true,"href":"https:\/\/www.lraloeverashop.eu\/es\/wp-json\/wp\/v2\/comments?post=10887"}],"wp:featuredmedia":[{"embeddable":true,"href":"https:\/\/www.lraloeverashop.eu\/es\/wp-json\/wp\/v2\/media\/27200"}],"wp:attachment":[{"href":"https:\/\/www.lraloeverashop.eu\/es\/wp-json\/wp\/v2\/media?parent=10887"}],"wp:term":[{"taxonomy":"product_brand","embeddable":true,"href":"https:\/\/www.lraloeverashop.eu\/es\/wp-json\/wp\/v2\/product_brand?post=10887"},{"taxonomy":"product_cat","embeddable":true,"href":"https:\/\/www.lraloeverashop.eu\/es\/wp-json\/wp\/v2\/product_cat?post=10887"},{"taxonomy":"product_tag","embeddable":true,"href":"https:\/\/www.lraloeverashop.eu\/es\/wp-json\/wp\/v2\/product_tag?post=10887"}],"curies":[{"name":"wp","href":"https:\/\/api.w.org\/{rel}","templated":true}]}}