{"id":10875,"date":"2022-10-09T13:04:55","date_gmt":"2022-10-09T11:04:55","guid":{"rendered":"https:\/\/www.lraloeverashop.eu\/product\/aloe-vera-crema-protectora-con-propoleo\/"},"modified":"2026-02-09T05:22:21","modified_gmt":"2026-02-09T04:22:21","slug":"aloe-vera-crema-protectora-con-propoleo","status":"publish","type":"product","link":"https:\/\/www.lraloeverashop.eu\/es\/producto\/aloe-vera-crema-protectora-con-propoleo\/","title":{"rendered":"Crema Con Propoleo Aloe Vera"},"content":{"rendered":"<h2><span style=\"font-size: 16pt; color: #000000;\"><strong>Crema Con Propoleo Aloe Vera<\/strong><\/span><\/h2>\n<p><span style=\"font-size: 14pt; color: #000000;\"><strong>Crema Con Propoleo Aloe Vera \u2013 propoleo crema que calma y nutre la piel extra seca y exigente<\/strong><\/span><\/p>\n<p>Propoleo Crema con 79% de Aloe Vera, adecuada para el tratamiento de pieles secas y exigentes. Aumenta la barrera natural de la piel y pone una capa protectora sobre la piel. Prop\u00f3leo se extrae del panal y ofrece una sensaci\u00f3n de cuidado y <a href=\"https:\/\/www.lraloeverashop.eu\/es\/producto\/lr-aloe-vera-spray-de-emergencia\/\">alivio a la piel<\/a>, debido a su aislamiento t\u00e9rmico combinado con el efecto hidratante del Aloe Vera.<\/p>\n<div class=\"entry-content-asset videofit\"><iframe loading=\"lazy\" title=\"Caja Aloe Vera - Un \u201cKit de Primeros Auxilios\u201d Para Todos Los Casos\" width=\"720\" height=\"405\" src=\"https:\/\/www.youtube.com\/embed\/Sns537gkO8g?feature=oembed\" frameborder=\"0\" allow=\"accelerometer; autoplay; clipboard-write; encrypted-media; gyroscope; picture-in-picture; web-share\" referrerpolicy=\"strict-origin-when-cross-origin\" allowfullscreen><\/iframe><\/div>\n<h2><span style=\"font-size: 16pt;\">C\u00f3mo utilizar Crema Con Propoleo<\/span><\/h2>\n<p>Debe ser utilizado por Piel seca &#8211; piel agrietada, Acn\u00e9, Hierve, Quistes seb\u00e1ceos, <a href=\"https:\/\/www.lraloeverashop.eu\/es\/producto\/caja-de-tratamientos-especiales-aloe-vera\/\">Eczema<\/a>, Ademas, Micosis, Hemorroides, Hinchaz\u00f3n, Manchas en la piel, Mordeduras o picaduras, Picor, Poriasis, Quemaduras, Dermatire seborreico, Peque\u00f1as heridas y Grietas en la piel y planta de los pies<\/p>\n<p>En caso de tratarse de una piel muy castigada tambi\u00e9n recomendamos: <a href=\"https:\/\/www.lraloeverashop.eu\/es\/producto\/aloe-vera-gel-hidratante-concentrado\/\">Aloe Vera Concentrado<\/a> y Aloe Vera Spray de emergencia y para el tratamiento especial de zonas espec\u00edficas de la piel Aloe Vera DermaIntense.<\/p>\n<p>&nbsp;<\/p>\n<h3><span style=\"font-size: 16pt;\"><strong>\u00bfLo Sab\u00edas?<\/strong><\/span><\/h3>\n<p>Adem\u00e1s del <a href=\"https:\/\/www.lraloeverashop.eu\/es\/producto\/crema-para-estrias\/\">Aloe Vera<\/a>, el prop\u00f3leo es uno de los ingredientes m\u00e1s importantes de la crema. Las abejas producen esta sustancia resinosa, para usarla como material de construcci\u00f3n para su panal.<\/p>\n<p>&nbsp;<\/p>\n<h3><span style=\"font-size: 16pt;\"><strong>Preguntas m\u00e1s frecuentes<\/strong><\/span><\/h3>\n<p><strong>\u00bfQu\u00e9 es el prop\u00f3leos?<\/strong><br \/>\nEl prop\u00f3leo en Crema Con Propoleo Aloe Vera es una sustancia resinosa producida por las abejas y utilizada como material de construcci\u00f3n para su panal. Las abejas lo usan para cubrir las superficies de la colmena o sellar peque\u00f1os agujeros y grietas.<\/p>\n<p><strong>\u00bfCu\u00e1les son los ingredientes del prop\u00f3leos?<\/strong><br \/>\nEl prop\u00f3leos se compone en su mayor parte de resinas naturales de cortezas y brotes de \u00e1rboles y est\u00e1 enriquecido con miel, polen, aceites esenciales, oligoelementos y vitaminas.<\/p>\n","protected":false},"excerpt":{"rendered":"<ul>\n<li>Crema rica para la piel seca que necesita cuidado<\/li>\n<li>Con 79% de Aloe Vera y extracto de cera de abeja<\/li>\n<li>Con gel de aloe vera fermentado para mayor hidrataci\u00f3n<\/li>\n<li>Aumenta la barrera natural de la piel y pone una capa protectora sobre la piel<\/li>\n<li>Relaja y calma la piel<\/li>\n<li>Contenido: 100 ml<\/li>\n<\/ul>\n<p><span style=\"color: #ff0000;\"><a style=\"color: #ff0000;\" href=\"https:\/\/shop.lrworld.com\/openpao?PHP=0vFlt7jT938BEnBI3a6e9w%3D%3D\"><span style=\"font-size: 14pt;\"><strong>Reg\u00edstrate aqu\u00ed y ahorra 35% en cada compra<\/strong><\/span><\/a><\/span><\/p>\n","protected":false},"featured_media":27232,"comment_status":"open","ping_status":"closed","template":"","meta":{"_kad_blocks_custom_css":"","_kad_blocks_head_custom_js":"","_kad_blocks_body_custom_js":"","_kad_blocks_footer_custom_js":"","_kadence_starter_templates_imported_post":false,"_kad_post_transparent":"default","_kad_post_title":"","_kad_post_layout":"default","_kad_post_sidebar_id":"","_kad_post_content_style":"default","_kad_post_vertical_padding":"default","_kad_post_feature":"","_kad_post_feature_position":"","_kad_post_header":false,"_kad_post_footer":false,"_kad_post_classname":""},"product_brand":[],"product_cat":[217,265],"product_tag":[1208,636,637],"class_list":{"0":"post-10875","1":"product","2":"type-product","3":"status-publish","4":"has-post-thumbnail","6":"product_cat-aloe-vera-es","7":"product_cat-cuidado-especial","8":"product_tag-gel-fermentado","9":"product_tag-manos-secas","10":"product_tag-piel-seca","12":"first","13":"instock","14":"taxable","15":"shipping-taxable","16":"purchasable","17":"product-type-simple","18":"entry","19":"content-bg","20":"loop-entry"},"yoast_head":"<!-- This site is optimized with the Yoast SEO Premium plugin v27.3 (Yoast SEO v27.3) - https:\/\/yoast.com\/product\/yoast-seo-premium-wordpress\/ -->\n<title>Crema Con Propoleo Aloe Vera calma y nutre la piel extra seca<\/title>\n<meta name=\"description\" content=\"Crema con propoleo aloe vera aumenta la barrera natural de la piel, pone una capa protectora sobre la piel. Con 79% de Aloe Vera y extracto de cera de abeja\" \/>\n<meta name=\"robots\" content=\"index, follow, max-snippet:-1, max-image-preview:large, max-video-preview:-1\" \/>\n<link rel=\"canonical\" href=\"https:\/\/www.lraloeverashop.eu\/es\/producto\/aloe-vera-crema-protectora-con-propoleo\/\" \/>\n<meta property=\"og:locale\" content=\"es_ES\" \/>\n<meta property=\"og:type\" content=\"article\" \/>\n<meta property=\"og:title\" content=\"Crema Con Propoleo Aloe Vera\" \/>\n<meta property=\"og:description\" content=\"Crema con propoleo aloe vera aumenta la barrera natural de la piel, pone una capa protectora sobre la piel. Con 79% de Aloe Vera y extracto de cera de abeja\" \/>\n<meta property=\"og:url\" content=\"https:\/\/www.lraloeverashop.eu\/es\/producto\/aloe-vera-crema-protectora-con-propoleo\/\" \/>\n<meta property=\"og:site_name\" content=\"Lr Tienda Aloe Vera\" \/>\n<meta property=\"article:publisher\" content=\"https:\/\/www.facebook.com\/lraloeverashop.eu\" \/>\n<meta property=\"article:modified_time\" content=\"2026-02-09T04:22:21+00:00\" \/>\n<meta property=\"og:image\" content=\"https:\/\/www.lraloeverashop.eu\/wp-content\/uploads\/2025\/04\/Aloe-Vera-Cream-with-Propolis.jpg\" \/>\n\t<meta property=\"og:image:width\" content=\"1200\" \/>\n\t<meta property=\"og:image:height\" content=\"1200\" \/>\n\t<meta property=\"og:image:type\" content=\"image\/jpeg\" \/>\n<meta name=\"twitter:card\" content=\"summary_large_image\" \/>\n<meta name=\"twitter:site\" content=\"@natur__kosmetik\" \/>\n<script type=\"application\/ld+json\" class=\"yoast-schema-graph\">{\"@context\":\"https:\\\/\\\/schema.org\",\"@graph\":[{\"@type\":[\"WebPage\",\"ItemPage\"],\"@id\":\"https:\\\/\\\/www.lraloeverashop.eu\\\/es\\\/producto\\\/aloe-vera-crema-protectora-con-propoleo\\\/\",\"url\":\"https:\\\/\\\/www.lraloeverashop.eu\\\/es\\\/producto\\\/aloe-vera-crema-protectora-con-propoleo\\\/\",\"name\":\"Crema Con Propoleo Aloe Vera calma y nutre la piel extra seca\",\"isPartOf\":{\"@id\":\"https:\\\/\\\/www.lraloeverashop.eu\\\/es\\\/#website\"},\"primaryImageOfPage\":{\"@id\":\"https:\\\/\\\/www.lraloeverashop.eu\\\/es\\\/producto\\\/aloe-vera-crema-protectora-con-propoleo\\\/#primaryimage\"},\"image\":{\"@id\":\"https:\\\/\\\/www.lraloeverashop.eu\\\/es\\\/producto\\\/aloe-vera-crema-protectora-con-propoleo\\\/#primaryimage\"},\"thumbnailUrl\":\"https:\\\/\\\/www.lraloeverashop.eu\\\/wp-content\\\/uploads\\\/2025\\\/04\\\/Aloe-Vera-Cream-with-Propolis.jpg\",\"datePublished\":\"2022-10-09T11:04:55+00:00\",\"dateModified\":\"2026-02-09T04:22:21+00:00\",\"description\":\"Crema con propoleo aloe vera aumenta la barrera natural de la piel, pone una capa protectora sobre la piel. Con 79% de Aloe Vera y extracto de cera de abeja\",\"breadcrumb\":{\"@id\":\"https:\\\/\\\/www.lraloeverashop.eu\\\/es\\\/producto\\\/aloe-vera-crema-protectora-con-propoleo\\\/#breadcrumb\"},\"inLanguage\":\"es\",\"potentialAction\":[{\"@type\":\"ReadAction\",\"target\":[\"https:\\\/\\\/www.lraloeverashop.eu\\\/es\\\/producto\\\/aloe-vera-crema-protectora-con-propoleo\\\/\"]}]},{\"@type\":\"ImageObject\",\"inLanguage\":\"es\",\"@id\":\"https:\\\/\\\/www.lraloeverashop.eu\\\/es\\\/producto\\\/aloe-vera-crema-protectora-con-propoleo\\\/#primaryimage\",\"url\":\"https:\\\/\\\/www.lraloeverashop.eu\\\/wp-content\\\/uploads\\\/2025\\\/04\\\/Aloe-Vera-Cream-with-Propolis.jpg\",\"contentUrl\":\"https:\\\/\\\/www.lraloeverashop.eu\\\/wp-content\\\/uploads\\\/2025\\\/04\\\/Aloe-Vera-Cream-with-Propolis.jpg\",\"width\":1200,\"height\":1200,\"caption\":\"Crema de Aloe Vera con Prop\u00f3leo y con gel de aloe vera fermentado para mayor hidrataci\u00f3n\"},{\"@type\":\"BreadcrumbList\",\"@id\":\"https:\\\/\\\/www.lraloeverashop.eu\\\/es\\\/producto\\\/aloe-vera-crema-protectora-con-propoleo\\\/#breadcrumb\",\"itemListElement\":[{\"@type\":\"ListItem\",\"position\":1,\"name\":\"Home\",\"item\":\"https:\\\/\\\/www.lraloeverashop.eu\\\/es\\\/\"},{\"@type\":\"ListItem\",\"position\":2,\"name\":\"Tienda\",\"item\":\"https:\\\/\\\/www.lraloeverashop.eu\\\/es\\\/tienda\\\/\"},{\"@type\":\"ListItem\",\"position\":3,\"name\":\"Crema Con Propoleo Aloe Vera\"}]},{\"@type\":\"WebSite\",\"@id\":\"https:\\\/\\\/www.lraloeverashop.eu\\\/es\\\/#website\",\"url\":\"https:\\\/\\\/www.lraloeverashop.eu\\\/es\\\/\",\"name\":\"Lr Tienda Aloe Vera\",\"description\":\"High Quality Lr Aloe Vera Gel, Aloe Vera Cream and Shampoo\",\"publisher\":{\"@id\":\"https:\\\/\\\/www.lraloeverashop.eu\\\/es\\\/#organization\"},\"potentialAction\":[{\"@type\":\"SearchAction\",\"target\":{\"@type\":\"EntryPoint\",\"urlTemplate\":\"https:\\\/\\\/www.lraloeverashop.eu\\\/es\\\/?s={search_term_string}\"},\"query-input\":{\"@type\":\"PropertyValueSpecification\",\"valueRequired\":true,\"valueName\":\"search_term_string\"}}],\"inLanguage\":\"es\"},{\"@type\":\"Organization\",\"@id\":\"https:\\\/\\\/www.lraloeverashop.eu\\\/es\\\/#organization\",\"name\":\"Lr Tienda Aloe Vera\",\"alternateName\":\"LR\",\"url\":\"https:\\\/\\\/www.lraloeverashop.eu\\\/es\\\/\",\"logo\":{\"@type\":\"ImageObject\",\"inLanguage\":\"es\",\"@id\":\"https:\\\/\\\/www.lraloeverashop.eu\\\/es\\\/#\\\/schema\\\/logo\\\/image\\\/\",\"url\":\"https:\\\/\\\/www.lraloeverashop.eu\\\/wp-content\\\/uploads\\\/2022\\\/09\\\/cropped-Lr-Aloe-Vera-Shop.jpg\",\"contentUrl\":\"https:\\\/\\\/www.lraloeverashop.eu\\\/wp-content\\\/uploads\\\/2022\\\/09\\\/cropped-Lr-Aloe-Vera-Shop.jpg\",\"width\":228,\"height\":76,\"caption\":\"Lr Tienda Aloe Vera\"},\"image\":{\"@id\":\"https:\\\/\\\/www.lraloeverashop.eu\\\/es\\\/#\\\/schema\\\/logo\\\/image\\\/\"},\"sameAs\":[\"https:\\\/\\\/www.facebook.com\\\/lraloeverashop.eu\",\"https:\\\/\\\/x.com\\\/natur__kosmetik\",\"https:\\\/\\\/www.youtube.com\\\/channel\\\/UC5oN7BJ8nfYb8RpVtjwDEBA\",\"https:\\\/\\\/www.instagram.com\\\/lrbeautyeu\\\/\"]}]}<\/script>\n<meta property=\"product:price:amount\" content=\"27.99\" \/>\n<meta property=\"product:price:currency\" content=\"EUR\" \/>\n<meta property=\"og:availability\" content=\"instock\" \/>\n<meta property=\"product:availability\" content=\"instock\" \/>\n<meta property=\"product:retailer_item_id\" content=\"20602-201ES\" \/>\n<meta property=\"product:condition\" content=\"new\" \/>\n<!-- \/ Yoast SEO Premium plugin. -->","yoast_head_json":{"title":"Crema Con Propoleo Aloe Vera calma y nutre la piel extra seca","description":"Crema con propoleo aloe vera aumenta la barrera natural de la piel, pone una capa protectora sobre la piel. Con 79% de Aloe Vera y extracto de cera de abeja","robots":{"index":"index","follow":"follow","max-snippet":"max-snippet:-1","max-image-preview":"max-image-preview:large","max-video-preview":"max-video-preview:-1"},"canonical":"https:\/\/www.lraloeverashop.eu\/es\/producto\/aloe-vera-crema-protectora-con-propoleo\/","og_locale":"es_ES","og_type":"article","og_title":"Crema Con Propoleo Aloe Vera","og_description":"Crema con propoleo aloe vera aumenta la barrera natural de la piel, pone una capa protectora sobre la piel. Con 79% de Aloe Vera y extracto de cera de abeja","og_url":"https:\/\/www.lraloeverashop.eu\/es\/producto\/aloe-vera-crema-protectora-con-propoleo\/","og_site_name":"Lr Tienda Aloe Vera","article_publisher":"https:\/\/www.facebook.com\/lraloeverashop.eu","article_modified_time":"2026-02-09T04:22:21+00:00","og_image":[{"width":1200,"height":1200,"url":"https:\/\/www.lraloeverashop.eu\/wp-content\/uploads\/2025\/04\/Aloe-Vera-Cream-with-Propolis.jpg","type":"image\/jpeg"}],"twitter_card":"summary_large_image","twitter_site":"@natur__kosmetik","schema":{"@context":"https:\/\/schema.org","@graph":[{"@type":["WebPage","ItemPage"],"@id":"https:\/\/www.lraloeverashop.eu\/es\/producto\/aloe-vera-crema-protectora-con-propoleo\/","url":"https:\/\/www.lraloeverashop.eu\/es\/producto\/aloe-vera-crema-protectora-con-propoleo\/","name":"Crema Con Propoleo Aloe Vera calma y nutre la piel extra seca","isPartOf":{"@id":"https:\/\/www.lraloeverashop.eu\/es\/#website"},"primaryImageOfPage":{"@id":"https:\/\/www.lraloeverashop.eu\/es\/producto\/aloe-vera-crema-protectora-con-propoleo\/#primaryimage"},"image":{"@id":"https:\/\/www.lraloeverashop.eu\/es\/producto\/aloe-vera-crema-protectora-con-propoleo\/#primaryimage"},"thumbnailUrl":"https:\/\/www.lraloeverashop.eu\/wp-content\/uploads\/2025\/04\/Aloe-Vera-Cream-with-Propolis.jpg","datePublished":"2022-10-09T11:04:55+00:00","dateModified":"2026-02-09T04:22:21+00:00","description":"Crema con propoleo aloe vera aumenta la barrera natural de la piel, pone una capa protectora sobre la piel. Con 79% de Aloe Vera y extracto de cera de abeja","breadcrumb":{"@id":"https:\/\/www.lraloeverashop.eu\/es\/producto\/aloe-vera-crema-protectora-con-propoleo\/#breadcrumb"},"inLanguage":"es","potentialAction":[{"@type":"ReadAction","target":["https:\/\/www.lraloeverashop.eu\/es\/producto\/aloe-vera-crema-protectora-con-propoleo\/"]}]},{"@type":"ImageObject","inLanguage":"es","@id":"https:\/\/www.lraloeverashop.eu\/es\/producto\/aloe-vera-crema-protectora-con-propoleo\/#primaryimage","url":"https:\/\/www.lraloeverashop.eu\/wp-content\/uploads\/2025\/04\/Aloe-Vera-Cream-with-Propolis.jpg","contentUrl":"https:\/\/www.lraloeverashop.eu\/wp-content\/uploads\/2025\/04\/Aloe-Vera-Cream-with-Propolis.jpg","width":1200,"height":1200,"caption":"Crema de Aloe Vera con Prop\u00f3leo y con gel de aloe vera fermentado para mayor hidrataci\u00f3n"},{"@type":"BreadcrumbList","@id":"https:\/\/www.lraloeverashop.eu\/es\/producto\/aloe-vera-crema-protectora-con-propoleo\/#breadcrumb","itemListElement":[{"@type":"ListItem","position":1,"name":"Home","item":"https:\/\/www.lraloeverashop.eu\/es\/"},{"@type":"ListItem","position":2,"name":"Tienda","item":"https:\/\/www.lraloeverashop.eu\/es\/tienda\/"},{"@type":"ListItem","position":3,"name":"Crema Con Propoleo Aloe Vera"}]},{"@type":"WebSite","@id":"https:\/\/www.lraloeverashop.eu\/es\/#website","url":"https:\/\/www.lraloeverashop.eu\/es\/","name":"Lr Tienda Aloe Vera","description":"High Quality Lr Aloe Vera Gel, Aloe Vera Cream and Shampoo","publisher":{"@id":"https:\/\/www.lraloeverashop.eu\/es\/#organization"},"potentialAction":[{"@type":"SearchAction","target":{"@type":"EntryPoint","urlTemplate":"https:\/\/www.lraloeverashop.eu\/es\/?s={search_term_string}"},"query-input":{"@type":"PropertyValueSpecification","valueRequired":true,"valueName":"search_term_string"}}],"inLanguage":"es"},{"@type":"Organization","@id":"https:\/\/www.lraloeverashop.eu\/es\/#organization","name":"Lr Tienda Aloe Vera","alternateName":"LR","url":"https:\/\/www.lraloeverashop.eu\/es\/","logo":{"@type":"ImageObject","inLanguage":"es","@id":"https:\/\/www.lraloeverashop.eu\/es\/#\/schema\/logo\/image\/","url":"https:\/\/www.lraloeverashop.eu\/wp-content\/uploads\/2022\/09\/cropped-Lr-Aloe-Vera-Shop.jpg","contentUrl":"https:\/\/www.lraloeverashop.eu\/wp-content\/uploads\/2022\/09\/cropped-Lr-Aloe-Vera-Shop.jpg","width":228,"height":76,"caption":"Lr Tienda Aloe Vera"},"image":{"@id":"https:\/\/www.lraloeverashop.eu\/es\/#\/schema\/logo\/image\/"},"sameAs":["https:\/\/www.facebook.com\/lraloeverashop.eu","https:\/\/x.com\/natur__kosmetik","https:\/\/www.youtube.com\/channel\/UC5oN7BJ8nfYb8RpVtjwDEBA","https:\/\/www.instagram.com\/lrbeautyeu\/"]}]},"product_price_amount":"27.99","product_price_currency":"EUR","og_availability":"instock","product_availability":"instock","product_retailer_item_id":"20602-201ES","product_condition":"new"},"taxonomy_info":{"product_cat":[{"value":217,"label":"Aloe Vera"},{"value":265,"label":"Cuidado Especial"}],"product_tag":[{"value":1208,"label":"Gel fermentado"},{"value":636,"label":"Manos secas"},{"value":637,"label":"Piel seca"}]},"featured_image_src_large":["https:\/\/www.lraloeverashop.eu\/wp-content\/uploads\/2025\/04\/Aloe-Vera-Cream-with-Propolis-1024x1024.jpg",1024,1024,true],"author_info":[],"comment_info":0,"_links":{"self":[{"href":"https:\/\/www.lraloeverashop.eu\/es\/wp-json\/wp\/v2\/product\/10875","targetHints":{"allow":["GET"]}}],"collection":[{"href":"https:\/\/www.lraloeverashop.eu\/es\/wp-json\/wp\/v2\/product"}],"about":[{"href":"https:\/\/www.lraloeverashop.eu\/es\/wp-json\/wp\/v2\/types\/product"}],"replies":[{"embeddable":true,"href":"https:\/\/www.lraloeverashop.eu\/es\/wp-json\/wp\/v2\/comments?post=10875"}],"wp:featuredmedia":[{"embeddable":true,"href":"https:\/\/www.lraloeverashop.eu\/es\/wp-json\/wp\/v2\/media\/27232"}],"wp:attachment":[{"href":"https:\/\/www.lraloeverashop.eu\/es\/wp-json\/wp\/v2\/media?parent=10875"}],"wp:term":[{"taxonomy":"product_brand","embeddable":true,"href":"https:\/\/www.lraloeverashop.eu\/es\/wp-json\/wp\/v2\/product_brand?post=10875"},{"taxonomy":"product_cat","embeddable":true,"href":"https:\/\/www.lraloeverashop.eu\/es\/wp-json\/wp\/v2\/product_cat?post=10875"},{"taxonomy":"product_tag","embeddable":true,"href":"https:\/\/www.lraloeverashop.eu\/es\/wp-json\/wp\/v2\/product_tag?post=10875"}],"curies":[{"name":"wp","href":"https:\/\/api.w.org\/{rel}","templated":true}]}}