{"id":10851,"date":"2022-10-09T14:54:30","date_gmt":"2022-10-09T12:54:30","guid":{"rendered":"https:\/\/www.lraloeverashop.eu\/product\/aloe-vera-locion-termica-set-2-piezas\/"},"modified":"2026-02-09T05:21:59","modified_gmt":"2026-02-09T04:21:59","slug":"aloe-vera-locion-termica-set-2-piezas","status":"publish","type":"product","link":"https:\/\/www.lraloeverashop.eu\/es\/producto\/aloe-vera-locion-termica-set-2-piezas\/","title":{"rendered":"Aloe Vera Loci\u00f3n T\u00e9rmica Set 2 Piezas"},"content":{"rendered":"<h2><span style=\"font-size: 16pt;\"><strong>Aloe Vera Loci\u00f3n T\u00e9rmica Set 2 Piezas<\/strong><\/span><\/h2>\n<p><span style=\"font-size: 14pt;\"><strong>Aloe Vera Loci\u00f3n T\u00e9rmica Set 2 Piezas \u2013 La mejor loci\u00f3n para un masaje relajante<\/strong><\/span><\/p>\n<p>La Aloe Vera Loci\u00f3n T\u00e9rmica Set 2 Piezas contiene 45% Aloe Vera y es una <a href=\"https:\/\/www.lraloeverashop.eu\/es\/producto\/aloe-vera-locion-termica-relajante\/\">loci\u00f3n de masaje<\/a> ideal. Los aceites esenciales que contiene ofrecen a la piel una ligera sensaci\u00f3n de frescura y se convierte lentamente en una agradable sensaci\u00f3n de calidez que provoca una relajaci\u00f3n inmediata. El aceite de Eucapyptus aumenta la circulaci\u00f3n sangu\u00ednea en la zona masaje al tiempo que ofrece un agradable sentido de enfriamiento a la piel. Su alto contenido en Aloe Vera y su textura nutritiva, rica en aceites de cuidado, es altamente beneficioso para la piel.<\/p>\n<h3><span style=\"font-size: 16pt;\"><strong>C\u00f3mo utilizar<\/strong><\/span><\/h3>\n<p>Aplique la Aloe Vera Loci\u00f3n T\u00e9rmica Set 2 Piezas en su piel y masajee suavemente. \u00a1Evite el contacto con los ojos y l\u00e1vese bien las manos despu\u00e9s de cada aplicaci\u00f3n!<\/p>\n<div class=\"entry-content-asset videofit\"><iframe loading=\"lazy\" title=\"Aloe Vera Loci\u00f3n T\u00e9rmica Relajante\" width=\"720\" height=\"405\" src=\"https:\/\/www.youtube.com\/embed\/WOUV1nMxPCw?feature=oembed\" frameborder=\"0\" allow=\"accelerometer; autoplay; clipboard-write; encrypted-media; gyroscope; picture-in-picture; web-share\" referrerpolicy=\"strict-origin-when-cross-origin\" allowfullscreen><\/iframe><\/div>\n<p>&nbsp;<\/p>\n<p><span style=\"font-size: 14pt;\"><strong>CONSEJO 1: ALOE VERA LOCI\u00d3N T\u00c9RMICA PARA MASAJE<\/strong><\/span><\/p>\n<p>Gracias a los aceites naturales de jojoba, hueso de albaricoque y s\u00e9samo, la loci\u00f3n t\u00e9rmica de Aloe Vera es perfecta como crema de masaje. Para obtener unos resultados perfectos, aplique primero el <a href=\"https:\/\/www.lraloeverashop.eu\/es\/producto\/lr-aloe-vera-spray-de-emergencia\/\">spray de emergencia<\/a> para aumentar la capacidad de absorci\u00f3n de la piel.<\/p>\n<p>&nbsp;<\/p>\n<p><span style=\"font-size: 14pt;\"><strong>CONSEJO 2: ALOE VERA LOCI\u00d3N T\u00c9RMICA PARA AGARROTAMIENTOS EN<\/strong><\/span><br \/>\n<span style=\"font-size: 14pt;\"><strong>LA ZONA DE LA NUCA<\/strong><\/span><\/p>\n<p>Un poco de loci\u00f3n t\u00e9rmica en las sienes y la nuca son suficientes para reducir esa inc\u00f3moda <a href=\"https:\/\/www.lraloeverashop.eu\/es\/aloe-vera-locion-termica\/\">presi\u00f3n en la cabeza<\/a>. Estimula la circulaci\u00f3n sangu\u00ednea y neutraliza los bloqueos.<\/p>\n<p>&nbsp;<\/p>\n<h4><strong><span style=\"font-size: 16pt;\">Preguntas m\u00e1s frecuentes<\/span><\/strong><\/h4>\n<p><strong>\u00bfEn qu\u00e9 casos se recomienda usar la Aloe Vera Loci\u00f3n T\u00e9rmica Relajante?<\/strong><br \/>\nLa Loci\u00f3n Termo Aliviadora Lr Aloe Vera ofrece una relajaci\u00f3n placentera en nuestra vida cotidiana. Despu\u00e9s de largas horas en posici\u00f3n sentada o de pie, un masaje con la loci\u00f3n alivia las <a href=\"https:\/\/www.lraloeverashop.eu\/es\/producto\/aloe-vera-crema-de-pies\/\">piernas<\/a> y las articulaciones desgastadas. Despu\u00e9s de la sesi\u00f3n de masaje, es recomendable acostarse un rato y relajarse con los pies en alto.<\/p>\n<p><strong>\u00bfLa Aloe Vera Loci\u00f3n T\u00e9rmica Relajante es adecuada para el masaje deportivo?<\/strong><br \/>\nLa Loci\u00f3n Termo Aliviadora Lr Aloe Vera combina las propiedades hidratantes del Aloe Vera con aceites naturales, como el aceite de eucalipto, que mejoran la circulaci\u00f3n sangu\u00ednea. Es adecuado para un\u00a0<a href=\"https:\/\/www.lraloeverashop.eu\/es\/producto\/aloe-vera-gel-corporal-msm\/\">masaje relajante<\/a>\u00a0y atento.<\/p>\n<p><strong>\u00bfSe puede usar la Aloe Vera Loci\u00f3n T\u00e9rmica Relajante para los pies fr\u00edos?<\/strong><br \/>\nLos pies fr\u00edos son una molestia com\u00fan, especialmente para las mujeres durante el invierno. Si experimenta este problema y tiene dificultades para conciliar el sue\u00f1o, puede usar Thermo Lotion en sus pies regularmente.<\/p>\n","protected":false},"excerpt":{"rendered":"<ul>\n<li>Loci\u00f3n curativa para el cuidado de la piel y la tensi\u00f3n muscular<\/li>\n<li>45% gel de aloe vera y aceites esenciales naturales<\/li>\n<li>Hidrata y nutre<\/li>\n<li>Promueve la circulaci\u00f3n muscular<\/li>\n<li>Los m\u00fasculos est\u00e1n relajados y la piel es flexible<\/li>\n<li>Contenido: 2 x 100ml<\/li>\n<\/ul>\n<p><span style=\"color: #ff0000;\"><a style=\"color: #ff0000;\" href=\"https:\/\/shop.lrworld.com\/openpao?PHP=0vFlt7jT938BEnBI3a6e9w%3D%3D\"><span style=\"font-size: 14pt;\"><strong>Reg\u00edstrate aqu\u00ed y ahorra 35% en cada compra<\/strong><\/span><\/a><\/span><\/p>\n","protected":false},"featured_media":4793,"comment_status":"open","ping_status":"closed","template":"","meta":{"_kad_blocks_custom_css":"","_kad_blocks_head_custom_js":"","_kad_blocks_body_custom_js":"","_kad_blocks_footer_custom_js":"","_kadence_starter_templates_imported_post":false,"_kad_post_transparent":"default","_kad_post_title":"","_kad_post_layout":"default","_kad_post_sidebar_id":"","_kad_post_content_style":"default","_kad_post_vertical_padding":"default","_kad_post_feature":"","_kad_post_feature_position":"","_kad_post_header":false,"_kad_post_footer":false,"_kad_post_classname":""},"product_brand":[],"product_cat":[217,265,356],"product_tag":[572,573,577,575],"class_list":{"0":"post-10851","1":"product","2":"type-product","3":"status-publish","4":"has-post-thumbnail","6":"product_cat-aloe-vera-es","7":"product_cat-cuidado-especial","8":"product_cat-ventas","9":"product_tag-dolor-en-las-articulaciones","10":"product_tag-masaje","11":"product_tag-piernas-cansadas","12":"product_tag-tension-muscular","14":"first","15":"outofstock","16":"sale","17":"taxable","18":"shipping-taxable","19":"purchasable","20":"product-type-simple","21":"entry","22":"content-bg","23":"loop-entry"},"yoast_head":"<!-- This site is optimized with the Yoast SEO Premium plugin v27.5 (Yoast SEO v27.5) - https:\/\/yoast.com\/product\/yoast-seo-premium-wordpress\/ -->\n<title>Aloe Vera Loci\u00f3n T\u00e9rmica Set 2 Piezas Para un Masaje Relajante<\/title>\n<meta name=\"description\" content=\"Aloe Vera Loci\u00f3n T\u00e9rmica Set 2 Piezas combina las propiedades hidratantes del Aloe Vera con los aceites naturales. Es apto para masajes relajantes.\" \/>\n<meta name=\"robots\" content=\"index, follow, max-snippet:-1, max-image-preview:large, max-video-preview:-1\" \/>\n<link rel=\"canonical\" href=\"https:\/\/www.lraloeverashop.eu\/es\/producto\/aloe-vera-locion-termica-set-2-piezas\/\" \/>\n<meta property=\"og:locale\" content=\"es_ES\" \/>\n<meta property=\"og:type\" content=\"article\" \/>\n<meta property=\"og:title\" content=\"Aloe Vera Loci\u00f3n T\u00e9rmica Set 2 Piezas\" \/>\n<meta property=\"og:description\" content=\"Aloe Vera Loci\u00f3n T\u00e9rmica Set 2 Piezas combina las propiedades hidratantes del Aloe Vera con los aceites naturales. Es apto para masajes relajantes.\" \/>\n<meta property=\"og:url\" content=\"https:\/\/www.lraloeverashop.eu\/es\/producto\/aloe-vera-locion-termica-set-2-piezas\/\" \/>\n<meta property=\"og:site_name\" content=\"Lr Tienda Aloe Vera\" \/>\n<meta property=\"article:publisher\" content=\"https:\/\/www.facebook.com\/lraloeverashop.eu\" \/>\n<meta property=\"article:modified_time\" content=\"2026-02-09T04:21:59+00:00\" \/>\n<meta property=\"og:image\" content=\"https:\/\/www.lraloeverashop.eu\/wp-content\/uploads\/2022\/10\/Aloe-Vera-Relieving-Thermo-Lotion-Set-of-2-for-massage.jpg\" \/>\n\t<meta property=\"og:image:width\" content=\"1200\" \/>\n\t<meta property=\"og:image:height\" content=\"1200\" \/>\n\t<meta property=\"og:image:type\" content=\"image\/jpeg\" \/>\n<meta name=\"twitter:card\" content=\"summary_large_image\" \/>\n<meta name=\"twitter:site\" content=\"@natur__kosmetik\" \/>\n<script type=\"application\/ld+json\" class=\"yoast-schema-graph\">{\"@context\":\"https:\\\/\\\/schema.org\",\"@graph\":[{\"@type\":[\"WebPage\",\"ItemPage\"],\"@id\":\"https:\\\/\\\/www.lraloeverashop.eu\\\/es\\\/producto\\\/aloe-vera-locion-termica-set-2-piezas\\\/\",\"url\":\"https:\\\/\\\/www.lraloeverashop.eu\\\/es\\\/producto\\\/aloe-vera-locion-termica-set-2-piezas\\\/\",\"name\":\"Aloe Vera Loci\u00f3n T\u00e9rmica Set 2 Piezas Para un Masaje Relajante\",\"isPartOf\":{\"@id\":\"https:\\\/\\\/www.lraloeverashop.eu\\\/es\\\/#website\"},\"primaryImageOfPage\":{\"@id\":\"https:\\\/\\\/www.lraloeverashop.eu\\\/es\\\/producto\\\/aloe-vera-locion-termica-set-2-piezas\\\/#primaryimage\"},\"image\":{\"@id\":\"https:\\\/\\\/www.lraloeverashop.eu\\\/es\\\/producto\\\/aloe-vera-locion-termica-set-2-piezas\\\/#primaryimage\"},\"thumbnailUrl\":\"https:\\\/\\\/www.lraloeverashop.eu\\\/wp-content\\\/uploads\\\/2022\\\/10\\\/Aloe-Vera-Relieving-Thermo-Lotion-Set-of-2-for-massage.jpg\",\"datePublished\":\"2022-10-09T12:54:30+00:00\",\"dateModified\":\"2026-02-09T04:21:59+00:00\",\"description\":\"Aloe Vera Loci\u00f3n T\u00e9rmica Set 2 Piezas combina las propiedades hidratantes del Aloe Vera con los aceites naturales. Es apto para masajes relajantes.\",\"breadcrumb\":{\"@id\":\"https:\\\/\\\/www.lraloeverashop.eu\\\/es\\\/producto\\\/aloe-vera-locion-termica-set-2-piezas\\\/#breadcrumb\"},\"inLanguage\":\"es\",\"potentialAction\":[{\"@type\":\"ReadAction\",\"target\":[\"https:\\\/\\\/www.lraloeverashop.eu\\\/es\\\/producto\\\/aloe-vera-locion-termica-set-2-piezas\\\/\"]}]},{\"@type\":\"ImageObject\",\"inLanguage\":\"es\",\"@id\":\"https:\\\/\\\/www.lraloeverashop.eu\\\/es\\\/producto\\\/aloe-vera-locion-termica-set-2-piezas\\\/#primaryimage\",\"url\":\"https:\\\/\\\/www.lraloeverashop.eu\\\/wp-content\\\/uploads\\\/2022\\\/10\\\/Aloe-Vera-Relieving-Thermo-Lotion-Set-of-2-for-massage.jpg\",\"contentUrl\":\"https:\\\/\\\/www.lraloeverashop.eu\\\/wp-content\\\/uploads\\\/2022\\\/10\\\/Aloe-Vera-Relieving-Thermo-Lotion-Set-of-2-for-massage.jpg\",\"width\":1200,\"height\":1200,\"caption\":\"Loci\u00f3n t\u00e9rmica de aloe vera set de 2 para masaje\"},{\"@type\":\"BreadcrumbList\",\"@id\":\"https:\\\/\\\/www.lraloeverashop.eu\\\/es\\\/producto\\\/aloe-vera-locion-termica-set-2-piezas\\\/#breadcrumb\",\"itemListElement\":[{\"@type\":\"ListItem\",\"position\":1,\"name\":\"Home\",\"item\":\"https:\\\/\\\/www.lraloeverashop.eu\\\/es\\\/tienda-aloe-vera-todo-para-tu-belleza-y-bienestar\\\/\"},{\"@type\":\"ListItem\",\"position\":2,\"name\":\"Tienda\",\"item\":\"https:\\\/\\\/www.lraloeverashop.eu\\\/es\\\/tienda\\\/\"},{\"@type\":\"ListItem\",\"position\":3,\"name\":\"Aloe Vera Loci\u00f3n T\u00e9rmica Set 2 Piezas\"}]},{\"@type\":\"WebSite\",\"@id\":\"https:\\\/\\\/www.lraloeverashop.eu\\\/es\\\/#website\",\"url\":\"https:\\\/\\\/www.lraloeverashop.eu\\\/es\\\/\",\"name\":\"Lr Tienda Aloe Vera\",\"description\":\"High Quality Lr Aloe Vera Gel, Aloe Vera Cream and Shampoo\",\"publisher\":{\"@id\":\"https:\\\/\\\/www.lraloeverashop.eu\\\/es\\\/#organization\"},\"alternateName\":\"LR\",\"potentialAction\":[{\"@type\":\"SearchAction\",\"target\":{\"@type\":\"EntryPoint\",\"urlTemplate\":\"https:\\\/\\\/www.lraloeverashop.eu\\\/es\\\/?s={search_term_string}\"},\"query-input\":{\"@type\":\"PropertyValueSpecification\",\"valueRequired\":true,\"valueName\":\"search_term_string\"}}],\"inLanguage\":\"es\"},{\"@type\":\"Organization\",\"@id\":\"https:\\\/\\\/www.lraloeverashop.eu\\\/es\\\/#organization\",\"name\":\"Lr Tienda Aloe Vera\",\"alternateName\":\"LR\",\"url\":\"https:\\\/\\\/www.lraloeverashop.eu\\\/es\\\/\",\"logo\":{\"@type\":\"ImageObject\",\"inLanguage\":\"es\",\"@id\":\"https:\\\/\\\/www.lraloeverashop.eu\\\/es\\\/#\\\/schema\\\/logo\\\/image\\\/\",\"url\":\"https:\\\/\\\/www.lraloeverashop.eu\\\/wp-content\\\/uploads\\\/2022\\\/09\\\/cropped-Lr-Aloe-Vera-Shop.jpg\",\"contentUrl\":\"https:\\\/\\\/www.lraloeverashop.eu\\\/wp-content\\\/uploads\\\/2022\\\/09\\\/cropped-Lr-Aloe-Vera-Shop.jpg\",\"width\":228,\"height\":76,\"caption\":\"Lr Tienda Aloe Vera\"},\"image\":{\"@id\":\"https:\\\/\\\/www.lraloeverashop.eu\\\/es\\\/#\\\/schema\\\/logo\\\/image\\\/\"},\"sameAs\":[\"https:\\\/\\\/www.facebook.com\\\/lraloeverashop.eu\",\"https:\\\/\\\/x.com\\\/natur__kosmetik\",\"https:\\\/\\\/www.youtube.com\\\/channel\\\/UC5oN7BJ8nfYb8RpVtjwDEBA\",\"https:\\\/\\\/www.instagram.com\\\/lrbeautyeu\\\/\"],\"description\":\"La tienda Lr Aloe Vera es tu destino de confianza para productos premium de salud y belleza LR, fabricados en Alemania. Ofrecemos soluciones de alta calidad para el cuidado de la piel, nutrici\u00f3n y antienvejecimiento con Aloe Vera, elaboradas con ingredientes puros y respaldadas por investigaci\u00f3n cient\u00edfica. Descubre un cuidado natural que regenera, protege y revitaliza tu piel, y disfruta de ofertas mensuales exclusivas en nuestros productos LR Aloe Vera m\u00e1s vendidos.\\n\\nComienza hoy mismo tu camino hacia el cuidado natural de la piel y siente la diferencia.\",\"email\":\"info@lraloeverashop.eu\",\"telephone\":\"+49 17670609653\",\"legalName\":\"Lr Aloe Vera Shop\",\"foundingDate\":\"2018-04-21\",\"numberOfEmployees\":{\"@type\":\"QuantitativeValue\",\"minValue\":\"1\",\"maxValue\":\"10\"}}]}<\/script>\n<meta property=\"product:price:amount\" content=\"30.99\" \/>\n<meta property=\"product:price:currency\" content=\"EUR\" \/>\n<meta property=\"og:availability\" content=\"out of stock\" \/>\n<meta property=\"product:availability\" content=\"out of stock\" \/>\n<meta property=\"product:retailer_item_id\" content=\"20728-1ES\" \/>\n<meta property=\"product:condition\" content=\"new\" \/>\n<!-- \/ Yoast SEO Premium plugin. -->","yoast_head_json":{"title":"Aloe Vera Loci\u00f3n T\u00e9rmica Set 2 Piezas Para un Masaje Relajante","description":"Aloe Vera Loci\u00f3n T\u00e9rmica Set 2 Piezas combina las propiedades hidratantes del Aloe Vera con los aceites naturales. Es apto para masajes relajantes.","robots":{"index":"index","follow":"follow","max-snippet":"max-snippet:-1","max-image-preview":"max-image-preview:large","max-video-preview":"max-video-preview:-1"},"canonical":"https:\/\/www.lraloeverashop.eu\/es\/producto\/aloe-vera-locion-termica-set-2-piezas\/","og_locale":"es_ES","og_type":"article","og_title":"Aloe Vera Loci\u00f3n T\u00e9rmica Set 2 Piezas","og_description":"Aloe Vera Loci\u00f3n T\u00e9rmica Set 2 Piezas combina las propiedades hidratantes del Aloe Vera con los aceites naturales. Es apto para masajes relajantes.","og_url":"https:\/\/www.lraloeverashop.eu\/es\/producto\/aloe-vera-locion-termica-set-2-piezas\/","og_site_name":"Lr Tienda Aloe Vera","article_publisher":"https:\/\/www.facebook.com\/lraloeverashop.eu","article_modified_time":"2026-02-09T04:21:59+00:00","og_image":[{"width":1200,"height":1200,"url":"https:\/\/www.lraloeverashop.eu\/wp-content\/uploads\/2022\/10\/Aloe-Vera-Relieving-Thermo-Lotion-Set-of-2-for-massage.jpg","type":"image\/jpeg"}],"twitter_card":"summary_large_image","twitter_site":"@natur__kosmetik","schema":{"@context":"https:\/\/schema.org","@graph":[{"@type":["WebPage","ItemPage"],"@id":"https:\/\/www.lraloeverashop.eu\/es\/producto\/aloe-vera-locion-termica-set-2-piezas\/","url":"https:\/\/www.lraloeverashop.eu\/es\/producto\/aloe-vera-locion-termica-set-2-piezas\/","name":"Aloe Vera Loci\u00f3n T\u00e9rmica Set 2 Piezas Para un Masaje Relajante","isPartOf":{"@id":"https:\/\/www.lraloeverashop.eu\/es\/#website"},"primaryImageOfPage":{"@id":"https:\/\/www.lraloeverashop.eu\/es\/producto\/aloe-vera-locion-termica-set-2-piezas\/#primaryimage"},"image":{"@id":"https:\/\/www.lraloeverashop.eu\/es\/producto\/aloe-vera-locion-termica-set-2-piezas\/#primaryimage"},"thumbnailUrl":"https:\/\/www.lraloeverashop.eu\/wp-content\/uploads\/2022\/10\/Aloe-Vera-Relieving-Thermo-Lotion-Set-of-2-for-massage.jpg","datePublished":"2022-10-09T12:54:30+00:00","dateModified":"2026-02-09T04:21:59+00:00","description":"Aloe Vera Loci\u00f3n T\u00e9rmica Set 2 Piezas combina las propiedades hidratantes del Aloe Vera con los aceites naturales. Es apto para masajes relajantes.","breadcrumb":{"@id":"https:\/\/www.lraloeverashop.eu\/es\/producto\/aloe-vera-locion-termica-set-2-piezas\/#breadcrumb"},"inLanguage":"es","potentialAction":[{"@type":"ReadAction","target":["https:\/\/www.lraloeverashop.eu\/es\/producto\/aloe-vera-locion-termica-set-2-piezas\/"]}]},{"@type":"ImageObject","inLanguage":"es","@id":"https:\/\/www.lraloeverashop.eu\/es\/producto\/aloe-vera-locion-termica-set-2-piezas\/#primaryimage","url":"https:\/\/www.lraloeverashop.eu\/wp-content\/uploads\/2022\/10\/Aloe-Vera-Relieving-Thermo-Lotion-Set-of-2-for-massage.jpg","contentUrl":"https:\/\/www.lraloeverashop.eu\/wp-content\/uploads\/2022\/10\/Aloe-Vera-Relieving-Thermo-Lotion-Set-of-2-for-massage.jpg","width":1200,"height":1200,"caption":"Loci\u00f3n t\u00e9rmica de aloe vera set de 2 para masaje"},{"@type":"BreadcrumbList","@id":"https:\/\/www.lraloeverashop.eu\/es\/producto\/aloe-vera-locion-termica-set-2-piezas\/#breadcrumb","itemListElement":[{"@type":"ListItem","position":1,"name":"Home","item":"https:\/\/www.lraloeverashop.eu\/es\/tienda-aloe-vera-todo-para-tu-belleza-y-bienestar\/"},{"@type":"ListItem","position":2,"name":"Tienda","item":"https:\/\/www.lraloeverashop.eu\/es\/tienda\/"},{"@type":"ListItem","position":3,"name":"Aloe Vera Loci\u00f3n T\u00e9rmica Set 2 Piezas"}]},{"@type":"WebSite","@id":"https:\/\/www.lraloeverashop.eu\/es\/#website","url":"https:\/\/www.lraloeverashop.eu\/es\/","name":"Lr Tienda Aloe Vera","description":"High Quality Lr Aloe Vera Gel, Aloe Vera Cream and Shampoo","publisher":{"@id":"https:\/\/www.lraloeverashop.eu\/es\/#organization"},"alternateName":"LR","potentialAction":[{"@type":"SearchAction","target":{"@type":"EntryPoint","urlTemplate":"https:\/\/www.lraloeverashop.eu\/es\/?s={search_term_string}"},"query-input":{"@type":"PropertyValueSpecification","valueRequired":true,"valueName":"search_term_string"}}],"inLanguage":"es"},{"@type":"Organization","@id":"https:\/\/www.lraloeverashop.eu\/es\/#organization","name":"Lr Tienda Aloe Vera","alternateName":"LR","url":"https:\/\/www.lraloeverashop.eu\/es\/","logo":{"@type":"ImageObject","inLanguage":"es","@id":"https:\/\/www.lraloeverashop.eu\/es\/#\/schema\/logo\/image\/","url":"https:\/\/www.lraloeverashop.eu\/wp-content\/uploads\/2022\/09\/cropped-Lr-Aloe-Vera-Shop.jpg","contentUrl":"https:\/\/www.lraloeverashop.eu\/wp-content\/uploads\/2022\/09\/cropped-Lr-Aloe-Vera-Shop.jpg","width":228,"height":76,"caption":"Lr Tienda Aloe Vera"},"image":{"@id":"https:\/\/www.lraloeverashop.eu\/es\/#\/schema\/logo\/image\/"},"sameAs":["https:\/\/www.facebook.com\/lraloeverashop.eu","https:\/\/x.com\/natur__kosmetik","https:\/\/www.youtube.com\/channel\/UC5oN7BJ8nfYb8RpVtjwDEBA","https:\/\/www.instagram.com\/lrbeautyeu\/"],"description":"La tienda Lr Aloe Vera es tu destino de confianza para productos premium de salud y belleza LR, fabricados en Alemania. Ofrecemos soluciones de alta calidad para el cuidado de la piel, nutrici\u00f3n y antienvejecimiento con Aloe Vera, elaboradas con ingredientes puros y respaldadas por investigaci\u00f3n cient\u00edfica. Descubre un cuidado natural que regenera, protege y revitaliza tu piel, y disfruta de ofertas mensuales exclusivas en nuestros productos LR Aloe Vera m\u00e1s vendidos.\n\nComienza hoy mismo tu camino hacia el cuidado natural de la piel y siente la diferencia.","email":"info@lraloeverashop.eu","telephone":"+49 17670609653","legalName":"Lr Aloe Vera Shop","foundingDate":"2018-04-21","numberOfEmployees":{"@type":"QuantitativeValue","minValue":"1","maxValue":"10"}}]},"product_price_amount":"30.99","product_price_currency":"EUR","og_availability":"out of stock","product_availability":"out of stock","product_retailer_item_id":"20728-1ES","product_condition":"new"},"taxonomy_info":{"product_cat":[{"value":217,"label":"Aloe Vera"},{"value":265,"label":"Cuidado Especial"},{"value":356,"label":"Ventas"}],"product_tag":[{"value":572,"label":"Dolor en las articulaciones"},{"value":573,"label":"Masaje"},{"value":577,"label":"Piernas cansadas"},{"value":575,"label":"Tension muscular"}]},"featured_image_src_large":["https:\/\/www.lraloeverashop.eu\/wp-content\/uploads\/2022\/10\/Aloe-Vera-Relieving-Thermo-Lotion-Set-of-2-for-massage-1024x1024.jpg",1024,1024,true],"author_info":[],"comment_info":0,"_links":{"self":[{"href":"https:\/\/www.lraloeverashop.eu\/es\/wp-json\/wp\/v2\/product\/10851","targetHints":{"allow":["GET"]}}],"collection":[{"href":"https:\/\/www.lraloeverashop.eu\/es\/wp-json\/wp\/v2\/product"}],"about":[{"href":"https:\/\/www.lraloeverashop.eu\/es\/wp-json\/wp\/v2\/types\/product"}],"replies":[{"embeddable":true,"href":"https:\/\/www.lraloeverashop.eu\/es\/wp-json\/wp\/v2\/comments?post=10851"}],"wp:featuredmedia":[{"embeddable":true,"href":"https:\/\/www.lraloeverashop.eu\/es\/wp-json\/wp\/v2\/media\/4793"}],"wp:attachment":[{"href":"https:\/\/www.lraloeverashop.eu\/es\/wp-json\/wp\/v2\/media?parent=10851"}],"wp:term":[{"taxonomy":"product_brand","embeddable":true,"href":"https:\/\/www.lraloeverashop.eu\/es\/wp-json\/wp\/v2\/product_brand?post=10851"},{"taxonomy":"product_cat","embeddable":true,"href":"https:\/\/www.lraloeverashop.eu\/es\/wp-json\/wp\/v2\/product_cat?post=10851"},{"taxonomy":"product_tag","embeddable":true,"href":"https:\/\/www.lraloeverashop.eu\/es\/wp-json\/wp\/v2\/product_tag?post=10851"}],"curies":[{"name":"wp","href":"https:\/\/api.w.org\/{rel}","templated":true}]}}