{"id":10790,"date":"2022-10-09T17:30:17","date_gmt":"2022-10-09T15:30:17","guid":{"rendered":"https:\/\/www.lraloeverashop.eu\/product\/aloe-vera-champu-masculino-esencial\/"},"modified":"2026-02-09T05:21:13","modified_gmt":"2026-02-09T04:21:13","slug":"aloe-vera-champu-masculino-esencial","status":"publish","type":"product","link":"https:\/\/www.lraloeverashop.eu\/es\/producto\/aloe-vera-champu-masculino-esencial\/","title":{"rendered":"Champ\u00fa Para Hombres Aloe Vera"},"content":{"rendered":"<h2><span style=\"font-size: 16pt;\">Champ\u00fa Para Hombres Aloe Vera<\/span><\/h2>\n<p><strong><span style=\"font-size: 14pt;\">Champ\u00fa Para Hombres Aloe Vera 4en1 Para el Cuerpo, Cara, Cabello y Barba<\/span><\/strong><\/p>\n<p>Champ\u00fa Masculino Esencial de Aloe Vera para el Cuerpo, <a href=\"https:\/\/www.lraloeverashop.eu\/es\/producto\/aloe-vera-crema-antiestres\/\">Cara<\/a>, Cabello y Barba limpia suavemente y refresca todo el cuerpo en un solo paso.<\/p>\n<p>Pr\u00e1ctico producto de ducha con un 15% de aloe vera y extracto de l\u00fapulo org\u00e1nico. El <a href=\"https:\/\/www.lraloeverashop.eu\/es\/producto\/aloe-vera-champu-para-cabello-y-cuerpo\/\">aroma irresistible<\/a>, fresco y amaderado completa la experiencia de la ducha.<\/p>\n<p>Champ\u00fa Para Hombres Limpia de manera suave y confiable la piel, el cabello y la barba y elimina los residuos de las influencias ambientales y los odores externos. Proporciona hidrataci\u00f3n fiable a la <a href=\"https:\/\/www.lraloeverashop.eu\/es\/producto\/beauty-shot-5en1-para-hombres\/\">piel<\/a> y al cabello y deja una sensaci\u00f3n refrescante. Perfecto para la ducha diaria.<\/p>\n<p>Hay m\u00e1s productos de alta calidad de Lr Health &amp; Beauty para hombres. Visite nuestra <a href=\"https:\/\/www.lraloeverashop.eu\/es\/categoria-producto\/aloe-vera-es\/cuidado-masculino\/\">categor\u00eda de cuidado masculino<\/a> con aloe vera.<\/p>\n<p>Si necesitas un producto especial para el cabello est\u00e1s en el lugar indicado. La categor\u00eda de cuidado del cabello Aloe Vera contiene productos para <a href=\"https:\/\/www.lraloeverashop.eu\/es\/categoria-producto\/aloe-vera-es\/cuidado-capilar\/\">cabello da\u00f1ado<\/a>.<\/p>\n<p>&nbsp;<\/p>\n<h3><span style=\"font-size: 16pt;\">C\u00f3mo utilizar<\/span><\/h3>\n<p>Extender Champ\u00fa Masculino\u00a0por todo el cuerpo en la ducha, hacer una ligera espuma y aclarar con agua.<\/p>\n","protected":false},"excerpt":{"rendered":"<ul>\n<li>Nuevo y limitado<\/li>\n<li>Limpieza general de pies a cabeza<\/li>\n<li>Con 15% de aloe vera y extracto de l\u00fapulo org\u00e1nico<\/li>\n<li>Hecho en Alemania<\/li>\n<li>Contenido: 250ml<\/li>\n<\/ul>\n<p><span style=\"color: #ff0000;\"><a style=\"color: #ff0000;\" href=\"https:\/\/shop.lrworld.com\/openpao?PHP=0vFlt7jT938BEnBI3a6e9w%3D%3D\"><span style=\"font-size: 14pt;\"><strong>Reg\u00edstrate aqu\u00ed y ahorra 35% en cada compra<\/strong><\/span><\/a><\/span><\/p>\n","protected":false},"featured_media":4847,"comment_status":"open","ping_status":"closed","template":"","meta":{"_kad_blocks_custom_css":"","_kad_blocks_head_custom_js":"","_kad_blocks_body_custom_js":"","_kad_blocks_footer_custom_js":"","_kadence_starter_templates_imported_post":false,"_kad_post_transparent":"default","_kad_post_title":"","_kad_post_layout":"default","_kad_post_sidebar_id":"","_kad_post_content_style":"default","_kad_post_vertical_padding":"default","_kad_post_feature":"","_kad_post_feature_position":"","_kad_post_header":false,"_kad_post_footer":false,"_kad_post_classname":""},"product_brand":[],"product_cat":[217,247,232,253],"product_tag":[522,697,574],"class_list":{"0":"post-10790","1":"product","2":"type-product","3":"status-publish","4":"has-post-thumbnail","6":"product_cat-aloe-vera-es","7":"product_cat-cuidado-capilar","8":"product_cat-cuidado-corporal","9":"product_cat-cuidado-masculino","10":"product_tag-barba-es","11":"product_tag-gel-de-ducha","12":"product_tag-productos-para-hombres","14":"first","15":"instock","16":"taxable","17":"shipping-taxable","18":"purchasable","19":"product-type-simple","20":"entry","21":"content-bg","22":"loop-entry"},"yoast_head":"<!-- This site is optimized with the Yoast SEO Premium plugin v27.4 (Yoast SEO v27.4) - https:\/\/yoast.com\/product\/yoast-seo-premium-wordpress\/ -->\n<title>Champ\u00fa Para hombres aloe vera para la limpieza suave y confiable<\/title>\n<meta name=\"description\" content=\"Champ\u00fa Para Hombres Aloe Vera Para el Cuerpo, Cara, Cabello y Barba limpia suavemente y refresca todo el cuerpo en un solo paso. Con 15% de Aloe Vera Gel\" \/>\n<meta name=\"robots\" content=\"index, follow, max-snippet:-1, max-image-preview:large, max-video-preview:-1\" \/>\n<link rel=\"canonical\" href=\"https:\/\/www.lraloeverashop.eu\/es\/producto\/aloe-vera-champu-masculino-esencial\/\" \/>\n<meta property=\"og:locale\" content=\"es_ES\" \/>\n<meta property=\"og:type\" content=\"article\" \/>\n<meta property=\"og:title\" content=\"Champ\u00fa Para Hombres Aloe Vera\" \/>\n<meta property=\"og:description\" content=\"Champ\u00fa Para Hombres Aloe Vera Para el Cuerpo, Cara, Cabello y Barba limpia suavemente y refresca todo el cuerpo en un solo paso. Con 15% de Aloe Vera Gel\" \/>\n<meta property=\"og:url\" content=\"https:\/\/www.lraloeverashop.eu\/es\/producto\/aloe-vera-champu-masculino-esencial\/\" \/>\n<meta property=\"og:site_name\" content=\"Lr Tienda Aloe Vera\" \/>\n<meta property=\"article:publisher\" content=\"https:\/\/www.facebook.com\/lraloeverashop.eu\" \/>\n<meta property=\"article:modified_time\" content=\"2026-02-09T04:21:13+00:00\" \/>\n<meta property=\"og:image\" content=\"https:\/\/www.lraloeverashop.eu\/wp-content\/uploads\/2022\/10\/Lr-Aloe-Vera-Mens-Essentials-Shampoo.jpg\" \/>\n\t<meta property=\"og:image:width\" content=\"1200\" \/>\n\t<meta property=\"og:image:height\" content=\"1200\" \/>\n\t<meta property=\"og:image:type\" content=\"image\/jpeg\" \/>\n<meta name=\"twitter:card\" content=\"summary_large_image\" \/>\n<meta name=\"twitter:site\" content=\"@natur__kosmetik\" \/>\n<script type=\"application\/ld+json\" class=\"yoast-schema-graph\">{\"@context\":\"https:\\\/\\\/schema.org\",\"@graph\":[{\"@type\":[\"WebPage\",\"ItemPage\"],\"@id\":\"https:\\\/\\\/www.lraloeverashop.eu\\\/es\\\/producto\\\/aloe-vera-champu-masculino-esencial\\\/\",\"url\":\"https:\\\/\\\/www.lraloeverashop.eu\\\/es\\\/producto\\\/aloe-vera-champu-masculino-esencial\\\/\",\"name\":\"Champ\u00fa Para hombres aloe vera para la limpieza suave y confiable\",\"isPartOf\":{\"@id\":\"https:\\\/\\\/www.lraloeverashop.eu\\\/es\\\/#website\"},\"primaryImageOfPage\":{\"@id\":\"https:\\\/\\\/www.lraloeverashop.eu\\\/es\\\/producto\\\/aloe-vera-champu-masculino-esencial\\\/#primaryimage\"},\"image\":{\"@id\":\"https:\\\/\\\/www.lraloeverashop.eu\\\/es\\\/producto\\\/aloe-vera-champu-masculino-esencial\\\/#primaryimage\"},\"thumbnailUrl\":\"https:\\\/\\\/www.lraloeverashop.eu\\\/wp-content\\\/uploads\\\/2022\\\/10\\\/Lr-Aloe-Vera-Mens-Essentials-Shampoo.jpg\",\"datePublished\":\"2022-10-09T15:30:17+00:00\",\"dateModified\":\"2026-02-09T04:21:13+00:00\",\"description\":\"Champ\u00fa Para Hombres Aloe Vera Para el Cuerpo, Cara, Cabello y Barba limpia suavemente y refresca todo el cuerpo en un solo paso. Con 15% de Aloe Vera Gel\",\"breadcrumb\":{\"@id\":\"https:\\\/\\\/www.lraloeverashop.eu\\\/es\\\/producto\\\/aloe-vera-champu-masculino-esencial\\\/#breadcrumb\"},\"inLanguage\":\"es\",\"potentialAction\":[{\"@type\":\"ReadAction\",\"target\":[\"https:\\\/\\\/www.lraloeverashop.eu\\\/es\\\/producto\\\/aloe-vera-champu-masculino-esencial\\\/\"]}]},{\"@type\":\"ImageObject\",\"inLanguage\":\"es\",\"@id\":\"https:\\\/\\\/www.lraloeverashop.eu\\\/es\\\/producto\\\/aloe-vera-champu-masculino-esencial\\\/#primaryimage\",\"url\":\"https:\\\/\\\/www.lraloeverashop.eu\\\/wp-content\\\/uploads\\\/2022\\\/10\\\/Lr-Aloe-Vera-Mens-Essentials-Shampoo.jpg\",\"contentUrl\":\"https:\\\/\\\/www.lraloeverashop.eu\\\/wp-content\\\/uploads\\\/2022\\\/10\\\/Lr-Aloe-Vera-Mens-Essentials-Shampoo.jpg\",\"width\":1200,\"height\":1200,\"caption\":\"Champ\u00fa Para Hombres Aloe Vera 4en1 Para el Cuerpo, Cara, Cabello y Barba\"},{\"@type\":\"BreadcrumbList\",\"@id\":\"https:\\\/\\\/www.lraloeverashop.eu\\\/es\\\/producto\\\/aloe-vera-champu-masculino-esencial\\\/#breadcrumb\",\"itemListElement\":[{\"@type\":\"ListItem\",\"position\":1,\"name\":\"Home\",\"item\":\"https:\\\/\\\/www.lraloeverashop.eu\\\/es\\\/\"},{\"@type\":\"ListItem\",\"position\":2,\"name\":\"Tienda\",\"item\":\"https:\\\/\\\/www.lraloeverashop.eu\\\/es\\\/tienda\\\/\"},{\"@type\":\"ListItem\",\"position\":3,\"name\":\"Champ\u00fa Para Hombres Aloe Vera\"}]},{\"@type\":\"WebSite\",\"@id\":\"https:\\\/\\\/www.lraloeverashop.eu\\\/es\\\/#website\",\"url\":\"https:\\\/\\\/www.lraloeverashop.eu\\\/es\\\/\",\"name\":\"Lr Tienda Aloe Vera\",\"description\":\"High Quality Lr Aloe Vera Gel, Aloe Vera Cream and Shampoo\",\"publisher\":{\"@id\":\"https:\\\/\\\/www.lraloeverashop.eu\\\/es\\\/#organization\"},\"potentialAction\":[{\"@type\":\"SearchAction\",\"target\":{\"@type\":\"EntryPoint\",\"urlTemplate\":\"https:\\\/\\\/www.lraloeverashop.eu\\\/es\\\/?s={search_term_string}\"},\"query-input\":{\"@type\":\"PropertyValueSpecification\",\"valueRequired\":true,\"valueName\":\"search_term_string\"}}],\"inLanguage\":\"es\"},{\"@type\":\"Organization\",\"@id\":\"https:\\\/\\\/www.lraloeverashop.eu\\\/es\\\/#organization\",\"name\":\"Lr Tienda Aloe Vera\",\"alternateName\":\"LR\",\"url\":\"https:\\\/\\\/www.lraloeverashop.eu\\\/es\\\/\",\"logo\":{\"@type\":\"ImageObject\",\"inLanguage\":\"es\",\"@id\":\"https:\\\/\\\/www.lraloeverashop.eu\\\/es\\\/#\\\/schema\\\/logo\\\/image\\\/\",\"url\":\"https:\\\/\\\/www.lraloeverashop.eu\\\/wp-content\\\/uploads\\\/2022\\\/09\\\/cropped-Lr-Aloe-Vera-Shop.jpg\",\"contentUrl\":\"https:\\\/\\\/www.lraloeverashop.eu\\\/wp-content\\\/uploads\\\/2022\\\/09\\\/cropped-Lr-Aloe-Vera-Shop.jpg\",\"width\":228,\"height\":76,\"caption\":\"Lr Tienda Aloe Vera\"},\"image\":{\"@id\":\"https:\\\/\\\/www.lraloeverashop.eu\\\/es\\\/#\\\/schema\\\/logo\\\/image\\\/\"},\"sameAs\":[\"https:\\\/\\\/www.facebook.com\\\/lraloeverashop.eu\",\"https:\\\/\\\/x.com\\\/natur__kosmetik\",\"https:\\\/\\\/www.youtube.com\\\/channel\\\/UC5oN7BJ8nfYb8RpVtjwDEBA\",\"https:\\\/\\\/www.instagram.com\\\/lrbeautyeu\\\/\"],\"description\":\"La tienda Lr Aloe Vera es tu destino de confianza para productos premium de salud y belleza LR, fabricados en Alemania. Ofrecemos soluciones de alta calidad para el cuidado de la piel, nutrici\u00f3n y antienvejecimiento con Aloe Vera, elaboradas con ingredientes puros y respaldadas por investigaci\u00f3n cient\u00edfica. Descubre un cuidado natural que regenera, protege y revitaliza tu piel, y disfruta de ofertas mensuales exclusivas en nuestros productos LR Aloe Vera m\u00e1s vendidos.\\n\\nComienza hoy mismo tu camino hacia el cuidado natural de la piel y siente la diferencia.\",\"email\":\"info@lraloeverashop.eu\",\"telephone\":\"+49 17670609653\",\"legalName\":\"Lr Aloe Vera Shop\",\"foundingDate\":\"2018-04-21\",\"numberOfEmployees\":{\"@type\":\"QuantitativeValue\",\"minValue\":\"1\",\"maxValue\":\"10\"}}]}<\/script>\n<meta property=\"product:price:amount\" content=\"16.79\" \/>\n<meta property=\"product:price:currency\" content=\"EUR\" \/>\n<meta property=\"og:availability\" content=\"instock\" \/>\n<meta property=\"product:availability\" content=\"instock\" \/>\n<meta property=\"product:retailer_item_id\" content=\"20436-101ES\" \/>\n<meta property=\"product:condition\" content=\"new\" \/>\n<!-- \/ Yoast SEO Premium plugin. -->","yoast_head_json":{"title":"Champ\u00fa Para hombres aloe vera para la limpieza suave y confiable","description":"Champ\u00fa Para Hombres Aloe Vera Para el Cuerpo, Cara, Cabello y Barba limpia suavemente y refresca todo el cuerpo en un solo paso. Con 15% de Aloe Vera Gel","robots":{"index":"index","follow":"follow","max-snippet":"max-snippet:-1","max-image-preview":"max-image-preview:large","max-video-preview":"max-video-preview:-1"},"canonical":"https:\/\/www.lraloeverashop.eu\/es\/producto\/aloe-vera-champu-masculino-esencial\/","og_locale":"es_ES","og_type":"article","og_title":"Champ\u00fa Para Hombres Aloe Vera","og_description":"Champ\u00fa Para Hombres Aloe Vera Para el Cuerpo, Cara, Cabello y Barba limpia suavemente y refresca todo el cuerpo en un solo paso. Con 15% de Aloe Vera Gel","og_url":"https:\/\/www.lraloeverashop.eu\/es\/producto\/aloe-vera-champu-masculino-esencial\/","og_site_name":"Lr Tienda Aloe Vera","article_publisher":"https:\/\/www.facebook.com\/lraloeverashop.eu","article_modified_time":"2026-02-09T04:21:13+00:00","og_image":[{"width":1200,"height":1200,"url":"https:\/\/www.lraloeverashop.eu\/wp-content\/uploads\/2022\/10\/Lr-Aloe-Vera-Mens-Essentials-Shampoo.jpg","type":"image\/jpeg"}],"twitter_card":"summary_large_image","twitter_site":"@natur__kosmetik","schema":{"@context":"https:\/\/schema.org","@graph":[{"@type":["WebPage","ItemPage"],"@id":"https:\/\/www.lraloeverashop.eu\/es\/producto\/aloe-vera-champu-masculino-esencial\/","url":"https:\/\/www.lraloeverashop.eu\/es\/producto\/aloe-vera-champu-masculino-esencial\/","name":"Champ\u00fa Para hombres aloe vera para la limpieza suave y confiable","isPartOf":{"@id":"https:\/\/www.lraloeverashop.eu\/es\/#website"},"primaryImageOfPage":{"@id":"https:\/\/www.lraloeverashop.eu\/es\/producto\/aloe-vera-champu-masculino-esencial\/#primaryimage"},"image":{"@id":"https:\/\/www.lraloeverashop.eu\/es\/producto\/aloe-vera-champu-masculino-esencial\/#primaryimage"},"thumbnailUrl":"https:\/\/www.lraloeverashop.eu\/wp-content\/uploads\/2022\/10\/Lr-Aloe-Vera-Mens-Essentials-Shampoo.jpg","datePublished":"2022-10-09T15:30:17+00:00","dateModified":"2026-02-09T04:21:13+00:00","description":"Champ\u00fa Para Hombres Aloe Vera Para el Cuerpo, Cara, Cabello y Barba limpia suavemente y refresca todo el cuerpo en un solo paso. Con 15% de Aloe Vera Gel","breadcrumb":{"@id":"https:\/\/www.lraloeverashop.eu\/es\/producto\/aloe-vera-champu-masculino-esencial\/#breadcrumb"},"inLanguage":"es","potentialAction":[{"@type":"ReadAction","target":["https:\/\/www.lraloeverashop.eu\/es\/producto\/aloe-vera-champu-masculino-esencial\/"]}]},{"@type":"ImageObject","inLanguage":"es","@id":"https:\/\/www.lraloeverashop.eu\/es\/producto\/aloe-vera-champu-masculino-esencial\/#primaryimage","url":"https:\/\/www.lraloeverashop.eu\/wp-content\/uploads\/2022\/10\/Lr-Aloe-Vera-Mens-Essentials-Shampoo.jpg","contentUrl":"https:\/\/www.lraloeverashop.eu\/wp-content\/uploads\/2022\/10\/Lr-Aloe-Vera-Mens-Essentials-Shampoo.jpg","width":1200,"height":1200,"caption":"Champ\u00fa Para Hombres Aloe Vera 4en1 Para el Cuerpo, Cara, Cabello y Barba"},{"@type":"BreadcrumbList","@id":"https:\/\/www.lraloeverashop.eu\/es\/producto\/aloe-vera-champu-masculino-esencial\/#breadcrumb","itemListElement":[{"@type":"ListItem","position":1,"name":"Home","item":"https:\/\/www.lraloeverashop.eu\/es\/"},{"@type":"ListItem","position":2,"name":"Tienda","item":"https:\/\/www.lraloeverashop.eu\/es\/tienda\/"},{"@type":"ListItem","position":3,"name":"Champ\u00fa Para Hombres Aloe Vera"}]},{"@type":"WebSite","@id":"https:\/\/www.lraloeverashop.eu\/es\/#website","url":"https:\/\/www.lraloeverashop.eu\/es\/","name":"Lr Tienda Aloe Vera","description":"High Quality Lr Aloe Vera Gel, Aloe Vera Cream and Shampoo","publisher":{"@id":"https:\/\/www.lraloeverashop.eu\/es\/#organization"},"potentialAction":[{"@type":"SearchAction","target":{"@type":"EntryPoint","urlTemplate":"https:\/\/www.lraloeverashop.eu\/es\/?s={search_term_string}"},"query-input":{"@type":"PropertyValueSpecification","valueRequired":true,"valueName":"search_term_string"}}],"inLanguage":"es"},{"@type":"Organization","@id":"https:\/\/www.lraloeverashop.eu\/es\/#organization","name":"Lr Tienda Aloe Vera","alternateName":"LR","url":"https:\/\/www.lraloeverashop.eu\/es\/","logo":{"@type":"ImageObject","inLanguage":"es","@id":"https:\/\/www.lraloeverashop.eu\/es\/#\/schema\/logo\/image\/","url":"https:\/\/www.lraloeverashop.eu\/wp-content\/uploads\/2022\/09\/cropped-Lr-Aloe-Vera-Shop.jpg","contentUrl":"https:\/\/www.lraloeverashop.eu\/wp-content\/uploads\/2022\/09\/cropped-Lr-Aloe-Vera-Shop.jpg","width":228,"height":76,"caption":"Lr Tienda Aloe Vera"},"image":{"@id":"https:\/\/www.lraloeverashop.eu\/es\/#\/schema\/logo\/image\/"},"sameAs":["https:\/\/www.facebook.com\/lraloeverashop.eu","https:\/\/x.com\/natur__kosmetik","https:\/\/www.youtube.com\/channel\/UC5oN7BJ8nfYb8RpVtjwDEBA","https:\/\/www.instagram.com\/lrbeautyeu\/"],"description":"La tienda Lr Aloe Vera es tu destino de confianza para productos premium de salud y belleza LR, fabricados en Alemania. Ofrecemos soluciones de alta calidad para el cuidado de la piel, nutrici\u00f3n y antienvejecimiento con Aloe Vera, elaboradas con ingredientes puros y respaldadas por investigaci\u00f3n cient\u00edfica. Descubre un cuidado natural que regenera, protege y revitaliza tu piel, y disfruta de ofertas mensuales exclusivas en nuestros productos LR Aloe Vera m\u00e1s vendidos.\n\nComienza hoy mismo tu camino hacia el cuidado natural de la piel y siente la diferencia.","email":"info@lraloeverashop.eu","telephone":"+49 17670609653","legalName":"Lr Aloe Vera Shop","foundingDate":"2018-04-21","numberOfEmployees":{"@type":"QuantitativeValue","minValue":"1","maxValue":"10"}}]},"product_price_amount":"16.79","product_price_currency":"EUR","og_availability":"instock","product_availability":"instock","product_retailer_item_id":"20436-101ES","product_condition":"new"},"taxonomy_info":{"product_cat":[{"value":217,"label":"Aloe Vera"},{"value":247,"label":"Cuidado Capilar"},{"value":232,"label":"Cuidado Corporal"},{"value":253,"label":"Cuidado Masculino"}],"product_tag":[{"value":522,"label":"Barba"},{"value":697,"label":"Gel de ducha"},{"value":574,"label":"Productos para hombres"}]},"featured_image_src_large":["https:\/\/www.lraloeverashop.eu\/wp-content\/uploads\/2022\/10\/Lr-Aloe-Vera-Mens-Essentials-Shampoo-1024x1024.jpg",1024,1024,true],"author_info":[],"comment_info":0,"_links":{"self":[{"href":"https:\/\/www.lraloeverashop.eu\/es\/wp-json\/wp\/v2\/product\/10790","targetHints":{"allow":["GET"]}}],"collection":[{"href":"https:\/\/www.lraloeverashop.eu\/es\/wp-json\/wp\/v2\/product"}],"about":[{"href":"https:\/\/www.lraloeverashop.eu\/es\/wp-json\/wp\/v2\/types\/product"}],"replies":[{"embeddable":true,"href":"https:\/\/www.lraloeverashop.eu\/es\/wp-json\/wp\/v2\/comments?post=10790"}],"wp:featuredmedia":[{"embeddable":true,"href":"https:\/\/www.lraloeverashop.eu\/es\/wp-json\/wp\/v2\/media\/4847"}],"wp:attachment":[{"href":"https:\/\/www.lraloeverashop.eu\/es\/wp-json\/wp\/v2\/media?parent=10790"}],"wp:term":[{"taxonomy":"product_brand","embeddable":true,"href":"https:\/\/www.lraloeverashop.eu\/es\/wp-json\/wp\/v2\/product_brand?post=10790"},{"taxonomy":"product_cat","embeddable":true,"href":"https:\/\/www.lraloeverashop.eu\/es\/wp-json\/wp\/v2\/product_cat?post=10790"},{"taxonomy":"product_tag","embeddable":true,"href":"https:\/\/www.lraloeverashop.eu\/es\/wp-json\/wp\/v2\/product_tag?post=10790"}],"curies":[{"name":"wp","href":"https:\/\/api.w.org\/{rel}","templated":true}]}}