{"id":10778,"date":"2022-10-09T17:37:46","date_gmt":"2022-10-09T15:37:46","guid":{"rendered":"https:\/\/www.lraloeverashop.eu\/product\/aceite-de-aloe-vera-para-barba-y-rostro\/"},"modified":"2026-02-09T05:21:05","modified_gmt":"2026-02-09T04:21:05","slug":"aceite-de-aloe-vera-para-barba-y-rostro","status":"publish","type":"product","link":"https:\/\/www.lraloeverashop.eu\/es\/producto\/aceite-de-aloe-vera-para-barba-y-rostro\/","title":{"rendered":"Aceite Para Barba y Rostro Aloe Vera"},"content":{"rendered":"<h2><strong><span style=\"font-size: 16pt;\">Aceite Para Barba y Rostro Aloe Vera<\/span><\/strong><\/h2>\n<p><strong><span style=\"font-size: 14pt;\">Aceite Para Barba y Rostro Aloe Vera para hombres con hidrataci\u00f3n inmediata<\/span><\/strong><\/p>\n<p>\u00a1Aceite con Aloe Vera 2 en 1 para hombres con elasticidad inmediata para tu piel y barba! Con aloe vera y extracto de l\u00fapulo org\u00e1nico, protege la piel y la <a href=\"https:\/\/www.lraloeverashop.eu\/es\/producto\/aloe-vera-balsamo-para-cabello-y-barba\/\">barba<\/a> de la p\u00e9rdida de humedad. Aceite cuida la piel y el cabello, alivia el picor y deja la piel con una sensaci\u00f3n de flexibilidad y cuidado.<\/p>\n<p>Con <a href=\"https:\/\/www.lraloeverashop.eu\/es\/lr-aloe-vera-nutri-repair-mejor-cuidado-del-cabello-danado\/\">aloe vera<\/a>, extracto de l\u00fapulo org\u00e1nico y aceites nutritivos como el de arg\u00e1n, almendra, jojoba y girasol, protege la piel y el cabello de la p\u00e9rdida de hidrataci\u00f3n. Adem\u00e1s, nutre la piel y el cabello, deja una agradable <a href=\"https:\/\/www.lraloeverashop.eu\/es\/producto\/zeitgard-pro-kit-exfoliacion-facial\/\">sensaci\u00f3n de cuidado<\/a> ya que se absorbe r\u00e1pidamente sin engrasar.<\/p>\n<p>Hay m\u00e1s productos de alta calidad para hombres. Visite nuestra categor\u00eda de <a href=\"https:\/\/www.lraloeverashop.eu\/es\/categoria-producto\/aloe-vera-es\/cuidado-masculino\/\">cuidado masculino<\/a> con aloe vera.<\/p>\n<p>&nbsp;<\/p>\n<h3><strong><span style=\"font-size: 16pt;\">C\u00f3mo utilizar<\/span><\/strong><\/h3>\n<p>Aplicar por la ma\u00f1ana y por la noche sobre el rostro y la barba limpios. Poner unas gotas en las manos y luego aplicar sobre el rostro y la barba con movimientos suaves.<\/p>\n<p><strong><span style=\"color: #ff0000;\">Atenci\u00f3n: evite el \u00e1rea de los ojos<\/span><\/strong><\/p>\n","protected":false},"excerpt":{"rendered":"<ul>\n<li>Nuevo y limitado<\/li>\n<li>Cuidado especial para la piel y la barba.<\/li>\n<li>Con aloe vera y extracto de l\u00fapulo org\u00e1nico<\/li>\n<li>Hecho en Alemania<\/li>\n<li>Contenido: 30ml<\/li>\n<\/ul>\n<p><span style=\"color: #ff0000;\"><a style=\"color: #ff0000;\" href=\"https:\/\/shop.lrworld.com\/openpao?PHP=0vFlt7jT938BEnBI3a6e9w%3D%3D\"><span style=\"font-size: 14pt;\"><strong>Reg\u00edstrate aqu\u00ed y ahorra 35% en cada compra<\/strong><\/span><\/a><\/span><\/p>\n","protected":false},"featured_media":4859,"comment_status":"open","ping_status":"closed","template":"","meta":{"_kad_blocks_custom_css":"","_kad_blocks_head_custom_js":"","_kad_blocks_body_custom_js":"","_kad_blocks_footer_custom_js":"","_kadence_starter_templates_imported_post":false,"_kad_post_transparent":"default","_kad_post_title":"","_kad_post_layout":"default","_kad_post_sidebar_id":"","_kad_post_content_style":"default","_kad_post_vertical_padding":"default","_kad_post_feature":"","_kad_post_feature_position":"","_kad_post_header":false,"_kad_post_footer":false,"_kad_post_classname":""},"product_brand":[],"product_cat":[217,253,356],"product_tag":[522,574],"class_list":{"0":"post-10778","1":"product","2":"type-product","3":"status-publish","4":"has-post-thumbnail","6":"product_cat-aloe-vera-es","7":"product_cat-cuidado-masculino","8":"product_cat-ventas","9":"product_tag-barba-es","10":"product_tag-productos-para-hombres","12":"first","13":"outofstock","14":"sale","15":"taxable","16":"shipping-taxable","17":"purchasable","18":"product-type-simple","19":"entry","20":"content-bg","21":"loop-entry"},"yoast_head":"<!-- This site is optimized with the Yoast SEO Premium plugin v27.5 (Yoast SEO v27.5) - https:\/\/yoast.com\/product\/yoast-seo-premium-wordpress\/ -->\n<title>Aceite Para Barba y Rostro Aloe Vera con hidrataci\u00f3n inmediata<\/title>\n<meta name=\"description\" content=\"Aceite Para Barba y Rostro Aloe Vera con extracto de l\u00fapulo, arg\u00e1n, almendra, jojoba y girasol, protege la piel y el cabello de la p\u00e9rdida de hidrataci\u00f3n.\" \/>\n<meta name=\"robots\" content=\"index, follow, max-snippet:-1, max-image-preview:large, max-video-preview:-1\" \/>\n<link rel=\"canonical\" href=\"https:\/\/www.lraloeverashop.eu\/es\/producto\/aceite-de-aloe-vera-para-barba-y-rostro\/\" \/>\n<meta property=\"og:locale\" content=\"es_ES\" \/>\n<meta property=\"og:type\" content=\"article\" \/>\n<meta property=\"og:title\" content=\"Aceite Para Barba y Rostro Aloe Vera\" \/>\n<meta property=\"og:description\" content=\"Aceite Para Barba y Rostro Aloe Vera con extracto de l\u00fapulo, arg\u00e1n, almendra, jojoba y girasol, protege la piel y el cabello de la p\u00e9rdida de hidrataci\u00f3n.\" \/>\n<meta property=\"og:url\" content=\"https:\/\/www.lraloeverashop.eu\/es\/producto\/aceite-de-aloe-vera-para-barba-y-rostro\/\" \/>\n<meta property=\"og:site_name\" content=\"Lr Tienda Aloe Vera\" \/>\n<meta property=\"article:publisher\" content=\"https:\/\/www.facebook.com\/lraloeverashop.eu\" \/>\n<meta property=\"article:modified_time\" content=\"2026-02-09T04:21:05+00:00\" \/>\n<meta property=\"og:image\" content=\"https:\/\/www.lraloeverashop.eu\/wp-content\/uploads\/2022\/10\/Face-Beard-Oil.jpg\" \/>\n\t<meta property=\"og:image:width\" content=\"1200\" \/>\n\t<meta property=\"og:image:height\" content=\"1200\" \/>\n\t<meta property=\"og:image:type\" content=\"image\/jpeg\" \/>\n<meta name=\"twitter:card\" content=\"summary_large_image\" \/>\n<meta name=\"twitter:site\" content=\"@natur__kosmetik\" \/>\n<script type=\"application\/ld+json\" class=\"yoast-schema-graph\">{\"@context\":\"https:\\\/\\\/schema.org\",\"@graph\":[{\"@type\":[\"WebPage\",\"ItemPage\"],\"@id\":\"https:\\\/\\\/www.lraloeverashop.eu\\\/es\\\/producto\\\/aceite-de-aloe-vera-para-barba-y-rostro\\\/\",\"url\":\"https:\\\/\\\/www.lraloeverashop.eu\\\/es\\\/producto\\\/aceite-de-aloe-vera-para-barba-y-rostro\\\/\",\"name\":\"Aceite Para Barba y Rostro Aloe Vera con hidrataci\u00f3n inmediata\",\"isPartOf\":{\"@id\":\"https:\\\/\\\/www.lraloeverashop.eu\\\/es\\\/#website\"},\"primaryImageOfPage\":{\"@id\":\"https:\\\/\\\/www.lraloeverashop.eu\\\/es\\\/producto\\\/aceite-de-aloe-vera-para-barba-y-rostro\\\/#primaryimage\"},\"image\":{\"@id\":\"https:\\\/\\\/www.lraloeverashop.eu\\\/es\\\/producto\\\/aceite-de-aloe-vera-para-barba-y-rostro\\\/#primaryimage\"},\"thumbnailUrl\":\"https:\\\/\\\/www.lraloeverashop.eu\\\/wp-content\\\/uploads\\\/2022\\\/10\\\/Face-Beard-Oil.jpg\",\"datePublished\":\"2022-10-09T15:37:46+00:00\",\"dateModified\":\"2026-02-09T04:21:05+00:00\",\"description\":\"Aceite Para Barba y Rostro Aloe Vera con extracto de l\u00fapulo, arg\u00e1n, almendra, jojoba y girasol, protege la piel y el cabello de la p\u00e9rdida de hidrataci\u00f3n.\",\"breadcrumb\":{\"@id\":\"https:\\\/\\\/www.lraloeverashop.eu\\\/es\\\/producto\\\/aceite-de-aloe-vera-para-barba-y-rostro\\\/#breadcrumb\"},\"inLanguage\":\"es\",\"potentialAction\":[{\"@type\":\"ReadAction\",\"target\":[\"https:\\\/\\\/www.lraloeverashop.eu\\\/es\\\/producto\\\/aceite-de-aloe-vera-para-barba-y-rostro\\\/\"]}]},{\"@type\":\"ImageObject\",\"inLanguage\":\"es\",\"@id\":\"https:\\\/\\\/www.lraloeverashop.eu\\\/es\\\/producto\\\/aceite-de-aloe-vera-para-barba-y-rostro\\\/#primaryimage\",\"url\":\"https:\\\/\\\/www.lraloeverashop.eu\\\/wp-content\\\/uploads\\\/2022\\\/10\\\/Face-Beard-Oil.jpg\",\"contentUrl\":\"https:\\\/\\\/www.lraloeverashop.eu\\\/wp-content\\\/uploads\\\/2022\\\/10\\\/Face-Beard-Oil.jpg\",\"width\":1200,\"height\":1200,\"caption\":\"Aceite de Aloe Vera para Barba y Rostro para hombres\"},{\"@type\":\"BreadcrumbList\",\"@id\":\"https:\\\/\\\/www.lraloeverashop.eu\\\/es\\\/producto\\\/aceite-de-aloe-vera-para-barba-y-rostro\\\/#breadcrumb\",\"itemListElement\":[{\"@type\":\"ListItem\",\"position\":1,\"name\":\"Home\",\"item\":\"https:\\\/\\\/www.lraloeverashop.eu\\\/es\\\/tienda-aloe-vera-todo-para-tu-belleza-y-bienestar\\\/\"},{\"@type\":\"ListItem\",\"position\":2,\"name\":\"Tienda\",\"item\":\"https:\\\/\\\/www.lraloeverashop.eu\\\/es\\\/tienda\\\/\"},{\"@type\":\"ListItem\",\"position\":3,\"name\":\"Aceite Para Barba y Rostro Aloe Vera\"}]},{\"@type\":\"WebSite\",\"@id\":\"https:\\\/\\\/www.lraloeverashop.eu\\\/es\\\/#website\",\"url\":\"https:\\\/\\\/www.lraloeverashop.eu\\\/es\\\/\",\"name\":\"Lr Tienda Aloe Vera\",\"description\":\"High Quality Lr Aloe Vera Gel, Aloe Vera Cream and Shampoo\",\"publisher\":{\"@id\":\"https:\\\/\\\/www.lraloeverashop.eu\\\/es\\\/#organization\"},\"alternateName\":\"LR\",\"potentialAction\":[{\"@type\":\"SearchAction\",\"target\":{\"@type\":\"EntryPoint\",\"urlTemplate\":\"https:\\\/\\\/www.lraloeverashop.eu\\\/es\\\/?s={search_term_string}\"},\"query-input\":{\"@type\":\"PropertyValueSpecification\",\"valueRequired\":true,\"valueName\":\"search_term_string\"}}],\"inLanguage\":\"es\"},{\"@type\":\"Organization\",\"@id\":\"https:\\\/\\\/www.lraloeverashop.eu\\\/es\\\/#organization\",\"name\":\"Lr Tienda Aloe Vera\",\"alternateName\":\"LR\",\"url\":\"https:\\\/\\\/www.lraloeverashop.eu\\\/es\\\/\",\"logo\":{\"@type\":\"ImageObject\",\"inLanguage\":\"es\",\"@id\":\"https:\\\/\\\/www.lraloeverashop.eu\\\/es\\\/#\\\/schema\\\/logo\\\/image\\\/\",\"url\":\"https:\\\/\\\/www.lraloeverashop.eu\\\/wp-content\\\/uploads\\\/2022\\\/09\\\/cropped-Lr-Aloe-Vera-Shop.jpg\",\"contentUrl\":\"https:\\\/\\\/www.lraloeverashop.eu\\\/wp-content\\\/uploads\\\/2022\\\/09\\\/cropped-Lr-Aloe-Vera-Shop.jpg\",\"width\":228,\"height\":76,\"caption\":\"Lr Tienda Aloe Vera\"},\"image\":{\"@id\":\"https:\\\/\\\/www.lraloeverashop.eu\\\/es\\\/#\\\/schema\\\/logo\\\/image\\\/\"},\"sameAs\":[\"https:\\\/\\\/www.facebook.com\\\/lraloeverashop.eu\",\"https:\\\/\\\/x.com\\\/natur__kosmetik\",\"https:\\\/\\\/www.youtube.com\\\/channel\\\/UC5oN7BJ8nfYb8RpVtjwDEBA\",\"https:\\\/\\\/www.instagram.com\\\/lrbeautyeu\\\/\"],\"description\":\"La tienda Lr Aloe Vera es tu destino de confianza para productos premium de salud y belleza LR, fabricados en Alemania. Ofrecemos soluciones de alta calidad para el cuidado de la piel, nutrici\u00f3n y antienvejecimiento con Aloe Vera, elaboradas con ingredientes puros y respaldadas por investigaci\u00f3n cient\u00edfica. Descubre un cuidado natural que regenera, protege y revitaliza tu piel, y disfruta de ofertas mensuales exclusivas en nuestros productos LR Aloe Vera m\u00e1s vendidos.\\n\\nComienza hoy mismo tu camino hacia el cuidado natural de la piel y siente la diferencia.\",\"email\":\"info@lraloeverashop.eu\",\"telephone\":\"+49 17670609653\",\"legalName\":\"Lr Aloe Vera Shop\",\"foundingDate\":\"2018-04-21\",\"numberOfEmployees\":{\"@type\":\"QuantitativeValue\",\"minValue\":\"1\",\"maxValue\":\"10\"}}]}<\/script>\n<meta property=\"product:price:amount\" content=\"14.50\" \/>\n<meta property=\"product:price:currency\" content=\"EUR\" \/>\n<meta property=\"og:availability\" content=\"out of stock\" \/>\n<meta property=\"product:availability\" content=\"out of stock\" \/>\n<meta property=\"product:retailer_item_id\" content=\"20437-101ES\" \/>\n<meta property=\"product:condition\" content=\"new\" \/>\n<!-- \/ Yoast SEO Premium plugin. -->","yoast_head_json":{"title":"Aceite Para Barba y Rostro Aloe Vera con hidrataci\u00f3n inmediata","description":"Aceite Para Barba y Rostro Aloe Vera con extracto de l\u00fapulo, arg\u00e1n, almendra, jojoba y girasol, protege la piel y el cabello de la p\u00e9rdida de hidrataci\u00f3n.","robots":{"index":"index","follow":"follow","max-snippet":"max-snippet:-1","max-image-preview":"max-image-preview:large","max-video-preview":"max-video-preview:-1"},"canonical":"https:\/\/www.lraloeverashop.eu\/es\/producto\/aceite-de-aloe-vera-para-barba-y-rostro\/","og_locale":"es_ES","og_type":"article","og_title":"Aceite Para Barba y Rostro Aloe Vera","og_description":"Aceite Para Barba y Rostro Aloe Vera con extracto de l\u00fapulo, arg\u00e1n, almendra, jojoba y girasol, protege la piel y el cabello de la p\u00e9rdida de hidrataci\u00f3n.","og_url":"https:\/\/www.lraloeverashop.eu\/es\/producto\/aceite-de-aloe-vera-para-barba-y-rostro\/","og_site_name":"Lr Tienda Aloe Vera","article_publisher":"https:\/\/www.facebook.com\/lraloeverashop.eu","article_modified_time":"2026-02-09T04:21:05+00:00","og_image":[{"width":1200,"height":1200,"url":"https:\/\/www.lraloeverashop.eu\/wp-content\/uploads\/2022\/10\/Face-Beard-Oil.jpg","type":"image\/jpeg"}],"twitter_card":"summary_large_image","twitter_site":"@natur__kosmetik","schema":{"@context":"https:\/\/schema.org","@graph":[{"@type":["WebPage","ItemPage"],"@id":"https:\/\/www.lraloeverashop.eu\/es\/producto\/aceite-de-aloe-vera-para-barba-y-rostro\/","url":"https:\/\/www.lraloeverashop.eu\/es\/producto\/aceite-de-aloe-vera-para-barba-y-rostro\/","name":"Aceite Para Barba y Rostro Aloe Vera con hidrataci\u00f3n inmediata","isPartOf":{"@id":"https:\/\/www.lraloeverashop.eu\/es\/#website"},"primaryImageOfPage":{"@id":"https:\/\/www.lraloeverashop.eu\/es\/producto\/aceite-de-aloe-vera-para-barba-y-rostro\/#primaryimage"},"image":{"@id":"https:\/\/www.lraloeverashop.eu\/es\/producto\/aceite-de-aloe-vera-para-barba-y-rostro\/#primaryimage"},"thumbnailUrl":"https:\/\/www.lraloeverashop.eu\/wp-content\/uploads\/2022\/10\/Face-Beard-Oil.jpg","datePublished":"2022-10-09T15:37:46+00:00","dateModified":"2026-02-09T04:21:05+00:00","description":"Aceite Para Barba y Rostro Aloe Vera con extracto de l\u00fapulo, arg\u00e1n, almendra, jojoba y girasol, protege la piel y el cabello de la p\u00e9rdida de hidrataci\u00f3n.","breadcrumb":{"@id":"https:\/\/www.lraloeverashop.eu\/es\/producto\/aceite-de-aloe-vera-para-barba-y-rostro\/#breadcrumb"},"inLanguage":"es","potentialAction":[{"@type":"ReadAction","target":["https:\/\/www.lraloeverashop.eu\/es\/producto\/aceite-de-aloe-vera-para-barba-y-rostro\/"]}]},{"@type":"ImageObject","inLanguage":"es","@id":"https:\/\/www.lraloeverashop.eu\/es\/producto\/aceite-de-aloe-vera-para-barba-y-rostro\/#primaryimage","url":"https:\/\/www.lraloeverashop.eu\/wp-content\/uploads\/2022\/10\/Face-Beard-Oil.jpg","contentUrl":"https:\/\/www.lraloeverashop.eu\/wp-content\/uploads\/2022\/10\/Face-Beard-Oil.jpg","width":1200,"height":1200,"caption":"Aceite de Aloe Vera para Barba y Rostro para hombres"},{"@type":"BreadcrumbList","@id":"https:\/\/www.lraloeverashop.eu\/es\/producto\/aceite-de-aloe-vera-para-barba-y-rostro\/#breadcrumb","itemListElement":[{"@type":"ListItem","position":1,"name":"Home","item":"https:\/\/www.lraloeverashop.eu\/es\/tienda-aloe-vera-todo-para-tu-belleza-y-bienestar\/"},{"@type":"ListItem","position":2,"name":"Tienda","item":"https:\/\/www.lraloeverashop.eu\/es\/tienda\/"},{"@type":"ListItem","position":3,"name":"Aceite Para Barba y Rostro Aloe Vera"}]},{"@type":"WebSite","@id":"https:\/\/www.lraloeverashop.eu\/es\/#website","url":"https:\/\/www.lraloeverashop.eu\/es\/","name":"Lr Tienda Aloe Vera","description":"High Quality Lr Aloe Vera Gel, Aloe Vera Cream and Shampoo","publisher":{"@id":"https:\/\/www.lraloeverashop.eu\/es\/#organization"},"alternateName":"LR","potentialAction":[{"@type":"SearchAction","target":{"@type":"EntryPoint","urlTemplate":"https:\/\/www.lraloeverashop.eu\/es\/?s={search_term_string}"},"query-input":{"@type":"PropertyValueSpecification","valueRequired":true,"valueName":"search_term_string"}}],"inLanguage":"es"},{"@type":"Organization","@id":"https:\/\/www.lraloeverashop.eu\/es\/#organization","name":"Lr Tienda Aloe Vera","alternateName":"LR","url":"https:\/\/www.lraloeverashop.eu\/es\/","logo":{"@type":"ImageObject","inLanguage":"es","@id":"https:\/\/www.lraloeverashop.eu\/es\/#\/schema\/logo\/image\/","url":"https:\/\/www.lraloeverashop.eu\/wp-content\/uploads\/2022\/09\/cropped-Lr-Aloe-Vera-Shop.jpg","contentUrl":"https:\/\/www.lraloeverashop.eu\/wp-content\/uploads\/2022\/09\/cropped-Lr-Aloe-Vera-Shop.jpg","width":228,"height":76,"caption":"Lr Tienda Aloe Vera"},"image":{"@id":"https:\/\/www.lraloeverashop.eu\/es\/#\/schema\/logo\/image\/"},"sameAs":["https:\/\/www.facebook.com\/lraloeverashop.eu","https:\/\/x.com\/natur__kosmetik","https:\/\/www.youtube.com\/channel\/UC5oN7BJ8nfYb8RpVtjwDEBA","https:\/\/www.instagram.com\/lrbeautyeu\/"],"description":"La tienda Lr Aloe Vera es tu destino de confianza para productos premium de salud y belleza LR, fabricados en Alemania. Ofrecemos soluciones de alta calidad para el cuidado de la piel, nutrici\u00f3n y antienvejecimiento con Aloe Vera, elaboradas con ingredientes puros y respaldadas por investigaci\u00f3n cient\u00edfica. Descubre un cuidado natural que regenera, protege y revitaliza tu piel, y disfruta de ofertas mensuales exclusivas en nuestros productos LR Aloe Vera m\u00e1s vendidos.\n\nComienza hoy mismo tu camino hacia el cuidado natural de la piel y siente la diferencia.","email":"info@lraloeverashop.eu","telephone":"+49 17670609653","legalName":"Lr Aloe Vera Shop","foundingDate":"2018-04-21","numberOfEmployees":{"@type":"QuantitativeValue","minValue":"1","maxValue":"10"}}]},"product_price_amount":"14.50","product_price_currency":"EUR","og_availability":"out of stock","product_availability":"out of stock","product_retailer_item_id":"20437-101ES","product_condition":"new"},"taxonomy_info":{"product_cat":[{"value":217,"label":"Aloe Vera"},{"value":253,"label":"Cuidado Masculino"},{"value":356,"label":"Ventas"}],"product_tag":[{"value":522,"label":"Barba"},{"value":574,"label":"Productos para hombres"}]},"featured_image_src_large":["https:\/\/www.lraloeverashop.eu\/wp-content\/uploads\/2022\/10\/Face-Beard-Oil-1024x1024.jpg",1024,1024,true],"author_info":[],"comment_info":0,"_links":{"self":[{"href":"https:\/\/www.lraloeverashop.eu\/es\/wp-json\/wp\/v2\/product\/10778","targetHints":{"allow":["GET"]}}],"collection":[{"href":"https:\/\/www.lraloeverashop.eu\/es\/wp-json\/wp\/v2\/product"}],"about":[{"href":"https:\/\/www.lraloeverashop.eu\/es\/wp-json\/wp\/v2\/types\/product"}],"replies":[{"embeddable":true,"href":"https:\/\/www.lraloeverashop.eu\/es\/wp-json\/wp\/v2\/comments?post=10778"}],"wp:featuredmedia":[{"embeddable":true,"href":"https:\/\/www.lraloeverashop.eu\/es\/wp-json\/wp\/v2\/media\/4859"}],"wp:attachment":[{"href":"https:\/\/www.lraloeverashop.eu\/es\/wp-json\/wp\/v2\/media?parent=10778"}],"wp:term":[{"taxonomy":"product_brand","embeddable":true,"href":"https:\/\/www.lraloeverashop.eu\/es\/wp-json\/wp\/v2\/product_brand?post=10778"},{"taxonomy":"product_cat","embeddable":true,"href":"https:\/\/www.lraloeverashop.eu\/es\/wp-json\/wp\/v2\/product_cat?post=10778"},{"taxonomy":"product_tag","embeddable":true,"href":"https:\/\/www.lraloeverashop.eu\/es\/wp-json\/wp\/v2\/product_tag?post=10778"}],"curies":[{"name":"wp","href":"https:\/\/api.w.org\/{rel}","templated":true}]}}