{"id":10742,"date":"2022-10-09T18:07:55","date_gmt":"2022-10-09T16:07:55","guid":{"rendered":"https:\/\/www.lraloeverashop.eu\/product\/aloe-vera-balsamo-para-despues-del-afeitado\/"},"modified":"2026-02-09T05:20:33","modified_gmt":"2026-02-09T04:20:33","slug":"aloe-vera-balsamo-para-despues-del-afeitado","status":"publish","type":"product","link":"https:\/\/www.lraloeverashop.eu\/es\/producto\/aloe-vera-balsamo-para-despues-del-afeitado\/","title":{"rendered":"Balsamo After Shave Aloe Vera"},"content":{"rendered":"<h2><span style=\"font-size: 16pt;\"><strong>Balsamo After Shave Aloe Vera<\/strong><\/span><\/h2>\n<p><span style=\"font-size: 14pt;\"><strong>Balsamo After Shave Aloe Vera &#8211; Cuidado Suave Despu\u00e9s Del Afeitado<\/strong><\/span><\/p>\n<p>El cuidado de la piel es muy importante despu\u00e9s del afeitado. El Aloe Vera B\u00e1lsamo Para Despu\u00e9s Del Afeitado es un b\u00e1lsamo calmante para la piel. Debido al contenido del 50% en Aloe Vera y el extracto de t\u00e9 blanco que contiene, el b\u00e1lsamo calma y ofrece una hidrataci\u00f3n efectiva.<\/p>\n<p>&nbsp;<\/p>\n<h3><span style=\"font-size: 16pt;\"><strong>\u00a1Utiliza los productos de aloe vera para tu afeitado diario!<\/strong><\/span><\/h3>\n<p>El alto contenido en gel puro de hoja de aloe vera ofrece la <a href=\"https:\/\/www.lraloeverashop.eu\/es\/producto\/aloe-vera-gel-de-afeitar-anti-irritacion\/\">m\u00e1xima hidrataci\u00f3n<\/a>. Con ingredientes org\u00e1nicos de cultivos certificados y productos dermatol\u00f3gicamente testados, libres de parabenos y aceites minerales,<br \/>\nEl Balsamo after Shave aloe vera ofrece un cuidado intensivo y eficacia.<\/p>\n<p>&nbsp;<\/p>\n<h4><span style=\"font-size: 16pt;\"><strong>\u00bfSab\u00edas?<\/strong><\/span><\/h4>\n<p>El t\u00e9 blanco se elabora con los capullos sin abrir del arbusto del <a href=\"https:\/\/www.lraloeverashop.eu\/es\/puede-el-te-de-hierbas-adelgazantes-ayudarte-a-perder-peso\/\">t\u00e9<\/a>. Su nombre proviene de los suaves pelos blancos que se encuentran en los delicados cogollos. Los cogollos se recogen a mano y se secan suavemente en un proceso especial. Se necesitan unos 30.000 brotes de t\u00e9 para un kilogramo de t\u00e9 blanco.<\/p>\n","protected":false},"excerpt":{"rendered":"<ul>\n<li>Cuidado suave despu\u00e9s del afeitado<\/li>\n<li>Extracto de t\u00e9 blanco para una acci\u00f3n calmante<\/li>\n<li>Alivia las irritaciones de la piel despu\u00e9s del afeitado.<\/li>\n<li>Con 50% de Aloe Vera<\/li>\n<li>Cantidad: 100 ml<\/li>\n<\/ul>\n<p><span style=\"color: #ff0000;\"><a style=\"color: #ff0000;\" href=\"https:\/\/shop.lrworld.com\/openpao?PHP=0vFlt7jT938BEnBI3a6e9w%3D%3D\"><span style=\"font-size: 14pt;\"><strong>Reg\u00edstrate aqu\u00ed y ahorra 35% en cada compra<\/strong><\/span><\/a><\/span><\/p>\n","protected":false},"featured_media":4853,"comment_status":"open","ping_status":"closed","template":"","meta":{"_kad_blocks_custom_css":"","_kad_blocks_head_custom_js":"","_kad_blocks_body_custom_js":"","_kad_blocks_footer_custom_js":"","_kadence_starter_templates_imported_post":false,"_kad_post_transparent":"default","_kad_post_title":"","_kad_post_layout":"default","_kad_post_sidebar_id":"","_kad_post_content_style":"default","_kad_post_vertical_padding":"default","_kad_post_feature":"","_kad_post_feature_position":"","_kad_post_header":false,"_kad_post_footer":false,"_kad_post_classname":""},"product_brand":[],"product_cat":[217,253],"product_tag":[522,574],"class_list":{"0":"post-10742","1":"product","2":"type-product","3":"status-publish","4":"has-post-thumbnail","6":"product_cat-aloe-vera-es","7":"product_cat-cuidado-masculino","8":"product_tag-barba-es","9":"product_tag-productos-para-hombres","11":"first","12":"instock","13":"taxable","14":"shipping-taxable","15":"purchasable","16":"product-type-simple","17":"entry","18":"content-bg","19":"loop-entry"},"yoast_head":"<!-- This site is optimized with the Yoast SEO Premium plugin v27.3 (Yoast SEO v27.3) - https:\/\/yoast.com\/product\/yoast-seo-premium-wordpress\/ -->\n<title>Balsamo After Shave Aloe Vera para despu\u00e9s del afeitado<\/title>\n<meta name=\"description\" content=\"Balsamo After Shave Aloe Vera con extracto de t\u00e9 blanco para una acci\u00f3n calmante. Alivia las irritaciones de la piel despu\u00e9s del afeitado. Con 50% de Aloe\" \/>\n<meta name=\"robots\" content=\"index, follow, max-snippet:-1, max-image-preview:large, max-video-preview:-1\" \/>\n<link rel=\"canonical\" href=\"https:\/\/www.lraloeverashop.eu\/es\/producto\/aloe-vera-balsamo-para-despues-del-afeitado\/\" \/>\n<meta property=\"og:locale\" content=\"es_ES\" \/>\n<meta property=\"og:type\" content=\"article\" \/>\n<meta property=\"og:title\" content=\"Balsamo After Shave Aloe Vera\" \/>\n<meta property=\"og:description\" content=\"Balsamo After Shave Aloe Vera con extracto de t\u00e9 blanco para una acci\u00f3n calmante. Alivia las irritaciones de la piel despu\u00e9s del afeitado. Con 50% de Aloe\" \/>\n<meta property=\"og:url\" content=\"https:\/\/www.lraloeverashop.eu\/es\/producto\/aloe-vera-balsamo-para-despues-del-afeitado\/\" \/>\n<meta property=\"og:site_name\" content=\"Lr Tienda Aloe Vera\" \/>\n<meta property=\"article:publisher\" content=\"https:\/\/www.facebook.com\/lraloeverashop.eu\" \/>\n<meta property=\"article:modified_time\" content=\"2026-02-09T04:20:33+00:00\" \/>\n<meta property=\"og:image\" content=\"https:\/\/www.lraloeverashop.eu\/wp-content\/uploads\/2022\/10\/Soothing-Lr-Aloe-Vera-After-Shave-Balm.jpg\" \/>\n\t<meta property=\"og:image:width\" content=\"1200\" \/>\n\t<meta property=\"og:image:height\" content=\"1200\" \/>\n\t<meta property=\"og:image:type\" content=\"image\/jpeg\" \/>\n<meta name=\"twitter:card\" content=\"summary_large_image\" \/>\n<meta name=\"twitter:site\" content=\"@natur__kosmetik\" \/>\n<script type=\"application\/ld+json\" class=\"yoast-schema-graph\">{\"@context\":\"https:\\\/\\\/schema.org\",\"@graph\":[{\"@type\":[\"WebPage\",\"ItemPage\"],\"@id\":\"https:\\\/\\\/www.lraloeverashop.eu\\\/es\\\/producto\\\/aloe-vera-balsamo-para-despues-del-afeitado\\\/\",\"url\":\"https:\\\/\\\/www.lraloeverashop.eu\\\/es\\\/producto\\\/aloe-vera-balsamo-para-despues-del-afeitado\\\/\",\"name\":\"Balsamo After Shave Aloe Vera para despu\u00e9s del afeitado\",\"isPartOf\":{\"@id\":\"https:\\\/\\\/www.lraloeverashop.eu\\\/es\\\/#website\"},\"primaryImageOfPage\":{\"@id\":\"https:\\\/\\\/www.lraloeverashop.eu\\\/es\\\/producto\\\/aloe-vera-balsamo-para-despues-del-afeitado\\\/#primaryimage\"},\"image\":{\"@id\":\"https:\\\/\\\/www.lraloeverashop.eu\\\/es\\\/producto\\\/aloe-vera-balsamo-para-despues-del-afeitado\\\/#primaryimage\"},\"thumbnailUrl\":\"https:\\\/\\\/www.lraloeverashop.eu\\\/wp-content\\\/uploads\\\/2022\\\/10\\\/Soothing-Lr-Aloe-Vera-After-Shave-Balm.jpg\",\"datePublished\":\"2022-10-09T16:07:55+00:00\",\"dateModified\":\"2026-02-09T04:20:33+00:00\",\"description\":\"Balsamo After Shave Aloe Vera con extracto de t\u00e9 blanco para una acci\u00f3n calmante. Alivia las irritaciones de la piel despu\u00e9s del afeitado. Con 50% de Aloe\",\"breadcrumb\":{\"@id\":\"https:\\\/\\\/www.lraloeverashop.eu\\\/es\\\/producto\\\/aloe-vera-balsamo-para-despues-del-afeitado\\\/#breadcrumb\"},\"inLanguage\":\"es\",\"potentialAction\":[{\"@type\":\"ReadAction\",\"target\":[\"https:\\\/\\\/www.lraloeverashop.eu\\\/es\\\/producto\\\/aloe-vera-balsamo-para-despues-del-afeitado\\\/\"]}]},{\"@type\":\"ImageObject\",\"inLanguage\":\"es\",\"@id\":\"https:\\\/\\\/www.lraloeverashop.eu\\\/es\\\/producto\\\/aloe-vera-balsamo-para-despues-del-afeitado\\\/#primaryimage\",\"url\":\"https:\\\/\\\/www.lraloeverashop.eu\\\/wp-content\\\/uploads\\\/2022\\\/10\\\/Soothing-Lr-Aloe-Vera-After-Shave-Balm.jpg\",\"contentUrl\":\"https:\\\/\\\/www.lraloeverashop.eu\\\/wp-content\\\/uploads\\\/2022\\\/10\\\/Soothing-Lr-Aloe-Vera-After-Shave-Balm.jpg\",\"width\":1200,\"height\":1200,\"caption\":\"Aloe Vera B\u00e1lsamo Para Despu\u00e9s Del Afeitado alivia las irritaciones de la piel despu\u00e9s del afeitado.\"},{\"@type\":\"BreadcrumbList\",\"@id\":\"https:\\\/\\\/www.lraloeverashop.eu\\\/es\\\/producto\\\/aloe-vera-balsamo-para-despues-del-afeitado\\\/#breadcrumb\",\"itemListElement\":[{\"@type\":\"ListItem\",\"position\":1,\"name\":\"Home\",\"item\":\"https:\\\/\\\/www.lraloeverashop.eu\\\/es\\\/\"},{\"@type\":\"ListItem\",\"position\":2,\"name\":\"Tienda\",\"item\":\"https:\\\/\\\/www.lraloeverashop.eu\\\/es\\\/tienda\\\/\"},{\"@type\":\"ListItem\",\"position\":3,\"name\":\"Balsamo After Shave Aloe Vera\"}]},{\"@type\":\"WebSite\",\"@id\":\"https:\\\/\\\/www.lraloeverashop.eu\\\/es\\\/#website\",\"url\":\"https:\\\/\\\/www.lraloeverashop.eu\\\/es\\\/\",\"name\":\"Lr Tienda Aloe Vera\",\"description\":\"High Quality Lr Aloe Vera Gel, Aloe Vera Cream and Shampoo\",\"publisher\":{\"@id\":\"https:\\\/\\\/www.lraloeverashop.eu\\\/es\\\/#organization\"},\"potentialAction\":[{\"@type\":\"SearchAction\",\"target\":{\"@type\":\"EntryPoint\",\"urlTemplate\":\"https:\\\/\\\/www.lraloeverashop.eu\\\/es\\\/?s={search_term_string}\"},\"query-input\":{\"@type\":\"PropertyValueSpecification\",\"valueRequired\":true,\"valueName\":\"search_term_string\"}}],\"inLanguage\":\"es\"},{\"@type\":\"Organization\",\"@id\":\"https:\\\/\\\/www.lraloeverashop.eu\\\/es\\\/#organization\",\"name\":\"Lr Tienda Aloe Vera\",\"alternateName\":\"LR\",\"url\":\"https:\\\/\\\/www.lraloeverashop.eu\\\/es\\\/\",\"logo\":{\"@type\":\"ImageObject\",\"inLanguage\":\"es\",\"@id\":\"https:\\\/\\\/www.lraloeverashop.eu\\\/es\\\/#\\\/schema\\\/logo\\\/image\\\/\",\"url\":\"https:\\\/\\\/www.lraloeverashop.eu\\\/wp-content\\\/uploads\\\/2022\\\/09\\\/cropped-Lr-Aloe-Vera-Shop.jpg\",\"contentUrl\":\"https:\\\/\\\/www.lraloeverashop.eu\\\/wp-content\\\/uploads\\\/2022\\\/09\\\/cropped-Lr-Aloe-Vera-Shop.jpg\",\"width\":228,\"height\":76,\"caption\":\"Lr Tienda Aloe Vera\"},\"image\":{\"@id\":\"https:\\\/\\\/www.lraloeverashop.eu\\\/es\\\/#\\\/schema\\\/logo\\\/image\\\/\"},\"sameAs\":[\"https:\\\/\\\/www.facebook.com\\\/lraloeverashop.eu\",\"https:\\\/\\\/x.com\\\/natur__kosmetik\",\"https:\\\/\\\/www.youtube.com\\\/channel\\\/UC5oN7BJ8nfYb8RpVtjwDEBA\",\"https:\\\/\\\/www.instagram.com\\\/lrbeautyeu\\\/\"]}]}<\/script>\n<meta property=\"product:price:amount\" content=\"12.99\" \/>\n<meta property=\"product:price:currency\" content=\"EUR\" \/>\n<meta property=\"og:availability\" content=\"instock\" \/>\n<meta property=\"product:availability\" content=\"instock\" \/>\n<meta property=\"product:retailer_item_id\" content=\"20421-201ES\" \/>\n<meta property=\"product:condition\" content=\"new\" \/>\n<!-- \/ Yoast SEO Premium plugin. -->","yoast_head_json":{"title":"Balsamo After Shave Aloe Vera para despu\u00e9s del afeitado","description":"Balsamo After Shave Aloe Vera con extracto de t\u00e9 blanco para una acci\u00f3n calmante. Alivia las irritaciones de la piel despu\u00e9s del afeitado. Con 50% de Aloe","robots":{"index":"index","follow":"follow","max-snippet":"max-snippet:-1","max-image-preview":"max-image-preview:large","max-video-preview":"max-video-preview:-1"},"canonical":"https:\/\/www.lraloeverashop.eu\/es\/producto\/aloe-vera-balsamo-para-despues-del-afeitado\/","og_locale":"es_ES","og_type":"article","og_title":"Balsamo After Shave Aloe Vera","og_description":"Balsamo After Shave Aloe Vera con extracto de t\u00e9 blanco para una acci\u00f3n calmante. Alivia las irritaciones de la piel despu\u00e9s del afeitado. Con 50% de Aloe","og_url":"https:\/\/www.lraloeverashop.eu\/es\/producto\/aloe-vera-balsamo-para-despues-del-afeitado\/","og_site_name":"Lr Tienda Aloe Vera","article_publisher":"https:\/\/www.facebook.com\/lraloeverashop.eu","article_modified_time":"2026-02-09T04:20:33+00:00","og_image":[{"width":1200,"height":1200,"url":"https:\/\/www.lraloeverashop.eu\/wp-content\/uploads\/2022\/10\/Soothing-Lr-Aloe-Vera-After-Shave-Balm.jpg","type":"image\/jpeg"}],"twitter_card":"summary_large_image","twitter_site":"@natur__kosmetik","schema":{"@context":"https:\/\/schema.org","@graph":[{"@type":["WebPage","ItemPage"],"@id":"https:\/\/www.lraloeverashop.eu\/es\/producto\/aloe-vera-balsamo-para-despues-del-afeitado\/","url":"https:\/\/www.lraloeverashop.eu\/es\/producto\/aloe-vera-balsamo-para-despues-del-afeitado\/","name":"Balsamo After Shave Aloe Vera para despu\u00e9s del afeitado","isPartOf":{"@id":"https:\/\/www.lraloeverashop.eu\/es\/#website"},"primaryImageOfPage":{"@id":"https:\/\/www.lraloeverashop.eu\/es\/producto\/aloe-vera-balsamo-para-despues-del-afeitado\/#primaryimage"},"image":{"@id":"https:\/\/www.lraloeverashop.eu\/es\/producto\/aloe-vera-balsamo-para-despues-del-afeitado\/#primaryimage"},"thumbnailUrl":"https:\/\/www.lraloeverashop.eu\/wp-content\/uploads\/2022\/10\/Soothing-Lr-Aloe-Vera-After-Shave-Balm.jpg","datePublished":"2022-10-09T16:07:55+00:00","dateModified":"2026-02-09T04:20:33+00:00","description":"Balsamo After Shave Aloe Vera con extracto de t\u00e9 blanco para una acci\u00f3n calmante. Alivia las irritaciones de la piel despu\u00e9s del afeitado. Con 50% de Aloe","breadcrumb":{"@id":"https:\/\/www.lraloeverashop.eu\/es\/producto\/aloe-vera-balsamo-para-despues-del-afeitado\/#breadcrumb"},"inLanguage":"es","potentialAction":[{"@type":"ReadAction","target":["https:\/\/www.lraloeverashop.eu\/es\/producto\/aloe-vera-balsamo-para-despues-del-afeitado\/"]}]},{"@type":"ImageObject","inLanguage":"es","@id":"https:\/\/www.lraloeverashop.eu\/es\/producto\/aloe-vera-balsamo-para-despues-del-afeitado\/#primaryimage","url":"https:\/\/www.lraloeverashop.eu\/wp-content\/uploads\/2022\/10\/Soothing-Lr-Aloe-Vera-After-Shave-Balm.jpg","contentUrl":"https:\/\/www.lraloeverashop.eu\/wp-content\/uploads\/2022\/10\/Soothing-Lr-Aloe-Vera-After-Shave-Balm.jpg","width":1200,"height":1200,"caption":"Aloe Vera B\u00e1lsamo Para Despu\u00e9s Del Afeitado alivia las irritaciones de la piel despu\u00e9s del afeitado."},{"@type":"BreadcrumbList","@id":"https:\/\/www.lraloeverashop.eu\/es\/producto\/aloe-vera-balsamo-para-despues-del-afeitado\/#breadcrumb","itemListElement":[{"@type":"ListItem","position":1,"name":"Home","item":"https:\/\/www.lraloeverashop.eu\/es\/"},{"@type":"ListItem","position":2,"name":"Tienda","item":"https:\/\/www.lraloeverashop.eu\/es\/tienda\/"},{"@type":"ListItem","position":3,"name":"Balsamo After Shave Aloe Vera"}]},{"@type":"WebSite","@id":"https:\/\/www.lraloeverashop.eu\/es\/#website","url":"https:\/\/www.lraloeverashop.eu\/es\/","name":"Lr Tienda Aloe Vera","description":"High Quality Lr Aloe Vera Gel, Aloe Vera Cream and Shampoo","publisher":{"@id":"https:\/\/www.lraloeverashop.eu\/es\/#organization"},"potentialAction":[{"@type":"SearchAction","target":{"@type":"EntryPoint","urlTemplate":"https:\/\/www.lraloeverashop.eu\/es\/?s={search_term_string}"},"query-input":{"@type":"PropertyValueSpecification","valueRequired":true,"valueName":"search_term_string"}}],"inLanguage":"es"},{"@type":"Organization","@id":"https:\/\/www.lraloeverashop.eu\/es\/#organization","name":"Lr Tienda Aloe Vera","alternateName":"LR","url":"https:\/\/www.lraloeverashop.eu\/es\/","logo":{"@type":"ImageObject","inLanguage":"es","@id":"https:\/\/www.lraloeverashop.eu\/es\/#\/schema\/logo\/image\/","url":"https:\/\/www.lraloeverashop.eu\/wp-content\/uploads\/2022\/09\/cropped-Lr-Aloe-Vera-Shop.jpg","contentUrl":"https:\/\/www.lraloeverashop.eu\/wp-content\/uploads\/2022\/09\/cropped-Lr-Aloe-Vera-Shop.jpg","width":228,"height":76,"caption":"Lr Tienda Aloe Vera"},"image":{"@id":"https:\/\/www.lraloeverashop.eu\/es\/#\/schema\/logo\/image\/"},"sameAs":["https:\/\/www.facebook.com\/lraloeverashop.eu","https:\/\/x.com\/natur__kosmetik","https:\/\/www.youtube.com\/channel\/UC5oN7BJ8nfYb8RpVtjwDEBA","https:\/\/www.instagram.com\/lrbeautyeu\/"]}]},"product_price_amount":"12.99","product_price_currency":"EUR","og_availability":"instock","product_availability":"instock","product_retailer_item_id":"20421-201ES","product_condition":"new"},"taxonomy_info":{"product_cat":[{"value":217,"label":"Aloe Vera"},{"value":253,"label":"Cuidado Masculino"}],"product_tag":[{"value":522,"label":"Barba"},{"value":574,"label":"Productos para hombres"}]},"featured_image_src_large":["https:\/\/www.lraloeverashop.eu\/wp-content\/uploads\/2022\/10\/Soothing-Lr-Aloe-Vera-After-Shave-Balm-1024x1024.jpg",1024,1024,true],"author_info":[],"comment_info":0,"_links":{"self":[{"href":"https:\/\/www.lraloeverashop.eu\/es\/wp-json\/wp\/v2\/product\/10742","targetHints":{"allow":["GET"]}}],"collection":[{"href":"https:\/\/www.lraloeverashop.eu\/es\/wp-json\/wp\/v2\/product"}],"about":[{"href":"https:\/\/www.lraloeverashop.eu\/es\/wp-json\/wp\/v2\/types\/product"}],"replies":[{"embeddable":true,"href":"https:\/\/www.lraloeverashop.eu\/es\/wp-json\/wp\/v2\/comments?post=10742"}],"wp:featuredmedia":[{"embeddable":true,"href":"https:\/\/www.lraloeverashop.eu\/es\/wp-json\/wp\/v2\/media\/4853"}],"wp:attachment":[{"href":"https:\/\/www.lraloeverashop.eu\/es\/wp-json\/wp\/v2\/media?parent=10742"}],"wp:term":[{"taxonomy":"product_brand","embeddable":true,"href":"https:\/\/www.lraloeverashop.eu\/es\/wp-json\/wp\/v2\/product_brand?post=10742"},{"taxonomy":"product_cat","embeddable":true,"href":"https:\/\/www.lraloeverashop.eu\/es\/wp-json\/wp\/v2\/product_cat?post=10742"},{"taxonomy":"product_tag","embeddable":true,"href":"https:\/\/www.lraloeverashop.eu\/es\/wp-json\/wp\/v2\/product_tag?post=10742"}],"curies":[{"name":"wp","href":"https:\/\/api.w.org\/{rel}","templated":true}]}}