{"id":10693,"date":"2022-10-09T21:31:37","date_gmt":"2022-10-09T19:31:37","guid":{"rendered":"https:\/\/www.lraloeverashop.eu\/product\/aloe-vera-nutri-repair-mascarilla\/"},"modified":"2026-02-09T05:20:03","modified_gmt":"2026-02-09T04:20:03","slug":"aloe-vera-nutri-repair-mascarilla","status":"publish","type":"product","link":"https:\/\/www.lraloeverashop.eu\/es\/producto\/aloe-vera-nutri-repair-mascarilla\/","title":{"rendered":"Mascarilla para el cabello Aloe Vera"},"content":{"rendered":"<h2><span style=\"font-size: 16pt;\"><strong>Mascarilla para el cabello Aloe Vera<\/strong><\/span><\/h2>\n<p><span style=\"font-size: 14pt;\"><strong>Mascarilla para el cabello Aloe Vera Nutri Repair Para Cabello sano, sedoso y brillante.<\/strong><\/span><\/p>\n<p>Mascarilla para el Cabello Seco Aloe Vera Nutri Repair repara e <a href=\"https:\/\/www.lraloeverashop.eu\/es\/producto\/aloe-vera-mascarilla-facial-hidratante-express\/\">hidrata<\/a> la parte interior de tu cabello, gracias a la Nutri Oil Repair, que contiene 7 aceites naturales que ofrecen un efecto sin\u00e9rgico. Con el uso diario, el cabello se vuelve m\u00e1s saludable mientras se restaura el brillo. Tu cabello tambi\u00e9n se vuelve m\u00e1s fuerte y menos propenso a la rotura; pelo m\u00e1s suave de la superficie ser\u00e1 tuyo!<\/p>\n<p>Usa Mascarilla para el cabello <a href=\"https:\/\/www.lraloeverashop.eu\/es\/lr-aloe-vera-nutri-repair-mejor-cuidado-del-cabello-danado\/\">Aloe Vera Nutri Repair<\/a> una o dos veces por semana. S\u00f3lo una porci\u00f3n del tama\u00f1o de una nuez es suficiente para masaje la longitud y las puntas de tu cabello. Dejar actuar durante 3 minutos para obtener mejores resultados.<\/p>\n<div class=\"entry-content-asset videofit\"><iframe loading=\"lazy\" title=\"Aloe Vera Set Nutri-Repair Para Cabelos\" width=\"720\" height=\"405\" src=\"https:\/\/www.youtube.com\/embed\/30799y3MH7A?feature=oembed\" frameborder=\"0\" allow=\"accelerometer; autoplay; clipboard-write; encrypted-media; gyroscope; picture-in-picture; web-share\" referrerpolicy=\"strict-origin-when-cross-origin\" allowfullscreen><\/iframe><\/div>\n<h3><strong><span style=\"font-size: 16pt;\">Modo de uso<\/span><\/strong><\/h3>\n<p>Use una o dos veces por semana. Solo una porci\u00f3n del tama\u00f1o de una nuez es suficiente para masajear la longitud y las puntas de tu cabello. Dejar actuar durante 3 minutos para obtener mejores resultados.<\/p>\n<p>&nbsp;<\/p>\n<h4><strong><span style=\"font-size: 16pt;\">\u00bfLo sab\u00edas?<\/span><\/strong><\/h4>\n<p>La encaja con Aloe Vera Nutri Repair Champ\u00fa limpia la capa m\u00e1s externa del cabello disolviendo la suciedad, eliminando el exceso de aceites y eliminando residuos del uso diario de productos de peinado. Con el cabello despojado de la suciedad y los residuos, puede absorber los nutrientes del champ\u00fa de manera m\u00e1s eficiente.<\/p>\n<p><strong>Los estudios confirman la potencia del Aloe Vera Nutri-Repair Cuidado Capilar de estas pruebas:<\/strong><\/p>\n<p>\u2013 El cabello se vuelve suave y sedoso y es tres veces m\u00e1s f\u00e1cil de peinar y manejar*<br \/>\n\u2013 Con un anteenado natural y suavidad, esto conduce a una rotura reducida en un 90 por ciento*<br \/>\n\u2013 90 por ciento de los participantes del estudio est\u00e1n encantados con la fragancia refrescante del champ\u00fa**<\/p>\n<p>* Uso diario del Aloe Lr Aloe Vera Nutri Champ\u00fa para El Cabello, acondicionador, y la mascarilla para el cabello mejora la resiliencia del cabello y la <a href=\"https:\/\/www.lraloeverashop.eu\/es\/producto\/aloe-vera-set-nutri-repair\/\">resistencia de la rotura<\/a>.<\/p>\n<p>Los resultados son m\u00e1s prometedores que aquellos que conf\u00edan en s\u00f3lo champ\u00fa. Esto se bas\u00f3 en el estudio realizado en enero de 2018 por proDERM.<\/p>\n<p>** Basado en los resultados de 40 participantes en la encuesta del Instituto <a href=\"https:\/\/www.dermatest.de\/en\/\">Dermatest<\/a> en diciembre de 2017<\/p>\n","protected":false},"excerpt":{"rendered":"<ul>\n<li>Cabello brillante y sedoso desde las ra\u00edces hasta las puntas<\/li>\n<li>Los 7 aceites naturales del Complejo de Reparaci\u00f3n Nutri-Oil reparan y nutren tu cabello<\/li>\n<li>Protege el cabello de la rotura llenando las \u00e1reas porosas con nutrientes<\/li>\n<li>Dejar actuar durante 3 minutos y luego enjuagar bien.<\/li>\n<li>Contenido: 200 ml<\/li>\n<\/ul>\n<p><span style=\"color: #ff0000;\"><a style=\"color: #ff0000;\" href=\"https:\/\/shop.lrworld.com\/openpao?PHP=0vFlt7jT938BEnBI3a6e9w%3D%3D\"><span style=\"font-size: 14pt;\"><strong>Reg\u00edstrate aqu\u00ed y ahorra 35% en cada compra<\/strong><\/span><\/a><\/span><\/p>\n","protected":false},"featured_media":4361,"comment_status":"open","ping_status":"closed","template":"","meta":{"_kad_blocks_custom_css":"","_kad_blocks_head_custom_js":"","_kad_blocks_body_custom_js":"","_kad_blocks_footer_custom_js":"","_kadence_starter_templates_imported_post":false,"_kad_post_transparent":"default","_kad_post_title":"","_kad_post_layout":"default","_kad_post_sidebar_id":"","_kad_post_content_style":"default","_kad_post_vertical_padding":"default","_kad_post_feature":"","_kad_post_feature_position":"","_kad_post_header":false,"_kad_post_footer":false,"_kad_post_classname":""},"product_brand":[],"product_cat":[217,247],"product_tag":[631,635],"class_list":{"0":"post-10693","1":"product","2":"type-product","3":"status-publish","4":"has-post-thumbnail","6":"product_cat-aloe-vera-es","7":"product_cat-cuidado-capilar","8":"product_tag-cabello-danado","9":"product_tag-cabello-seco","11":"first","12":"instock","13":"taxable","14":"shipping-taxable","15":"purchasable","16":"product-type-simple","17":"entry","18":"content-bg","19":"loop-entry"},"yoast_head":"<!-- This site is optimized with the Yoast SEO Premium plugin v27.5 (Yoast SEO v27.5) - https:\/\/yoast.com\/product\/yoast-seo-premium-wordpress\/ -->\n<title>Mascarilla para el cabello Sano, Sedoso y Brillante. Con 7 aceites<\/title>\n<meta name=\"description\" content=\"Mascarilla para el cabello Aloe Vera Nutri Repair repara e hidrata la parte interior de tu cabello, gracias a la Nutri Oil Repair con 7 aceites naturales.\" \/>\n<meta name=\"robots\" content=\"index, follow, max-snippet:-1, max-image-preview:large, max-video-preview:-1\" \/>\n<link rel=\"canonical\" href=\"https:\/\/www.lraloeverashop.eu\/es\/producto\/aloe-vera-nutri-repair-mascarilla\/\" \/>\n<meta property=\"og:locale\" content=\"es_ES\" \/>\n<meta property=\"og:type\" content=\"article\" \/>\n<meta property=\"og:title\" content=\"Mascarilla para el cabello Aloe Vera\" \/>\n<meta property=\"og:description\" content=\"Mascarilla para el cabello Aloe Vera Nutri Repair repara e hidrata la parte interior de tu cabello, gracias a la Nutri Oil Repair con 7 aceites naturales.\" \/>\n<meta property=\"og:url\" content=\"https:\/\/www.lraloeverashop.eu\/es\/producto\/aloe-vera-nutri-repair-mascarilla\/\" \/>\n<meta property=\"og:site_name\" content=\"Lr Tienda Aloe Vera\" \/>\n<meta property=\"article:publisher\" content=\"https:\/\/www.facebook.com\/lraloeverashop.eu\" \/>\n<meta property=\"article:modified_time\" content=\"2026-02-09T04:20:03+00:00\" \/>\n<meta property=\"og:image\" content=\"https:\/\/www.lraloeverashop.eu\/wp-content\/uploads\/2022\/10\/Long-Term-Protection-Hair-Mask.jpg\" \/>\n\t<meta property=\"og:image:width\" content=\"1200\" \/>\n\t<meta property=\"og:image:height\" content=\"1200\" \/>\n\t<meta property=\"og:image:type\" content=\"image\/jpeg\" \/>\n<meta name=\"twitter:card\" content=\"summary_large_image\" \/>\n<meta name=\"twitter:site\" content=\"@natur__kosmetik\" \/>\n<script type=\"application\/ld+json\" class=\"yoast-schema-graph\">{\"@context\":\"https:\\\/\\\/schema.org\",\"@graph\":[{\"@type\":[\"WebPage\",\"ItemPage\"],\"@id\":\"https:\\\/\\\/www.lraloeverashop.eu\\\/es\\\/producto\\\/aloe-vera-nutri-repair-mascarilla\\\/\",\"url\":\"https:\\\/\\\/www.lraloeverashop.eu\\\/es\\\/producto\\\/aloe-vera-nutri-repair-mascarilla\\\/\",\"name\":\"Mascarilla para el cabello Sano, Sedoso y Brillante. Con 7 aceites\",\"isPartOf\":{\"@id\":\"https:\\\/\\\/www.lraloeverashop.eu\\\/es\\\/#website\"},\"primaryImageOfPage\":{\"@id\":\"https:\\\/\\\/www.lraloeverashop.eu\\\/es\\\/producto\\\/aloe-vera-nutri-repair-mascarilla\\\/#primaryimage\"},\"image\":{\"@id\":\"https:\\\/\\\/www.lraloeverashop.eu\\\/es\\\/producto\\\/aloe-vera-nutri-repair-mascarilla\\\/#primaryimage\"},\"thumbnailUrl\":\"https:\\\/\\\/www.lraloeverashop.eu\\\/wp-content\\\/uploads\\\/2022\\\/10\\\/Long-Term-Protection-Hair-Mask.jpg\",\"datePublished\":\"2022-10-09T19:31:37+00:00\",\"dateModified\":\"2026-02-09T04:20:03+00:00\",\"description\":\"Mascarilla para el cabello Aloe Vera Nutri Repair repara e hidrata la parte interior de tu cabello, gracias a la Nutri Oil Repair con 7 aceites naturales.\",\"breadcrumb\":{\"@id\":\"https:\\\/\\\/www.lraloeverashop.eu\\\/es\\\/producto\\\/aloe-vera-nutri-repair-mascarilla\\\/#breadcrumb\"},\"inLanguage\":\"es\",\"potentialAction\":[{\"@type\":\"ReadAction\",\"target\":[\"https:\\\/\\\/www.lraloeverashop.eu\\\/es\\\/producto\\\/aloe-vera-nutri-repair-mascarilla\\\/\"]}]},{\"@type\":\"ImageObject\",\"inLanguage\":\"es\",\"@id\":\"https:\\\/\\\/www.lraloeverashop.eu\\\/es\\\/producto\\\/aloe-vera-nutri-repair-mascarilla\\\/#primaryimage\",\"url\":\"https:\\\/\\\/www.lraloeverashop.eu\\\/wp-content\\\/uploads\\\/2022\\\/10\\\/Long-Term-Protection-Hair-Mask.jpg\",\"contentUrl\":\"https:\\\/\\\/www.lraloeverashop.eu\\\/wp-content\\\/uploads\\\/2022\\\/10\\\/Long-Term-Protection-Hair-Mask.jpg\",\"width\":1200,\"height\":1200,\"caption\":\"Lr Aloe Vera Nutri Repair Mascarilla protege el cabello de la rotura llenando las \u00e1reas porosas con nutrientes\"},{\"@type\":\"BreadcrumbList\",\"@id\":\"https:\\\/\\\/www.lraloeverashop.eu\\\/es\\\/producto\\\/aloe-vera-nutri-repair-mascarilla\\\/#breadcrumb\",\"itemListElement\":[{\"@type\":\"ListItem\",\"position\":1,\"name\":\"Home\",\"item\":\"https:\\\/\\\/www.lraloeverashop.eu\\\/es\\\/tienda-aloe-vera-todo-para-tu-belleza-y-bienestar\\\/\"},{\"@type\":\"ListItem\",\"position\":2,\"name\":\"Tienda\",\"item\":\"https:\\\/\\\/www.lraloeverashop.eu\\\/es\\\/tienda\\\/\"},{\"@type\":\"ListItem\",\"position\":3,\"name\":\"Mascarilla para el cabello Aloe Vera\"}]},{\"@type\":\"WebSite\",\"@id\":\"https:\\\/\\\/www.lraloeverashop.eu\\\/es\\\/#website\",\"url\":\"https:\\\/\\\/www.lraloeverashop.eu\\\/es\\\/\",\"name\":\"Lr Tienda Aloe Vera\",\"description\":\"High Quality Lr Aloe Vera Gel, Aloe Vera Cream and Shampoo\",\"publisher\":{\"@id\":\"https:\\\/\\\/www.lraloeverashop.eu\\\/es\\\/#organization\"},\"alternateName\":\"LR\",\"potentialAction\":[{\"@type\":\"SearchAction\",\"target\":{\"@type\":\"EntryPoint\",\"urlTemplate\":\"https:\\\/\\\/www.lraloeverashop.eu\\\/es\\\/?s={search_term_string}\"},\"query-input\":{\"@type\":\"PropertyValueSpecification\",\"valueRequired\":true,\"valueName\":\"search_term_string\"}}],\"inLanguage\":\"es\"},{\"@type\":\"Organization\",\"@id\":\"https:\\\/\\\/www.lraloeverashop.eu\\\/es\\\/#organization\",\"name\":\"Lr Tienda Aloe Vera\",\"alternateName\":\"LR\",\"url\":\"https:\\\/\\\/www.lraloeverashop.eu\\\/es\\\/\",\"logo\":{\"@type\":\"ImageObject\",\"inLanguage\":\"es\",\"@id\":\"https:\\\/\\\/www.lraloeverashop.eu\\\/es\\\/#\\\/schema\\\/logo\\\/image\\\/\",\"url\":\"https:\\\/\\\/www.lraloeverashop.eu\\\/wp-content\\\/uploads\\\/2022\\\/09\\\/cropped-Lr-Aloe-Vera-Shop.jpg\",\"contentUrl\":\"https:\\\/\\\/www.lraloeverashop.eu\\\/wp-content\\\/uploads\\\/2022\\\/09\\\/cropped-Lr-Aloe-Vera-Shop.jpg\",\"width\":228,\"height\":76,\"caption\":\"Lr Tienda Aloe Vera\"},\"image\":{\"@id\":\"https:\\\/\\\/www.lraloeverashop.eu\\\/es\\\/#\\\/schema\\\/logo\\\/image\\\/\"},\"sameAs\":[\"https:\\\/\\\/www.facebook.com\\\/lraloeverashop.eu\",\"https:\\\/\\\/x.com\\\/natur__kosmetik\",\"https:\\\/\\\/www.youtube.com\\\/channel\\\/UC5oN7BJ8nfYb8RpVtjwDEBA\",\"https:\\\/\\\/www.instagram.com\\\/lrbeautyeu\\\/\"],\"description\":\"La tienda Lr Aloe Vera es tu destino de confianza para productos premium de salud y belleza LR, fabricados en Alemania. Ofrecemos soluciones de alta calidad para el cuidado de la piel, nutrici\u00f3n y antienvejecimiento con Aloe Vera, elaboradas con ingredientes puros y respaldadas por investigaci\u00f3n cient\u00edfica. Descubre un cuidado natural que regenera, protege y revitaliza tu piel, y disfruta de ofertas mensuales exclusivas en nuestros productos LR Aloe Vera m\u00e1s vendidos.\\n\\nComienza hoy mismo tu camino hacia el cuidado natural de la piel y siente la diferencia.\",\"email\":\"info@lraloeverashop.eu\",\"telephone\":\"+49 17670609653\",\"legalName\":\"Lr Aloe Vera Shop\",\"foundingDate\":\"2018-04-21\",\"numberOfEmployees\":{\"@type\":\"QuantitativeValue\",\"minValue\":\"1\",\"maxValue\":\"10\"}}]}<\/script>\n<meta property=\"product:price:amount\" content=\"19.29\" \/>\n<meta property=\"product:price:currency\" content=\"EUR\" \/>\n<meta property=\"og:availability\" content=\"instock\" \/>\n<meta property=\"product:availability\" content=\"instock\" \/>\n<meta property=\"product:retailer_item_id\" content=\"20730-1ES\" \/>\n<meta property=\"product:condition\" content=\"new\" \/>\n<!-- \/ Yoast SEO Premium plugin. -->","yoast_head_json":{"title":"Mascarilla para el cabello Sano, Sedoso y Brillante. Con 7 aceites","description":"Mascarilla para el cabello Aloe Vera Nutri Repair repara e hidrata la parte interior de tu cabello, gracias a la Nutri Oil Repair con 7 aceites naturales.","robots":{"index":"index","follow":"follow","max-snippet":"max-snippet:-1","max-image-preview":"max-image-preview:large","max-video-preview":"max-video-preview:-1"},"canonical":"https:\/\/www.lraloeverashop.eu\/es\/producto\/aloe-vera-nutri-repair-mascarilla\/","og_locale":"es_ES","og_type":"article","og_title":"Mascarilla para el cabello Aloe Vera","og_description":"Mascarilla para el cabello Aloe Vera Nutri Repair repara e hidrata la parte interior de tu cabello, gracias a la Nutri Oil Repair con 7 aceites naturales.","og_url":"https:\/\/www.lraloeverashop.eu\/es\/producto\/aloe-vera-nutri-repair-mascarilla\/","og_site_name":"Lr Tienda Aloe Vera","article_publisher":"https:\/\/www.facebook.com\/lraloeverashop.eu","article_modified_time":"2026-02-09T04:20:03+00:00","og_image":[{"width":1200,"height":1200,"url":"https:\/\/www.lraloeverashop.eu\/wp-content\/uploads\/2022\/10\/Long-Term-Protection-Hair-Mask.jpg","type":"image\/jpeg"}],"twitter_card":"summary_large_image","twitter_site":"@natur__kosmetik","schema":{"@context":"https:\/\/schema.org","@graph":[{"@type":["WebPage","ItemPage"],"@id":"https:\/\/www.lraloeverashop.eu\/es\/producto\/aloe-vera-nutri-repair-mascarilla\/","url":"https:\/\/www.lraloeverashop.eu\/es\/producto\/aloe-vera-nutri-repair-mascarilla\/","name":"Mascarilla para el cabello Sano, Sedoso y Brillante. Con 7 aceites","isPartOf":{"@id":"https:\/\/www.lraloeverashop.eu\/es\/#website"},"primaryImageOfPage":{"@id":"https:\/\/www.lraloeverashop.eu\/es\/producto\/aloe-vera-nutri-repair-mascarilla\/#primaryimage"},"image":{"@id":"https:\/\/www.lraloeverashop.eu\/es\/producto\/aloe-vera-nutri-repair-mascarilla\/#primaryimage"},"thumbnailUrl":"https:\/\/www.lraloeverashop.eu\/wp-content\/uploads\/2022\/10\/Long-Term-Protection-Hair-Mask.jpg","datePublished":"2022-10-09T19:31:37+00:00","dateModified":"2026-02-09T04:20:03+00:00","description":"Mascarilla para el cabello Aloe Vera Nutri Repair repara e hidrata la parte interior de tu cabello, gracias a la Nutri Oil Repair con 7 aceites naturales.","breadcrumb":{"@id":"https:\/\/www.lraloeverashop.eu\/es\/producto\/aloe-vera-nutri-repair-mascarilla\/#breadcrumb"},"inLanguage":"es","potentialAction":[{"@type":"ReadAction","target":["https:\/\/www.lraloeverashop.eu\/es\/producto\/aloe-vera-nutri-repair-mascarilla\/"]}]},{"@type":"ImageObject","inLanguage":"es","@id":"https:\/\/www.lraloeverashop.eu\/es\/producto\/aloe-vera-nutri-repair-mascarilla\/#primaryimage","url":"https:\/\/www.lraloeverashop.eu\/wp-content\/uploads\/2022\/10\/Long-Term-Protection-Hair-Mask.jpg","contentUrl":"https:\/\/www.lraloeverashop.eu\/wp-content\/uploads\/2022\/10\/Long-Term-Protection-Hair-Mask.jpg","width":1200,"height":1200,"caption":"Lr Aloe Vera Nutri Repair Mascarilla protege el cabello de la rotura llenando las \u00e1reas porosas con nutrientes"},{"@type":"BreadcrumbList","@id":"https:\/\/www.lraloeverashop.eu\/es\/producto\/aloe-vera-nutri-repair-mascarilla\/#breadcrumb","itemListElement":[{"@type":"ListItem","position":1,"name":"Home","item":"https:\/\/www.lraloeverashop.eu\/es\/tienda-aloe-vera-todo-para-tu-belleza-y-bienestar\/"},{"@type":"ListItem","position":2,"name":"Tienda","item":"https:\/\/www.lraloeverashop.eu\/es\/tienda\/"},{"@type":"ListItem","position":3,"name":"Mascarilla para el cabello Aloe Vera"}]},{"@type":"WebSite","@id":"https:\/\/www.lraloeverashop.eu\/es\/#website","url":"https:\/\/www.lraloeverashop.eu\/es\/","name":"Lr Tienda Aloe Vera","description":"High Quality Lr Aloe Vera Gel, Aloe Vera Cream and Shampoo","publisher":{"@id":"https:\/\/www.lraloeverashop.eu\/es\/#organization"},"alternateName":"LR","potentialAction":[{"@type":"SearchAction","target":{"@type":"EntryPoint","urlTemplate":"https:\/\/www.lraloeverashop.eu\/es\/?s={search_term_string}"},"query-input":{"@type":"PropertyValueSpecification","valueRequired":true,"valueName":"search_term_string"}}],"inLanguage":"es"},{"@type":"Organization","@id":"https:\/\/www.lraloeverashop.eu\/es\/#organization","name":"Lr Tienda Aloe Vera","alternateName":"LR","url":"https:\/\/www.lraloeverashop.eu\/es\/","logo":{"@type":"ImageObject","inLanguage":"es","@id":"https:\/\/www.lraloeverashop.eu\/es\/#\/schema\/logo\/image\/","url":"https:\/\/www.lraloeverashop.eu\/wp-content\/uploads\/2022\/09\/cropped-Lr-Aloe-Vera-Shop.jpg","contentUrl":"https:\/\/www.lraloeverashop.eu\/wp-content\/uploads\/2022\/09\/cropped-Lr-Aloe-Vera-Shop.jpg","width":228,"height":76,"caption":"Lr Tienda Aloe Vera"},"image":{"@id":"https:\/\/www.lraloeverashop.eu\/es\/#\/schema\/logo\/image\/"},"sameAs":["https:\/\/www.facebook.com\/lraloeverashop.eu","https:\/\/x.com\/natur__kosmetik","https:\/\/www.youtube.com\/channel\/UC5oN7BJ8nfYb8RpVtjwDEBA","https:\/\/www.instagram.com\/lrbeautyeu\/"],"description":"La tienda Lr Aloe Vera es tu destino de confianza para productos premium de salud y belleza LR, fabricados en Alemania. Ofrecemos soluciones de alta calidad para el cuidado de la piel, nutrici\u00f3n y antienvejecimiento con Aloe Vera, elaboradas con ingredientes puros y respaldadas por investigaci\u00f3n cient\u00edfica. Descubre un cuidado natural que regenera, protege y revitaliza tu piel, y disfruta de ofertas mensuales exclusivas en nuestros productos LR Aloe Vera m\u00e1s vendidos.\n\nComienza hoy mismo tu camino hacia el cuidado natural de la piel y siente la diferencia.","email":"info@lraloeverashop.eu","telephone":"+49 17670609653","legalName":"Lr Aloe Vera Shop","foundingDate":"2018-04-21","numberOfEmployees":{"@type":"QuantitativeValue","minValue":"1","maxValue":"10"}}]},"product_price_amount":"19.29","product_price_currency":"EUR","og_availability":"instock","product_availability":"instock","product_retailer_item_id":"20730-1ES","product_condition":"new"},"taxonomy_info":{"product_cat":[{"value":217,"label":"Aloe Vera"},{"value":247,"label":"Cuidado Capilar"}],"product_tag":[{"value":631,"label":"Cabello da\u00f1ado"},{"value":635,"label":"Cabello seco"}]},"featured_image_src_large":["https:\/\/www.lraloeverashop.eu\/wp-content\/uploads\/2022\/10\/Long-Term-Protection-Hair-Mask-1024x1024.jpg",1024,1024,true],"author_info":[],"comment_info":0,"_links":{"self":[{"href":"https:\/\/www.lraloeverashop.eu\/es\/wp-json\/wp\/v2\/product\/10693","targetHints":{"allow":["GET"]}}],"collection":[{"href":"https:\/\/www.lraloeverashop.eu\/es\/wp-json\/wp\/v2\/product"}],"about":[{"href":"https:\/\/www.lraloeverashop.eu\/es\/wp-json\/wp\/v2\/types\/product"}],"replies":[{"embeddable":true,"href":"https:\/\/www.lraloeverashop.eu\/es\/wp-json\/wp\/v2\/comments?post=10693"}],"wp:featuredmedia":[{"embeddable":true,"href":"https:\/\/www.lraloeverashop.eu\/es\/wp-json\/wp\/v2\/media\/4361"}],"wp:attachment":[{"href":"https:\/\/www.lraloeverashop.eu\/es\/wp-json\/wp\/v2\/media?parent=10693"}],"wp:term":[{"taxonomy":"product_brand","embeddable":true,"href":"https:\/\/www.lraloeverashop.eu\/es\/wp-json\/wp\/v2\/product_brand?post=10693"},{"taxonomy":"product_cat","embeddable":true,"href":"https:\/\/www.lraloeverashop.eu\/es\/wp-json\/wp\/v2\/product_cat?post=10693"},{"taxonomy":"product_tag","embeddable":true,"href":"https:\/\/www.lraloeverashop.eu\/es\/wp-json\/wp\/v2\/product_tag?post=10693"}],"curies":[{"name":"wp","href":"https:\/\/api.w.org\/{rel}","templated":true}]}}