{"id":10645,"date":"2022-10-09T22:51:26","date_gmt":"2022-10-09T20:51:26","guid":{"rendered":"https:\/\/www.lraloeverashop.eu\/product\/aloe-vera-nutri-repair-champu\/"},"modified":"2026-02-09T05:19:15","modified_gmt":"2026-02-09T04:19:15","slug":"aloe-vera-nutri-repair-champu","status":"publish","type":"product","link":"https:\/\/www.lraloeverashop.eu\/es\/producto\/aloe-vera-nutri-repair-champu\/","title":{"rendered":"Champu Hidratante Aloe Vera Nutri Repair"},"content":{"rendered":"<h2><span style=\"font-size: 16pt;\"><strong>Champu Hidratante Aloe Vera Nutri Repair<\/strong><\/span><\/h2>\n<p><span style=\"font-size: 14pt;\"><strong>Champu Hidratante Aloe Vera Nutri Repair &#8211; Cabello y cuero cabelludo fuertes y brillantes<\/strong><\/span><\/p>\n<p>El cabello suave y saludable puede ser tuyo hoy en d\u00eda. Usa Champu Hidratante Aloe Vera Nutri Repair para nutrir tu cuero cabelludo y tu cabello <a href=\"https:\/\/www.lraloeverashop.eu\/es\/producto\/lr-aloe-vera-spray-de-emergencia\/\">suavemente<\/a>.<\/p>\n<p>Este champ\u00fa para cabello seco es totalmente natural contiene ingredientes que act\u00faan como un im\u00e1n en deshacerse de la suciedad en el cabello, dej\u00e1ndolo limpio, fresco y saludable. Repleto de <a href=\"https:\/\/es.wikipedia.org\/wiki\/Vitamina_B5\">vitamina B5 Pro<\/a>, el cabello se vuelve m\u00e1s fuerte y suave que nunca. Con el 45% de contenido de aloe vera, esto ayuda a hidratar el cabello y lo hace saludable. Te encantar\u00e1 la fragancia afrutada del champ\u00fa que estimular\u00e1 tus sentidos. \u00a1Prueba el Champu Hidratante Aloe Vera Nutri Repair para un <a href=\"https:\/\/www.lraloeverashop.eu\/es\/producto\/aloe-vera-set-cabello-y-cuerpo\/\">cabello naturalmente hermoso<\/a> que te encantar\u00e1 tocar!<\/p>\n<div class=\"entry-content-asset videofit\"><iframe loading=\"lazy\" title=\"Aloe Vera Set Nutri-Repair Para Cabelos\" width=\"720\" height=\"405\" src=\"https:\/\/www.youtube.com\/embed\/30799y3MH7A?feature=oembed\" frameborder=\"0\" allow=\"accelerometer; autoplay; clipboard-write; encrypted-media; gyroscope; picture-in-picture; web-share\" referrerpolicy=\"strict-origin-when-cross-origin\" allowfullscreen><\/iframe><\/div>\n<h3><span style=\"font-size: 16pt;\"><strong>C\u00f3mo utilizar Champ\u00fa Aloe Vera<\/strong><\/span><\/h3>\n<p>Ideal para uso diario. Simplemente enjaiga una porci\u00f3n del <a href=\"https:\/\/www.lraloeverashop.eu\/es\/producto\/aloe-vera-champu-masculino-esencial\/\">Champ\u00fa Aloe Vera<\/a> del tama\u00f1o de una nuez sobre el cabello h\u00famedo y luego enjuague bien.<\/p>\n<p>Para obtener mejores resultados, contin\u00fae con el acondicionador nutritivo reparador de Aloe Vera. Obtenga el m\u00e1ximo tratamiento de reparaci\u00f3n capilar con\u00a0Aloe Vera Nutri Repair <a href=\"https:\/\/www.lraloeverashop.eu\/es\/producto\/aloe-vera-nutri-repair-mascarilla\/\">Mascarilla<\/a>, aproximadamente 1 a 2 veces por semana en lugar del acondicionador para el cabello. Aplica el Aloe Vera Nutri Repair Leave-In Cure para una protecci\u00f3n adicional contra el calor.<\/p>\n<p>&nbsp;<\/p>\n<h4><span style=\"font-size: 16pt;\"><strong>\u00bfLo sab\u00edas?<\/strong><\/span><\/h4>\n<p>La encaja con Champu Hidratante Aloe Vera Nutri Repair limpia la capa m\u00e1s externa del cabello disolviendo la suciedad, eliminando el exceso de aceites y eliminando residuos del uso diario de productos de peinado. Con el cabello despojado de la suciedad y los residuos, puede absorber los <a href=\"https:\/\/www.lraloeverashop.eu\/es\/producto\/aloe-vera-champu-para-cabello-y-cuerpo\/\">nutrientes del champ\u00fa<\/a> de manera m\u00e1s eficiente.<\/p>\n<p><strong>Los estudios confirman la potencia del Aloe Vera Nutri-Repair Cuidado Capilar de estas pruebas:<\/strong><\/p>\n<p>\u2013 El cabello se vuelve suave y sedoso y es tres veces m\u00e1s f\u00e1cil de peinar y manejar*<br \/>\n\u2013 Con un anteenado natural y suavidad, esto conduce a una <a href=\"https:\/\/www.lraloeverashop.eu\/es\/lr-aloe-vera-nutri-repair-mejor-cuidado-del-cabello-danado\/\">rotura reducida<\/a> en un 90 por ciento*<br \/>\n\u2013 90 por ciento de los participantes del estudio est\u00e1n encantados con la fragancia refrescante del champ\u00fa**<\/p>\n<p>* Uso diario del <strong>Champu Hidratante Aloe Vera<\/strong>,<strong>\u00a0 acondicionador, y la mascarilla para el cabello<\/strong> mejora la resiliencia del cabello y la resistencia de la rotura. Los resultados son m\u00e1s prometedores que aquellos que conf\u00edan en s\u00f3lo champ\u00fa. Esto se bas\u00f3 en el estudio realizado en enero de 2018 por proDERM.<\/p>\n<p>** Basado en los resultados de 40 participantes en la encuesta del Instituto Dermatest en diciembre de 2017<\/p>\n","protected":false},"excerpt":{"rendered":"<ul>\n<li>Elimina la suciedad del cabello para mantenerla limpia desde dentro<\/li>\n<li>La provitamina B5 nutre el cabello y lo hace m\u00e1s fuerte<\/li>\n<li>El aloe vera 45% mantiene el cabello y el cuero cabelludo hidratados<\/li>\n<li>Ideal para el uso diario<\/li>\n<li>Contenido: 200 ml<\/li>\n<\/ul>\n<p><span style=\"color: #ff0000;\"><a style=\"color: #ff0000;\" href=\"https:\/\/shop.lrworld.com\/openpao?PHP=0vFlt7jT938BEnBI3a6e9w%3D%3D\"><span style=\"font-size: 14pt;\"><strong>Reg\u00edstrate aqu\u00ed y ahorra 35% en cada compra<\/strong><\/span><\/a><\/span><\/p>\n","protected":false},"featured_media":4367,"comment_status":"open","ping_status":"closed","template":"","meta":{"_kad_blocks_custom_css":"","_kad_blocks_head_custom_js":"","_kad_blocks_body_custom_js":"","_kad_blocks_footer_custom_js":"","_kadence_starter_templates_imported_post":false,"_kad_post_transparent":"default","_kad_post_title":"","_kad_post_layout":"default","_kad_post_sidebar_id":"","_kad_post_content_style":"default","_kad_post_vertical_padding":"default","_kad_post_feature":"","_kad_post_feature_position":"","_kad_post_header":false,"_kad_post_footer":false,"_kad_post_classname":""},"product_brand":[],"product_cat":[217,247],"product_tag":[631,635],"class_list":{"0":"post-10645","1":"product","2":"type-product","3":"status-publish","4":"has-post-thumbnail","6":"product_cat-aloe-vera-es","7":"product_cat-cuidado-capilar","8":"product_tag-cabello-danado","9":"product_tag-cabello-seco","11":"first","12":"instock","13":"taxable","14":"shipping-taxable","15":"purchasable","16":"product-type-simple","17":"entry","18":"content-bg","19":"loop-entry"},"yoast_head":"<!-- This site is optimized with the Yoast SEO Premium plugin v27.3 (Yoast SEO v27.3) - https:\/\/yoast.com\/product\/yoast-seo-premium-wordpress\/ -->\n<title>Champu Hidratante Aloe Vera Nutri Repair con La provitamina B5<\/title>\n<meta name=\"description\" content=\"\u00bfQuieres tener un cabello saludable? Usa Champu Hidratante Aloe Vera Nutri Repair diariamente para nutrir tu cuero cabelludo y tu cabello suavemente.\" \/>\n<meta name=\"robots\" content=\"index, follow, max-snippet:-1, max-image-preview:large, max-video-preview:-1\" \/>\n<link rel=\"canonical\" href=\"https:\/\/www.lraloeverashop.eu\/es\/producto\/aloe-vera-nutri-repair-champu\/\" \/>\n<meta property=\"og:locale\" content=\"es_ES\" \/>\n<meta property=\"og:type\" content=\"article\" \/>\n<meta property=\"og:title\" content=\"Champu Hidratante Aloe Vera Nutri Repair\" \/>\n<meta property=\"og:description\" content=\"\u00bfQuieres tener un cabello saludable? Usa Champu Hidratante Aloe Vera Nutri Repair diariamente para nutrir tu cuero cabelludo y tu cabello suavemente.\" \/>\n<meta property=\"og:url\" content=\"https:\/\/www.lraloeverashop.eu\/es\/producto\/aloe-vera-nutri-repair-champu\/\" \/>\n<meta property=\"og:site_name\" content=\"Lr Tienda Aloe Vera\" \/>\n<meta property=\"article:publisher\" content=\"https:\/\/www.facebook.com\/lraloeverashop.eu\" \/>\n<meta property=\"article:modified_time\" content=\"2026-02-09T04:19:15+00:00\" \/>\n<meta property=\"og:image\" content=\"https:\/\/www.lraloeverashop.eu\/wp-content\/uploads\/2022\/10\/Strengthening-Hair-Shampoo.jpg\" \/>\n\t<meta property=\"og:image:width\" content=\"1200\" \/>\n\t<meta property=\"og:image:height\" content=\"1200\" \/>\n\t<meta property=\"og:image:type\" content=\"image\/jpeg\" \/>\n<meta name=\"twitter:card\" content=\"summary_large_image\" \/>\n<meta name=\"twitter:site\" content=\"@natur__kosmetik\" \/>\n<script type=\"application\/ld+json\" class=\"yoast-schema-graph\">{\"@context\":\"https:\\\/\\\/schema.org\",\"@graph\":[{\"@type\":[\"WebPage\",\"ItemPage\"],\"@id\":\"https:\\\/\\\/www.lraloeverashop.eu\\\/es\\\/producto\\\/aloe-vera-nutri-repair-champu\\\/\",\"url\":\"https:\\\/\\\/www.lraloeverashop.eu\\\/es\\\/producto\\\/aloe-vera-nutri-repair-champu\\\/\",\"name\":\"Champu Hidratante Aloe Vera Nutri Repair con La provitamina B5\",\"isPartOf\":{\"@id\":\"https:\\\/\\\/www.lraloeverashop.eu\\\/es\\\/#website\"},\"primaryImageOfPage\":{\"@id\":\"https:\\\/\\\/www.lraloeverashop.eu\\\/es\\\/producto\\\/aloe-vera-nutri-repair-champu\\\/#primaryimage\"},\"image\":{\"@id\":\"https:\\\/\\\/www.lraloeverashop.eu\\\/es\\\/producto\\\/aloe-vera-nutri-repair-champu\\\/#primaryimage\"},\"thumbnailUrl\":\"https:\\\/\\\/www.lraloeverashop.eu\\\/wp-content\\\/uploads\\\/2022\\\/10\\\/Strengthening-Hair-Shampoo.jpg\",\"datePublished\":\"2022-10-09T20:51:26+00:00\",\"dateModified\":\"2026-02-09T04:19:15+00:00\",\"description\":\"\u00bfQuieres tener un cabello saludable? Usa Champu Hidratante Aloe Vera Nutri Repair diariamente para nutrir tu cuero cabelludo y tu cabello suavemente.\",\"breadcrumb\":{\"@id\":\"https:\\\/\\\/www.lraloeverashop.eu\\\/es\\\/producto\\\/aloe-vera-nutri-repair-champu\\\/#breadcrumb\"},\"inLanguage\":\"es\",\"potentialAction\":[{\"@type\":\"ReadAction\",\"target\":[\"https:\\\/\\\/www.lraloeverashop.eu\\\/es\\\/producto\\\/aloe-vera-nutri-repair-champu\\\/\"]}]},{\"@type\":\"ImageObject\",\"inLanguage\":\"es\",\"@id\":\"https:\\\/\\\/www.lraloeverashop.eu\\\/es\\\/producto\\\/aloe-vera-nutri-repair-champu\\\/#primaryimage\",\"url\":\"https:\\\/\\\/www.lraloeverashop.eu\\\/wp-content\\\/uploads\\\/2022\\\/10\\\/Strengthening-Hair-Shampoo.jpg\",\"contentUrl\":\"https:\\\/\\\/www.lraloeverashop.eu\\\/wp-content\\\/uploads\\\/2022\\\/10\\\/Strengthening-Hair-Shampoo.jpg\",\"width\":1200,\"height\":1200,\"caption\":\"Champu Hidratante Aloe Vera para cabello suave y saludable\"},{\"@type\":\"BreadcrumbList\",\"@id\":\"https:\\\/\\\/www.lraloeverashop.eu\\\/es\\\/producto\\\/aloe-vera-nutri-repair-champu\\\/#breadcrumb\",\"itemListElement\":[{\"@type\":\"ListItem\",\"position\":1,\"name\":\"Home\",\"item\":\"https:\\\/\\\/www.lraloeverashop.eu\\\/es\\\/\"},{\"@type\":\"ListItem\",\"position\":2,\"name\":\"Tienda\",\"item\":\"https:\\\/\\\/www.lraloeverashop.eu\\\/es\\\/tienda\\\/\"},{\"@type\":\"ListItem\",\"position\":3,\"name\":\"Champu Hidratante Aloe Vera Nutri Repair\"}]},{\"@type\":\"WebSite\",\"@id\":\"https:\\\/\\\/www.lraloeverashop.eu\\\/es\\\/#website\",\"url\":\"https:\\\/\\\/www.lraloeverashop.eu\\\/es\\\/\",\"name\":\"Lr Tienda Aloe Vera\",\"description\":\"High Quality Lr Aloe Vera Gel, Aloe Vera Cream and Shampoo\",\"publisher\":{\"@id\":\"https:\\\/\\\/www.lraloeverashop.eu\\\/es\\\/#organization\"},\"potentialAction\":[{\"@type\":\"SearchAction\",\"target\":{\"@type\":\"EntryPoint\",\"urlTemplate\":\"https:\\\/\\\/www.lraloeverashop.eu\\\/es\\\/?s={search_term_string}\"},\"query-input\":{\"@type\":\"PropertyValueSpecification\",\"valueRequired\":true,\"valueName\":\"search_term_string\"}}],\"inLanguage\":\"es\"},{\"@type\":\"Organization\",\"@id\":\"https:\\\/\\\/www.lraloeverashop.eu\\\/es\\\/#organization\",\"name\":\"Lr Tienda Aloe Vera\",\"alternateName\":\"LR\",\"url\":\"https:\\\/\\\/www.lraloeverashop.eu\\\/es\\\/\",\"logo\":{\"@type\":\"ImageObject\",\"inLanguage\":\"es\",\"@id\":\"https:\\\/\\\/www.lraloeverashop.eu\\\/es\\\/#\\\/schema\\\/logo\\\/image\\\/\",\"url\":\"https:\\\/\\\/www.lraloeverashop.eu\\\/wp-content\\\/uploads\\\/2022\\\/09\\\/cropped-Lr-Aloe-Vera-Shop.jpg\",\"contentUrl\":\"https:\\\/\\\/www.lraloeverashop.eu\\\/wp-content\\\/uploads\\\/2022\\\/09\\\/cropped-Lr-Aloe-Vera-Shop.jpg\",\"width\":228,\"height\":76,\"caption\":\"Lr Tienda Aloe Vera\"},\"image\":{\"@id\":\"https:\\\/\\\/www.lraloeverashop.eu\\\/es\\\/#\\\/schema\\\/logo\\\/image\\\/\"},\"sameAs\":[\"https:\\\/\\\/www.facebook.com\\\/lraloeverashop.eu\",\"https:\\\/\\\/x.com\\\/natur__kosmetik\",\"https:\\\/\\\/www.youtube.com\\\/channel\\\/UC5oN7BJ8nfYb8RpVtjwDEBA\",\"https:\\\/\\\/www.instagram.com\\\/lrbeautyeu\\\/\"]}]}<\/script>\n<meta property=\"product:price:amount\" content=\"12.99\" \/>\n<meta property=\"product:price:currency\" content=\"EUR\" \/>\n<meta property=\"og:availability\" content=\"instock\" \/>\n<meta property=\"product:availability\" content=\"instock\" \/>\n<meta property=\"product:retailer_item_id\" content=\"20648-1ES\" \/>\n<meta property=\"product:condition\" content=\"new\" \/>\n<!-- \/ Yoast SEO Premium plugin. -->","yoast_head_json":{"title":"Champu Hidratante Aloe Vera Nutri Repair con La provitamina B5","description":"\u00bfQuieres tener un cabello saludable? Usa Champu Hidratante Aloe Vera Nutri Repair diariamente para nutrir tu cuero cabelludo y tu cabello suavemente.","robots":{"index":"index","follow":"follow","max-snippet":"max-snippet:-1","max-image-preview":"max-image-preview:large","max-video-preview":"max-video-preview:-1"},"canonical":"https:\/\/www.lraloeverashop.eu\/es\/producto\/aloe-vera-nutri-repair-champu\/","og_locale":"es_ES","og_type":"article","og_title":"Champu Hidratante Aloe Vera Nutri Repair","og_description":"\u00bfQuieres tener un cabello saludable? Usa Champu Hidratante Aloe Vera Nutri Repair diariamente para nutrir tu cuero cabelludo y tu cabello suavemente.","og_url":"https:\/\/www.lraloeverashop.eu\/es\/producto\/aloe-vera-nutri-repair-champu\/","og_site_name":"Lr Tienda Aloe Vera","article_publisher":"https:\/\/www.facebook.com\/lraloeverashop.eu","article_modified_time":"2026-02-09T04:19:15+00:00","og_image":[{"width":1200,"height":1200,"url":"https:\/\/www.lraloeverashop.eu\/wp-content\/uploads\/2022\/10\/Strengthening-Hair-Shampoo.jpg","type":"image\/jpeg"}],"twitter_card":"summary_large_image","twitter_site":"@natur__kosmetik","schema":{"@context":"https:\/\/schema.org","@graph":[{"@type":["WebPage","ItemPage"],"@id":"https:\/\/www.lraloeverashop.eu\/es\/producto\/aloe-vera-nutri-repair-champu\/","url":"https:\/\/www.lraloeverashop.eu\/es\/producto\/aloe-vera-nutri-repair-champu\/","name":"Champu Hidratante Aloe Vera Nutri Repair con La provitamina B5","isPartOf":{"@id":"https:\/\/www.lraloeverashop.eu\/es\/#website"},"primaryImageOfPage":{"@id":"https:\/\/www.lraloeverashop.eu\/es\/producto\/aloe-vera-nutri-repair-champu\/#primaryimage"},"image":{"@id":"https:\/\/www.lraloeverashop.eu\/es\/producto\/aloe-vera-nutri-repair-champu\/#primaryimage"},"thumbnailUrl":"https:\/\/www.lraloeverashop.eu\/wp-content\/uploads\/2022\/10\/Strengthening-Hair-Shampoo.jpg","datePublished":"2022-10-09T20:51:26+00:00","dateModified":"2026-02-09T04:19:15+00:00","description":"\u00bfQuieres tener un cabello saludable? Usa Champu Hidratante Aloe Vera Nutri Repair diariamente para nutrir tu cuero cabelludo y tu cabello suavemente.","breadcrumb":{"@id":"https:\/\/www.lraloeverashop.eu\/es\/producto\/aloe-vera-nutri-repair-champu\/#breadcrumb"},"inLanguage":"es","potentialAction":[{"@type":"ReadAction","target":["https:\/\/www.lraloeverashop.eu\/es\/producto\/aloe-vera-nutri-repair-champu\/"]}]},{"@type":"ImageObject","inLanguage":"es","@id":"https:\/\/www.lraloeverashop.eu\/es\/producto\/aloe-vera-nutri-repair-champu\/#primaryimage","url":"https:\/\/www.lraloeverashop.eu\/wp-content\/uploads\/2022\/10\/Strengthening-Hair-Shampoo.jpg","contentUrl":"https:\/\/www.lraloeverashop.eu\/wp-content\/uploads\/2022\/10\/Strengthening-Hair-Shampoo.jpg","width":1200,"height":1200,"caption":"Champu Hidratante Aloe Vera para cabello suave y saludable"},{"@type":"BreadcrumbList","@id":"https:\/\/www.lraloeverashop.eu\/es\/producto\/aloe-vera-nutri-repair-champu\/#breadcrumb","itemListElement":[{"@type":"ListItem","position":1,"name":"Home","item":"https:\/\/www.lraloeverashop.eu\/es\/"},{"@type":"ListItem","position":2,"name":"Tienda","item":"https:\/\/www.lraloeverashop.eu\/es\/tienda\/"},{"@type":"ListItem","position":3,"name":"Champu Hidratante Aloe Vera Nutri Repair"}]},{"@type":"WebSite","@id":"https:\/\/www.lraloeverashop.eu\/es\/#website","url":"https:\/\/www.lraloeverashop.eu\/es\/","name":"Lr Tienda Aloe Vera","description":"High Quality Lr Aloe Vera Gel, Aloe Vera Cream and Shampoo","publisher":{"@id":"https:\/\/www.lraloeverashop.eu\/es\/#organization"},"potentialAction":[{"@type":"SearchAction","target":{"@type":"EntryPoint","urlTemplate":"https:\/\/www.lraloeverashop.eu\/es\/?s={search_term_string}"},"query-input":{"@type":"PropertyValueSpecification","valueRequired":true,"valueName":"search_term_string"}}],"inLanguage":"es"},{"@type":"Organization","@id":"https:\/\/www.lraloeverashop.eu\/es\/#organization","name":"Lr Tienda Aloe Vera","alternateName":"LR","url":"https:\/\/www.lraloeverashop.eu\/es\/","logo":{"@type":"ImageObject","inLanguage":"es","@id":"https:\/\/www.lraloeverashop.eu\/es\/#\/schema\/logo\/image\/","url":"https:\/\/www.lraloeverashop.eu\/wp-content\/uploads\/2022\/09\/cropped-Lr-Aloe-Vera-Shop.jpg","contentUrl":"https:\/\/www.lraloeverashop.eu\/wp-content\/uploads\/2022\/09\/cropped-Lr-Aloe-Vera-Shop.jpg","width":228,"height":76,"caption":"Lr Tienda Aloe Vera"},"image":{"@id":"https:\/\/www.lraloeverashop.eu\/es\/#\/schema\/logo\/image\/"},"sameAs":["https:\/\/www.facebook.com\/lraloeverashop.eu","https:\/\/x.com\/natur__kosmetik","https:\/\/www.youtube.com\/channel\/UC5oN7BJ8nfYb8RpVtjwDEBA","https:\/\/www.instagram.com\/lrbeautyeu\/"]}]},"product_price_amount":"12.99","product_price_currency":"EUR","og_availability":"instock","product_availability":"instock","product_retailer_item_id":"20648-1ES","product_condition":"new"},"taxonomy_info":{"product_cat":[{"value":217,"label":"Aloe Vera"},{"value":247,"label":"Cuidado Capilar"}],"product_tag":[{"value":631,"label":"Cabello da\u00f1ado"},{"value":635,"label":"Cabello seco"}]},"featured_image_src_large":["https:\/\/www.lraloeverashop.eu\/wp-content\/uploads\/2022\/10\/Strengthening-Hair-Shampoo-1024x1024.jpg",1024,1024,true],"author_info":[],"comment_info":0,"_links":{"self":[{"href":"https:\/\/www.lraloeverashop.eu\/es\/wp-json\/wp\/v2\/product\/10645","targetHints":{"allow":["GET"]}}],"collection":[{"href":"https:\/\/www.lraloeverashop.eu\/es\/wp-json\/wp\/v2\/product"}],"about":[{"href":"https:\/\/www.lraloeverashop.eu\/es\/wp-json\/wp\/v2\/types\/product"}],"replies":[{"embeddable":true,"href":"https:\/\/www.lraloeverashop.eu\/es\/wp-json\/wp\/v2\/comments?post=10645"}],"wp:featuredmedia":[{"embeddable":true,"href":"https:\/\/www.lraloeverashop.eu\/es\/wp-json\/wp\/v2\/media\/4367"}],"wp:attachment":[{"href":"https:\/\/www.lraloeverashop.eu\/es\/wp-json\/wp\/v2\/media?parent=10645"}],"wp:term":[{"taxonomy":"product_brand","embeddable":true,"href":"https:\/\/www.lraloeverashop.eu\/es\/wp-json\/wp\/v2\/product_brand?post=10645"},{"taxonomy":"product_cat","embeddable":true,"href":"https:\/\/www.lraloeverashop.eu\/es\/wp-json\/wp\/v2\/product_cat?post=10645"},{"taxonomy":"product_tag","embeddable":true,"href":"https:\/\/www.lraloeverashop.eu\/es\/wp-json\/wp\/v2\/product_tag?post=10645"}],"curies":[{"name":"wp","href":"https:\/\/api.w.org\/{rel}","templated":true}]}}