{"id":10601,"date":"2022-10-10T17:07:40","date_gmt":"2022-10-10T15:07:40","guid":{"rendered":"https:\/\/www.lraloeverashop.eu\/product\/gel-de-bano-aloe-vera-cbd\/"},"modified":"2026-02-09T05:18:39","modified_gmt":"2026-02-09T04:18:39","slug":"gel-de-bano-aloe-vera-cbd","status":"publish","type":"product","link":"https:\/\/www.lraloeverashop.eu\/es\/producto\/gel-de-bano-aloe-vera-cbd\/","title":{"rendered":"Gel de Ba\u00f1o Aloe Vera CBD"},"content":{"rendered":"<h2><span style=\"font-size: 16pt;\">Gel de Ba\u00f1o Aloe Vera CBD<\/span><\/h2>\n<p><strong><span style=\"font-size: 14pt;\">Gel de Ba\u00f1o Aloe Vera CBD para una limpieza relajante y un cuidado calmante.<\/span><\/strong><\/p>\n<p>El Gel de Ducha Aloe Vera CBD limpia suavemente la piel estresada sin resecarla. Calma y protege la piel de tu cuerpo y la hidrata.<\/p>\n<p>Gel de Ducha CBD tratar\u00e1 tu piel con un cuidado calmante y regenerador con <a href=\"https:\/\/www.lraloeverashop.eu\/es\/producto\/aloe-vera-crema-dermaintense-reguladora\/\">aloe vera<\/a>, aceite de semilla de cannabis sativa org\u00e1nico y CBD. El secreto del efecto \u00fanico del nuevo Gel de Ba\u00f1o Aloe Vera CBD es la combinaci\u00f3n de aloe vera hidratante, aceite de semilla de cannabis sativa org\u00e1nico protector y CBD. Para un equilibrio, hidratado y relajado<\/p>\n<p>\u2022 Combinaci\u00f3n especial de ingredientes de aloe vera, aceite de semilla de cannabis sativa org\u00e1nico y CBD<br \/>\n\u2022 Limpieza diaria para pieles estresadas y estresadas sin resecarlas<br \/>\n\u2022 Apoya el propio proceso de <a href=\"https:\/\/www.lraloeverashop.eu\/es\/producto\/te-cistus-incanus\/\">regeneraci\u00f3n de la piel<\/a><\/p>\n<p>&nbsp;<\/p>\n<h3><strong><span style=\"font-size: 16pt;\">\u00bfSab\u00edas?<\/span><\/strong><\/h3>\n<p>Se sabe que el aceite de semilla de cannabis sativa org\u00e1nico calma la piel irritada y alivia las irritaciones de la piel debido a sus propiedades protectoras. El CBD contenido en el <a href=\"https:\/\/www.lraloeverashop.eu\/es\/producto\/serum-facial-aloe-vera-cbd\/\">aceite de cannabis<\/a> tiene un efecto relajante sobre la piel estresada propensa al enrojecimiento y la protege de las influencias ambientales externas.<\/p>\n<p><strong>Informaci\u00f3n sobre el CBD:<\/strong> el cannabidiol (CBD para abreviar) es un ingrediente natural de la planta de c\u00e1\u00f1amo y se extrae de sus hojas y tallos de las hojas. El aceite de semilla de cannabis sativa org\u00e1nico mezclado con CBD puede <a href=\"https:\/\/www.lraloeverashop.eu\/es\/producto\/set-limpieza-corporal-aloe-vera-cbd\/\">cuidar la piel estresada<\/a> particularmente bien con sus propiedades calmantes para la piel.<\/p>\n<p>&nbsp;<\/p>\n","protected":false},"excerpt":{"rendered":"<ul>\n<li>Gel de ducha para pieles estresadas<\/li>\n<li>Limpia suavemente sin resecar la piel<\/li>\n<li>Calma y protege la piel del cuerpo.<\/li>\n<li>Proporciona humedad<\/li>\n<li>Con aloe vera, aceite de semilla de cannabis sativa org\u00e1nico y CBD<\/li>\n<li>Los frascos y botellas est\u00e1n hechos del material sostenible rPET<\/li>\n<li>Cantidad: 200ml<\/li>\n<\/ul>\n<p><span style=\"color: #ff0000;\"><a style=\"color: #ff0000;\" href=\"https:\/\/shop.lrworld.com\/openpao?PHP=0vFlt7jT938BEnBI3a6e9w%3D%3D\"><span style=\"font-size: 14pt;\"><strong>Reg\u00edstrate aqu\u00ed y ahorra 35% en cada compra<\/strong><\/span><\/a><\/span><\/p>\n","protected":false},"featured_media":4937,"comment_status":"open","ping_status":"closed","template":"","meta":{"_kad_blocks_custom_css":"","_kad_blocks_head_custom_js":"","_kad_blocks_body_custom_js":"","_kad_blocks_footer_custom_js":"","_kadence_starter_templates_imported_post":false,"_kad_post_transparent":"default","_kad_post_title":"","_kad_post_layout":"default","_kad_post_sidebar_id":"","_kad_post_content_style":"default","_kad_post_vertical_padding":"default","_kad_post_feature":"","_kad_post_feature_position":"","_kad_post_header":false,"_kad_post_footer":false,"_kad_post_classname":""},"product_brand":[],"product_cat":[217,237,232],"product_tag":[629],"class_list":{"0":"post-10601","1":"product","2":"type-product","3":"status-publish","4":"has-post-thumbnail","6":"product_cat-aloe-vera-es","7":"product_cat-cbd-es","8":"product_cat-cuidado-corporal","9":"product_tag-productos-de-cbd","11":"first","12":"instock","13":"taxable","14":"shipping-taxable","15":"purchasable","16":"product-type-simple","17":"entry","18":"content-bg","19":"loop-entry"},"yoast_head":"<!-- This site is optimized with the Yoast SEO Premium plugin v27.3 (Yoast SEO v27.3) - https:\/\/yoast.com\/product\/yoast-seo-premium-wordpress\/ -->\n<title>Gel de Ba\u00f1o Aloe Vera CBD para una limpieza relajante<\/title>\n<meta name=\"description\" content=\"Gel de Ba\u00f1o Aloe Vera CBD para pieles estresadas. Limpia suavemente sin resecar la piel. Con aloe vera, aceite de semilla de cannabis sativa org\u00e1nico y CBD\" \/>\n<meta name=\"robots\" content=\"index, follow, max-snippet:-1, max-image-preview:large, max-video-preview:-1\" \/>\n<link rel=\"canonical\" href=\"https:\/\/www.lraloeverashop.eu\/es\/producto\/gel-de-bano-aloe-vera-cbd\/\" \/>\n<meta property=\"og:locale\" content=\"es_ES\" \/>\n<meta property=\"og:type\" content=\"article\" \/>\n<meta property=\"og:title\" content=\"Gel de Ba\u00f1o Aloe Vera CBD\" \/>\n<meta property=\"og:description\" content=\"Gel de Ba\u00f1o Aloe Vera CBD para pieles estresadas. Limpia suavemente sin resecar la piel. Con aloe vera, aceite de semilla de cannabis sativa org\u00e1nico y CBD\" \/>\n<meta property=\"og:url\" content=\"https:\/\/www.lraloeverashop.eu\/es\/producto\/gel-de-bano-aloe-vera-cbd\/\" \/>\n<meta property=\"og:site_name\" content=\"Lr Tienda Aloe Vera\" \/>\n<meta property=\"article:publisher\" content=\"https:\/\/www.facebook.com\/lraloeverashop.eu\" \/>\n<meta property=\"article:modified_time\" content=\"2026-02-09T04:18:39+00:00\" \/>\n<meta property=\"og:image\" content=\"https:\/\/www.lraloeverashop.eu\/wp-content\/uploads\/2022\/10\/Lr-Aloe-Vera-CBD-Shower-Gel-Oil.jpg\" \/>\n\t<meta property=\"og:image:width\" content=\"1200\" \/>\n\t<meta property=\"og:image:height\" content=\"1200\" \/>\n\t<meta property=\"og:image:type\" content=\"image\/jpeg\" \/>\n<meta name=\"twitter:card\" content=\"summary_large_image\" \/>\n<meta name=\"twitter:site\" content=\"@natur__kosmetik\" \/>\n<script type=\"application\/ld+json\" class=\"yoast-schema-graph\">{\"@context\":\"https:\\\/\\\/schema.org\",\"@graph\":[{\"@type\":[\"WebPage\",\"ItemPage\"],\"@id\":\"https:\\\/\\\/www.lraloeverashop.eu\\\/es\\\/producto\\\/gel-de-bano-aloe-vera-cbd\\\/\",\"url\":\"https:\\\/\\\/www.lraloeverashop.eu\\\/es\\\/producto\\\/gel-de-bano-aloe-vera-cbd\\\/\",\"name\":\"Gel de Ba\u00f1o Aloe Vera CBD para una limpieza relajante\",\"isPartOf\":{\"@id\":\"https:\\\/\\\/www.lraloeverashop.eu\\\/es\\\/#website\"},\"primaryImageOfPage\":{\"@id\":\"https:\\\/\\\/www.lraloeverashop.eu\\\/es\\\/producto\\\/gel-de-bano-aloe-vera-cbd\\\/#primaryimage\"},\"image\":{\"@id\":\"https:\\\/\\\/www.lraloeverashop.eu\\\/es\\\/producto\\\/gel-de-bano-aloe-vera-cbd\\\/#primaryimage\"},\"thumbnailUrl\":\"https:\\\/\\\/www.lraloeverashop.eu\\\/wp-content\\\/uploads\\\/2022\\\/10\\\/Lr-Aloe-Vera-CBD-Shower-Gel-Oil.jpg\",\"datePublished\":\"2022-10-10T15:07:40+00:00\",\"dateModified\":\"2026-02-09T04:18:39+00:00\",\"description\":\"Gel de Ba\u00f1o Aloe Vera CBD para pieles estresadas. Limpia suavemente sin resecar la piel. Con aloe vera, aceite de semilla de cannabis sativa org\u00e1nico y CBD\",\"breadcrumb\":{\"@id\":\"https:\\\/\\\/www.lraloeverashop.eu\\\/es\\\/producto\\\/gel-de-bano-aloe-vera-cbd\\\/#breadcrumb\"},\"inLanguage\":\"es\",\"potentialAction\":[{\"@type\":\"ReadAction\",\"target\":[\"https:\\\/\\\/www.lraloeverashop.eu\\\/es\\\/producto\\\/gel-de-bano-aloe-vera-cbd\\\/\"]}]},{\"@type\":\"ImageObject\",\"inLanguage\":\"es\",\"@id\":\"https:\\\/\\\/www.lraloeverashop.eu\\\/es\\\/producto\\\/gel-de-bano-aloe-vera-cbd\\\/#primaryimage\",\"url\":\"https:\\\/\\\/www.lraloeverashop.eu\\\/wp-content\\\/uploads\\\/2022\\\/10\\\/Lr-Aloe-Vera-CBD-Shower-Gel-Oil.jpg\",\"contentUrl\":\"https:\\\/\\\/www.lraloeverashop.eu\\\/wp-content\\\/uploads\\\/2022\\\/10\\\/Lr-Aloe-Vera-CBD-Shower-Gel-Oil.jpg\",\"width\":1200,\"height\":1200,\"caption\":\"Gel de Ducha de Aloe Vera con Aceite de CBD\"},{\"@type\":\"BreadcrumbList\",\"@id\":\"https:\\\/\\\/www.lraloeverashop.eu\\\/es\\\/producto\\\/gel-de-bano-aloe-vera-cbd\\\/#breadcrumb\",\"itemListElement\":[{\"@type\":\"ListItem\",\"position\":1,\"name\":\"Home\",\"item\":\"https:\\\/\\\/www.lraloeverashop.eu\\\/es\\\/\"},{\"@type\":\"ListItem\",\"position\":2,\"name\":\"Tienda\",\"item\":\"https:\\\/\\\/www.lraloeverashop.eu\\\/es\\\/tienda\\\/\"},{\"@type\":\"ListItem\",\"position\":3,\"name\":\"Gel de Ba\u00f1o Aloe Vera CBD\"}]},{\"@type\":\"WebSite\",\"@id\":\"https:\\\/\\\/www.lraloeverashop.eu\\\/es\\\/#website\",\"url\":\"https:\\\/\\\/www.lraloeverashop.eu\\\/es\\\/\",\"name\":\"Lr Tienda Aloe Vera\",\"description\":\"High Quality Lr Aloe Vera Gel, Aloe Vera Cream and Shampoo\",\"publisher\":{\"@id\":\"https:\\\/\\\/www.lraloeverashop.eu\\\/es\\\/#organization\"},\"potentialAction\":[{\"@type\":\"SearchAction\",\"target\":{\"@type\":\"EntryPoint\",\"urlTemplate\":\"https:\\\/\\\/www.lraloeverashop.eu\\\/es\\\/?s={search_term_string}\"},\"query-input\":{\"@type\":\"PropertyValueSpecification\",\"valueRequired\":true,\"valueName\":\"search_term_string\"}}],\"inLanguage\":\"es\"},{\"@type\":\"Organization\",\"@id\":\"https:\\\/\\\/www.lraloeverashop.eu\\\/es\\\/#organization\",\"name\":\"Lr Tienda Aloe Vera\",\"alternateName\":\"LR\",\"url\":\"https:\\\/\\\/www.lraloeverashop.eu\\\/es\\\/\",\"logo\":{\"@type\":\"ImageObject\",\"inLanguage\":\"es\",\"@id\":\"https:\\\/\\\/www.lraloeverashop.eu\\\/es\\\/#\\\/schema\\\/logo\\\/image\\\/\",\"url\":\"https:\\\/\\\/www.lraloeverashop.eu\\\/wp-content\\\/uploads\\\/2022\\\/09\\\/cropped-Lr-Aloe-Vera-Shop.jpg\",\"contentUrl\":\"https:\\\/\\\/www.lraloeverashop.eu\\\/wp-content\\\/uploads\\\/2022\\\/09\\\/cropped-Lr-Aloe-Vera-Shop.jpg\",\"width\":228,\"height\":76,\"caption\":\"Lr Tienda Aloe Vera\"},\"image\":{\"@id\":\"https:\\\/\\\/www.lraloeverashop.eu\\\/es\\\/#\\\/schema\\\/logo\\\/image\\\/\"},\"sameAs\":[\"https:\\\/\\\/www.facebook.com\\\/lraloeverashop.eu\",\"https:\\\/\\\/x.com\\\/natur__kosmetik\",\"https:\\\/\\\/www.youtube.com\\\/channel\\\/UC5oN7BJ8nfYb8RpVtjwDEBA\",\"https:\\\/\\\/www.instagram.com\\\/lrbeautyeu\\\/\"]}]}<\/script>\n<meta property=\"product:price:amount\" content=\"11.69\" \/>\n<meta property=\"product:price:currency\" content=\"EUR\" \/>\n<meta property=\"og:availability\" content=\"instock\" \/>\n<meta property=\"product:availability\" content=\"instock\" \/>\n<meta property=\"product:retailer_item_id\" content=\"20824-1ES\" \/>\n<meta property=\"product:condition\" content=\"new\" \/>\n<!-- \/ Yoast SEO Premium plugin. -->","yoast_head_json":{"title":"Gel de Ba\u00f1o Aloe Vera CBD para una limpieza relajante","description":"Gel de Ba\u00f1o Aloe Vera CBD para pieles estresadas. Limpia suavemente sin resecar la piel. Con aloe vera, aceite de semilla de cannabis sativa org\u00e1nico y CBD","robots":{"index":"index","follow":"follow","max-snippet":"max-snippet:-1","max-image-preview":"max-image-preview:large","max-video-preview":"max-video-preview:-1"},"canonical":"https:\/\/www.lraloeverashop.eu\/es\/producto\/gel-de-bano-aloe-vera-cbd\/","og_locale":"es_ES","og_type":"article","og_title":"Gel de Ba\u00f1o Aloe Vera CBD","og_description":"Gel de Ba\u00f1o Aloe Vera CBD para pieles estresadas. Limpia suavemente sin resecar la piel. Con aloe vera, aceite de semilla de cannabis sativa org\u00e1nico y CBD","og_url":"https:\/\/www.lraloeverashop.eu\/es\/producto\/gel-de-bano-aloe-vera-cbd\/","og_site_name":"Lr Tienda Aloe Vera","article_publisher":"https:\/\/www.facebook.com\/lraloeverashop.eu","article_modified_time":"2026-02-09T04:18:39+00:00","og_image":[{"width":1200,"height":1200,"url":"https:\/\/www.lraloeverashop.eu\/wp-content\/uploads\/2022\/10\/Lr-Aloe-Vera-CBD-Shower-Gel-Oil.jpg","type":"image\/jpeg"}],"twitter_card":"summary_large_image","twitter_site":"@natur__kosmetik","schema":{"@context":"https:\/\/schema.org","@graph":[{"@type":["WebPage","ItemPage"],"@id":"https:\/\/www.lraloeverashop.eu\/es\/producto\/gel-de-bano-aloe-vera-cbd\/","url":"https:\/\/www.lraloeverashop.eu\/es\/producto\/gel-de-bano-aloe-vera-cbd\/","name":"Gel de Ba\u00f1o Aloe Vera CBD para una limpieza relajante","isPartOf":{"@id":"https:\/\/www.lraloeverashop.eu\/es\/#website"},"primaryImageOfPage":{"@id":"https:\/\/www.lraloeverashop.eu\/es\/producto\/gel-de-bano-aloe-vera-cbd\/#primaryimage"},"image":{"@id":"https:\/\/www.lraloeverashop.eu\/es\/producto\/gel-de-bano-aloe-vera-cbd\/#primaryimage"},"thumbnailUrl":"https:\/\/www.lraloeverashop.eu\/wp-content\/uploads\/2022\/10\/Lr-Aloe-Vera-CBD-Shower-Gel-Oil.jpg","datePublished":"2022-10-10T15:07:40+00:00","dateModified":"2026-02-09T04:18:39+00:00","description":"Gel de Ba\u00f1o Aloe Vera CBD para pieles estresadas. Limpia suavemente sin resecar la piel. Con aloe vera, aceite de semilla de cannabis sativa org\u00e1nico y CBD","breadcrumb":{"@id":"https:\/\/www.lraloeverashop.eu\/es\/producto\/gel-de-bano-aloe-vera-cbd\/#breadcrumb"},"inLanguage":"es","potentialAction":[{"@type":"ReadAction","target":["https:\/\/www.lraloeverashop.eu\/es\/producto\/gel-de-bano-aloe-vera-cbd\/"]}]},{"@type":"ImageObject","inLanguage":"es","@id":"https:\/\/www.lraloeverashop.eu\/es\/producto\/gel-de-bano-aloe-vera-cbd\/#primaryimage","url":"https:\/\/www.lraloeverashop.eu\/wp-content\/uploads\/2022\/10\/Lr-Aloe-Vera-CBD-Shower-Gel-Oil.jpg","contentUrl":"https:\/\/www.lraloeverashop.eu\/wp-content\/uploads\/2022\/10\/Lr-Aloe-Vera-CBD-Shower-Gel-Oil.jpg","width":1200,"height":1200,"caption":"Gel de Ducha de Aloe Vera con Aceite de CBD"},{"@type":"BreadcrumbList","@id":"https:\/\/www.lraloeverashop.eu\/es\/producto\/gel-de-bano-aloe-vera-cbd\/#breadcrumb","itemListElement":[{"@type":"ListItem","position":1,"name":"Home","item":"https:\/\/www.lraloeverashop.eu\/es\/"},{"@type":"ListItem","position":2,"name":"Tienda","item":"https:\/\/www.lraloeverashop.eu\/es\/tienda\/"},{"@type":"ListItem","position":3,"name":"Gel de Ba\u00f1o Aloe Vera CBD"}]},{"@type":"WebSite","@id":"https:\/\/www.lraloeverashop.eu\/es\/#website","url":"https:\/\/www.lraloeverashop.eu\/es\/","name":"Lr Tienda Aloe Vera","description":"High Quality Lr Aloe Vera Gel, Aloe Vera Cream and Shampoo","publisher":{"@id":"https:\/\/www.lraloeverashop.eu\/es\/#organization"},"potentialAction":[{"@type":"SearchAction","target":{"@type":"EntryPoint","urlTemplate":"https:\/\/www.lraloeverashop.eu\/es\/?s={search_term_string}"},"query-input":{"@type":"PropertyValueSpecification","valueRequired":true,"valueName":"search_term_string"}}],"inLanguage":"es"},{"@type":"Organization","@id":"https:\/\/www.lraloeverashop.eu\/es\/#organization","name":"Lr Tienda Aloe Vera","alternateName":"LR","url":"https:\/\/www.lraloeverashop.eu\/es\/","logo":{"@type":"ImageObject","inLanguage":"es","@id":"https:\/\/www.lraloeverashop.eu\/es\/#\/schema\/logo\/image\/","url":"https:\/\/www.lraloeverashop.eu\/wp-content\/uploads\/2022\/09\/cropped-Lr-Aloe-Vera-Shop.jpg","contentUrl":"https:\/\/www.lraloeverashop.eu\/wp-content\/uploads\/2022\/09\/cropped-Lr-Aloe-Vera-Shop.jpg","width":228,"height":76,"caption":"Lr Tienda Aloe Vera"},"image":{"@id":"https:\/\/www.lraloeverashop.eu\/es\/#\/schema\/logo\/image\/"},"sameAs":["https:\/\/www.facebook.com\/lraloeverashop.eu","https:\/\/x.com\/natur__kosmetik","https:\/\/www.youtube.com\/channel\/UC5oN7BJ8nfYb8RpVtjwDEBA","https:\/\/www.instagram.com\/lrbeautyeu\/"]}]},"product_price_amount":"11.69","product_price_currency":"EUR","og_availability":"instock","product_availability":"instock","product_retailer_item_id":"20824-1ES","product_condition":"new"},"taxonomy_info":{"product_cat":[{"value":217,"label":"Aloe Vera"},{"value":237,"label":"CBD"},{"value":232,"label":"Cuidado Corporal"}],"product_tag":[{"value":629,"label":"Productos de cbd"}]},"featured_image_src_large":["https:\/\/www.lraloeverashop.eu\/wp-content\/uploads\/2022\/10\/Lr-Aloe-Vera-CBD-Shower-Gel-Oil-1024x1024.jpg",1024,1024,true],"author_info":[],"comment_info":0,"_links":{"self":[{"href":"https:\/\/www.lraloeverashop.eu\/es\/wp-json\/wp\/v2\/product\/10601","targetHints":{"allow":["GET"]}}],"collection":[{"href":"https:\/\/www.lraloeverashop.eu\/es\/wp-json\/wp\/v2\/product"}],"about":[{"href":"https:\/\/www.lraloeverashop.eu\/es\/wp-json\/wp\/v2\/types\/product"}],"replies":[{"embeddable":true,"href":"https:\/\/www.lraloeverashop.eu\/es\/wp-json\/wp\/v2\/comments?post=10601"}],"wp:featuredmedia":[{"embeddable":true,"href":"https:\/\/www.lraloeverashop.eu\/es\/wp-json\/wp\/v2\/media\/4937"}],"wp:attachment":[{"href":"https:\/\/www.lraloeverashop.eu\/es\/wp-json\/wp\/v2\/media?parent=10601"}],"wp:term":[{"taxonomy":"product_brand","embeddable":true,"href":"https:\/\/www.lraloeverashop.eu\/es\/wp-json\/wp\/v2\/product_brand?post=10601"},{"taxonomy":"product_cat","embeddable":true,"href":"https:\/\/www.lraloeverashop.eu\/es\/wp-json\/wp\/v2\/product_cat?post=10601"},{"taxonomy":"product_tag","embeddable":true,"href":"https:\/\/www.lraloeverashop.eu\/es\/wp-json\/wp\/v2\/product_tag?post=10601"}],"curies":[{"name":"wp","href":"https:\/\/api.w.org\/{rel}","templated":true}]}}