{"id":10527,"date":"2022-10-10T18:54:34","date_gmt":"2022-10-10T16:54:34","guid":{"rendered":"https:\/\/www.lraloeverashop.eu\/product\/aloe-vera-balsamo-corporal-hidratante\/"},"modified":"2026-02-09T05:17:37","modified_gmt":"2026-02-09T04:17:37","slug":"aloe-vera-balsamo-corporal-hidratante","status":"publish","type":"product","link":"https:\/\/www.lraloeverashop.eu\/es\/producto\/aloe-vera-balsamo-corporal-hidratante\/","title":{"rendered":"B\u00e1lsamo Corporal Hidratante Aloe Vera"},"content":{"rendered":"<h2><span style=\"font-size: 16pt;\">B\u00e1lsamo Corporal Hidratante Aloe Vera<\/span><\/h2>\n<p><strong><span style=\"font-size: 14pt;\">B\u00e1lsamo Corporal Hidratante Aloe Vera Adecuado para todo tipo de piel<\/span><\/strong><\/p>\n<p>Despu\u00e9s de tomar una ducha, a menudo se omite el siguiente paso importante, que es la aplicaci\u00f3n de crema corporal. Ducharse con agua caliente o tomarse su tiempo en la ducha puede conducir a la sequedad de la piel y la <a href=\"https:\/\/www.lraloeverashop.eu\/es\/producto\/aloe-vera-crema-corporal-suave\/\">rugosidad<\/a>. Por lo tanto, la aplicaci\u00f3n de una crema corporal es absolutamente necesaria.<\/p>\n<p>El\u00a0 B\u00e1lsamo Corporal Hidratante ofrece un cuidado ideal de la piel despu\u00e9s de la limpieza, debido a su textura suave y aroma relajante. Con su contenido de 69% en Aloe Vera, el B\u00e1lsamo Corporal Hidratante ofrece una rica humedad y deja una <a href=\"https:\/\/www.lraloeverashop.eu\/es\/producto\/crema-para-estrias\/\">sensaci\u00f3n de piel fresca<\/a>.<\/p>\n<p>El B\u00e1lsamo de Aloe Vera es s\u00faper eficaz, ya que se propaga f\u00e1cilmente en el cuerpo. Su f\u00f3rmula de cuidado se absorbe f\u00e1cilmente, dejando la piel con una agradable sensaci\u00f3n de frescura, suavidad sedosa y un aroma suave que perdura. Aplica el b\u00e1lsamo despu\u00e9s de <a href=\"https:\/\/www.lraloeverashop.eu\/es\/producto\/aloe-vera-gel-de-ducha-vitalizante\/\">tomar una ducha<\/a>, o cuando sientas la necesidad de ofrecer a tu piel un poco de relajaci\u00f3n extra. Disfrute de su suavidad y su suave aroma y regocijase en la sensaci\u00f3n \u00fanica de frescura y rejuvenecimiento que proporciona.<\/p>\n<p>&nbsp;<\/p>\n<h3><strong><span style=\"font-size: 16pt;\">Modo de uso<\/span><\/strong><\/h3>\n<p>Aplique el b\u00e1lsamo por la ma\u00f1ana y \/ o por la noche en todo el cuerpo o en las \u00e1reas que necesitan <a href=\"https:\/\/www.lraloeverashop.eu\/es\/producto\/aloe-vera-gel-hidratante-concentrado\/\">hidrataci\u00f3n en particular<\/a>. Su f\u00f3rmula de cuidado es especialmente refrescante despu\u00e9s de la ducha. Se absorbe r\u00e1pidamente en la piel.<\/p>\n","protected":false},"excerpt":{"rendered":"<ul>\n<li>Ofrece hidrataci\u00f3n despu\u00e9s de la limpieza.<\/li>\n<li>Adecuado para todo tipo de piel.<\/li>\n<li>Con 69% Aloe Vera<\/li>\n<li>Con extracto de magnolia org\u00e1nica<\/li>\n<li>Contenido: 200 ml<\/li>\n<\/ul>\n<p><span style=\"color: #ff0000;\"><a style=\"color: #ff0000;\" href=\"https:\/\/shop.lrworld.com\/openpao?PHP=0vFlt7jT938BEnBI3a6e9w%3D%3D\"><span style=\"font-size: 14pt;\"><strong>Reg\u00edstrate aqu\u00ed y ahorra 35% en cada compra<\/strong><\/span><\/a><\/span><\/p>\n","protected":false},"featured_media":4901,"comment_status":"open","ping_status":"closed","template":"","meta":{"_kad_blocks_custom_css":"","_kad_blocks_head_custom_js":"","_kad_blocks_body_custom_js":"","_kad_blocks_footer_custom_js":"","_kadence_starter_templates_imported_post":false,"_kad_post_transparent":"default","_kad_post_title":"","_kad_post_layout":"default","_kad_post_sidebar_id":"","_kad_post_content_style":"default","_kad_post_vertical_padding":"default","_kad_post_feature":"","_kad_post_feature_position":"","_kad_post_header":false,"_kad_post_footer":false,"_kad_post_classname":""},"product_brand":[],"product_cat":[217,232],"product_tag":[637],"class_list":{"0":"post-10527","1":"product","2":"type-product","3":"status-publish","4":"has-post-thumbnail","6":"product_cat-aloe-vera-es","7":"product_cat-cuidado-corporal","8":"product_tag-piel-seca","10":"first","11":"instock","12":"taxable","13":"shipping-taxable","14":"purchasable","15":"product-type-simple","16":"entry","17":"content-bg","18":"loop-entry"},"yoast_head":"<!-- This site is optimized with the Yoast SEO Premium plugin v27.3 (Yoast SEO v27.3) - https:\/\/yoast.com\/product\/yoast-seo-premium-wordpress\/ -->\n<title>B\u00e1lsamo Corporal Hidratante Aloe Vera para todo tipo de piel<\/title>\n<meta name=\"description\" content=\"B\u00e1lsamo Corporal Hidratante Aloe Vera ofrece hidrataci\u00f3n despu\u00e9s de la limpieza. Con 69% Aloe Vera y extracto de magnolia org\u00e1nica. S\u00faper eficaz.\" \/>\n<meta name=\"robots\" content=\"index, follow, max-snippet:-1, max-image-preview:large, max-video-preview:-1\" \/>\n<link rel=\"canonical\" href=\"https:\/\/www.lraloeverashop.eu\/es\/producto\/aloe-vera-balsamo-corporal-hidratante\/\" \/>\n<meta property=\"og:locale\" content=\"es_ES\" \/>\n<meta property=\"og:type\" content=\"article\" \/>\n<meta property=\"og:title\" content=\"B\u00e1lsamo Corporal Hidratante Aloe Vera\" \/>\n<meta property=\"og:description\" content=\"B\u00e1lsamo Corporal Hidratante Aloe Vera ofrece hidrataci\u00f3n despu\u00e9s de la limpieza. Con 69% Aloe Vera y extracto de magnolia org\u00e1nica. S\u00faper eficaz.\" \/>\n<meta property=\"og:url\" content=\"https:\/\/www.lraloeverashop.eu\/es\/producto\/aloe-vera-balsamo-corporal-hidratante\/\" \/>\n<meta property=\"og:site_name\" content=\"Lr Tienda Aloe Vera\" \/>\n<meta property=\"article:publisher\" content=\"https:\/\/www.facebook.com\/lraloeverashop.eu\" \/>\n<meta property=\"article:modified_time\" content=\"2026-02-09T04:17:37+00:00\" \/>\n<meta property=\"og:image\" content=\"https:\/\/www.lraloeverashop.eu\/wp-content\/uploads\/2022\/10\/Lr-Aloe-Vera-Moisturizing-body-balm.jpg\" \/>\n\t<meta property=\"og:image:width\" content=\"1200\" \/>\n\t<meta property=\"og:image:height\" content=\"1200\" \/>\n\t<meta property=\"og:image:type\" content=\"image\/jpeg\" \/>\n<meta name=\"twitter:card\" content=\"summary_large_image\" \/>\n<meta name=\"twitter:site\" content=\"@natur__kosmetik\" \/>\n<script type=\"application\/ld+json\" class=\"yoast-schema-graph\">{\"@context\":\"https:\\\/\\\/schema.org\",\"@graph\":[{\"@type\":[\"WebPage\",\"ItemPage\"],\"@id\":\"https:\\\/\\\/www.lraloeverashop.eu\\\/es\\\/producto\\\/aloe-vera-balsamo-corporal-hidratante\\\/\",\"url\":\"https:\\\/\\\/www.lraloeverashop.eu\\\/es\\\/producto\\\/aloe-vera-balsamo-corporal-hidratante\\\/\",\"name\":\"B\u00e1lsamo Corporal Hidratante Aloe Vera para todo tipo de piel\",\"isPartOf\":{\"@id\":\"https:\\\/\\\/www.lraloeverashop.eu\\\/es\\\/#website\"},\"primaryImageOfPage\":{\"@id\":\"https:\\\/\\\/www.lraloeverashop.eu\\\/es\\\/producto\\\/aloe-vera-balsamo-corporal-hidratante\\\/#primaryimage\"},\"image\":{\"@id\":\"https:\\\/\\\/www.lraloeverashop.eu\\\/es\\\/producto\\\/aloe-vera-balsamo-corporal-hidratante\\\/#primaryimage\"},\"thumbnailUrl\":\"https:\\\/\\\/www.lraloeverashop.eu\\\/wp-content\\\/uploads\\\/2022\\\/10\\\/Lr-Aloe-Vera-Moisturizing-body-balm.jpg\",\"datePublished\":\"2022-10-10T16:54:34+00:00\",\"dateModified\":\"2026-02-09T04:17:37+00:00\",\"description\":\"B\u00e1lsamo Corporal Hidratante Aloe Vera ofrece hidrataci\u00f3n despu\u00e9s de la limpieza. Con 69% Aloe Vera y extracto de magnolia org\u00e1nica. S\u00faper eficaz.\",\"breadcrumb\":{\"@id\":\"https:\\\/\\\/www.lraloeverashop.eu\\\/es\\\/producto\\\/aloe-vera-balsamo-corporal-hidratante\\\/#breadcrumb\"},\"inLanguage\":\"es\",\"potentialAction\":[{\"@type\":\"ReadAction\",\"target\":[\"https:\\\/\\\/www.lraloeverashop.eu\\\/es\\\/producto\\\/aloe-vera-balsamo-corporal-hidratante\\\/\"]}]},{\"@type\":\"ImageObject\",\"inLanguage\":\"es\",\"@id\":\"https:\\\/\\\/www.lraloeverashop.eu\\\/es\\\/producto\\\/aloe-vera-balsamo-corporal-hidratante\\\/#primaryimage\",\"url\":\"https:\\\/\\\/www.lraloeverashop.eu\\\/wp-content\\\/uploads\\\/2022\\\/10\\\/Lr-Aloe-Vera-Moisturizing-body-balm.jpg\",\"contentUrl\":\"https:\\\/\\\/www.lraloeverashop.eu\\\/wp-content\\\/uploads\\\/2022\\\/10\\\/Lr-Aloe-Vera-Moisturizing-body-balm.jpg\",\"width\":1200,\"height\":1200,\"caption\":\"Aloe Vera B\u00e1lsamo Corporal Hidratante ofrece hidrataci\u00f3n despu\u00e9s de la limpieza\"},{\"@type\":\"BreadcrumbList\",\"@id\":\"https:\\\/\\\/www.lraloeverashop.eu\\\/es\\\/producto\\\/aloe-vera-balsamo-corporal-hidratante\\\/#breadcrumb\",\"itemListElement\":[{\"@type\":\"ListItem\",\"position\":1,\"name\":\"Home\",\"item\":\"https:\\\/\\\/www.lraloeverashop.eu\\\/es\\\/\"},{\"@type\":\"ListItem\",\"position\":2,\"name\":\"Tienda\",\"item\":\"https:\\\/\\\/www.lraloeverashop.eu\\\/es\\\/tienda\\\/\"},{\"@type\":\"ListItem\",\"position\":3,\"name\":\"B\u00e1lsamo Corporal Hidratante Aloe Vera\"}]},{\"@type\":\"WebSite\",\"@id\":\"https:\\\/\\\/www.lraloeverashop.eu\\\/es\\\/#website\",\"url\":\"https:\\\/\\\/www.lraloeverashop.eu\\\/es\\\/\",\"name\":\"Lr Tienda Aloe Vera\",\"description\":\"High Quality Lr Aloe Vera Gel, Aloe Vera Cream and Shampoo\",\"publisher\":{\"@id\":\"https:\\\/\\\/www.lraloeverashop.eu\\\/es\\\/#organization\"},\"potentialAction\":[{\"@type\":\"SearchAction\",\"target\":{\"@type\":\"EntryPoint\",\"urlTemplate\":\"https:\\\/\\\/www.lraloeverashop.eu\\\/es\\\/?s={search_term_string}\"},\"query-input\":{\"@type\":\"PropertyValueSpecification\",\"valueRequired\":true,\"valueName\":\"search_term_string\"}}],\"inLanguage\":\"es\"},{\"@type\":\"Organization\",\"@id\":\"https:\\\/\\\/www.lraloeverashop.eu\\\/es\\\/#organization\",\"name\":\"Lr Tienda Aloe Vera\",\"alternateName\":\"LR\",\"url\":\"https:\\\/\\\/www.lraloeverashop.eu\\\/es\\\/\",\"logo\":{\"@type\":\"ImageObject\",\"inLanguage\":\"es\",\"@id\":\"https:\\\/\\\/www.lraloeverashop.eu\\\/es\\\/#\\\/schema\\\/logo\\\/image\\\/\",\"url\":\"https:\\\/\\\/www.lraloeverashop.eu\\\/wp-content\\\/uploads\\\/2022\\\/09\\\/cropped-Lr-Aloe-Vera-Shop.jpg\",\"contentUrl\":\"https:\\\/\\\/www.lraloeverashop.eu\\\/wp-content\\\/uploads\\\/2022\\\/09\\\/cropped-Lr-Aloe-Vera-Shop.jpg\",\"width\":228,\"height\":76,\"caption\":\"Lr Tienda Aloe Vera\"},\"image\":{\"@id\":\"https:\\\/\\\/www.lraloeverashop.eu\\\/es\\\/#\\\/schema\\\/logo\\\/image\\\/\"},\"sameAs\":[\"https:\\\/\\\/www.facebook.com\\\/lraloeverashop.eu\",\"https:\\\/\\\/x.com\\\/natur__kosmetik\",\"https:\\\/\\\/www.youtube.com\\\/channel\\\/UC5oN7BJ8nfYb8RpVtjwDEBA\",\"https:\\\/\\\/www.instagram.com\\\/lrbeautyeu\\\/\"]}]}<\/script>\n<meta property=\"product:price:amount\" content=\"19.99\" \/>\n<meta property=\"product:price:currency\" content=\"EUR\" \/>\n<meta property=\"og:availability\" content=\"instock\" \/>\n<meta property=\"product:availability\" content=\"instock\" \/>\n<meta property=\"product:retailer_item_id\" content=\"20639-201ES\" \/>\n<meta property=\"product:condition\" content=\"new\" \/>\n<!-- \/ Yoast SEO Premium plugin. -->","yoast_head_json":{"title":"B\u00e1lsamo Corporal Hidratante Aloe Vera para todo tipo de piel","description":"B\u00e1lsamo Corporal Hidratante Aloe Vera ofrece hidrataci\u00f3n despu\u00e9s de la limpieza. Con 69% Aloe Vera y extracto de magnolia org\u00e1nica. S\u00faper eficaz.","robots":{"index":"index","follow":"follow","max-snippet":"max-snippet:-1","max-image-preview":"max-image-preview:large","max-video-preview":"max-video-preview:-1"},"canonical":"https:\/\/www.lraloeverashop.eu\/es\/producto\/aloe-vera-balsamo-corporal-hidratante\/","og_locale":"es_ES","og_type":"article","og_title":"B\u00e1lsamo Corporal Hidratante Aloe Vera","og_description":"B\u00e1lsamo Corporal Hidratante Aloe Vera ofrece hidrataci\u00f3n despu\u00e9s de la limpieza. Con 69% Aloe Vera y extracto de magnolia org\u00e1nica. S\u00faper eficaz.","og_url":"https:\/\/www.lraloeverashop.eu\/es\/producto\/aloe-vera-balsamo-corporal-hidratante\/","og_site_name":"Lr Tienda Aloe Vera","article_publisher":"https:\/\/www.facebook.com\/lraloeverashop.eu","article_modified_time":"2026-02-09T04:17:37+00:00","og_image":[{"width":1200,"height":1200,"url":"https:\/\/www.lraloeverashop.eu\/wp-content\/uploads\/2022\/10\/Lr-Aloe-Vera-Moisturizing-body-balm.jpg","type":"image\/jpeg"}],"twitter_card":"summary_large_image","twitter_site":"@natur__kosmetik","schema":{"@context":"https:\/\/schema.org","@graph":[{"@type":["WebPage","ItemPage"],"@id":"https:\/\/www.lraloeverashop.eu\/es\/producto\/aloe-vera-balsamo-corporal-hidratante\/","url":"https:\/\/www.lraloeverashop.eu\/es\/producto\/aloe-vera-balsamo-corporal-hidratante\/","name":"B\u00e1lsamo Corporal Hidratante Aloe Vera para todo tipo de piel","isPartOf":{"@id":"https:\/\/www.lraloeverashop.eu\/es\/#website"},"primaryImageOfPage":{"@id":"https:\/\/www.lraloeverashop.eu\/es\/producto\/aloe-vera-balsamo-corporal-hidratante\/#primaryimage"},"image":{"@id":"https:\/\/www.lraloeverashop.eu\/es\/producto\/aloe-vera-balsamo-corporal-hidratante\/#primaryimage"},"thumbnailUrl":"https:\/\/www.lraloeverashop.eu\/wp-content\/uploads\/2022\/10\/Lr-Aloe-Vera-Moisturizing-body-balm.jpg","datePublished":"2022-10-10T16:54:34+00:00","dateModified":"2026-02-09T04:17:37+00:00","description":"B\u00e1lsamo Corporal Hidratante Aloe Vera ofrece hidrataci\u00f3n despu\u00e9s de la limpieza. Con 69% Aloe Vera y extracto de magnolia org\u00e1nica. S\u00faper eficaz.","breadcrumb":{"@id":"https:\/\/www.lraloeverashop.eu\/es\/producto\/aloe-vera-balsamo-corporal-hidratante\/#breadcrumb"},"inLanguage":"es","potentialAction":[{"@type":"ReadAction","target":["https:\/\/www.lraloeverashop.eu\/es\/producto\/aloe-vera-balsamo-corporal-hidratante\/"]}]},{"@type":"ImageObject","inLanguage":"es","@id":"https:\/\/www.lraloeverashop.eu\/es\/producto\/aloe-vera-balsamo-corporal-hidratante\/#primaryimage","url":"https:\/\/www.lraloeverashop.eu\/wp-content\/uploads\/2022\/10\/Lr-Aloe-Vera-Moisturizing-body-balm.jpg","contentUrl":"https:\/\/www.lraloeverashop.eu\/wp-content\/uploads\/2022\/10\/Lr-Aloe-Vera-Moisturizing-body-balm.jpg","width":1200,"height":1200,"caption":"Aloe Vera B\u00e1lsamo Corporal Hidratante ofrece hidrataci\u00f3n despu\u00e9s de la limpieza"},{"@type":"BreadcrumbList","@id":"https:\/\/www.lraloeverashop.eu\/es\/producto\/aloe-vera-balsamo-corporal-hidratante\/#breadcrumb","itemListElement":[{"@type":"ListItem","position":1,"name":"Home","item":"https:\/\/www.lraloeverashop.eu\/es\/"},{"@type":"ListItem","position":2,"name":"Tienda","item":"https:\/\/www.lraloeverashop.eu\/es\/tienda\/"},{"@type":"ListItem","position":3,"name":"B\u00e1lsamo Corporal Hidratante Aloe Vera"}]},{"@type":"WebSite","@id":"https:\/\/www.lraloeverashop.eu\/es\/#website","url":"https:\/\/www.lraloeverashop.eu\/es\/","name":"Lr Tienda Aloe Vera","description":"High Quality Lr Aloe Vera Gel, Aloe Vera Cream and Shampoo","publisher":{"@id":"https:\/\/www.lraloeverashop.eu\/es\/#organization"},"potentialAction":[{"@type":"SearchAction","target":{"@type":"EntryPoint","urlTemplate":"https:\/\/www.lraloeverashop.eu\/es\/?s={search_term_string}"},"query-input":{"@type":"PropertyValueSpecification","valueRequired":true,"valueName":"search_term_string"}}],"inLanguage":"es"},{"@type":"Organization","@id":"https:\/\/www.lraloeverashop.eu\/es\/#organization","name":"Lr Tienda Aloe Vera","alternateName":"LR","url":"https:\/\/www.lraloeverashop.eu\/es\/","logo":{"@type":"ImageObject","inLanguage":"es","@id":"https:\/\/www.lraloeverashop.eu\/es\/#\/schema\/logo\/image\/","url":"https:\/\/www.lraloeverashop.eu\/wp-content\/uploads\/2022\/09\/cropped-Lr-Aloe-Vera-Shop.jpg","contentUrl":"https:\/\/www.lraloeverashop.eu\/wp-content\/uploads\/2022\/09\/cropped-Lr-Aloe-Vera-Shop.jpg","width":228,"height":76,"caption":"Lr Tienda Aloe Vera"},"image":{"@id":"https:\/\/www.lraloeverashop.eu\/es\/#\/schema\/logo\/image\/"},"sameAs":["https:\/\/www.facebook.com\/lraloeverashop.eu","https:\/\/x.com\/natur__kosmetik","https:\/\/www.youtube.com\/channel\/UC5oN7BJ8nfYb8RpVtjwDEBA","https:\/\/www.instagram.com\/lrbeautyeu\/"]}]},"product_price_amount":"19.99","product_price_currency":"EUR","og_availability":"instock","product_availability":"instock","product_retailer_item_id":"20639-201ES","product_condition":"new"},"taxonomy_info":{"product_cat":[{"value":217,"label":"Aloe Vera"},{"value":232,"label":"Cuidado Corporal"}],"product_tag":[{"value":637,"label":"Piel seca"}]},"featured_image_src_large":["https:\/\/www.lraloeverashop.eu\/wp-content\/uploads\/2022\/10\/Lr-Aloe-Vera-Moisturizing-body-balm-1024x1024.jpg",1024,1024,true],"author_info":[],"comment_info":0,"_links":{"self":[{"href":"https:\/\/www.lraloeverashop.eu\/es\/wp-json\/wp\/v2\/product\/10527","targetHints":{"allow":["GET"]}}],"collection":[{"href":"https:\/\/www.lraloeverashop.eu\/es\/wp-json\/wp\/v2\/product"}],"about":[{"href":"https:\/\/www.lraloeverashop.eu\/es\/wp-json\/wp\/v2\/types\/product"}],"replies":[{"embeddable":true,"href":"https:\/\/www.lraloeverashop.eu\/es\/wp-json\/wp\/v2\/comments?post=10527"}],"wp:featuredmedia":[{"embeddable":true,"href":"https:\/\/www.lraloeverashop.eu\/es\/wp-json\/wp\/v2\/media\/4901"}],"wp:attachment":[{"href":"https:\/\/www.lraloeverashop.eu\/es\/wp-json\/wp\/v2\/media?parent=10527"}],"wp:term":[{"taxonomy":"product_brand","embeddable":true,"href":"https:\/\/www.lraloeverashop.eu\/es\/wp-json\/wp\/v2\/product_brand?post=10527"},{"taxonomy":"product_cat","embeddable":true,"href":"https:\/\/www.lraloeverashop.eu\/es\/wp-json\/wp\/v2\/product_cat?post=10527"},{"taxonomy":"product_tag","embeddable":true,"href":"https:\/\/www.lraloeverashop.eu\/es\/wp-json\/wp\/v2\/product_tag?post=10527"}],"curies":[{"name":"wp","href":"https:\/\/api.w.org\/{rel}","templated":true}]}}