{"id":10437,"date":"2022-10-10T22:32:47","date_gmt":"2022-10-10T20:32:47","guid":{"rendered":"https:\/\/www.lraloeverashop.eu\/product\/serum-facial-aloe-vera-cbd\/"},"modified":"2026-02-09T05:16:34","modified_gmt":"2026-02-09T04:16:34","slug":"serum-facial-aloe-vera-cbd","status":"publish","type":"product","link":"https:\/\/www.lraloeverashop.eu\/es\/producto\/serum-facial-aloe-vera-cbd\/","title":{"rendered":"Serum Facial Aloe Vera CBD"},"content":{"rendered":"<h2><strong><span style=\"font-size: 16pt;\">Serum Facial Aloe Vera CBD<\/span><\/strong><\/h2>\n<p><strong><span style=\"font-size: 14pt;\">Serum Facial Aloe Vera CBD &#8211; M\u00e1s bienestar, m\u00e1s rituales de cuidado, m\u00e1s luminosidad<\/span><\/strong><\/p>\n<p>El Suero Facial Aloe Vera CBD tratar\u00e1 tu piel con un 50 % de aloe vera, aceite de semilla de cannabis sativa org\u00e1nico y CBD. El secreto del efecto \u00fanico del nuevo s\u00e9rum bif\u00e1sico es la combinaci\u00f3n de <a href=\"https:\/\/www.lraloeverashop.eu\/es\/producto\/serum-facial-lr-skin-balance\/\">gel de aloe vera hidratante<\/a> al 50% y aceite de semilla de cannabis sativa org\u00e1nico protector y CBD. \u00a1Para una tez equilibrada, <a href=\"https:\/\/www.lraloeverashop.eu\/es\/producto\/aloe-vera-mascarilla-facial-hidratante-express\/\">hidratada<\/a> y refinada!<\/p>\n<p>Se sabe que el aceite de semilla de cannabis sativa org\u00e1nico calma la piel irritada y reduce la irritaci\u00f3n de la piel con sus propiedades protectoras. El CBD contenido en el aceite de cannabis tiene un efecto relajante sobre la piel estresada y la protege de las influencias ambientales externas.<\/p>\n<p>&nbsp;<\/p>\n<h3><strong><span style=\"font-size: 16pt;\">C\u00f3mo usar el Suero Facial Aloe Vera CBD<\/span><\/strong><\/h3>\n<p>Aplicar ma\u00f1ana y noche sobre la piel del rostro limpia y dejar actuar brevemente. Agitar bien antes de usar para que las dos fases se mezclen.<\/p>\n<p>&nbsp;<\/p>\n<h3><strong><span style=\"font-size: 16pt;\">\u00bfSab\u00edas?<\/span><\/strong><\/h3>\n<p>Con el lanzamiento de los productos LR ALOE VERA CBD, en LR seguimos centr\u00e1ndonos en la sostenibilidad. Los frascos y <a href=\"https:\/\/www.lraloeverashop.eu\/es\/categoria-producto\/aloe-vera-es\/cbd-es\/\">botellas de la serie CBD<\/a> care est\u00e1n hechos del material sostenible rPET. Como resultado, los frascos pueden tener una ligera neblina gris, que se debe al proceso de reciclaje respetuoso con el medio ambiente.<\/p>\n<p><strong>\u00bfQu\u00e9 significa exactamente rPET?<\/strong><br \/>\nEl PET es un pl\u00e1stico generalmente transparente y liviano que es altamente reciclable. Hablamos de rPET cuando el pl\u00e1stico consiste total o parcialmente en reciclado (material reciclado). El reciclado se obtiene, por ejemplo, de botellas de pl\u00e1stico viejas recogidas.<\/p>\n<p><strong>\u00bfPor qu\u00e9 el rPET es m\u00e1s sostenible que el PET convencional?<\/strong><br \/>\nLa sostenibilidad y, por lo tanto, el reciclaje han sido temas importantes durante muchos a\u00f1os. Es bien sabido que el pl\u00e1stico no es bueno para nuestro medio ambiente y tiene un impacto negativo en la naturaleza y todos los seres vivos de nuestro planeta de muchas maneras. El uso de PET reciclado y reutilizable de Serum Facial Aloe Vera CBD\u00a0 nos ayuda a ahorrar recursos naturales y, por lo tanto, contribuye significativamente a la protecci\u00f3n del medio ambiente. Con rPET, es posible reducir significativamente la producci\u00f3n de grandes cantidades de pl\u00e1stico y, por lo tanto, tambi\u00e9n reducir de forma sostenible las emisiones de CO2. rPET, por lo tanto, hace una contribuci\u00f3n importante para mejorar el equilibrio ecol\u00f3gico de los envases desechables y aumentar su sostenibilidad.<\/p>\n<p><strong>\u00bfPor qu\u00e9 cambia el color?<\/strong><br \/>\nEl cambio de color del material PET es causado por el reciclaje. El material de partida a reciclar, el PET, puede tener diferentes coloraciones, por lo que la mezcla en el proceso de reciclado hace que los envases fabricados con rPET parezcan ligeramente m\u00e1s oscuros o grises. As\u00ed es como el consumidor final puede saber que un contenedor en particular ha sido reciclado. Al igual que con el papel reciclado, la coloraci\u00f3n ligeramente gris de una botella de PET tambi\u00e9n puede convertirse en un s\u00edmbolo de sostenibilidad y conciencia ambiental y atraer a m\u00e1s y m\u00e1s grupos objetivo en el futuro.<\/p>\n<p>Obtenga su Serum Facial Aloe Vera CBD y comience a calmar y regenerar su piel hoy<\/p>\n","protected":false},"excerpt":{"rendered":"<ul>\n<li><strong><span style=\"color: #ff0000;\">OFERTA LIMITADA<\/span><\/strong><\/li>\n<li>Suero de cuidado facial de 2 fases para pieles estresadas<\/li>\n<li>Fase 1: Cuidado hidratante<\/li>\n<li>Fase 2: Protecci\u00f3n regeneradora<\/li>\n<li>Con 50% gel de aloe vera, aceite de semilla de cannabis sativa org\u00e1nico y CBD<\/li>\n<li>Los frascos y botellas est\u00e1n hechos del material sostenible rPET<\/li>\n<li>Cantidad: 30ml<\/li>\n<\/ul>\n<p><span style=\"color: #ff0000;\"><a style=\"color: #ff0000;\" href=\"https:\/\/shop.lrworld.com\/openpao?PHP=0vFlt7jT938BEnBI3a6e9w%3D%3D\"><span style=\"font-size: 14pt;\"><strong>Reg\u00edstrate aqu\u00ed y ahorra 35% en cada compra<\/strong><\/span><\/a><\/span><\/p>\n","protected":false},"featured_media":4919,"comment_status":"open","ping_status":"closed","template":"","meta":{"_kad_blocks_custom_css":"","_kad_blocks_head_custom_js":"","_kad_blocks_body_custom_js":"","_kad_blocks_footer_custom_js":"","_kadence_starter_templates_imported_post":false,"_kad_post_transparent":"default","_kad_post_title":"","_kad_post_layout":"default","_kad_post_sidebar_id":"","_kad_post_content_style":"default","_kad_post_vertical_padding":"default","_kad_post_feature":"","_kad_post_feature_position":"","_kad_post_header":false,"_kad_post_footer":false,"_kad_post_classname":""},"product_brand":[],"product_cat":[217,237,242,356],"product_tag":[629,689],"class_list":{"0":"post-10437","1":"product","2":"type-product","3":"status-publish","4":"has-post-thumbnail","6":"product_cat-aloe-vera-es","7":"product_cat-cbd-es","8":"product_cat-cuidado-facial","9":"product_cat-ventas","10":"product_tag-productos-de-cbd","11":"product_tag-productos-para-el-cuidado-del-rostro","13":"first","14":"outofstock","15":"sale","16":"taxable","17":"shipping-taxable","18":"purchasable","19":"product-type-simple","20":"entry","21":"content-bg","22":"loop-entry"},"yoast_head":"<!-- This site is optimized with the Yoast SEO Premium plugin v27.5 (Yoast SEO v27.5) - https:\/\/yoast.com\/product\/yoast-seo-premium-wordpress\/ -->\n<title>Serum Facial Aloe Vera CBD - Un secreto del efecto \u00fanico.<\/title>\n<meta name=\"description\" content=\"Serum Facial Aloe Vera CBD con aceite de semilla de cannabis sativa calma la piel irritada y reduce la irritaci\u00f3n de la piel con sus propiedades protectoras\" \/>\n<meta name=\"robots\" content=\"index, follow, max-snippet:-1, max-image-preview:large, max-video-preview:-1\" \/>\n<link rel=\"canonical\" href=\"https:\/\/www.lraloeverashop.eu\/es\/producto\/serum-facial-aloe-vera-cbd\/\" \/>\n<meta property=\"og:locale\" content=\"es_ES\" \/>\n<meta property=\"og:type\" content=\"article\" \/>\n<meta property=\"og:title\" content=\"Serum Facial Aloe Vera CBD\" \/>\n<meta property=\"og:description\" content=\"Serum Facial Aloe Vera CBD con aceite de semilla de cannabis sativa calma la piel irritada y reduce la irritaci\u00f3n de la piel con sus propiedades protectoras\" \/>\n<meta property=\"og:url\" content=\"https:\/\/www.lraloeverashop.eu\/es\/producto\/serum-facial-aloe-vera-cbd\/\" \/>\n<meta property=\"og:site_name\" content=\"Lr Tienda Aloe Vera\" \/>\n<meta property=\"article:publisher\" content=\"https:\/\/www.facebook.com\/lraloeverashop.eu\" \/>\n<meta property=\"article:modified_time\" content=\"2026-02-09T04:16:34+00:00\" \/>\n<meta property=\"og:image\" content=\"https:\/\/www.lraloeverashop.eu\/wp-content\/uploads\/2022\/10\/Lr-Aloe-Vera-CBD-Bi-Phase-Face-Serum.jpg\" \/>\n\t<meta property=\"og:image:width\" content=\"1200\" \/>\n\t<meta property=\"og:image:height\" content=\"1200\" \/>\n\t<meta property=\"og:image:type\" content=\"image\/jpeg\" \/>\n<meta name=\"twitter:card\" content=\"summary_large_image\" \/>\n<meta name=\"twitter:site\" content=\"@natur__kosmetik\" \/>\n<script type=\"application\/ld+json\" class=\"yoast-schema-graph\">{\"@context\":\"https:\\\/\\\/schema.org\",\"@graph\":[{\"@type\":[\"WebPage\",\"ItemPage\"],\"@id\":\"https:\\\/\\\/www.lraloeverashop.eu\\\/es\\\/producto\\\/serum-facial-aloe-vera-cbd\\\/\",\"url\":\"https:\\\/\\\/www.lraloeverashop.eu\\\/es\\\/producto\\\/serum-facial-aloe-vera-cbd\\\/\",\"name\":\"Serum Facial Aloe Vera CBD - Un secreto del efecto \u00fanico.\",\"isPartOf\":{\"@id\":\"https:\\\/\\\/www.lraloeverashop.eu\\\/es\\\/#website\"},\"primaryImageOfPage\":{\"@id\":\"https:\\\/\\\/www.lraloeverashop.eu\\\/es\\\/producto\\\/serum-facial-aloe-vera-cbd\\\/#primaryimage\"},\"image\":{\"@id\":\"https:\\\/\\\/www.lraloeverashop.eu\\\/es\\\/producto\\\/serum-facial-aloe-vera-cbd\\\/#primaryimage\"},\"thumbnailUrl\":\"https:\\\/\\\/www.lraloeverashop.eu\\\/wp-content\\\/uploads\\\/2022\\\/10\\\/Lr-Aloe-Vera-CBD-Bi-Phase-Face-Serum.jpg\",\"datePublished\":\"2022-10-10T20:32:47+00:00\",\"dateModified\":\"2026-02-09T04:16:34+00:00\",\"description\":\"Serum Facial Aloe Vera CBD con aceite de semilla de cannabis sativa calma la piel irritada y reduce la irritaci\u00f3n de la piel con sus propiedades protectoras\",\"breadcrumb\":{\"@id\":\"https:\\\/\\\/www.lraloeverashop.eu\\\/es\\\/producto\\\/serum-facial-aloe-vera-cbd\\\/#breadcrumb\"},\"inLanguage\":\"es\",\"potentialAction\":[{\"@type\":\"ReadAction\",\"target\":[\"https:\\\/\\\/www.lraloeverashop.eu\\\/es\\\/producto\\\/serum-facial-aloe-vera-cbd\\\/\"]}]},{\"@type\":\"ImageObject\",\"inLanguage\":\"es\",\"@id\":\"https:\\\/\\\/www.lraloeverashop.eu\\\/es\\\/producto\\\/serum-facial-aloe-vera-cbd\\\/#primaryimage\",\"url\":\"https:\\\/\\\/www.lraloeverashop.eu\\\/wp-content\\\/uploads\\\/2022\\\/10\\\/Lr-Aloe-Vera-CBD-Bi-Phase-Face-Serum.jpg\",\"contentUrl\":\"https:\\\/\\\/www.lraloeverashop.eu\\\/wp-content\\\/uploads\\\/2022\\\/10\\\/Lr-Aloe-Vera-CBD-Bi-Phase-Face-Serum.jpg\",\"width\":1200,\"height\":1200,\"caption\":\"S\u00e9rum facial bif\u00e1sico de CBD con aloe vera\"},{\"@type\":\"BreadcrumbList\",\"@id\":\"https:\\\/\\\/www.lraloeverashop.eu\\\/es\\\/producto\\\/serum-facial-aloe-vera-cbd\\\/#breadcrumb\",\"itemListElement\":[{\"@type\":\"ListItem\",\"position\":1,\"name\":\"Home\",\"item\":\"https:\\\/\\\/www.lraloeverashop.eu\\\/es\\\/tienda-aloe-vera-todo-para-tu-belleza-y-bienestar\\\/\"},{\"@type\":\"ListItem\",\"position\":2,\"name\":\"Tienda\",\"item\":\"https:\\\/\\\/www.lraloeverashop.eu\\\/es\\\/tienda\\\/\"},{\"@type\":\"ListItem\",\"position\":3,\"name\":\"Serum Facial Aloe Vera CBD\"}]},{\"@type\":\"WebSite\",\"@id\":\"https:\\\/\\\/www.lraloeverashop.eu\\\/es\\\/#website\",\"url\":\"https:\\\/\\\/www.lraloeverashop.eu\\\/es\\\/\",\"name\":\"Lr Tienda Aloe Vera\",\"description\":\"High Quality Lr Aloe Vera Gel, Aloe Vera Cream and Shampoo\",\"publisher\":{\"@id\":\"https:\\\/\\\/www.lraloeverashop.eu\\\/es\\\/#organization\"},\"alternateName\":\"LR\",\"potentialAction\":[{\"@type\":\"SearchAction\",\"target\":{\"@type\":\"EntryPoint\",\"urlTemplate\":\"https:\\\/\\\/www.lraloeverashop.eu\\\/es\\\/?s={search_term_string}\"},\"query-input\":{\"@type\":\"PropertyValueSpecification\",\"valueRequired\":true,\"valueName\":\"search_term_string\"}}],\"inLanguage\":\"es\"},{\"@type\":\"Organization\",\"@id\":\"https:\\\/\\\/www.lraloeverashop.eu\\\/es\\\/#organization\",\"name\":\"Lr Tienda Aloe Vera\",\"alternateName\":\"LR\",\"url\":\"https:\\\/\\\/www.lraloeverashop.eu\\\/es\\\/\",\"logo\":{\"@type\":\"ImageObject\",\"inLanguage\":\"es\",\"@id\":\"https:\\\/\\\/www.lraloeverashop.eu\\\/es\\\/#\\\/schema\\\/logo\\\/image\\\/\",\"url\":\"https:\\\/\\\/www.lraloeverashop.eu\\\/wp-content\\\/uploads\\\/2022\\\/09\\\/cropped-Lr-Aloe-Vera-Shop.jpg\",\"contentUrl\":\"https:\\\/\\\/www.lraloeverashop.eu\\\/wp-content\\\/uploads\\\/2022\\\/09\\\/cropped-Lr-Aloe-Vera-Shop.jpg\",\"width\":228,\"height\":76,\"caption\":\"Lr Tienda Aloe Vera\"},\"image\":{\"@id\":\"https:\\\/\\\/www.lraloeverashop.eu\\\/es\\\/#\\\/schema\\\/logo\\\/image\\\/\"},\"sameAs\":[\"https:\\\/\\\/www.facebook.com\\\/lraloeverashop.eu\",\"https:\\\/\\\/x.com\\\/natur__kosmetik\",\"https:\\\/\\\/www.youtube.com\\\/channel\\\/UC5oN7BJ8nfYb8RpVtjwDEBA\",\"https:\\\/\\\/www.instagram.com\\\/lrbeautyeu\\\/\"],\"description\":\"La tienda Lr Aloe Vera es tu destino de confianza para productos premium de salud y belleza LR, fabricados en Alemania. Ofrecemos soluciones de alta calidad para el cuidado de la piel, nutrici\u00f3n y antienvejecimiento con Aloe Vera, elaboradas con ingredientes puros y respaldadas por investigaci\u00f3n cient\u00edfica. Descubre un cuidado natural que regenera, protege y revitaliza tu piel, y disfruta de ofertas mensuales exclusivas en nuestros productos LR Aloe Vera m\u00e1s vendidos.\\n\\nComienza hoy mismo tu camino hacia el cuidado natural de la piel y siente la diferencia.\",\"email\":\"info@lraloeverashop.eu\",\"telephone\":\"+49 17670609653\",\"legalName\":\"Lr Aloe Vera Shop\",\"foundingDate\":\"2018-04-21\",\"numberOfEmployees\":{\"@type\":\"QuantitativeValue\",\"minValue\":\"1\",\"maxValue\":\"10\"}}]}<\/script>\n<meta property=\"product:price:amount\" content=\"18.99\" \/>\n<meta property=\"product:price:currency\" content=\"EUR\" \/>\n<meta property=\"og:availability\" content=\"out of stock\" \/>\n<meta property=\"product:availability\" content=\"out of stock\" \/>\n<meta property=\"product:retailer_item_id\" content=\"20818-1ES\" \/>\n<meta property=\"product:condition\" content=\"new\" \/>\n<!-- \/ Yoast SEO Premium plugin. -->","yoast_head_json":{"title":"Serum Facial Aloe Vera CBD - Un secreto del efecto \u00fanico.","description":"Serum Facial Aloe Vera CBD con aceite de semilla de cannabis sativa calma la piel irritada y reduce la irritaci\u00f3n de la piel con sus propiedades protectoras","robots":{"index":"index","follow":"follow","max-snippet":"max-snippet:-1","max-image-preview":"max-image-preview:large","max-video-preview":"max-video-preview:-1"},"canonical":"https:\/\/www.lraloeverashop.eu\/es\/producto\/serum-facial-aloe-vera-cbd\/","og_locale":"es_ES","og_type":"article","og_title":"Serum Facial Aloe Vera CBD","og_description":"Serum Facial Aloe Vera CBD con aceite de semilla de cannabis sativa calma la piel irritada y reduce la irritaci\u00f3n de la piel con sus propiedades protectoras","og_url":"https:\/\/www.lraloeverashop.eu\/es\/producto\/serum-facial-aloe-vera-cbd\/","og_site_name":"Lr Tienda Aloe Vera","article_publisher":"https:\/\/www.facebook.com\/lraloeverashop.eu","article_modified_time":"2026-02-09T04:16:34+00:00","og_image":[{"width":1200,"height":1200,"url":"https:\/\/www.lraloeverashop.eu\/wp-content\/uploads\/2022\/10\/Lr-Aloe-Vera-CBD-Bi-Phase-Face-Serum.jpg","type":"image\/jpeg"}],"twitter_card":"summary_large_image","twitter_site":"@natur__kosmetik","schema":{"@context":"https:\/\/schema.org","@graph":[{"@type":["WebPage","ItemPage"],"@id":"https:\/\/www.lraloeverashop.eu\/es\/producto\/serum-facial-aloe-vera-cbd\/","url":"https:\/\/www.lraloeverashop.eu\/es\/producto\/serum-facial-aloe-vera-cbd\/","name":"Serum Facial Aloe Vera CBD - Un secreto del efecto \u00fanico.","isPartOf":{"@id":"https:\/\/www.lraloeverashop.eu\/es\/#website"},"primaryImageOfPage":{"@id":"https:\/\/www.lraloeverashop.eu\/es\/producto\/serum-facial-aloe-vera-cbd\/#primaryimage"},"image":{"@id":"https:\/\/www.lraloeverashop.eu\/es\/producto\/serum-facial-aloe-vera-cbd\/#primaryimage"},"thumbnailUrl":"https:\/\/www.lraloeverashop.eu\/wp-content\/uploads\/2022\/10\/Lr-Aloe-Vera-CBD-Bi-Phase-Face-Serum.jpg","datePublished":"2022-10-10T20:32:47+00:00","dateModified":"2026-02-09T04:16:34+00:00","description":"Serum Facial Aloe Vera CBD con aceite de semilla de cannabis sativa calma la piel irritada y reduce la irritaci\u00f3n de la piel con sus propiedades protectoras","breadcrumb":{"@id":"https:\/\/www.lraloeverashop.eu\/es\/producto\/serum-facial-aloe-vera-cbd\/#breadcrumb"},"inLanguage":"es","potentialAction":[{"@type":"ReadAction","target":["https:\/\/www.lraloeverashop.eu\/es\/producto\/serum-facial-aloe-vera-cbd\/"]}]},{"@type":"ImageObject","inLanguage":"es","@id":"https:\/\/www.lraloeverashop.eu\/es\/producto\/serum-facial-aloe-vera-cbd\/#primaryimage","url":"https:\/\/www.lraloeverashop.eu\/wp-content\/uploads\/2022\/10\/Lr-Aloe-Vera-CBD-Bi-Phase-Face-Serum.jpg","contentUrl":"https:\/\/www.lraloeverashop.eu\/wp-content\/uploads\/2022\/10\/Lr-Aloe-Vera-CBD-Bi-Phase-Face-Serum.jpg","width":1200,"height":1200,"caption":"S\u00e9rum facial bif\u00e1sico de CBD con aloe vera"},{"@type":"BreadcrumbList","@id":"https:\/\/www.lraloeverashop.eu\/es\/producto\/serum-facial-aloe-vera-cbd\/#breadcrumb","itemListElement":[{"@type":"ListItem","position":1,"name":"Home","item":"https:\/\/www.lraloeverashop.eu\/es\/tienda-aloe-vera-todo-para-tu-belleza-y-bienestar\/"},{"@type":"ListItem","position":2,"name":"Tienda","item":"https:\/\/www.lraloeverashop.eu\/es\/tienda\/"},{"@type":"ListItem","position":3,"name":"Serum Facial Aloe Vera CBD"}]},{"@type":"WebSite","@id":"https:\/\/www.lraloeverashop.eu\/es\/#website","url":"https:\/\/www.lraloeverashop.eu\/es\/","name":"Lr Tienda Aloe Vera","description":"High Quality Lr Aloe Vera Gel, Aloe Vera Cream and Shampoo","publisher":{"@id":"https:\/\/www.lraloeverashop.eu\/es\/#organization"},"alternateName":"LR","potentialAction":[{"@type":"SearchAction","target":{"@type":"EntryPoint","urlTemplate":"https:\/\/www.lraloeverashop.eu\/es\/?s={search_term_string}"},"query-input":{"@type":"PropertyValueSpecification","valueRequired":true,"valueName":"search_term_string"}}],"inLanguage":"es"},{"@type":"Organization","@id":"https:\/\/www.lraloeverashop.eu\/es\/#organization","name":"Lr Tienda Aloe Vera","alternateName":"LR","url":"https:\/\/www.lraloeverashop.eu\/es\/","logo":{"@type":"ImageObject","inLanguage":"es","@id":"https:\/\/www.lraloeverashop.eu\/es\/#\/schema\/logo\/image\/","url":"https:\/\/www.lraloeverashop.eu\/wp-content\/uploads\/2022\/09\/cropped-Lr-Aloe-Vera-Shop.jpg","contentUrl":"https:\/\/www.lraloeverashop.eu\/wp-content\/uploads\/2022\/09\/cropped-Lr-Aloe-Vera-Shop.jpg","width":228,"height":76,"caption":"Lr Tienda Aloe Vera"},"image":{"@id":"https:\/\/www.lraloeverashop.eu\/es\/#\/schema\/logo\/image\/"},"sameAs":["https:\/\/www.facebook.com\/lraloeverashop.eu","https:\/\/x.com\/natur__kosmetik","https:\/\/www.youtube.com\/channel\/UC5oN7BJ8nfYb8RpVtjwDEBA","https:\/\/www.instagram.com\/lrbeautyeu\/"],"description":"La tienda Lr Aloe Vera es tu destino de confianza para productos premium de salud y belleza LR, fabricados en Alemania. Ofrecemos soluciones de alta calidad para el cuidado de la piel, nutrici\u00f3n y antienvejecimiento con Aloe Vera, elaboradas con ingredientes puros y respaldadas por investigaci\u00f3n cient\u00edfica. Descubre un cuidado natural que regenera, protege y revitaliza tu piel, y disfruta de ofertas mensuales exclusivas en nuestros productos LR Aloe Vera m\u00e1s vendidos.\n\nComienza hoy mismo tu camino hacia el cuidado natural de la piel y siente la diferencia.","email":"info@lraloeverashop.eu","telephone":"+49 17670609653","legalName":"Lr Aloe Vera Shop","foundingDate":"2018-04-21","numberOfEmployees":{"@type":"QuantitativeValue","minValue":"1","maxValue":"10"}}]},"product_price_amount":"18.99","product_price_currency":"EUR","og_availability":"out of stock","product_availability":"out of stock","product_retailer_item_id":"20818-1ES","product_condition":"new"},"taxonomy_info":{"product_cat":[{"value":217,"label":"Aloe Vera"},{"value":237,"label":"CBD"},{"value":242,"label":"Cuidado Facial"},{"value":356,"label":"Ventas"}],"product_tag":[{"value":629,"label":"Productos de cbd"},{"value":689,"label":"productos para el cuidado del rostro"}]},"featured_image_src_large":["https:\/\/www.lraloeverashop.eu\/wp-content\/uploads\/2022\/10\/Lr-Aloe-Vera-CBD-Bi-Phase-Face-Serum-1024x1024.jpg",1024,1024,true],"author_info":[],"comment_info":0,"_links":{"self":[{"href":"https:\/\/www.lraloeverashop.eu\/es\/wp-json\/wp\/v2\/product\/10437","targetHints":{"allow":["GET"]}}],"collection":[{"href":"https:\/\/www.lraloeverashop.eu\/es\/wp-json\/wp\/v2\/product"}],"about":[{"href":"https:\/\/www.lraloeverashop.eu\/es\/wp-json\/wp\/v2\/types\/product"}],"replies":[{"embeddable":true,"href":"https:\/\/www.lraloeverashop.eu\/es\/wp-json\/wp\/v2\/comments?post=10437"}],"wp:featuredmedia":[{"embeddable":true,"href":"https:\/\/www.lraloeverashop.eu\/es\/wp-json\/wp\/v2\/media\/4919"}],"wp:attachment":[{"href":"https:\/\/www.lraloeverashop.eu\/es\/wp-json\/wp\/v2\/media?parent=10437"}],"wp:term":[{"taxonomy":"product_brand","embeddable":true,"href":"https:\/\/www.lraloeverashop.eu\/es\/wp-json\/wp\/v2\/product_brand?post=10437"},{"taxonomy":"product_cat","embeddable":true,"href":"https:\/\/www.lraloeverashop.eu\/es\/wp-json\/wp\/v2\/product_cat?post=10437"},{"taxonomy":"product_tag","embeddable":true,"href":"https:\/\/www.lraloeverashop.eu\/es\/wp-json\/wp\/v2\/product_tag?post=10437"}],"curies":[{"name":"wp","href":"https:\/\/api.w.org\/{rel}","templated":true}]}}