{"id":10305,"date":"2022-10-11T08:22:36","date_gmt":"2022-10-11T06:22:36","guid":{"rendered":"https:\/\/www.lraloeverashop.eu\/product\/lr-aloe-vera-toallitas-limpiadoras\/"},"modified":"2026-02-09T05:15:01","modified_gmt":"2026-02-09T04:15:01","slug":"lr-aloe-vera-toallitas-limpiadoras","status":"publish","type":"product","link":"https:\/\/www.lraloeverashop.eu\/es\/producto\/lr-aloe-vera-toallitas-limpiadoras\/","title":{"rendered":"Toallitas Desmaquillantes Aloe Vera"},"content":{"rendered":"<h2><span style=\"font-size: 16pt;\"><strong>Toallitas Desmaquillantes Aloe Vera<\/strong><\/span><\/h2>\n<p><span style=\"font-size: 14pt;\"><strong>Toallitas Desmaquillantes Aloe Vera \u2013 Limpieza Suave y Eficaz, Pr\u00e1ctica Para el Viaje<\/strong><\/span><\/p>\n<p>Los Lr Aloe Vera Toallitas Limpiadoras, con 30% de Aloe Vera, ofrecen una <a href=\"https:\/\/www.lraloeverashop.eu\/es\/producto\/zeitgard-pro-set-de-limpieza-facial\/\">limpieza suave<\/a> en la cara y en el \u00e1rea de los ojos. Los tejidos pueden reemplazar los productos de limpieza convencionales, como el removedor de maquillaje de ojos y el <a href=\"https:\/\/www.lraloeverashop.eu\/es\/producto\/aloe-vera-tonico-facial\/\">t\u00f3nico facial<\/a>.<\/p>\n<p>Su sustancia suave de terciopelo y su textura de cuidado son especialmente suaves para la piel. Los tejidos pr\u00e1cticos son esenciales cuando est\u00e1s en movimiento. Su loci\u00f3n suave y sin alcohol no causa sequedad. El Aloe Vera ofrece una maravillosa sensaci\u00f3n de pureza y frescura.<\/p>\n<p>&nbsp;<\/p>\n<h3><strong><span style=\"font-size: 16pt;\">C\u00f3mo utilizar Toallitas Limpiadoras<\/span><\/strong><\/h3>\n<p>Pase cuidadosamente el pa\u00f1uelo sobre su cara, cuello y ojos cerrados para eliminar el maquillaje y las impurezas. Repita si es necesario.<\/p>\n","protected":false},"excerpt":{"rendered":"<ul>\n<li>Con 30% de Aloe Vera<\/li>\n<li>Con extracto de rosa silvestre org\u00e1nica<\/li>\n<li>Para la limpieza suave y eficaz de la cara, el cuello y los ojos<\/li>\n<li>No seca la piel<\/li>\n<li>Sin alcohol<\/li>\n<li>Pr\u00e1ctico para el viaje<\/li>\n<\/ul>\n<p><span style=\"color: #ff0000;\"><a style=\"color: #ff0000;\" href=\"https:\/\/shop.lrworld.com\/openpao?PHP=0vFlt7jT938BEnBI3a6e9w%3D%3D\"><span style=\"font-size: 14pt;\"><strong>Reg\u00edstrate aqu\u00ed y ahorra 35% en cada compra<\/strong><\/span><\/a><\/span><\/p>\n","protected":false},"featured_media":4973,"comment_status":"open","ping_status":"closed","template":"","meta":{"_kad_blocks_custom_css":"","_kad_blocks_head_custom_js":"","_kad_blocks_body_custom_js":"","_kad_blocks_footer_custom_js":"","_kadence_starter_templates_imported_post":false,"_kad_post_transparent":"default","_kad_post_title":"","_kad_post_layout":"default","_kad_post_sidebar_id":"","_kad_post_content_style":"default","_kad_post_vertical_padding":"default","_kad_post_feature":"","_kad_post_feature_position":"","_kad_post_header":false,"_kad_post_footer":false,"_kad_post_classname":""},"product_brand":[],"product_cat":[217,242],"product_tag":[690],"class_list":{"0":"post-10305","1":"product","2":"type-product","3":"status-publish","4":"has-post-thumbnail","6":"product_cat-aloe-vera-es","7":"product_cat-cuidado-facial","8":"product_tag-para-limpieza-de-rostro","10":"first","11":"instock","12":"taxable","13":"shipping-taxable","14":"purchasable","15":"product-type-simple","16":"entry","17":"content-bg","18":"loop-entry"},"yoast_head":"<!-- This site is optimized with the Yoast SEO Premium plugin v27.6 (Yoast SEO v27.6) - https:\/\/yoast.com\/product\/yoast-seo-premium-wordpress\/ -->\n<title>Toallitas Desmaquillantes Aloe Vera para la limpieza suave y eficaz<\/title>\n<meta name=\"description\" content=\"Toallitas Desmaquillantes Aloe Vera sin alcohol. Con 30% de Gel Aloe Vera y extracto de rosa silvestre org\u00e1nica. No seca la piel. Pr\u00e1ctico para el viaje\" \/>\n<meta name=\"robots\" content=\"index, follow, max-snippet:-1, max-image-preview:large, max-video-preview:-1\" \/>\n<link rel=\"canonical\" href=\"https:\/\/www.lraloeverashop.eu\/es\/producto\/lr-aloe-vera-toallitas-limpiadoras\/\" \/>\n<meta property=\"og:locale\" content=\"es_ES\" \/>\n<meta property=\"og:type\" content=\"article\" \/>\n<meta property=\"og:title\" content=\"Toallitas Desmaquillantes Aloe Vera\" \/>\n<meta property=\"og:description\" content=\"Toallitas Desmaquillantes Aloe Vera sin alcohol. Con 30% de Gel Aloe Vera y extracto de rosa silvestre org\u00e1nica. No seca la piel. Pr\u00e1ctico para el viaje\" \/>\n<meta property=\"og:url\" content=\"https:\/\/www.lraloeverashop.eu\/es\/producto\/lr-aloe-vera-toallitas-limpiadoras\/\" \/>\n<meta property=\"og:site_name\" content=\"Lr Tienda Aloe Vera\" \/>\n<meta property=\"article:publisher\" content=\"https:\/\/www.facebook.com\/lraloeverashop.eu\" \/>\n<meta property=\"article:modified_time\" content=\"2026-02-09T04:15:01+00:00\" \/>\n<meta property=\"og:image\" content=\"https:\/\/www.lraloeverashop.eu\/wp-content\/uploads\/2022\/10\/Lr-Aloe-Vera-Caring-Cleansing-Tissues.jpg\" \/>\n\t<meta property=\"og:image:width\" content=\"1200\" \/>\n\t<meta property=\"og:image:height\" content=\"1200\" \/>\n\t<meta property=\"og:image:type\" content=\"image\/jpeg\" \/>\n<meta name=\"twitter:card\" content=\"summary_large_image\" \/>\n<meta name=\"twitter:site\" content=\"@natur__kosmetik\" \/>\n<script type=\"application\/ld+json\" class=\"yoast-schema-graph\">{\"@context\":\"https:\\\/\\\/schema.org\",\"@graph\":[{\"@type\":[\"WebPage\",\"ItemPage\"],\"@id\":\"https:\\\/\\\/www.lraloeverashop.eu\\\/es\\\/producto\\\/lr-aloe-vera-toallitas-limpiadoras\\\/\",\"url\":\"https:\\\/\\\/www.lraloeverashop.eu\\\/es\\\/producto\\\/lr-aloe-vera-toallitas-limpiadoras\\\/\",\"name\":\"Toallitas Desmaquillantes Aloe Vera para la limpieza suave y eficaz\",\"isPartOf\":{\"@id\":\"https:\\\/\\\/www.lraloeverashop.eu\\\/es\\\/#website\"},\"primaryImageOfPage\":{\"@id\":\"https:\\\/\\\/www.lraloeverashop.eu\\\/es\\\/producto\\\/lr-aloe-vera-toallitas-limpiadoras\\\/#primaryimage\"},\"image\":{\"@id\":\"https:\\\/\\\/www.lraloeverashop.eu\\\/es\\\/producto\\\/lr-aloe-vera-toallitas-limpiadoras\\\/#primaryimage\"},\"thumbnailUrl\":\"https:\\\/\\\/www.lraloeverashop.eu\\\/wp-content\\\/uploads\\\/2022\\\/10\\\/Lr-Aloe-Vera-Caring-Cleansing-Tissues.jpg\",\"datePublished\":\"2022-10-11T06:22:36+00:00\",\"dateModified\":\"2026-02-09T04:15:01+00:00\",\"description\":\"Toallitas Desmaquillantes Aloe Vera sin alcohol. Con 30% de Gel Aloe Vera y extracto de rosa silvestre org\u00e1nica. No seca la piel. Pr\u00e1ctico para el viaje\",\"breadcrumb\":{\"@id\":\"https:\\\/\\\/www.lraloeverashop.eu\\\/es\\\/producto\\\/lr-aloe-vera-toallitas-limpiadoras\\\/#breadcrumb\"},\"inLanguage\":\"es\",\"potentialAction\":[{\"@type\":\"ReadAction\",\"target\":[\"https:\\\/\\\/www.lraloeverashop.eu\\\/es\\\/producto\\\/lr-aloe-vera-toallitas-limpiadoras\\\/\"]}]},{\"@type\":\"ImageObject\",\"inLanguage\":\"es\",\"@id\":\"https:\\\/\\\/www.lraloeverashop.eu\\\/es\\\/producto\\\/lr-aloe-vera-toallitas-limpiadoras\\\/#primaryimage\",\"url\":\"https:\\\/\\\/www.lraloeverashop.eu\\\/wp-content\\\/uploads\\\/2022\\\/10\\\/Lr-Aloe-Vera-Caring-Cleansing-Tissues.jpg\",\"contentUrl\":\"https:\\\/\\\/www.lraloeverashop.eu\\\/wp-content\\\/uploads\\\/2022\\\/10\\\/Lr-Aloe-Vera-Caring-Cleansing-Tissues.jpg\",\"width\":1200,\"height\":1200,\"caption\":\"Lr Aloe Vera Toallitas Limpiadoras para la limpieza suave y eficaz de la cara, el cuello y los ojos\"},{\"@type\":\"BreadcrumbList\",\"@id\":\"https:\\\/\\\/www.lraloeverashop.eu\\\/es\\\/producto\\\/lr-aloe-vera-toallitas-limpiadoras\\\/#breadcrumb\",\"itemListElement\":[{\"@type\":\"ListItem\",\"position\":1,\"name\":\"Home\",\"item\":\"https:\\\/\\\/www.lraloeverashop.eu\\\/es\\\/tienda-aloe-vera-todo-para-tu-belleza-y-bienestar\\\/\"},{\"@type\":\"ListItem\",\"position\":2,\"name\":\"Tienda\",\"item\":\"https:\\\/\\\/www.lraloeverashop.eu\\\/es\\\/tienda\\\/\"},{\"@type\":\"ListItem\",\"position\":3,\"name\":\"Toallitas Desmaquillantes Aloe Vera\"}]},{\"@type\":\"WebSite\",\"@id\":\"https:\\\/\\\/www.lraloeverashop.eu\\\/es\\\/#website\",\"url\":\"https:\\\/\\\/www.lraloeverashop.eu\\\/es\\\/\",\"name\":\"Lr Tienda Aloe Vera\",\"description\":\"High Quality Lr Aloe Vera Gel, Aloe Vera Cream and Shampoo\",\"publisher\":{\"@id\":\"https:\\\/\\\/www.lraloeverashop.eu\\\/es\\\/#organization\"},\"alternateName\":\"LR\",\"potentialAction\":[{\"@type\":\"SearchAction\",\"target\":{\"@type\":\"EntryPoint\",\"urlTemplate\":\"https:\\\/\\\/www.lraloeverashop.eu\\\/es\\\/?s={search_term_string}\"},\"query-input\":{\"@type\":\"PropertyValueSpecification\",\"valueRequired\":true,\"valueName\":\"search_term_string\"}}],\"inLanguage\":\"es\"},{\"@type\":\"Organization\",\"@id\":\"https:\\\/\\\/www.lraloeverashop.eu\\\/es\\\/#organization\",\"name\":\"Lr Tienda Aloe Vera\",\"alternateName\":\"LR\",\"url\":\"https:\\\/\\\/www.lraloeverashop.eu\\\/es\\\/\",\"logo\":{\"@type\":\"ImageObject\",\"inLanguage\":\"es\",\"@id\":\"https:\\\/\\\/www.lraloeverashop.eu\\\/es\\\/#\\\/schema\\\/logo\\\/image\\\/\",\"url\":\"https:\\\/\\\/www.lraloeverashop.eu\\\/wp-content\\\/uploads\\\/2022\\\/09\\\/cropped-Lr-Aloe-Vera-Shop.jpg\",\"contentUrl\":\"https:\\\/\\\/www.lraloeverashop.eu\\\/wp-content\\\/uploads\\\/2022\\\/09\\\/cropped-Lr-Aloe-Vera-Shop.jpg\",\"width\":228,\"height\":76,\"caption\":\"Lr Tienda Aloe Vera\"},\"image\":{\"@id\":\"https:\\\/\\\/www.lraloeverashop.eu\\\/es\\\/#\\\/schema\\\/logo\\\/image\\\/\"},\"sameAs\":[\"https:\\\/\\\/www.facebook.com\\\/lraloeverashop.eu\",\"https:\\\/\\\/x.com\\\/natur__kosmetik\",\"https:\\\/\\\/www.youtube.com\\\/channel\\\/UC5oN7BJ8nfYb8RpVtjwDEBA\",\"https:\\\/\\\/www.instagram.com\\\/lrbeautyeu\\\/\"],\"description\":\"La tienda Lr Aloe Vera es tu destino de confianza para productos premium de salud y belleza LR, fabricados en Alemania. Ofrecemos soluciones de alta calidad para el cuidado de la piel, nutrici\u00f3n y antienvejecimiento con Aloe Vera, elaboradas con ingredientes puros y respaldadas por investigaci\u00f3n cient\u00edfica. Descubre un cuidado natural que regenera, protege y revitaliza tu piel, y disfruta de ofertas mensuales exclusivas en nuestros productos LR Aloe Vera m\u00e1s vendidos.\\n\\nComienza hoy mismo tu camino hacia el cuidado natural de la piel y siente la diferencia.\",\"email\":\"info@lraloeverashop.eu\",\"telephone\":\"+49 17670609653\",\"legalName\":\"Lr Aloe Vera Shop\",\"foundingDate\":\"2018-04-21\",\"numberOfEmployees\":{\"@type\":\"QuantitativeValue\",\"minValue\":\"1\",\"maxValue\":\"10\"}}]}<\/script>\n<meta property=\"product:price:amount\" content=\"6.99\" \/>\n<meta property=\"product:price:currency\" content=\"EUR\" \/>\n<meta property=\"og:availability\" content=\"instock\" \/>\n<meta property=\"product:availability\" content=\"instock\" \/>\n<meta property=\"product:retailer_item_id\" content=\"20672-201ES\" \/>\n<meta property=\"product:condition\" content=\"new\" \/>\n<!-- \/ Yoast SEO Premium plugin. -->","yoast_head_json":{"title":"Toallitas Desmaquillantes Aloe Vera para la limpieza suave y eficaz","description":"Toallitas Desmaquillantes Aloe Vera sin alcohol. Con 30% de Gel Aloe Vera y extracto de rosa silvestre org\u00e1nica. No seca la piel. Pr\u00e1ctico para el viaje","robots":{"index":"index","follow":"follow","max-snippet":"max-snippet:-1","max-image-preview":"max-image-preview:large","max-video-preview":"max-video-preview:-1"},"canonical":"https:\/\/www.lraloeverashop.eu\/es\/producto\/lr-aloe-vera-toallitas-limpiadoras\/","og_locale":"es_ES","og_type":"article","og_title":"Toallitas Desmaquillantes Aloe Vera","og_description":"Toallitas Desmaquillantes Aloe Vera sin alcohol. Con 30% de Gel Aloe Vera y extracto de rosa silvestre org\u00e1nica. No seca la piel. Pr\u00e1ctico para el viaje","og_url":"https:\/\/www.lraloeverashop.eu\/es\/producto\/lr-aloe-vera-toallitas-limpiadoras\/","og_site_name":"Lr Tienda Aloe Vera","article_publisher":"https:\/\/www.facebook.com\/lraloeverashop.eu","article_modified_time":"2026-02-09T04:15:01+00:00","og_image":[{"width":1200,"height":1200,"url":"https:\/\/www.lraloeverashop.eu\/wp-content\/uploads\/2022\/10\/Lr-Aloe-Vera-Caring-Cleansing-Tissues.jpg","type":"image\/jpeg"}],"twitter_card":"summary_large_image","twitter_site":"@natur__kosmetik","schema":{"@context":"https:\/\/schema.org","@graph":[{"@type":["WebPage","ItemPage"],"@id":"https:\/\/www.lraloeverashop.eu\/es\/producto\/lr-aloe-vera-toallitas-limpiadoras\/","url":"https:\/\/www.lraloeverashop.eu\/es\/producto\/lr-aloe-vera-toallitas-limpiadoras\/","name":"Toallitas Desmaquillantes Aloe Vera para la limpieza suave y eficaz","isPartOf":{"@id":"https:\/\/www.lraloeverashop.eu\/es\/#website"},"primaryImageOfPage":{"@id":"https:\/\/www.lraloeverashop.eu\/es\/producto\/lr-aloe-vera-toallitas-limpiadoras\/#primaryimage"},"image":{"@id":"https:\/\/www.lraloeverashop.eu\/es\/producto\/lr-aloe-vera-toallitas-limpiadoras\/#primaryimage"},"thumbnailUrl":"https:\/\/www.lraloeverashop.eu\/wp-content\/uploads\/2022\/10\/Lr-Aloe-Vera-Caring-Cleansing-Tissues.jpg","datePublished":"2022-10-11T06:22:36+00:00","dateModified":"2026-02-09T04:15:01+00:00","description":"Toallitas Desmaquillantes Aloe Vera sin alcohol. Con 30% de Gel Aloe Vera y extracto de rosa silvestre org\u00e1nica. No seca la piel. Pr\u00e1ctico para el viaje","breadcrumb":{"@id":"https:\/\/www.lraloeverashop.eu\/es\/producto\/lr-aloe-vera-toallitas-limpiadoras\/#breadcrumb"},"inLanguage":"es","potentialAction":[{"@type":"ReadAction","target":["https:\/\/www.lraloeverashop.eu\/es\/producto\/lr-aloe-vera-toallitas-limpiadoras\/"]}]},{"@type":"ImageObject","inLanguage":"es","@id":"https:\/\/www.lraloeverashop.eu\/es\/producto\/lr-aloe-vera-toallitas-limpiadoras\/#primaryimage","url":"https:\/\/www.lraloeverashop.eu\/wp-content\/uploads\/2022\/10\/Lr-Aloe-Vera-Caring-Cleansing-Tissues.jpg","contentUrl":"https:\/\/www.lraloeverashop.eu\/wp-content\/uploads\/2022\/10\/Lr-Aloe-Vera-Caring-Cleansing-Tissues.jpg","width":1200,"height":1200,"caption":"Lr Aloe Vera Toallitas Limpiadoras para la limpieza suave y eficaz de la cara, el cuello y los ojos"},{"@type":"BreadcrumbList","@id":"https:\/\/www.lraloeverashop.eu\/es\/producto\/lr-aloe-vera-toallitas-limpiadoras\/#breadcrumb","itemListElement":[{"@type":"ListItem","position":1,"name":"Home","item":"https:\/\/www.lraloeverashop.eu\/es\/tienda-aloe-vera-todo-para-tu-belleza-y-bienestar\/"},{"@type":"ListItem","position":2,"name":"Tienda","item":"https:\/\/www.lraloeverashop.eu\/es\/tienda\/"},{"@type":"ListItem","position":3,"name":"Toallitas Desmaquillantes Aloe Vera"}]},{"@type":"WebSite","@id":"https:\/\/www.lraloeverashop.eu\/es\/#website","url":"https:\/\/www.lraloeverashop.eu\/es\/","name":"Lr Tienda Aloe Vera","description":"High Quality Lr Aloe Vera Gel, Aloe Vera Cream and Shampoo","publisher":{"@id":"https:\/\/www.lraloeverashop.eu\/es\/#organization"},"alternateName":"LR","potentialAction":[{"@type":"SearchAction","target":{"@type":"EntryPoint","urlTemplate":"https:\/\/www.lraloeverashop.eu\/es\/?s={search_term_string}"},"query-input":{"@type":"PropertyValueSpecification","valueRequired":true,"valueName":"search_term_string"}}],"inLanguage":"es"},{"@type":"Organization","@id":"https:\/\/www.lraloeverashop.eu\/es\/#organization","name":"Lr Tienda Aloe Vera","alternateName":"LR","url":"https:\/\/www.lraloeverashop.eu\/es\/","logo":{"@type":"ImageObject","inLanguage":"es","@id":"https:\/\/www.lraloeverashop.eu\/es\/#\/schema\/logo\/image\/","url":"https:\/\/www.lraloeverashop.eu\/wp-content\/uploads\/2022\/09\/cropped-Lr-Aloe-Vera-Shop.jpg","contentUrl":"https:\/\/www.lraloeverashop.eu\/wp-content\/uploads\/2022\/09\/cropped-Lr-Aloe-Vera-Shop.jpg","width":228,"height":76,"caption":"Lr Tienda Aloe Vera"},"image":{"@id":"https:\/\/www.lraloeverashop.eu\/es\/#\/schema\/logo\/image\/"},"sameAs":["https:\/\/www.facebook.com\/lraloeverashop.eu","https:\/\/x.com\/natur__kosmetik","https:\/\/www.youtube.com\/channel\/UC5oN7BJ8nfYb8RpVtjwDEBA","https:\/\/www.instagram.com\/lrbeautyeu\/"],"description":"La tienda Lr Aloe Vera es tu destino de confianza para productos premium de salud y belleza LR, fabricados en Alemania. Ofrecemos soluciones de alta calidad para el cuidado de la piel, nutrici\u00f3n y antienvejecimiento con Aloe Vera, elaboradas con ingredientes puros y respaldadas por investigaci\u00f3n cient\u00edfica. Descubre un cuidado natural que regenera, protege y revitaliza tu piel, y disfruta de ofertas mensuales exclusivas en nuestros productos LR Aloe Vera m\u00e1s vendidos.\n\nComienza hoy mismo tu camino hacia el cuidado natural de la piel y siente la diferencia.","email":"info@lraloeverashop.eu","telephone":"+49 17670609653","legalName":"Lr Aloe Vera Shop","foundingDate":"2018-04-21","numberOfEmployees":{"@type":"QuantitativeValue","minValue":"1","maxValue":"10"}}]},"product_price_amount":"6.99","product_price_currency":"EUR","og_availability":"instock","product_availability":"instock","product_retailer_item_id":"20672-201ES","product_condition":"new"},"taxonomy_info":{"product_cat":[{"value":217,"label":"Aloe Vera"},{"value":242,"label":"Cuidado Facial"}],"product_tag":[{"value":690,"label":"para limpieza de rostro"}]},"featured_image_src_large":["https:\/\/www.lraloeverashop.eu\/wp-content\/uploads\/2022\/10\/Lr-Aloe-Vera-Caring-Cleansing-Tissues-1024x1024.jpg",1024,1024,true],"author_info":[],"comment_info":0,"_links":{"self":[{"href":"https:\/\/www.lraloeverashop.eu\/es\/wp-json\/wp\/v2\/product\/10305","targetHints":{"allow":["GET"]}}],"collection":[{"href":"https:\/\/www.lraloeverashop.eu\/es\/wp-json\/wp\/v2\/product"}],"about":[{"href":"https:\/\/www.lraloeverashop.eu\/es\/wp-json\/wp\/v2\/types\/product"}],"replies":[{"embeddable":true,"href":"https:\/\/www.lraloeverashop.eu\/es\/wp-json\/wp\/v2\/comments?post=10305"}],"wp:featuredmedia":[{"embeddable":true,"href":"https:\/\/www.lraloeverashop.eu\/es\/wp-json\/wp\/v2\/media\/4973"}],"wp:attachment":[{"href":"https:\/\/www.lraloeverashop.eu\/es\/wp-json\/wp\/v2\/media?parent=10305"}],"wp:term":[{"taxonomy":"product_brand","embeddable":true,"href":"https:\/\/www.lraloeverashop.eu\/es\/wp-json\/wp\/v2\/product_brand?post=10305"},{"taxonomy":"product_cat","embeddable":true,"href":"https:\/\/www.lraloeverashop.eu\/es\/wp-json\/wp\/v2\/product_cat?post=10305"},{"taxonomy":"product_tag","embeddable":true,"href":"https:\/\/www.lraloeverashop.eu\/es\/wp-json\/wp\/v2\/product_tag?post=10305"}],"curies":[{"name":"wp","href":"https:\/\/api.w.org\/{rel}","templated":true}]}}