{"id":10233,"date":"2022-10-11T11:57:18","date_gmt":"2022-10-11T09:57:18","guid":{"rendered":"https:\/\/www.lraloeverashop.eu\/product\/aloe-vera-locion-limpiadora-y-champu-sensible\/"},"modified":"2026-02-09T05:14:05","modified_gmt":"2026-02-09T04:14:05","slug":"aloe-vera-locion-limpiadora-y-champu-sensible","status":"publish","type":"product","link":"https:\/\/www.lraloeverashop.eu\/es\/producto\/aloe-vera-locion-limpiadora-y-champu-sensible\/","title":{"rendered":"Aloe Vera Loci\u00f3n Limpiadora y Champ\u00fa Sensible"},"content":{"rendered":"<h2><span style=\"font-size: 16pt;\"><strong>Aloe Vera Loci\u00f3n Limpiadora y Champ\u00fa Sensible<\/strong><\/span><\/h2>\n<p><span style=\"font-size: 14pt;\"><strong>Aloe Vera Loci\u00f3n Limpiadora y Champ\u00fa para la Piel sensible del beb\u00e9<\/strong><\/span><\/p>\n<p>La piel de nuestros favoritos a\u00fan est\u00e1 en desarrollo. La protecci\u00f3n intr\u00ednseca de la piel no es en absoluto tan pronunciada como la de los adultos. La limpieza diaria de la piel y el cabello de un beb\u00e9 es la cuesti\u00f3n de la loci\u00f3n de lavado adecuada.<\/p>\n<p>La Lr Aloe Vera Loci\u00f3n y Champ\u00fa Sensible ha sido desarrollada para la limpieza suave de la piel sensible del beb\u00e9. El Aloe Vera incluido ayuda a la piel a regular su propio contenido de humedad. El extracto de <a href=\"https:\/\/www.lraloeverashop.eu\/es\/producto\/locion-solar-de-aloe-vera-fps-30\/\">Bio-Cal\u00e9ndula<\/a> calma la piel y el aceite de soja lo mantiene suave y delicada.<\/p>\n<div class=\"entry-content-asset videofit\"><iframe loading=\"lazy\" title=\"Aloe Vera Para Ni\u00f1os\" width=\"720\" height=\"405\" src=\"https:\/\/www.youtube.com\/embed\/e1njgBEYwKQ?feature=oembed\" frameborder=\"0\" allow=\"accelerometer; autoplay; clipboard-write; encrypted-media; gyroscope; picture-in-picture; web-share\" referrerpolicy=\"strict-origin-when-cross-origin\" allowfullscreen><\/iframe><\/div>\n<h3><span style=\"font-size: 16pt;\"><strong>C\u00f3mo utilizar<\/strong><\/span><\/h3>\n<p>Lr Aloe Vera Loci\u00f3n Limpiadora y <a href=\"https:\/\/www.lraloeverashop.eu\/es\/producto\/aloe-vera-para-ninos-3en1\/\">Champ\u00fa Sensible<\/a> es ideal para limpiar el trasero del beb\u00e9 antes del cambio de pa\u00f1al, pero tambi\u00e9n para todo el cuerpo y cabello. Simplemente aplique la crema de lavado con cuidado con un pa\u00f1o suave y h\u00famedo y l\u00e1vese con agua.<\/p>\n","protected":false},"excerpt":{"rendered":"<ul>\n<li>Loci\u00f3n de lavado extra suave y cremosa para pieles sensibles<\/li>\n<li>Contiene 30% gel de aloe vera, extracto de cal\u00e9ndula org\u00e1nica y aceite de soja<\/li>\n<li>Limpieza suave<\/li>\n<li>Protege la piel sensible de secarse durante la limpieza e hidrata<\/li>\n<li>Sin sulfatos y aceite de perfume<\/li>\n<li>Cantidad: 250 ml<\/li>\n<\/ul>\n<p><span style=\"color: #ff0000;\"><a style=\"color: #ff0000;\" href=\"https:\/\/shop.lrworld.com\/openpao?PHP=0vFlt7jT938BEnBI3a6e9w%3D%3D\"><span style=\"font-size: 14pt;\"><strong>Reg\u00edstrate aqu\u00ed y ahorra 35% en cada compra<\/strong><\/span><\/a><\/span><\/p>\n","protected":false},"featured_media":5051,"comment_status":"open","ping_status":"closed","template":"","meta":{"_kad_blocks_custom_css":"","_kad_blocks_head_custom_js":"","_kad_blocks_body_custom_js":"","_kad_blocks_footer_custom_js":"","_kadence_starter_templates_imported_post":false,"_kad_post_transparent":"default","_kad_post_title":"","_kad_post_layout":"default","_kad_post_sidebar_id":"","_kad_post_content_style":"default","_kad_post_vertical_padding":"default","_kad_post_feature":"","_kad_post_feature_position":"","_kad_post_header":false,"_kad_post_footer":false,"_kad_post_classname":""},"product_brand":[],"product_cat":[217,223],"product_tag":[],"class_list":{"0":"post-10233","1":"product","2":"type-product","3":"status-publish","4":"has-post-thumbnail","6":"product_cat-aloe-vera-es","7":"product_cat-cuidado-bebes","9":"first","10":"outofstock","11":"taxable","12":"shipping-taxable","13":"purchasable","14":"product-type-simple","15":"entry","16":"content-bg","17":"loop-entry"},"yoast_head":"<!-- This site is optimized with the Yoast SEO Premium plugin v27.4 (Yoast SEO v27.4) - https:\/\/yoast.com\/product\/yoast-seo-premium-wordpress\/ -->\n<title>Aloe vera loci\u00f3n Limpiadora - champ\u00fa para la piel sensible del bebe<\/title>\n<meta name=\"description\" content=\"Aloe vera loci\u00f3n Limpiadora extra suave y cremosa para pieles sensibles. Contiene 30% gel de aloe vera, extracto de cal\u00e9ndula org\u00e1nica y aceite de soja.\" \/>\n<meta name=\"robots\" content=\"index, follow, max-snippet:-1, max-image-preview:large, max-video-preview:-1\" \/>\n<link rel=\"canonical\" href=\"https:\/\/www.lraloeverashop.eu\/es\/producto\/aloe-vera-locion-limpiadora-y-champu-sensible\/\" \/>\n<meta property=\"og:locale\" content=\"es_ES\" \/>\n<meta property=\"og:type\" content=\"article\" \/>\n<meta property=\"og:title\" content=\"Aloe Vera Loci\u00f3n Limpiadora y Champ\u00fa Sensible\" \/>\n<meta property=\"og:description\" content=\"Aloe vera loci\u00f3n Limpiadora extra suave y cremosa para pieles sensibles. Contiene 30% gel de aloe vera, extracto de cal\u00e9ndula org\u00e1nica y aceite de soja.\" \/>\n<meta property=\"og:url\" content=\"https:\/\/www.lraloeverashop.eu\/es\/producto\/aloe-vera-locion-limpiadora-y-champu-sensible\/\" \/>\n<meta property=\"og:site_name\" content=\"Lr Tienda Aloe Vera\" \/>\n<meta property=\"article:publisher\" content=\"https:\/\/www.facebook.com\/lraloeverashop.eu\" \/>\n<meta property=\"article:modified_time\" content=\"2026-02-09T04:14:05+00:00\" \/>\n<meta property=\"og:image\" content=\"https:\/\/www.lraloeverashop.eu\/wp-content\/uploads\/2022\/10\/Lr-Aloe-Vera-Wash-Lotion-Shampoo-For-Baby.jpg\" \/>\n\t<meta property=\"og:image:width\" content=\"1200\" \/>\n\t<meta property=\"og:image:height\" content=\"1200\" \/>\n\t<meta property=\"og:image:type\" content=\"image\/jpeg\" \/>\n<meta name=\"twitter:card\" content=\"summary_large_image\" \/>\n<meta name=\"twitter:site\" content=\"@natur__kosmetik\" \/>\n<script type=\"application\/ld+json\" class=\"yoast-schema-graph\">{\"@context\":\"https:\\\/\\\/schema.org\",\"@graph\":[{\"@type\":[\"WebPage\",\"ItemPage\"],\"@id\":\"https:\\\/\\\/www.lraloeverashop.eu\\\/es\\\/producto\\\/aloe-vera-locion-limpiadora-y-champu-sensible\\\/\",\"url\":\"https:\\\/\\\/www.lraloeverashop.eu\\\/es\\\/producto\\\/aloe-vera-locion-limpiadora-y-champu-sensible\\\/\",\"name\":\"Aloe vera loci\u00f3n Limpiadora - champ\u00fa para la piel sensible del bebe\",\"isPartOf\":{\"@id\":\"https:\\\/\\\/www.lraloeverashop.eu\\\/es\\\/#website\"},\"primaryImageOfPage\":{\"@id\":\"https:\\\/\\\/www.lraloeverashop.eu\\\/es\\\/producto\\\/aloe-vera-locion-limpiadora-y-champu-sensible\\\/#primaryimage\"},\"image\":{\"@id\":\"https:\\\/\\\/www.lraloeverashop.eu\\\/es\\\/producto\\\/aloe-vera-locion-limpiadora-y-champu-sensible\\\/#primaryimage\"},\"thumbnailUrl\":\"https:\\\/\\\/www.lraloeverashop.eu\\\/wp-content\\\/uploads\\\/2022\\\/10\\\/Lr-Aloe-Vera-Wash-Lotion-Shampoo-For-Baby.jpg\",\"datePublished\":\"2022-10-11T09:57:18+00:00\",\"dateModified\":\"2026-02-09T04:14:05+00:00\",\"description\":\"Aloe vera loci\u00f3n Limpiadora extra suave y cremosa para pieles sensibles. Contiene 30% gel de aloe vera, extracto de cal\u00e9ndula org\u00e1nica y aceite de soja.\",\"breadcrumb\":{\"@id\":\"https:\\\/\\\/www.lraloeverashop.eu\\\/es\\\/producto\\\/aloe-vera-locion-limpiadora-y-champu-sensible\\\/#breadcrumb\"},\"inLanguage\":\"es\",\"potentialAction\":[{\"@type\":\"ReadAction\",\"target\":[\"https:\\\/\\\/www.lraloeverashop.eu\\\/es\\\/producto\\\/aloe-vera-locion-limpiadora-y-champu-sensible\\\/\"]}]},{\"@type\":\"ImageObject\",\"inLanguage\":\"es\",\"@id\":\"https:\\\/\\\/www.lraloeverashop.eu\\\/es\\\/producto\\\/aloe-vera-locion-limpiadora-y-champu-sensible\\\/#primaryimage\",\"url\":\"https:\\\/\\\/www.lraloeverashop.eu\\\/wp-content\\\/uploads\\\/2022\\\/10\\\/Lr-Aloe-Vera-Wash-Lotion-Shampoo-For-Baby.jpg\",\"contentUrl\":\"https:\\\/\\\/www.lraloeverashop.eu\\\/wp-content\\\/uploads\\\/2022\\\/10\\\/Lr-Aloe-Vera-Wash-Lotion-Shampoo-For-Baby.jpg\",\"width\":1200,\"height\":1200,\"caption\":\"Aloe Vera Loci\u00f3n Limpiadora y Champ\u00fa Sensible protege la piel sensible de secarse durante la limpieza e hidrata\"},{\"@type\":\"BreadcrumbList\",\"@id\":\"https:\\\/\\\/www.lraloeverashop.eu\\\/es\\\/producto\\\/aloe-vera-locion-limpiadora-y-champu-sensible\\\/#breadcrumb\",\"itemListElement\":[{\"@type\":\"ListItem\",\"position\":1,\"name\":\"Home\",\"item\":\"https:\\\/\\\/www.lraloeverashop.eu\\\/es\\\/\"},{\"@type\":\"ListItem\",\"position\":2,\"name\":\"Tienda\",\"item\":\"https:\\\/\\\/www.lraloeverashop.eu\\\/es\\\/tienda\\\/\"},{\"@type\":\"ListItem\",\"position\":3,\"name\":\"Aloe Vera Loci\u00f3n Limpiadora y Champ\u00fa Sensible\"}]},{\"@type\":\"WebSite\",\"@id\":\"https:\\\/\\\/www.lraloeverashop.eu\\\/es\\\/#website\",\"url\":\"https:\\\/\\\/www.lraloeverashop.eu\\\/es\\\/\",\"name\":\"Lr Tienda Aloe Vera\",\"description\":\"High Quality Lr Aloe Vera Gel, Aloe Vera Cream and Shampoo\",\"publisher\":{\"@id\":\"https:\\\/\\\/www.lraloeverashop.eu\\\/es\\\/#organization\"},\"potentialAction\":[{\"@type\":\"SearchAction\",\"target\":{\"@type\":\"EntryPoint\",\"urlTemplate\":\"https:\\\/\\\/www.lraloeverashop.eu\\\/es\\\/?s={search_term_string}\"},\"query-input\":{\"@type\":\"PropertyValueSpecification\",\"valueRequired\":true,\"valueName\":\"search_term_string\"}}],\"inLanguage\":\"es\"},{\"@type\":\"Organization\",\"@id\":\"https:\\\/\\\/www.lraloeverashop.eu\\\/es\\\/#organization\",\"name\":\"Lr Tienda Aloe Vera\",\"alternateName\":\"LR\",\"url\":\"https:\\\/\\\/www.lraloeverashop.eu\\\/es\\\/\",\"logo\":{\"@type\":\"ImageObject\",\"inLanguage\":\"es\",\"@id\":\"https:\\\/\\\/www.lraloeverashop.eu\\\/es\\\/#\\\/schema\\\/logo\\\/image\\\/\",\"url\":\"https:\\\/\\\/www.lraloeverashop.eu\\\/wp-content\\\/uploads\\\/2022\\\/09\\\/cropped-Lr-Aloe-Vera-Shop.jpg\",\"contentUrl\":\"https:\\\/\\\/www.lraloeverashop.eu\\\/wp-content\\\/uploads\\\/2022\\\/09\\\/cropped-Lr-Aloe-Vera-Shop.jpg\",\"width\":228,\"height\":76,\"caption\":\"Lr Tienda Aloe Vera\"},\"image\":{\"@id\":\"https:\\\/\\\/www.lraloeverashop.eu\\\/es\\\/#\\\/schema\\\/logo\\\/image\\\/\"},\"sameAs\":[\"https:\\\/\\\/www.facebook.com\\\/lraloeverashop.eu\",\"https:\\\/\\\/x.com\\\/natur__kosmetik\",\"https:\\\/\\\/www.youtube.com\\\/channel\\\/UC5oN7BJ8nfYb8RpVtjwDEBA\",\"https:\\\/\\\/www.instagram.com\\\/lrbeautyeu\\\/\"],\"description\":\"La tienda Lr Aloe Vera es tu destino de confianza para productos premium de salud y belleza LR, fabricados en Alemania. Ofrecemos soluciones de alta calidad para el cuidado de la piel, nutrici\u00f3n y antienvejecimiento con Aloe Vera, elaboradas con ingredientes puros y respaldadas por investigaci\u00f3n cient\u00edfica. Descubre un cuidado natural que regenera, protege y revitaliza tu piel, y disfruta de ofertas mensuales exclusivas en nuestros productos LR Aloe Vera m\u00e1s vendidos.\\n\\nComienza hoy mismo tu camino hacia el cuidado natural de la piel y siente la diferencia.\",\"email\":\"info@lraloeverashop.eu\",\"telephone\":\"+49 17670609653\",\"legalName\":\"Lr Aloe Vera Shop\",\"foundingDate\":\"2018-04-21\",\"numberOfEmployees\":{\"@type\":\"QuantitativeValue\",\"minValue\":\"1\",\"maxValue\":\"10\"}}]}<\/script>\n<meta property=\"product:price:amount\" content=\"12.60\" \/>\n<meta property=\"product:price:currency\" content=\"EUR\" \/>\n<meta property=\"og:availability\" content=\"out of stock\" \/>\n<meta property=\"product:availability\" content=\"out of stock\" \/>\n<meta property=\"product:retailer_item_id\" content=\"20320-1ES\" \/>\n<meta property=\"product:condition\" content=\"new\" \/>\n<!-- \/ Yoast SEO Premium plugin. -->","yoast_head_json":{"title":"Aloe vera loci\u00f3n Limpiadora - champ\u00fa para la piel sensible del bebe","description":"Aloe vera loci\u00f3n Limpiadora extra suave y cremosa para pieles sensibles. Contiene 30% gel de aloe vera, extracto de cal\u00e9ndula org\u00e1nica y aceite de soja.","robots":{"index":"index","follow":"follow","max-snippet":"max-snippet:-1","max-image-preview":"max-image-preview:large","max-video-preview":"max-video-preview:-1"},"canonical":"https:\/\/www.lraloeverashop.eu\/es\/producto\/aloe-vera-locion-limpiadora-y-champu-sensible\/","og_locale":"es_ES","og_type":"article","og_title":"Aloe Vera Loci\u00f3n Limpiadora y Champ\u00fa Sensible","og_description":"Aloe vera loci\u00f3n Limpiadora extra suave y cremosa para pieles sensibles. Contiene 30% gel de aloe vera, extracto de cal\u00e9ndula org\u00e1nica y aceite de soja.","og_url":"https:\/\/www.lraloeverashop.eu\/es\/producto\/aloe-vera-locion-limpiadora-y-champu-sensible\/","og_site_name":"Lr Tienda Aloe Vera","article_publisher":"https:\/\/www.facebook.com\/lraloeverashop.eu","article_modified_time":"2026-02-09T04:14:05+00:00","og_image":[{"width":1200,"height":1200,"url":"https:\/\/www.lraloeverashop.eu\/wp-content\/uploads\/2022\/10\/Lr-Aloe-Vera-Wash-Lotion-Shampoo-For-Baby.jpg","type":"image\/jpeg"}],"twitter_card":"summary_large_image","twitter_site":"@natur__kosmetik","schema":{"@context":"https:\/\/schema.org","@graph":[{"@type":["WebPage","ItemPage"],"@id":"https:\/\/www.lraloeverashop.eu\/es\/producto\/aloe-vera-locion-limpiadora-y-champu-sensible\/","url":"https:\/\/www.lraloeverashop.eu\/es\/producto\/aloe-vera-locion-limpiadora-y-champu-sensible\/","name":"Aloe vera loci\u00f3n Limpiadora - champ\u00fa para la piel sensible del bebe","isPartOf":{"@id":"https:\/\/www.lraloeverashop.eu\/es\/#website"},"primaryImageOfPage":{"@id":"https:\/\/www.lraloeverashop.eu\/es\/producto\/aloe-vera-locion-limpiadora-y-champu-sensible\/#primaryimage"},"image":{"@id":"https:\/\/www.lraloeverashop.eu\/es\/producto\/aloe-vera-locion-limpiadora-y-champu-sensible\/#primaryimage"},"thumbnailUrl":"https:\/\/www.lraloeverashop.eu\/wp-content\/uploads\/2022\/10\/Lr-Aloe-Vera-Wash-Lotion-Shampoo-For-Baby.jpg","datePublished":"2022-10-11T09:57:18+00:00","dateModified":"2026-02-09T04:14:05+00:00","description":"Aloe vera loci\u00f3n Limpiadora extra suave y cremosa para pieles sensibles. Contiene 30% gel de aloe vera, extracto de cal\u00e9ndula org\u00e1nica y aceite de soja.","breadcrumb":{"@id":"https:\/\/www.lraloeverashop.eu\/es\/producto\/aloe-vera-locion-limpiadora-y-champu-sensible\/#breadcrumb"},"inLanguage":"es","potentialAction":[{"@type":"ReadAction","target":["https:\/\/www.lraloeverashop.eu\/es\/producto\/aloe-vera-locion-limpiadora-y-champu-sensible\/"]}]},{"@type":"ImageObject","inLanguage":"es","@id":"https:\/\/www.lraloeverashop.eu\/es\/producto\/aloe-vera-locion-limpiadora-y-champu-sensible\/#primaryimage","url":"https:\/\/www.lraloeverashop.eu\/wp-content\/uploads\/2022\/10\/Lr-Aloe-Vera-Wash-Lotion-Shampoo-For-Baby.jpg","contentUrl":"https:\/\/www.lraloeverashop.eu\/wp-content\/uploads\/2022\/10\/Lr-Aloe-Vera-Wash-Lotion-Shampoo-For-Baby.jpg","width":1200,"height":1200,"caption":"Aloe Vera Loci\u00f3n Limpiadora y Champ\u00fa Sensible protege la piel sensible de secarse durante la limpieza e hidrata"},{"@type":"BreadcrumbList","@id":"https:\/\/www.lraloeverashop.eu\/es\/producto\/aloe-vera-locion-limpiadora-y-champu-sensible\/#breadcrumb","itemListElement":[{"@type":"ListItem","position":1,"name":"Home","item":"https:\/\/www.lraloeverashop.eu\/es\/"},{"@type":"ListItem","position":2,"name":"Tienda","item":"https:\/\/www.lraloeverashop.eu\/es\/tienda\/"},{"@type":"ListItem","position":3,"name":"Aloe Vera Loci\u00f3n Limpiadora y Champ\u00fa Sensible"}]},{"@type":"WebSite","@id":"https:\/\/www.lraloeverashop.eu\/es\/#website","url":"https:\/\/www.lraloeverashop.eu\/es\/","name":"Lr Tienda Aloe Vera","description":"High Quality Lr Aloe Vera Gel, Aloe Vera Cream and Shampoo","publisher":{"@id":"https:\/\/www.lraloeverashop.eu\/es\/#organization"},"potentialAction":[{"@type":"SearchAction","target":{"@type":"EntryPoint","urlTemplate":"https:\/\/www.lraloeverashop.eu\/es\/?s={search_term_string}"},"query-input":{"@type":"PropertyValueSpecification","valueRequired":true,"valueName":"search_term_string"}}],"inLanguage":"es"},{"@type":"Organization","@id":"https:\/\/www.lraloeverashop.eu\/es\/#organization","name":"Lr Tienda Aloe Vera","alternateName":"LR","url":"https:\/\/www.lraloeverashop.eu\/es\/","logo":{"@type":"ImageObject","inLanguage":"es","@id":"https:\/\/www.lraloeverashop.eu\/es\/#\/schema\/logo\/image\/","url":"https:\/\/www.lraloeverashop.eu\/wp-content\/uploads\/2022\/09\/cropped-Lr-Aloe-Vera-Shop.jpg","contentUrl":"https:\/\/www.lraloeverashop.eu\/wp-content\/uploads\/2022\/09\/cropped-Lr-Aloe-Vera-Shop.jpg","width":228,"height":76,"caption":"Lr Tienda Aloe Vera"},"image":{"@id":"https:\/\/www.lraloeverashop.eu\/es\/#\/schema\/logo\/image\/"},"sameAs":["https:\/\/www.facebook.com\/lraloeverashop.eu","https:\/\/x.com\/natur__kosmetik","https:\/\/www.youtube.com\/channel\/UC5oN7BJ8nfYb8RpVtjwDEBA","https:\/\/www.instagram.com\/lrbeautyeu\/"],"description":"La tienda Lr Aloe Vera es tu destino de confianza para productos premium de salud y belleza LR, fabricados en Alemania. Ofrecemos soluciones de alta calidad para el cuidado de la piel, nutrici\u00f3n y antienvejecimiento con Aloe Vera, elaboradas con ingredientes puros y respaldadas por investigaci\u00f3n cient\u00edfica. Descubre un cuidado natural que regenera, protege y revitaliza tu piel, y disfruta de ofertas mensuales exclusivas en nuestros productos LR Aloe Vera m\u00e1s vendidos.\n\nComienza hoy mismo tu camino hacia el cuidado natural de la piel y siente la diferencia.","email":"info@lraloeverashop.eu","telephone":"+49 17670609653","legalName":"Lr Aloe Vera Shop","foundingDate":"2018-04-21","numberOfEmployees":{"@type":"QuantitativeValue","minValue":"1","maxValue":"10"}}]},"product_price_amount":"12.60","product_price_currency":"EUR","og_availability":"out of stock","product_availability":"out of stock","product_retailer_item_id":"20320-1ES","product_condition":"new"},"taxonomy_info":{"product_cat":[{"value":217,"label":"Aloe Vera"},{"value":223,"label":"Cuidado Beb\u00e9s"}]},"featured_image_src_large":["https:\/\/www.lraloeverashop.eu\/wp-content\/uploads\/2022\/10\/Lr-Aloe-Vera-Wash-Lotion-Shampoo-For-Baby-1024x1024.jpg",1024,1024,true],"author_info":[],"comment_info":0,"_links":{"self":[{"href":"https:\/\/www.lraloeverashop.eu\/es\/wp-json\/wp\/v2\/product\/10233","targetHints":{"allow":["GET"]}}],"collection":[{"href":"https:\/\/www.lraloeverashop.eu\/es\/wp-json\/wp\/v2\/product"}],"about":[{"href":"https:\/\/www.lraloeverashop.eu\/es\/wp-json\/wp\/v2\/types\/product"}],"replies":[{"embeddable":true,"href":"https:\/\/www.lraloeverashop.eu\/es\/wp-json\/wp\/v2\/comments?post=10233"}],"wp:featuredmedia":[{"embeddable":true,"href":"https:\/\/www.lraloeverashop.eu\/es\/wp-json\/wp\/v2\/media\/5051"}],"wp:attachment":[{"href":"https:\/\/www.lraloeverashop.eu\/es\/wp-json\/wp\/v2\/media?parent=10233"}],"wp:term":[{"taxonomy":"product_brand","embeddable":true,"href":"https:\/\/www.lraloeverashop.eu\/es\/wp-json\/wp\/v2\/product_brand?post=10233"},{"taxonomy":"product_cat","embeddable":true,"href":"https:\/\/www.lraloeverashop.eu\/es\/wp-json\/wp\/v2\/product_cat?post=10233"},{"taxonomy":"product_tag","embeddable":true,"href":"https:\/\/www.lraloeverashop.eu\/es\/wp-json\/wp\/v2\/product_tag?post=10233"}],"curies":[{"name":"wp","href":"https:\/\/api.w.org\/{rel}","templated":true}]}}