{"id":10205,"date":"2022-10-11T18:40:33","date_gmt":"2022-10-11T16:40:33","guid":{"rendered":"https:\/\/www.lraloeverashop.eu\/product\/aloe-vera-gel-bebible-melocoton\/"},"modified":"2026-02-09T05:13:19","modified_gmt":"2026-02-09T04:13:19","slug":"aloe-vera-gel-bebible-melocoton","status":"publish","type":"product","link":"https:\/\/www.lraloeverashop.eu\/es\/producto\/aloe-vera-gel-bebible-melocoton\/","title":{"rendered":"Aloe Vera Gel Bebible Melocot\u00f3n"},"content":{"rendered":"<h2><span style=\"font-size: 16pt;\"><strong>Aloe Vera Gel Bebible Melocot\u00f3n<\/strong><\/span><\/h2>\n<p><span style=\"font-size: 14pt;\"><strong>Aloe Vera Gel Bebible Melocot\u00f3n Adecuado Tambi\u00e9n Para la Diabetes<\/strong><\/span><\/p>\n<p>Aloe Vera Gel Bebible Melocot\u00f3n es una novedad positiva, especialmente para personas con diabetes. Porque hay menos calor\u00edas en \u00e9l y ya no es necesario volver a calcular las unidades de pan habituales. Ahora ya no tienes que lidiar con ellos.<\/p>\n<p><span style=\"color: #008000;\"><strong>ALTA CONCENTRACI\u00d3N:<\/strong><\/span> 98% Gel de Aloe Vera<br \/>\n<span style=\"color: #008000;\"><strong>SALUDABLE:<\/strong><\/span> con vitamina C, sin az\u00facar, tambi\u00e9n apto para diab\u00e9ticos<br \/>\n<span style=\"color: #008000;\"><strong>BUENO:<\/strong> <\/span>sabor afrutado a melocot\u00f3n, a los <a href=\"https:\/\/www.lraloeverashop.eu\/es\/gel-bebible-aloe-vera-melocoton\/\">ni\u00f1os<\/a> tambi\u00e9n les gusta<\/p>\n<p><strong>Aloe Vera Gel Bebible Melocot\u00f3n contiene s\u00f3lo 13,5 kJ!<\/strong><\/p>\n<p>Para los <a href=\"https:\/\/es.wikipedia.org\/wiki\/Diabetes_mellitus\">diab\u00e9ticos<\/a>, es importante mantener la cantidad de az\u00facar en la dieta diaria baja y bajo control con el fin de mantener el nivel de insulina en la sangre lo m\u00e1s constante posible. Pero tambi\u00e9n hoy en d\u00eda, muchas personas conscientes de la salud prestan atenci\u00f3n a reducir su ingesta de az\u00facar. Exactamente para este grupo objetivo, Lr ha desarrollado el <a href=\"https:\/\/www.lraloeverashop.eu\/es\/producto\/aloe-vera-gel-bebible-melocoton-3\/\">Aloe Vera Gel Bebible<\/a> con sabor a melocot\u00f3n.<\/p>\n<p>Aloe Vera Gel para beber con sabor a melocot\u00f3n, consiste casi en su totalidad en gel de hoja de Aloe Vera puro.<\/p>\n<div class=\"entry-content-asset videofit\"><iframe loading=\"lazy\" title=\"Aloe Vera Gel Bebible Miel y Melocoton Para Su Vida Saludable.\" width=\"720\" height=\"405\" src=\"https:\/\/www.youtube.com\/embed\/HPFSyAeznK0?feature=oembed\" frameborder=\"0\" allow=\"accelerometer; autoplay; clipboard-write; encrypted-media; gyroscope; picture-in-picture; web-share\" referrerpolicy=\"strict-origin-when-cross-origin\" allowfullscreen><\/iframe><\/div>\n<p>&nbsp;<\/p>\n<h3><span style=\"font-size: 16pt;\"><strong>Beneficios Del Aloe Vera<\/strong><\/span><\/h3>\n<ul>\n<li>Desintoxica, modula la inmunidad y regenera el cuerpo.<\/li>\n<li>Tambi\u00e9n limpia el lodo intestinal endurecido y los llamados. Placa mucosa en las paredes del intestino, donde est\u00e1 presente el 80% de la inmunidad de la mucosa.<\/li>\n<li>Permea los capilares para permitir que el ox\u00edgeno y los nutrientes lleguen a las c\u00e9lulas, y los venenos, productos de desecho, grasas y toxinas salgan del cuerpo.<\/li>\n<li>\u00a1El estrechamiento de los capilares conduce r\u00e1pidamente a la falta de ox\u00edgeno y, en consecuencia, a la acidificaci\u00f3n del organismo!<\/li>\n<li>Reduce el colesterol LDL y los niveles de grasa.<\/li>\n<li>Reduce el az\u00facar en la sangre.<\/li>\n<li>Compara &#8211; modula la presi\u00f3n arterial.<\/li>\n<\/ul>\n<p>&nbsp;<\/p>\n<p>Aloe Vera Gel Bebible Melocot\u00f3n se puede usar como una prevenci\u00f3n para <a href=\"https:\/\/www.lraloeverashop.eu\/es\/producto\/aloe-vera-gel-bebible-melocoton-6\/\">fortalecer la salud<\/a> o como un complemento de la atenci\u00f3n m\u00e9dica con medicamentos existentes. No tiene efectos secundarios, no se puede sobredosificar. Es el gel m\u00e1s concentrado del mercado. Perfecto para diab\u00e9ticos y tambi\u00e9n para <a href=\"https:\/\/www.lraloeverashop.eu\/es\/producto\/pasta-de-dientes-para-bebe\/\">dientes de ni\u00f1os<\/a>.<\/p>\n<p>&nbsp;<\/p>\n<h4><span style=\"font-size: 16pt;\"><strong>C\u00f3mo utilizar<\/strong><\/span><\/h4>\n<p><span style=\"color: #800000;\"><strong>Recomendaci\u00f3n de consumo:<\/strong><\/span> La dosis desintoxicante es de 1 ml \/ 1 kg de peso \/ 1 d\u00eda. Dividido en 2-3 dosis diarias! Preferiblemente antes de las comidas (si es necesario diluir con agua o zumo de frutas).<\/p>\n<p><strong><span style=\"color: #800000;\">Idea de receta:<\/span><\/strong> Beba el gel para beber de aloe vera sabor melocot\u00f3n con un vaso de jugo de fruta de su elecci\u00f3n, o mezcle el gel con yogur, fruta y un poco de <a href=\"https:\/\/www.lraloeverashop.eu\/es\/producto\/figu-active-muesli-arandano-crujiente\/\">muesli<\/a> para un desayuno saludable.<\/p>\n<p>Agite bien antes de usar. Conservar en el frigor\u00edfico despu\u00e9s de abrir y consumir r\u00e1pidamente. No se debe exceder la dosis diaria recomendada. Los suplementos diet\u00e9ticos no sustituyen una <a href=\"https:\/\/www.lraloeverashop.eu\/es\/sustituto-de-la-comida-figu-active-la-dieta-muy-inteligente-para-bajar-de-peso\/\">dieta variada<\/a> y equilibrada, que es importante junto con un estilo de vida saludable. Mantenga el producto fuera del alcance de los ni\u00f1os peque\u00f1os.<\/p>\n<p><strong>\u00a1El uso recomendado es de al menos 3 meses!<\/strong><\/p>\n<p>&nbsp;<\/p>\n","protected":false},"excerpt":{"rendered":"<ul>\n<li>Consiste en 98% gel puro de Aloe Vera<\/li>\n<li>Cubre 100% de la dosis diaria recomendada de vitamina C<\/li>\n<li>Fabricaci\u00f3n particularmente suave<\/li>\n<li>Adecuado tambi\u00e9n para la diabetes<\/li>\n<li>Contenido: 1000 ml<\/li>\n<\/ul>\n<p><span style=\"color: #ff0000;\"><a style=\"color: #ff0000;\" href=\"https:\/\/shop.lrworld.com\/openpao?PHP=0vFlt7jT938BEnBI3a6e9w%3D%3D\"><span style=\"font-size: 14pt;\"><strong>Reg\u00edstrate aqu\u00ed y ahorra 35% en cada compra<\/strong><\/span><\/a><\/span><\/p>\n","protected":false},"featured_media":5369,"comment_status":"open","ping_status":"closed","template":"","meta":{"_kad_blocks_custom_css":"","_kad_blocks_head_custom_js":"","_kad_blocks_body_custom_js":"","_kad_blocks_footer_custom_js":"","_kadence_starter_templates_imported_post":false,"_kad_post_transparent":"default","_kad_post_title":"","_kad_post_layout":"default","_kad_post_sidebar_id":"","_kad_post_content_style":"default","_kad_post_vertical_padding":"default","_kad_post_feature":"","_kad_post_feature_position":"","_kad_post_header":false,"_kad_post_footer":false,"_kad_post_classname":""},"product_brand":[],"product_cat":[403,469,296,439],"product_tag":[632],"class_list":{"0":"post-10205","1":"product","2":"type-product","3":"status-publish","4":"has-post-thumbnail","6":"product_cat-base-es","7":"product_cat-especialistas","8":"product_cat-geles-para-beber","9":"product_cat-intestinos-y-digestion","10":"product_tag-bebidas-de-desintoxicacion","12":"first","13":"instock","14":"taxable","15":"shipping-taxable","16":"purchasable","17":"product-type-simple","18":"entry","19":"content-bg","20":"loop-entry"},"yoast_head":"<!-- This site is optimized with the Yoast SEO Premium plugin v27.3 (Yoast SEO v27.3) - https:\/\/yoast.com\/product\/yoast-seo-premium-wordpress\/ -->\n<title>Aloe Vera Gel Bebible Melocot\u00f3n adecuado tambi\u00e9n para diabetes<\/title>\n<meta name=\"description\" content=\"Aloe Vera Gel Bebible Melocot\u00f3n con 98% gel de Aloe Vera y es una novedad positiva especialmente para las personas con diabetes. Contiene solo 13,5 kJ\" \/>\n<meta name=\"robots\" content=\"index, follow, max-snippet:-1, max-image-preview:large, max-video-preview:-1\" \/>\n<link rel=\"canonical\" href=\"https:\/\/www.lraloeverashop.eu\/es\/producto\/aloe-vera-gel-bebible-melocoton\/\" \/>\n<meta property=\"og:locale\" content=\"es_ES\" \/>\n<meta property=\"og:type\" content=\"article\" \/>\n<meta property=\"og:title\" content=\"Aloe Vera Gel Bebible Melocot\u00f3n\" \/>\n<meta property=\"og:description\" content=\"Aloe Vera Gel Bebible Melocot\u00f3n con 98% gel de Aloe Vera y es una novedad positiva especialmente para las personas con diabetes. Contiene solo 13,5 kJ\" \/>\n<meta property=\"og:url\" content=\"https:\/\/www.lraloeverashop.eu\/es\/producto\/aloe-vera-gel-bebible-melocoton\/\" \/>\n<meta property=\"og:site_name\" content=\"Lr Tienda Aloe Vera\" \/>\n<meta property=\"article:publisher\" content=\"https:\/\/www.facebook.com\/lraloeverashop.eu\" \/>\n<meta property=\"article:modified_time\" content=\"2026-02-09T04:13:19+00:00\" \/>\n<meta property=\"og:image\" content=\"https:\/\/www.lraloeverashop.eu\/wp-content\/uploads\/2022\/10\/Aloe-Vera-Drinking-Gel-Peach.jpg\" \/>\n\t<meta property=\"og:image:width\" content=\"1200\" \/>\n\t<meta property=\"og:image:height\" content=\"1200\" \/>\n\t<meta property=\"og:image:type\" content=\"image\/jpeg\" \/>\n<meta name=\"twitter:card\" content=\"summary_large_image\" \/>\n<meta name=\"twitter:site\" content=\"@natur__kosmetik\" \/>\n<script type=\"application\/ld+json\" class=\"yoast-schema-graph\">{\"@context\":\"https:\\\/\\\/schema.org\",\"@graph\":[{\"@type\":[\"WebPage\",\"ItemPage\"],\"@id\":\"https:\\\/\\\/www.lraloeverashop.eu\\\/es\\\/producto\\\/aloe-vera-gel-bebible-melocoton\\\/\",\"url\":\"https:\\\/\\\/www.lraloeverashop.eu\\\/es\\\/producto\\\/aloe-vera-gel-bebible-melocoton\\\/\",\"name\":\"Aloe Vera Gel Bebible Melocot\u00f3n adecuado tambi\u00e9n para diabetes\",\"isPartOf\":{\"@id\":\"https:\\\/\\\/www.lraloeverashop.eu\\\/es\\\/#website\"},\"primaryImageOfPage\":{\"@id\":\"https:\\\/\\\/www.lraloeverashop.eu\\\/es\\\/producto\\\/aloe-vera-gel-bebible-melocoton\\\/#primaryimage\"},\"image\":{\"@id\":\"https:\\\/\\\/www.lraloeverashop.eu\\\/es\\\/producto\\\/aloe-vera-gel-bebible-melocoton\\\/#primaryimage\"},\"thumbnailUrl\":\"https:\\\/\\\/www.lraloeverashop.eu\\\/wp-content\\\/uploads\\\/2022\\\/10\\\/Aloe-Vera-Drinking-Gel-Peach.jpg\",\"datePublished\":\"2022-10-11T16:40:33+00:00\",\"dateModified\":\"2026-02-09T04:13:19+00:00\",\"description\":\"Aloe Vera Gel Bebible Melocot\u00f3n con 98% gel de Aloe Vera y es una novedad positiva especialmente para las personas con diabetes. Contiene solo 13,5 kJ\",\"breadcrumb\":{\"@id\":\"https:\\\/\\\/www.lraloeverashop.eu\\\/es\\\/producto\\\/aloe-vera-gel-bebible-melocoton\\\/#breadcrumb\"},\"inLanguage\":\"es\",\"potentialAction\":[{\"@type\":\"ReadAction\",\"target\":[\"https:\\\/\\\/www.lraloeverashop.eu\\\/es\\\/producto\\\/aloe-vera-gel-bebible-melocoton\\\/\"]}]},{\"@type\":\"ImageObject\",\"inLanguage\":\"es\",\"@id\":\"https:\\\/\\\/www.lraloeverashop.eu\\\/es\\\/producto\\\/aloe-vera-gel-bebible-melocoton\\\/#primaryimage\",\"url\":\"https:\\\/\\\/www.lraloeverashop.eu\\\/wp-content\\\/uploads\\\/2022\\\/10\\\/Aloe-Vera-Drinking-Gel-Peach.jpg\",\"contentUrl\":\"https:\\\/\\\/www.lraloeverashop.eu\\\/wp-content\\\/uploads\\\/2022\\\/10\\\/Aloe-Vera-Drinking-Gel-Peach.jpg\",\"width\":1200,\"height\":1200,\"caption\":\"Aloe Vera Gel Bebible Melocot\u00f3n desintoxica, modula la inmunidad y regenera el cuerpo\"},{\"@type\":\"BreadcrumbList\",\"@id\":\"https:\\\/\\\/www.lraloeverashop.eu\\\/es\\\/producto\\\/aloe-vera-gel-bebible-melocoton\\\/#breadcrumb\",\"itemListElement\":[{\"@type\":\"ListItem\",\"position\":1,\"name\":\"Home\",\"item\":\"https:\\\/\\\/www.lraloeverashop.eu\\\/es\\\/\"},{\"@type\":\"ListItem\",\"position\":2,\"name\":\"Tienda\",\"item\":\"https:\\\/\\\/www.lraloeverashop.eu\\\/es\\\/tienda\\\/\"},{\"@type\":\"ListItem\",\"position\":3,\"name\":\"Aloe Vera Gel Bebible Melocot\u00f3n\"}]},{\"@type\":\"WebSite\",\"@id\":\"https:\\\/\\\/www.lraloeverashop.eu\\\/es\\\/#website\",\"url\":\"https:\\\/\\\/www.lraloeverashop.eu\\\/es\\\/\",\"name\":\"Lr Tienda Aloe Vera\",\"description\":\"High Quality Lr Aloe Vera Gel, Aloe Vera Cream and Shampoo\",\"publisher\":{\"@id\":\"https:\\\/\\\/www.lraloeverashop.eu\\\/es\\\/#organization\"},\"potentialAction\":[{\"@type\":\"SearchAction\",\"target\":{\"@type\":\"EntryPoint\",\"urlTemplate\":\"https:\\\/\\\/www.lraloeverashop.eu\\\/es\\\/?s={search_term_string}\"},\"query-input\":{\"@type\":\"PropertyValueSpecification\",\"valueRequired\":true,\"valueName\":\"search_term_string\"}}],\"inLanguage\":\"es\"},{\"@type\":\"Organization\",\"@id\":\"https:\\\/\\\/www.lraloeverashop.eu\\\/es\\\/#organization\",\"name\":\"Lr Tienda Aloe Vera\",\"alternateName\":\"LR\",\"url\":\"https:\\\/\\\/www.lraloeverashop.eu\\\/es\\\/\",\"logo\":{\"@type\":\"ImageObject\",\"inLanguage\":\"es\",\"@id\":\"https:\\\/\\\/www.lraloeverashop.eu\\\/es\\\/#\\\/schema\\\/logo\\\/image\\\/\",\"url\":\"https:\\\/\\\/www.lraloeverashop.eu\\\/wp-content\\\/uploads\\\/2022\\\/09\\\/cropped-Lr-Aloe-Vera-Shop.jpg\",\"contentUrl\":\"https:\\\/\\\/www.lraloeverashop.eu\\\/wp-content\\\/uploads\\\/2022\\\/09\\\/cropped-Lr-Aloe-Vera-Shop.jpg\",\"width\":228,\"height\":76,\"caption\":\"Lr Tienda Aloe Vera\"},\"image\":{\"@id\":\"https:\\\/\\\/www.lraloeverashop.eu\\\/es\\\/#\\\/schema\\\/logo\\\/image\\\/\"},\"sameAs\":[\"https:\\\/\\\/www.facebook.com\\\/lraloeverashop.eu\",\"https:\\\/\\\/x.com\\\/natur__kosmetik\",\"https:\\\/\\\/www.youtube.com\\\/channel\\\/UC5oN7BJ8nfYb8RpVtjwDEBA\",\"https:\\\/\\\/www.instagram.com\\\/lrbeautyeu\\\/\"]}]}<\/script>\n<meta property=\"product:price:amount\" content=\"40.89\" \/>\n<meta property=\"product:price:currency\" content=\"EUR\" \/>\n<meta property=\"og:availability\" content=\"instock\" \/>\n<meta property=\"product:availability\" content=\"instock\" \/>\n<meta property=\"product:retailer_item_id\" content=\"80750-480ES\" \/>\n<meta property=\"product:condition\" content=\"new\" \/>\n<!-- \/ Yoast SEO Premium plugin. -->","yoast_head_json":{"title":"Aloe Vera Gel Bebible Melocot\u00f3n adecuado tambi\u00e9n para diabetes","description":"Aloe Vera Gel Bebible Melocot\u00f3n con 98% gel de Aloe Vera y es una novedad positiva especialmente para las personas con diabetes. Contiene solo 13,5 kJ","robots":{"index":"index","follow":"follow","max-snippet":"max-snippet:-1","max-image-preview":"max-image-preview:large","max-video-preview":"max-video-preview:-1"},"canonical":"https:\/\/www.lraloeverashop.eu\/es\/producto\/aloe-vera-gel-bebible-melocoton\/","og_locale":"es_ES","og_type":"article","og_title":"Aloe Vera Gel Bebible Melocot\u00f3n","og_description":"Aloe Vera Gel Bebible Melocot\u00f3n con 98% gel de Aloe Vera y es una novedad positiva especialmente para las personas con diabetes. Contiene solo 13,5 kJ","og_url":"https:\/\/www.lraloeverashop.eu\/es\/producto\/aloe-vera-gel-bebible-melocoton\/","og_site_name":"Lr Tienda Aloe Vera","article_publisher":"https:\/\/www.facebook.com\/lraloeverashop.eu","article_modified_time":"2026-02-09T04:13:19+00:00","og_image":[{"width":1200,"height":1200,"url":"https:\/\/www.lraloeverashop.eu\/wp-content\/uploads\/2022\/10\/Aloe-Vera-Drinking-Gel-Peach.jpg","type":"image\/jpeg"}],"twitter_card":"summary_large_image","twitter_site":"@natur__kosmetik","schema":{"@context":"https:\/\/schema.org","@graph":[{"@type":["WebPage","ItemPage"],"@id":"https:\/\/www.lraloeverashop.eu\/es\/producto\/aloe-vera-gel-bebible-melocoton\/","url":"https:\/\/www.lraloeverashop.eu\/es\/producto\/aloe-vera-gel-bebible-melocoton\/","name":"Aloe Vera Gel Bebible Melocot\u00f3n adecuado tambi\u00e9n para diabetes","isPartOf":{"@id":"https:\/\/www.lraloeverashop.eu\/es\/#website"},"primaryImageOfPage":{"@id":"https:\/\/www.lraloeverashop.eu\/es\/producto\/aloe-vera-gel-bebible-melocoton\/#primaryimage"},"image":{"@id":"https:\/\/www.lraloeverashop.eu\/es\/producto\/aloe-vera-gel-bebible-melocoton\/#primaryimage"},"thumbnailUrl":"https:\/\/www.lraloeverashop.eu\/wp-content\/uploads\/2022\/10\/Aloe-Vera-Drinking-Gel-Peach.jpg","datePublished":"2022-10-11T16:40:33+00:00","dateModified":"2026-02-09T04:13:19+00:00","description":"Aloe Vera Gel Bebible Melocot\u00f3n con 98% gel de Aloe Vera y es una novedad positiva especialmente para las personas con diabetes. Contiene solo 13,5 kJ","breadcrumb":{"@id":"https:\/\/www.lraloeverashop.eu\/es\/producto\/aloe-vera-gel-bebible-melocoton\/#breadcrumb"},"inLanguage":"es","potentialAction":[{"@type":"ReadAction","target":["https:\/\/www.lraloeverashop.eu\/es\/producto\/aloe-vera-gel-bebible-melocoton\/"]}]},{"@type":"ImageObject","inLanguage":"es","@id":"https:\/\/www.lraloeverashop.eu\/es\/producto\/aloe-vera-gel-bebible-melocoton\/#primaryimage","url":"https:\/\/www.lraloeverashop.eu\/wp-content\/uploads\/2022\/10\/Aloe-Vera-Drinking-Gel-Peach.jpg","contentUrl":"https:\/\/www.lraloeverashop.eu\/wp-content\/uploads\/2022\/10\/Aloe-Vera-Drinking-Gel-Peach.jpg","width":1200,"height":1200,"caption":"Aloe Vera Gel Bebible Melocot\u00f3n desintoxica, modula la inmunidad y regenera el cuerpo"},{"@type":"BreadcrumbList","@id":"https:\/\/www.lraloeverashop.eu\/es\/producto\/aloe-vera-gel-bebible-melocoton\/#breadcrumb","itemListElement":[{"@type":"ListItem","position":1,"name":"Home","item":"https:\/\/www.lraloeverashop.eu\/es\/"},{"@type":"ListItem","position":2,"name":"Tienda","item":"https:\/\/www.lraloeverashop.eu\/es\/tienda\/"},{"@type":"ListItem","position":3,"name":"Aloe Vera Gel Bebible Melocot\u00f3n"}]},{"@type":"WebSite","@id":"https:\/\/www.lraloeverashop.eu\/es\/#website","url":"https:\/\/www.lraloeverashop.eu\/es\/","name":"Lr Tienda Aloe Vera","description":"High Quality Lr Aloe Vera Gel, Aloe Vera Cream and Shampoo","publisher":{"@id":"https:\/\/www.lraloeverashop.eu\/es\/#organization"},"potentialAction":[{"@type":"SearchAction","target":{"@type":"EntryPoint","urlTemplate":"https:\/\/www.lraloeverashop.eu\/es\/?s={search_term_string}"},"query-input":{"@type":"PropertyValueSpecification","valueRequired":true,"valueName":"search_term_string"}}],"inLanguage":"es"},{"@type":"Organization","@id":"https:\/\/www.lraloeverashop.eu\/es\/#organization","name":"Lr Tienda Aloe Vera","alternateName":"LR","url":"https:\/\/www.lraloeverashop.eu\/es\/","logo":{"@type":"ImageObject","inLanguage":"es","@id":"https:\/\/www.lraloeverashop.eu\/es\/#\/schema\/logo\/image\/","url":"https:\/\/www.lraloeverashop.eu\/wp-content\/uploads\/2022\/09\/cropped-Lr-Aloe-Vera-Shop.jpg","contentUrl":"https:\/\/www.lraloeverashop.eu\/wp-content\/uploads\/2022\/09\/cropped-Lr-Aloe-Vera-Shop.jpg","width":228,"height":76,"caption":"Lr Tienda Aloe Vera"},"image":{"@id":"https:\/\/www.lraloeverashop.eu\/es\/#\/schema\/logo\/image\/"},"sameAs":["https:\/\/www.facebook.com\/lraloeverashop.eu","https:\/\/x.com\/natur__kosmetik","https:\/\/www.youtube.com\/channel\/UC5oN7BJ8nfYb8RpVtjwDEBA","https:\/\/www.instagram.com\/lrbeautyeu\/"]}]},"product_price_amount":"40.89","product_price_currency":"EUR","og_availability":"instock","product_availability":"instock","product_retailer_item_id":"80750-480ES","product_condition":"new"},"taxonomy_info":{"product_cat":[{"value":403,"label":"Base"},{"value":469,"label":"Especialistas"},{"value":296,"label":"Geles Para Beber Aloe Vera"},{"value":439,"label":"Intestinos y Digesti\u00f3n"}],"product_tag":[{"value":632,"label":"Bebidas de desintoxicaci\u00f3n"}]},"featured_image_src_large":["https:\/\/www.lraloeverashop.eu\/wp-content\/uploads\/2022\/10\/Aloe-Vera-Drinking-Gel-Peach-1024x1024.jpg",1024,1024,true],"author_info":[],"comment_info":0,"_links":{"self":[{"href":"https:\/\/www.lraloeverashop.eu\/es\/wp-json\/wp\/v2\/product\/10205","targetHints":{"allow":["GET"]}}],"collection":[{"href":"https:\/\/www.lraloeverashop.eu\/es\/wp-json\/wp\/v2\/product"}],"about":[{"href":"https:\/\/www.lraloeverashop.eu\/es\/wp-json\/wp\/v2\/types\/product"}],"replies":[{"embeddable":true,"href":"https:\/\/www.lraloeverashop.eu\/es\/wp-json\/wp\/v2\/comments?post=10205"}],"wp:featuredmedia":[{"embeddable":true,"href":"https:\/\/www.lraloeverashop.eu\/es\/wp-json\/wp\/v2\/media\/5369"}],"wp:attachment":[{"href":"https:\/\/www.lraloeverashop.eu\/es\/wp-json\/wp\/v2\/media?parent=10205"}],"wp:term":[{"taxonomy":"product_brand","embeddable":true,"href":"https:\/\/www.lraloeverashop.eu\/es\/wp-json\/wp\/v2\/product_brand?post=10205"},{"taxonomy":"product_cat","embeddable":true,"href":"https:\/\/www.lraloeverashop.eu\/es\/wp-json\/wp\/v2\/product_cat?post=10205"},{"taxonomy":"product_tag","embeddable":true,"href":"https:\/\/www.lraloeverashop.eu\/es\/wp-json\/wp\/v2\/product_tag?post=10205"}],"curies":[{"name":"wp","href":"https:\/\/api.w.org\/{rel}","templated":true}]}}