{"id":10098,"date":"2022-10-11T20:50:20","date_gmt":"2022-10-11T18:50:20","guid":{"rendered":"https:\/\/www.lraloeverashop.eu\/product\/bebida-aloe-vera-miel-3\/"},"modified":"2026-02-09T05:12:11","modified_gmt":"2026-02-09T04:12:11","slug":"bebida-aloe-vera-miel-3","status":"publish","type":"product","link":"https:\/\/www.lraloeverashop.eu\/es\/producto\/bebida-aloe-vera-miel-3\/","title":{"rendered":"Lr Bebida Aloe Vera Miel Set 3 Botellas"},"content":{"rendered":"<h2><span style=\"font-size: 16pt;\"><strong>Lr Bebida Aloe Vera Miel Set 3 Botellas<\/strong><\/span><\/h2>\n<p><span style=\"font-size: 14pt;\"><strong>Lr Bebida Aloe Vera Miel mejora la inmunidad del cuerpo<\/strong><\/span><\/p>\n<p>\u00bfSab\u00edas que Lr Bebida Aloe Vera Miel puede ayudar idealmente a mejorar tu salud y bienestar b\u00e1sico? El Aloe Vera es uno de los productos m\u00e1s admirados y eficaces cuando se trata de una gran salud y bienestar general.<\/p>\n<p>Lr Bebida Aloe Vera Miel consiste en 90% gel puro y org\u00e1nico de Aloe Vera Barbadensis Miller. La miel natural pura genera otro 9%, mientras que el uno por ciento restante (1 por ciento) es vitamina C y otros componentes. La investigaci\u00f3n sugiere que la miel de gel de beber comprende m\u00e1s de 200 ingredientes esenciales y naturales que son beneficiosos para su cuerpo.<\/p>\n<p>Estos incluyen vitaminas, minerales, antioxidantes, agentes antiinflamatorios, aceites naturales, mucopolisac\u00e1ridos (az\u00facares naturales), enzimas, \u00e1cidos grasos, bioflavonoides, antrachion\u00eda, amino\u00e1cidos, saponinas, antis\u00e9pticos, <a href=\"https:\/\/www.lraloeverashop.eu\/es\/gel-bebible-aloe-vera-miel-90\/\">y mucho m\u00e1s<\/a>. Y como el gel est\u00e1 hecho por <strong><a href=\"https:\/\/www.lrworld.com\/join-me\">Lr Health &amp; Beauty<\/a><\/strong>, puede estar seguro de que todos los ingredientes son puros.<\/p>\n<p>La vitamina C contribuye a la funci\u00f3n normal del sistema inmunitario. Tambi\u00e9n participa en numerosas otras funciones en el metabolismo del cuerpo, por ejemplo, apoya la formaci\u00f3n de col\u00e1geno transmitido por el cuerpo para las articulaciones que funcionan bien. **<\/p>\n<p>** La vitamina C contribuye a la formaci\u00f3n normal de col\u00e1geno para la funci\u00f3n normal del <a href=\"https:\/\/www.lraloeverashop.eu\/es\/gel-bebible-aloe-vera-freedom\/\">cart\u00edlago<\/a>.<\/p>\n<div class=\"entry-content-asset videofit\"><iframe loading=\"lazy\" title=\"Aloe Vera Gel Bebible Miel y Melocoton Para Su Vida Saludable.\" width=\"720\" height=\"405\" src=\"https:\/\/www.youtube.com\/embed\/HPFSyAeznK0?feature=oembed\" frameborder=\"0\" allow=\"accelerometer; autoplay; clipboard-write; encrypted-media; gyroscope; picture-in-picture; web-share\" referrerpolicy=\"strict-origin-when-cross-origin\" allowfullscreen><\/iframe><\/div>\n<p>&nbsp;<\/p>\n<h3><span style=\"font-size: 16pt;\"><strong>C\u00f3mo utilizar<\/strong><\/span><\/h3>\n<p><strong>Dosis diaria recomendada:<\/strong> 30 ml Lr Bebida Aloe Vera Miel 3 veces al d\u00eda, preferiblemente antes de las comidas (puede mezclarlo con agua o jugo de fruta).<\/p>\n<p><strong>Receta sugerida:<\/strong>\u00a0pruebe el <a href=\"https:\/\/www.lraloeverashop.eu\/es\/producto\/aloe-vera-gel-bebible-miel\/\">gel de aloe vera para beber<\/a> miel con un vaso de jugo de naranja o m\u00e9zclelo con un licuado de frutas y verduras frescas.<\/p>\n<p>Agitar antes de usar. Refrigere y consuma inmediatamente despu\u00e9s de abrir. No exceda la dosis diaria recomendada. Los <a href=\"https:\/\/www.lraloeverashop.eu\/es\/categoria-producto\/productos-especiales\/\">suplementos diet\u00e9ticos<\/a> no son un sustituto de una dieta rica y equilibrada, en combinaci\u00f3n con un estilo de vida saludable.<br \/>\nMantenga el producto fuera del alcance de los ni\u00f1os.<\/p>\n<p>&nbsp;<\/p>\n<h4><strong><span style=\"font-size: 16pt;\">\u00bfLo Sab\u00edas?<\/span><\/strong><\/h4>\n<p>23 millones de hojas de Aloe Vera se recolectan anualmente para LR. Se cultivan exclusivamente en una zona monta\u00f1osa de M\u00e9xico con las <a href=\"https:\/\/www.lraloeverashop.eu\/es\/producto\/bebida-con-aloe-vera-6\/\">mejores condiciones<\/a> para su crecimiento. Estos cultivos crecen completamente sin la adici\u00f3n de pesticidas y se cosechan manualmente.<\/p>\n<p><strong>En LR, la calidad va mano a mano con la competencia.<\/strong><\/p>\n<ul>\n<li>Producto de alta calidad \u2013 a base de gel puro de hoja de Aloe Vera, sin alo\u00edna*<\/li>\n<li>Cultivo sustentable en M\u00e9xico<\/li>\n<li>Respeto al medio ambiente y a la legislaci\u00f3n vigente<\/li>\n<\/ul>\n<p><strong>Una gran experiencia:<\/strong><\/p>\n<ul>\n<li>LR es experto en Aloe Vera desde hace m\u00e1s de 20 a\u00f1os<\/li>\n<li>Producci\u00f3n propia en uno de los centros de producci\u00f3n m\u00e1s modernos dedicados al Aloe Vera en Alemania<\/li>\n<li>Colaboraci\u00f3n con expertos de renombre<\/li>\n<\/ul>\n<p><strong>Apoyo y Placer:<\/strong><\/p>\n<p>Lr Bebida Aloe Vera Miel te dar\u00e1 el apoyo que necesitas para enfrentar todas las situaciones de la vida. Adem\u00e1s de eso, los <a href=\"https:\/\/www.lraloeverashop.eu\/es\/bebida-de-aloe-vera-de-lr-health-beauty\/\">geles para beber<\/a> LR son deliciosos. Var\u00ede los placeres con sus diferentes sabores.<\/p>\n","protected":false},"excerpt":{"rendered":"<ul>\n<li>Consiste en 90% gel de hoja de Aloe Vera pura<\/li>\n<li>9% valiosa miel de flores<\/li>\n<li>eliminar las toxinas en el cuerpo<\/li>\n<li>mejora la inmunidad del cuerpo<\/li>\n<li>La raci\u00f3n diaria cubre 75% de la dosis recomendada de vitamina C<\/li>\n<li>Cantidad: 3 x 1000 ml<\/li>\n<\/ul>\n<p><span style=\"color: #ff0000;\"><a style=\"color: #ff0000;\" href=\"https:\/\/shop.lrworld.com\/openpao?PHP=0vFlt7jT938BEnBI3a6e9w%3D%3D\"><span style=\"font-size: 14pt;\"><strong>Reg\u00edstrate aqu\u00ed y ahorra 35% en cada compra<\/strong><\/span><\/a><\/span><\/p>\n","protected":false},"featured_media":5309,"comment_status":"open","ping_status":"closed","template":"","meta":{"_kad_blocks_custom_css":"","_kad_blocks_head_custom_js":"","_kad_blocks_body_custom_js":"","_kad_blocks_footer_custom_js":"","_kadence_starter_templates_imported_post":false,"_kad_post_transparent":"default","_kad_post_title":"","_kad_post_layout":"default","_kad_post_sidebar_id":"","_kad_post_content_style":"default","_kad_post_vertical_padding":"default","_kad_post_feature":"","_kad_post_feature_position":"","_kad_post_header":false,"_kad_post_footer":false,"_kad_post_classname":""},"product_brand":[],"product_cat":[458,403,469,296,439],"product_tag":[632],"class_list":{"0":"post-10098","1":"product","2":"type-product","3":"status-publish","4":"has-post-thumbnail","6":"product_cat-ahorra-en-los-sets","7":"product_cat-base-es","8":"product_cat-especialistas","9":"product_cat-geles-para-beber","10":"product_cat-intestinos-y-digestion","11":"product_tag-bebidas-de-desintoxicacion","13":"first","14":"instock","15":"taxable","16":"shipping-taxable","17":"purchasable","18":"product-type-simple","19":"entry","20":"content-bg","21":"loop-entry"},"yoast_head":"<!-- This site is optimized with the Yoast SEO Premium plugin v27.4 (Yoast SEO v27.4) - https:\/\/yoast.com\/product\/yoast-seo-premium-wordpress\/ -->\n<title>Lr Bebida Aloe Vera Miel mejora la inmunidad del cuerpo<\/title>\n<meta name=\"description\" content=\"Lr Bebida Aloe Vera Miel con 90% Gel de Aloe Vera de Barbadensis Miller y 9% Miel elimina toxinas en el organismo y potencia la inmunidad.\" \/>\n<meta name=\"robots\" content=\"index, follow, max-snippet:-1, max-image-preview:large, max-video-preview:-1\" \/>\n<link rel=\"canonical\" href=\"https:\/\/www.lraloeverashop.eu\/es\/producto\/bebida-aloe-vera-miel-3\/\" \/>\n<meta property=\"og:locale\" content=\"es_ES\" \/>\n<meta property=\"og:type\" content=\"article\" \/>\n<meta property=\"og:title\" content=\"Lr Bebida Aloe Vera Miel Set 3 Botellas\" \/>\n<meta property=\"og:description\" content=\"Lr Bebida Aloe Vera Miel con 90% Gel de Aloe Vera de Barbadensis Miller y 9% Miel elimina toxinas en el organismo y potencia la inmunidad.\" \/>\n<meta property=\"og:url\" content=\"https:\/\/www.lraloeverashop.eu\/es\/producto\/bebida-aloe-vera-miel-3\/\" \/>\n<meta property=\"og:site_name\" content=\"Lr Tienda Aloe Vera\" \/>\n<meta property=\"article:publisher\" content=\"https:\/\/www.facebook.com\/lraloeverashop.eu\" \/>\n<meta property=\"article:modified_time\" content=\"2026-02-09T04:12:11+00:00\" \/>\n<meta property=\"og:image\" content=\"https:\/\/www.lraloeverashop.eu\/wp-content\/uploads\/2022\/10\/Aloe-Vera-Drinking-Gel-Honey-3-Pcs-Set.jpg\" \/>\n\t<meta property=\"og:image:width\" content=\"1200\" \/>\n\t<meta property=\"og:image:height\" content=\"1200\" \/>\n\t<meta property=\"og:image:type\" content=\"image\/jpeg\" \/>\n<meta name=\"twitter:card\" content=\"summary_large_image\" \/>\n<meta name=\"twitter:site\" content=\"@natur__kosmetik\" \/>\n<script type=\"application\/ld+json\" class=\"yoast-schema-graph\">{\"@context\":\"https:\\\/\\\/schema.org\",\"@graph\":[{\"@type\":[\"WebPage\",\"ItemPage\"],\"@id\":\"https:\\\/\\\/www.lraloeverashop.eu\\\/es\\\/producto\\\/bebida-aloe-vera-miel-3\\\/\",\"url\":\"https:\\\/\\\/www.lraloeverashop.eu\\\/es\\\/producto\\\/bebida-aloe-vera-miel-3\\\/\",\"name\":\"Lr Bebida Aloe Vera Miel mejora la inmunidad del cuerpo\",\"isPartOf\":{\"@id\":\"https:\\\/\\\/www.lraloeverashop.eu\\\/es\\\/#website\"},\"primaryImageOfPage\":{\"@id\":\"https:\\\/\\\/www.lraloeverashop.eu\\\/es\\\/producto\\\/bebida-aloe-vera-miel-3\\\/#primaryimage\"},\"image\":{\"@id\":\"https:\\\/\\\/www.lraloeverashop.eu\\\/es\\\/producto\\\/bebida-aloe-vera-miel-3\\\/#primaryimage\"},\"thumbnailUrl\":\"https:\\\/\\\/www.lraloeverashop.eu\\\/wp-content\\\/uploads\\\/2022\\\/10\\\/Aloe-Vera-Drinking-Gel-Honey-3-Pcs-Set.jpg\",\"datePublished\":\"2022-10-11T18:50:20+00:00\",\"dateModified\":\"2026-02-09T04:12:11+00:00\",\"description\":\"Lr Bebida Aloe Vera Miel con 90% Gel de Aloe Vera de Barbadensis Miller y 9% Miel elimina toxinas en el organismo y potencia la inmunidad.\",\"breadcrumb\":{\"@id\":\"https:\\\/\\\/www.lraloeverashop.eu\\\/es\\\/producto\\\/bebida-aloe-vera-miel-3\\\/#breadcrumb\"},\"inLanguage\":\"es\",\"potentialAction\":[{\"@type\":\"ReadAction\",\"target\":[\"https:\\\/\\\/www.lraloeverashop.eu\\\/es\\\/producto\\\/bebida-aloe-vera-miel-3\\\/\"]}]},{\"@type\":\"ImageObject\",\"inLanguage\":\"es\",\"@id\":\"https:\\\/\\\/www.lraloeverashop.eu\\\/es\\\/producto\\\/bebida-aloe-vera-miel-3\\\/#primaryimage\",\"url\":\"https:\\\/\\\/www.lraloeverashop.eu\\\/wp-content\\\/uploads\\\/2022\\\/10\\\/Aloe-Vera-Drinking-Gel-Honey-3-Pcs-Set.jpg\",\"contentUrl\":\"https:\\\/\\\/www.lraloeverashop.eu\\\/wp-content\\\/uploads\\\/2022\\\/10\\\/Aloe-Vera-Drinking-Gel-Honey-3-Pcs-Set.jpg\",\"width\":1200,\"height\":1200,\"caption\":\"Aloe Vera Gel Bebible Miel mejora la inmunidad del cuerpo\"},{\"@type\":\"BreadcrumbList\",\"@id\":\"https:\\\/\\\/www.lraloeverashop.eu\\\/es\\\/producto\\\/bebida-aloe-vera-miel-3\\\/#breadcrumb\",\"itemListElement\":[{\"@type\":\"ListItem\",\"position\":1,\"name\":\"Home\",\"item\":\"https:\\\/\\\/www.lraloeverashop.eu\\\/es\\\/\"},{\"@type\":\"ListItem\",\"position\":2,\"name\":\"Tienda\",\"item\":\"https:\\\/\\\/www.lraloeverashop.eu\\\/es\\\/tienda\\\/\"},{\"@type\":\"ListItem\",\"position\":3,\"name\":\"Lr Bebida Aloe Vera Miel Set 3 Botellas\"}]},{\"@type\":\"WebSite\",\"@id\":\"https:\\\/\\\/www.lraloeverashop.eu\\\/es\\\/#website\",\"url\":\"https:\\\/\\\/www.lraloeverashop.eu\\\/es\\\/\",\"name\":\"Lr Tienda Aloe Vera\",\"description\":\"High Quality Lr Aloe Vera Gel, Aloe Vera Cream and Shampoo\",\"publisher\":{\"@id\":\"https:\\\/\\\/www.lraloeverashop.eu\\\/es\\\/#organization\"},\"potentialAction\":[{\"@type\":\"SearchAction\",\"target\":{\"@type\":\"EntryPoint\",\"urlTemplate\":\"https:\\\/\\\/www.lraloeverashop.eu\\\/es\\\/?s={search_term_string}\"},\"query-input\":{\"@type\":\"PropertyValueSpecification\",\"valueRequired\":true,\"valueName\":\"search_term_string\"}}],\"inLanguage\":\"es\"},{\"@type\":\"Organization\",\"@id\":\"https:\\\/\\\/www.lraloeverashop.eu\\\/es\\\/#organization\",\"name\":\"Lr Tienda Aloe Vera\",\"alternateName\":\"LR\",\"url\":\"https:\\\/\\\/www.lraloeverashop.eu\\\/es\\\/\",\"logo\":{\"@type\":\"ImageObject\",\"inLanguage\":\"es\",\"@id\":\"https:\\\/\\\/www.lraloeverashop.eu\\\/es\\\/#\\\/schema\\\/logo\\\/image\\\/\",\"url\":\"https:\\\/\\\/www.lraloeverashop.eu\\\/wp-content\\\/uploads\\\/2022\\\/09\\\/cropped-Lr-Aloe-Vera-Shop.jpg\",\"contentUrl\":\"https:\\\/\\\/www.lraloeverashop.eu\\\/wp-content\\\/uploads\\\/2022\\\/09\\\/cropped-Lr-Aloe-Vera-Shop.jpg\",\"width\":228,\"height\":76,\"caption\":\"Lr Tienda Aloe Vera\"},\"image\":{\"@id\":\"https:\\\/\\\/www.lraloeverashop.eu\\\/es\\\/#\\\/schema\\\/logo\\\/image\\\/\"},\"sameAs\":[\"https:\\\/\\\/www.facebook.com\\\/lraloeverashop.eu\",\"https:\\\/\\\/x.com\\\/natur__kosmetik\",\"https:\\\/\\\/www.youtube.com\\\/channel\\\/UC5oN7BJ8nfYb8RpVtjwDEBA\",\"https:\\\/\\\/www.instagram.com\\\/lrbeautyeu\\\/\"],\"description\":\"La tienda Lr Aloe Vera es tu destino de confianza para productos premium de salud y belleza LR, fabricados en Alemania. Ofrecemos soluciones de alta calidad para el cuidado de la piel, nutrici\u00f3n y antienvejecimiento con Aloe Vera, elaboradas con ingredientes puros y respaldadas por investigaci\u00f3n cient\u00edfica. Descubre un cuidado natural que regenera, protege y revitaliza tu piel, y disfruta de ofertas mensuales exclusivas en nuestros productos LR Aloe Vera m\u00e1s vendidos.\\n\\nComienza hoy mismo tu camino hacia el cuidado natural de la piel y siente la diferencia.\",\"email\":\"info@lraloeverashop.eu\",\"telephone\":\"+49 17670609653\",\"legalName\":\"Lr Aloe Vera Shop\",\"foundingDate\":\"2018-04-21\",\"numberOfEmployees\":{\"@type\":\"QuantitativeValue\",\"minValue\":\"1\",\"maxValue\":\"10\"}}]}<\/script>\n<meta property=\"product:price:amount\" content=\"112.99\" \/>\n<meta property=\"product:price:currency\" content=\"EUR\" \/>\n<meta property=\"og:availability\" content=\"instock\" \/>\n<meta property=\"product:availability\" content=\"instock\" \/>\n<meta property=\"product:retailer_item_id\" content=\"80743-481ES\" \/>\n<meta property=\"product:condition\" content=\"new\" \/>\n<!-- \/ Yoast SEO Premium plugin. -->","yoast_head_json":{"title":"Lr Bebida Aloe Vera Miel mejora la inmunidad del cuerpo","description":"Lr Bebida Aloe Vera Miel con 90% Gel de Aloe Vera de Barbadensis Miller y 9% Miel elimina toxinas en el organismo y potencia la inmunidad.","robots":{"index":"index","follow":"follow","max-snippet":"max-snippet:-1","max-image-preview":"max-image-preview:large","max-video-preview":"max-video-preview:-1"},"canonical":"https:\/\/www.lraloeverashop.eu\/es\/producto\/bebida-aloe-vera-miel-3\/","og_locale":"es_ES","og_type":"article","og_title":"Lr Bebida Aloe Vera Miel Set 3 Botellas","og_description":"Lr Bebida Aloe Vera Miel con 90% Gel de Aloe Vera de Barbadensis Miller y 9% Miel elimina toxinas en el organismo y potencia la inmunidad.","og_url":"https:\/\/www.lraloeverashop.eu\/es\/producto\/bebida-aloe-vera-miel-3\/","og_site_name":"Lr Tienda Aloe Vera","article_publisher":"https:\/\/www.facebook.com\/lraloeverashop.eu","article_modified_time":"2026-02-09T04:12:11+00:00","og_image":[{"width":1200,"height":1200,"url":"https:\/\/www.lraloeverashop.eu\/wp-content\/uploads\/2022\/10\/Aloe-Vera-Drinking-Gel-Honey-3-Pcs-Set.jpg","type":"image\/jpeg"}],"twitter_card":"summary_large_image","twitter_site":"@natur__kosmetik","schema":{"@context":"https:\/\/schema.org","@graph":[{"@type":["WebPage","ItemPage"],"@id":"https:\/\/www.lraloeverashop.eu\/es\/producto\/bebida-aloe-vera-miel-3\/","url":"https:\/\/www.lraloeverashop.eu\/es\/producto\/bebida-aloe-vera-miel-3\/","name":"Lr Bebida Aloe Vera Miel mejora la inmunidad del cuerpo","isPartOf":{"@id":"https:\/\/www.lraloeverashop.eu\/es\/#website"},"primaryImageOfPage":{"@id":"https:\/\/www.lraloeverashop.eu\/es\/producto\/bebida-aloe-vera-miel-3\/#primaryimage"},"image":{"@id":"https:\/\/www.lraloeverashop.eu\/es\/producto\/bebida-aloe-vera-miel-3\/#primaryimage"},"thumbnailUrl":"https:\/\/www.lraloeverashop.eu\/wp-content\/uploads\/2022\/10\/Aloe-Vera-Drinking-Gel-Honey-3-Pcs-Set.jpg","datePublished":"2022-10-11T18:50:20+00:00","dateModified":"2026-02-09T04:12:11+00:00","description":"Lr Bebida Aloe Vera Miel con 90% Gel de Aloe Vera de Barbadensis Miller y 9% Miel elimina toxinas en el organismo y potencia la inmunidad.","breadcrumb":{"@id":"https:\/\/www.lraloeverashop.eu\/es\/producto\/bebida-aloe-vera-miel-3\/#breadcrumb"},"inLanguage":"es","potentialAction":[{"@type":"ReadAction","target":["https:\/\/www.lraloeverashop.eu\/es\/producto\/bebida-aloe-vera-miel-3\/"]}]},{"@type":"ImageObject","inLanguage":"es","@id":"https:\/\/www.lraloeverashop.eu\/es\/producto\/bebida-aloe-vera-miel-3\/#primaryimage","url":"https:\/\/www.lraloeverashop.eu\/wp-content\/uploads\/2022\/10\/Aloe-Vera-Drinking-Gel-Honey-3-Pcs-Set.jpg","contentUrl":"https:\/\/www.lraloeverashop.eu\/wp-content\/uploads\/2022\/10\/Aloe-Vera-Drinking-Gel-Honey-3-Pcs-Set.jpg","width":1200,"height":1200,"caption":"Aloe Vera Gel Bebible Miel mejora la inmunidad del cuerpo"},{"@type":"BreadcrumbList","@id":"https:\/\/www.lraloeverashop.eu\/es\/producto\/bebida-aloe-vera-miel-3\/#breadcrumb","itemListElement":[{"@type":"ListItem","position":1,"name":"Home","item":"https:\/\/www.lraloeverashop.eu\/es\/"},{"@type":"ListItem","position":2,"name":"Tienda","item":"https:\/\/www.lraloeverashop.eu\/es\/tienda\/"},{"@type":"ListItem","position":3,"name":"Lr Bebida Aloe Vera Miel Set 3 Botellas"}]},{"@type":"WebSite","@id":"https:\/\/www.lraloeverashop.eu\/es\/#website","url":"https:\/\/www.lraloeverashop.eu\/es\/","name":"Lr Tienda Aloe Vera","description":"High Quality Lr Aloe Vera Gel, Aloe Vera Cream and Shampoo","publisher":{"@id":"https:\/\/www.lraloeverashop.eu\/es\/#organization"},"potentialAction":[{"@type":"SearchAction","target":{"@type":"EntryPoint","urlTemplate":"https:\/\/www.lraloeverashop.eu\/es\/?s={search_term_string}"},"query-input":{"@type":"PropertyValueSpecification","valueRequired":true,"valueName":"search_term_string"}}],"inLanguage":"es"},{"@type":"Organization","@id":"https:\/\/www.lraloeverashop.eu\/es\/#organization","name":"Lr Tienda Aloe Vera","alternateName":"LR","url":"https:\/\/www.lraloeverashop.eu\/es\/","logo":{"@type":"ImageObject","inLanguage":"es","@id":"https:\/\/www.lraloeverashop.eu\/es\/#\/schema\/logo\/image\/","url":"https:\/\/www.lraloeverashop.eu\/wp-content\/uploads\/2022\/09\/cropped-Lr-Aloe-Vera-Shop.jpg","contentUrl":"https:\/\/www.lraloeverashop.eu\/wp-content\/uploads\/2022\/09\/cropped-Lr-Aloe-Vera-Shop.jpg","width":228,"height":76,"caption":"Lr Tienda Aloe Vera"},"image":{"@id":"https:\/\/www.lraloeverashop.eu\/es\/#\/schema\/logo\/image\/"},"sameAs":["https:\/\/www.facebook.com\/lraloeverashop.eu","https:\/\/x.com\/natur__kosmetik","https:\/\/www.youtube.com\/channel\/UC5oN7BJ8nfYb8RpVtjwDEBA","https:\/\/www.instagram.com\/lrbeautyeu\/"],"description":"La tienda Lr Aloe Vera es tu destino de confianza para productos premium de salud y belleza LR, fabricados en Alemania. Ofrecemos soluciones de alta calidad para el cuidado de la piel, nutrici\u00f3n y antienvejecimiento con Aloe Vera, elaboradas con ingredientes puros y respaldadas por investigaci\u00f3n cient\u00edfica. Descubre un cuidado natural que regenera, protege y revitaliza tu piel, y disfruta de ofertas mensuales exclusivas en nuestros productos LR Aloe Vera m\u00e1s vendidos.\n\nComienza hoy mismo tu camino hacia el cuidado natural de la piel y siente la diferencia.","email":"info@lraloeverashop.eu","telephone":"+49 17670609653","legalName":"Lr Aloe Vera Shop","foundingDate":"2018-04-21","numberOfEmployees":{"@type":"QuantitativeValue","minValue":"1","maxValue":"10"}}]},"product_price_amount":"112.99","product_price_currency":"EUR","og_availability":"instock","product_availability":"instock","product_retailer_item_id":"80743-481ES","product_condition":"new"},"taxonomy_info":{"product_cat":[{"value":458,"label":"Ahorra en los sets"},{"value":403,"label":"Base"},{"value":469,"label":"Especialistas"},{"value":296,"label":"Geles Para Beber Aloe Vera"},{"value":439,"label":"Intestinos y Digesti\u00f3n"}],"product_tag":[{"value":632,"label":"Bebidas de desintoxicaci\u00f3n"}]},"featured_image_src_large":["https:\/\/www.lraloeverashop.eu\/wp-content\/uploads\/2022\/10\/Aloe-Vera-Drinking-Gel-Honey-3-Pcs-Set-1024x1024.jpg",1024,1024,true],"author_info":[],"comment_info":0,"_links":{"self":[{"href":"https:\/\/www.lraloeverashop.eu\/es\/wp-json\/wp\/v2\/product\/10098","targetHints":{"allow":["GET"]}}],"collection":[{"href":"https:\/\/www.lraloeverashop.eu\/es\/wp-json\/wp\/v2\/product"}],"about":[{"href":"https:\/\/www.lraloeverashop.eu\/es\/wp-json\/wp\/v2\/types\/product"}],"replies":[{"embeddable":true,"href":"https:\/\/www.lraloeverashop.eu\/es\/wp-json\/wp\/v2\/comments?post=10098"}],"wp:featuredmedia":[{"embeddable":true,"href":"https:\/\/www.lraloeverashop.eu\/es\/wp-json\/wp\/v2\/media\/5309"}],"wp:attachment":[{"href":"https:\/\/www.lraloeverashop.eu\/es\/wp-json\/wp\/v2\/media?parent=10098"}],"wp:term":[{"taxonomy":"product_brand","embeddable":true,"href":"https:\/\/www.lraloeverashop.eu\/es\/wp-json\/wp\/v2\/product_brand?post=10098"},{"taxonomy":"product_cat","embeddable":true,"href":"https:\/\/www.lraloeverashop.eu\/es\/wp-json\/wp\/v2\/product_cat?post=10098"},{"taxonomy":"product_tag","embeddable":true,"href":"https:\/\/www.lraloeverashop.eu\/es\/wp-json\/wp\/v2\/product_tag?post=10098"}],"curies":[{"name":"wp","href":"https:\/\/api.w.org\/{rel}","templated":true}]}}