{"id":10060,"date":"2022-10-11T20:59:08","date_gmt":"2022-10-11T18:59:08","guid":{"rendered":"https:\/\/www.lraloeverashop.eu\/product\/aloe-vera-gel-bebible-freedom\/"},"modified":"2026-02-09T05:11:35","modified_gmt":"2026-02-09T04:11:35","slug":"aloe-vera-gel-bebible-freedom","status":"publish","type":"product","link":"https:\/\/www.lraloeverashop.eu\/es\/producto\/aloe-vera-gel-bebible-freedom\/","title":{"rendered":"Aloe Vera Gel Bebible Freedom"},"content":{"rendered":"<h2><span style=\"font-size: 16pt;\"><strong>Aloe Vera Gel Bebible Freedom<\/strong><\/span><\/h2>\n<p><span style=\"font-size: 14pt;\"><strong>Aloe Vera Gel Bebible Freedom Nutrici\u00f3n Articular \u00danica En Forma L\u00edquida<\/strong><\/span><\/p>\n<p>Aloe Vera Gel Bebible Freedom con nutrientes para las articulaciones es un excelente soporte. En su vida diaria, sus articulaciones suelen estar expuestas al estr\u00e9s y la fatiga, especialmente en las rodillas y las caderas.<\/p>\n<p>Para mantener las articulaciones, es bueno moverse regularmente y proporcionar al cuerpo los nutrientes m\u00e1s importantes. Lr Aloe Vera Gel Bebible Freedom ofrece la combinaci\u00f3n \u00f3ptima de ingredientes activos para apoyar el <a href=\"https:\/\/www.lraloeverashop.eu\/es\/producto\/jugo-de-aloe-vera\/\">movimiento de sus articulaciones<\/a>.<\/p>\n<p><strong>El Gel de Aloe Vera contiene sulfato de glucosamina, sulfato de condroitina, hidrolizado de col\u00e1geno y vitaminas C + E.<\/strong><\/p>\n<p>El gel de aloe vera funciona no solo para reducir la hinchaz\u00f3n, la inflamaci\u00f3n, el dolor, la desintoxicaci\u00f3n y la regeneraci\u00f3n, pero tambi\u00e9n como un portador muy efectivo que transporta de manera confiable los condroproteticos al <a href=\"https:\/\/www.lraloeverashop.eu\/es\/producto\/bebida-aloe-vera-freedom\/\">cart\u00edlago<\/a> (el cart\u00edlago no tiene suministro vascular).<\/p>\n<p>Lr Aloe vera Gel Bebible Freedom es el \u00fanico en el mercado con la certificaci\u00f3n de calidad IASC y el sello del prestigioso Instituto Fresenius no solo para la materia prima sino tambi\u00e9n para el producto final.<\/p>\n<div class=\"entry-content-asset videofit\"><iframe loading=\"lazy\" title=\"Aloe Vera Gel Bebible Freedom Nutrici\u00f3n Articular \u00danica En Forma L\u00edquida\" width=\"720\" height=\"405\" src=\"https:\/\/www.youtube.com\/embed\/1MPha6yvAAU?feature=oembed\" frameborder=\"0\" allow=\"accelerometer; autoplay; clipboard-write; encrypted-media; gyroscope; picture-in-picture; web-share\" referrerpolicy=\"strict-origin-when-cross-origin\" allowfullscreen><\/iframe><\/div>\n<p>&nbsp;<\/p>\n<h3><span style=\"font-size: 16pt;\"><strong>\u00a1Gel de aloe vera = portador de condroprotector para el cart\u00edlago!<\/strong><\/span><\/h3>\n<p><strong><span style=\"color: #993300;\">Sulfato de glucosamina:<\/span><\/strong> un componente natural del <a href=\"https:\/\/www.lraloeverashop.eu\/es\/gel-bebible-aloe-vera-freedom\/\">cart\u00edlago articular<\/a> y el l\u00edquido sinovial. Bloque de construcci\u00f3n de lubricante articular y estimula las c\u00e9lulas articulares para producir col\u00e1geno. Ayuda a almacenar calcio en los huesos. Afecta el equilibrio positivo de los eventos de cart\u00edlago. Alivia el dolor, afecta la inflamaci\u00f3n. Disminuye los procesos degenerativos en los discos intervertebrales. Detiene la p\u00e9rdida de cart\u00edlago articular durante el uso a largo plazo.<\/p>\n<p><strong><span style=\"color: #993300;\">Sulfato de condroitina:<\/span><\/strong> se encuentra principalmente en la masa intercelular. Osm\u00f3ticamente retiene agua y aumenta la elasticidad del cart\u00edlago y permite la nutrici\u00f3n. Sin \u00e9l, el <a href=\"https:\/\/es.wikipedia.org\/wiki\/Tejido_cartilaginoso\">cart\u00edlago<\/a> es seco, delgado, quebradizo y atrofiado. Es importante para el tejido donde no hay vasos sangu\u00edneos. Aloe Vera Gel Bebible Freedom Reduce el colesterol, reduce el riesgo de co\u00e1gulos sangu\u00edneos y acumula placa en los <a href=\"https:\/\/www.lraloeverashop.eu\/es\/gel-bebible-aloe-vera-sivera\/\">vasos sangu\u00edneos<\/a>. Tiene un efecto positivo en la cicatrizaci\u00f3n de cicatrices. Funciona preventivamente en algunos tipos de tumores.<\/p>\n<p><strong><span style=\"color: #993300;\">Hidrolizado de col\u00e1geno:<\/span><\/strong> el hidrolizado de col\u00e1geno es un buen medio para prevenir y tratar la artrosis. Se produce por escisi\u00f3n del col\u00e1geno bovino, se absorbe bien y es soluble en agua. La <a href=\"https:\/\/www.lraloeverashop.eu\/es\/producto\/vita-active-frutos-rojos\/\">vitamina C<\/a> proporciona s\u00edntesis de col\u00e1geno.<\/p>\n<p style=\"text-align: center;\"><strong><span style=\"color: #ff0000; font-size: 16px;\">Los resultados de investigaciones recientes han refutado la idea de que el col\u00e1geno no pasar\u00e1 a trav\u00e9s de la pared intestinal y que, por lo tanto, no ingresar\u00e1 a las c\u00e9lulas del cart\u00edlago.<\/span><\/strong><\/p>\n<p>&nbsp;<\/p>\n<p>Hace varios a\u00f1os, se demostr\u00f3 por primera vez experimentalmente que el hidrolizado de col\u00e1geno estimula la bios\u00edntesis de col\u00e1geno tipo II en las c\u00e9lulas del cart\u00edlago. Este avance en ortopedia contempor\u00e1nea fue reportado por el Dr. Ludwig Weh de Berchtesgaden en una conferencia en Munich. Esto puede crear un nuevo tejido de cart\u00edlago que luego previene efectivamente el desgaste de las articulaciones, seg\u00fan lo confirmado por Dr.Weh.<\/p>\n<p>Como nadie puede evitar el desgaste de las articulaciones debido a la edad o el estr\u00e9s, es especialmente importante prevenir la artrosis, como afirma el profesor Wolfgang Pf\u00f6rringer de Munich. Estos incluyen, en primer lugar, la <a href=\"https:\/\/www.lraloeverashop.eu\/es\/producto\/te-de-hierbas-para-adelgazar\/\">reducci\u00f3n de peso<\/a> por dieta y ejercicio f\u00edsico regular.<\/p>\n<p>Seg\u00fan Pf\u00f6rringer, los suplementos diet\u00e9ticos con hidrolizado de col\u00e1geno pueden ser una opci\u00f3n significativa para la prevenci\u00f3n y el tratamiento de la artrosis. Hay una mayor necesidad de col\u00e1geno, especialmente en atletas, en profesiones con alta tensi\u00f3n en las articulaciones, durante la rehabilitaci\u00f3n y durante el crecimiento.<\/p>\n<p>MUDr.Weh se\u00f1al\u00f3 que los pacientes con artritis leve que fueron tratados con hidrolizado de col\u00e1geno confirmaron que despu\u00e9s de cuatro a seis semanas de uso, experimentaron una mayor movilidad de sus articulaciones y <a href=\"https:\/\/www.lraloeverashop.eu\/es\/producto\/aloe-vera-locion-termica-relajante\/\">alivio del dolor<\/a>. En uno de los estudios, que elabor\u00f3 \u200b\u200bcon MUDr. Weh personalmente, las propiedades biomec\u00e1nicas de las articulaciones artr\u00edticas en los dedos de 24 pacientes se probaron en una m\u00e1quina tensora de dedos controlada por computadora. Se ha demostrado que una dosis diaria de 10 gramos de hidrolizado de col\u00e1geno despu\u00e9s de seis semanas aument\u00f3 significativamente la resistencia &#8211; capacidad de carga articular.<\/p>\n<p>&nbsp;<\/p>\n<h2><span style=\"font-size: 16pt;\"><strong>C\u00f3mo utilizar Aloe Vera Gel Bebible Freedom<\/strong><\/span><\/h2>\n<p><strong>Dosis diaria recomendada:<\/strong>\u00a030 ml de Aloe Vera Active Freedom 3 veces al d\u00eda, preferiblemente antes de una comida (puede mezclarlo con agua o jugo de fruta).<\/p>\n<p><strong>Receta recomendada:<\/strong>\u00a0intente agregar Aloe Vera Active Freedom en un vaso de jugo de fruta o m\u00e9zclelo con un batido de frutas y verduras frescas.<br \/>\nAgitar antes de usar. Refrigere despu\u00e9s de abrir y consuma de inmediato. No exceda la dosis diaria recomendada.<\/p>\n<p>Los suplementos diet\u00e9ticos no son sustitutos de una dieta rica y equilibrada, combinada con un estilo de vida saludable.<br \/>\nMantenga el producto fuera del alcance de los ni\u00f1os.<\/p>\n<p>&nbsp;<\/p>\n<p><strong>El Aloe Vera Gel Bebible Freedom no tiene un producto equivalente en el mercado que sea comparable a su calidad o efectos<\/strong><\/p>\n<p>&nbsp;<\/p>\n<h3><strong><span style=\"font-size: 16pt;\">Preguntas m\u00e1s frecuentes<\/span><\/strong><\/h3>\n<p><strong>\u00bfC\u00f3mo podemos aumentar la actividad f\u00edsica en nuestra vida diaria?<\/strong><br \/>\nM\u00e1s est\u00e1n reduciendo su actividad f\u00edsica. Pasamos mucho tiempo en la oficina, manejamos al trabajo, usamos escaleras mec\u00e1nicas o elevadores. Sin embargo, podemos aumentar significativamente nuestra actividad f\u00edsica a diario para mejorar nuestra condici\u00f3n f\u00edsica.<\/p>\n<p>Prefiere caminar o andar en bicicleta para distancias cortas. Si usa el transporte p\u00fablico, puede bajarse en la parada anterior y caminar hasta su destino. Use las escaleras en lugar del elevador y prefiera dar un paseo en lugar de sentarse en el sof\u00e1 y mirar televisi\u00f3n.<\/p>\n<p><strong>\u00bfQu\u00e9 hay en el gel para beber Aloe Vera?<\/strong><br \/>\nLas hojas de Aloe Vera son en su mayor\u00eda carnosas, mientras que fuera de la planta est\u00e1 rodeada por una corteza espesa y verde. El interior de la l\u00e1mina consiste en una capa de pegamento y par\u00e9nquima, que es la capa en la que est\u00e1 presente el gel. Este gel transparente contiene todos los ingredientes valiosos y se utiliza para el Gel para beber.<\/p>\n<p><strong>\u00bfPor qu\u00e9 LR usa solo Aloe Vera Barbadensis Miller para sus geles para beber?<\/strong><br \/>\nAloe Vera Barbadensis Miller El aloe arborescens a menudo se menciona como alo\u00edna, lo que lo hace inadecuado para el consumo. LR utiliza exclusivamente Aloe Vera Barbadensis Miller para la producci\u00f3n de\u00a0productos de Aloe Vera.<\/p>\n<p><strong>\u00bfPuedo cortar una planta de Aloe Vera en casa y tomar el gel?<\/strong><br \/>\nNo se recomienda el consumo de gel puro de hoja de Aloe Vera en forma no procesada. Es necesario que la corteza se separe cuidadosamente del gel interno. El aloe se une debajo de la piel, que es un jugo amarillo que debe eliminarse cuidadosamente antes de su consumo. La extracci\u00f3n del gel de Aloe Vera de la corteza debe llevarse a cabo bajo la supervisi\u00f3n de expertos.<\/p>\n<p>La alo\u00edna es un laxante que puede causar diarrea cuando se consume en grandes cantidades. Esta es la raz\u00f3n por la cual la cantidad de Aloe Vera en los Geles para Beber Aloe Vera de LR est\u00e1 sujeta a controles regulares. Adem\u00e1s, el Aloe Vera tiene un sabor amargo puro. En cualquier caso, es m\u00e1s f\u00e1cil consumir un gel para beber de aloe vera que tiene un gran sabor.<\/p>\n","protected":false},"excerpt":{"rendered":"<ul>\n<li>88% gel de hoja de Aloe Vera pura<\/li>\n<li>Para la prevenci\u00f3n de la artritis<\/li>\n<li>Mejora la funci\u00f3n de las articulaciones<\/li>\n<li>Con vitamina C para apoyar la formaci\u00f3n de col\u00e1geno para la funci\u00f3n normal del cart\u00edlago<\/li>\n<li>Contenido: 1000 ml<\/li>\n<li>Producto fabricado en Alemania<\/li>\n<\/ul>\n<p><span style=\"color: #ff0000;\"><a style=\"color: #ff0000;\" href=\"https:\/\/shop.lrworld.com\/openpao?PHP=0vFlt7jT938BEnBI3a6e9w%3D%3D\"><span style=\"font-size: 14pt;\"><strong>Reg\u00edstrate aqu\u00ed y ahorra 35% en cada compra<\/strong><\/span><\/a><\/span><\/p>\n","protected":false},"featured_media":5303,"comment_status":"open","ping_status":"closed","template":"","meta":{"_kad_blocks_custom_css":"","_kad_blocks_head_custom_js":"","_kad_blocks_body_custom_js":"","_kad_blocks_footer_custom_js":"","_kadence_starter_templates_imported_post":false,"_kad_post_transparent":"default","_kad_post_title":"","_kad_post_layout":"default","_kad_post_sidebar_id":"","_kad_post_content_style":"default","_kad_post_vertical_padding":"default","_kad_post_feature":"","_kad_post_feature_position":"","_kad_post_header":false,"_kad_post_footer":false,"_kad_post_classname":""},"product_brand":[],"product_cat":[403,469,296,421,439],"product_tag":[632,694],"class_list":{"0":"post-10060","1":"product","2":"type-product","3":"status-publish","4":"has-post-thumbnail","6":"product_cat-base-es","7":"product_cat-especialistas","8":"product_cat-geles-para-beber","9":"product_cat-huesos-articulaciones-y-musculos","10":"product_cat-intestinos-y-digestion","11":"product_tag-bebidas-de-desintoxicacion","12":"product_tag-para-dolor-en-las-articulaciones","14":"first","15":"instock","16":"taxable","17":"shipping-taxable","18":"purchasable","19":"product-type-simple","20":"entry","21":"content-bg","22":"loop-entry"},"yoast_head":"<!-- This site is optimized with the Yoast SEO Premium plugin v27.4 (Yoast SEO v27.4) - https:\/\/yoast.com\/product\/yoast-seo-premium-wordpress\/ -->\n<title>Aloe Vera Gel Bebible Freedom - nutrici\u00f3n articular en forma l\u00edquida<\/title>\n<meta name=\"description\" content=\"Aloe Vera Gel Bebible Freedom para la prevenci\u00f3n de artritis. Mejora la funci\u00f3n de las articulaciones. Con vitamina c para apoyar la formaci\u00f3n de col\u00e1geno\" \/>\n<meta name=\"robots\" content=\"index, follow, max-snippet:-1, max-image-preview:large, max-video-preview:-1\" \/>\n<link rel=\"canonical\" href=\"https:\/\/www.lraloeverashop.eu\/es\/producto\/aloe-vera-gel-bebible-freedom\/\" \/>\n<meta property=\"og:locale\" content=\"es_ES\" \/>\n<meta property=\"og:type\" content=\"article\" \/>\n<meta property=\"og:title\" content=\"Aloe Vera Gel Bebible Freedom\" \/>\n<meta property=\"og:description\" content=\"Aloe Vera Gel Bebible Freedom para la prevenci\u00f3n de artritis. Mejora la funci\u00f3n de las articulaciones. Con vitamina c para apoyar la formaci\u00f3n de col\u00e1geno\" \/>\n<meta property=\"og:url\" content=\"https:\/\/www.lraloeverashop.eu\/es\/producto\/aloe-vera-gel-bebible-freedom\/\" \/>\n<meta property=\"og:site_name\" content=\"Lr Tienda Aloe Vera\" \/>\n<meta property=\"article:publisher\" content=\"https:\/\/www.facebook.com\/lraloeverashop.eu\" \/>\n<meta property=\"article:modified_time\" content=\"2026-02-09T04:11:35+00:00\" \/>\n<meta property=\"og:image\" content=\"https:\/\/www.lraloeverashop.eu\/wp-content\/uploads\/2022\/10\/Aloe-Vera-Drinking-Gel-Active-Freedom.jpg\" \/>\n\t<meta property=\"og:image:width\" content=\"1200\" \/>\n\t<meta property=\"og:image:height\" content=\"1200\" \/>\n\t<meta property=\"og:image:type\" content=\"image\/jpeg\" \/>\n<meta name=\"twitter:card\" content=\"summary_large_image\" \/>\n<meta name=\"twitter:site\" content=\"@natur__kosmetik\" \/>\n<script type=\"application\/ld+json\" class=\"yoast-schema-graph\">{\"@context\":\"https:\\\/\\\/schema.org\",\"@graph\":[{\"@type\":[\"WebPage\",\"ItemPage\"],\"@id\":\"https:\\\/\\\/www.lraloeverashop.eu\\\/es\\\/producto\\\/aloe-vera-gel-bebible-freedom\\\/\",\"url\":\"https:\\\/\\\/www.lraloeverashop.eu\\\/es\\\/producto\\\/aloe-vera-gel-bebible-freedom\\\/\",\"name\":\"Aloe Vera Gel Bebible Freedom - nutrici\u00f3n articular en forma l\u00edquida\",\"isPartOf\":{\"@id\":\"https:\\\/\\\/www.lraloeverashop.eu\\\/es\\\/#website\"},\"primaryImageOfPage\":{\"@id\":\"https:\\\/\\\/www.lraloeverashop.eu\\\/es\\\/producto\\\/aloe-vera-gel-bebible-freedom\\\/#primaryimage\"},\"image\":{\"@id\":\"https:\\\/\\\/www.lraloeverashop.eu\\\/es\\\/producto\\\/aloe-vera-gel-bebible-freedom\\\/#primaryimage\"},\"thumbnailUrl\":\"https:\\\/\\\/www.lraloeverashop.eu\\\/wp-content\\\/uploads\\\/2022\\\/10\\\/Aloe-Vera-Drinking-Gel-Active-Freedom.jpg\",\"datePublished\":\"2022-10-11T18:59:08+00:00\",\"dateModified\":\"2026-02-09T04:11:35+00:00\",\"description\":\"Aloe Vera Gel Bebible Freedom para la prevenci\u00f3n de artritis. Mejora la funci\u00f3n de las articulaciones. Con vitamina c para apoyar la formaci\u00f3n de col\u00e1geno\",\"breadcrumb\":{\"@id\":\"https:\\\/\\\/www.lraloeverashop.eu\\\/es\\\/producto\\\/aloe-vera-gel-bebible-freedom\\\/#breadcrumb\"},\"inLanguage\":\"es\",\"potentialAction\":[{\"@type\":\"ReadAction\",\"target\":[\"https:\\\/\\\/www.lraloeverashop.eu\\\/es\\\/producto\\\/aloe-vera-gel-bebible-freedom\\\/\"]}]},{\"@type\":\"ImageObject\",\"inLanguage\":\"es\",\"@id\":\"https:\\\/\\\/www.lraloeverashop.eu\\\/es\\\/producto\\\/aloe-vera-gel-bebible-freedom\\\/#primaryimage\",\"url\":\"https:\\\/\\\/www.lraloeverashop.eu\\\/wp-content\\\/uploads\\\/2022\\\/10\\\/Aloe-Vera-Drinking-Gel-Active-Freedom.jpg\",\"contentUrl\":\"https:\\\/\\\/www.lraloeverashop.eu\\\/wp-content\\\/uploads\\\/2022\\\/10\\\/Aloe-Vera-Drinking-Gel-Active-Freedom.jpg\",\"width\":1200,\"height\":1200,\"caption\":\"Aloe Vera Gel Bebible Freedom con vitamina C para apoyar la formaci\u00f3n de col\u00e1geno para la funci\u00f3n normal del cart\u00edlago\"},{\"@type\":\"BreadcrumbList\",\"@id\":\"https:\\\/\\\/www.lraloeverashop.eu\\\/es\\\/producto\\\/aloe-vera-gel-bebible-freedom\\\/#breadcrumb\",\"itemListElement\":[{\"@type\":\"ListItem\",\"position\":1,\"name\":\"Home\",\"item\":\"https:\\\/\\\/www.lraloeverashop.eu\\\/es\\\/\"},{\"@type\":\"ListItem\",\"position\":2,\"name\":\"Tienda\",\"item\":\"https:\\\/\\\/www.lraloeverashop.eu\\\/es\\\/tienda\\\/\"},{\"@type\":\"ListItem\",\"position\":3,\"name\":\"Aloe Vera Gel Bebible Freedom\"}]},{\"@type\":\"WebSite\",\"@id\":\"https:\\\/\\\/www.lraloeverashop.eu\\\/es\\\/#website\",\"url\":\"https:\\\/\\\/www.lraloeverashop.eu\\\/es\\\/\",\"name\":\"Lr Tienda Aloe Vera\",\"description\":\"High Quality Lr Aloe Vera Gel, Aloe Vera Cream and Shampoo\",\"publisher\":{\"@id\":\"https:\\\/\\\/www.lraloeverashop.eu\\\/es\\\/#organization\"},\"potentialAction\":[{\"@type\":\"SearchAction\",\"target\":{\"@type\":\"EntryPoint\",\"urlTemplate\":\"https:\\\/\\\/www.lraloeverashop.eu\\\/es\\\/?s={search_term_string}\"},\"query-input\":{\"@type\":\"PropertyValueSpecification\",\"valueRequired\":true,\"valueName\":\"search_term_string\"}}],\"inLanguage\":\"es\"},{\"@type\":\"Organization\",\"@id\":\"https:\\\/\\\/www.lraloeverashop.eu\\\/es\\\/#organization\",\"name\":\"Lr Tienda Aloe Vera\",\"alternateName\":\"LR\",\"url\":\"https:\\\/\\\/www.lraloeverashop.eu\\\/es\\\/\",\"logo\":{\"@type\":\"ImageObject\",\"inLanguage\":\"es\",\"@id\":\"https:\\\/\\\/www.lraloeverashop.eu\\\/es\\\/#\\\/schema\\\/logo\\\/image\\\/\",\"url\":\"https:\\\/\\\/www.lraloeverashop.eu\\\/wp-content\\\/uploads\\\/2022\\\/09\\\/cropped-Lr-Aloe-Vera-Shop.jpg\",\"contentUrl\":\"https:\\\/\\\/www.lraloeverashop.eu\\\/wp-content\\\/uploads\\\/2022\\\/09\\\/cropped-Lr-Aloe-Vera-Shop.jpg\",\"width\":228,\"height\":76,\"caption\":\"Lr Tienda Aloe Vera\"},\"image\":{\"@id\":\"https:\\\/\\\/www.lraloeverashop.eu\\\/es\\\/#\\\/schema\\\/logo\\\/image\\\/\"},\"sameAs\":[\"https:\\\/\\\/www.facebook.com\\\/lraloeverashop.eu\",\"https:\\\/\\\/x.com\\\/natur__kosmetik\",\"https:\\\/\\\/www.youtube.com\\\/channel\\\/UC5oN7BJ8nfYb8RpVtjwDEBA\",\"https:\\\/\\\/www.instagram.com\\\/lrbeautyeu\\\/\"],\"description\":\"La tienda Lr Aloe Vera es tu destino de confianza para productos premium de salud y belleza LR, fabricados en Alemania. Ofrecemos soluciones de alta calidad para el cuidado de la piel, nutrici\u00f3n y antienvejecimiento con Aloe Vera, elaboradas con ingredientes puros y respaldadas por investigaci\u00f3n cient\u00edfica. Descubre un cuidado natural que regenera, protege y revitaliza tu piel, y disfruta de ofertas mensuales exclusivas en nuestros productos LR Aloe Vera m\u00e1s vendidos.\\n\\nComienza hoy mismo tu camino hacia el cuidado natural de la piel y siente la diferencia.\",\"email\":\"info@lraloeverashop.eu\",\"telephone\":\"+49 17670609653\",\"legalName\":\"Lr Aloe Vera Shop\",\"foundingDate\":\"2018-04-21\",\"numberOfEmployees\":{\"@type\":\"QuantitativeValue\",\"minValue\":\"1\",\"maxValue\":\"10\"}}]}<\/script>\n<meta property=\"product:price:amount\" content=\"45.79\" \/>\n<meta property=\"product:price:currency\" content=\"EUR\" \/>\n<meta property=\"og:availability\" content=\"instock\" \/>\n<meta property=\"product:availability\" content=\"instock\" \/>\n<meta property=\"product:retailer_item_id\" content=\"80850-480ES\" \/>\n<meta property=\"product:condition\" content=\"new\" \/>\n<!-- \/ Yoast SEO Premium plugin. -->","yoast_head_json":{"title":"Aloe Vera Gel Bebible Freedom - nutrici\u00f3n articular en forma l\u00edquida","description":"Aloe Vera Gel Bebible Freedom para la prevenci\u00f3n de artritis. Mejora la funci\u00f3n de las articulaciones. Con vitamina c para apoyar la formaci\u00f3n de col\u00e1geno","robots":{"index":"index","follow":"follow","max-snippet":"max-snippet:-1","max-image-preview":"max-image-preview:large","max-video-preview":"max-video-preview:-1"},"canonical":"https:\/\/www.lraloeverashop.eu\/es\/producto\/aloe-vera-gel-bebible-freedom\/","og_locale":"es_ES","og_type":"article","og_title":"Aloe Vera Gel Bebible Freedom","og_description":"Aloe Vera Gel Bebible Freedom para la prevenci\u00f3n de artritis. Mejora la funci\u00f3n de las articulaciones. Con vitamina c para apoyar la formaci\u00f3n de col\u00e1geno","og_url":"https:\/\/www.lraloeverashop.eu\/es\/producto\/aloe-vera-gel-bebible-freedom\/","og_site_name":"Lr Tienda Aloe Vera","article_publisher":"https:\/\/www.facebook.com\/lraloeverashop.eu","article_modified_time":"2026-02-09T04:11:35+00:00","og_image":[{"width":1200,"height":1200,"url":"https:\/\/www.lraloeverashop.eu\/wp-content\/uploads\/2022\/10\/Aloe-Vera-Drinking-Gel-Active-Freedom.jpg","type":"image\/jpeg"}],"twitter_card":"summary_large_image","twitter_site":"@natur__kosmetik","schema":{"@context":"https:\/\/schema.org","@graph":[{"@type":["WebPage","ItemPage"],"@id":"https:\/\/www.lraloeverashop.eu\/es\/producto\/aloe-vera-gel-bebible-freedom\/","url":"https:\/\/www.lraloeverashop.eu\/es\/producto\/aloe-vera-gel-bebible-freedom\/","name":"Aloe Vera Gel Bebible Freedom - nutrici\u00f3n articular en forma l\u00edquida","isPartOf":{"@id":"https:\/\/www.lraloeverashop.eu\/es\/#website"},"primaryImageOfPage":{"@id":"https:\/\/www.lraloeverashop.eu\/es\/producto\/aloe-vera-gel-bebible-freedom\/#primaryimage"},"image":{"@id":"https:\/\/www.lraloeverashop.eu\/es\/producto\/aloe-vera-gel-bebible-freedom\/#primaryimage"},"thumbnailUrl":"https:\/\/www.lraloeverashop.eu\/wp-content\/uploads\/2022\/10\/Aloe-Vera-Drinking-Gel-Active-Freedom.jpg","datePublished":"2022-10-11T18:59:08+00:00","dateModified":"2026-02-09T04:11:35+00:00","description":"Aloe Vera Gel Bebible Freedom para la prevenci\u00f3n de artritis. Mejora la funci\u00f3n de las articulaciones. Con vitamina c para apoyar la formaci\u00f3n de col\u00e1geno","breadcrumb":{"@id":"https:\/\/www.lraloeverashop.eu\/es\/producto\/aloe-vera-gel-bebible-freedom\/#breadcrumb"},"inLanguage":"es","potentialAction":[{"@type":"ReadAction","target":["https:\/\/www.lraloeverashop.eu\/es\/producto\/aloe-vera-gel-bebible-freedom\/"]}]},{"@type":"ImageObject","inLanguage":"es","@id":"https:\/\/www.lraloeverashop.eu\/es\/producto\/aloe-vera-gel-bebible-freedom\/#primaryimage","url":"https:\/\/www.lraloeverashop.eu\/wp-content\/uploads\/2022\/10\/Aloe-Vera-Drinking-Gel-Active-Freedom.jpg","contentUrl":"https:\/\/www.lraloeverashop.eu\/wp-content\/uploads\/2022\/10\/Aloe-Vera-Drinking-Gel-Active-Freedom.jpg","width":1200,"height":1200,"caption":"Aloe Vera Gel Bebible Freedom con vitamina C para apoyar la formaci\u00f3n de col\u00e1geno para la funci\u00f3n normal del cart\u00edlago"},{"@type":"BreadcrumbList","@id":"https:\/\/www.lraloeverashop.eu\/es\/producto\/aloe-vera-gel-bebible-freedom\/#breadcrumb","itemListElement":[{"@type":"ListItem","position":1,"name":"Home","item":"https:\/\/www.lraloeverashop.eu\/es\/"},{"@type":"ListItem","position":2,"name":"Tienda","item":"https:\/\/www.lraloeverashop.eu\/es\/tienda\/"},{"@type":"ListItem","position":3,"name":"Aloe Vera Gel Bebible Freedom"}]},{"@type":"WebSite","@id":"https:\/\/www.lraloeverashop.eu\/es\/#website","url":"https:\/\/www.lraloeverashop.eu\/es\/","name":"Lr Tienda Aloe Vera","description":"High Quality Lr Aloe Vera Gel, Aloe Vera Cream and Shampoo","publisher":{"@id":"https:\/\/www.lraloeverashop.eu\/es\/#organization"},"potentialAction":[{"@type":"SearchAction","target":{"@type":"EntryPoint","urlTemplate":"https:\/\/www.lraloeverashop.eu\/es\/?s={search_term_string}"},"query-input":{"@type":"PropertyValueSpecification","valueRequired":true,"valueName":"search_term_string"}}],"inLanguage":"es"},{"@type":"Organization","@id":"https:\/\/www.lraloeverashop.eu\/es\/#organization","name":"Lr Tienda Aloe Vera","alternateName":"LR","url":"https:\/\/www.lraloeverashop.eu\/es\/","logo":{"@type":"ImageObject","inLanguage":"es","@id":"https:\/\/www.lraloeverashop.eu\/es\/#\/schema\/logo\/image\/","url":"https:\/\/www.lraloeverashop.eu\/wp-content\/uploads\/2022\/09\/cropped-Lr-Aloe-Vera-Shop.jpg","contentUrl":"https:\/\/www.lraloeverashop.eu\/wp-content\/uploads\/2022\/09\/cropped-Lr-Aloe-Vera-Shop.jpg","width":228,"height":76,"caption":"Lr Tienda Aloe Vera"},"image":{"@id":"https:\/\/www.lraloeverashop.eu\/es\/#\/schema\/logo\/image\/"},"sameAs":["https:\/\/www.facebook.com\/lraloeverashop.eu","https:\/\/x.com\/natur__kosmetik","https:\/\/www.youtube.com\/channel\/UC5oN7BJ8nfYb8RpVtjwDEBA","https:\/\/www.instagram.com\/lrbeautyeu\/"],"description":"La tienda Lr Aloe Vera es tu destino de confianza para productos premium de salud y belleza LR, fabricados en Alemania. Ofrecemos soluciones de alta calidad para el cuidado de la piel, nutrici\u00f3n y antienvejecimiento con Aloe Vera, elaboradas con ingredientes puros y respaldadas por investigaci\u00f3n cient\u00edfica. Descubre un cuidado natural que regenera, protege y revitaliza tu piel, y disfruta de ofertas mensuales exclusivas en nuestros productos LR Aloe Vera m\u00e1s vendidos.\n\nComienza hoy mismo tu camino hacia el cuidado natural de la piel y siente la diferencia.","email":"info@lraloeverashop.eu","telephone":"+49 17670609653","legalName":"Lr Aloe Vera Shop","foundingDate":"2018-04-21","numberOfEmployees":{"@type":"QuantitativeValue","minValue":"1","maxValue":"10"}}]},"product_price_amount":"45.79","product_price_currency":"EUR","og_availability":"instock","product_availability":"instock","product_retailer_item_id":"80850-480ES","product_condition":"new"},"taxonomy_info":{"product_cat":[{"value":403,"label":"Base"},{"value":469,"label":"Especialistas"},{"value":296,"label":"Geles Para Beber Aloe Vera"},{"value":421,"label":"Huesos, Articulaciones y M\u00fasculos"},{"value":439,"label":"Intestinos y Digesti\u00f3n"}],"product_tag":[{"value":632,"label":"Bebidas de desintoxicaci\u00f3n"},{"value":694,"label":"para dolor en las articulaciones"}]},"featured_image_src_large":["https:\/\/www.lraloeverashop.eu\/wp-content\/uploads\/2022\/10\/Aloe-Vera-Drinking-Gel-Active-Freedom-1024x1024.jpg",1024,1024,true],"author_info":[],"comment_info":0,"_links":{"self":[{"href":"https:\/\/www.lraloeverashop.eu\/es\/wp-json\/wp\/v2\/product\/10060","targetHints":{"allow":["GET"]}}],"collection":[{"href":"https:\/\/www.lraloeverashop.eu\/es\/wp-json\/wp\/v2\/product"}],"about":[{"href":"https:\/\/www.lraloeverashop.eu\/es\/wp-json\/wp\/v2\/types\/product"}],"replies":[{"embeddable":true,"href":"https:\/\/www.lraloeverashop.eu\/es\/wp-json\/wp\/v2\/comments?post=10060"}],"wp:featuredmedia":[{"embeddable":true,"href":"https:\/\/www.lraloeverashop.eu\/es\/wp-json\/wp\/v2\/media\/5303"}],"wp:attachment":[{"href":"https:\/\/www.lraloeverashop.eu\/es\/wp-json\/wp\/v2\/media?parent=10060"}],"wp:term":[{"taxonomy":"product_brand","embeddable":true,"href":"https:\/\/www.lraloeverashop.eu\/es\/wp-json\/wp\/v2\/product_brand?post=10060"},{"taxonomy":"product_cat","embeddable":true,"href":"https:\/\/www.lraloeverashop.eu\/es\/wp-json\/wp\/v2\/product_cat?post=10060"},{"taxonomy":"product_tag","embeddable":true,"href":"https:\/\/www.lraloeverashop.eu\/es\/wp-json\/wp\/v2\/product_tag?post=10060"}],"curies":[{"name":"wp","href":"https:\/\/api.w.org\/{rel}","templated":true}]}}