{"id":6446,"date":"2022-09-22T13:07:14","date_gmt":"2022-09-22T11:07:14","guid":{"rendered":"https:\/\/www.lraloeverashop.eu\/politica-de-devoluciones\/"},"modified":"2024-10-16T07:59:19","modified_gmt":"2024-10-16T05:59:19","slug":"politica-de-devoluciones","status":"publish","type":"page","link":"https:\/\/www.lraloeverashop.eu\/es\/politica-de-devoluciones\/","title":{"rendered":"Pol\u00edtica de devoluciones"},"content":{"rendered":"\n<p class=\"has-medium-font-size\"><strong>NOTA IMPORTANTE<\/strong><\/p>\n\n\n\n<p><strong><mark class=\"has-inline-color\" style=\"background-color: rgba(0, 0, 0, 0); color: #ff0000;\">Nota importante: Seg\u00fan \u00a7 312 g p\u00e1rr. 2 n\u00ba 3 BGB, el derecho de revocaci\u00f3n no se aplica a los contratos de entrega de bienes precintados que no son aptos para la devoluci\u00f3n por razones de salud o higiene si su precinto ha sido retirado despu\u00e9s de la entrega.<\/mark><\/strong><\/p>\n\n\n\n<p>Podr\u00e1 cancelar o devolver su pedido en un plazo de catorce d\u00edas sin necesidad de justificaci\u00f3n. El plazo de desistimiento se contar\u00e1 a los catorce d\u00edas desde la fecha en que usted o un tercero que usted designe, que no sea el transportista, haya tomado posesi\u00f3n del \u00faltimo producto.<\/p>\n\n\n\n<p>Si desea cancelar o devolver su pedido, env\u00edenos un aviso por escrito a Lr Aloe Vera Shop, (Stanislav Rurik) Schillerstr. 8, D-70771 Leinfelden Echterdingen, Alemania, Tel\u00e9fono: +49 176 70 60 96 53, Correo electr\u00f3nico: info@lraloeverashop.eu, antes de que finalice el per\u00edodo de desistimiento.\r\nUna declaraci\u00f3n (por ejemplo, una carta o correo electr\u00f3nico) sobre su decisi\u00f3n de revocar este contrato es suficiente.<\/p>\n\n\n\n<p>Proporcionaremos un reembolso intentando utilizar el mismo m\u00e9todo utilizado para realizar el pago lo antes posible y, a m\u00e1s tardar, dentro de los 14 d\u00edas posteriores a la recepci\u00f3n de su notificaci\u00f3n de cancelaci\u00f3n, siempre que hayamos recibido los art\u00edculos o la prueba de que los haya devuelto. Se puede utilizar otro m\u00e9todo de pago para el reembolso, siempre que acepte dicho cambio; en todo caso esto no generar\u00e1 ning\u00fan cargo adicional. El reembolso que recibir\u00e1s no incluir\u00e1 los gastos de env\u00edo. Solo te reembolsaremos el dinero de los productos que nos hayas comprado.<\/p>\n\n\n\n<p><strong>Para todos los env\u00edos que no puedan ser entregados al Cliente, DHL organiza la devoluci\u00f3n a la direcci\u00f3n del remitente original. No se reembolsar\u00e1 el coste del env\u00edo y se cobrar\u00e1 al Cliente una tasa de devoluci\u00f3n de 4 euros.<\/strong><\/p>\n\n\n\n<p>Esto no ser\u00e1 de aplicaci\u00f3n, si el Cliente ejerce su derecho de desistimiento de manera efectiva, si la entrega no puede realizarse por circunstancias ajenas al Cliente o si se ha visto impedido temporalmente para recibir el servicio ofrecido, a menos que el Vendedor haya notificado al Cliente sobre la servicio con un tiempo razonable de antelaci\u00f3n.<\/p>\n\n\n\n<p>Si el art\u00edculo que ha recibido es defectuoso, notifique a Naturkosmetik &amp; Aloe Vera Beratung de inmediato y devu\u00e9lvalo de acuerdo con la secci\u00f3n Devoluciones a continuaci\u00f3n. Naturkosmetik &amp; Aloe Vera Beratung, por cualquier producto que se considere defectuoso, proporcionar\u00e1 un reembolso completo. Las disposiciones establecidas en este documento no limitan ning\u00fan derecho legal aplicable.<\/p>\n\n\n<style>.wp-block-kadence-advancedheading.kt-adv-heading6446_336a98-3d, .wp-block-kadence-advancedheading.kt-adv-heading6446_336a98-3d[data-kb-block=\"kb-adv-heading6446_336a98-3d\"]{font-size:24px;font-style:normal;}.wp-block-kadence-advancedheading.kt-adv-heading6446_336a98-3d mark.kt-highlight, .wp-block-kadence-advancedheading.kt-adv-heading6446_336a98-3d[data-kb-block=\"kb-adv-heading6446_336a98-3d\"] mark.kt-highlight{font-style:normal;color:#f76a0c;-webkit-box-decoration-break:clone;box-decoration-break:clone;padding-top:0px;padding-right:0px;padding-bottom:0px;padding-left:0px;}.wp-block-kadence-advancedheading.kt-adv-heading6446_336a98-3d img.kb-inline-image, .wp-block-kadence-advancedheading.kt-adv-heading6446_336a98-3d[data-kb-block=\"kb-adv-heading6446_336a98-3d\"] img.kb-inline-image{width:150px;vertical-align:baseline;}<\/style>\n<p class=\"kt-adv-heading6446_336a98-3d wp-block-kadence-advancedheading\" data-kb-block=\"kb-adv-heading6446_336a98-3d\"><strong>DEVOLUCIONES<\/strong><\/p>\n\n\n\n<p>Tienda Aloe Vera garantiza el reembolso completo de los art\u00edculos devueltos de acuerdo con la secci\u00f3n Desistimiento del pedido, siempre que todos los art\u00edculos se devuelvan en las mismas condiciones en que se encontraban en el momento de su recepci\u00f3n. Esto significa que los art\u00edculos no deber\u00edan haber sido desprecintados o los paquetes da\u00f1ados. Podemos rechazar el reembolso hasta que hayamos recibido la mercanc\u00eda.<\/p>\n\n\n\n<p><strong><mark style=\"background-color:rgba(0, 0, 0, 0);color:#ff0000\" class=\"has-inline-color\">Aceptamos devoluciones solo de pa\u00edses de la UE.<\/mark><\/strong><\/p>\n","protected":false},"excerpt":{"rendered":"<p>NOTA IMPORTANTE Nota importante: Seg\u00fan \u00a7 312 g p\u00e1rr. 2 n\u00ba 3 BGB, el derecho de revocaci\u00f3n no se aplica a los contratos de entrega de bienes precintados que no son aptos para la devoluci\u00f3n por razones de salud o higiene si su precinto ha sido retirado despu\u00e9s de la entrega. Podr\u00e1 cancelar o devolver&#8230;<\/p>\n","protected":false},"author":2,"featured_media":0,"parent":0,"menu_order":0,"comment_status":"closed","ping_status":"closed","template":"","meta":{"_kad_blocks_custom_css":"","_kad_blocks_head_custom_js":"","_kad_blocks_body_custom_js":"","_kad_blocks_footer_custom_js":"","_kadence_starter_templates_imported_post":false,"_kad_post_transparent":"","_kad_post_title":"","_kad_post_layout":"","_kad_post_sidebar_id":"","_kad_post_content_style":"","_kad_post_vertical_padding":"","_kad_post_feature":"","_kad_post_feature_position":"","_kad_post_header":false,"_kad_post_footer":false,"_kad_post_classname":"","footnotes":""},"class_list":["post-6446","page","type-page","status-publish","hentry"],"yoast_head":"<!-- This site is optimized with the Yoast SEO Premium plugin v27.4 (Yoast SEO v27.4) - https:\/\/yoast.com\/product\/yoast-seo-premium-wordpress\/ -->\n<title>Pol\u00edtica de devoluciones - Lr Tienda Aloe Vera<\/title>\n<meta name=\"robots\" content=\"index, follow, max-snippet:-1, max-image-preview:large, max-video-preview:-1\" \/>\n<link rel=\"canonical\" href=\"https:\/\/www.lraloeverashop.eu\/es\/politica-de-devoluciones\/\" \/>\n<meta property=\"og:locale\" content=\"es_ES\" \/>\n<meta property=\"og:type\" content=\"article\" \/>\n<meta property=\"og:title\" content=\"Pol\u00edtica de devoluciones\" \/>\n<meta property=\"og:description\" content=\"NOTA IMPORTANTE Nota importante: Seg\u00fan \u00a7 312 g p\u00e1rr. 2 n\u00ba 3 BGB, el derecho de revocaci\u00f3n no se aplica a los contratos de entrega de bienes precintados que no son aptos para la devoluci\u00f3n por razones de salud o higiene si su precinto ha sido retirado despu\u00e9s de la entrega. Podr\u00e1 cancelar o devolver...\" \/>\n<meta property=\"og:url\" content=\"https:\/\/www.lraloeverashop.eu\/es\/politica-de-devoluciones\/\" \/>\n<meta property=\"og:site_name\" content=\"Lr Tienda Aloe Vera\" \/>\n<meta property=\"article:publisher\" content=\"https:\/\/www.facebook.com\/lraloeverashop.eu\" \/>\n<meta property=\"article:modified_time\" content=\"2024-10-16T05:59:19+00:00\" \/>\n<meta property=\"og:image\" content=\"https:\/\/www.lraloeverashop.eu\/wp-content\/uploads\/2022\/10\/Zeitgard-Pro-Skin-Care.jpg\" \/>\n\t<meta property=\"og:image:width\" content=\"1607\" \/>\n\t<meta property=\"og:image:height\" content=\"707\" \/>\n\t<meta property=\"og:image:type\" content=\"image\/jpeg\" \/>\n<meta name=\"twitter:card\" content=\"summary_large_image\" \/>\n<meta name=\"twitter:site\" content=\"@natur__kosmetik\" \/>\n<script type=\"application\/ld+json\" class=\"yoast-schema-graph\">{\"@context\":\"https:\\\/\\\/schema.org\",\"@graph\":[{\"@type\":\"WebPage\",\"@id\":\"https:\\\/\\\/www.lraloeverashop.eu\\\/es\\\/politica-de-devoluciones\\\/\",\"url\":\"https:\\\/\\\/www.lraloeverashop.eu\\\/es\\\/politica-de-devoluciones\\\/\",\"name\":\"Pol\u00edtica de devoluciones - Lr Tienda Aloe Vera\",\"isPartOf\":{\"@id\":\"https:\\\/\\\/www.lraloeverashop.eu\\\/es\\\/#website\"},\"datePublished\":\"2022-09-22T11:07:14+00:00\",\"dateModified\":\"2024-10-16T05:59:19+00:00\",\"breadcrumb\":{\"@id\":\"https:\\\/\\\/www.lraloeverashop.eu\\\/es\\\/politica-de-devoluciones\\\/#breadcrumb\"},\"inLanguage\":\"es\",\"potentialAction\":[{\"@type\":\"ReadAction\",\"target\":[\"https:\\\/\\\/www.lraloeverashop.eu\\\/es\\\/politica-de-devoluciones\\\/\"]}]},{\"@type\":\"BreadcrumbList\",\"@id\":\"https:\\\/\\\/www.lraloeverashop.eu\\\/es\\\/politica-de-devoluciones\\\/#breadcrumb\",\"itemListElement\":[{\"@type\":\"ListItem\",\"position\":1,\"name\":\"Home\",\"item\":\"https:\\\/\\\/www.lraloeverashop.eu\\\/es\\\/\"},{\"@type\":\"ListItem\",\"position\":2,\"name\":\"Pol\u00edtica de devoluciones\"}]},{\"@type\":\"WebSite\",\"@id\":\"https:\\\/\\\/www.lraloeverashop.eu\\\/es\\\/#website\",\"url\":\"https:\\\/\\\/www.lraloeverashop.eu\\\/es\\\/\",\"name\":\"Lr Tienda Aloe Vera\",\"description\":\"High Quality Lr Aloe Vera Gel, Aloe Vera Cream and Shampoo\",\"publisher\":{\"@id\":\"https:\\\/\\\/www.lraloeverashop.eu\\\/es\\\/#organization\"},\"potentialAction\":[{\"@type\":\"SearchAction\",\"target\":{\"@type\":\"EntryPoint\",\"urlTemplate\":\"https:\\\/\\\/www.lraloeverashop.eu\\\/es\\\/?s={search_term_string}\"},\"query-input\":{\"@type\":\"PropertyValueSpecification\",\"valueRequired\":true,\"valueName\":\"search_term_string\"}}],\"inLanguage\":\"es\"},{\"@type\":\"Organization\",\"@id\":\"https:\\\/\\\/www.lraloeverashop.eu\\\/es\\\/#organization\",\"name\":\"Lr Tienda Aloe Vera\",\"alternateName\":\"LR\",\"url\":\"https:\\\/\\\/www.lraloeverashop.eu\\\/es\\\/\",\"logo\":{\"@type\":\"ImageObject\",\"inLanguage\":\"es\",\"@id\":\"https:\\\/\\\/www.lraloeverashop.eu\\\/es\\\/#\\\/schema\\\/logo\\\/image\\\/\",\"url\":\"https:\\\/\\\/www.lraloeverashop.eu\\\/wp-content\\\/uploads\\\/2022\\\/09\\\/cropped-Lr-Aloe-Vera-Shop.jpg\",\"contentUrl\":\"https:\\\/\\\/www.lraloeverashop.eu\\\/wp-content\\\/uploads\\\/2022\\\/09\\\/cropped-Lr-Aloe-Vera-Shop.jpg\",\"width\":228,\"height\":76,\"caption\":\"Lr Tienda Aloe Vera\"},\"image\":{\"@id\":\"https:\\\/\\\/www.lraloeverashop.eu\\\/es\\\/#\\\/schema\\\/logo\\\/image\\\/\"},\"sameAs\":[\"https:\\\/\\\/www.facebook.com\\\/lraloeverashop.eu\",\"https:\\\/\\\/x.com\\\/natur__kosmetik\",\"https:\\\/\\\/www.youtube.com\\\/channel\\\/UC5oN7BJ8nfYb8RpVtjwDEBA\",\"https:\\\/\\\/www.instagram.com\\\/lrbeautyeu\\\/\"],\"description\":\"La tienda Lr Aloe Vera es tu destino de confianza para productos premium de salud y belleza LR, fabricados en Alemania. Ofrecemos soluciones de alta calidad para el cuidado de la piel, nutrici\u00f3n y antienvejecimiento con Aloe Vera, elaboradas con ingredientes puros y respaldadas por investigaci\u00f3n cient\u00edfica. Descubre un cuidado natural que regenera, protege y revitaliza tu piel, y disfruta de ofertas mensuales exclusivas en nuestros productos LR Aloe Vera m\u00e1s vendidos.\\n\\nComienza hoy mismo tu camino hacia el cuidado natural de la piel y siente la diferencia.\",\"email\":\"info@lraloeverashop.eu\",\"telephone\":\"+49 17670609653\",\"legalName\":\"Lr Aloe Vera Shop\",\"foundingDate\":\"2018-04-21\",\"numberOfEmployees\":{\"@type\":\"QuantitativeValue\",\"minValue\":\"1\",\"maxValue\":\"10\"}}]}<\/script>\n<!-- \/ Yoast SEO Premium plugin. -->","yoast_head_json":{"title":"Pol\u00edtica de devoluciones - Lr Tienda Aloe Vera","robots":{"index":"index","follow":"follow","max-snippet":"max-snippet:-1","max-image-preview":"max-image-preview:large","max-video-preview":"max-video-preview:-1"},"canonical":"https:\/\/www.lraloeverashop.eu\/es\/politica-de-devoluciones\/","og_locale":"es_ES","og_type":"article","og_title":"Pol\u00edtica de devoluciones","og_description":"NOTA IMPORTANTE Nota importante: Seg\u00fan \u00a7 312 g p\u00e1rr. 2 n\u00ba 3 BGB, el derecho de revocaci\u00f3n no se aplica a los contratos de entrega de bienes precintados que no son aptos para la devoluci\u00f3n por razones de salud o higiene si su precinto ha sido retirado despu\u00e9s de la entrega. Podr\u00e1 cancelar o devolver...","og_url":"https:\/\/www.lraloeverashop.eu\/es\/politica-de-devoluciones\/","og_site_name":"Lr Tienda Aloe Vera","article_publisher":"https:\/\/www.facebook.com\/lraloeverashop.eu","article_modified_time":"2024-10-16T05:59:19+00:00","og_image":[{"width":1607,"height":707,"url":"https:\/\/www.lraloeverashop.eu\/wp-content\/uploads\/2022\/10\/Zeitgard-Pro-Skin-Care.jpg","type":"image\/jpeg"}],"twitter_card":"summary_large_image","twitter_site":"@natur__kosmetik","schema":{"@context":"https:\/\/schema.org","@graph":[{"@type":"WebPage","@id":"https:\/\/www.lraloeverashop.eu\/es\/politica-de-devoluciones\/","url":"https:\/\/www.lraloeverashop.eu\/es\/politica-de-devoluciones\/","name":"Pol\u00edtica de devoluciones - Lr Tienda Aloe Vera","isPartOf":{"@id":"https:\/\/www.lraloeverashop.eu\/es\/#website"},"datePublished":"2022-09-22T11:07:14+00:00","dateModified":"2024-10-16T05:59:19+00:00","breadcrumb":{"@id":"https:\/\/www.lraloeverashop.eu\/es\/politica-de-devoluciones\/#breadcrumb"},"inLanguage":"es","potentialAction":[{"@type":"ReadAction","target":["https:\/\/www.lraloeverashop.eu\/es\/politica-de-devoluciones\/"]}]},{"@type":"BreadcrumbList","@id":"https:\/\/www.lraloeverashop.eu\/es\/politica-de-devoluciones\/#breadcrumb","itemListElement":[{"@type":"ListItem","position":1,"name":"Home","item":"https:\/\/www.lraloeverashop.eu\/es\/"},{"@type":"ListItem","position":2,"name":"Pol\u00edtica de devoluciones"}]},{"@type":"WebSite","@id":"https:\/\/www.lraloeverashop.eu\/es\/#website","url":"https:\/\/www.lraloeverashop.eu\/es\/","name":"Lr Tienda Aloe Vera","description":"High Quality Lr Aloe Vera Gel, Aloe Vera Cream and Shampoo","publisher":{"@id":"https:\/\/www.lraloeverashop.eu\/es\/#organization"},"potentialAction":[{"@type":"SearchAction","target":{"@type":"EntryPoint","urlTemplate":"https:\/\/www.lraloeverashop.eu\/es\/?s={search_term_string}"},"query-input":{"@type":"PropertyValueSpecification","valueRequired":true,"valueName":"search_term_string"}}],"inLanguage":"es"},{"@type":"Organization","@id":"https:\/\/www.lraloeverashop.eu\/es\/#organization","name":"Lr Tienda Aloe Vera","alternateName":"LR","url":"https:\/\/www.lraloeverashop.eu\/es\/","logo":{"@type":"ImageObject","inLanguage":"es","@id":"https:\/\/www.lraloeverashop.eu\/es\/#\/schema\/logo\/image\/","url":"https:\/\/www.lraloeverashop.eu\/wp-content\/uploads\/2022\/09\/cropped-Lr-Aloe-Vera-Shop.jpg","contentUrl":"https:\/\/www.lraloeverashop.eu\/wp-content\/uploads\/2022\/09\/cropped-Lr-Aloe-Vera-Shop.jpg","width":228,"height":76,"caption":"Lr Tienda Aloe Vera"},"image":{"@id":"https:\/\/www.lraloeverashop.eu\/es\/#\/schema\/logo\/image\/"},"sameAs":["https:\/\/www.facebook.com\/lraloeverashop.eu","https:\/\/x.com\/natur__kosmetik","https:\/\/www.youtube.com\/channel\/UC5oN7BJ8nfYb8RpVtjwDEBA","https:\/\/www.instagram.com\/lrbeautyeu\/"],"description":"La tienda Lr Aloe Vera es tu destino de confianza para productos premium de salud y belleza LR, fabricados en Alemania. Ofrecemos soluciones de alta calidad para el cuidado de la piel, nutrici\u00f3n y antienvejecimiento con Aloe Vera, elaboradas con ingredientes puros y respaldadas por investigaci\u00f3n cient\u00edfica. Descubre un cuidado natural que regenera, protege y revitaliza tu piel, y disfruta de ofertas mensuales exclusivas en nuestros productos LR Aloe Vera m\u00e1s vendidos.\n\nComienza hoy mismo tu camino hacia el cuidado natural de la piel y siente la diferencia.","email":"info@lraloeverashop.eu","telephone":"+49 17670609653","legalName":"Lr Aloe Vera Shop","foundingDate":"2018-04-21","numberOfEmployees":{"@type":"QuantitativeValue","minValue":"1","maxValue":"10"}}]}},"taxonomy_info":[],"featured_image_src_large":false,"author_info":{"display_name":"Stanislav Rurik","author_link":"https:\/\/www.lraloeverashop.eu\/es\/author\/admin_stanislavrurik\/"},"comment_info":0,"_links":{"self":[{"href":"https:\/\/www.lraloeverashop.eu\/es\/wp-json\/wp\/v2\/pages\/6446","targetHints":{"allow":["GET"]}}],"collection":[{"href":"https:\/\/www.lraloeverashop.eu\/es\/wp-json\/wp\/v2\/pages"}],"about":[{"href":"https:\/\/www.lraloeverashop.eu\/es\/wp-json\/wp\/v2\/types\/page"}],"author":[{"embeddable":true,"href":"https:\/\/www.lraloeverashop.eu\/es\/wp-json\/wp\/v2\/users\/2"}],"replies":[{"embeddable":true,"href":"https:\/\/www.lraloeverashop.eu\/es\/wp-json\/wp\/v2\/comments?post=6446"}],"version-history":[{"count":0,"href":"https:\/\/www.lraloeverashop.eu\/es\/wp-json\/wp\/v2\/pages\/6446\/revisions"}],"wp:attachment":[{"href":"https:\/\/www.lraloeverashop.eu\/es\/wp-json\/wp\/v2\/media?parent=6446"}],"curies":[{"name":"wp","href":"https:\/\/api.w.org\/{rel}","templated":true}]}}