{"id":6396,"date":"2022-09-22T13:14:57","date_gmt":"2022-09-22T11:14:57","guid":{"rendered":"https:\/\/www.lraloeverashop.eu\/descargo-de-responsabilidad-de-informacion-medica\/"},"modified":"2024-12-07T13:47:09","modified_gmt":"2024-12-07T12:47:09","slug":"descargo-de-responsabilidad-medica","status":"publish","type":"page","link":"https:\/\/www.lraloeverashop.eu\/es\/descargo-de-responsabilidad-medica\/","title":{"rendered":"DESCARGO DE RESPONSABILIDAD DE INFORMACI\u00d3N M\u00c9DICA"},"content":{"rendered":"\n<p class=\"has-medium-font-size\"><strong><mark style=\"background-color:rgba(0, 0, 0, 0)\" class=\"has-inline-color has-theme-palette-3-color\">1<strong>)\u00a0<\/strong>SIN CONSEJOS<\/mark><\/strong><\/p>\n\n<p>1.1 Nuestro sitio web contiene informaci\u00f3n m\u00e9dica general.<br\/>1.2 La informaci\u00f3n m\u00e9dica no es un consejo y no debe tratarse como tal.<\/p>\n\n<p class=\"has-medium-font-size\"><strong><mark style=\"background-color:rgba(0, 0, 0, 0)\" class=\"has-inline-color has-theme-palette-3-color\">2<strong>)\u00a0<\/strong>SIN GARANT\u00cdAS<\/mark><\/strong><\/p>\n\n<p>2.1 La informaci\u00f3n m\u00e9dica en nuestro sitio web se proporciona sin ninguna representaci\u00f3n o garant\u00eda, expresa o impl\u00edcita.<br\/>2.2 Sin limitar el alcance de la Secci\u00f3n 2.1, no garantizamos ni declaramos que la informaci\u00f3n m\u00e9dica en este sitio web:<\/p>\n\n<p>(a) estar\u00e1 constantemente disponible, o disponible en absoluto; O<\/p>\n\n<p>(b) sea verdadera, precisa, completa, actual o no enga\u00f1osa.<\/p>\n\n<p class=\"has-medium-font-size\"><strong><mark style=\"background-color:rgba(0, 0, 0, 0)\" class=\"has-inline-color has-theme-palette-3-color\">3<strong>)\u00a0<\/strong>ASISTENCIA M\u00c9DICA<\/mark><\/strong><\/p>\n\n<p>3.1 No debe confiar en la informaci\u00f3n de nuestro sitio web como alternativa al asesoramiento m\u00e9dico de su m\u00e9dico u otro proveedor de atenci\u00f3n m\u00e9dica profesional.<br\/>3.2 Si tiene alguna pregunta espec\u00edfica sobre cualquier asunto m\u00e9dico, debe consultar a su m\u00e9dico u otro proveedor de atenci\u00f3n m\u00e9dica profesional.<br\/>3.3 Si cree que puede estar sufriendo de alguna condici\u00f3n m\u00e9dica, debe buscar atenci\u00f3n m\u00e9dica inmediata.<br\/>3.4 Nunca debe demorar se desafiando a buscar consejo m\u00e9dico, ignorar el consejo m\u00e9dico o interrumpir el tratamiento m\u00e9dico debido a la informaci\u00f3n en nuestro sitio web.<\/p>\n\n<p class=\"has-medium-font-size\"><strong><mark style=\"background-color:rgba(0, 0, 0, 0)\" class=\"has-inline-color has-theme-palette-3-color\">4<strong>)\u00a0<\/strong> FUNCIONES INTERACTIVAS<\/mark><\/strong><\/p>\n\n<p>4.1 Nuestro sitio web incluye funciones interactivas que permiten a los usuarios comunicarse con nosotros.<br\/>4.2 Usted reconoce que, debido a la naturaleza limitada de la comunicaci\u00f3n a trav\u00e9s de las funciones interactivas de nuestro sitio web, cualquier asistencia que pueda recibir utilizando dichas caracter\u00edsticas es probable que sea incompleta e incluso puede ser enga\u00f1osa.<br\/>4.3 Cualquier asistencia que pueda recibir utilizando las funciones interactivas de nuestro sitio web no constituye un consejo espec\u00edfico y, en consecuencia, no debe confiarse sin m\u00e1s confirmaci\u00f3n independiente.<\/p>\n\n<p class=\"has-medium-font-size\"><strong><mark style=\"background-color:rgba(0, 0, 0, 0)\" class=\"has-inline-color has-theme-palette-3-color\">5<strong>)\u00a0<\/strong>L\u00cdMITES A LAS EXCLUSIONES DE RESPONSABILIDAD<\/mark><\/strong><\/p>\n\n<p>5.1 Nada en este descargo de responsabilidad:<\/p>\n\n<p>(a) limitar o excluir cualquier responsabilidad por muerte o lesiones personales resultantes de negligencia;<\/p>\n\n<p>(b) limitar o excluir cualquier responsabilidad por fraude o tergiversaci\u00f3n fraudulenta;<\/p>\n\n<p>(c) limitar cualquier responsabilidad de cualquier manera que no est\u00e9 permitida por la ley aplicable; O<\/p>\n\n<p>(d) excluir cualquier responsabilidad que no pueda ser excluida en virtud de la legislaci\u00f3n aplicable.<\/p>\n","protected":false},"excerpt":{"rendered":"<p>1)\u00a0SIN CONSEJOS 1.1 Nuestro sitio web contiene informaci\u00f3n m\u00e9dica general.1.2 La informaci\u00f3n m\u00e9dica no es un consejo y no debe tratarse como tal. 2)\u00a0SIN GARANT\u00cdAS 2.1 La informaci\u00f3n m\u00e9dica en nuestro sitio web se proporciona sin ninguna representaci\u00f3n o garant\u00eda, expresa o impl\u00edcita.2.2 Sin limitar el alcance de la Secci\u00f3n 2.1, no garantizamos ni declaramos&#8230;<\/p>\n","protected":false},"author":2,"featured_media":0,"parent":0,"menu_order":0,"comment_status":"closed","ping_status":"closed","template":"","meta":{"_kad_blocks_custom_css":"","_kad_blocks_head_custom_js":"","_kad_blocks_body_custom_js":"","_kad_blocks_footer_custom_js":"","_kadence_starter_templates_imported_post":false,"_kad_post_transparent":"","_kad_post_title":"","_kad_post_layout":"","_kad_post_sidebar_id":"","_kad_post_content_style":"","_kad_post_vertical_padding":"","_kad_post_feature":"","_kad_post_feature_position":"","_kad_post_header":false,"_kad_post_footer":false,"_kad_post_classname":"","footnotes":""},"class_list":["post-6396","page","type-page","status-publish","hentry"],"yoast_head":"<!-- This site is optimized with the Yoast SEO Premium plugin v27.4 (Yoast SEO v27.4) - https:\/\/yoast.com\/product\/yoast-seo-premium-wordpress\/ -->\n<title>Descargo de Responsabilidad de Informaci\u00f3n M\u00e9dica<\/title>\n<meta name=\"description\" content=\"Descargo de responsabilidad m\u00e9dica Contiene informaci\u00f3n general. Si tiene alguna pregunta espec\u00edfica debe consultar a su m\u00e9dico\" \/>\n<meta name=\"robots\" content=\"index, follow, max-snippet:-1, max-image-preview:large, max-video-preview:-1\" \/>\n<link rel=\"canonical\" href=\"https:\/\/www.lraloeverashop.eu\/es\/descargo-de-responsabilidad-medica\/\" \/>\n<meta property=\"og:locale\" content=\"es_ES\" \/>\n<meta property=\"og:type\" content=\"article\" \/>\n<meta property=\"og:title\" content=\"DESCARGO DE RESPONSABILIDAD DE INFORMACI\u00d3N M\u00c9DICA\" \/>\n<meta property=\"og:description\" content=\"Descargo de responsabilidad m\u00e9dica Contiene informaci\u00f3n general. Si tiene alguna pregunta espec\u00edfica debe consultar a su m\u00e9dico\" \/>\n<meta property=\"og:url\" content=\"https:\/\/www.lraloeverashop.eu\/es\/descargo-de-responsabilidad-medica\/\" \/>\n<meta property=\"og:site_name\" content=\"Lr Tienda Aloe Vera\" \/>\n<meta property=\"article:publisher\" content=\"https:\/\/www.facebook.com\/lraloeverashop.eu\" \/>\n<meta property=\"article:modified_time\" content=\"2024-12-07T12:47:09+00:00\" \/>\n<meta property=\"og:image\" content=\"https:\/\/www.lraloeverashop.eu\/wp-content\/uploads\/2022\/10\/Zeitgard-Pro-Skin-Care.jpg\" \/>\n\t<meta property=\"og:image:width\" content=\"1607\" \/>\n\t<meta property=\"og:image:height\" content=\"707\" \/>\n\t<meta property=\"og:image:type\" content=\"image\/jpeg\" \/>\n<meta name=\"twitter:card\" content=\"summary_large_image\" \/>\n<meta name=\"twitter:site\" content=\"@natur__kosmetik\" \/>\n<script type=\"application\/ld+json\" class=\"yoast-schema-graph\">{\"@context\":\"https:\\\/\\\/schema.org\",\"@graph\":[{\"@type\":\"WebPage\",\"@id\":\"https:\\\/\\\/www.lraloeverashop.eu\\\/es\\\/descargo-de-responsabilidad-medica\\\/\",\"url\":\"https:\\\/\\\/www.lraloeverashop.eu\\\/es\\\/descargo-de-responsabilidad-medica\\\/\",\"name\":\"Descargo de Responsabilidad de Informaci\u00f3n M\u00e9dica\",\"isPartOf\":{\"@id\":\"https:\\\/\\\/www.lraloeverashop.eu\\\/es\\\/#website\"},\"datePublished\":\"2022-09-22T11:14:57+00:00\",\"dateModified\":\"2024-12-07T12:47:09+00:00\",\"description\":\"Descargo de responsabilidad m\u00e9dica Contiene informaci\u00f3n general. Si tiene alguna pregunta espec\u00edfica debe consultar a su m\u00e9dico\",\"breadcrumb\":{\"@id\":\"https:\\\/\\\/www.lraloeverashop.eu\\\/es\\\/descargo-de-responsabilidad-medica\\\/#breadcrumb\"},\"inLanguage\":\"es\",\"potentialAction\":[{\"@type\":\"ReadAction\",\"target\":[\"https:\\\/\\\/www.lraloeverashop.eu\\\/es\\\/descargo-de-responsabilidad-medica\\\/\"]}]},{\"@type\":\"BreadcrumbList\",\"@id\":\"https:\\\/\\\/www.lraloeverashop.eu\\\/es\\\/descargo-de-responsabilidad-medica\\\/#breadcrumb\",\"itemListElement\":[{\"@type\":\"ListItem\",\"position\":1,\"name\":\"Home\",\"item\":\"https:\\\/\\\/www.lraloeverashop.eu\\\/es\\\/\"},{\"@type\":\"ListItem\",\"position\":2,\"name\":\"DESCARGO DE RESPONSABILIDAD DE INFORMACI\u00d3N M\u00c9DICA\"}]},{\"@type\":\"WebSite\",\"@id\":\"https:\\\/\\\/www.lraloeverashop.eu\\\/es\\\/#website\",\"url\":\"https:\\\/\\\/www.lraloeverashop.eu\\\/es\\\/\",\"name\":\"Lr Tienda Aloe Vera\",\"description\":\"High Quality Lr Aloe Vera Gel, Aloe Vera Cream and Shampoo\",\"publisher\":{\"@id\":\"https:\\\/\\\/www.lraloeverashop.eu\\\/es\\\/#organization\"},\"alternateName\":\"LR\",\"potentialAction\":[{\"@type\":\"SearchAction\",\"target\":{\"@type\":\"EntryPoint\",\"urlTemplate\":\"https:\\\/\\\/www.lraloeverashop.eu\\\/es\\\/?s={search_term_string}\"},\"query-input\":{\"@type\":\"PropertyValueSpecification\",\"valueRequired\":true,\"valueName\":\"search_term_string\"}}],\"inLanguage\":\"es\"},{\"@type\":\"Organization\",\"@id\":\"https:\\\/\\\/www.lraloeverashop.eu\\\/es\\\/#organization\",\"name\":\"Lr Tienda Aloe Vera\",\"alternateName\":\"LR\",\"url\":\"https:\\\/\\\/www.lraloeverashop.eu\\\/es\\\/\",\"logo\":{\"@type\":\"ImageObject\",\"inLanguage\":\"es\",\"@id\":\"https:\\\/\\\/www.lraloeverashop.eu\\\/es\\\/#\\\/schema\\\/logo\\\/image\\\/\",\"url\":\"https:\\\/\\\/www.lraloeverashop.eu\\\/wp-content\\\/uploads\\\/2022\\\/09\\\/cropped-Lr-Aloe-Vera-Shop.jpg\",\"contentUrl\":\"https:\\\/\\\/www.lraloeverashop.eu\\\/wp-content\\\/uploads\\\/2022\\\/09\\\/cropped-Lr-Aloe-Vera-Shop.jpg\",\"width\":228,\"height\":76,\"caption\":\"Lr Tienda Aloe Vera\"},\"image\":{\"@id\":\"https:\\\/\\\/www.lraloeverashop.eu\\\/es\\\/#\\\/schema\\\/logo\\\/image\\\/\"},\"sameAs\":[\"https:\\\/\\\/www.facebook.com\\\/lraloeverashop.eu\",\"https:\\\/\\\/x.com\\\/natur__kosmetik\",\"https:\\\/\\\/www.youtube.com\\\/channel\\\/UC5oN7BJ8nfYb8RpVtjwDEBA\",\"https:\\\/\\\/www.instagram.com\\\/lrbeautyeu\\\/\"],\"description\":\"La tienda Lr Aloe Vera es tu destino de confianza para productos premium de salud y belleza LR, fabricados en Alemania. Ofrecemos soluciones de alta calidad para el cuidado de la piel, nutrici\u00f3n y antienvejecimiento con Aloe Vera, elaboradas con ingredientes puros y respaldadas por investigaci\u00f3n cient\u00edfica. Descubre un cuidado natural que regenera, protege y revitaliza tu piel, y disfruta de ofertas mensuales exclusivas en nuestros productos LR Aloe Vera m\u00e1s vendidos.\\n\\nComienza hoy mismo tu camino hacia el cuidado natural de la piel y siente la diferencia.\",\"email\":\"info@lraloeverashop.eu\",\"telephone\":\"+49 17670609653\",\"legalName\":\"Lr Aloe Vera Shop\",\"foundingDate\":\"2018-04-21\",\"numberOfEmployees\":{\"@type\":\"QuantitativeValue\",\"minValue\":\"1\",\"maxValue\":\"10\"}}]}<\/script>\n<!-- \/ Yoast SEO Premium plugin. -->","yoast_head_json":{"title":"Descargo de Responsabilidad de Informaci\u00f3n M\u00e9dica","description":"Descargo de responsabilidad m\u00e9dica Contiene informaci\u00f3n general. Si tiene alguna pregunta espec\u00edfica debe consultar a su m\u00e9dico","robots":{"index":"index","follow":"follow","max-snippet":"max-snippet:-1","max-image-preview":"max-image-preview:large","max-video-preview":"max-video-preview:-1"},"canonical":"https:\/\/www.lraloeverashop.eu\/es\/descargo-de-responsabilidad-medica\/","og_locale":"es_ES","og_type":"article","og_title":"DESCARGO DE RESPONSABILIDAD DE INFORMACI\u00d3N M\u00c9DICA","og_description":"Descargo de responsabilidad m\u00e9dica Contiene informaci\u00f3n general. Si tiene alguna pregunta espec\u00edfica debe consultar a su m\u00e9dico","og_url":"https:\/\/www.lraloeverashop.eu\/es\/descargo-de-responsabilidad-medica\/","og_site_name":"Lr Tienda Aloe Vera","article_publisher":"https:\/\/www.facebook.com\/lraloeverashop.eu","article_modified_time":"2024-12-07T12:47:09+00:00","og_image":[{"width":1607,"height":707,"url":"https:\/\/www.lraloeverashop.eu\/wp-content\/uploads\/2022\/10\/Zeitgard-Pro-Skin-Care.jpg","type":"image\/jpeg"}],"twitter_card":"summary_large_image","twitter_site":"@natur__kosmetik","schema":{"@context":"https:\/\/schema.org","@graph":[{"@type":"WebPage","@id":"https:\/\/www.lraloeverashop.eu\/es\/descargo-de-responsabilidad-medica\/","url":"https:\/\/www.lraloeverashop.eu\/es\/descargo-de-responsabilidad-medica\/","name":"Descargo de Responsabilidad de Informaci\u00f3n M\u00e9dica","isPartOf":{"@id":"https:\/\/www.lraloeverashop.eu\/es\/#website"},"datePublished":"2022-09-22T11:14:57+00:00","dateModified":"2024-12-07T12:47:09+00:00","description":"Descargo de responsabilidad m\u00e9dica Contiene informaci\u00f3n general. Si tiene alguna pregunta espec\u00edfica debe consultar a su m\u00e9dico","breadcrumb":{"@id":"https:\/\/www.lraloeverashop.eu\/es\/descargo-de-responsabilidad-medica\/#breadcrumb"},"inLanguage":"es","potentialAction":[{"@type":"ReadAction","target":["https:\/\/www.lraloeverashop.eu\/es\/descargo-de-responsabilidad-medica\/"]}]},{"@type":"BreadcrumbList","@id":"https:\/\/www.lraloeverashop.eu\/es\/descargo-de-responsabilidad-medica\/#breadcrumb","itemListElement":[{"@type":"ListItem","position":1,"name":"Home","item":"https:\/\/www.lraloeverashop.eu\/es\/"},{"@type":"ListItem","position":2,"name":"DESCARGO DE RESPONSABILIDAD DE INFORMACI\u00d3N M\u00c9DICA"}]},{"@type":"WebSite","@id":"https:\/\/www.lraloeverashop.eu\/es\/#website","url":"https:\/\/www.lraloeverashop.eu\/es\/","name":"Lr Tienda Aloe Vera","description":"High Quality Lr Aloe Vera Gel, Aloe Vera Cream and Shampoo","publisher":{"@id":"https:\/\/www.lraloeverashop.eu\/es\/#organization"},"alternateName":"LR","potentialAction":[{"@type":"SearchAction","target":{"@type":"EntryPoint","urlTemplate":"https:\/\/www.lraloeverashop.eu\/es\/?s={search_term_string}"},"query-input":{"@type":"PropertyValueSpecification","valueRequired":true,"valueName":"search_term_string"}}],"inLanguage":"es"},{"@type":"Organization","@id":"https:\/\/www.lraloeverashop.eu\/es\/#organization","name":"Lr Tienda Aloe Vera","alternateName":"LR","url":"https:\/\/www.lraloeverashop.eu\/es\/","logo":{"@type":"ImageObject","inLanguage":"es","@id":"https:\/\/www.lraloeverashop.eu\/es\/#\/schema\/logo\/image\/","url":"https:\/\/www.lraloeverashop.eu\/wp-content\/uploads\/2022\/09\/cropped-Lr-Aloe-Vera-Shop.jpg","contentUrl":"https:\/\/www.lraloeverashop.eu\/wp-content\/uploads\/2022\/09\/cropped-Lr-Aloe-Vera-Shop.jpg","width":228,"height":76,"caption":"Lr Tienda Aloe Vera"},"image":{"@id":"https:\/\/www.lraloeverashop.eu\/es\/#\/schema\/logo\/image\/"},"sameAs":["https:\/\/www.facebook.com\/lraloeverashop.eu","https:\/\/x.com\/natur__kosmetik","https:\/\/www.youtube.com\/channel\/UC5oN7BJ8nfYb8RpVtjwDEBA","https:\/\/www.instagram.com\/lrbeautyeu\/"],"description":"La tienda Lr Aloe Vera es tu destino de confianza para productos premium de salud y belleza LR, fabricados en Alemania. Ofrecemos soluciones de alta calidad para el cuidado de la piel, nutrici\u00f3n y antienvejecimiento con Aloe Vera, elaboradas con ingredientes puros y respaldadas por investigaci\u00f3n cient\u00edfica. Descubre un cuidado natural que regenera, protege y revitaliza tu piel, y disfruta de ofertas mensuales exclusivas en nuestros productos LR Aloe Vera m\u00e1s vendidos.\n\nComienza hoy mismo tu camino hacia el cuidado natural de la piel y siente la diferencia.","email":"info@lraloeverashop.eu","telephone":"+49 17670609653","legalName":"Lr Aloe Vera Shop","foundingDate":"2018-04-21","numberOfEmployees":{"@type":"QuantitativeValue","minValue":"1","maxValue":"10"}}]}},"taxonomy_info":[],"featured_image_src_large":false,"author_info":{"display_name":"Stanislav Rurik","author_link":"https:\/\/www.lraloeverashop.eu\/es\/author\/admin_stanislavrurik\/"},"comment_info":0,"_links":{"self":[{"href":"https:\/\/www.lraloeverashop.eu\/es\/wp-json\/wp\/v2\/pages\/6396","targetHints":{"allow":["GET"]}}],"collection":[{"href":"https:\/\/www.lraloeverashop.eu\/es\/wp-json\/wp\/v2\/pages"}],"about":[{"href":"https:\/\/www.lraloeverashop.eu\/es\/wp-json\/wp\/v2\/types\/page"}],"author":[{"embeddable":true,"href":"https:\/\/www.lraloeverashop.eu\/es\/wp-json\/wp\/v2\/users\/2"}],"replies":[{"embeddable":true,"href":"https:\/\/www.lraloeverashop.eu\/es\/wp-json\/wp\/v2\/comments?post=6396"}],"version-history":[{"count":0,"href":"https:\/\/www.lraloeverashop.eu\/es\/wp-json\/wp\/v2\/pages\/6396\/revisions"}],"wp:attachment":[{"href":"https:\/\/www.lraloeverashop.eu\/es\/wp-json\/wp\/v2\/media?parent=6396"}],"curies":[{"name":"wp","href":"https:\/\/api.w.org\/{rel}","templated":true}]}}