{"id":9978,"date":"2022-10-12T10:36:32","date_gmt":"2022-10-12T08:36:32","guid":{"rendered":"https:\/\/www.lraloeverashop.eu\/product\/lr-colostrum-6er-set\/"},"modified":"2026-02-03T18:45:15","modified_gmt":"2026-02-03T17:45:15","slug":"lr-colostrum-6er-set","status":"publish","type":"product","link":"https:\/\/www.lraloeverashop.eu\/de\/produkt\/lr-colostrum-6er-set\/","title":{"rendered":"Colostrum Fl\u00fcssig 6er Set"},"content":{"rendered":"<h2><span style=\"font-size: 16pt;\"><strong>Colostrum Fl\u00fcssig 6er Set<\/strong><\/span><\/h2>\n<p><span style=\"font-size: 14pt;\"><strong>Colostrum Fl\u00fcssig 6er Set &#8211; hochwertiges Premiumprodukt<\/strong><\/span><\/p>\n<p>Colostrum Fl\u00fcssig 6er Set ist ein hochwertiges Premiumprodukt auf <a href=\"https:\/\/www.lraloeverashop.eu\/de\/produkt\/colostrum-direkt-flussig-set\/\">Kolostrumbasis<\/a>, das nur das Beste aus erster Milch enth\u00e4lt. Es besteht ausschlie\u00dflich aus Kolostrum, der ersten Muttermilch nach der Geburt eines Kuhkalbes.<\/p>\n<p>In einem einzigartigen Verfahren wird der nat\u00fcrliche Rohstoff von LR nur entkoffeiniert und entfettet und nicht pasteurisiert. Dies bewahrt die empfindlichen Inhaltsstoffe w\u00e4hrend des gesamten Herstellungsprozesses.<\/p>\n<p><strong>Dar\u00fcber hinaus ist Kolostrum Liquid frei von Antibiotikar\u00fcckst\u00e4nden und anabol-androgenen Steroiden.<\/strong><\/p>\n<p>Lr Colostrum Fl\u00fcssig 6er Set enth\u00e4lt keine Zusatzstoffe, Farbstoffe oder Konservierungsstoffe und wird in Deutschland hergestellt. F\u00fcr die Produktion verwendet LR nur \u00fcbersch\u00fcssiges Kolostrum von europ\u00e4ischen K\u00fchen, das im Voraus ausgiebig getestet wurde.<\/p>\n<p>Die einwandfreie Qualit\u00e4t der <a href=\"https:\/\/www.lraloeverashop.eu\/de\/produkt-kategorie\/spezielle-produkte\/kolostrum\/\">Lr Colostrum Produkte<\/a> wird durch permanente Kontrollen sichergestellt &#8211; und durch das INSTITUTE FRESENIUS G\u00fctesiegel, eines der h\u00e4rtesten unabh\u00e4ngigen G\u00fctesiegel auf dem Markt, best\u00e4tigt.<\/p>\n<p><img loading=\"lazy\" decoding=\"async\" class=\"aligncenter size-full wp-image-9984\" src=\"https:\/\/www.lraloeverashop.eu\/wp-content\/uploads\/2023\/01\/Colostrum-from-Lr.jpg\" alt=\"Colostrum from Lr in the best quality\" width=\"637\" height=\"347\" srcset=\"https:\/\/www.lraloeverashop.eu\/wp-content\/uploads\/2023\/01\/Colostrum-from-Lr.jpg 637w, https:\/\/www.lraloeverashop.eu\/wp-content\/uploads\/2023\/01\/Colostrum-from-Lr-600x327.jpg 600w, https:\/\/www.lraloeverashop.eu\/wp-content\/uploads\/2023\/01\/Colostrum-from-Lr-300x163.jpg 300w\" sizes=\"auto, (max-width: 637px) 100vw, 637px\" \/><\/p>\n<h2><strong><span style=\"font-size: 16pt;\"><strong>Wie benutzt man Colostrum Fl\u00fcssig 6er Set<\/strong><\/span><\/strong><\/h2>\n<p>Einmal t\u00e4glich 8 ml Lr Colostrum Fl\u00fcssig pur oder mit kaltem Fruchtsaft. Nicht mit hei\u00dfen Getr\u00e4nken mischen.<\/p>\n<p>Stellen Sie sicher, dass Sie eine abwechslungsreiche und ausgewogene Ern\u00e4hrung sowie einen gesunden Lebensstil haben.<\/p>\n<p>Nach dem \u00d6ffnen an einem k\u00fchlen und dunklen Ort oder K\u00fchlschrank aufbewahren.<\/p>\n<p>&nbsp;<\/p>\n<h3><strong><span style=\"font-size: 16pt;\">Wussten Sie schon?<\/span><\/strong><\/h3>\n<p>Wie jede andere nat\u00fcrliche Ressource unterliegt Lr Colostrum Fl\u00fcssig gewohnheitsm\u00e4\u00dfigen Schwankungen. Es kann also vorkommen, dass der Geschmack oder die Konsistenz von <a href=\"https:\/\/www.lraloeverashop.eu\/de\/produkt\/colostrum-direkt-fluessig\/\">Colostrum Liquid<\/a> variiert. Dies hat jedoch keinen Einfluss auf die Qualit\u00e4t und den Inhalt der wertvollen Inhaltsstoffe. LR garantiert dies durch l\u00fcckenlose Messungen und regelm\u00e4\u00dfige Kontrollen \u2013 z. Vom unabh\u00e4ngigen SGS INSTITUT FRESENIUS.<\/p>\n<p>Um den <a href=\"https:\/\/www.lraloeverashop.eu\/de\/produkt\/aloe-vera-trinkgel-pfirsich-6\/\">hohen Qualit\u00e4tsanspr\u00fcchen<\/a> gerecht zu werden und alle Schritte auf dem Weg zum Endprodukt konsequent zu steuern, setzt LR f\u00fcr seine Colostrum-Produkte nur das \u00fcbersch\u00fcssige Kolostrum europ\u00e4ischer K\u00fche ein.<\/p>\n<p>&nbsp;<\/p>\n<h3><span style=\"font-size: 16pt;\"><strong><strong>H\u00e4ufig gestellte Fragen<img loading=\"lazy\" decoding=\"async\" class=\"alignright size-full wp-image-9991\" src=\"https:\/\/www.lraloeverashop.eu\/wp-content\/uploads\/2023\/01\/Colostrum-from-European-kows.jpg\" alt=\"Colostrum only from European kows\" width=\"541\" height=\"406\" srcset=\"https:\/\/www.lraloeverashop.eu\/wp-content\/uploads\/2023\/01\/Colostrum-from-European-kows.jpg 541w, https:\/\/www.lraloeverashop.eu\/wp-content\/uploads\/2023\/01\/Colostrum-from-European-kows-300x225.jpg 300w\" sizes=\"auto, (max-width: 541px) 100vw, 541px\" \/><\/strong><\/strong><\/span><\/h3>\n<p><strong>Was ist Colostrum?<\/strong><br \/>\nAufgrund seiner einzigartigen N\u00e4hrstoffe ist <a href=\"https:\/\/www.lraloeverashop.eu\/de\/wie-kolostrum-ihr-immunsystem-natuerlich-staerkt\/\">Kolostrum Milch<\/a> besonders wertvoll f\u00fcr das Kalb \u2013 eine einzigartige Starterpackung von Mutter Natur ohne chemische Zus\u00e4tze. F\u00fcr die Colostrum-Produkte verwendet LR nur Kolostrum von K\u00fchen aus Europa und nur von Milch produzierenden Qualit\u00e4tsbetrieben.<\/p>\n<p><strong>Was passiert mit den K\u00e4lbern?<\/strong><br \/>\nDie Kuh produziert mehr Colostrum Fl\u00fcssig als das Kalb ben\u00f6tigt. Nur der \u00dcberschuss wird f\u00fcr die Herstellung der Colostrum-Produkte verwendet.<\/p>\n<p><strong>Wie wird Lr Colostrum Fl\u00fcssig von LR hergestellt?<\/strong><br \/>\nLR verwendet nur das Kolostrum der ersten Stunden nach der Geburt des Kalbes. In diesen Stunden sind Qualit\u00e4t und N\u00e4hdichte am h\u00f6chsten.<br \/>\nDas Colostrum zur Herstellung von Lr Colostrum Fl\u00fcssig wird unmittelbar nach der Extraktion eingefroren. Bei der Weiterverarbeitung wird das Rohmaterial entfettet und entgratet. Die empfindlichen Inhaltsstoffe sind sehr hitzeempfindlich. Daher bevorzugt LR einen kalten Herstellungsprozess, in dem sie optimal gesch\u00fctzt sind.<\/p>\n<p><strong>Warum zeigt Lr Colostrum Fl\u00fcssig manchmal Unterschiede in Farbe und Tr\u00fcbung?<\/strong><br \/>\nEs ist wichtig zu wissen, dass die Tr\u00fcbung kein Qualit\u00e4tsdefekt ist. Da Kolostrum ein Naturprodukt ist, ist die individuelle Variabilit\u00e4t normal.<\/p>\n<p><strong>Unsere Tipps zur Lagerung von Kolostrum:<\/strong><\/p>\n<p>\u2022 An einem dunklen und k\u00fchlen Ort aufbewahren<br \/>\n\u2022 Nach dem \u00d6ffnen im K\u00fchlschrank aufbewahren<br \/>\n\u2022 Vor dem Verzehr sch\u00fctteln, wenn eine Tr\u00fcbung auftritt<\/p>\n<p><strong>Was zeichnet die Colostrum Produkte von LR aus?<\/strong><br \/>\nLr Colostrum Fl\u00fcssig ist erste Colostrum-Produkt auf dem Markt mit dem G\u00fctesiegel INSTITUTE FRESENIUS. Das derzeit wohl h\u00e4rteste Qualit\u00e4tssiegel best\u00e4tigt das sehr hohe Qualit\u00e4tsniveau durch unabh\u00e4ngige, regelm\u00e4\u00dfige, verdeckte Kontrollen. \u00dcberdurchschnittliche Kosten f\u00fcr <a href=\"https:\/\/www.lraloeverashop.eu\/de\/produkt\/aloe-vera-sivera-6er-set\/\">Qualit\u00e4t und Sicherheit<\/a> garantieren ein besonders hochwertiges Produkt.<\/p>\n<p><strong>LR verwendet nur Kolostrum von K\u00fchen aus Europa f\u00fcr die Kolostrum Produkte. Das bedeutet: hoher Qualit\u00e4tsstandard, auch in der F\u00f6rderung, und k\u00fcrzere Transportwege.<\/strong><\/p>\n<p>Zu diesem Zweck verwendet LR nur die \u00fcbersch\u00fcssige Milch der ersten paar Stunden, weil sie am nahrhaftesten ist. Um sicherzustellen, dass Colostrum Liquid seinen hohen Gehalt an Inhaltsstoffen beibeh\u00e4lt und f\u00fcr Menschen essbar ist, verwendet LR einen schonenden Kaltherstellungsprozess.<\/p>\n<p><img loading=\"lazy\" decoding=\"async\" class=\"aligncenter wp-image-10011\" src=\"https:\/\/www.lraloeverashop.eu\/wp-content\/uploads\/2023\/01\/Colostrum-for-kids-e1674326251404.jpg\" alt=\"Colostrum for kids and adults\" width=\"1281\" height=\"676\" srcset=\"https:\/\/www.lraloeverashop.eu\/wp-content\/uploads\/2023\/01\/Colostrum-for-kids-e1674326251404.jpg 819w, https:\/\/www.lraloeverashop.eu\/wp-content\/uploads\/2023\/01\/Colostrum-for-kids-e1674326251404-600x316.jpg 600w, https:\/\/www.lraloeverashop.eu\/wp-content\/uploads\/2023\/01\/Colostrum-for-kids-e1674326251404-300x158.jpg 300w, https:\/\/www.lraloeverashop.eu\/wp-content\/uploads\/2023\/01\/Colostrum-for-kids-e1674326251404-768x405.jpg 768w\" sizes=\"auto, (max-width: 1281px) 100vw, 1281px\" \/><\/p>\n","protected":false},"excerpt":{"rendered":"<ul>\n<li>Premiumprodukt basierend auf Kolostrum<\/li>\n<li>Hergestellt aus der besten Erstmilch ausschlie\u00dflich europ\u00e4ischer K\u00fche<\/li>\n<li>Frei von Antibiotika-R\u00fcckst\u00e4nden und anabolen androgenen Steroiden<\/li>\n<li>Ohne Zusatzstoffe, Farben oder Konservierungsstoffe<\/li>\n<li>Hergestellt mit einem schonenden kalten Produktionsprozess f\u00fcr eine optimale<\/li>\n<li>N\u00e4hrstoffdichte<\/li>\n<li>Hergestellt in Deutschland<\/li>\n<li>Menge: 6 x 125ml<\/li>\n<\/ul>\n<p><span style=\"color: #ff0000;\"><a style=\"color: #ff0000;\" href=\"https:\/\/shop.lrworld.com\/openpao?PHP=0vFlt7jT938BEnBI3a6e9w%3D%3D\"><span style=\"font-size: 14pt;\"><strong>Hier registrieren und dauerhaft 35\u202f% sparen<\/strong><\/span><\/a><\/span><\/p>\n","protected":false},"featured_media":5527,"comment_status":"open","ping_status":"closed","template":"","meta":{"_kad_blocks_custom_css":"","_kad_blocks_head_custom_js":"","_kad_blocks_body_custom_js":"","_kad_blocks_footer_custom_js":"","_kadence_starter_templates_imported_post":false,"_kad_post_transparent":"default","_kad_post_title":"","_kad_post_layout":"default","_kad_post_sidebar_id":"","_kad_post_content_style":"default","_kad_post_vertical_padding":"default","_kad_post_feature":"","_kad_post_feature_position":"","_kad_post_header":false,"_kad_post_footer":false,"_kad_post_classname":""},"product_brand":[],"product_cat":[399,346,495,462,465,411],"product_tag":[653],"class_list":{"0":"post-9978","1":"product","2":"type-product","3":"status-publish","4":"has-post-thumbnail","6":"product_cat-basis","7":"product_cat-immunsystem-gleichgewicht","8":"product_cat-kolostrum","9":"product_cat-sparen-im-set","10":"product_cat-spezial-ernahrung","11":"product_cat-spezielle-produkte","12":"product_tag-immun-booster","14":"first","15":"instock","16":"taxable","17":"shipping-taxable","18":"purchasable","19":"product-type-simple","20":"entry","21":"content-bg","22":"loop-entry"},"yoast_head":"<!-- This site is optimized with the Yoast SEO Premium plugin v27.4 (Yoast SEO v27.4) - https:\/\/yoast.com\/product\/yoast-seo-premium-wordpress\/ -->\n<title>Colostrum Fl\u00fcssig 6er Set - hochwertiges Premiumprodukt<\/title>\n<meta name=\"description\" content=\"F\u00fcr die Herstellung von Lr Colostrum Fl\u00fcssig wird nur \u00fcbersch\u00fcssiges Kolostrum europ\u00e4ischer K\u00fche verwendet, das vorab ausgiebig getestet wird. 100% Qualit\u00e4t\" \/>\n<meta name=\"robots\" content=\"index, follow, max-snippet:-1, max-image-preview:large, max-video-preview:-1\" \/>\n<link rel=\"canonical\" href=\"https:\/\/www.lraloeverashop.eu\/de\/produkt\/lr-colostrum-6er-set\/\" \/>\n<meta property=\"og:locale\" content=\"de_DE\" \/>\n<meta property=\"og:type\" content=\"article\" \/>\n<meta property=\"og:title\" content=\"Colostrum Fl\u00fcssig 6er Set\" \/>\n<meta property=\"og:description\" content=\"F\u00fcr die Herstellung von Lr Colostrum Fl\u00fcssig wird nur \u00fcbersch\u00fcssiges Kolostrum europ\u00e4ischer K\u00fche verwendet, das vorab ausgiebig getestet wird. 100% Qualit\u00e4t\" \/>\n<meta property=\"og:url\" content=\"https:\/\/www.lraloeverashop.eu\/de\/produkt\/lr-colostrum-6er-set\/\" \/>\n<meta property=\"og:site_name\" content=\"Lr Aloe Vera Shop\" \/>\n<meta property=\"article:publisher\" content=\"https:\/\/www.facebook.com\/lraloeverashop.eu\" \/>\n<meta property=\"article:modified_time\" content=\"2026-02-03T17:45:15+00:00\" \/>\n<meta property=\"og:image\" content=\"https:\/\/www.lraloeverashop.eu\/wp-content\/uploads\/2022\/10\/Lr-Colostrum-6-liquid.jpg\" \/>\n\t<meta property=\"og:image:width\" content=\"1200\" \/>\n\t<meta property=\"og:image:height\" content=\"1200\" \/>\n\t<meta property=\"og:image:type\" content=\"image\/jpeg\" \/>\n<meta name=\"twitter:card\" content=\"summary_large_image\" \/>\n<meta name=\"twitter:site\" content=\"@natur__kosmetik\" \/>\n<script type=\"application\/ld+json\" class=\"yoast-schema-graph\">{\"@context\":\"https:\\\/\\\/schema.org\",\"@graph\":[{\"@type\":[\"WebPage\",\"ItemPage\"],\"@id\":\"https:\\\/\\\/www.lraloeverashop.eu\\\/de\\\/produkt\\\/lr-colostrum-6er-set\\\/\",\"url\":\"https:\\\/\\\/www.lraloeverashop.eu\\\/de\\\/produkt\\\/lr-colostrum-6er-set\\\/\",\"name\":\"Colostrum Fl\u00fcssig 6er Set - hochwertiges Premiumprodukt\",\"isPartOf\":{\"@id\":\"https:\\\/\\\/www.lraloeverashop.eu\\\/de\\\/#website\"},\"primaryImageOfPage\":{\"@id\":\"https:\\\/\\\/www.lraloeverashop.eu\\\/de\\\/produkt\\\/lr-colostrum-6er-set\\\/#primaryimage\"},\"image\":{\"@id\":\"https:\\\/\\\/www.lraloeverashop.eu\\\/de\\\/produkt\\\/lr-colostrum-6er-set\\\/#primaryimage\"},\"thumbnailUrl\":\"https:\\\/\\\/www.lraloeverashop.eu\\\/wp-content\\\/uploads\\\/2022\\\/10\\\/Lr-Colostrum-6-liquid.jpg\",\"datePublished\":\"2022-10-12T08:36:32+00:00\",\"dateModified\":\"2026-02-03T17:45:15+00:00\",\"description\":\"F\u00fcr die Herstellung von Lr Colostrum Fl\u00fcssig wird nur \u00fcbersch\u00fcssiges Kolostrum europ\u00e4ischer K\u00fche verwendet, das vorab ausgiebig getestet wird. 100% Qualit\u00e4t\",\"breadcrumb\":{\"@id\":\"https:\\\/\\\/www.lraloeverashop.eu\\\/de\\\/produkt\\\/lr-colostrum-6er-set\\\/#breadcrumb\"},\"inLanguage\":\"de\",\"potentialAction\":[{\"@type\":\"ReadAction\",\"target\":[\"https:\\\/\\\/www.lraloeverashop.eu\\\/de\\\/produkt\\\/lr-colostrum-6er-set\\\/\"]}]},{\"@type\":\"ImageObject\",\"inLanguage\":\"de\",\"@id\":\"https:\\\/\\\/www.lraloeverashop.eu\\\/de\\\/produkt\\\/lr-colostrum-6er-set\\\/#primaryimage\",\"url\":\"https:\\\/\\\/www.lraloeverashop.eu\\\/wp-content\\\/uploads\\\/2022\\\/10\\\/Lr-Colostrum-6-liquid.jpg\",\"contentUrl\":\"https:\\\/\\\/www.lraloeverashop.eu\\\/wp-content\\\/uploads\\\/2022\\\/10\\\/Lr-Colostrum-6-liquid.jpg\",\"width\":1200,\"height\":1200,\"caption\":\"Lr Kolostrum 6 fl\u00fcssig\"},{\"@type\":\"BreadcrumbList\",\"@id\":\"https:\\\/\\\/www.lraloeverashop.eu\\\/de\\\/produkt\\\/lr-colostrum-6er-set\\\/#breadcrumb\",\"itemListElement\":[{\"@type\":\"ListItem\",\"position\":1,\"name\":\"Home\",\"item\":\"https:\\\/\\\/www.lraloeverashop.eu\\\/de\\\/\"},{\"@type\":\"ListItem\",\"position\":2,\"name\":\"Shop\",\"item\":\"https:\\\/\\\/www.lraloeverashop.eu\\\/de\\\/shop-2\\\/\"},{\"@type\":\"ListItem\",\"position\":3,\"name\":\"Colostrum Fl\u00fcssig 6er Set\"}]},{\"@type\":\"WebSite\",\"@id\":\"https:\\\/\\\/www.lraloeverashop.eu\\\/de\\\/#website\",\"url\":\"https:\\\/\\\/www.lraloeverashop.eu\\\/de\\\/\",\"name\":\"Lr Aloe Vera Shop\",\"description\":\"High Quality Lr Aloe Vera Gel, Aloe Vera Cream and Shampoo\",\"publisher\":{\"@id\":\"https:\\\/\\\/www.lraloeverashop.eu\\\/de\\\/#organization\"},\"potentialAction\":[{\"@type\":\"SearchAction\",\"target\":{\"@type\":\"EntryPoint\",\"urlTemplate\":\"https:\\\/\\\/www.lraloeverashop.eu\\\/de\\\/?s={search_term_string}\"},\"query-input\":{\"@type\":\"PropertyValueSpecification\",\"valueRequired\":true,\"valueName\":\"search_term_string\"}}],\"inLanguage\":\"de\"},{\"@type\":\"Organization\",\"@id\":\"https:\\\/\\\/www.lraloeverashop.eu\\\/de\\\/#organization\",\"name\":\"Lr Aloe Vera Shop\",\"alternateName\":\"LR\",\"url\":\"https:\\\/\\\/www.lraloeverashop.eu\\\/de\\\/\",\"logo\":{\"@type\":\"ImageObject\",\"inLanguage\":\"de\",\"@id\":\"https:\\\/\\\/www.lraloeverashop.eu\\\/de\\\/#\\\/schema\\\/logo\\\/image\\\/\",\"url\":\"https:\\\/\\\/www.lraloeverashop.eu\\\/wp-content\\\/uploads\\\/2022\\\/09\\\/cropped-Lr-Aloe-Vera-Shop.jpg\",\"contentUrl\":\"https:\\\/\\\/www.lraloeverashop.eu\\\/wp-content\\\/uploads\\\/2022\\\/09\\\/cropped-Lr-Aloe-Vera-Shop.jpg\",\"width\":228,\"height\":76,\"caption\":\"Lr Aloe Vera Shop\"},\"image\":{\"@id\":\"https:\\\/\\\/www.lraloeverashop.eu\\\/de\\\/#\\\/schema\\\/logo\\\/image\\\/\"},\"sameAs\":[\"https:\\\/\\\/www.facebook.com\\\/lraloeverashop.eu\",\"https:\\\/\\\/x.com\\\/natur__kosmetik\",\"https:\\\/\\\/www.youtube.com\\\/channel\\\/UC5oN7BJ8nfYb8RpVtjwDEBA\",\"https:\\\/\\\/www.instagram.com\\\/lrbeautyeu\\\/\"],\"description\":\"LR Aloe Vera Shop ist Ihre vertrauensw\u00fcrdige Adresse f\u00fcr hochwertige LR Health & Beauty Produkte aus Deutschland. Wir bieten Ihnen erstklassige Aloe Vera Hautpflege, N\u00e4hrstoffe und Anti-Aging-Produkte mit reinen Inhaltsstoffen, die auf wissenschaftlichen Erkenntnissen basieren. Entdecken Sie nat\u00fcrliche Pflege, die Ihre Haut regeneriert, sch\u00fctzt und revitalisiert \u2013 und profitieren Sie von exklusiven Monatsangeboten auf unsere Bestseller von LR Aloe Vera. Starten Sie noch heute Ihre Reise zu nat\u00fcrlicher Hautpflege und sp\u00fcren Sie den Unterschied.\",\"email\":\"info@lraloeverashop.eu\",\"telephone\":\"+49 17670609653\",\"legalName\":\"Lr Aloe Vera Shop\",\"foundingDate\":\"2018-04-21\",\"numberOfEmployees\":{\"@type\":\"QuantitativeValue\",\"minValue\":\"1\",\"maxValue\":\"10\"}}]}<\/script>\n<meta property=\"product:price:amount\" content=\"266.94\" \/>\n<meta property=\"product:price:currency\" content=\"EUR\" \/>\n<meta property=\"og:availability\" content=\"instock\" \/>\n<meta property=\"product:availability\" content=\"instock\" \/>\n<meta property=\"product:retailer_item_id\" content=\"80364-401DE\" \/>\n<meta property=\"product:condition\" content=\"new\" \/>\n<!-- \/ Yoast SEO Premium plugin. -->","yoast_head_json":{"title":"Colostrum Fl\u00fcssig 6er Set - hochwertiges Premiumprodukt","description":"F\u00fcr die Herstellung von Lr Colostrum Fl\u00fcssig wird nur \u00fcbersch\u00fcssiges Kolostrum europ\u00e4ischer K\u00fche verwendet, das vorab ausgiebig getestet wird. 100% Qualit\u00e4t","robots":{"index":"index","follow":"follow","max-snippet":"max-snippet:-1","max-image-preview":"max-image-preview:large","max-video-preview":"max-video-preview:-1"},"canonical":"https:\/\/www.lraloeverashop.eu\/de\/produkt\/lr-colostrum-6er-set\/","og_locale":"de_DE","og_type":"article","og_title":"Colostrum Fl\u00fcssig 6er Set","og_description":"F\u00fcr die Herstellung von Lr Colostrum Fl\u00fcssig wird nur \u00fcbersch\u00fcssiges Kolostrum europ\u00e4ischer K\u00fche verwendet, das vorab ausgiebig getestet wird. 100% Qualit\u00e4t","og_url":"https:\/\/www.lraloeverashop.eu\/de\/produkt\/lr-colostrum-6er-set\/","og_site_name":"Lr Aloe Vera Shop","article_publisher":"https:\/\/www.facebook.com\/lraloeverashop.eu","article_modified_time":"2026-02-03T17:45:15+00:00","og_image":[{"width":1200,"height":1200,"url":"https:\/\/www.lraloeverashop.eu\/wp-content\/uploads\/2022\/10\/Lr-Colostrum-6-liquid.jpg","type":"image\/jpeg"}],"twitter_card":"summary_large_image","twitter_site":"@natur__kosmetik","schema":{"@context":"https:\/\/schema.org","@graph":[{"@type":["WebPage","ItemPage"],"@id":"https:\/\/www.lraloeverashop.eu\/de\/produkt\/lr-colostrum-6er-set\/","url":"https:\/\/www.lraloeverashop.eu\/de\/produkt\/lr-colostrum-6er-set\/","name":"Colostrum Fl\u00fcssig 6er Set - hochwertiges Premiumprodukt","isPartOf":{"@id":"https:\/\/www.lraloeverashop.eu\/de\/#website"},"primaryImageOfPage":{"@id":"https:\/\/www.lraloeverashop.eu\/de\/produkt\/lr-colostrum-6er-set\/#primaryimage"},"image":{"@id":"https:\/\/www.lraloeverashop.eu\/de\/produkt\/lr-colostrum-6er-set\/#primaryimage"},"thumbnailUrl":"https:\/\/www.lraloeverashop.eu\/wp-content\/uploads\/2022\/10\/Lr-Colostrum-6-liquid.jpg","datePublished":"2022-10-12T08:36:32+00:00","dateModified":"2026-02-03T17:45:15+00:00","description":"F\u00fcr die Herstellung von Lr Colostrum Fl\u00fcssig wird nur \u00fcbersch\u00fcssiges Kolostrum europ\u00e4ischer K\u00fche verwendet, das vorab ausgiebig getestet wird. 100% Qualit\u00e4t","breadcrumb":{"@id":"https:\/\/www.lraloeverashop.eu\/de\/produkt\/lr-colostrum-6er-set\/#breadcrumb"},"inLanguage":"de","potentialAction":[{"@type":"ReadAction","target":["https:\/\/www.lraloeverashop.eu\/de\/produkt\/lr-colostrum-6er-set\/"]}]},{"@type":"ImageObject","inLanguage":"de","@id":"https:\/\/www.lraloeverashop.eu\/de\/produkt\/lr-colostrum-6er-set\/#primaryimage","url":"https:\/\/www.lraloeverashop.eu\/wp-content\/uploads\/2022\/10\/Lr-Colostrum-6-liquid.jpg","contentUrl":"https:\/\/www.lraloeverashop.eu\/wp-content\/uploads\/2022\/10\/Lr-Colostrum-6-liquid.jpg","width":1200,"height":1200,"caption":"Lr Kolostrum 6 fl\u00fcssig"},{"@type":"BreadcrumbList","@id":"https:\/\/www.lraloeverashop.eu\/de\/produkt\/lr-colostrum-6er-set\/#breadcrumb","itemListElement":[{"@type":"ListItem","position":1,"name":"Home","item":"https:\/\/www.lraloeverashop.eu\/de\/"},{"@type":"ListItem","position":2,"name":"Shop","item":"https:\/\/www.lraloeverashop.eu\/de\/shop-2\/"},{"@type":"ListItem","position":3,"name":"Colostrum Fl\u00fcssig 6er Set"}]},{"@type":"WebSite","@id":"https:\/\/www.lraloeverashop.eu\/de\/#website","url":"https:\/\/www.lraloeverashop.eu\/de\/","name":"Lr Aloe Vera Shop","description":"High Quality Lr Aloe Vera Gel, Aloe Vera Cream and Shampoo","publisher":{"@id":"https:\/\/www.lraloeverashop.eu\/de\/#organization"},"potentialAction":[{"@type":"SearchAction","target":{"@type":"EntryPoint","urlTemplate":"https:\/\/www.lraloeverashop.eu\/de\/?s={search_term_string}"},"query-input":{"@type":"PropertyValueSpecification","valueRequired":true,"valueName":"search_term_string"}}],"inLanguage":"de"},{"@type":"Organization","@id":"https:\/\/www.lraloeverashop.eu\/de\/#organization","name":"Lr Aloe Vera Shop","alternateName":"LR","url":"https:\/\/www.lraloeverashop.eu\/de\/","logo":{"@type":"ImageObject","inLanguage":"de","@id":"https:\/\/www.lraloeverashop.eu\/de\/#\/schema\/logo\/image\/","url":"https:\/\/www.lraloeverashop.eu\/wp-content\/uploads\/2022\/09\/cropped-Lr-Aloe-Vera-Shop.jpg","contentUrl":"https:\/\/www.lraloeverashop.eu\/wp-content\/uploads\/2022\/09\/cropped-Lr-Aloe-Vera-Shop.jpg","width":228,"height":76,"caption":"Lr Aloe Vera Shop"},"image":{"@id":"https:\/\/www.lraloeverashop.eu\/de\/#\/schema\/logo\/image\/"},"sameAs":["https:\/\/www.facebook.com\/lraloeverashop.eu","https:\/\/x.com\/natur__kosmetik","https:\/\/www.youtube.com\/channel\/UC5oN7BJ8nfYb8RpVtjwDEBA","https:\/\/www.instagram.com\/lrbeautyeu\/"],"description":"LR Aloe Vera Shop ist Ihre vertrauensw\u00fcrdige Adresse f\u00fcr hochwertige LR Health & Beauty Produkte aus Deutschland. Wir bieten Ihnen erstklassige Aloe Vera Hautpflege, N\u00e4hrstoffe und Anti-Aging-Produkte mit reinen Inhaltsstoffen, die auf wissenschaftlichen Erkenntnissen basieren. Entdecken Sie nat\u00fcrliche Pflege, die Ihre Haut regeneriert, sch\u00fctzt und revitalisiert \u2013 und profitieren Sie von exklusiven Monatsangeboten auf unsere Bestseller von LR Aloe Vera. Starten Sie noch heute Ihre Reise zu nat\u00fcrlicher Hautpflege und sp\u00fcren Sie den Unterschied.","email":"info@lraloeverashop.eu","telephone":"+49 17670609653","legalName":"Lr Aloe Vera Shop","foundingDate":"2018-04-21","numberOfEmployees":{"@type":"QuantitativeValue","minValue":"1","maxValue":"10"}}]},"product_price_amount":"266.94","product_price_currency":"EUR","og_availability":"instock","product_availability":"instock","product_retailer_item_id":"80364-401DE","product_condition":"new"},"taxonomy_info":{"product_cat":[{"value":399,"label":"Basis"},{"value":346,"label":"Immunsystem &amp; Gleichgewicht"},{"value":495,"label":"Kolostrum"},{"value":462,"label":"Sparen im set"},{"value":465,"label":"Spezialisten"},{"value":411,"label":"Spezielle Produkte"}],"product_tag":[{"value":653,"label":"Immun-Booster"}]},"featured_image_src_large":["https:\/\/www.lraloeverashop.eu\/wp-content\/uploads\/2022\/10\/Lr-Colostrum-6-liquid-1024x1024.jpg",1024,1024,true],"author_info":[],"comment_info":0,"_links":{"self":[{"href":"https:\/\/www.lraloeverashop.eu\/de\/wp-json\/wp\/v2\/product\/9978","targetHints":{"allow":["GET"]}}],"collection":[{"href":"https:\/\/www.lraloeverashop.eu\/de\/wp-json\/wp\/v2\/product"}],"about":[{"href":"https:\/\/www.lraloeverashop.eu\/de\/wp-json\/wp\/v2\/types\/product"}],"replies":[{"embeddable":true,"href":"https:\/\/www.lraloeverashop.eu\/de\/wp-json\/wp\/v2\/comments?post=9978"}],"wp:featuredmedia":[{"embeddable":true,"href":"https:\/\/www.lraloeverashop.eu\/de\/wp-json\/wp\/v2\/media\/5527"}],"wp:attachment":[{"href":"https:\/\/www.lraloeverashop.eu\/de\/wp-json\/wp\/v2\/media?parent=9978"}],"wp:term":[{"taxonomy":"product_brand","embeddable":true,"href":"https:\/\/www.lraloeverashop.eu\/de\/wp-json\/wp\/v2\/product_brand?post=9978"},{"taxonomy":"product_cat","embeddable":true,"href":"https:\/\/www.lraloeverashop.eu\/de\/wp-json\/wp\/v2\/product_cat?post=9978"},{"taxonomy":"product_tag","embeddable":true,"href":"https:\/\/www.lraloeverashop.eu\/de\/wp-json\/wp\/v2\/product_tag?post=9978"}],"curies":[{"name":"wp","href":"https:\/\/api.w.org\/{rel}","templated":true}]}}