{"id":9944,"date":"2022-10-12T10:49:19","date_gmt":"2022-10-12T08:49:19","guid":{"rendered":"https:\/\/www.lraloeverashop.eu\/product\/colostrum-kapseln-set\/"},"modified":"2026-02-03T18:44:53","modified_gmt":"2026-02-03T17:44:53","slug":"colostrum-kapseln-set","status":"publish","type":"product","link":"https:\/\/www.lraloeverashop.eu\/de\/produkt\/colostrum-kapseln-set\/","title":{"rendered":"Colostrum Kapseln Set"},"content":{"rendered":"<h2><strong><span style=\"font-size: 16pt;\">Colostrum Kapseln Set<\/span><\/strong><\/h2>\n<p><strong><span style=\"font-size: 14pt;\">Colostrum Kapseln Set F\u00fcr das allgemeine Wohlbefinden<\/span><\/strong><\/p>\n<p>Lr Colostrum Kapseln 3er Set enthalten das Beste aus Kuhmilch in hochkonzentrierter Form. Das wertvolle Colostrumpulver in den Kapseln wird aus der ersten Muttermilch nach der Geburt eines Kalbes gewonnen. Nur entfettet und schonend gefriergetrocknet, bleiben die <a href=\"https:\/\/www.lraloeverashop.eu\/de\/produkt\/cbd-kapseln-lr-cannaloe\/\">hochwertigen Inhaltsstoffe<\/a> weitgehend erhalten.<\/p>\n<p>Die hochwertige Zusammensetzung der Kapseln macht Lr Colostrum Kapseln zu einem <a href=\"https:\/\/www.lraloeverashop.eu\/de\/wie-kolostrum-ihr-immunsystem-natuerlich-staerkt\/\">Qualit\u00e4tsprodukt<\/a> Made in Germany, auf dessen Qualit\u00e4t Sie sich verlassen k\u00f6nnen. F\u00fcr die Produktion verwendet LR nur \u00fcbersch\u00fcssiges Kolostrum, das vorab ausf\u00fchrlich getestet wird.<\/p>\n<p>Jeder Fertigungsschritt wird von strengen Qualit\u00e4tsparametern und h\u00f6chsten Kontrollstandards begleitet. Neben den internen Kontrollen \u00fcberpr\u00fcft das unabh\u00e4ngige SGS-INSTITUT FRESENIUS regelm\u00e4\u00dfig alle Verarbeitungsschritte sowie das <a href=\"https:\/\/www.lraloeverashop.eu\/de\/produkt\/probiotika-kapseln-pro-12\/\">Endprodukt<\/a>.<\/p>\n<p>Als Zeichen hoher Qualit\u00e4t tragen die Lr Colostrum Produkte das INSTITUTE FRESENIUS G\u00fctesiegel, eines der h\u00e4rtesten unabh\u00e4ngigen Pr\u00fcfsiegel auf dem <a href=\"https:\/\/www.lraloeverashop.eu\/de\/agb\/\">Markt<\/a>.<\/p>\n<p>&nbsp;<\/p>\n<h3><span style=\"font-size: 16pt;\"><strong>Anwendung<\/strong><\/span><\/h3>\n<p>Morgens und abends eine <a href=\"https:\/\/www.lraloeverashop.eu\/de\/produkt\/colostrum-kapseln\/\">Kapsel<\/a> von Colostrum Kapseln Set mit wenig Wasser.<\/p>\n<p>Nicht mit hei\u00dfen Getr\u00e4nken verwenden.<\/p>\n<p>Stellen Sie sicher, dass Sie eine abwechslungsreiche und ausgewogene Ern\u00e4hrung sowie einen gesunden Lebensstil haben. K\u00fchl und trocken lagern.<\/p>\n<p>&nbsp;<\/p>\n<h4><strong><span style=\"font-size: 16pt;\">Wussten Sie schon?<\/span><\/strong><\/h4>\n<p>Um die hohen Qualit\u00e4tsstandards zu erf\u00fcllen und alle Schritte auf dem Weg zum Endprodukt konsequent zu kontrollieren, verwendet LR f\u00fcr seine <a href=\"https:\/\/www.lraloeverashop.eu\/de\/produkt-kategorie\/spezielle-produkte\/kolostrum\/\">Colostrum-Produkte<\/a> nur das \u00fcbersch\u00fcssige Kolostrum europ\u00e4ischer K\u00fche. Jede Produktionscharge kann ohne Unterbrechung auf den Erzeugerbetrieb zur\u00fcckverfolgt werden.<\/p>\n","protected":false},"excerpt":{"rendered":"<ul>\n<li>Kolostrumhaltige Kapseln f\u00fcr den t\u00e4glichen Verzehr<\/li>\n<li>F\u00fcr das allgemeine Wohlbefinden<\/li>\n<li>Liefern Sie 800 mg wertvolles, entfettetes Kolostrumpulver pro Tagesration<\/li>\n<li>Sorgf\u00e4ltig in Deutschland produziert<\/li>\n<li>Kolostrum ausschlie\u00dflich von europ\u00e4ischen K\u00fchen<\/li>\n<li>Menge: 3 x 60 Kapseln<\/li>\n<\/ul>\n<p><span style=\"color: #ff0000;\"><a style=\"color: #ff0000;\" href=\"https:\/\/shop.lrworld.com\/openpao?PHP=0vFlt7jT938BEnBI3a6e9w%3D%3D\"><span style=\"font-size: 14pt;\"><strong>Hier registrieren und dauerhaft 35\u202f% sparen<\/strong><\/span><\/a><\/span><\/p>\n","protected":false},"featured_media":5539,"comment_status":"open","ping_status":"closed","template":"","meta":{"_kad_blocks_custom_css":"","_kad_blocks_head_custom_js":"","_kad_blocks_body_custom_js":"","_kad_blocks_footer_custom_js":"","_kadence_starter_templates_imported_post":false,"_kad_post_transparent":"default","_kad_post_title":"","_kad_post_layout":"default","_kad_post_sidebar_id":"","_kad_post_content_style":"default","_kad_post_vertical_padding":"default","_kad_post_feature":"","_kad_post_feature_position":"","_kad_post_header":false,"_kad_post_footer":false,"_kad_post_classname":""},"product_brand":[],"product_cat":[399,435,346,495,462,465,411],"product_tag":[653],"class_list":{"0":"post-9944","1":"product","2":"type-product","3":"status-publish","4":"has-post-thumbnail","6":"product_cat-basis","7":"product_cat-darm-verdauung","8":"product_cat-immunsystem-gleichgewicht","9":"product_cat-kolostrum","10":"product_cat-sparen-im-set","11":"product_cat-spezial-ernahrung","12":"product_cat-spezielle-produkte","13":"product_tag-immun-booster","15":"first","16":"instock","17":"taxable","18":"shipping-taxable","19":"purchasable","20":"product-type-simple","21":"entry","22":"content-bg","23":"loop-entry"},"yoast_head":"<!-- This site is optimized with the Yoast SEO Premium plugin v27.6 (Yoast SEO v27.6) - https:\/\/yoast.com\/product\/yoast-seo-premium-wordpress\/ -->\n<title>Colostrum Kapseln Set - Profitieren Sie vom Besten der Natur!<\/title>\n<meta name=\"description\" content=\"Lr Colostrum Kapseln Set von europ\u00e4ischen K\u00fchen f\u00fcr das allgemeine Wohlbefinden. Liefern 800 mg wertvolles, entfettetes Kolostrumpulver pro Tagesration.\" \/>\n<meta name=\"robots\" content=\"index, follow, max-snippet:-1, max-image-preview:large, max-video-preview:-1\" \/>\n<link rel=\"canonical\" href=\"https:\/\/www.lraloeverashop.eu\/de\/produkt\/colostrum-kapseln-set\/\" \/>\n<meta property=\"og:locale\" content=\"de_DE\" \/>\n<meta property=\"og:type\" content=\"article\" \/>\n<meta property=\"og:title\" content=\"Colostrum Kapseln Set\" \/>\n<meta property=\"og:description\" content=\"Lr Colostrum Kapseln Set von europ\u00e4ischen K\u00fchen f\u00fcr das allgemeine Wohlbefinden. Liefern 800 mg wertvolles, entfettetes Kolostrumpulver pro Tagesration.\" \/>\n<meta property=\"og:url\" content=\"https:\/\/www.lraloeverashop.eu\/de\/produkt\/colostrum-kapseln-set\/\" \/>\n<meta property=\"og:site_name\" content=\"Lr Aloe Vera Shop\" \/>\n<meta property=\"article:publisher\" content=\"https:\/\/www.facebook.com\/lraloeverashop.eu\" \/>\n<meta property=\"article:modified_time\" content=\"2026-02-03T17:44:53+00:00\" \/>\n<meta property=\"og:image\" content=\"https:\/\/www.lraloeverashop.eu\/wp-content\/uploads\/2022\/10\/Lr-Colostrum-Compact-capsules-3-Set.jpg\" \/>\n\t<meta property=\"og:image:width\" content=\"1200\" \/>\n\t<meta property=\"og:image:height\" content=\"1200\" \/>\n\t<meta property=\"og:image:type\" content=\"image\/jpeg\" \/>\n<meta name=\"twitter:card\" content=\"summary_large_image\" \/>\n<meta name=\"twitter:site\" content=\"@natur__kosmetik\" \/>\n<script type=\"application\/ld+json\" class=\"yoast-schema-graph\">{\"@context\":\"https:\\\/\\\/schema.org\",\"@graph\":[{\"@type\":[\"WebPage\",\"ItemPage\"],\"@id\":\"https:\\\/\\\/www.lraloeverashop.eu\\\/de\\\/produkt\\\/colostrum-kapseln-set\\\/\",\"url\":\"https:\\\/\\\/www.lraloeverashop.eu\\\/de\\\/produkt\\\/colostrum-kapseln-set\\\/\",\"name\":\"Colostrum Kapseln Set - Profitieren Sie vom Besten der Natur!\",\"isPartOf\":{\"@id\":\"https:\\\/\\\/www.lraloeverashop.eu\\\/de\\\/#website\"},\"primaryImageOfPage\":{\"@id\":\"https:\\\/\\\/www.lraloeverashop.eu\\\/de\\\/produkt\\\/colostrum-kapseln-set\\\/#primaryimage\"},\"image\":{\"@id\":\"https:\\\/\\\/www.lraloeverashop.eu\\\/de\\\/produkt\\\/colostrum-kapseln-set\\\/#primaryimage\"},\"thumbnailUrl\":\"https:\\\/\\\/www.lraloeverashop.eu\\\/wp-content\\\/uploads\\\/2022\\\/10\\\/Lr-Colostrum-Compact-capsules-3-Set.jpg\",\"datePublished\":\"2022-10-12T08:49:19+00:00\",\"dateModified\":\"2026-02-03T17:44:53+00:00\",\"description\":\"Lr Colostrum Kapseln Set von europ\u00e4ischen K\u00fchen f\u00fcr das allgemeine Wohlbefinden. Liefern 800 mg wertvolles, entfettetes Kolostrumpulver pro Tagesration.\",\"breadcrumb\":{\"@id\":\"https:\\\/\\\/www.lraloeverashop.eu\\\/de\\\/produkt\\\/colostrum-kapseln-set\\\/#breadcrumb\"},\"inLanguage\":\"de\",\"potentialAction\":[{\"@type\":\"ReadAction\",\"target\":[\"https:\\\/\\\/www.lraloeverashop.eu\\\/de\\\/produkt\\\/colostrum-kapseln-set\\\/\"]}]},{\"@type\":\"ImageObject\",\"inLanguage\":\"de\",\"@id\":\"https:\\\/\\\/www.lraloeverashop.eu\\\/de\\\/produkt\\\/colostrum-kapseln-set\\\/#primaryimage\",\"url\":\"https:\\\/\\\/www.lraloeverashop.eu\\\/wp-content\\\/uploads\\\/2022\\\/10\\\/Lr-Colostrum-Compact-capsules-3-Set.jpg\",\"contentUrl\":\"https:\\\/\\\/www.lraloeverashop.eu\\\/wp-content\\\/uploads\\\/2022\\\/10\\\/Lr-Colostrum-Compact-capsules-3-Set.jpg\",\"width\":1200,\"height\":1200,\"caption\":\"Colostrum Kompaktkapseln 3-Monats-Set\"},{\"@type\":\"BreadcrumbList\",\"@id\":\"https:\\\/\\\/www.lraloeverashop.eu\\\/de\\\/produkt\\\/colostrum-kapseln-set\\\/#breadcrumb\",\"itemListElement\":[{\"@type\":\"ListItem\",\"position\":1,\"name\":\"Home\",\"item\":\"https:\\\/\\\/www.lraloeverashop.eu\\\/de\\\/\"},{\"@type\":\"ListItem\",\"position\":2,\"name\":\"Shop\",\"item\":\"https:\\\/\\\/www.lraloeverashop.eu\\\/de\\\/shop-2\\\/\"},{\"@type\":\"ListItem\",\"position\":3,\"name\":\"Colostrum Kapseln Set\"}]},{\"@type\":\"WebSite\",\"@id\":\"https:\\\/\\\/www.lraloeverashop.eu\\\/de\\\/#website\",\"url\":\"https:\\\/\\\/www.lraloeverashop.eu\\\/de\\\/\",\"name\":\"Lr Aloe Vera Shop\",\"description\":\"High Quality Lr Aloe Vera Gel, Aloe Vera Cream and Shampoo\",\"publisher\":{\"@id\":\"https:\\\/\\\/www.lraloeverashop.eu\\\/de\\\/#organization\"},\"alternateName\":\"LR\",\"potentialAction\":[{\"@type\":\"SearchAction\",\"target\":{\"@type\":\"EntryPoint\",\"urlTemplate\":\"https:\\\/\\\/www.lraloeverashop.eu\\\/de\\\/?s={search_term_string}\"},\"query-input\":{\"@type\":\"PropertyValueSpecification\",\"valueRequired\":true,\"valueName\":\"search_term_string\"}}],\"inLanguage\":\"de\"},{\"@type\":\"Organization\",\"@id\":\"https:\\\/\\\/www.lraloeverashop.eu\\\/de\\\/#organization\",\"name\":\"Lr Aloe Vera Shop\",\"alternateName\":\"LR\",\"url\":\"https:\\\/\\\/www.lraloeverashop.eu\\\/de\\\/\",\"logo\":{\"@type\":\"ImageObject\",\"inLanguage\":\"de\",\"@id\":\"https:\\\/\\\/www.lraloeverashop.eu\\\/de\\\/#\\\/schema\\\/logo\\\/image\\\/\",\"url\":\"https:\\\/\\\/www.lraloeverashop.eu\\\/wp-content\\\/uploads\\\/2022\\\/09\\\/cropped-Lr-Aloe-Vera-Shop.jpg\",\"contentUrl\":\"https:\\\/\\\/www.lraloeverashop.eu\\\/wp-content\\\/uploads\\\/2022\\\/09\\\/cropped-Lr-Aloe-Vera-Shop.jpg\",\"width\":228,\"height\":76,\"caption\":\"Lr Aloe Vera Shop\"},\"image\":{\"@id\":\"https:\\\/\\\/www.lraloeverashop.eu\\\/de\\\/#\\\/schema\\\/logo\\\/image\\\/\"},\"sameAs\":[\"https:\\\/\\\/www.facebook.com\\\/lraloeverashop.eu\",\"https:\\\/\\\/x.com\\\/natur__kosmetik\",\"https:\\\/\\\/www.youtube.com\\\/channel\\\/UC5oN7BJ8nfYb8RpVtjwDEBA\",\"https:\\\/\\\/www.instagram.com\\\/lrbeautyeu\\\/\"],\"description\":\"LR Aloe Vera Shop ist Ihre vertrauensw\u00fcrdige Adresse f\u00fcr hochwertige LR Health & Beauty Produkte aus Deutschland. Wir bieten Ihnen erstklassige Aloe Vera Hautpflege, N\u00e4hrstoffe und Anti-Aging-Produkte mit reinen Inhaltsstoffen, die auf wissenschaftlichen Erkenntnissen basieren. Entdecken Sie nat\u00fcrliche Pflege, die Ihre Haut regeneriert, sch\u00fctzt und revitalisiert \u2013 und profitieren Sie von exklusiven Monatsangeboten auf unsere Bestseller von LR Aloe Vera. Starten Sie noch heute Ihre Reise zu nat\u00fcrlicher Hautpflege und sp\u00fcren Sie den Unterschied.\",\"email\":\"info@lraloeverashop.eu\",\"telephone\":\"+49 17670609653\",\"legalName\":\"Lr Aloe Vera Shop\",\"foundingDate\":\"2018-04-21\",\"numberOfEmployees\":{\"@type\":\"QuantitativeValue\",\"minValue\":\"1\",\"maxValue\":\"10\"}}]}<\/script>\n<meta property=\"product:price:amount\" content=\"178.41\" \/>\n<meta property=\"product:price:currency\" content=\"EUR\" \/>\n<meta property=\"og:availability\" content=\"instock\" \/>\n<meta property=\"product:availability\" content=\"instock\" \/>\n<meta property=\"product:retailer_item_id\" content=\"80389-501DE\" \/>\n<meta property=\"product:condition\" content=\"new\" \/>\n<!-- \/ Yoast SEO Premium plugin. -->","yoast_head_json":{"title":"Colostrum Kapseln Set - Profitieren Sie vom Besten der Natur!","description":"Lr Colostrum Kapseln Set von europ\u00e4ischen K\u00fchen f\u00fcr das allgemeine Wohlbefinden. Liefern 800 mg wertvolles, entfettetes Kolostrumpulver pro Tagesration.","robots":{"index":"index","follow":"follow","max-snippet":"max-snippet:-1","max-image-preview":"max-image-preview:large","max-video-preview":"max-video-preview:-1"},"canonical":"https:\/\/www.lraloeverashop.eu\/de\/produkt\/colostrum-kapseln-set\/","og_locale":"de_DE","og_type":"article","og_title":"Colostrum Kapseln Set","og_description":"Lr Colostrum Kapseln Set von europ\u00e4ischen K\u00fchen f\u00fcr das allgemeine Wohlbefinden. Liefern 800 mg wertvolles, entfettetes Kolostrumpulver pro Tagesration.","og_url":"https:\/\/www.lraloeverashop.eu\/de\/produkt\/colostrum-kapseln-set\/","og_site_name":"Lr Aloe Vera Shop","article_publisher":"https:\/\/www.facebook.com\/lraloeverashop.eu","article_modified_time":"2026-02-03T17:44:53+00:00","og_image":[{"width":1200,"height":1200,"url":"https:\/\/www.lraloeverashop.eu\/wp-content\/uploads\/2022\/10\/Lr-Colostrum-Compact-capsules-3-Set.jpg","type":"image\/jpeg"}],"twitter_card":"summary_large_image","twitter_site":"@natur__kosmetik","schema":{"@context":"https:\/\/schema.org","@graph":[{"@type":["WebPage","ItemPage"],"@id":"https:\/\/www.lraloeverashop.eu\/de\/produkt\/colostrum-kapseln-set\/","url":"https:\/\/www.lraloeverashop.eu\/de\/produkt\/colostrum-kapseln-set\/","name":"Colostrum Kapseln Set - Profitieren Sie vom Besten der Natur!","isPartOf":{"@id":"https:\/\/www.lraloeverashop.eu\/de\/#website"},"primaryImageOfPage":{"@id":"https:\/\/www.lraloeverashop.eu\/de\/produkt\/colostrum-kapseln-set\/#primaryimage"},"image":{"@id":"https:\/\/www.lraloeverashop.eu\/de\/produkt\/colostrum-kapseln-set\/#primaryimage"},"thumbnailUrl":"https:\/\/www.lraloeverashop.eu\/wp-content\/uploads\/2022\/10\/Lr-Colostrum-Compact-capsules-3-Set.jpg","datePublished":"2022-10-12T08:49:19+00:00","dateModified":"2026-02-03T17:44:53+00:00","description":"Lr Colostrum Kapseln Set von europ\u00e4ischen K\u00fchen f\u00fcr das allgemeine Wohlbefinden. Liefern 800 mg wertvolles, entfettetes Kolostrumpulver pro Tagesration.","breadcrumb":{"@id":"https:\/\/www.lraloeverashop.eu\/de\/produkt\/colostrum-kapseln-set\/#breadcrumb"},"inLanguage":"de","potentialAction":[{"@type":"ReadAction","target":["https:\/\/www.lraloeverashop.eu\/de\/produkt\/colostrum-kapseln-set\/"]}]},{"@type":"ImageObject","inLanguage":"de","@id":"https:\/\/www.lraloeverashop.eu\/de\/produkt\/colostrum-kapseln-set\/#primaryimage","url":"https:\/\/www.lraloeverashop.eu\/wp-content\/uploads\/2022\/10\/Lr-Colostrum-Compact-capsules-3-Set.jpg","contentUrl":"https:\/\/www.lraloeverashop.eu\/wp-content\/uploads\/2022\/10\/Lr-Colostrum-Compact-capsules-3-Set.jpg","width":1200,"height":1200,"caption":"Colostrum Kompaktkapseln 3-Monats-Set"},{"@type":"BreadcrumbList","@id":"https:\/\/www.lraloeverashop.eu\/de\/produkt\/colostrum-kapseln-set\/#breadcrumb","itemListElement":[{"@type":"ListItem","position":1,"name":"Home","item":"https:\/\/www.lraloeverashop.eu\/de\/"},{"@type":"ListItem","position":2,"name":"Shop","item":"https:\/\/www.lraloeverashop.eu\/de\/shop-2\/"},{"@type":"ListItem","position":3,"name":"Colostrum Kapseln Set"}]},{"@type":"WebSite","@id":"https:\/\/www.lraloeverashop.eu\/de\/#website","url":"https:\/\/www.lraloeverashop.eu\/de\/","name":"Lr Aloe Vera Shop","description":"High Quality Lr Aloe Vera Gel, Aloe Vera Cream and Shampoo","publisher":{"@id":"https:\/\/www.lraloeverashop.eu\/de\/#organization"},"alternateName":"LR","potentialAction":[{"@type":"SearchAction","target":{"@type":"EntryPoint","urlTemplate":"https:\/\/www.lraloeverashop.eu\/de\/?s={search_term_string}"},"query-input":{"@type":"PropertyValueSpecification","valueRequired":true,"valueName":"search_term_string"}}],"inLanguage":"de"},{"@type":"Organization","@id":"https:\/\/www.lraloeverashop.eu\/de\/#organization","name":"Lr Aloe Vera Shop","alternateName":"LR","url":"https:\/\/www.lraloeverashop.eu\/de\/","logo":{"@type":"ImageObject","inLanguage":"de","@id":"https:\/\/www.lraloeverashop.eu\/de\/#\/schema\/logo\/image\/","url":"https:\/\/www.lraloeverashop.eu\/wp-content\/uploads\/2022\/09\/cropped-Lr-Aloe-Vera-Shop.jpg","contentUrl":"https:\/\/www.lraloeverashop.eu\/wp-content\/uploads\/2022\/09\/cropped-Lr-Aloe-Vera-Shop.jpg","width":228,"height":76,"caption":"Lr Aloe Vera Shop"},"image":{"@id":"https:\/\/www.lraloeverashop.eu\/de\/#\/schema\/logo\/image\/"},"sameAs":["https:\/\/www.facebook.com\/lraloeverashop.eu","https:\/\/x.com\/natur__kosmetik","https:\/\/www.youtube.com\/channel\/UC5oN7BJ8nfYb8RpVtjwDEBA","https:\/\/www.instagram.com\/lrbeautyeu\/"],"description":"LR Aloe Vera Shop ist Ihre vertrauensw\u00fcrdige Adresse f\u00fcr hochwertige LR Health & Beauty Produkte aus Deutschland. Wir bieten Ihnen erstklassige Aloe Vera Hautpflege, N\u00e4hrstoffe und Anti-Aging-Produkte mit reinen Inhaltsstoffen, die auf wissenschaftlichen Erkenntnissen basieren. Entdecken Sie nat\u00fcrliche Pflege, die Ihre Haut regeneriert, sch\u00fctzt und revitalisiert \u2013 und profitieren Sie von exklusiven Monatsangeboten auf unsere Bestseller von LR Aloe Vera. Starten Sie noch heute Ihre Reise zu nat\u00fcrlicher Hautpflege und sp\u00fcren Sie den Unterschied.","email":"info@lraloeverashop.eu","telephone":"+49 17670609653","legalName":"Lr Aloe Vera Shop","foundingDate":"2018-04-21","numberOfEmployees":{"@type":"QuantitativeValue","minValue":"1","maxValue":"10"}}]},"product_price_amount":"178.41","product_price_currency":"EUR","og_availability":"instock","product_availability":"instock","product_retailer_item_id":"80389-501DE","product_condition":"new"},"taxonomy_info":{"product_cat":[{"value":399,"label":"Basis"},{"value":435,"label":"Darm &amp; Verdauung"},{"value":346,"label":"Immunsystem &amp; Gleichgewicht"},{"value":495,"label":"Kolostrum"},{"value":462,"label":"Sparen im set"},{"value":465,"label":"Spezialisten"},{"value":411,"label":"Spezielle Produkte"}],"product_tag":[{"value":653,"label":"Immun-Booster"}]},"featured_image_src_large":["https:\/\/www.lraloeverashop.eu\/wp-content\/uploads\/2022\/10\/Lr-Colostrum-Compact-capsules-3-Set-1024x1024.jpg",1024,1024,true],"author_info":[],"comment_info":0,"_links":{"self":[{"href":"https:\/\/www.lraloeverashop.eu\/de\/wp-json\/wp\/v2\/product\/9944","targetHints":{"allow":["GET"]}}],"collection":[{"href":"https:\/\/www.lraloeverashop.eu\/de\/wp-json\/wp\/v2\/product"}],"about":[{"href":"https:\/\/www.lraloeverashop.eu\/de\/wp-json\/wp\/v2\/types\/product"}],"replies":[{"embeddable":true,"href":"https:\/\/www.lraloeverashop.eu\/de\/wp-json\/wp\/v2\/comments?post=9944"}],"wp:featuredmedia":[{"embeddable":true,"href":"https:\/\/www.lraloeverashop.eu\/de\/wp-json\/wp\/v2\/media\/5539"}],"wp:attachment":[{"href":"https:\/\/www.lraloeverashop.eu\/de\/wp-json\/wp\/v2\/media?parent=9944"}],"wp:term":[{"taxonomy":"product_brand","embeddable":true,"href":"https:\/\/www.lraloeverashop.eu\/de\/wp-json\/wp\/v2\/product_brand?post=9944"},{"taxonomy":"product_cat","embeddable":true,"href":"https:\/\/www.lraloeverashop.eu\/de\/wp-json\/wp\/v2\/product_cat?post=9944"},{"taxonomy":"product_tag","embeddable":true,"href":"https:\/\/www.lraloeverashop.eu\/de\/wp-json\/wp\/v2\/product_tag?post=9944"}],"curies":[{"name":"wp","href":"https:\/\/api.w.org\/{rel}","templated":true}]}}