{"id":9903,"date":"2022-10-12T11:17:23","date_gmt":"2022-10-12T09:17:23","guid":{"rendered":"https:\/\/www.lraloeverashop.eu\/product\/lr-cistus-incanus-kapseln\/"},"modified":"2026-02-03T18:44:26","modified_gmt":"2026-02-03T17:44:26","slug":"lr-cistus-incanus-kapseln","status":"publish","type":"product","link":"https:\/\/www.lraloeverashop.eu\/de\/produkt\/lr-cistus-incanus-kapseln\/","title":{"rendered":"Lr Cistus Incanus Kapseln Set"},"content":{"rendered":"<h2><span style=\"font-size: 16pt;\"><strong>Lr Cistus Incanus Kapseln Set<\/strong><\/span><\/h2>\n<p><span style=\"font-size: 14pt;\"><strong>Lr Cistus Incanus Kapseln Set Mit Zink und Vitamin C f\u00fcr ein gesundes Immunsystem<\/strong><\/span><\/p>\n<p>Die Abwehr des K\u00f6rpers arbeitet st\u00e4ndig, ohne Pause. Mit den Cistus Incanus Kapseln mit <a href=\"https:\/\/www.lraloeverashop.eu\/de\/produkt\/vita-active-rote-fruechte\/\">Vitamin C<\/a> und Zink angereicherten Kapseln k\u00f6nnen Sie einen wertvollen Beitrag zur Funktion Ihres Immunsystems leisten. Nur zwei Kapseln t\u00e4glich decken Ihren t\u00e4glichen Vitamin-C-Bedarf.<\/p>\n<p>Von der Europ\u00e4ischen Beh\u00f6rde f\u00fcr Lebensmittelsicherheit wissenschaftlich best\u00e4tigt: Vitamin C und Zink tragen zum normalen Funktionieren des <a href=\"https:\/\/www.lraloeverashop.eu\/de\/produkt\/aloe-vera-trinkgel-immune-plus\/\">Immunsystems<\/a> bei.<\/p>\n<p>&nbsp;<\/p>\n<h2><strong><span style=\"font-size: 16pt;\">Wie benutzt man Cistus Incanus Kapseln<\/span><\/strong><\/h2>\n<p>Nehmen Sie 2 x 1 Kapsel t\u00e4glich mit etwas Fl\u00fcssigkeit ein.<\/p>\n<p>Lr Cistus Incanus Kapseln Set empfohlene Tagesdosis sollte nicht \u00fcberschritten werden. Nahrungserg\u00e4nzungsmittel sind kein Ersatz f\u00fcr eine abwechslungsreiche und ausgewogene Ern\u00e4hrung, die zusammen mit einer <a href=\"https:\/\/www.lraloeverashop.eu\/de\/produkt\/cbd-kapseln-lr-cannaloe\/\">gesunden Lebensweise<\/a> wichtig ist. Produkt au\u00dferhalb der Reichweite von Kleinkindern aufbewahren. K\u00fchl und trocken lagern.<\/p>\n<p>&nbsp;<\/p>\n<h3><span style=\"font-size: 16pt;\"><strong>Wussten Sie schon?<img loading=\"lazy\" decoding=\"async\" class=\"size-full wp-image-2830 alignright\" src=\"https:\/\/www.lraloeverashop.eu\/wp-content\/uploads\/2022\/10\/Cistus-Incanus-flower.jpg\" alt=\"Cistus Incanus flower\" width=\"293\" height=\"389\" srcset=\"https:\/\/www.lraloeverashop.eu\/wp-content\/uploads\/2022\/10\/Cistus-Incanus-flower.jpg 293w, https:\/\/www.lraloeverashop.eu\/wp-content\/uploads\/2022\/10\/Cistus-Incanus-flower-226x300.jpg 226w\" sizes=\"auto, (max-width: 293px) 100vw, 293px\" \/><\/strong><\/span><\/h3>\n<p><span style=\"color: #000000;\"><strong>\u00dcber Pflanze<\/strong><\/span><br \/>\nDie Cistus incanus-Pflanze geh\u00f6rt zur Gattung der Rosenrosen in der Familie der Cistus-Pflanzen und ist vor allem im warmen Mittelmeerraum (wie in Griechenland und der T\u00fcrkei) beheimatet. Unter guten klimatischen Bedingungen wird die Pflanze bis zu einem Meter hoch und bildet in der Bl\u00fctezeit von April bis Juni h\u00fcbsche rosa bis violette Bl\u00fcten mit einem Durchmesser von 4 bis 6 Zentimetern.<\/p>\n<p><span style=\"color: #000000;\"><strong>Anbau<\/strong><\/span><br \/>\nLeider ist der Anbau der Cistus Incanus Pflanze ein hoffnungsloses Unterfangen, da die grauhaarige Zistrose nur wild w\u00e4chst. Die Cistus incanus Pflanze ist im ganzen Mittelmeer zu finden, wo sie am besten auf Kalkstein oder Silikat (Macchia) inmitten von verschiedenen Str\u00e4uchern w\u00e4chst.<\/p>\n<p>&nbsp;<\/p>\n<h4><span style=\"font-size: 16pt; color: #000000;\"><strong>H\u00e4ufig gestellte Fragen<\/strong><\/span><\/h4>\n<p><span style=\"color: #000000;\"><strong>Was ist Cistus Incanus?<\/strong><\/span><\/p>\n<p>Die Geschichte dieser Pflanze beginnt bereits im 4. Jahrhundert vor Christus. Cistus Incanus wurde bald als\u00a0wohlschmeckender Tee\u00a0im Nahen Osten, Nordafrika und im europ\u00e4ischen Mittelmeerraum popul\u00e4r.<\/p>\n<p><span style=\"color: #000000;\"><strong>Was nutzt LR von dieser Pflanze?<\/strong><\/span><br \/>\nNur die geschnittenen Bl\u00e4tter werden verarbeitet. H\u00f6lzer und St\u00e4mme werden konsequent aussortiert. Permanente Qualit\u00e4tskontrollen w\u00e4hrend des Herstellungsprozesses garantieren maximale Reinheit und Qualit\u00e4t.<\/p>\n<p><span style=\"color: #000000;\"><strong>Kann ich Cistus Incanus auch l\u00e4ngere Zeit benutzen?<\/strong><\/span><br \/>\nSie k\u00f6nnen die Lr Cistus Incanus Kapseln Set \u00fcber einen langen Zeitraum sicher verwenden.<\/p>\n<p><span style=\"color: #000000;\"><strong>Welchen Rohstoff verwendet LR in seinem Produkt?<\/strong><\/span><br \/>\nWir verwenden <a href=\"https:\/\/www.lraloeverashop.eu\/de\/produkt\/cistus-incanus-kapseln\/\">Cistus Incanus<\/a> ssp. Taurikus. Diese Pflanze w\u00e4chst wild in der Natur, nicht auf Plantagen.<\/p>\n<p><span style=\"color: #000000;\"><strong>Wie wird das Rohmaterial verarbeitet?<\/strong><\/span><br \/>\nDie Bl\u00e4tter der Pflanze werden gesammelt, getrocknet, gereinigt und geschnitten, bevor sie von bekannten Extraktherstellern zu einem w\u00e4ssrigen Gebr\u00e4u verarbeitet werden. Dieser Extrakt wird getrocknet und schlie\u00dflich in Kapseln gef\u00fcllt. Das beschriebene Verfahren ist eine Standardextraktionstechnologie.<\/p>\n","protected":false},"excerpt":{"rendered":"<ul>\n<li>Mit Zink und Vitamin C f\u00fcr ein gesundes Immunsystem\u00b9<\/li>\n<li>69% Cistus incanus-Extrakt<\/li>\n<li>100% Vitamin C und 20% Zink pro Tagesration<\/li>\n<li>Reine Gem\u00fcsekapselh\u00fclle<\/li>\n<li>Produkt Hergestellt in Deutschland<\/li>\n<li>Menge: 3 x 60 Kapseln<\/li>\n<\/ul>\n<p><span style=\"color: #ff0000;\"><a style=\"color: #ff0000;\" href=\"https:\/\/shop.lrworld.com\/openpao?PHP=0vFlt7jT938BEnBI3a6e9w%3D%3D\"><span style=\"font-size: 14pt;\"><strong>Hier registrieren und dauerhaft 35\u202f% sparen<\/strong><\/span><\/a><\/span><\/p>\n","protected":false},"featured_media":5389,"comment_status":"open","ping_status":"closed","template":"","meta":{"_kad_blocks_custom_css":"","_kad_blocks_head_custom_js":"","_kad_blocks_body_custom_js":"","_kad_blocks_footer_custom_js":"","_kadence_starter_templates_imported_post":false,"_kad_post_transparent":"default","_kad_post_title":"","_kad_post_layout":"default","_kad_post_sidebar_id":"","_kad_post_content_style":"default","_kad_post_vertical_padding":"default","_kad_post_feature":"","_kad_post_feature_position":"","_kad_post_header":false,"_kad_post_footer":false,"_kad_post_classname":""},"product_brand":[],"product_cat":[399,489,346,462,411],"product_tag":[653],"class_list":{"0":"post-9903","1":"product","2":"type-product","3":"status-publish","4":"has-post-thumbnail","6":"product_cat-basis","7":"product_cat-cistus-incanus-de","8":"product_cat-immunsystem-gleichgewicht","9":"product_cat-sparen-im-set","10":"product_cat-spezielle-produkte","11":"product_tag-immun-booster","13":"first","14":"outofstock","15":"taxable","16":"shipping-taxable","17":"purchasable","18":"product-type-simple","19":"entry","20":"content-bg","21":"loop-entry"},"yoast_head":"<!-- This site is optimized with the Yoast SEO Premium plugin v27.3 (Yoast SEO v27.3) - https:\/\/yoast.com\/product\/yoast-seo-premium-wordpress\/ -->\n<title>Lr Cistus Incanus kapseln Set mit Zink und Vitamin C<\/title>\n<meta name=\"description\" content=\"Lr Cistus Incanus Kapseln Set mit 69 % Cistus Extrakt, 100% Vitamin C und 20% Zink pro Tagesration unterst\u00fctzen das Immunsystem. Hochwertiges Produkt\" \/>\n<meta name=\"robots\" content=\"index, follow, max-snippet:-1, max-image-preview:large, max-video-preview:-1\" \/>\n<link rel=\"canonical\" href=\"https:\/\/www.lraloeverashop.eu\/de\/produkt\/lr-cistus-incanus-kapseln\/\" \/>\n<meta property=\"og:locale\" content=\"de_DE\" \/>\n<meta property=\"og:type\" content=\"article\" \/>\n<meta property=\"og:title\" content=\"Lr Cistus Incanus Kapseln Set\" \/>\n<meta property=\"og:description\" content=\"Lr Cistus Incanus Kapseln Set mit 69 % Cistus Extrakt, 100% Vitamin C und 20% Zink pro Tagesration unterst\u00fctzen das Immunsystem. Hochwertiges Produkt\" \/>\n<meta property=\"og:url\" content=\"https:\/\/www.lraloeverashop.eu\/de\/produkt\/lr-cistus-incanus-kapseln\/\" \/>\n<meta property=\"og:site_name\" content=\"Lr Aloe Vera Shop\" \/>\n<meta property=\"article:publisher\" content=\"https:\/\/www.facebook.com\/lraloeverashop.eu\" \/>\n<meta property=\"article:modified_time\" content=\"2026-02-03T17:44:26+00:00\" \/>\n<meta property=\"og:image\" content=\"https:\/\/www.lraloeverashop.eu\/wp-content\/uploads\/2022\/10\/Cistus-Incanus-Capsules-3-Pcs-Set.jpg\" \/>\n\t<meta property=\"og:image:width\" content=\"1200\" \/>\n\t<meta property=\"og:image:height\" content=\"1200\" \/>\n\t<meta property=\"og:image:type\" content=\"image\/jpeg\" \/>\n<meta name=\"twitter:card\" content=\"summary_large_image\" \/>\n<meta name=\"twitter:site\" content=\"@natur__kosmetik\" \/>\n<script type=\"application\/ld+json\" class=\"yoast-schema-graph\">{\"@context\":\"https:\\\/\\\/schema.org\",\"@graph\":[{\"@type\":[\"WebPage\",\"ItemPage\"],\"@id\":\"https:\\\/\\\/www.lraloeverashop.eu\\\/de\\\/produkt\\\/lr-cistus-incanus-kapseln\\\/\",\"url\":\"https:\\\/\\\/www.lraloeverashop.eu\\\/de\\\/produkt\\\/lr-cistus-incanus-kapseln\\\/\",\"name\":\"Lr Cistus Incanus kapseln Set mit Zink und Vitamin C\",\"isPartOf\":{\"@id\":\"https:\\\/\\\/www.lraloeverashop.eu\\\/de\\\/#website\"},\"primaryImageOfPage\":{\"@id\":\"https:\\\/\\\/www.lraloeverashop.eu\\\/de\\\/produkt\\\/lr-cistus-incanus-kapseln\\\/#primaryimage\"},\"image\":{\"@id\":\"https:\\\/\\\/www.lraloeverashop.eu\\\/de\\\/produkt\\\/lr-cistus-incanus-kapseln\\\/#primaryimage\"},\"thumbnailUrl\":\"https:\\\/\\\/www.lraloeverashop.eu\\\/wp-content\\\/uploads\\\/2022\\\/10\\\/Cistus-Incanus-Capsules-3-Pcs-Set.jpg\",\"datePublished\":\"2022-10-12T09:17:23+00:00\",\"dateModified\":\"2026-02-03T17:44:26+00:00\",\"description\":\"Lr Cistus Incanus Kapseln Set mit 69 % Cistus Extrakt, 100% Vitamin C und 20% Zink pro Tagesration unterst\u00fctzen das Immunsystem. Hochwertiges Produkt\",\"breadcrumb\":{\"@id\":\"https:\\\/\\\/www.lraloeverashop.eu\\\/de\\\/produkt\\\/lr-cistus-incanus-kapseln\\\/#breadcrumb\"},\"inLanguage\":\"de\",\"potentialAction\":[{\"@type\":\"ReadAction\",\"target\":[\"https:\\\/\\\/www.lraloeverashop.eu\\\/de\\\/produkt\\\/lr-cistus-incanus-kapseln\\\/\"]}]},{\"@type\":\"ImageObject\",\"inLanguage\":\"de\",\"@id\":\"https:\\\/\\\/www.lraloeverashop.eu\\\/de\\\/produkt\\\/lr-cistus-incanus-kapseln\\\/#primaryimage\",\"url\":\"https:\\\/\\\/www.lraloeverashop.eu\\\/wp-content\\\/uploads\\\/2022\\\/10\\\/Cistus-Incanus-Capsules-3-Pcs-Set.jpg\",\"contentUrl\":\"https:\\\/\\\/www.lraloeverashop.eu\\\/wp-content\\\/uploads\\\/2022\\\/10\\\/Cistus-Incanus-Capsules-3-Pcs-Set.jpg\",\"width\":1200,\"height\":1200,\"caption\":\"Cistus Incanus Kapseln 3er Set\"},{\"@type\":\"BreadcrumbList\",\"@id\":\"https:\\\/\\\/www.lraloeverashop.eu\\\/de\\\/produkt\\\/lr-cistus-incanus-kapseln\\\/#breadcrumb\",\"itemListElement\":[{\"@type\":\"ListItem\",\"position\":1,\"name\":\"Home\",\"item\":\"https:\\\/\\\/www.lraloeverashop.eu\\\/de\\\/\"},{\"@type\":\"ListItem\",\"position\":2,\"name\":\"Shop\",\"item\":\"https:\\\/\\\/www.lraloeverashop.eu\\\/de\\\/shop-2\\\/\"},{\"@type\":\"ListItem\",\"position\":3,\"name\":\"Lr Cistus Incanus Kapseln Set\"}]},{\"@type\":\"WebSite\",\"@id\":\"https:\\\/\\\/www.lraloeverashop.eu\\\/de\\\/#website\",\"url\":\"https:\\\/\\\/www.lraloeverashop.eu\\\/de\\\/\",\"name\":\"Lr Aloe Vera Shop\",\"description\":\"High Quality Lr Aloe Vera Gel, Aloe Vera Cream and Shampoo\",\"publisher\":{\"@id\":\"https:\\\/\\\/www.lraloeverashop.eu\\\/de\\\/#organization\"},\"potentialAction\":[{\"@type\":\"SearchAction\",\"target\":{\"@type\":\"EntryPoint\",\"urlTemplate\":\"https:\\\/\\\/www.lraloeverashop.eu\\\/de\\\/?s={search_term_string}\"},\"query-input\":{\"@type\":\"PropertyValueSpecification\",\"valueRequired\":true,\"valueName\":\"search_term_string\"}}],\"inLanguage\":\"de\"},{\"@type\":\"Organization\",\"@id\":\"https:\\\/\\\/www.lraloeverashop.eu\\\/de\\\/#organization\",\"name\":\"Lr Aloe Vera Shop\",\"alternateName\":\"LR\",\"url\":\"https:\\\/\\\/www.lraloeverashop.eu\\\/de\\\/\",\"logo\":{\"@type\":\"ImageObject\",\"inLanguage\":\"de\",\"@id\":\"https:\\\/\\\/www.lraloeverashop.eu\\\/de\\\/#\\\/schema\\\/logo\\\/image\\\/\",\"url\":\"https:\\\/\\\/www.lraloeverashop.eu\\\/wp-content\\\/uploads\\\/2022\\\/09\\\/cropped-Lr-Aloe-Vera-Shop.jpg\",\"contentUrl\":\"https:\\\/\\\/www.lraloeverashop.eu\\\/wp-content\\\/uploads\\\/2022\\\/09\\\/cropped-Lr-Aloe-Vera-Shop.jpg\",\"width\":228,\"height\":76,\"caption\":\"Lr Aloe Vera Shop\"},\"image\":{\"@id\":\"https:\\\/\\\/www.lraloeverashop.eu\\\/de\\\/#\\\/schema\\\/logo\\\/image\\\/\"},\"sameAs\":[\"https:\\\/\\\/www.facebook.com\\\/lraloeverashop.eu\",\"https:\\\/\\\/x.com\\\/natur__kosmetik\",\"https:\\\/\\\/www.youtube.com\\\/channel\\\/UC5oN7BJ8nfYb8RpVtjwDEBA\",\"https:\\\/\\\/www.instagram.com\\\/lrbeautyeu\\\/\"]}]}<\/script>\n<meta property=\"product:price:amount\" content=\"122.79\" \/>\n<meta property=\"product:price:currency\" content=\"EUR\" \/>\n<meta property=\"og:availability\" content=\"out of stock\" \/>\n<meta property=\"product:availability\" content=\"out of stock\" \/>\n<meta property=\"product:retailer_item_id\" content=\"80142-401DE\" \/>\n<meta property=\"product:condition\" content=\"new\" \/>\n<!-- \/ Yoast SEO Premium plugin. -->","yoast_head_json":{"title":"Lr Cistus Incanus kapseln Set mit Zink und Vitamin C","description":"Lr Cistus Incanus Kapseln Set mit 69 % Cistus Extrakt, 100% Vitamin C und 20% Zink pro Tagesration unterst\u00fctzen das Immunsystem. Hochwertiges Produkt","robots":{"index":"index","follow":"follow","max-snippet":"max-snippet:-1","max-image-preview":"max-image-preview:large","max-video-preview":"max-video-preview:-1"},"canonical":"https:\/\/www.lraloeverashop.eu\/de\/produkt\/lr-cistus-incanus-kapseln\/","og_locale":"de_DE","og_type":"article","og_title":"Lr Cistus Incanus Kapseln Set","og_description":"Lr Cistus Incanus Kapseln Set mit 69 % Cistus Extrakt, 100% Vitamin C und 20% Zink pro Tagesration unterst\u00fctzen das Immunsystem. Hochwertiges Produkt","og_url":"https:\/\/www.lraloeverashop.eu\/de\/produkt\/lr-cistus-incanus-kapseln\/","og_site_name":"Lr Aloe Vera Shop","article_publisher":"https:\/\/www.facebook.com\/lraloeverashop.eu","article_modified_time":"2026-02-03T17:44:26+00:00","og_image":[{"width":1200,"height":1200,"url":"https:\/\/www.lraloeverashop.eu\/wp-content\/uploads\/2022\/10\/Cistus-Incanus-Capsules-3-Pcs-Set.jpg","type":"image\/jpeg"}],"twitter_card":"summary_large_image","twitter_site":"@natur__kosmetik","schema":{"@context":"https:\/\/schema.org","@graph":[{"@type":["WebPage","ItemPage"],"@id":"https:\/\/www.lraloeverashop.eu\/de\/produkt\/lr-cistus-incanus-kapseln\/","url":"https:\/\/www.lraloeverashop.eu\/de\/produkt\/lr-cistus-incanus-kapseln\/","name":"Lr Cistus Incanus kapseln Set mit Zink und Vitamin C","isPartOf":{"@id":"https:\/\/www.lraloeverashop.eu\/de\/#website"},"primaryImageOfPage":{"@id":"https:\/\/www.lraloeverashop.eu\/de\/produkt\/lr-cistus-incanus-kapseln\/#primaryimage"},"image":{"@id":"https:\/\/www.lraloeverashop.eu\/de\/produkt\/lr-cistus-incanus-kapseln\/#primaryimage"},"thumbnailUrl":"https:\/\/www.lraloeverashop.eu\/wp-content\/uploads\/2022\/10\/Cistus-Incanus-Capsules-3-Pcs-Set.jpg","datePublished":"2022-10-12T09:17:23+00:00","dateModified":"2026-02-03T17:44:26+00:00","description":"Lr Cistus Incanus Kapseln Set mit 69 % Cistus Extrakt, 100% Vitamin C und 20% Zink pro Tagesration unterst\u00fctzen das Immunsystem. Hochwertiges Produkt","breadcrumb":{"@id":"https:\/\/www.lraloeverashop.eu\/de\/produkt\/lr-cistus-incanus-kapseln\/#breadcrumb"},"inLanguage":"de","potentialAction":[{"@type":"ReadAction","target":["https:\/\/www.lraloeverashop.eu\/de\/produkt\/lr-cistus-incanus-kapseln\/"]}]},{"@type":"ImageObject","inLanguage":"de","@id":"https:\/\/www.lraloeverashop.eu\/de\/produkt\/lr-cistus-incanus-kapseln\/#primaryimage","url":"https:\/\/www.lraloeverashop.eu\/wp-content\/uploads\/2022\/10\/Cistus-Incanus-Capsules-3-Pcs-Set.jpg","contentUrl":"https:\/\/www.lraloeverashop.eu\/wp-content\/uploads\/2022\/10\/Cistus-Incanus-Capsules-3-Pcs-Set.jpg","width":1200,"height":1200,"caption":"Cistus Incanus Kapseln 3er Set"},{"@type":"BreadcrumbList","@id":"https:\/\/www.lraloeverashop.eu\/de\/produkt\/lr-cistus-incanus-kapseln\/#breadcrumb","itemListElement":[{"@type":"ListItem","position":1,"name":"Home","item":"https:\/\/www.lraloeverashop.eu\/de\/"},{"@type":"ListItem","position":2,"name":"Shop","item":"https:\/\/www.lraloeverashop.eu\/de\/shop-2\/"},{"@type":"ListItem","position":3,"name":"Lr Cistus Incanus Kapseln Set"}]},{"@type":"WebSite","@id":"https:\/\/www.lraloeverashop.eu\/de\/#website","url":"https:\/\/www.lraloeverashop.eu\/de\/","name":"Lr Aloe Vera Shop","description":"High Quality Lr Aloe Vera Gel, Aloe Vera Cream and Shampoo","publisher":{"@id":"https:\/\/www.lraloeverashop.eu\/de\/#organization"},"potentialAction":[{"@type":"SearchAction","target":{"@type":"EntryPoint","urlTemplate":"https:\/\/www.lraloeverashop.eu\/de\/?s={search_term_string}"},"query-input":{"@type":"PropertyValueSpecification","valueRequired":true,"valueName":"search_term_string"}}],"inLanguage":"de"},{"@type":"Organization","@id":"https:\/\/www.lraloeverashop.eu\/de\/#organization","name":"Lr Aloe Vera Shop","alternateName":"LR","url":"https:\/\/www.lraloeverashop.eu\/de\/","logo":{"@type":"ImageObject","inLanguage":"de","@id":"https:\/\/www.lraloeverashop.eu\/de\/#\/schema\/logo\/image\/","url":"https:\/\/www.lraloeverashop.eu\/wp-content\/uploads\/2022\/09\/cropped-Lr-Aloe-Vera-Shop.jpg","contentUrl":"https:\/\/www.lraloeverashop.eu\/wp-content\/uploads\/2022\/09\/cropped-Lr-Aloe-Vera-Shop.jpg","width":228,"height":76,"caption":"Lr Aloe Vera Shop"},"image":{"@id":"https:\/\/www.lraloeverashop.eu\/de\/#\/schema\/logo\/image\/"},"sameAs":["https:\/\/www.facebook.com\/lraloeverashop.eu","https:\/\/x.com\/natur__kosmetik","https:\/\/www.youtube.com\/channel\/UC5oN7BJ8nfYb8RpVtjwDEBA","https:\/\/www.instagram.com\/lrbeautyeu\/"]}]},"product_price_amount":"122.79","product_price_currency":"EUR","og_availability":"out of stock","product_availability":"out of stock","product_retailer_item_id":"80142-401DE","product_condition":"new"},"taxonomy_info":{"product_cat":[{"value":399,"label":"Basis"},{"value":489,"label":"Cistus Incanus"},{"value":346,"label":"Immunsystem &amp; Gleichgewicht"},{"value":462,"label":"Sparen im set"},{"value":411,"label":"Spezielle Produkte"}],"product_tag":[{"value":653,"label":"Immun-Booster"}]},"featured_image_src_large":["https:\/\/www.lraloeverashop.eu\/wp-content\/uploads\/2022\/10\/Cistus-Incanus-Capsules-3-Pcs-Set-1024x1024.jpg",1024,1024,true],"author_info":[],"comment_info":0,"_links":{"self":[{"href":"https:\/\/www.lraloeverashop.eu\/de\/wp-json\/wp\/v2\/product\/9903","targetHints":{"allow":["GET"]}}],"collection":[{"href":"https:\/\/www.lraloeverashop.eu\/de\/wp-json\/wp\/v2\/product"}],"about":[{"href":"https:\/\/www.lraloeverashop.eu\/de\/wp-json\/wp\/v2\/types\/product"}],"replies":[{"embeddable":true,"href":"https:\/\/www.lraloeverashop.eu\/de\/wp-json\/wp\/v2\/comments?post=9903"}],"wp:featuredmedia":[{"embeddable":true,"href":"https:\/\/www.lraloeverashop.eu\/de\/wp-json\/wp\/v2\/media\/5389"}],"wp:attachment":[{"href":"https:\/\/www.lraloeverashop.eu\/de\/wp-json\/wp\/v2\/media?parent=9903"}],"wp:term":[{"taxonomy":"product_brand","embeddable":true,"href":"https:\/\/www.lraloeverashop.eu\/de\/wp-json\/wp\/v2\/product_brand?post=9903"},{"taxonomy":"product_cat","embeddable":true,"href":"https:\/\/www.lraloeverashop.eu\/de\/wp-json\/wp\/v2\/product_cat?post=9903"},{"taxonomy":"product_tag","embeddable":true,"href":"https:\/\/www.lraloeverashop.eu\/de\/wp-json\/wp\/v2\/product_tag?post=9903"}],"curies":[{"name":"wp","href":"https:\/\/api.w.org\/{rel}","templated":true}]}}