{"id":9872,"date":"2022-10-12T12:12:17","date_gmt":"2022-10-12T10:12:17","guid":{"rendered":"https:\/\/www.lraloeverashop.eu\/product\/cistus-incanus-tee\/"},"modified":"2025-03-29T10:44:02","modified_gmt":"2025-03-29T09:44:02","slug":"cistus-incanus-tee","status":"publish","type":"product","link":"https:\/\/www.lraloeverashop.eu\/de\/produkt\/cistus-incanus-tee\/","title":{"rendered":"Cistus Incanus Badetee"},"content":{"rendered":"<h2><span style=\"font-size: 16pt;\"><strong>Cistus Incanus Badetee<\/strong><\/span><\/h2>\n<p><span style=\"font-size: 14pt;\"><strong>Cistus Incanus Badetee f\u00fcr gereizte, sensible Haut<\/strong><\/span><\/p>\n<p>Badetee eignet sich besonders gut zur Entspannung gereizter und empfindlicher Haut. Es enth\u00e4lt nur nat\u00fcrliche, pflanzliche Kr\u00e4uter wie Cistus Incanus und Pfefferminze. Diese sind nat\u00fcrlichen Ursprungs und enthalten <a href=\"https:\/\/www.lraloeverashop.eu\/de\/kann-der-kraeuter-tee-zum-abnehmen-beim-abnehmen-helfen\/\">Lebensmittelqualit\u00e4t<\/a>.<\/p>\n<p>Der Badetee mit Cistrose, wie die Cistus incanus Pflanze auch genannt wird, besteht zu 95% aus den Bl\u00e4ttern der Cistus incanus Pflanze und ist zus\u00e4tzlich mit 5% Minzbl\u00e4ttern angereichert. Dementsprechend besteht der Tee zu 100% aus <a href=\"https:\/\/www.lraloeverashop.eu\/de\/produkt\/kraeuter-fasten-tee\/\">Nat\u00fcrlichen Zutaten<\/a> und ist frei von Aromen. Kochen, gie\u00dfen, genie\u00dfen<\/p>\n<p>&nbsp;<\/p>\n<h2><strong><span style=\"font-size: 16pt;\">So verwenden Sie Badetee<\/span><\/strong><\/h2>\n<p>4 Essl\u00f6ffel Cistus Incanus in eine Teekanne geben und mit 1 Liter kochendem Wasser \u00fcbergie\u00dfen. Nach 8-10 Minuten durch ein Sieb passieren. F\u00fcllen Sie die Badewanne mit Wasser und f\u00fcgen Sie den Tee hinzu.<\/p>\n<p>&nbsp;<\/p>\n<h3><strong><span style=\"font-size: 16pt;\">Weitere Anwendungsgebiete neben dem Vollbad:<\/span><\/strong><\/h3>\n<p><strong>Cistus Incanus Badetee f\u00fcr F\u00fc\u00dfe oder H\u00e4nde:<\/strong> Geben Sie 1 Essl\u00f6ffel Badetee auf einen Liter warmes Wasser. Nach einigen Minuten k\u00f6nnen H\u00e4nde oder F\u00fc\u00dfe f\u00fcr ca. 5-10 Minuten in der Br\u00fche gebadet werden. Lassen Sie Ihre F\u00fc\u00dfe oder H\u00e4nde nach dem Bad an der Luft trocknen, damit alles einwirken kann.<\/p>\n<p><strong>Cistus Incanus Badetee f\u00fcr Gesicht:<\/strong> Gie\u00dfen Sie 1-2 Essl\u00f6ffel des Badetees in eine gro\u00dfe, mit Wasser gef\u00fcllte Tasse oder ein anderes geeignetes Gef\u00e4\u00df. Nach einigen Minuten kann das mit der Fl\u00fcssigkeit getr\u00e4nkte Wattepad auf die entsprechenden Gesichtspartien getupft werden. An der Luft trocknen lassen, damit alles einwirken kann.<\/p>\n<p>&nbsp;<\/p>\n<h4><strong><span style=\"font-size: 16pt;\">Wussten Sie schon?<\/span><\/strong><\/h4>\n<p>Die Pflanze Cistus Incanus geh\u00f6rt zur Gattung der Zistrosen in der Familie der Zistrosengew\u00e4chse und ist haupts\u00e4chlich im warmen Mittelmeerraum (z. B. in Griechenland und der T\u00fcrkei) beheimatet. Bei guten klimatischen Bedingungen wird die Pflanze bis zu einem Meter hoch und hat h\u00fcbsche rosa bis violette Bl\u00fcten, die in der Bl\u00fctezeit von April bis Juni einen Durchmesser von 4 bis 6 Zentimetern erreichen.<\/p>\n","protected":false},"excerpt":{"rendered":"<ul>\n<li>F\u00fcr entspannendes Gesichts-, Hand- oder Fu\u00dfbad<\/li>\n<li>Besonders geeignet f\u00fcr gereizte, empfindliche Haut<\/li>\n<li>Nat\u00fcrliche Kr\u00e4uter: 95 % Cistus Incanus, 5 % Pfefferminze<\/li>\n<li>Nat\u00fcrlichen Ursprungs in Lebensmittelqualit\u00e4t<\/li>\n<li>Hergestellt in Deutschland<\/li>\n<li>Menge: 250 g<\/li>\n<\/ul>\n<p>&nbsp;<\/p>\n","protected":false},"featured_media":9865,"comment_status":"open","ping_status":"closed","template":"","meta":{"_kad_blocks_custom_css":"","_kad_blocks_head_custom_js":"","_kad_blocks_body_custom_js":"","_kad_blocks_footer_custom_js":"","_kadence_starter_templates_imported_post":false,"_kad_post_transparent":"default","_kad_post_title":"","_kad_post_layout":"default","_kad_post_sidebar_id":"","_kad_post_content_style":"default","_kad_post_vertical_padding":"default","_kad_post_feature":"","_kad_post_feature_position":"","_kad_post_header":false,"_kad_post_footer":false,"_kad_post_classname":""},"product_brand":[],"product_cat":[489,447,465,411],"product_tag":[],"class_list":{"0":"post-9872","1":"product","2":"type-product","3":"status-publish","4":"has-post-thumbnail","6":"product_cat-cistus-incanus-de","7":"product_cat-entspannung","8":"product_cat-spezial-ernahrung","9":"product_cat-spezielle-produkte","11":"first","12":"outofstock","13":"taxable","14":"shipping-taxable","15":"purchasable","16":"product-type-simple","17":"entry","18":"content-bg","19":"loop-entry"},"yoast_head":"<!-- This site is optimized with the Yoast SEO Premium plugin v27.3 (Yoast SEO v27.3) - https:\/\/yoast.com\/product\/yoast-seo-premium-wordpress\/ -->\n<title>Cistus Incanus Badetee f\u00fcr gereizte, sensible Haut<\/title>\n<meta name=\"description\" content=\"Cistus Incanus Badetee f\u00fcr entspannendes Gesichts-, Hand- oder Fu\u00dfbad. Mit Nat\u00fcrliche Kr\u00e4uter: 95% Cistus Incanus und 5% Pfefferminze\" \/>\n<meta name=\"robots\" content=\"index, follow, max-snippet:-1, max-image-preview:large, max-video-preview:-1\" \/>\n<link rel=\"canonical\" href=\"https:\/\/www.lraloeverashop.eu\/de\/produkt\/cistus-incanus-tee\/\" \/>\n<meta property=\"og:locale\" content=\"de_DE\" \/>\n<meta property=\"og:type\" content=\"article\" \/>\n<meta property=\"og:title\" content=\"Cistus Incanus Badetee\" \/>\n<meta property=\"og:description\" content=\"Cistus Incanus Badetee f\u00fcr entspannendes Gesichts-, Hand- oder Fu\u00dfbad. Mit Nat\u00fcrliche Kr\u00e4uter: 95% Cistus Incanus und 5% Pfefferminze\" \/>\n<meta property=\"og:url\" content=\"https:\/\/www.lraloeverashop.eu\/de\/produkt\/cistus-incanus-tee\/\" \/>\n<meta property=\"og:site_name\" content=\"Lr Aloe Vera Shop\" \/>\n<meta property=\"article:publisher\" content=\"https:\/\/www.facebook.com\/lraloeverashop.eu\" \/>\n<meta property=\"article:modified_time\" content=\"2025-03-29T09:44:02+00:00\" \/>\n<meta property=\"og:image\" content=\"https:\/\/www.lraloeverashop.eu\/wp-content\/uploads\/2022\/10\/Cistus-Incanus-Bath-Tea.jpg\" \/>\n\t<meta property=\"og:image:width\" content=\"1200\" \/>\n\t<meta property=\"og:image:height\" content=\"1200\" \/>\n\t<meta property=\"og:image:type\" content=\"image\/jpeg\" \/>\n<meta name=\"twitter:card\" content=\"summary_large_image\" \/>\n<meta name=\"twitter:site\" content=\"@natur__kosmetik\" \/>\n<script type=\"application\/ld+json\" class=\"yoast-schema-graph\">{\"@context\":\"https:\\\/\\\/schema.org\",\"@graph\":[{\"@type\":[\"WebPage\",\"ItemPage\"],\"@id\":\"https:\\\/\\\/www.lraloeverashop.eu\\\/de\\\/produkt\\\/cistus-incanus-tee\\\/\",\"url\":\"https:\\\/\\\/www.lraloeverashop.eu\\\/de\\\/produkt\\\/cistus-incanus-tee\\\/\",\"name\":\"Cistus Incanus Badetee f\u00fcr gereizte, sensible Haut\",\"isPartOf\":{\"@id\":\"https:\\\/\\\/www.lraloeverashop.eu\\\/de\\\/#website\"},\"primaryImageOfPage\":{\"@id\":\"https:\\\/\\\/www.lraloeverashop.eu\\\/de\\\/produkt\\\/cistus-incanus-tee\\\/#primaryimage\"},\"image\":{\"@id\":\"https:\\\/\\\/www.lraloeverashop.eu\\\/de\\\/produkt\\\/cistus-incanus-tee\\\/#primaryimage\"},\"thumbnailUrl\":\"https:\\\/\\\/www.lraloeverashop.eu\\\/wp-content\\\/uploads\\\/2022\\\/10\\\/Cistus-Incanus-Bath-Tea.jpg\",\"datePublished\":\"2022-10-12T10:12:17+00:00\",\"dateModified\":\"2025-03-29T09:44:02+00:00\",\"description\":\"Cistus Incanus Badetee f\u00fcr entspannendes Gesichts-, Hand- oder Fu\u00dfbad. Mit Nat\u00fcrliche Kr\u00e4uter: 95% Cistus Incanus und 5% Pfefferminze\",\"breadcrumb\":{\"@id\":\"https:\\\/\\\/www.lraloeverashop.eu\\\/de\\\/produkt\\\/cistus-incanus-tee\\\/#breadcrumb\"},\"inLanguage\":\"de\",\"potentialAction\":[{\"@type\":\"ReadAction\",\"target\":[\"https:\\\/\\\/www.lraloeverashop.eu\\\/de\\\/produkt\\\/cistus-incanus-tee\\\/\"]}]},{\"@type\":\"ImageObject\",\"inLanguage\":\"de\",\"@id\":\"https:\\\/\\\/www.lraloeverashop.eu\\\/de\\\/produkt\\\/cistus-incanus-tee\\\/#primaryimage\",\"url\":\"https:\\\/\\\/www.lraloeverashop.eu\\\/wp-content\\\/uploads\\\/2022\\\/10\\\/Cistus-Incanus-Bath-Tea.jpg\",\"contentUrl\":\"https:\\\/\\\/www.lraloeverashop.eu\\\/wp-content\\\/uploads\\\/2022\\\/10\\\/Cistus-Incanus-Bath-Tea.jpg\",\"width\":1200,\"height\":1200,\"caption\":\"Cistus Incanus Badetee f\u00fcr empfindliche Haut\"},{\"@type\":\"BreadcrumbList\",\"@id\":\"https:\\\/\\\/www.lraloeverashop.eu\\\/de\\\/produkt\\\/cistus-incanus-tee\\\/#breadcrumb\",\"itemListElement\":[{\"@type\":\"ListItem\",\"position\":1,\"name\":\"Home\",\"item\":\"https:\\\/\\\/www.lraloeverashop.eu\\\/de\\\/\"},{\"@type\":\"ListItem\",\"position\":2,\"name\":\"Shop\",\"item\":\"https:\\\/\\\/www.lraloeverashop.eu\\\/de\\\/shop-2\\\/\"},{\"@type\":\"ListItem\",\"position\":3,\"name\":\"Cistus Incanus Badetee\"}]},{\"@type\":\"WebSite\",\"@id\":\"https:\\\/\\\/www.lraloeverashop.eu\\\/de\\\/#website\",\"url\":\"https:\\\/\\\/www.lraloeverashop.eu\\\/de\\\/\",\"name\":\"Lr Aloe Vera Shop\",\"description\":\"High Quality Lr Aloe Vera Gel, Aloe Vera Cream and Shampoo\",\"publisher\":{\"@id\":\"https:\\\/\\\/www.lraloeverashop.eu\\\/de\\\/#organization\"},\"potentialAction\":[{\"@type\":\"SearchAction\",\"target\":{\"@type\":\"EntryPoint\",\"urlTemplate\":\"https:\\\/\\\/www.lraloeverashop.eu\\\/de\\\/?s={search_term_string}\"},\"query-input\":{\"@type\":\"PropertyValueSpecification\",\"valueRequired\":true,\"valueName\":\"search_term_string\"}}],\"inLanguage\":\"de\"},{\"@type\":\"Organization\",\"@id\":\"https:\\\/\\\/www.lraloeverashop.eu\\\/de\\\/#organization\",\"name\":\"Lr Aloe Vera Shop\",\"alternateName\":\"LR\",\"url\":\"https:\\\/\\\/www.lraloeverashop.eu\\\/de\\\/\",\"logo\":{\"@type\":\"ImageObject\",\"inLanguage\":\"de\",\"@id\":\"https:\\\/\\\/www.lraloeverashop.eu\\\/de\\\/#\\\/schema\\\/logo\\\/image\\\/\",\"url\":\"https:\\\/\\\/www.lraloeverashop.eu\\\/wp-content\\\/uploads\\\/2022\\\/09\\\/cropped-Lr-Aloe-Vera-Shop.jpg\",\"contentUrl\":\"https:\\\/\\\/www.lraloeverashop.eu\\\/wp-content\\\/uploads\\\/2022\\\/09\\\/cropped-Lr-Aloe-Vera-Shop.jpg\",\"width\":228,\"height\":76,\"caption\":\"Lr Aloe Vera Shop\"},\"image\":{\"@id\":\"https:\\\/\\\/www.lraloeverashop.eu\\\/de\\\/#\\\/schema\\\/logo\\\/image\\\/\"},\"sameAs\":[\"https:\\\/\\\/www.facebook.com\\\/lraloeverashop.eu\",\"https:\\\/\\\/x.com\\\/natur__kosmetik\",\"https:\\\/\\\/www.youtube.com\\\/channel\\\/UC5oN7BJ8nfYb8RpVtjwDEBA\",\"https:\\\/\\\/www.instagram.com\\\/lrbeautyeu\\\/\"]}]}<\/script>\n<meta property=\"product:price:amount\" content=\"17.89\" \/>\n<meta property=\"product:price:currency\" content=\"EUR\" \/>\n<meta property=\"og:availability\" content=\"out of stock\" \/>\n<meta property=\"product:availability\" content=\"out of stock\" \/>\n<meta property=\"product:retailer_item_id\" content=\"24003-1DE\" \/>\n<meta property=\"product:condition\" content=\"new\" \/>\n<!-- \/ Yoast SEO Premium plugin. -->","yoast_head_json":{"title":"Cistus Incanus Badetee f\u00fcr gereizte, sensible Haut","description":"Cistus Incanus Badetee f\u00fcr entspannendes Gesichts-, Hand- oder Fu\u00dfbad. Mit Nat\u00fcrliche Kr\u00e4uter: 95% Cistus Incanus und 5% Pfefferminze","robots":{"index":"index","follow":"follow","max-snippet":"max-snippet:-1","max-image-preview":"max-image-preview:large","max-video-preview":"max-video-preview:-1"},"canonical":"https:\/\/www.lraloeverashop.eu\/de\/produkt\/cistus-incanus-tee\/","og_locale":"de_DE","og_type":"article","og_title":"Cistus Incanus Badetee","og_description":"Cistus Incanus Badetee f\u00fcr entspannendes Gesichts-, Hand- oder Fu\u00dfbad. Mit Nat\u00fcrliche Kr\u00e4uter: 95% Cistus Incanus und 5% Pfefferminze","og_url":"https:\/\/www.lraloeverashop.eu\/de\/produkt\/cistus-incanus-tee\/","og_site_name":"Lr Aloe Vera Shop","article_publisher":"https:\/\/www.facebook.com\/lraloeverashop.eu","article_modified_time":"2025-03-29T09:44:02+00:00","og_image":[{"width":1200,"height":1200,"url":"https:\/\/www.lraloeverashop.eu\/wp-content\/uploads\/2022\/10\/Cistus-Incanus-Bath-Tea.jpg","type":"image\/jpeg"}],"twitter_card":"summary_large_image","twitter_site":"@natur__kosmetik","schema":{"@context":"https:\/\/schema.org","@graph":[{"@type":["WebPage","ItemPage"],"@id":"https:\/\/www.lraloeverashop.eu\/de\/produkt\/cistus-incanus-tee\/","url":"https:\/\/www.lraloeverashop.eu\/de\/produkt\/cistus-incanus-tee\/","name":"Cistus Incanus Badetee f\u00fcr gereizte, sensible Haut","isPartOf":{"@id":"https:\/\/www.lraloeverashop.eu\/de\/#website"},"primaryImageOfPage":{"@id":"https:\/\/www.lraloeverashop.eu\/de\/produkt\/cistus-incanus-tee\/#primaryimage"},"image":{"@id":"https:\/\/www.lraloeverashop.eu\/de\/produkt\/cistus-incanus-tee\/#primaryimage"},"thumbnailUrl":"https:\/\/www.lraloeverashop.eu\/wp-content\/uploads\/2022\/10\/Cistus-Incanus-Bath-Tea.jpg","datePublished":"2022-10-12T10:12:17+00:00","dateModified":"2025-03-29T09:44:02+00:00","description":"Cistus Incanus Badetee f\u00fcr entspannendes Gesichts-, Hand- oder Fu\u00dfbad. Mit Nat\u00fcrliche Kr\u00e4uter: 95% Cistus Incanus und 5% Pfefferminze","breadcrumb":{"@id":"https:\/\/www.lraloeverashop.eu\/de\/produkt\/cistus-incanus-tee\/#breadcrumb"},"inLanguage":"de","potentialAction":[{"@type":"ReadAction","target":["https:\/\/www.lraloeverashop.eu\/de\/produkt\/cistus-incanus-tee\/"]}]},{"@type":"ImageObject","inLanguage":"de","@id":"https:\/\/www.lraloeverashop.eu\/de\/produkt\/cistus-incanus-tee\/#primaryimage","url":"https:\/\/www.lraloeverashop.eu\/wp-content\/uploads\/2022\/10\/Cistus-Incanus-Bath-Tea.jpg","contentUrl":"https:\/\/www.lraloeverashop.eu\/wp-content\/uploads\/2022\/10\/Cistus-Incanus-Bath-Tea.jpg","width":1200,"height":1200,"caption":"Cistus Incanus Badetee f\u00fcr empfindliche Haut"},{"@type":"BreadcrumbList","@id":"https:\/\/www.lraloeverashop.eu\/de\/produkt\/cistus-incanus-tee\/#breadcrumb","itemListElement":[{"@type":"ListItem","position":1,"name":"Home","item":"https:\/\/www.lraloeverashop.eu\/de\/"},{"@type":"ListItem","position":2,"name":"Shop","item":"https:\/\/www.lraloeverashop.eu\/de\/shop-2\/"},{"@type":"ListItem","position":3,"name":"Cistus Incanus Badetee"}]},{"@type":"WebSite","@id":"https:\/\/www.lraloeverashop.eu\/de\/#website","url":"https:\/\/www.lraloeverashop.eu\/de\/","name":"Lr Aloe Vera Shop","description":"High Quality Lr Aloe Vera Gel, Aloe Vera Cream and Shampoo","publisher":{"@id":"https:\/\/www.lraloeverashop.eu\/de\/#organization"},"potentialAction":[{"@type":"SearchAction","target":{"@type":"EntryPoint","urlTemplate":"https:\/\/www.lraloeverashop.eu\/de\/?s={search_term_string}"},"query-input":{"@type":"PropertyValueSpecification","valueRequired":true,"valueName":"search_term_string"}}],"inLanguage":"de"},{"@type":"Organization","@id":"https:\/\/www.lraloeverashop.eu\/de\/#organization","name":"Lr Aloe Vera Shop","alternateName":"LR","url":"https:\/\/www.lraloeverashop.eu\/de\/","logo":{"@type":"ImageObject","inLanguage":"de","@id":"https:\/\/www.lraloeverashop.eu\/de\/#\/schema\/logo\/image\/","url":"https:\/\/www.lraloeverashop.eu\/wp-content\/uploads\/2022\/09\/cropped-Lr-Aloe-Vera-Shop.jpg","contentUrl":"https:\/\/www.lraloeverashop.eu\/wp-content\/uploads\/2022\/09\/cropped-Lr-Aloe-Vera-Shop.jpg","width":228,"height":76,"caption":"Lr Aloe Vera Shop"},"image":{"@id":"https:\/\/www.lraloeverashop.eu\/de\/#\/schema\/logo\/image\/"},"sameAs":["https:\/\/www.facebook.com\/lraloeverashop.eu","https:\/\/x.com\/natur__kosmetik","https:\/\/www.youtube.com\/channel\/UC5oN7BJ8nfYb8RpVtjwDEBA","https:\/\/www.instagram.com\/lrbeautyeu\/"]}]},"product_price_amount":"17.89","product_price_currency":"EUR","og_availability":"out of stock","product_availability":"out of stock","product_retailer_item_id":"24003-1DE","product_condition":"new"},"taxonomy_info":{"product_cat":[{"value":489,"label":"Cistus Incanus"},{"value":447,"label":"Entspannung"},{"value":465,"label":"Spezialisten"},{"value":411,"label":"Spezielle Produkte"}]},"featured_image_src_large":["https:\/\/www.lraloeverashop.eu\/wp-content\/uploads\/2022\/10\/Cistus-Incanus-Bath-Tea-1024x1024.jpg",1024,1024,true],"author_info":[],"comment_info":0,"_links":{"self":[{"href":"https:\/\/www.lraloeverashop.eu\/de\/wp-json\/wp\/v2\/product\/9872","targetHints":{"allow":["GET"]}}],"collection":[{"href":"https:\/\/www.lraloeverashop.eu\/de\/wp-json\/wp\/v2\/product"}],"about":[{"href":"https:\/\/www.lraloeverashop.eu\/de\/wp-json\/wp\/v2\/types\/product"}],"replies":[{"embeddable":true,"href":"https:\/\/www.lraloeverashop.eu\/de\/wp-json\/wp\/v2\/comments?post=9872"}],"wp:featuredmedia":[{"embeddable":true,"href":"https:\/\/www.lraloeverashop.eu\/de\/wp-json\/wp\/v2\/media\/9865"}],"wp:attachment":[{"href":"https:\/\/www.lraloeverashop.eu\/de\/wp-json\/wp\/v2\/media?parent=9872"}],"wp:term":[{"taxonomy":"product_brand","embeddable":true,"href":"https:\/\/www.lraloeverashop.eu\/de\/wp-json\/wp\/v2\/product_brand?post=9872"},{"taxonomy":"product_cat","embeddable":true,"href":"https:\/\/www.lraloeverashop.eu\/de\/wp-json\/wp\/v2\/product_cat?post=9872"},{"taxonomy":"product_tag","embeddable":true,"href":"https:\/\/www.lraloeverashop.eu\/de\/wp-json\/wp\/v2\/product_tag?post=9872"}],"curies":[{"name":"wp","href":"https:\/\/api.w.org\/{rel}","templated":true}]}}