{"id":9843,"date":"2022-10-12T12:19:04","date_gmt":"2022-10-12T10:19:04","guid":{"rendered":"https:\/\/www.lraloeverashop.eu\/product\/pro-12-probiotische-kapseln\/"},"modified":"2025-03-29T10:43:55","modified_gmt":"2025-03-29T09:43:55","slug":"pro-12-probiotische-kapseln","status":"publish","type":"product","link":"https:\/\/www.lraloeverashop.eu\/de\/produkt\/pro-12-probiotische-kapseln\/","title":{"rendered":"Pro 12 Probiotische Kapseln"},"content":{"rendered":"<h2><strong><span style=\"font-size: 16pt;\">Pro 12 Probiotische Kapseln<\/span><\/strong><\/h2>\n<p><span style=\"font-size: 14pt;\"><strong>Pro 12 Probiotische Kapseln &#8211; eine einzigartige Kombination von probiotischen Bakterien f\u00fcr das allgemeine Wohlbefinden<\/strong><\/span><\/p>\n<p>Der Darm ist eines der gr\u00f6\u00dften Organe des menschlichen K\u00f6rpers, das f\u00fcr unser gesamtes Wohlbefinden und das <a href=\"https:\/\/www.lraloeverashop.eu\/de\/produkt\/cbd-kapseln-lr-cannaloe\/\">Wohlbefinden<\/a> unseres K\u00f6rpers verantwortlich ist. Die Darmwand wird von einer gro\u00dfen Anzahl von Bakterien besiedelt.<\/p>\n<p><a href=\"https:\/\/www.lraloeverashop.eu\/de\/produkt\/probiotika-kapseln-pro-12\/\">Pro 12 Kapseln<\/a> unterst\u00fctzen die Darmflora: Jede Kapsel enth\u00e4lt insgesamt 1 Milliarde probiotischer Bakterien, die aus 12 verschiedenen Bakterienst\u00e4mmen bestehen. Diese Kombination ist einzigartig. Das nat\u00fcrliche Gleichgewicht dieser Bakterien tr\u00e4gt wesentlich zum guten Zustand unseres K\u00f6rpers bei.<\/p>\n<p>&nbsp;<\/p>\n<p><center><iframe loading=\"lazy\" src=\"https:\/\/www.youtube.com\/embed\/O7yDmF5I_ew\" width=\"1280\" height=\"720\" frameborder=\"0\" allowfullscreen=\"allowfullscreen\"><\/iframe><\/center>&nbsp;<\/p>\n<h3><span style=\"font-size: 16pt;\"><strong>Anwendung<\/strong><\/span><\/h3>\n<p>1 x Pro 12 Kapsel mit einem Glas Fl\u00fcssigkeit.<\/p>\n<p>\u00dcberschreiten Sie nicht die empfohlene Tagesdosis von <a href=\"https:\/\/www.lraloeverashop.eu\/de\/\">LR<\/a>. Nahrungserg\u00e4nzungsmittel ist kein Ersatz f\u00fcr eine ausgewogene Ern\u00e4hrung in Kombination mit einer <a href=\"https:\/\/www.lraloeverashop.eu\/de\/produkt\/colostrum-kapseln\/\">gesunden Lebensweise<\/a>. Bewahren Sie das Produkt au\u00dferhalb der Reichweite von Kindern auf. Es kann Spuren von Laktose und Soja enthalten.<\/p>\n<p>Verschlie\u00dfen Sie die Verpackung und lagern Sie sie an einem trockenen Ort bei Raumtemperatur.<\/p>\n<p>&nbsp;<\/p>\n<h4><span style=\"font-size: 16pt;\"><strong>Wussten Sie schon?<\/strong><\/span><\/h4>\n<p>Die Pro 12\u00a0probiotische Kapseln umfassen die folgenden zw\u00f6lf wertvollen Bakterienst\u00e4mme: Bifidobacterium longum, Bifidobacterium breve, Bifidobacterium bifidum, Bifidobacterium infantis, Bifidobacterium lactis, Lactobacillus plantarum, Lactobacillus casei, Lactobacillus paracasei, Lactobacillus rhamnosus, Lactobacillus acidophilus, Lactobacillus bulgaricus und Streptococcus thermophilus.<\/p>\n<p>Das pr\u00e4biotische Fructooligosaccharid FOS ist zus\u00e4tzlich enthalten. Diese Substanz ern\u00e4hrt die enthaltenen probiotischen Bakterien und wirkt als zus\u00e4tzlicher Startschub f\u00fcr die Bakterien.<\/p>\n","protected":false},"excerpt":{"rendered":"<ul>\n<li>Unterst\u00fctzt das allgemeine Wohlbefinden<\/li>\n<li>Mit 12 verschiedenen Bakterienst\u00e4mmen<\/li>\n<li>Mit 1 Milliarde probiotischer Bakterien pro Kapsel<\/li>\n<li>Patentierter Mikroverkapselungsprozess<\/li>\n<li>Patent Nr .: EP 2 228 067<\/li>\n<li>Enth\u00e4lt Ballaststoffen<\/li>\n<li>Menge: 30 Kapseln<\/li>\n<\/ul>\n<p>&nbsp;<\/p>\n","protected":false},"featured_media":5659,"comment_status":"open","ping_status":"closed","template":"","meta":{"_kad_blocks_custom_css":"","_kad_blocks_head_custom_js":"","_kad_blocks_body_custom_js":"","_kad_blocks_footer_custom_js":"","_kadence_starter_templates_imported_post":false,"_kad_post_transparent":"default","_kad_post_title":"","_kad_post_layout":"default","_kad_post_sidebar_id":"","_kad_post_content_style":"default","_kad_post_vertical_padding":"default","_kad_post_feature":"","_kad_post_feature_position":"","_kad_post_header":false,"_kad_post_footer":false,"_kad_post_classname":""},"product_brand":[],"product_cat":[352,399,435,346,507,111,465,411],"product_tag":[653],"class_list":{"0":"post-9843","1":"product","2":"type-product","3":"status-publish","4":"has-post-thumbnail","6":"product_cat-angebote","7":"product_cat-basis","8":"product_cat-darm-verdauung","9":"product_cat-immunsystem-gleichgewicht","10":"product_cat-probiotika","11":"product_cat-sale","12":"product_cat-spezial-ernahrung","13":"product_cat-spezielle-produkte","14":"product_tag-immun-booster","16":"first","17":"outofstock","18":"sale","19":"taxable","20":"shipping-taxable","21":"purchasable","22":"product-type-simple","23":"entry","24":"content-bg","25":"loop-entry"},"yoast_head":"<!-- This site is optimized with the Yoast SEO Premium plugin v27.3 (Yoast SEO v27.3) - https:\/\/yoast.com\/product\/yoast-seo-premium-wordpress\/ -->\n<title>Pro 12 Probiotische Kapseln mit 12 verschiedene Bakterienst\u00e4mme<\/title>\n<meta name=\"description\" content=\"Pro 12 Probiotische Kapseln unterst\u00fctzen die Darmflora. Jede Kapsel enth\u00e4lt insgesamt 1 Milliarde probiotische Bakterien. Unterst\u00fctzt das Wohlbefinden\" \/>\n<meta name=\"robots\" content=\"index, follow, max-snippet:-1, max-image-preview:large, max-video-preview:-1\" \/>\n<link rel=\"canonical\" href=\"https:\/\/www.lraloeverashop.eu\/de\/produkt\/pro-12-probiotische-kapseln\/\" \/>\n<meta property=\"og:locale\" content=\"de_DE\" \/>\n<meta property=\"og:type\" content=\"article\" \/>\n<meta property=\"og:title\" content=\"Pro 12 Probiotische Kapseln\" \/>\n<meta property=\"og:description\" content=\"Pro 12 Probiotische Kapseln unterst\u00fctzen die Darmflora. Jede Kapsel enth\u00e4lt insgesamt 1 Milliarde probiotische Bakterien. Unterst\u00fctzt das Wohlbefinden\" \/>\n<meta property=\"og:url\" content=\"https:\/\/www.lraloeverashop.eu\/de\/produkt\/pro-12-probiotische-kapseln\/\" \/>\n<meta property=\"og:site_name\" content=\"Lr Aloe Vera Shop\" \/>\n<meta property=\"article:publisher\" content=\"https:\/\/www.facebook.com\/lraloeverashop.eu\" \/>\n<meta property=\"article:modified_time\" content=\"2025-03-29T09:43:55+00:00\" \/>\n<meta property=\"og:image\" content=\"https:\/\/www.lraloeverashop.eu\/wp-content\/uploads\/2022\/10\/Lr-Probiotic-12-bacteria.jpg\" \/>\n\t<meta property=\"og:image:width\" content=\"1200\" \/>\n\t<meta property=\"og:image:height\" content=\"1200\" \/>\n\t<meta property=\"og:image:type\" content=\"image\/jpeg\" \/>\n<meta name=\"twitter:card\" content=\"summary_large_image\" \/>\n<meta name=\"twitter:site\" content=\"@natur__kosmetik\" \/>\n<script type=\"application\/ld+json\" class=\"yoast-schema-graph\">{\"@context\":\"https:\\\/\\\/schema.org\",\"@graph\":[{\"@type\":[\"WebPage\",\"ItemPage\"],\"@id\":\"https:\\\/\\\/www.lraloeverashop.eu\\\/de\\\/produkt\\\/pro-12-probiotische-kapseln\\\/\",\"url\":\"https:\\\/\\\/www.lraloeverashop.eu\\\/de\\\/produkt\\\/pro-12-probiotische-kapseln\\\/\",\"name\":\"Pro 12 Probiotische Kapseln mit 12 verschiedene Bakterienst\u00e4mme\",\"isPartOf\":{\"@id\":\"https:\\\/\\\/www.lraloeverashop.eu\\\/de\\\/#website\"},\"primaryImageOfPage\":{\"@id\":\"https:\\\/\\\/www.lraloeverashop.eu\\\/de\\\/produkt\\\/pro-12-probiotische-kapseln\\\/#primaryimage\"},\"image\":{\"@id\":\"https:\\\/\\\/www.lraloeverashop.eu\\\/de\\\/produkt\\\/pro-12-probiotische-kapseln\\\/#primaryimage\"},\"thumbnailUrl\":\"https:\\\/\\\/www.lraloeverashop.eu\\\/wp-content\\\/uploads\\\/2022\\\/10\\\/Lr-Probiotic-12-bacteria.jpg\",\"datePublished\":\"2022-10-12T10:19:04+00:00\",\"dateModified\":\"2025-03-29T09:43:55+00:00\",\"description\":\"Pro 12 Probiotische Kapseln unterst\u00fctzen die Darmflora. Jede Kapsel enth\u00e4lt insgesamt 1 Milliarde probiotische Bakterien. Unterst\u00fctzt das Wohlbefinden\",\"breadcrumb\":{\"@id\":\"https:\\\/\\\/www.lraloeverashop.eu\\\/de\\\/produkt\\\/pro-12-probiotische-kapseln\\\/#breadcrumb\"},\"inLanguage\":\"de\",\"potentialAction\":[{\"@type\":\"ReadAction\",\"target\":[\"https:\\\/\\\/www.lraloeverashop.eu\\\/de\\\/produkt\\\/pro-12-probiotische-kapseln\\\/\"]}]},{\"@type\":\"ImageObject\",\"inLanguage\":\"de\",\"@id\":\"https:\\\/\\\/www.lraloeverashop.eu\\\/de\\\/produkt\\\/pro-12-probiotische-kapseln\\\/#primaryimage\",\"url\":\"https:\\\/\\\/www.lraloeverashop.eu\\\/wp-content\\\/uploads\\\/2022\\\/10\\\/Lr-Probiotic-12-bacteria.jpg\",\"contentUrl\":\"https:\\\/\\\/www.lraloeverashop.eu\\\/wp-content\\\/uploads\\\/2022\\\/10\\\/Lr-Probiotic-12-bacteria.jpg\",\"width\":1200,\"height\":1200,\"caption\":\"Lr Pro 12 Probiotische Bakterien mit 12 verschiedenen Bakterienst\u00e4mmen\"},{\"@type\":\"BreadcrumbList\",\"@id\":\"https:\\\/\\\/www.lraloeverashop.eu\\\/de\\\/produkt\\\/pro-12-probiotische-kapseln\\\/#breadcrumb\",\"itemListElement\":[{\"@type\":\"ListItem\",\"position\":1,\"name\":\"Home\",\"item\":\"https:\\\/\\\/www.lraloeverashop.eu\\\/de\\\/\"},{\"@type\":\"ListItem\",\"position\":2,\"name\":\"Shop\",\"item\":\"https:\\\/\\\/www.lraloeverashop.eu\\\/de\\\/shop-2\\\/\"},{\"@type\":\"ListItem\",\"position\":3,\"name\":\"Pro 12 Probiotische Kapseln\"}]},{\"@type\":\"WebSite\",\"@id\":\"https:\\\/\\\/www.lraloeverashop.eu\\\/de\\\/#website\",\"url\":\"https:\\\/\\\/www.lraloeverashop.eu\\\/de\\\/\",\"name\":\"Lr Aloe Vera Shop\",\"description\":\"High Quality Lr Aloe Vera Gel, Aloe Vera Cream and Shampoo\",\"publisher\":{\"@id\":\"https:\\\/\\\/www.lraloeverashop.eu\\\/de\\\/#organization\"},\"potentialAction\":[{\"@type\":\"SearchAction\",\"target\":{\"@type\":\"EntryPoint\",\"urlTemplate\":\"https:\\\/\\\/www.lraloeverashop.eu\\\/de\\\/?s={search_term_string}\"},\"query-input\":{\"@type\":\"PropertyValueSpecification\",\"valueRequired\":true,\"valueName\":\"search_term_string\"}}],\"inLanguage\":\"de\"},{\"@type\":\"Organization\",\"@id\":\"https:\\\/\\\/www.lraloeverashop.eu\\\/de\\\/#organization\",\"name\":\"Lr Aloe Vera Shop\",\"alternateName\":\"LR\",\"url\":\"https:\\\/\\\/www.lraloeverashop.eu\\\/de\\\/\",\"logo\":{\"@type\":\"ImageObject\",\"inLanguage\":\"de\",\"@id\":\"https:\\\/\\\/www.lraloeverashop.eu\\\/de\\\/#\\\/schema\\\/logo\\\/image\\\/\",\"url\":\"https:\\\/\\\/www.lraloeverashop.eu\\\/wp-content\\\/uploads\\\/2022\\\/09\\\/cropped-Lr-Aloe-Vera-Shop.jpg\",\"contentUrl\":\"https:\\\/\\\/www.lraloeverashop.eu\\\/wp-content\\\/uploads\\\/2022\\\/09\\\/cropped-Lr-Aloe-Vera-Shop.jpg\",\"width\":228,\"height\":76,\"caption\":\"Lr Aloe Vera Shop\"},\"image\":{\"@id\":\"https:\\\/\\\/www.lraloeverashop.eu\\\/de\\\/#\\\/schema\\\/logo\\\/image\\\/\"},\"sameAs\":[\"https:\\\/\\\/www.facebook.com\\\/lraloeverashop.eu\",\"https:\\\/\\\/x.com\\\/natur__kosmetik\",\"https:\\\/\\\/www.youtube.com\\\/channel\\\/UC5oN7BJ8nfYb8RpVtjwDEBA\",\"https:\\\/\\\/www.instagram.com\\\/lrbeautyeu\\\/\"]}]}<\/script>\n<meta property=\"product:price:amount\" content=\"42.99\" \/>\n<meta property=\"product:price:currency\" content=\"EUR\" \/>\n<meta property=\"og:availability\" content=\"out of stock\" \/>\n<meta property=\"product:availability\" content=\"out of stock\" \/>\n<meta property=\"product:retailer_item_id\" content=\"80370-599DE\" \/>\n<meta property=\"product:condition\" content=\"new\" \/>\n<!-- \/ Yoast SEO Premium plugin. -->","yoast_head_json":{"title":"Pro 12 Probiotische Kapseln mit 12 verschiedene Bakterienst\u00e4mme","description":"Pro 12 Probiotische Kapseln unterst\u00fctzen die Darmflora. Jede Kapsel enth\u00e4lt insgesamt 1 Milliarde probiotische Bakterien. Unterst\u00fctzt das Wohlbefinden","robots":{"index":"index","follow":"follow","max-snippet":"max-snippet:-1","max-image-preview":"max-image-preview:large","max-video-preview":"max-video-preview:-1"},"canonical":"https:\/\/www.lraloeverashop.eu\/de\/produkt\/pro-12-probiotische-kapseln\/","og_locale":"de_DE","og_type":"article","og_title":"Pro 12 Probiotische Kapseln","og_description":"Pro 12 Probiotische Kapseln unterst\u00fctzen die Darmflora. Jede Kapsel enth\u00e4lt insgesamt 1 Milliarde probiotische Bakterien. Unterst\u00fctzt das Wohlbefinden","og_url":"https:\/\/www.lraloeverashop.eu\/de\/produkt\/pro-12-probiotische-kapseln\/","og_site_name":"Lr Aloe Vera Shop","article_publisher":"https:\/\/www.facebook.com\/lraloeverashop.eu","article_modified_time":"2025-03-29T09:43:55+00:00","og_image":[{"width":1200,"height":1200,"url":"https:\/\/www.lraloeverashop.eu\/wp-content\/uploads\/2022\/10\/Lr-Probiotic-12-bacteria.jpg","type":"image\/jpeg"}],"twitter_card":"summary_large_image","twitter_site":"@natur__kosmetik","schema":{"@context":"https:\/\/schema.org","@graph":[{"@type":["WebPage","ItemPage"],"@id":"https:\/\/www.lraloeverashop.eu\/de\/produkt\/pro-12-probiotische-kapseln\/","url":"https:\/\/www.lraloeverashop.eu\/de\/produkt\/pro-12-probiotische-kapseln\/","name":"Pro 12 Probiotische Kapseln mit 12 verschiedene Bakterienst\u00e4mme","isPartOf":{"@id":"https:\/\/www.lraloeverashop.eu\/de\/#website"},"primaryImageOfPage":{"@id":"https:\/\/www.lraloeverashop.eu\/de\/produkt\/pro-12-probiotische-kapseln\/#primaryimage"},"image":{"@id":"https:\/\/www.lraloeverashop.eu\/de\/produkt\/pro-12-probiotische-kapseln\/#primaryimage"},"thumbnailUrl":"https:\/\/www.lraloeverashop.eu\/wp-content\/uploads\/2022\/10\/Lr-Probiotic-12-bacteria.jpg","datePublished":"2022-10-12T10:19:04+00:00","dateModified":"2025-03-29T09:43:55+00:00","description":"Pro 12 Probiotische Kapseln unterst\u00fctzen die Darmflora. Jede Kapsel enth\u00e4lt insgesamt 1 Milliarde probiotische Bakterien. Unterst\u00fctzt das Wohlbefinden","breadcrumb":{"@id":"https:\/\/www.lraloeverashop.eu\/de\/produkt\/pro-12-probiotische-kapseln\/#breadcrumb"},"inLanguage":"de","potentialAction":[{"@type":"ReadAction","target":["https:\/\/www.lraloeverashop.eu\/de\/produkt\/pro-12-probiotische-kapseln\/"]}]},{"@type":"ImageObject","inLanguage":"de","@id":"https:\/\/www.lraloeverashop.eu\/de\/produkt\/pro-12-probiotische-kapseln\/#primaryimage","url":"https:\/\/www.lraloeverashop.eu\/wp-content\/uploads\/2022\/10\/Lr-Probiotic-12-bacteria.jpg","contentUrl":"https:\/\/www.lraloeverashop.eu\/wp-content\/uploads\/2022\/10\/Lr-Probiotic-12-bacteria.jpg","width":1200,"height":1200,"caption":"Lr Pro 12 Probiotische Bakterien mit 12 verschiedenen Bakterienst\u00e4mmen"},{"@type":"BreadcrumbList","@id":"https:\/\/www.lraloeverashop.eu\/de\/produkt\/pro-12-probiotische-kapseln\/#breadcrumb","itemListElement":[{"@type":"ListItem","position":1,"name":"Home","item":"https:\/\/www.lraloeverashop.eu\/de\/"},{"@type":"ListItem","position":2,"name":"Shop","item":"https:\/\/www.lraloeverashop.eu\/de\/shop-2\/"},{"@type":"ListItem","position":3,"name":"Pro 12 Probiotische Kapseln"}]},{"@type":"WebSite","@id":"https:\/\/www.lraloeverashop.eu\/de\/#website","url":"https:\/\/www.lraloeverashop.eu\/de\/","name":"Lr Aloe Vera Shop","description":"High Quality Lr Aloe Vera Gel, Aloe Vera Cream and Shampoo","publisher":{"@id":"https:\/\/www.lraloeverashop.eu\/de\/#organization"},"potentialAction":[{"@type":"SearchAction","target":{"@type":"EntryPoint","urlTemplate":"https:\/\/www.lraloeverashop.eu\/de\/?s={search_term_string}"},"query-input":{"@type":"PropertyValueSpecification","valueRequired":true,"valueName":"search_term_string"}}],"inLanguage":"de"},{"@type":"Organization","@id":"https:\/\/www.lraloeverashop.eu\/de\/#organization","name":"Lr Aloe Vera Shop","alternateName":"LR","url":"https:\/\/www.lraloeverashop.eu\/de\/","logo":{"@type":"ImageObject","inLanguage":"de","@id":"https:\/\/www.lraloeverashop.eu\/de\/#\/schema\/logo\/image\/","url":"https:\/\/www.lraloeverashop.eu\/wp-content\/uploads\/2022\/09\/cropped-Lr-Aloe-Vera-Shop.jpg","contentUrl":"https:\/\/www.lraloeverashop.eu\/wp-content\/uploads\/2022\/09\/cropped-Lr-Aloe-Vera-Shop.jpg","width":228,"height":76,"caption":"Lr Aloe Vera Shop"},"image":{"@id":"https:\/\/www.lraloeverashop.eu\/de\/#\/schema\/logo\/image\/"},"sameAs":["https:\/\/www.facebook.com\/lraloeverashop.eu","https:\/\/x.com\/natur__kosmetik","https:\/\/www.youtube.com\/channel\/UC5oN7BJ8nfYb8RpVtjwDEBA","https:\/\/www.instagram.com\/lrbeautyeu\/"]}]},"product_price_amount":"42.99","product_price_currency":"EUR","og_availability":"out of stock","product_availability":"out of stock","product_retailer_item_id":"80370-599DE","product_condition":"new"},"taxonomy_info":{"product_cat":[{"value":352,"label":"Angebote"},{"value":399,"label":"Basis"},{"value":435,"label":"Darm &amp; Verdauung"},{"value":346,"label":"Immunsystem &amp; Gleichgewicht"},{"value":507,"label":"Probiotika"},{"value":111,"label":"Sale"},{"value":465,"label":"Spezialisten"},{"value":411,"label":"Spezielle Produkte"}],"product_tag":[{"value":653,"label":"Immun-Booster"}]},"featured_image_src_large":["https:\/\/www.lraloeverashop.eu\/wp-content\/uploads\/2022\/10\/Lr-Probiotic-12-bacteria-1024x1024.jpg",1024,1024,true],"author_info":[],"comment_info":0,"_links":{"self":[{"href":"https:\/\/www.lraloeverashop.eu\/de\/wp-json\/wp\/v2\/product\/9843","targetHints":{"allow":["GET"]}}],"collection":[{"href":"https:\/\/www.lraloeverashop.eu\/de\/wp-json\/wp\/v2\/product"}],"about":[{"href":"https:\/\/www.lraloeverashop.eu\/de\/wp-json\/wp\/v2\/types\/product"}],"replies":[{"embeddable":true,"href":"https:\/\/www.lraloeverashop.eu\/de\/wp-json\/wp\/v2\/comments?post=9843"}],"wp:featuredmedia":[{"embeddable":true,"href":"https:\/\/www.lraloeverashop.eu\/de\/wp-json\/wp\/v2\/media\/5659"}],"wp:attachment":[{"href":"https:\/\/www.lraloeverashop.eu\/de\/wp-json\/wp\/v2\/media?parent=9843"}],"wp:term":[{"taxonomy":"product_brand","embeddable":true,"href":"https:\/\/www.lraloeverashop.eu\/de\/wp-json\/wp\/v2\/product_brand?post=9843"},{"taxonomy":"product_cat","embeddable":true,"href":"https:\/\/www.lraloeverashop.eu\/de\/wp-json\/wp\/v2\/product_cat?post=9843"},{"taxonomy":"product_tag","embeddable":true,"href":"https:\/\/www.lraloeverashop.eu\/de\/wp-json\/wp\/v2\/product_tag?post=9843"}],"curies":[{"name":"wp","href":"https:\/\/api.w.org\/{rel}","templated":true}]}}