{"id":9807,"date":"2022-10-12T12:32:37","date_gmt":"2022-10-12T10:32:37","guid":{"rendered":"https:\/\/www.lraloeverashop.eu\/product\/reishi-plus-kapseln\/"},"modified":"2026-02-03T18:44:04","modified_gmt":"2026-02-03T17:44:04","slug":"reishi-plus-kapseln","status":"publish","type":"product","link":"https:\/\/www.lraloeverashop.eu\/de\/produkt\/reishi-plus-kapseln\/","title":{"rendered":"Reishi Plus Kapseln"},"content":{"rendered":"<h2><span style=\"font-size: 16pt;\"><strong>Reishi Plus Kapseln<\/strong><\/span><\/h2>\n<p><span style=\"font-size: 14pt;\"><strong>Reishi Plus Kapseln aus fern\u00f6stlicher Tradition der Pilz des langen Lebens<\/strong><\/span><\/p>\n<p>Die <a href=\"https:\/\/www.lraloeverashop.eu\/de\/produkt\/reishi-kapseln\/\">Reishi Kapseln<\/a> von LR enthalten hochwertiges Reishi-Pilz-Pulver und Reishi-Pilz-Extrakt. Die Kapseln unterst\u00fctzen das Wohlbefinden mit Vitamin C und sind zudem laktosefrei und vegan.<\/p>\n<p>In den Kapseln haben wir nur Reishi-Rot verwendet. Seine therapeutischen Wirkungen wurden durch wissenschaftliche Studien in den USA und Japan best\u00e4tigt und sind daher in der westlichen Welt als erg\u00e4nzende Behandlung weit verbreitet. Jetzt wird Reishi-Rot in Japan unter strengen Bedingungen angebaut, um einen hohen Gehalt an Wirkstoffen und damit die Produkteffizienz zu erhalten.<\/p>\n<p>Reishi Plus Kapseln enth\u00e4lt neben hoch <a href=\"https:\/\/www.lraloeverashop.eu\/de\/produkt\/colostrum-kapseln\/\">immunologisch<\/a> aktiven Polysacchariden (Betaglucane) weitere immun- und stoffwechselaktive Substanzen und Spurenelemente. Dazu geh\u00f6ren 17 Aminos\u00e4uren, die alle essentiell sind, einen hohen Gehalt an Eisen, Selen und Vitamin B haben; unterst\u00fctzen das Herz-Kreislauf-System und tragen zur Beeinflussung des Blutdrucks und des Fettstoffwechsels bei.<\/p>\n<p><img loading=\"lazy\" decoding=\"async\" class=\"aligncenter wp-image-2843 \" src=\"https:\/\/www.lraloeverashop.eu\/wp-content\/uploads\/2022\/10\/Red-Reishi-mushrom.jpg\" alt=\"Red-Reishi-mushrom\" width=\"1525\" height=\"477\" srcset=\"https:\/\/www.lraloeverashop.eu\/wp-content\/uploads\/2022\/10\/Red-Reishi-mushrom.jpg 960w, https:\/\/www.lraloeverashop.eu\/wp-content\/uploads\/2022\/10\/Red-Reishi-mushrom-600x188.jpg 600w, https:\/\/www.lraloeverashop.eu\/wp-content\/uploads\/2022\/10\/Red-Reishi-mushrom-300x94.jpg 300w, https:\/\/www.lraloeverashop.eu\/wp-content\/uploads\/2022\/10\/Red-Reishi-mushrom-768x240.jpg 768w\" sizes=\"auto, (max-width: 1525px) 100vw, 1525px\" \/><\/p>\n<p>Der chinesische Name des Reishi ist Ling Zhi und bedeutet \u201eGeistespflanze\u201c. Andere gebr\u00e4uchliche chinesische Namen sind &#8222;Pilz des langen Lebens&#8220; oder &#8222;Pilz des zehntausendj\u00e4hrigen Lebens&#8220;.<\/p>\n<ol>\n<li><a href=\"https:\/\/www.lraloeverashop.eu\/de\/produkt\/vita-active-rote-fruechte\/\">Vitamin C<\/a> tr\u00e4gt zu einem normalen Energiestoffwechsel bei.<\/li>\n<li>Vitamin C sch\u00fctzt vor oxidativem Stress und tr\u00e4gt zur Verringerung von <a href=\"https:\/\/www.lraloeverashop.eu\/de\/produkt\/cbd-kapseln-lr-cannaloe\/\">M\u00fcdigkeit<\/a> und Erm\u00fcdung bei.<\/li>\n<\/ol>\n<p>Lr Reishi Plus Kapseln k\u00f6nnen allein oder zusammen verwendet werden, vorzugsweise in Kombination mit <a href=\"https:\/\/www.lraloeverashop.eu\/de\/produkt\/aloe-vera-trinkgel-sivera\/\">Aloe Vera Drinking Gel<\/a>. Es kann auch in Kombination mit anderen Produkten verwendet werden.<\/p>\n<p>&nbsp;<\/p>\n<h2><strong><span style=\"font-size: 16pt;\">Wie man Reishi Plus Kapseln verwendet<\/span><\/strong><\/h2>\n<p>1 x t\u00e4glich eine Kapsel. Die empfohlene Tagesdosis sollte nicht \u00fcberschritten werden. Nahrungserg\u00e4nzungsmittel sind kein Ersatz f\u00fcr eine abwechslungsreiche und ausgewogene Ern\u00e4hrung, die zusammen mit einer gesunden Lebensweise wichtig ist. Bewahren Sie das Produkt au\u00dferhalb der Reichweite von kleinen Kindern auf. K\u00fchl und trocken lagern.<\/p>\n<p>&nbsp;<\/p>\n<h3><strong><span style=\"font-size: 16pt;\">H\u00e4ufig gestellte Fragen<\/span><\/strong><\/h3>\n<p><span style=\"color: #000000;\"><strong>Wie w\u00e4chst der Reishi-Pilz?<\/strong><\/span><br \/>\nDer Reishi ist ein Saprophyt, also ein auf Totholz lebender Pilz, der auf Baumst\u00fcmpfen, Wurzeln oder dem Sockel von Eichen und Buchen w\u00e4chst und sich von diesen ern\u00e4hrt. Da man lange Zeit ausschlie\u00dflich auf Wildpilze angewiesen war, war das Finden eines Ling Zhi ein Gl\u00fccksfall und ein gutes Omen.<\/p>\n<p>In den 1970er Jahren wurde ein Verfahren entwickelt, um den Reishi in gro\u00dfen Aufzuchtbetrieben weltweit anzubauen. Der im Reishi Plus Kapseln verwendete Pilz stammt nicht aus Wildsammlungen.<\/p>\n","protected":false},"excerpt":{"rendered":"<ul>\n<li>Tr\u00e4gt zu einem normalen Energiestoffwechsel bei\u00b9<\/li>\n<li>Reduziert M\u00fcdigkeit und Erm\u00fcdung\u00b2<\/li>\n<li>Seit Jahrtausenden Teil der fern\u00f6stlichen Tradition<\/li>\n<li>Mit Extrakten und Pulver von Reishi<\/li>\n<li>Mit Vitamin C<\/li>\n<li>Vegan und Laktosefrei<\/li>\n<li>Menge: 30 Kapseln<\/li>\n<\/ul>\n<p><span style=\"color: #ff0000;\"><a style=\"color: #ff0000;\" href=\"https:\/\/shop.lrworld.com\/openpao?PHP=0vFlt7jT938BEnBI3a6e9w%3D%3D\"><span style=\"font-size: 14pt;\"><strong>Hier registrieren und dauerhaft 35\u202f% sparen<\/strong><\/span><\/a><\/span><\/p>\n","protected":false},"featured_media":5665,"comment_status":"open","ping_status":"closed","template":"","meta":{"_kad_blocks_custom_css":"","_kad_blocks_head_custom_js":"","_kad_blocks_body_custom_js":"","_kad_blocks_footer_custom_js":"","_kadence_starter_templates_imported_post":false,"_kad_post_transparent":"default","_kad_post_title":"","_kad_post_layout":"default","_kad_post_sidebar_id":"","_kad_post_content_style":"default","_kad_post_vertical_padding":"default","_kad_post_feature":"","_kad_post_feature_position":"","_kad_post_header":false,"_kad_post_footer":false,"_kad_post_classname":""},"product_brand":[],"product_cat":[399,423,346,465,411],"product_tag":[653],"class_list":{"0":"post-9807","1":"product","2":"type-product","3":"status-publish","4":"has-post-thumbnail","6":"product_cat-basis","7":"product_cat-herz-kreislauf","8":"product_cat-immunsystem-gleichgewicht","9":"product_cat-spezial-ernahrung","10":"product_cat-spezielle-produkte","11":"product_tag-immun-booster","13":"first","14":"instock","15":"taxable","16":"shipping-taxable","17":"purchasable","18":"product-type-simple","19":"entry","20":"content-bg","21":"loop-entry"},"yoast_head":"<!-- This site is optimized with the Yoast SEO Premium plugin v27.4 (Yoast SEO v27.4) - https:\/\/yoast.com\/product\/yoast-seo-premium-wordpress\/ -->\n<title>Reishi Plus Kapseln tr\u00e4gt zu einem normalen Energiestoffwechsel<\/title>\n<meta name=\"description\" content=\"Reishi Plus Kapseln unterst\u00fctzen das Wohlbefinden mit Vitamin C und sind zudem laktosefrei und vegan. Ir enth\u00e4lt Aminos\u00e4uren, die alle essentiell sind\" \/>\n<meta name=\"robots\" content=\"index, follow, max-snippet:-1, max-image-preview:large, max-video-preview:-1\" \/>\n<link rel=\"canonical\" href=\"https:\/\/www.lraloeverashop.eu\/de\/produkt\/reishi-plus-kapseln\/\" \/>\n<meta property=\"og:locale\" content=\"de_DE\" \/>\n<meta property=\"og:type\" content=\"article\" \/>\n<meta property=\"og:title\" content=\"Reishi Plus Kapseln\" \/>\n<meta property=\"og:description\" content=\"Reishi Plus Kapseln unterst\u00fctzen das Wohlbefinden mit Vitamin C und sind zudem laktosefrei und vegan. Ir enth\u00e4lt Aminos\u00e4uren, die alle essentiell sind\" \/>\n<meta property=\"og:url\" content=\"https:\/\/www.lraloeverashop.eu\/de\/produkt\/reishi-plus-kapseln\/\" \/>\n<meta property=\"og:site_name\" content=\"Lr Aloe Vera Shop\" \/>\n<meta property=\"article:publisher\" content=\"https:\/\/www.facebook.com\/lraloeverashop.eu\" \/>\n<meta property=\"article:modified_time\" content=\"2026-02-03T17:44:04+00:00\" \/>\n<meta property=\"og:image\" content=\"https:\/\/www.lraloeverashop.eu\/wp-content\/uploads\/2022\/10\/Lr-Reishi-Plus-Capsules.jpg\" \/>\n\t<meta property=\"og:image:width\" content=\"1200\" \/>\n\t<meta property=\"og:image:height\" content=\"1200\" \/>\n\t<meta property=\"og:image:type\" content=\"image\/jpeg\" \/>\n<meta name=\"twitter:card\" content=\"summary_large_image\" \/>\n<meta name=\"twitter:site\" content=\"@natur__kosmetik\" \/>\n<script type=\"application\/ld+json\" class=\"yoast-schema-graph\">{\"@context\":\"https:\\\/\\\/schema.org\",\"@graph\":[{\"@type\":[\"WebPage\",\"ItemPage\"],\"@id\":\"https:\\\/\\\/www.lraloeverashop.eu\\\/de\\\/produkt\\\/reishi-plus-kapseln\\\/\",\"url\":\"https:\\\/\\\/www.lraloeverashop.eu\\\/de\\\/produkt\\\/reishi-plus-kapseln\\\/\",\"name\":\"Reishi Plus Kapseln tr\u00e4gt zu einem normalen Energiestoffwechsel\",\"isPartOf\":{\"@id\":\"https:\\\/\\\/www.lraloeverashop.eu\\\/de\\\/#website\"},\"primaryImageOfPage\":{\"@id\":\"https:\\\/\\\/www.lraloeverashop.eu\\\/de\\\/produkt\\\/reishi-plus-kapseln\\\/#primaryimage\"},\"image\":{\"@id\":\"https:\\\/\\\/www.lraloeverashop.eu\\\/de\\\/produkt\\\/reishi-plus-kapseln\\\/#primaryimage\"},\"thumbnailUrl\":\"https:\\\/\\\/www.lraloeverashop.eu\\\/wp-content\\\/uploads\\\/2022\\\/10\\\/Lr-Reishi-Plus-Capsules.jpg\",\"datePublished\":\"2022-10-12T10:32:37+00:00\",\"dateModified\":\"2026-02-03T17:44:04+00:00\",\"description\":\"Reishi Plus Kapseln unterst\u00fctzen das Wohlbefinden mit Vitamin C und sind zudem laktosefrei und vegan. Ir enth\u00e4lt Aminos\u00e4uren, die alle essentiell sind\",\"breadcrumb\":{\"@id\":\"https:\\\/\\\/www.lraloeverashop.eu\\\/de\\\/produkt\\\/reishi-plus-kapseln\\\/#breadcrumb\"},\"inLanguage\":\"de\",\"potentialAction\":[{\"@type\":\"ReadAction\",\"target\":[\"https:\\\/\\\/www.lraloeverashop.eu\\\/de\\\/produkt\\\/reishi-plus-kapseln\\\/\"]}]},{\"@type\":\"ImageObject\",\"inLanguage\":\"de\",\"@id\":\"https:\\\/\\\/www.lraloeverashop.eu\\\/de\\\/produkt\\\/reishi-plus-kapseln\\\/#primaryimage\",\"url\":\"https:\\\/\\\/www.lraloeverashop.eu\\\/wp-content\\\/uploads\\\/2022\\\/10\\\/Lr-Reishi-Plus-Capsules.jpg\",\"contentUrl\":\"https:\\\/\\\/www.lraloeverashop.eu\\\/wp-content\\\/uploads\\\/2022\\\/10\\\/Lr-Reishi-Plus-Capsules.jpg\",\"width\":1200,\"height\":1200,\"caption\":\"Lr Reishi Plus Kapseln\"},{\"@type\":\"BreadcrumbList\",\"@id\":\"https:\\\/\\\/www.lraloeverashop.eu\\\/de\\\/produkt\\\/reishi-plus-kapseln\\\/#breadcrumb\",\"itemListElement\":[{\"@type\":\"ListItem\",\"position\":1,\"name\":\"Home\",\"item\":\"https:\\\/\\\/www.lraloeverashop.eu\\\/de\\\/\"},{\"@type\":\"ListItem\",\"position\":2,\"name\":\"Shop\",\"item\":\"https:\\\/\\\/www.lraloeverashop.eu\\\/de\\\/shop-2\\\/\"},{\"@type\":\"ListItem\",\"position\":3,\"name\":\"Reishi Plus Kapseln\"}]},{\"@type\":\"WebSite\",\"@id\":\"https:\\\/\\\/www.lraloeverashop.eu\\\/de\\\/#website\",\"url\":\"https:\\\/\\\/www.lraloeverashop.eu\\\/de\\\/\",\"name\":\"Lr Aloe Vera Shop\",\"description\":\"High Quality Lr Aloe Vera Gel, Aloe Vera Cream and Shampoo\",\"publisher\":{\"@id\":\"https:\\\/\\\/www.lraloeverashop.eu\\\/de\\\/#organization\"},\"potentialAction\":[{\"@type\":\"SearchAction\",\"target\":{\"@type\":\"EntryPoint\",\"urlTemplate\":\"https:\\\/\\\/www.lraloeverashop.eu\\\/de\\\/?s={search_term_string}\"},\"query-input\":{\"@type\":\"PropertyValueSpecification\",\"valueRequired\":true,\"valueName\":\"search_term_string\"}}],\"inLanguage\":\"de\"},{\"@type\":\"Organization\",\"@id\":\"https:\\\/\\\/www.lraloeverashop.eu\\\/de\\\/#organization\",\"name\":\"Lr Aloe Vera Shop\",\"alternateName\":\"LR\",\"url\":\"https:\\\/\\\/www.lraloeverashop.eu\\\/de\\\/\",\"logo\":{\"@type\":\"ImageObject\",\"inLanguage\":\"de\",\"@id\":\"https:\\\/\\\/www.lraloeverashop.eu\\\/de\\\/#\\\/schema\\\/logo\\\/image\\\/\",\"url\":\"https:\\\/\\\/www.lraloeverashop.eu\\\/wp-content\\\/uploads\\\/2022\\\/09\\\/cropped-Lr-Aloe-Vera-Shop.jpg\",\"contentUrl\":\"https:\\\/\\\/www.lraloeverashop.eu\\\/wp-content\\\/uploads\\\/2022\\\/09\\\/cropped-Lr-Aloe-Vera-Shop.jpg\",\"width\":228,\"height\":76,\"caption\":\"Lr Aloe Vera Shop\"},\"image\":{\"@id\":\"https:\\\/\\\/www.lraloeverashop.eu\\\/de\\\/#\\\/schema\\\/logo\\\/image\\\/\"},\"sameAs\":[\"https:\\\/\\\/www.facebook.com\\\/lraloeverashop.eu\",\"https:\\\/\\\/x.com\\\/natur__kosmetik\",\"https:\\\/\\\/www.youtube.com\\\/channel\\\/UC5oN7BJ8nfYb8RpVtjwDEBA\",\"https:\\\/\\\/www.instagram.com\\\/lrbeautyeu\\\/\"],\"description\":\"LR Aloe Vera Shop ist Ihre vertrauensw\u00fcrdige Adresse f\u00fcr hochwertige LR Health & Beauty Produkte aus Deutschland. Wir bieten Ihnen erstklassige Aloe Vera Hautpflege, N\u00e4hrstoffe und Anti-Aging-Produkte mit reinen Inhaltsstoffen, die auf wissenschaftlichen Erkenntnissen basieren. Entdecken Sie nat\u00fcrliche Pflege, die Ihre Haut regeneriert, sch\u00fctzt und revitalisiert \u2013 und profitieren Sie von exklusiven Monatsangeboten auf unsere Bestseller von LR Aloe Vera. Starten Sie noch heute Ihre Reise zu nat\u00fcrlicher Hautpflege und sp\u00fcren Sie den Unterschied.\",\"email\":\"info@lraloeverashop.eu\",\"telephone\":\"+49 17670609653\",\"legalName\":\"Lr Aloe Vera Shop\",\"foundingDate\":\"2018-04-21\",\"numberOfEmployees\":{\"@type\":\"QuantitativeValue\",\"minValue\":\"1\",\"maxValue\":\"10\"}}]}<\/script>\n<meta property=\"product:price:amount\" content=\"49.29\" \/>\n<meta property=\"product:price:currency\" content=\"EUR\" \/>\n<meta property=\"og:availability\" content=\"instock\" \/>\n<meta property=\"product:availability\" content=\"instock\" \/>\n<meta property=\"product:retailer_item_id\" content=\"80331-401DE\" \/>\n<meta property=\"product:condition\" content=\"new\" \/>\n<!-- \/ Yoast SEO Premium plugin. -->","yoast_head_json":{"title":"Reishi Plus Kapseln tr\u00e4gt zu einem normalen Energiestoffwechsel","description":"Reishi Plus Kapseln unterst\u00fctzen das Wohlbefinden mit Vitamin C und sind zudem laktosefrei und vegan. Ir enth\u00e4lt Aminos\u00e4uren, die alle essentiell sind","robots":{"index":"index","follow":"follow","max-snippet":"max-snippet:-1","max-image-preview":"max-image-preview:large","max-video-preview":"max-video-preview:-1"},"canonical":"https:\/\/www.lraloeverashop.eu\/de\/produkt\/reishi-plus-kapseln\/","og_locale":"de_DE","og_type":"article","og_title":"Reishi Plus Kapseln","og_description":"Reishi Plus Kapseln unterst\u00fctzen das Wohlbefinden mit Vitamin C und sind zudem laktosefrei und vegan. Ir enth\u00e4lt Aminos\u00e4uren, die alle essentiell sind","og_url":"https:\/\/www.lraloeverashop.eu\/de\/produkt\/reishi-plus-kapseln\/","og_site_name":"Lr Aloe Vera Shop","article_publisher":"https:\/\/www.facebook.com\/lraloeverashop.eu","article_modified_time":"2026-02-03T17:44:04+00:00","og_image":[{"width":1200,"height":1200,"url":"https:\/\/www.lraloeverashop.eu\/wp-content\/uploads\/2022\/10\/Lr-Reishi-Plus-Capsules.jpg","type":"image\/jpeg"}],"twitter_card":"summary_large_image","twitter_site":"@natur__kosmetik","schema":{"@context":"https:\/\/schema.org","@graph":[{"@type":["WebPage","ItemPage"],"@id":"https:\/\/www.lraloeverashop.eu\/de\/produkt\/reishi-plus-kapseln\/","url":"https:\/\/www.lraloeverashop.eu\/de\/produkt\/reishi-plus-kapseln\/","name":"Reishi Plus Kapseln tr\u00e4gt zu einem normalen Energiestoffwechsel","isPartOf":{"@id":"https:\/\/www.lraloeverashop.eu\/de\/#website"},"primaryImageOfPage":{"@id":"https:\/\/www.lraloeverashop.eu\/de\/produkt\/reishi-plus-kapseln\/#primaryimage"},"image":{"@id":"https:\/\/www.lraloeverashop.eu\/de\/produkt\/reishi-plus-kapseln\/#primaryimage"},"thumbnailUrl":"https:\/\/www.lraloeverashop.eu\/wp-content\/uploads\/2022\/10\/Lr-Reishi-Plus-Capsules.jpg","datePublished":"2022-10-12T10:32:37+00:00","dateModified":"2026-02-03T17:44:04+00:00","description":"Reishi Plus Kapseln unterst\u00fctzen das Wohlbefinden mit Vitamin C und sind zudem laktosefrei und vegan. Ir enth\u00e4lt Aminos\u00e4uren, die alle essentiell sind","breadcrumb":{"@id":"https:\/\/www.lraloeverashop.eu\/de\/produkt\/reishi-plus-kapseln\/#breadcrumb"},"inLanguage":"de","potentialAction":[{"@type":"ReadAction","target":["https:\/\/www.lraloeverashop.eu\/de\/produkt\/reishi-plus-kapseln\/"]}]},{"@type":"ImageObject","inLanguage":"de","@id":"https:\/\/www.lraloeverashop.eu\/de\/produkt\/reishi-plus-kapseln\/#primaryimage","url":"https:\/\/www.lraloeverashop.eu\/wp-content\/uploads\/2022\/10\/Lr-Reishi-Plus-Capsules.jpg","contentUrl":"https:\/\/www.lraloeverashop.eu\/wp-content\/uploads\/2022\/10\/Lr-Reishi-Plus-Capsules.jpg","width":1200,"height":1200,"caption":"Lr Reishi Plus Kapseln"},{"@type":"BreadcrumbList","@id":"https:\/\/www.lraloeverashop.eu\/de\/produkt\/reishi-plus-kapseln\/#breadcrumb","itemListElement":[{"@type":"ListItem","position":1,"name":"Home","item":"https:\/\/www.lraloeverashop.eu\/de\/"},{"@type":"ListItem","position":2,"name":"Shop","item":"https:\/\/www.lraloeverashop.eu\/de\/shop-2\/"},{"@type":"ListItem","position":3,"name":"Reishi Plus Kapseln"}]},{"@type":"WebSite","@id":"https:\/\/www.lraloeverashop.eu\/de\/#website","url":"https:\/\/www.lraloeverashop.eu\/de\/","name":"Lr Aloe Vera Shop","description":"High Quality Lr Aloe Vera Gel, Aloe Vera Cream and Shampoo","publisher":{"@id":"https:\/\/www.lraloeverashop.eu\/de\/#organization"},"potentialAction":[{"@type":"SearchAction","target":{"@type":"EntryPoint","urlTemplate":"https:\/\/www.lraloeverashop.eu\/de\/?s={search_term_string}"},"query-input":{"@type":"PropertyValueSpecification","valueRequired":true,"valueName":"search_term_string"}}],"inLanguage":"de"},{"@type":"Organization","@id":"https:\/\/www.lraloeverashop.eu\/de\/#organization","name":"Lr Aloe Vera Shop","alternateName":"LR","url":"https:\/\/www.lraloeverashop.eu\/de\/","logo":{"@type":"ImageObject","inLanguage":"de","@id":"https:\/\/www.lraloeverashop.eu\/de\/#\/schema\/logo\/image\/","url":"https:\/\/www.lraloeverashop.eu\/wp-content\/uploads\/2022\/09\/cropped-Lr-Aloe-Vera-Shop.jpg","contentUrl":"https:\/\/www.lraloeverashop.eu\/wp-content\/uploads\/2022\/09\/cropped-Lr-Aloe-Vera-Shop.jpg","width":228,"height":76,"caption":"Lr Aloe Vera Shop"},"image":{"@id":"https:\/\/www.lraloeverashop.eu\/de\/#\/schema\/logo\/image\/"},"sameAs":["https:\/\/www.facebook.com\/lraloeverashop.eu","https:\/\/x.com\/natur__kosmetik","https:\/\/www.youtube.com\/channel\/UC5oN7BJ8nfYb8RpVtjwDEBA","https:\/\/www.instagram.com\/lrbeautyeu\/"],"description":"LR Aloe Vera Shop ist Ihre vertrauensw\u00fcrdige Adresse f\u00fcr hochwertige LR Health & Beauty Produkte aus Deutschland. Wir bieten Ihnen erstklassige Aloe Vera Hautpflege, N\u00e4hrstoffe und Anti-Aging-Produkte mit reinen Inhaltsstoffen, die auf wissenschaftlichen Erkenntnissen basieren. Entdecken Sie nat\u00fcrliche Pflege, die Ihre Haut regeneriert, sch\u00fctzt und revitalisiert \u2013 und profitieren Sie von exklusiven Monatsangeboten auf unsere Bestseller von LR Aloe Vera. Starten Sie noch heute Ihre Reise zu nat\u00fcrlicher Hautpflege und sp\u00fcren Sie den Unterschied.","email":"info@lraloeverashop.eu","telephone":"+49 17670609653","legalName":"Lr Aloe Vera Shop","foundingDate":"2018-04-21","numberOfEmployees":{"@type":"QuantitativeValue","minValue":"1","maxValue":"10"}}]},"product_price_amount":"49.29","product_price_currency":"EUR","og_availability":"instock","product_availability":"instock","product_retailer_item_id":"80331-401DE","product_condition":"new"},"taxonomy_info":{"product_cat":[{"value":399,"label":"Basis"},{"value":423,"label":"Herz &amp; Kreislauf"},{"value":346,"label":"Immunsystem &amp; Gleichgewicht"},{"value":465,"label":"Spezialisten"},{"value":411,"label":"Spezielle Produkte"}],"product_tag":[{"value":653,"label":"Immun-Booster"}]},"featured_image_src_large":["https:\/\/www.lraloeverashop.eu\/wp-content\/uploads\/2022\/10\/Lr-Reishi-Plus-Capsules-1024x1024.jpg",1024,1024,true],"author_info":[],"comment_info":0,"_links":{"self":[{"href":"https:\/\/www.lraloeverashop.eu\/de\/wp-json\/wp\/v2\/product\/9807","targetHints":{"allow":["GET"]}}],"collection":[{"href":"https:\/\/www.lraloeverashop.eu\/de\/wp-json\/wp\/v2\/product"}],"about":[{"href":"https:\/\/www.lraloeverashop.eu\/de\/wp-json\/wp\/v2\/types\/product"}],"replies":[{"embeddable":true,"href":"https:\/\/www.lraloeverashop.eu\/de\/wp-json\/wp\/v2\/comments?post=9807"}],"wp:featuredmedia":[{"embeddable":true,"href":"https:\/\/www.lraloeverashop.eu\/de\/wp-json\/wp\/v2\/media\/5665"}],"wp:attachment":[{"href":"https:\/\/www.lraloeverashop.eu\/de\/wp-json\/wp\/v2\/media?parent=9807"}],"wp:term":[{"taxonomy":"product_brand","embeddable":true,"href":"https:\/\/www.lraloeverashop.eu\/de\/wp-json\/wp\/v2\/product_brand?post=9807"},{"taxonomy":"product_cat","embeddable":true,"href":"https:\/\/www.lraloeverashop.eu\/de\/wp-json\/wp\/v2\/product_cat?post=9807"},{"taxonomy":"product_tag","embeddable":true,"href":"https:\/\/www.lraloeverashop.eu\/de\/wp-json\/wp\/v2\/product_tag?post=9807"}],"curies":[{"name":"wp","href":"https:\/\/api.w.org\/{rel}","templated":true}]}}