{"id":9703,"date":"2022-10-13T05:32:32","date_gmt":"2022-10-13T03:32:32","guid":{"rendered":"https:\/\/www.lraloeverashop.eu\/product\/pro-balance-tabletten\/"},"modified":"2026-04-19T09:08:41","modified_gmt":"2026-04-19T07:08:41","slug":"pro-balance-tabletten","status":"publish","type":"product","link":"https:\/\/www.lraloeverashop.eu\/de\/produkt\/pro-balance-tabletten\/","title":{"rendered":"Pro Balance Tabletten"},"content":{"rendered":"<h2><strong><span style=\"font-size: 16pt;\">Pro Balance Tabletten<\/span><\/strong><\/h2>\n<p><span style=\"font-size: 14pt;\"><strong>Pro Balance Tabletten &#8211; praktische Unterst\u00fctzung f\u00fcr Ihre t\u00e4gliche Ern\u00e4hrung<\/strong><\/span><\/p>\n<p>Eine unausgewogene <a href=\"https:\/\/www.lraloeverashop.eu\/de\/mahlzeitenersatz-figu-active-die-smarte-diaet-zum-abnehmen\/\">Ern\u00e4hrung<\/a> ohne Abwechslung kann zu einer St\u00f6rung des S\u00e4ure-Basen-Gleichgewichts f\u00fchren.<\/p>\n<p>Pro Balance Kapseln bieten praktische Unterst\u00fctzung, die leicht in <a href=\"https:\/\/www.lraloeverashop.eu\/de\/produkt\/suesskartoffelsuppe-kuerbis-figu-active\/\"><strong>Ihre t\u00e4gliche Ern\u00e4hrung<\/strong><\/a> integriert werden kann und den S\u00e4ure-Basen-Haushalt des K\u00f6rpers wiederherstellt.<\/p>\n<p>Pro Balance bietet <a href=\"https:\/\/www.lraloeverashop.eu\/de\/produkt-kategorie\/basis\/vitamine-mineralien\/\">heilsame Mineralien<\/a> und Spurenelemente f\u00fcr Ihr inneres Gleichgewicht und steigert Ihr Wohlbefinden. Es ist laktosefrei und besteht aus einer wertvollen Mischung von Citraten, Carbonaten und Gluconaten.<\/p>\n<p>Magnesium in Pro Balance Tabletten hilft, M\u00fcdigkeit und <a href=\"https:\/\/www.lraloeverashop.eu\/de\/produkt\/lr-pro-balance-tabletten\/\">Ersch\u00f6pfung zu reduzieren<\/a> und das Elektrolytgleichgewicht aufrechtzuerhalten.<\/p>\n<p>&nbsp;<\/p>\n<h3><strong><span style=\"font-size: 16pt;\">Anwendung<\/span><\/strong><\/h3>\n<p>Empfohlene Tagesdosis:\u00a03 x 4 Kapseln.<\/p>\n<p>\u00dcberschreiten Sie nicht die empfohlene Tagesdosis.<br \/>\nNahrungserg\u00e4nzungsmittel sind kein Ersatz f\u00fcr eine reichhaltige und ausgewogene Ern\u00e4hrung in Kombination mit einer <a href=\"https:\/\/www.lraloeverashop.eu\/de\/aloe-vera-drinking-gel-honig\/\">gesunden Lebensweise<\/a>.<\/p>\n<p>Bewahren Sie Pro Balance Tabletten au\u00dferhalb der Reichweite von Kindern auf. Schlie\u00dfen Sie das Paket nach dem Gebrauch. An einem k\u00fchlen und trockenen Platz aufbewahren. \u00dcberm\u00e4\u00dfiger Konsum kann abf\u00fchrend wirken.<\/p>\n<p>&nbsp;<\/p>\n<h4><strong><span style=\"font-size: 16pt;\">Wussten Sie schon?<\/span><\/strong><\/h4>\n<p>Mineralien erscheinen niemals in ihrer reinen Form, sondern immer in Salzverbindungen. Besonders wichtig f\u00fcr die <a href=\"https:\/\/www.lraloeverashop.eu\/de\/produkt\/pro-balance-3er-set\/\">Bioverf\u00fcgbarkeit<\/a> der Mineralelemente ist das richtige Verh\u00e4ltnis verschiedener Verbindungen. Aus diesem Grund verwendet LR in Pro Balance Tabletten eine Mischung aus Citronen-, Carbonat- und Gluconatsalzen.<\/p>\n<p>&nbsp;<\/p>\n<h5><strong><span style=\"font-size: 16pt;\">H\u00e4ufig gestellte Fragen<\/span><\/strong><\/h5>\n<p><strong>Wie steigt der S\u00e4uregehalt in unserem K\u00f6rper?<\/strong><br \/>\nEs gibt viele Faktoren, die die <a href=\"https:\/\/www.lraloeverashop.eu\/de\/aloe-vera-zum-trinken-von-lr-health-beauty\/\">S\u00e4ure in unserem K\u00f6rper<\/a> erh\u00f6hen. Unsere Ern\u00e4hrung und unsere Essgewohnheiten sind essentiell.<\/p>\n<p>Der h\u00e4ufige oder \u00fcberm\u00e4ssige Konsum bestimmter Lebensmittel kann sich negativ auf unser S\u00e4ure-Basen-Gleichgewicht auswirken: Fleisch, kohlens\u00e4urehaltiges Mineralwasser, Kaffee, Fett, Wei\u00dfmehl, S\u00fc\u00dfigkeiten usw. Die negativen Auswirkungen dieser Lebensmittel nehmen zu, wenn wir nicht gen\u00fcgend Gem\u00fcse und <a href=\"https:\/\/www.lraloeverashop.eu\/de\/produkt\/vita-active-rote-fruechte\/\">Fr\u00fcchte<\/a> essen.<\/p>\n<p>Andere Faktoren wie Bewegungsmangel und\u00a0<a href=\"https:\/\/www.lraloeverashop.eu\/de\/produkt\/mind-master-drink-gruen\/\">Stress<\/a>\u00a0k\u00f6nnen unseren Stoffwechsel beeinflussen.<\/p>\n<p><strong>Wie balancieren Mineralien und Spurenelemente die S\u00e4ure unseres K\u00f6rpers?<\/strong><br \/>\nPro Balance Tabletten helfen, das S\u00e4ure-Basen-Gleichgewicht des K\u00f6rpers in jeder Zelle zu regulieren, um S\u00e4uren zu neutralisieren. W\u00e4hrend der Azidit\u00e4t, z.B. Wenn unsere Ern\u00e4hrung nicht ausgeglichen ist, verliert der K\u00f6rper seine Mineralien. Infolgedessen hat der menschliche K\u00f6rper nicht die entsprechende Menge an Mineralien, so <a href=\"https:\/\/www.lraloeverashop.eu\/de\/produkt\/omega-3-tabletten-limitiertes-angebot\/\">funktioniert<\/a> nicht richtig.<\/p>\n","protected":false},"excerpt":{"rendered":"<ul>\n<li>Kombination von Basismineralien und Spurenelementen f\u00fcr Ihr inneres Gleichgewicht\u00b9<\/li>\n<li>Eine ausgezeichnete Mischung von Citraten, Carbonaten und Gluconaten<\/li>\n<li>Laktosefrei<\/li>\n<li>Produkt hergestellt in Deutschland<\/li>\n<li>Menge: 252 g<\/li>\n<\/ul>\n<p><span style=\"color: #ff0000;\"><a style=\"color: #ff0000;\" href=\"https:\/\/shop.lrworld.com\/openpao?PHP=0vFlt7jT938BEnBI3a6e9w%3D%3D\"><span style=\"font-size: 14pt;\"><strong>Hier registrieren und dauerhaft 35\u202f% sparen<\/strong><\/span><\/a><\/span><\/p>\n","protected":false},"featured_media":5647,"comment_status":"open","ping_status":"closed","template":"","meta":{"_kad_blocks_custom_css":"","_kad_blocks_head_custom_js":"","_kad_blocks_body_custom_js":"","_kad_blocks_footer_custom_js":"","_kadence_starter_templates_imported_post":false,"_kad_post_transparent":"default","_kad_post_title":"","_kad_post_layout":"default","_kad_post_sidebar_id":"","_kad_post_content_style":"default","_kad_post_vertical_padding":"default","_kad_post_feature":"","_kad_post_feature_position":"","_kad_post_header":false,"_kad_post_footer":false,"_kad_post_classname":""},"product_brand":[],"product_cat":[399,346,417,453,465,411,298],"product_tag":[654,656],"class_list":{"0":"post-9703","1":"product","2":"type-product","3":"status-publish","4":"has-post-thumbnail","6":"product_cat-basis","7":"product_cat-immunsystem-gleichgewicht","8":"product_cat-knochen-gelenke-muskeln","9":"product_cat-pro-balance-de","10":"product_cat-spezial-ernahrung","11":"product_cat-spezielle-produkte","12":"product_cat-vitamine-mineralien","13":"product_tag-gelenkschmerzen-de","14":"product_tag-mineralien-und-vitamine","16":"first","17":"instock","18":"taxable","19":"shipping-taxable","20":"purchasable","21":"product-type-simple","22":"entry","23":"content-bg","24":"loop-entry"},"yoast_head":"<!-- This site is optimized with the Yoast SEO Premium plugin v27.4 (Yoast SEO v27.4) - https:\/\/yoast.com\/product\/yoast-seo-premium-wordpress\/ -->\n<title>Pro Balance Tabletten unterst\u00fctzen Ihren Ern\u00e4hrungsalltag<\/title>\n<meta name=\"description\" content=\"Pro Balance Tabletten bieten eine praktische Unterst\u00fctzung, die sich leicht in die t\u00e4gliche Ern\u00e4hrung integrieren l\u00e4sst f\u00fcr Ihr inneres Gleichgewicht\" \/>\n<meta name=\"robots\" content=\"index, follow, max-snippet:-1, max-image-preview:large, max-video-preview:-1\" \/>\n<link rel=\"canonical\" href=\"https:\/\/www.lraloeverashop.eu\/de\/produkt\/pro-balance-tabletten\/\" \/>\n<meta property=\"og:locale\" content=\"de_DE\" \/>\n<meta property=\"og:type\" content=\"article\" \/>\n<meta property=\"og:title\" content=\"Pro Balance Tabletten\" \/>\n<meta property=\"og:description\" content=\"Pro Balance Tabletten bieten eine praktische Unterst\u00fctzung, die sich leicht in die t\u00e4gliche Ern\u00e4hrung integrieren l\u00e4sst f\u00fcr Ihr inneres Gleichgewicht\" \/>\n<meta property=\"og:url\" content=\"https:\/\/www.lraloeverashop.eu\/de\/produkt\/pro-balance-tabletten\/\" \/>\n<meta property=\"og:site_name\" content=\"Lr Aloe Vera Shop\" \/>\n<meta property=\"article:publisher\" content=\"https:\/\/www.facebook.com\/lraloeverashop.eu\" \/>\n<meta property=\"article:modified_time\" content=\"2026-04-19T07:08:41+00:00\" \/>\n<meta property=\"og:image\" content=\"https:\/\/www.lraloeverashop.eu\/wp-content\/uploads\/2022\/10\/Lr-Pro-balance-Mminerals.jpg\" \/>\n\t<meta property=\"og:image:width\" content=\"1200\" \/>\n\t<meta property=\"og:image:height\" content=\"1200\" \/>\n\t<meta property=\"og:image:type\" content=\"image\/jpeg\" \/>\n<meta name=\"twitter:card\" content=\"summary_large_image\" \/>\n<meta name=\"twitter:site\" content=\"@natur__kosmetik\" \/>\n<script type=\"application\/ld+json\" class=\"yoast-schema-graph\">{\"@context\":\"https:\\\/\\\/schema.org\",\"@graph\":[{\"@type\":[\"WebPage\",\"ItemPage\"],\"@id\":\"https:\\\/\\\/www.lraloeverashop.eu\\\/de\\\/produkt\\\/pro-balance-tabletten\\\/\",\"url\":\"https:\\\/\\\/www.lraloeverashop.eu\\\/de\\\/produkt\\\/pro-balance-tabletten\\\/\",\"name\":\"Pro Balance Tabletten unterst\u00fctzen Ihren Ern\u00e4hrungsalltag\",\"isPartOf\":{\"@id\":\"https:\\\/\\\/www.lraloeverashop.eu\\\/de\\\/#website\"},\"primaryImageOfPage\":{\"@id\":\"https:\\\/\\\/www.lraloeverashop.eu\\\/de\\\/produkt\\\/pro-balance-tabletten\\\/#primaryimage\"},\"image\":{\"@id\":\"https:\\\/\\\/www.lraloeverashop.eu\\\/de\\\/produkt\\\/pro-balance-tabletten\\\/#primaryimage\"},\"thumbnailUrl\":\"https:\\\/\\\/www.lraloeverashop.eu\\\/wp-content\\\/uploads\\\/2022\\\/10\\\/Lr-Pro-balance-Mminerals.jpg\",\"datePublished\":\"2022-10-13T03:32:32+00:00\",\"dateModified\":\"2026-04-19T07:08:41+00:00\",\"description\":\"Pro Balance Tabletten bieten eine praktische Unterst\u00fctzung, die sich leicht in die t\u00e4gliche Ern\u00e4hrung integrieren l\u00e4sst f\u00fcr Ihr inneres Gleichgewicht\",\"breadcrumb\":{\"@id\":\"https:\\\/\\\/www.lraloeverashop.eu\\\/de\\\/produkt\\\/pro-balance-tabletten\\\/#breadcrumb\"},\"inLanguage\":\"de\",\"potentialAction\":[{\"@type\":\"ReadAction\",\"target\":[\"https:\\\/\\\/www.lraloeverashop.eu\\\/de\\\/produkt\\\/pro-balance-tabletten\\\/\"]}]},{\"@type\":\"ImageObject\",\"inLanguage\":\"de\",\"@id\":\"https:\\\/\\\/www.lraloeverashop.eu\\\/de\\\/produkt\\\/pro-balance-tabletten\\\/#primaryimage\",\"url\":\"https:\\\/\\\/www.lraloeverashop.eu\\\/wp-content\\\/uploads\\\/2022\\\/10\\\/Lr-Pro-balance-Mminerals.jpg\",\"contentUrl\":\"https:\\\/\\\/www.lraloeverashop.eu\\\/wp-content\\\/uploads\\\/2022\\\/10\\\/Lr-Pro-balance-Mminerals.jpg\",\"width\":1200,\"height\":1200,\"caption\":\"Lr Pro balance Mineralien\"},{\"@type\":\"BreadcrumbList\",\"@id\":\"https:\\\/\\\/www.lraloeverashop.eu\\\/de\\\/produkt\\\/pro-balance-tabletten\\\/#breadcrumb\",\"itemListElement\":[{\"@type\":\"ListItem\",\"position\":1,\"name\":\"Home\",\"item\":\"https:\\\/\\\/www.lraloeverashop.eu\\\/de\\\/\"},{\"@type\":\"ListItem\",\"position\":2,\"name\":\"Shop\",\"item\":\"https:\\\/\\\/www.lraloeverashop.eu\\\/de\\\/shop-2\\\/\"},{\"@type\":\"ListItem\",\"position\":3,\"name\":\"Pro Balance Tabletten\"}]},{\"@type\":\"WebSite\",\"@id\":\"https:\\\/\\\/www.lraloeverashop.eu\\\/de\\\/#website\",\"url\":\"https:\\\/\\\/www.lraloeverashop.eu\\\/de\\\/\",\"name\":\"Lr Aloe Vera Shop\",\"description\":\"High Quality Lr Aloe Vera Gel, Aloe Vera Cream and Shampoo\",\"publisher\":{\"@id\":\"https:\\\/\\\/www.lraloeverashop.eu\\\/de\\\/#organization\"},\"potentialAction\":[{\"@type\":\"SearchAction\",\"target\":{\"@type\":\"EntryPoint\",\"urlTemplate\":\"https:\\\/\\\/www.lraloeverashop.eu\\\/de\\\/?s={search_term_string}\"},\"query-input\":{\"@type\":\"PropertyValueSpecification\",\"valueRequired\":true,\"valueName\":\"search_term_string\"}}],\"inLanguage\":\"de\"},{\"@type\":\"Organization\",\"@id\":\"https:\\\/\\\/www.lraloeverashop.eu\\\/de\\\/#organization\",\"name\":\"Lr Aloe Vera Shop\",\"alternateName\":\"LR\",\"url\":\"https:\\\/\\\/www.lraloeverashop.eu\\\/de\\\/\",\"logo\":{\"@type\":\"ImageObject\",\"inLanguage\":\"de\",\"@id\":\"https:\\\/\\\/www.lraloeverashop.eu\\\/de\\\/#\\\/schema\\\/logo\\\/image\\\/\",\"url\":\"https:\\\/\\\/www.lraloeverashop.eu\\\/wp-content\\\/uploads\\\/2022\\\/09\\\/cropped-Lr-Aloe-Vera-Shop.jpg\",\"contentUrl\":\"https:\\\/\\\/www.lraloeverashop.eu\\\/wp-content\\\/uploads\\\/2022\\\/09\\\/cropped-Lr-Aloe-Vera-Shop.jpg\",\"width\":228,\"height\":76,\"caption\":\"Lr Aloe Vera Shop\"},\"image\":{\"@id\":\"https:\\\/\\\/www.lraloeverashop.eu\\\/de\\\/#\\\/schema\\\/logo\\\/image\\\/\"},\"sameAs\":[\"https:\\\/\\\/www.facebook.com\\\/lraloeverashop.eu\",\"https:\\\/\\\/x.com\\\/natur__kosmetik\",\"https:\\\/\\\/www.youtube.com\\\/channel\\\/UC5oN7BJ8nfYb8RpVtjwDEBA\",\"https:\\\/\\\/www.instagram.com\\\/lrbeautyeu\\\/\"],\"description\":\"LR Aloe Vera Shop ist Ihre vertrauensw\u00fcrdige Adresse f\u00fcr hochwertige LR Health & Beauty Produkte aus Deutschland. Wir bieten Ihnen erstklassige Aloe Vera Hautpflege, N\u00e4hrstoffe und Anti-Aging-Produkte mit reinen Inhaltsstoffen, die auf wissenschaftlichen Erkenntnissen basieren. Entdecken Sie nat\u00fcrliche Pflege, die Ihre Haut regeneriert, sch\u00fctzt und revitalisiert \u2013 und profitieren Sie von exklusiven Monatsangeboten auf unsere Bestseller von LR Aloe Vera. Starten Sie noch heute Ihre Reise zu nat\u00fcrlicher Hautpflege und sp\u00fcren Sie den Unterschied.\",\"email\":\"info@lraloeverashop.eu\",\"telephone\":\"+49 17670609653\",\"legalName\":\"Lr Aloe Vera Shop\",\"foundingDate\":\"2018-04-21\",\"numberOfEmployees\":{\"@type\":\"QuantitativeValue\",\"minValue\":\"1\",\"maxValue\":\"10\"}}]}<\/script>\n<meta property=\"product:price:amount\" content=\"36.99\" \/>\n<meta property=\"product:price:currency\" content=\"EUR\" \/>\n<meta property=\"og:availability\" content=\"instock\" \/>\n<meta property=\"product:availability\" content=\"instock\" \/>\n<meta property=\"product:retailer_item_id\" content=\"80102-401DE\" \/>\n<meta property=\"product:condition\" content=\"new\" \/>\n<!-- \/ Yoast SEO Premium plugin. -->","yoast_head_json":{"title":"Pro Balance Tabletten unterst\u00fctzen Ihren Ern\u00e4hrungsalltag","description":"Pro Balance Tabletten bieten eine praktische Unterst\u00fctzung, die sich leicht in die t\u00e4gliche Ern\u00e4hrung integrieren l\u00e4sst f\u00fcr Ihr inneres Gleichgewicht","robots":{"index":"index","follow":"follow","max-snippet":"max-snippet:-1","max-image-preview":"max-image-preview:large","max-video-preview":"max-video-preview:-1"},"canonical":"https:\/\/www.lraloeverashop.eu\/de\/produkt\/pro-balance-tabletten\/","og_locale":"de_DE","og_type":"article","og_title":"Pro Balance Tabletten","og_description":"Pro Balance Tabletten bieten eine praktische Unterst\u00fctzung, die sich leicht in die t\u00e4gliche Ern\u00e4hrung integrieren l\u00e4sst f\u00fcr Ihr inneres Gleichgewicht","og_url":"https:\/\/www.lraloeverashop.eu\/de\/produkt\/pro-balance-tabletten\/","og_site_name":"Lr Aloe Vera Shop","article_publisher":"https:\/\/www.facebook.com\/lraloeverashop.eu","article_modified_time":"2026-04-19T07:08:41+00:00","og_image":[{"width":1200,"height":1200,"url":"https:\/\/www.lraloeverashop.eu\/wp-content\/uploads\/2022\/10\/Lr-Pro-balance-Mminerals.jpg","type":"image\/jpeg"}],"twitter_card":"summary_large_image","twitter_site":"@natur__kosmetik","schema":{"@context":"https:\/\/schema.org","@graph":[{"@type":["WebPage","ItemPage"],"@id":"https:\/\/www.lraloeverashop.eu\/de\/produkt\/pro-balance-tabletten\/","url":"https:\/\/www.lraloeverashop.eu\/de\/produkt\/pro-balance-tabletten\/","name":"Pro Balance Tabletten unterst\u00fctzen Ihren Ern\u00e4hrungsalltag","isPartOf":{"@id":"https:\/\/www.lraloeverashop.eu\/de\/#website"},"primaryImageOfPage":{"@id":"https:\/\/www.lraloeverashop.eu\/de\/produkt\/pro-balance-tabletten\/#primaryimage"},"image":{"@id":"https:\/\/www.lraloeverashop.eu\/de\/produkt\/pro-balance-tabletten\/#primaryimage"},"thumbnailUrl":"https:\/\/www.lraloeverashop.eu\/wp-content\/uploads\/2022\/10\/Lr-Pro-balance-Mminerals.jpg","datePublished":"2022-10-13T03:32:32+00:00","dateModified":"2026-04-19T07:08:41+00:00","description":"Pro Balance Tabletten bieten eine praktische Unterst\u00fctzung, die sich leicht in die t\u00e4gliche Ern\u00e4hrung integrieren l\u00e4sst f\u00fcr Ihr inneres Gleichgewicht","breadcrumb":{"@id":"https:\/\/www.lraloeverashop.eu\/de\/produkt\/pro-balance-tabletten\/#breadcrumb"},"inLanguage":"de","potentialAction":[{"@type":"ReadAction","target":["https:\/\/www.lraloeverashop.eu\/de\/produkt\/pro-balance-tabletten\/"]}]},{"@type":"ImageObject","inLanguage":"de","@id":"https:\/\/www.lraloeverashop.eu\/de\/produkt\/pro-balance-tabletten\/#primaryimage","url":"https:\/\/www.lraloeverashop.eu\/wp-content\/uploads\/2022\/10\/Lr-Pro-balance-Mminerals.jpg","contentUrl":"https:\/\/www.lraloeverashop.eu\/wp-content\/uploads\/2022\/10\/Lr-Pro-balance-Mminerals.jpg","width":1200,"height":1200,"caption":"Lr Pro balance Mineralien"},{"@type":"BreadcrumbList","@id":"https:\/\/www.lraloeverashop.eu\/de\/produkt\/pro-balance-tabletten\/#breadcrumb","itemListElement":[{"@type":"ListItem","position":1,"name":"Home","item":"https:\/\/www.lraloeverashop.eu\/de\/"},{"@type":"ListItem","position":2,"name":"Shop","item":"https:\/\/www.lraloeverashop.eu\/de\/shop-2\/"},{"@type":"ListItem","position":3,"name":"Pro Balance Tabletten"}]},{"@type":"WebSite","@id":"https:\/\/www.lraloeverashop.eu\/de\/#website","url":"https:\/\/www.lraloeverashop.eu\/de\/","name":"Lr Aloe Vera Shop","description":"High Quality Lr Aloe Vera Gel, Aloe Vera Cream and Shampoo","publisher":{"@id":"https:\/\/www.lraloeverashop.eu\/de\/#organization"},"potentialAction":[{"@type":"SearchAction","target":{"@type":"EntryPoint","urlTemplate":"https:\/\/www.lraloeverashop.eu\/de\/?s={search_term_string}"},"query-input":{"@type":"PropertyValueSpecification","valueRequired":true,"valueName":"search_term_string"}}],"inLanguage":"de"},{"@type":"Organization","@id":"https:\/\/www.lraloeverashop.eu\/de\/#organization","name":"Lr Aloe Vera Shop","alternateName":"LR","url":"https:\/\/www.lraloeverashop.eu\/de\/","logo":{"@type":"ImageObject","inLanguage":"de","@id":"https:\/\/www.lraloeverashop.eu\/de\/#\/schema\/logo\/image\/","url":"https:\/\/www.lraloeverashop.eu\/wp-content\/uploads\/2022\/09\/cropped-Lr-Aloe-Vera-Shop.jpg","contentUrl":"https:\/\/www.lraloeverashop.eu\/wp-content\/uploads\/2022\/09\/cropped-Lr-Aloe-Vera-Shop.jpg","width":228,"height":76,"caption":"Lr Aloe Vera Shop"},"image":{"@id":"https:\/\/www.lraloeverashop.eu\/de\/#\/schema\/logo\/image\/"},"sameAs":["https:\/\/www.facebook.com\/lraloeverashop.eu","https:\/\/x.com\/natur__kosmetik","https:\/\/www.youtube.com\/channel\/UC5oN7BJ8nfYb8RpVtjwDEBA","https:\/\/www.instagram.com\/lrbeautyeu\/"],"description":"LR Aloe Vera Shop ist Ihre vertrauensw\u00fcrdige Adresse f\u00fcr hochwertige LR Health & Beauty Produkte aus Deutschland. Wir bieten Ihnen erstklassige Aloe Vera Hautpflege, N\u00e4hrstoffe und Anti-Aging-Produkte mit reinen Inhaltsstoffen, die auf wissenschaftlichen Erkenntnissen basieren. Entdecken Sie nat\u00fcrliche Pflege, die Ihre Haut regeneriert, sch\u00fctzt und revitalisiert \u2013 und profitieren Sie von exklusiven Monatsangeboten auf unsere Bestseller von LR Aloe Vera. Starten Sie noch heute Ihre Reise zu nat\u00fcrlicher Hautpflege und sp\u00fcren Sie den Unterschied.","email":"info@lraloeverashop.eu","telephone":"+49 17670609653","legalName":"Lr Aloe Vera Shop","foundingDate":"2018-04-21","numberOfEmployees":{"@type":"QuantitativeValue","minValue":"1","maxValue":"10"}}]},"product_price_amount":"36.99","product_price_currency":"EUR","og_availability":"instock","product_availability":"instock","product_retailer_item_id":"80102-401DE","product_condition":"new"},"taxonomy_info":{"product_cat":[{"value":399,"label":"Basis"},{"value":346,"label":"Immunsystem &amp; Gleichgewicht"},{"value":417,"label":"Knochen, Gelenke &amp; Muskeln"},{"value":453,"label":"Pro Balance"},{"value":465,"label":"Spezialisten"},{"value":411,"label":"Spezielle Produkte"},{"value":298,"label":"Vitamine &amp; Mineralien"}],"product_tag":[{"value":654,"label":"Gelenkschmerzen"},{"value":656,"label":"Mineralien und Vitamine"}]},"featured_image_src_large":["https:\/\/www.lraloeverashop.eu\/wp-content\/uploads\/2022\/10\/Lr-Pro-balance-Mminerals-1024x1024.jpg",1024,1024,true],"author_info":[],"comment_info":0,"_links":{"self":[{"href":"https:\/\/www.lraloeverashop.eu\/de\/wp-json\/wp\/v2\/product\/9703","targetHints":{"allow":["GET"]}}],"collection":[{"href":"https:\/\/www.lraloeverashop.eu\/de\/wp-json\/wp\/v2\/product"}],"about":[{"href":"https:\/\/www.lraloeverashop.eu\/de\/wp-json\/wp\/v2\/types\/product"}],"replies":[{"embeddable":true,"href":"https:\/\/www.lraloeverashop.eu\/de\/wp-json\/wp\/v2\/comments?post=9703"}],"wp:featuredmedia":[{"embeddable":true,"href":"https:\/\/www.lraloeverashop.eu\/de\/wp-json\/wp\/v2\/media\/5647"}],"wp:attachment":[{"href":"https:\/\/www.lraloeverashop.eu\/de\/wp-json\/wp\/v2\/media?parent=9703"}],"wp:term":[{"taxonomy":"product_brand","embeddable":true,"href":"https:\/\/www.lraloeverashop.eu\/de\/wp-json\/wp\/v2\/product_brand?post=9703"},{"taxonomy":"product_cat","embeddable":true,"href":"https:\/\/www.lraloeverashop.eu\/de\/wp-json\/wp\/v2\/product_cat?post=9703"},{"taxonomy":"product_tag","embeddable":true,"href":"https:\/\/www.lraloeverashop.eu\/de\/wp-json\/wp\/v2\/product_tag?post=9703"}],"curies":[{"name":"wp","href":"https:\/\/api.w.org\/{rel}","templated":true}]}}