{"id":9667,"date":"2022-10-13T08:34:35","date_gmt":"2022-10-13T06:34:35","guid":{"rendered":"https:\/\/www.lraloeverashop.eu\/product\/vita-active-rote-fruechte\/"},"modified":"2026-04-05T22:18:41","modified_gmt":"2026-04-05T20:18:41","slug":"vita-active-rote-fruechte","status":"publish","type":"product","link":"https:\/\/www.lraloeverashop.eu\/de\/produkt\/vita-active-rote-fruechte\/","title":{"rendered":"Vita Active Rote Fr\u00fcchte"},"content":{"rendered":"<h2><span style=\"font-size: 16pt;\"><strong>Vita Active Rote Fr\u00fcchte<\/strong><\/span><\/h2>\n<p><span style=\"font-size: 14pt;\"><strong>Vita Active Rote Fr\u00fcchte &#8211; 100% Vitaminversorgung mit nur einem Teel\u00f6ffel<\/strong><\/span><\/p>\n<p>Eine abwechslungsreiche und ausgewogene Ern\u00e4hrung spielt eine wichtige Rolle f\u00fcr eine gesunde Lebensweise. Unser K\u00f6rper absorbiert t\u00e4glich eine Vielzahl von <a href=\"https:\/\/www.lraloeverashop.eu\/de\/produkt\/suesskartoffelsuppe-kuerbis-figu-active\/\"><strong>notwendigen N\u00e4hrstoffen<\/strong><\/a> durch Nahrung. Vita Active kann ein bedeutender Verb\u00fcndeter sein, weil es Sie immer voll versorgt h\u00e4lt.<\/p>\n<p>Lr Vita Active ist ein Konzentrat aus 21 nat\u00fcrlichen Fr\u00fcchten und Gem\u00fcse, das einen k\u00f6stlichen Geschmack hat und den K\u00f6rper mit zehn <a href=\"https:\/\/www.lraloeverashop.eu\/de\/produkt\/vita-active-rote-fruchte-set\/\">lebenswichtigen Vitaminen<\/a> versorgt. Vitamine sind wahre Wundert\u00e4ter: Vitamin D und B6 tragen zur normalen Funktion des <a href=\"https:\/\/www.lraloeverashop.eu\/de\/wie-kolostrum-ihr-immunsystem-natuerlich-staerkt\/\">Immunsystems<\/a> bei, Vitamin B12 tr\u00e4gt zur Zellteilung bei und Vitamin B1 tr\u00e4gt zur normalen Funktion des Herzens bei.<\/p>\n<p>&nbsp;<\/p>\n<h3><span style=\"font-size: 16pt;\"><strong>Empfohlene Tagesdosis<\/strong><\/span><\/h3>\n<p>5 ml einmal t\u00e4glich w\u00e4hrend oder nach einer Mahlzeit. Sie k\u00f6nnen Vita Active Rote Fr\u00fcchte zu einem Glas Mineralwasser, Joghurt oder M\u00fcsli hinzuf\u00fcgen. Langfristiger Konsum wird empfohlen.<\/p>\n<p>\u00dcberschreiten Sie nicht die empfohlene Tagesdosis. Nahrungserg\u00e4nzungsmittel sind kein Ersatz f\u00fcr eine reichhaltige und ausgewogene Ern\u00e4hrung in Kombination mit einer <a href=\"https:\/\/www.lraloeverashop.eu\/de\/produkt\/aloe-vera-trinkgel-immune-plus\/\">gesunden Lebensweise<\/a>. Bewahren Sie das Produkt au\u00dferhalb der Reichweite von Kindern auf.<br \/>\nNicht \u00fcber 25 \u00b0 C lagern. Nach dem \u00d6ffnen k\u00fchl stellen. Vor Gebrauch sch\u00fctteln.<\/p>\n<p>&nbsp;<\/p>\n<h4><span style=\"font-size: 16pt;\"><strong>Wissen Sie, dass Vitamin D das \u201eSonnenvitamin\u201c genannt wird?<\/strong><\/span><\/h4>\n<p>Vitamin D ist ein spezielles Vitamin, das sich aus der Sonnenstrahlung der Haut zusammensetzt. Eine ausgewogene <a href=\"https:\/\/www.lraloeverashop.eu\/de\/produkt\/fiber-boost-getrankepulver-set\/\">Ern\u00e4hrung<\/a> versorgt den K\u00f6rper mit allen notwendigen Vitaminen f\u00fcr seine ordnungsgem\u00e4\u00dfe Funktion. Gerade im Winter kann Vita Active Rote Fr\u00fcchte eine sinnvolle <a href=\"https:\/\/www.lraloeverashop.eu\/de\/produkt\/aloe-vera-zum-trinken-acai-pro\/\">Erg\u00e4nzung<\/a> zu Ihrer Ern\u00e4hrung sein.<\/p>\n<p>Eine ausgewogene Ern\u00e4hrung ist besonders f\u00fcr Menschen mit erh\u00f6hter Verantwortung bei der Arbeit oder in der Familie von gro\u00dfer Bedeutung. In Zeiten erh\u00f6hter <a href=\"https:\/\/www.lraloeverashop.eu\/de\/produkt\/mind-master-drink-rot\/\">Stressbelastung<\/a>, k\u00fcmmern Sie sich um Ihre Ern\u00e4hrung und runden sie mit Rote Fr\u00fcchte ab.<\/p>\n","protected":false},"excerpt":{"rendered":"<ul>\n<li>Kompaktes Konzentrat bestehend aus 21 Fr\u00fcchten und Gem\u00fcse<\/li>\n<li>Nur ein Teel\u00f6ffel (5 ml) pro Tag deckt 100% des K\u00f6rperbedarfs in 10 Vitaminen *<\/li>\n<li>Keine zus\u00e4tzlichen Konservierungsstoffe und Farbstoffe<\/li>\n<li>Produkt hergestellt in Deutschland<\/li>\n<li>Menge: 150 ml<\/li>\n<\/ul>\n<p><span style=\"color: #ff0000;\"><a style=\"color: #ff0000;\" href=\"https:\/\/shop.lrworld.com\/openpao?PHP=0vFlt7jT938BEnBI3a6e9w%3D%3D\"><span style=\"font-size: 14pt;\"><strong>Hier registrieren und dauerhaft 35\u202f% sparen<\/strong><\/span><\/a><\/span><\/p>\n","protected":false},"featured_media":14637,"comment_status":"open","ping_status":"closed","template":"","meta":{"_kad_blocks_custom_css":"","_kad_blocks_head_custom_js":"","_kad_blocks_body_custom_js":"","_kad_blocks_footer_custom_js":"","_kadence_starter_templates_imported_post":false,"_kad_post_transparent":"default","_kad_post_title":"","_kad_post_layout":"default","_kad_post_sidebar_id":"","_kad_post_content_style":"default","_kad_post_vertical_padding":"default","_kad_post_feature":"","_kad_post_feature_position":"","_kad_post_header":false,"_kad_post_footer":false,"_kad_post_classname":""},"product_brand":[],"product_cat":[399,298],"product_tag":[656],"class_list":{"0":"post-9667","1":"product","2":"type-product","3":"status-publish","4":"has-post-thumbnail","6":"product_cat-basis","7":"product_cat-vitamine-mineralien","8":"product_tag-mineralien-und-vitamine","10":"first","11":"instock","12":"taxable","13":"shipping-taxable","14":"purchasable","15":"product-type-simple","16":"entry","17":"content-bg","18":"loop-entry"},"yoast_head":"<!-- This site is optimized with the Yoast SEO Premium plugin v27.4 (Yoast SEO v27.4) - https:\/\/yoast.com\/product\/yoast-seo-premium-wordpress\/ -->\n<title>Vita Active Rote Fr\u00fcchte - 100% Vitamin mit nur einem Teel\u00f6ffel<\/title>\n<meta name=\"description\" content=\"Vita Active Rote Fr\u00fcchte Konzentrat aus 21 nat\u00fcrlichen Obst- und Gem\u00fcse, das einen k\u00f6stlichen Geschmack hat und den K\u00f6rper mit wichtigen Vitaminen versorgt\" \/>\n<meta name=\"robots\" content=\"index, follow, max-snippet:-1, max-image-preview:large, max-video-preview:-1\" \/>\n<link rel=\"canonical\" href=\"https:\/\/www.lraloeverashop.eu\/de\/produkt\/vita-active-rote-fruechte\/\" \/>\n<meta property=\"og:locale\" content=\"de_DE\" \/>\n<meta property=\"og:type\" content=\"article\" \/>\n<meta property=\"og:title\" content=\"Vita Active Rote Fr\u00fcchte\" \/>\n<meta property=\"og:description\" content=\"Vita Active Rote Fr\u00fcchte Konzentrat aus 21 nat\u00fcrlichen Obst- und Gem\u00fcse, das einen k\u00f6stlichen Geschmack hat und den K\u00f6rper mit wichtigen Vitaminen versorgt\" \/>\n<meta property=\"og:url\" content=\"https:\/\/www.lraloeverashop.eu\/de\/produkt\/vita-active-rote-fruechte\/\" \/>\n<meta property=\"og:site_name\" content=\"Lr Aloe Vera Shop\" \/>\n<meta property=\"article:publisher\" content=\"https:\/\/www.facebook.com\/lraloeverashop.eu\" \/>\n<meta property=\"article:modified_time\" content=\"2026-04-05T20:18:41+00:00\" \/>\n<meta property=\"og:image\" content=\"https:\/\/www.lraloeverashop.eu\/wp-content\/uploads\/2024\/03\/Vita-Active-Red-Fruits-Vitamins.jpeg\" \/>\n\t<meta property=\"og:image:width\" content=\"1200\" \/>\n\t<meta property=\"og:image:height\" content=\"1200\" \/>\n\t<meta property=\"og:image:type\" content=\"image\/jpeg\" \/>\n<meta name=\"twitter:card\" content=\"summary_large_image\" \/>\n<meta name=\"twitter:site\" content=\"@natur__kosmetik\" \/>\n<script type=\"application\/ld+json\" class=\"yoast-schema-graph\">{\"@context\":\"https:\\\/\\\/schema.org\",\"@graph\":[{\"@type\":[\"WebPage\",\"ItemPage\"],\"@id\":\"https:\\\/\\\/www.lraloeverashop.eu\\\/de\\\/produkt\\\/vita-active-rote-fruechte\\\/\",\"url\":\"https:\\\/\\\/www.lraloeverashop.eu\\\/de\\\/produkt\\\/vita-active-rote-fruechte\\\/\",\"name\":\"Vita Active Rote Fr\u00fcchte - 100% Vitamin mit nur einem Teel\u00f6ffel\",\"isPartOf\":{\"@id\":\"https:\\\/\\\/www.lraloeverashop.eu\\\/de\\\/#website\"},\"primaryImageOfPage\":{\"@id\":\"https:\\\/\\\/www.lraloeverashop.eu\\\/de\\\/produkt\\\/vita-active-rote-fruechte\\\/#primaryimage\"},\"image\":{\"@id\":\"https:\\\/\\\/www.lraloeverashop.eu\\\/de\\\/produkt\\\/vita-active-rote-fruechte\\\/#primaryimage\"},\"thumbnailUrl\":\"https:\\\/\\\/www.lraloeverashop.eu\\\/wp-content\\\/uploads\\\/2024\\\/03\\\/Vita-Active-Red-Fruits-Vitamins.jpeg\",\"datePublished\":\"2022-10-13T06:34:35+00:00\",\"dateModified\":\"2026-04-05T20:18:41+00:00\",\"description\":\"Vita Active Rote Fr\u00fcchte Konzentrat aus 21 nat\u00fcrlichen Obst- und Gem\u00fcse, das einen k\u00f6stlichen Geschmack hat und den K\u00f6rper mit wichtigen Vitaminen versorgt\",\"breadcrumb\":{\"@id\":\"https:\\\/\\\/www.lraloeverashop.eu\\\/de\\\/produkt\\\/vita-active-rote-fruechte\\\/#breadcrumb\"},\"inLanguage\":\"de\",\"potentialAction\":[{\"@type\":\"ReadAction\",\"target\":[\"https:\\\/\\\/www.lraloeverashop.eu\\\/de\\\/produkt\\\/vita-active-rote-fruechte\\\/\"]}]},{\"@type\":\"ImageObject\",\"inLanguage\":\"de\",\"@id\":\"https:\\\/\\\/www.lraloeverashop.eu\\\/de\\\/produkt\\\/vita-active-rote-fruechte\\\/#primaryimage\",\"url\":\"https:\\\/\\\/www.lraloeverashop.eu\\\/wp-content\\\/uploads\\\/2024\\\/03\\\/Vita-Active-Red-Fruits-Vitamins.jpeg\",\"contentUrl\":\"https:\\\/\\\/www.lraloeverashop.eu\\\/wp-content\\\/uploads\\\/2024\\\/03\\\/Vita-Active-Red-Fruits-Vitamins.jpeg\",\"width\":1200,\"height\":1200,\"caption\":\"Vita Active Rote Fr\u00fcchte Vitamine f\u00fcr Kinder und Erwachsene\"},{\"@type\":\"BreadcrumbList\",\"@id\":\"https:\\\/\\\/www.lraloeverashop.eu\\\/de\\\/produkt\\\/vita-active-rote-fruechte\\\/#breadcrumb\",\"itemListElement\":[{\"@type\":\"ListItem\",\"position\":1,\"name\":\"Home\",\"item\":\"https:\\\/\\\/www.lraloeverashop.eu\\\/de\\\/\"},{\"@type\":\"ListItem\",\"position\":2,\"name\":\"Shop\",\"item\":\"https:\\\/\\\/www.lraloeverashop.eu\\\/de\\\/shop-2\\\/\"},{\"@type\":\"ListItem\",\"position\":3,\"name\":\"Vita Active Rote Fr\u00fcchte\"}]},{\"@type\":\"WebSite\",\"@id\":\"https:\\\/\\\/www.lraloeverashop.eu\\\/de\\\/#website\",\"url\":\"https:\\\/\\\/www.lraloeverashop.eu\\\/de\\\/\",\"name\":\"Lr Aloe Vera Shop\",\"description\":\"High Quality Lr Aloe Vera Gel, Aloe Vera Cream and Shampoo\",\"publisher\":{\"@id\":\"https:\\\/\\\/www.lraloeverashop.eu\\\/de\\\/#organization\"},\"potentialAction\":[{\"@type\":\"SearchAction\",\"target\":{\"@type\":\"EntryPoint\",\"urlTemplate\":\"https:\\\/\\\/www.lraloeverashop.eu\\\/de\\\/?s={search_term_string}\"},\"query-input\":{\"@type\":\"PropertyValueSpecification\",\"valueRequired\":true,\"valueName\":\"search_term_string\"}}],\"inLanguage\":\"de\"},{\"@type\":\"Organization\",\"@id\":\"https:\\\/\\\/www.lraloeverashop.eu\\\/de\\\/#organization\",\"name\":\"Lr Aloe Vera Shop\",\"alternateName\":\"LR\",\"url\":\"https:\\\/\\\/www.lraloeverashop.eu\\\/de\\\/\",\"logo\":{\"@type\":\"ImageObject\",\"inLanguage\":\"de\",\"@id\":\"https:\\\/\\\/www.lraloeverashop.eu\\\/de\\\/#\\\/schema\\\/logo\\\/image\\\/\",\"url\":\"https:\\\/\\\/www.lraloeverashop.eu\\\/wp-content\\\/uploads\\\/2022\\\/09\\\/cropped-Lr-Aloe-Vera-Shop.jpg\",\"contentUrl\":\"https:\\\/\\\/www.lraloeverashop.eu\\\/wp-content\\\/uploads\\\/2022\\\/09\\\/cropped-Lr-Aloe-Vera-Shop.jpg\",\"width\":228,\"height\":76,\"caption\":\"Lr Aloe Vera Shop\"},\"image\":{\"@id\":\"https:\\\/\\\/www.lraloeverashop.eu\\\/de\\\/#\\\/schema\\\/logo\\\/image\\\/\"},\"sameAs\":[\"https:\\\/\\\/www.facebook.com\\\/lraloeverashop.eu\",\"https:\\\/\\\/x.com\\\/natur__kosmetik\",\"https:\\\/\\\/www.youtube.com\\\/channel\\\/UC5oN7BJ8nfYb8RpVtjwDEBA\",\"https:\\\/\\\/www.instagram.com\\\/lrbeautyeu\\\/\"],\"description\":\"LR Aloe Vera Shop ist Ihre vertrauensw\u00fcrdige Adresse f\u00fcr hochwertige LR Health & Beauty Produkte aus Deutschland. Wir bieten Ihnen erstklassige Aloe Vera Hautpflege, N\u00e4hrstoffe und Anti-Aging-Produkte mit reinen Inhaltsstoffen, die auf wissenschaftlichen Erkenntnissen basieren. Entdecken Sie nat\u00fcrliche Pflege, die Ihre Haut regeneriert, sch\u00fctzt und revitalisiert \u2013 und profitieren Sie von exklusiven Monatsangeboten auf unsere Bestseller von LR Aloe Vera. Starten Sie noch heute Ihre Reise zu nat\u00fcrlicher Hautpflege und sp\u00fcren Sie den Unterschied.\",\"email\":\"info@lraloeverashop.eu\",\"telephone\":\"+49 17670609653\",\"legalName\":\"Lr Aloe Vera Shop\",\"foundingDate\":\"2018-04-21\",\"numberOfEmployees\":{\"@type\":\"QuantitativeValue\",\"minValue\":\"1\",\"maxValue\":\"10\"}}]}<\/script>\n<meta property=\"product:price:amount\" content=\"25.29\" \/>\n<meta property=\"product:price:currency\" content=\"EUR\" \/>\n<meta property=\"og:availability\" content=\"instock\" \/>\n<meta property=\"product:availability\" content=\"instock\" \/>\n<meta property=\"product:retailer_item_id\" content=\"80301-401DE\" \/>\n<meta property=\"product:condition\" content=\"new\" \/>\n<!-- \/ Yoast SEO Premium plugin. -->","yoast_head_json":{"title":"Vita Active Rote Fr\u00fcchte - 100% Vitamin mit nur einem Teel\u00f6ffel","description":"Vita Active Rote Fr\u00fcchte Konzentrat aus 21 nat\u00fcrlichen Obst- und Gem\u00fcse, das einen k\u00f6stlichen Geschmack hat und den K\u00f6rper mit wichtigen Vitaminen versorgt","robots":{"index":"index","follow":"follow","max-snippet":"max-snippet:-1","max-image-preview":"max-image-preview:large","max-video-preview":"max-video-preview:-1"},"canonical":"https:\/\/www.lraloeverashop.eu\/de\/produkt\/vita-active-rote-fruechte\/","og_locale":"de_DE","og_type":"article","og_title":"Vita Active Rote Fr\u00fcchte","og_description":"Vita Active Rote Fr\u00fcchte Konzentrat aus 21 nat\u00fcrlichen Obst- und Gem\u00fcse, das einen k\u00f6stlichen Geschmack hat und den K\u00f6rper mit wichtigen Vitaminen versorgt","og_url":"https:\/\/www.lraloeverashop.eu\/de\/produkt\/vita-active-rote-fruechte\/","og_site_name":"Lr Aloe Vera Shop","article_publisher":"https:\/\/www.facebook.com\/lraloeverashop.eu","article_modified_time":"2026-04-05T20:18:41+00:00","og_image":[{"width":1200,"height":1200,"url":"https:\/\/www.lraloeverashop.eu\/wp-content\/uploads\/2024\/03\/Vita-Active-Red-Fruits-Vitamins.jpeg","type":"image\/jpeg"}],"twitter_card":"summary_large_image","twitter_site":"@natur__kosmetik","schema":{"@context":"https:\/\/schema.org","@graph":[{"@type":["WebPage","ItemPage"],"@id":"https:\/\/www.lraloeverashop.eu\/de\/produkt\/vita-active-rote-fruechte\/","url":"https:\/\/www.lraloeverashop.eu\/de\/produkt\/vita-active-rote-fruechte\/","name":"Vita Active Rote Fr\u00fcchte - 100% Vitamin mit nur einem Teel\u00f6ffel","isPartOf":{"@id":"https:\/\/www.lraloeverashop.eu\/de\/#website"},"primaryImageOfPage":{"@id":"https:\/\/www.lraloeverashop.eu\/de\/produkt\/vita-active-rote-fruechte\/#primaryimage"},"image":{"@id":"https:\/\/www.lraloeverashop.eu\/de\/produkt\/vita-active-rote-fruechte\/#primaryimage"},"thumbnailUrl":"https:\/\/www.lraloeverashop.eu\/wp-content\/uploads\/2024\/03\/Vita-Active-Red-Fruits-Vitamins.jpeg","datePublished":"2022-10-13T06:34:35+00:00","dateModified":"2026-04-05T20:18:41+00:00","description":"Vita Active Rote Fr\u00fcchte Konzentrat aus 21 nat\u00fcrlichen Obst- und Gem\u00fcse, das einen k\u00f6stlichen Geschmack hat und den K\u00f6rper mit wichtigen Vitaminen versorgt","breadcrumb":{"@id":"https:\/\/www.lraloeverashop.eu\/de\/produkt\/vita-active-rote-fruechte\/#breadcrumb"},"inLanguage":"de","potentialAction":[{"@type":"ReadAction","target":["https:\/\/www.lraloeverashop.eu\/de\/produkt\/vita-active-rote-fruechte\/"]}]},{"@type":"ImageObject","inLanguage":"de","@id":"https:\/\/www.lraloeverashop.eu\/de\/produkt\/vita-active-rote-fruechte\/#primaryimage","url":"https:\/\/www.lraloeverashop.eu\/wp-content\/uploads\/2024\/03\/Vita-Active-Red-Fruits-Vitamins.jpeg","contentUrl":"https:\/\/www.lraloeverashop.eu\/wp-content\/uploads\/2024\/03\/Vita-Active-Red-Fruits-Vitamins.jpeg","width":1200,"height":1200,"caption":"Vita Active Rote Fr\u00fcchte Vitamine f\u00fcr Kinder und Erwachsene"},{"@type":"BreadcrumbList","@id":"https:\/\/www.lraloeverashop.eu\/de\/produkt\/vita-active-rote-fruechte\/#breadcrumb","itemListElement":[{"@type":"ListItem","position":1,"name":"Home","item":"https:\/\/www.lraloeverashop.eu\/de\/"},{"@type":"ListItem","position":2,"name":"Shop","item":"https:\/\/www.lraloeverashop.eu\/de\/shop-2\/"},{"@type":"ListItem","position":3,"name":"Vita Active Rote Fr\u00fcchte"}]},{"@type":"WebSite","@id":"https:\/\/www.lraloeverashop.eu\/de\/#website","url":"https:\/\/www.lraloeverashop.eu\/de\/","name":"Lr Aloe Vera Shop","description":"High Quality Lr Aloe Vera Gel, Aloe Vera Cream and Shampoo","publisher":{"@id":"https:\/\/www.lraloeverashop.eu\/de\/#organization"},"potentialAction":[{"@type":"SearchAction","target":{"@type":"EntryPoint","urlTemplate":"https:\/\/www.lraloeverashop.eu\/de\/?s={search_term_string}"},"query-input":{"@type":"PropertyValueSpecification","valueRequired":true,"valueName":"search_term_string"}}],"inLanguage":"de"},{"@type":"Organization","@id":"https:\/\/www.lraloeverashop.eu\/de\/#organization","name":"Lr Aloe Vera Shop","alternateName":"LR","url":"https:\/\/www.lraloeverashop.eu\/de\/","logo":{"@type":"ImageObject","inLanguage":"de","@id":"https:\/\/www.lraloeverashop.eu\/de\/#\/schema\/logo\/image\/","url":"https:\/\/www.lraloeverashop.eu\/wp-content\/uploads\/2022\/09\/cropped-Lr-Aloe-Vera-Shop.jpg","contentUrl":"https:\/\/www.lraloeverashop.eu\/wp-content\/uploads\/2022\/09\/cropped-Lr-Aloe-Vera-Shop.jpg","width":228,"height":76,"caption":"Lr Aloe Vera Shop"},"image":{"@id":"https:\/\/www.lraloeverashop.eu\/de\/#\/schema\/logo\/image\/"},"sameAs":["https:\/\/www.facebook.com\/lraloeverashop.eu","https:\/\/x.com\/natur__kosmetik","https:\/\/www.youtube.com\/channel\/UC5oN7BJ8nfYb8RpVtjwDEBA","https:\/\/www.instagram.com\/lrbeautyeu\/"],"description":"LR Aloe Vera Shop ist Ihre vertrauensw\u00fcrdige Adresse f\u00fcr hochwertige LR Health & Beauty Produkte aus Deutschland. Wir bieten Ihnen erstklassige Aloe Vera Hautpflege, N\u00e4hrstoffe und Anti-Aging-Produkte mit reinen Inhaltsstoffen, die auf wissenschaftlichen Erkenntnissen basieren. Entdecken Sie nat\u00fcrliche Pflege, die Ihre Haut regeneriert, sch\u00fctzt und revitalisiert \u2013 und profitieren Sie von exklusiven Monatsangeboten auf unsere Bestseller von LR Aloe Vera. Starten Sie noch heute Ihre Reise zu nat\u00fcrlicher Hautpflege und sp\u00fcren Sie den Unterschied.","email":"info@lraloeverashop.eu","telephone":"+49 17670609653","legalName":"Lr Aloe Vera Shop","foundingDate":"2018-04-21","numberOfEmployees":{"@type":"QuantitativeValue","minValue":"1","maxValue":"10"}}]},"product_price_amount":"25.29","product_price_currency":"EUR","og_availability":"instock","product_availability":"instock","product_retailer_item_id":"80301-401DE","product_condition":"new"},"taxonomy_info":{"product_cat":[{"value":399,"label":"Basis"},{"value":298,"label":"Vitamine &amp; Mineralien"}],"product_tag":[{"value":656,"label":"Mineralien und Vitamine"}]},"featured_image_src_large":["https:\/\/www.lraloeverashop.eu\/wp-content\/uploads\/2024\/03\/Vita-Active-Red-Fruits-Vitamins-1024x1024.jpeg",1024,1024,true],"author_info":[],"comment_info":0,"_links":{"self":[{"href":"https:\/\/www.lraloeverashop.eu\/de\/wp-json\/wp\/v2\/product\/9667","targetHints":{"allow":["GET"]}}],"collection":[{"href":"https:\/\/www.lraloeverashop.eu\/de\/wp-json\/wp\/v2\/product"}],"about":[{"href":"https:\/\/www.lraloeverashop.eu\/de\/wp-json\/wp\/v2\/types\/product"}],"replies":[{"embeddable":true,"href":"https:\/\/www.lraloeverashop.eu\/de\/wp-json\/wp\/v2\/comments?post=9667"}],"wp:featuredmedia":[{"embeddable":true,"href":"https:\/\/www.lraloeverashop.eu\/de\/wp-json\/wp\/v2\/media\/14637"}],"wp:attachment":[{"href":"https:\/\/www.lraloeverashop.eu\/de\/wp-json\/wp\/v2\/media?parent=9667"}],"wp:term":[{"taxonomy":"product_brand","embeddable":true,"href":"https:\/\/www.lraloeverashop.eu\/de\/wp-json\/wp\/v2\/product_brand?post=9667"},{"taxonomy":"product_cat","embeddable":true,"href":"https:\/\/www.lraloeverashop.eu\/de\/wp-json\/wp\/v2\/product_cat?post=9667"},{"taxonomy":"product_tag","embeddable":true,"href":"https:\/\/www.lraloeverashop.eu\/de\/wp-json\/wp\/v2\/product_tag?post=9667"}],"curies":[{"name":"wp","href":"https:\/\/api.w.org\/{rel}","templated":true}]}}