{"id":9626,"date":"2022-10-13T09:03:50","date_gmt":"2022-10-13T07:03:50","guid":{"rendered":"https:\/\/www.lraloeverashop.eu\/product\/super-omega-kapseln\/"},"modified":"2026-02-03T18:42:25","modified_gmt":"2026-02-03T17:42:25","slug":"super-omega-kapseln","status":"publish","type":"product","link":"https:\/\/www.lraloeverashop.eu\/de\/produkt\/super-omega-kapseln\/","title":{"rendered":"Super Omega Kapseln"},"content":{"rendered":"<h2><span style=\"font-size: 16pt;\"><strong>Super Omega Kapseln<\/strong><\/span><\/h2>\n<p><span style=\"font-size: 14pt;\"><strong>Super Omega Kapseln &#8211; der t\u00e4gliche Beitrag zur normalen Herzfunktion<\/strong><\/span><\/p>\n<p>Super Omega Kapseln Fetts\u00e4uren wirken sich sehr positiv auf verschiedene k\u00f6rperliche Prozesse aus. Sie sollten also darauf achten, immer die t\u00e4glich empfohlene Menge an Omega-3-Fetts\u00e4uren zu erreichen.<\/p>\n<p>Die Kapseln sind reich an Omega 3 Fetts\u00e4uren, und die hohen Gehalte an EPA und DHA tragen zur normalen Herzfunktion bei.<\/p>\n<p>EPA ist verantwortlich f\u00fcr viele Prozesse im K\u00f6rper, insbesondere tr\u00e4gt es zur Unterst\u00fctzung der normalen <a href=\"https:\/\/www.lraloeverashop.eu\/de\/produkt\/reishi-plus-kapseln\/\">Herzfunktion<\/a> bei. Zu diesem Zweck ist die Einnahme von mindestens 250 mg DHA pro Tag ausreichend. Dieses Bed\u00fcrfnis wird gro\u00dfz\u00fcgig mit der t\u00e4glichen Ration von Super Omega gedeckt. Dar\u00fcber hinaus hilft DHA auch, unsere normale Gehirnfunktion aufrechtzuerhalten.<\/p>\n<p>Die wertvollen Omega-3-Fetts\u00e4uren in Super Omega Kapseln werden aus hochwertigem Fisch\u00f6l aus Sardinen, Makrelen und Thunfisch hergestellt. LR verwendet nur lebende Fische aus dem s\u00fcdamerikanischen Pazifik f\u00fcr die Herstellung der <a href=\"https:\/\/www.lraloeverashop.eu\/de\/produkt\/omega-3-tabletten-limitiertes-angebot\/\">Kapseln<\/a>.<\/p>\n<p>Fang und Verarbeitung sind als besonders nachhaltig zertifiziert, sch\u00fctzen also Umwelt und Fischbest\u00e4nde und tragen daher alle das G\u00fctesiegel &#8222;Freund des Meeres&#8220;.<\/p>\n<p>&nbsp;<\/p>\n<h2><strong><span style=\"font-size: 16pt;\">Wie benutzt man<\/span><\/strong><\/h2>\n<p>Nehmen Sie 3 Super Omega Kapseln t\u00e4glich mit etwas Fl\u00fcssigkeit ein.<br \/>\nDie empfohlene Tagesdosis sollte nicht \u00fcberschritten werden. Nahrungserg\u00e4nzungsmittel sind kein Ersatz f\u00fcr eine abwechslungsreiche und ausgewogene Ern\u00e4hrung, die zusammen mit einer <a href=\"https:\/\/www.lraloeverashop.eu\/de\/produkt\/colostrum-kapseln\/\">gesunden Lebensweise<\/a> wichtig ist. Produkt au\u00dferhalb der Reichweite von Kleinkindern aufbewahren. Trocken lagern und nicht \u00fcber 20 \u00b0 C. Enth\u00e4lt Gluten.<\/p>\n<p>&nbsp;<\/p>\n<h3><strong><span style=\"font-size: 16pt;\">Wussten Sie schon?<\/span><\/strong><\/h3>\n<p><a href=\"https:\/\/www.lraloeverashop.eu\/de\/produkt\/omega-3-kapseln\/\">Omega-3-Fetts\u00e4uren<\/a> sind essentiell f\u00fcr den Menschen Sie k\u00f6nnen nicht durch den menschlichen Stoffwechsel produziert werden, sondern m\u00fcssen durch Nahrung zugef\u00fchrt werden. Nach Angaben der Europ\u00e4ischen Beh\u00f6rde f\u00fcr Lebensmittelsicherheit (EFSA) wird eine t\u00e4gliche Zufuhr von mindestens 250 mg DHA empfohlen. Die Deutsche Gesellschaft f\u00fcr Ern\u00e4hrung (DGE) best\u00e4tigt diese Empfehlung.<\/p>\n<p>&nbsp;<\/p>\n<h4><strong><span style=\"font-size: 16pt;\">H\u00e4ufig gestellte Fragen<\/span><\/strong><\/h4>\n<p><strong>Wie werden Super Omega Kapseln hergestellt?<\/strong><br \/>\nKapseln enthalten ein Konzentrat, das aus echtem Fisch\u00f6l hergestellt wird. Auf diese Weise werden die Omega-3-Fetts\u00e4uren angereichert und f\u00fcr die menschliche Ern\u00e4hrung verf\u00fcgbar gemacht. F\u00fcr Super Omega Kapseln verwendet LR nur frei lebende, fettrige Salzwasserfische wie Sardinen, Makrelen und Thunfisch, erg\u00e4nzt mit wertvollem Nachtkerzen\u00f6l.<\/p>\n<p><strong>Was ist Beta-Glucan?<\/strong><br \/>\nBeta-Glucan ist ein nat\u00fcrliches Polysaccharid (Polysaccharid) aus Gerstenfasern.<\/p>\n<p><strong>Was kann zur Unterst\u00fctzung des Herz-Kreislauf-Systems getan werden?<\/strong><br \/>\nNeben N\u00e4hrstoffen wie Omega-3-Fetts\u00e4uren sind regelm\u00e4\u00dfige Bewegung und eine ausgewogene Ern\u00e4hrung der Schl\u00fcssel zur Erhaltung von Herz und Blutgef\u00e4\u00dfen.<\/p>\n<p><strong>\u00b9EPA und DHA tragen zu einer normalen Herzfunktion bei. Dies ist die Einnahme von mind. 250mg EPA und DHA pro Tag erforderlich.<\/strong><\/p>\n","protected":false},"excerpt":{"rendered":"<ul>\n<li>Kapseln f\u00fcr die Gesundheit des Herzens\u00b9<\/li>\n<li>Hoch in EPA (Eicosapentaens\u00e4ure) und DHA (Docosahexaens\u00e4ure)<\/li>\n<li>Nur frei lebende Makrelen, Sardinen und Thunfisch<\/li>\n<li>Nur aus nachhaltiger Fischerei mit \u201cFriend of the Sea\u201d -Siegel<\/li>\n<li>Produkt hergestellt in Deutschland<\/li>\n<li>Inhalt: 60 Kapseln<\/li>\n<\/ul>\n<p><span style=\"color: #ff0000;\"><a style=\"color: #ff0000;\" href=\"https:\/\/shop.lrworld.com\/openpao?PHP=0vFlt7jT938BEnBI3a6e9w%3D%3D\"><span style=\"font-size: 14pt;\"><strong>Hier registrieren und dauerhaft 35\u202f% sparen<\/strong><\/span><\/a><\/span><\/p>\n","protected":false},"featured_media":5635,"comment_status":"open","ping_status":"closed","template":"","meta":{"_kad_blocks_custom_css":"","_kad_blocks_head_custom_js":"","_kad_blocks_body_custom_js":"","_kad_blocks_footer_custom_js":"","_kadence_starter_templates_imported_post":false,"_kad_post_transparent":"default","_kad_post_title":"","_kad_post_layout":"default","_kad_post_sidebar_id":"","_kad_post_content_style":"default","_kad_post_vertical_padding":"default","_kad_post_feature":"","_kad_post_feature_position":"","_kad_post_header":false,"_kad_post_footer":false,"_kad_post_classname":""},"product_brand":[],"product_cat":[399,423,441,465,298],"product_tag":[656],"class_list":{"0":"post-9626","1":"product","2":"type-product","3":"status-publish","4":"has-post-thumbnail","6":"product_cat-basis","7":"product_cat-herz-kreislauf","8":"product_cat-leistung-energie","9":"product_cat-spezial-ernahrung","10":"product_cat-vitamine-mineralien","11":"product_tag-mineralien-und-vitamine","13":"first","14":"instock","15":"taxable","16":"shipping-taxable","17":"purchasable","18":"product-type-simple","19":"entry","20":"content-bg","21":"loop-entry"},"yoast_head":"<!-- This site is optimized with the Yoast SEO Premium plugin v27.4 (Yoast SEO v27.4) - https:\/\/yoast.com\/product\/yoast-seo-premium-wordpress\/ -->\n<title>Super Omega Kapseln - T\u00e4gliche Beitrag zur normale Herzfunktion<\/title>\n<meta name=\"description\" content=\"Die wertvollen Omega-3-Fetts\u00e4uren in Super Omega Kapseln werden aus hochwertigem Fisch\u00f6l von Sardinen, Makrelen und Thunfisch hergestellt.\" \/>\n<meta name=\"robots\" content=\"index, follow, max-snippet:-1, max-image-preview:large, max-video-preview:-1\" \/>\n<link rel=\"canonical\" href=\"https:\/\/www.lraloeverashop.eu\/de\/produkt\/super-omega-kapseln\/\" \/>\n<meta property=\"og:locale\" content=\"de_DE\" \/>\n<meta property=\"og:type\" content=\"article\" \/>\n<meta property=\"og:title\" content=\"Super Omega Kapseln\" \/>\n<meta property=\"og:description\" content=\"Die wertvollen Omega-3-Fetts\u00e4uren in Super Omega Kapseln werden aus hochwertigem Fisch\u00f6l von Sardinen, Makrelen und Thunfisch hergestellt.\" \/>\n<meta property=\"og:url\" content=\"https:\/\/www.lraloeverashop.eu\/de\/produkt\/super-omega-kapseln\/\" \/>\n<meta property=\"og:site_name\" content=\"Lr Aloe Vera Shop\" \/>\n<meta property=\"article:publisher\" content=\"https:\/\/www.facebook.com\/lraloeverashop.eu\" \/>\n<meta property=\"article:modified_time\" content=\"2026-02-03T17:42:25+00:00\" \/>\n<meta property=\"og:image\" content=\"https:\/\/www.lraloeverashop.eu\/wp-content\/uploads\/2022\/10\/Lr-Omega-3-Fatty-acids-contributes-to-normal-cardiac-function.jpg\" \/>\n\t<meta property=\"og:image:width\" content=\"1200\" \/>\n\t<meta property=\"og:image:height\" content=\"1200\" \/>\n\t<meta property=\"og:image:type\" content=\"image\/jpeg\" \/>\n<meta name=\"twitter:card\" content=\"summary_large_image\" \/>\n<meta name=\"twitter:site\" content=\"@natur__kosmetik\" \/>\n<script type=\"application\/ld+json\" class=\"yoast-schema-graph\">{\"@context\":\"https:\\\/\\\/schema.org\",\"@graph\":[{\"@type\":[\"WebPage\",\"ItemPage\"],\"@id\":\"https:\\\/\\\/www.lraloeverashop.eu\\\/de\\\/produkt\\\/super-omega-kapseln\\\/\",\"url\":\"https:\\\/\\\/www.lraloeverashop.eu\\\/de\\\/produkt\\\/super-omega-kapseln\\\/\",\"name\":\"Super Omega Kapseln - T\u00e4gliche Beitrag zur normale Herzfunktion\",\"isPartOf\":{\"@id\":\"https:\\\/\\\/www.lraloeverashop.eu\\\/de\\\/#website\"},\"primaryImageOfPage\":{\"@id\":\"https:\\\/\\\/www.lraloeverashop.eu\\\/de\\\/produkt\\\/super-omega-kapseln\\\/#primaryimage\"},\"image\":{\"@id\":\"https:\\\/\\\/www.lraloeverashop.eu\\\/de\\\/produkt\\\/super-omega-kapseln\\\/#primaryimage\"},\"thumbnailUrl\":\"https:\\\/\\\/www.lraloeverashop.eu\\\/wp-content\\\/uploads\\\/2022\\\/10\\\/Lr-Omega-3-Fatty-acids-contributes-to-normal-cardiac-function.jpg\",\"datePublished\":\"2022-10-13T07:03:50+00:00\",\"dateModified\":\"2026-02-03T17:42:25+00:00\",\"description\":\"Die wertvollen Omega-3-Fetts\u00e4uren in Super Omega Kapseln werden aus hochwertigem Fisch\u00f6l von Sardinen, Makrelen und Thunfisch hergestellt.\",\"breadcrumb\":{\"@id\":\"https:\\\/\\\/www.lraloeverashop.eu\\\/de\\\/produkt\\\/super-omega-kapseln\\\/#breadcrumb\"},\"inLanguage\":\"de\",\"potentialAction\":[{\"@type\":\"ReadAction\",\"target\":[\"https:\\\/\\\/www.lraloeverashop.eu\\\/de\\\/produkt\\\/super-omega-kapseln\\\/\"]}]},{\"@type\":\"ImageObject\",\"inLanguage\":\"de\",\"@id\":\"https:\\\/\\\/www.lraloeverashop.eu\\\/de\\\/produkt\\\/super-omega-kapseln\\\/#primaryimage\",\"url\":\"https:\\\/\\\/www.lraloeverashop.eu\\\/wp-content\\\/uploads\\\/2022\\\/10\\\/Lr-Omega-3-Fatty-acids-contributes-to-normal-cardiac-function.jpg\",\"contentUrl\":\"https:\\\/\\\/www.lraloeverashop.eu\\\/wp-content\\\/uploads\\\/2022\\\/10\\\/Lr-Omega-3-Fatty-acids-contributes-to-normal-cardiac-function.jpg\",\"width\":1200,\"height\":1200,\"caption\":\"F\u00fcr Super Omega Kapseln verwendet LR nur frei lebende, fettrige Salzwasserfische\"},{\"@type\":\"BreadcrumbList\",\"@id\":\"https:\\\/\\\/www.lraloeverashop.eu\\\/de\\\/produkt\\\/super-omega-kapseln\\\/#breadcrumb\",\"itemListElement\":[{\"@type\":\"ListItem\",\"position\":1,\"name\":\"Home\",\"item\":\"https:\\\/\\\/www.lraloeverashop.eu\\\/de\\\/\"},{\"@type\":\"ListItem\",\"position\":2,\"name\":\"Shop\",\"item\":\"https:\\\/\\\/www.lraloeverashop.eu\\\/de\\\/shop-2\\\/\"},{\"@type\":\"ListItem\",\"position\":3,\"name\":\"Super Omega Kapseln\"}]},{\"@type\":\"WebSite\",\"@id\":\"https:\\\/\\\/www.lraloeverashop.eu\\\/de\\\/#website\",\"url\":\"https:\\\/\\\/www.lraloeverashop.eu\\\/de\\\/\",\"name\":\"Lr Aloe Vera Shop\",\"description\":\"High Quality Lr Aloe Vera Gel, Aloe Vera Cream and Shampoo\",\"publisher\":{\"@id\":\"https:\\\/\\\/www.lraloeverashop.eu\\\/de\\\/#organization\"},\"potentialAction\":[{\"@type\":\"SearchAction\",\"target\":{\"@type\":\"EntryPoint\",\"urlTemplate\":\"https:\\\/\\\/www.lraloeverashop.eu\\\/de\\\/?s={search_term_string}\"},\"query-input\":{\"@type\":\"PropertyValueSpecification\",\"valueRequired\":true,\"valueName\":\"search_term_string\"}}],\"inLanguage\":\"de\"},{\"@type\":\"Organization\",\"@id\":\"https:\\\/\\\/www.lraloeverashop.eu\\\/de\\\/#organization\",\"name\":\"Lr Aloe Vera Shop\",\"alternateName\":\"LR\",\"url\":\"https:\\\/\\\/www.lraloeverashop.eu\\\/de\\\/\",\"logo\":{\"@type\":\"ImageObject\",\"inLanguage\":\"de\",\"@id\":\"https:\\\/\\\/www.lraloeverashop.eu\\\/de\\\/#\\\/schema\\\/logo\\\/image\\\/\",\"url\":\"https:\\\/\\\/www.lraloeverashop.eu\\\/wp-content\\\/uploads\\\/2022\\\/09\\\/cropped-Lr-Aloe-Vera-Shop.jpg\",\"contentUrl\":\"https:\\\/\\\/www.lraloeverashop.eu\\\/wp-content\\\/uploads\\\/2022\\\/09\\\/cropped-Lr-Aloe-Vera-Shop.jpg\",\"width\":228,\"height\":76,\"caption\":\"Lr Aloe Vera Shop\"},\"image\":{\"@id\":\"https:\\\/\\\/www.lraloeverashop.eu\\\/de\\\/#\\\/schema\\\/logo\\\/image\\\/\"},\"sameAs\":[\"https:\\\/\\\/www.facebook.com\\\/lraloeverashop.eu\",\"https:\\\/\\\/x.com\\\/natur__kosmetik\",\"https:\\\/\\\/www.youtube.com\\\/channel\\\/UC5oN7BJ8nfYb8RpVtjwDEBA\",\"https:\\\/\\\/www.instagram.com\\\/lrbeautyeu\\\/\"],\"description\":\"LR Aloe Vera Shop ist Ihre vertrauensw\u00fcrdige Adresse f\u00fcr hochwertige LR Health & Beauty Produkte aus Deutschland. Wir bieten Ihnen erstklassige Aloe Vera Hautpflege, N\u00e4hrstoffe und Anti-Aging-Produkte mit reinen Inhaltsstoffen, die auf wissenschaftlichen Erkenntnissen basieren. Entdecken Sie nat\u00fcrliche Pflege, die Ihre Haut regeneriert, sch\u00fctzt und revitalisiert \u2013 und profitieren Sie von exklusiven Monatsangeboten auf unsere Bestseller von LR Aloe Vera. Starten Sie noch heute Ihre Reise zu nat\u00fcrlicher Hautpflege und sp\u00fcren Sie den Unterschied.\",\"email\":\"info@lraloeverashop.eu\",\"telephone\":\"+49 17670609653\",\"legalName\":\"Lr Aloe Vera Shop\",\"foundingDate\":\"2018-04-21\",\"numberOfEmployees\":{\"@type\":\"QuantitativeValue\",\"minValue\":\"1\",\"maxValue\":\"10\"}}]}<\/script>\n<meta property=\"product:price:amount\" content=\"42.99\" \/>\n<meta property=\"product:price:currency\" content=\"EUR\" \/>\n<meta property=\"og:availability\" content=\"instock\" \/>\n<meta property=\"product:availability\" content=\"instock\" \/>\n<meta property=\"product:retailer_item_id\" content=\"80338-401DE\" \/>\n<meta property=\"product:condition\" content=\"new\" \/>\n<!-- \/ Yoast SEO Premium plugin. -->","yoast_head_json":{"title":"Super Omega Kapseln - T\u00e4gliche Beitrag zur normale Herzfunktion","description":"Die wertvollen Omega-3-Fetts\u00e4uren in Super Omega Kapseln werden aus hochwertigem Fisch\u00f6l von Sardinen, Makrelen und Thunfisch hergestellt.","robots":{"index":"index","follow":"follow","max-snippet":"max-snippet:-1","max-image-preview":"max-image-preview:large","max-video-preview":"max-video-preview:-1"},"canonical":"https:\/\/www.lraloeverashop.eu\/de\/produkt\/super-omega-kapseln\/","og_locale":"de_DE","og_type":"article","og_title":"Super Omega Kapseln","og_description":"Die wertvollen Omega-3-Fetts\u00e4uren in Super Omega Kapseln werden aus hochwertigem Fisch\u00f6l von Sardinen, Makrelen und Thunfisch hergestellt.","og_url":"https:\/\/www.lraloeverashop.eu\/de\/produkt\/super-omega-kapseln\/","og_site_name":"Lr Aloe Vera Shop","article_publisher":"https:\/\/www.facebook.com\/lraloeverashop.eu","article_modified_time":"2026-02-03T17:42:25+00:00","og_image":[{"width":1200,"height":1200,"url":"https:\/\/www.lraloeverashop.eu\/wp-content\/uploads\/2022\/10\/Lr-Omega-3-Fatty-acids-contributes-to-normal-cardiac-function.jpg","type":"image\/jpeg"}],"twitter_card":"summary_large_image","twitter_site":"@natur__kosmetik","schema":{"@context":"https:\/\/schema.org","@graph":[{"@type":["WebPage","ItemPage"],"@id":"https:\/\/www.lraloeverashop.eu\/de\/produkt\/super-omega-kapseln\/","url":"https:\/\/www.lraloeverashop.eu\/de\/produkt\/super-omega-kapseln\/","name":"Super Omega Kapseln - T\u00e4gliche Beitrag zur normale Herzfunktion","isPartOf":{"@id":"https:\/\/www.lraloeverashop.eu\/de\/#website"},"primaryImageOfPage":{"@id":"https:\/\/www.lraloeverashop.eu\/de\/produkt\/super-omega-kapseln\/#primaryimage"},"image":{"@id":"https:\/\/www.lraloeverashop.eu\/de\/produkt\/super-omega-kapseln\/#primaryimage"},"thumbnailUrl":"https:\/\/www.lraloeverashop.eu\/wp-content\/uploads\/2022\/10\/Lr-Omega-3-Fatty-acids-contributes-to-normal-cardiac-function.jpg","datePublished":"2022-10-13T07:03:50+00:00","dateModified":"2026-02-03T17:42:25+00:00","description":"Die wertvollen Omega-3-Fetts\u00e4uren in Super Omega Kapseln werden aus hochwertigem Fisch\u00f6l von Sardinen, Makrelen und Thunfisch hergestellt.","breadcrumb":{"@id":"https:\/\/www.lraloeverashop.eu\/de\/produkt\/super-omega-kapseln\/#breadcrumb"},"inLanguage":"de","potentialAction":[{"@type":"ReadAction","target":["https:\/\/www.lraloeverashop.eu\/de\/produkt\/super-omega-kapseln\/"]}]},{"@type":"ImageObject","inLanguage":"de","@id":"https:\/\/www.lraloeverashop.eu\/de\/produkt\/super-omega-kapseln\/#primaryimage","url":"https:\/\/www.lraloeverashop.eu\/wp-content\/uploads\/2022\/10\/Lr-Omega-3-Fatty-acids-contributes-to-normal-cardiac-function.jpg","contentUrl":"https:\/\/www.lraloeverashop.eu\/wp-content\/uploads\/2022\/10\/Lr-Omega-3-Fatty-acids-contributes-to-normal-cardiac-function.jpg","width":1200,"height":1200,"caption":"F\u00fcr Super Omega Kapseln verwendet LR nur frei lebende, fettrige Salzwasserfische"},{"@type":"BreadcrumbList","@id":"https:\/\/www.lraloeverashop.eu\/de\/produkt\/super-omega-kapseln\/#breadcrumb","itemListElement":[{"@type":"ListItem","position":1,"name":"Home","item":"https:\/\/www.lraloeverashop.eu\/de\/"},{"@type":"ListItem","position":2,"name":"Shop","item":"https:\/\/www.lraloeverashop.eu\/de\/shop-2\/"},{"@type":"ListItem","position":3,"name":"Super Omega Kapseln"}]},{"@type":"WebSite","@id":"https:\/\/www.lraloeverashop.eu\/de\/#website","url":"https:\/\/www.lraloeverashop.eu\/de\/","name":"Lr Aloe Vera Shop","description":"High Quality Lr Aloe Vera Gel, Aloe Vera Cream and Shampoo","publisher":{"@id":"https:\/\/www.lraloeverashop.eu\/de\/#organization"},"potentialAction":[{"@type":"SearchAction","target":{"@type":"EntryPoint","urlTemplate":"https:\/\/www.lraloeverashop.eu\/de\/?s={search_term_string}"},"query-input":{"@type":"PropertyValueSpecification","valueRequired":true,"valueName":"search_term_string"}}],"inLanguage":"de"},{"@type":"Organization","@id":"https:\/\/www.lraloeverashop.eu\/de\/#organization","name":"Lr Aloe Vera Shop","alternateName":"LR","url":"https:\/\/www.lraloeverashop.eu\/de\/","logo":{"@type":"ImageObject","inLanguage":"de","@id":"https:\/\/www.lraloeverashop.eu\/de\/#\/schema\/logo\/image\/","url":"https:\/\/www.lraloeverashop.eu\/wp-content\/uploads\/2022\/09\/cropped-Lr-Aloe-Vera-Shop.jpg","contentUrl":"https:\/\/www.lraloeverashop.eu\/wp-content\/uploads\/2022\/09\/cropped-Lr-Aloe-Vera-Shop.jpg","width":228,"height":76,"caption":"Lr Aloe Vera Shop"},"image":{"@id":"https:\/\/www.lraloeverashop.eu\/de\/#\/schema\/logo\/image\/"},"sameAs":["https:\/\/www.facebook.com\/lraloeverashop.eu","https:\/\/x.com\/natur__kosmetik","https:\/\/www.youtube.com\/channel\/UC5oN7BJ8nfYb8RpVtjwDEBA","https:\/\/www.instagram.com\/lrbeautyeu\/"],"description":"LR Aloe Vera Shop ist Ihre vertrauensw\u00fcrdige Adresse f\u00fcr hochwertige LR Health & Beauty Produkte aus Deutschland. Wir bieten Ihnen erstklassige Aloe Vera Hautpflege, N\u00e4hrstoffe und Anti-Aging-Produkte mit reinen Inhaltsstoffen, die auf wissenschaftlichen Erkenntnissen basieren. Entdecken Sie nat\u00fcrliche Pflege, die Ihre Haut regeneriert, sch\u00fctzt und revitalisiert \u2013 und profitieren Sie von exklusiven Monatsangeboten auf unsere Bestseller von LR Aloe Vera. Starten Sie noch heute Ihre Reise zu nat\u00fcrlicher Hautpflege und sp\u00fcren Sie den Unterschied.","email":"info@lraloeverashop.eu","telephone":"+49 17670609653","legalName":"Lr Aloe Vera Shop","foundingDate":"2018-04-21","numberOfEmployees":{"@type":"QuantitativeValue","minValue":"1","maxValue":"10"}}]},"product_price_amount":"42.99","product_price_currency":"EUR","og_availability":"instock","product_availability":"instock","product_retailer_item_id":"80338-401DE","product_condition":"new"},"taxonomy_info":{"product_cat":[{"value":399,"label":"Basis"},{"value":423,"label":"Herz &amp; Kreislauf"},{"value":441,"label":"Leistung &amp; Energie"},{"value":465,"label":"Spezialisten"},{"value":298,"label":"Vitamine &amp; Mineralien"}],"product_tag":[{"value":656,"label":"Mineralien und Vitamine"}]},"featured_image_src_large":["https:\/\/www.lraloeverashop.eu\/wp-content\/uploads\/2022\/10\/Lr-Omega-3-Fatty-acids-contributes-to-normal-cardiac-function-1024x1024.jpg",1024,1024,true],"author_info":[],"comment_info":0,"_links":{"self":[{"href":"https:\/\/www.lraloeverashop.eu\/de\/wp-json\/wp\/v2\/product\/9626","targetHints":{"allow":["GET"]}}],"collection":[{"href":"https:\/\/www.lraloeverashop.eu\/de\/wp-json\/wp\/v2\/product"}],"about":[{"href":"https:\/\/www.lraloeverashop.eu\/de\/wp-json\/wp\/v2\/types\/product"}],"replies":[{"embeddable":true,"href":"https:\/\/www.lraloeverashop.eu\/de\/wp-json\/wp\/v2\/comments?post=9626"}],"wp:featuredmedia":[{"embeddable":true,"href":"https:\/\/www.lraloeverashop.eu\/de\/wp-json\/wp\/v2\/media\/5635"}],"wp:attachment":[{"href":"https:\/\/www.lraloeverashop.eu\/de\/wp-json\/wp\/v2\/media?parent=9626"}],"wp:term":[{"taxonomy":"product_brand","embeddable":true,"href":"https:\/\/www.lraloeverashop.eu\/de\/wp-json\/wp\/v2\/product_brand?post=9626"},{"taxonomy":"product_cat","embeddable":true,"href":"https:\/\/www.lraloeverashop.eu\/de\/wp-json\/wp\/v2\/product_cat?post=9626"},{"taxonomy":"product_tag","embeddable":true,"href":"https:\/\/www.lraloeverashop.eu\/de\/wp-json\/wp\/v2\/product_tag?post=9626"}],"curies":[{"name":"wp","href":"https:\/\/api.w.org\/{rel}","templated":true}]}}