{"id":9574,"date":"2022-10-13T10:15:48","date_gmt":"2022-10-13T08:15:48","guid":{"rendered":"https:\/\/www.lraloeverashop.eu\/product\/mind-master-pulver-mit-guarana\/"},"modified":"2026-02-03T18:41:52","modified_gmt":"2026-02-03T17:41:52","slug":"mind-master-pulver-mit-guarana","status":"publish","type":"product","link":"https:\/\/www.lraloeverashop.eu\/de\/produkt\/mind-master-pulver-mit-guarana\/","title":{"rendered":"Mind Master Pulver mit Guarana"},"content":{"rendered":"<h2><strong><span style=\"font-size: 16pt;\">Mind Master Pulver mit Guarana<\/span><\/strong><\/h2>\n<p><strong><span style=\"font-size: 14pt;\">Mind Master Pulver Mit Guarana &#8211; schneller Energiekick f\u00fcr geistige und k\u00f6rperliche Leistungsf\u00e4higkeit.<\/span><\/strong><\/p>\n<p>Mind Master Extreme mit Guarana im praktischen To-Go-Format. Einfach den Stick aufrei\u00dfen, direkt ohne Wasser einnehmen und mit Power durchstarten! Die 2-in-1-Formel bietet Ihnen nicht nur Power, sondern dank effektiver Antioxidantien auch <a href=\"https:\/\/www.lraloeverashop.eu\/de\/produkt\/mind-master-drink-rot\/\">Schutz vor oxidativem Stress<\/a>.<\/p>\n<p>Mind Master Pulver liefert einen sofortigen, effektiven und gesunden Energiekick f\u00fcr K\u00f6rper und Geist<span style=\"font-size: 10pt;\"><sup>1,2,3,4<\/sup><\/span> Im praktischen To-Go-Format passt der Stick in jede Tasche und kann direkt verzehrt werden \u2013 ohne Wasser.<\/p>\n<p style=\"text-align: left;\"><strong><span style=\"font-size: 14pt;\">Extremer Energiekick f\u00fcr den Geist<span style=\"font-size: 10pt;\"><sup>4,5<\/sup><\/span>:<\/span><\/strong><\/p>\n<p>In k\u00fcrzester Zeit wach<span style=\"font-size: 14pt;\"><span style=\"font-size: 10pt;\"><sup>1,2,3<\/sup><\/span><\/span><br \/>\nErh\u00f6hte Konzentration und Leistung<span style=\"font-size: 14pt;\"><span style=\"font-size: 10pt;\"><sup>1,2,4<\/sup><\/span><\/span><\/p>\n<p>&nbsp;<\/p>\n<p style=\"text-align: left;\"><strong><span style=\"font-size: 14pt;\">Extremer Energiekick f\u00fcr den K\u00f6rper<span style=\"font-size: 10pt;\"><sup>1,2,3,5,6<\/sup><\/span><\/span><\/strong><\/p>\n<p>Fit und vital in k\u00fcrzester Zeit<span style=\"font-size: 10pt;\"><sup>1,2<\/sup><\/span><br \/>\nErh\u00f6ht Ausdauer und Leistung<span style=\"font-size: 10pt;\"><sup>2,3<\/sup><\/span><\/p>\n<p>&nbsp;<\/p>\n<p>Mind Master Pulver besteht aus einem wertvollen Mix aus nat\u00fcrlichen Superboostern wie Koffein, Taurin, Inositol, Aminos\u00e4uren, Vitaminen, Mineralstoffen und Coenzym Q10. Mit S\u00fc\u00dfungsmitteln. Glutenfrei, laktosefrei, Granatapfelgeschmack. Ein Stick enth\u00e4lt mehr Koffein als eine Tasse Espresso oder ein herk\u00f6mmlicher Energydrink. Es deckt 100 % des Tagesbedarfs an <a href=\"https:\/\/www.lraloeverashop.eu\/de\/produkt\/vita-active-rote-fruechte\/\">6 wichtigen Vitaminen<\/a> inklusive D, E, B12.<\/p>\n<p><strong><span style=\"color: #0000ff;\">Einfach aufrei\u00dfen, Inhalt ohne Wasser verzehren und mit Power durchstarten!<\/span><\/strong><\/p>\n<h3><strong><span style=\"font-size: 16pt;\">Zuckerfrei und schmeckt nach fruchtigem Granatapfel.<\/span><\/strong><\/h3>\n<p>Koffein aus Guarana- und Gr\u00fcntee-Extrakt sowie Aminos\u00e4uren (BCAAs) kurbeln den Stoffwechsel an und geben deinem K\u00f6rper kurzzeitig Energie, damit du direkt leistungsf\u00e4hig bist. B-Vitamine in Mind Master Pulver mit Guarana reduzieren M\u00fcdigkeit und unterst\u00fctzen Ihre geistigen und kognitiven Funktionen. Ihre Reaktionsf\u00e4higkeit steigt und Sie k\u00f6nnen schneller agieren und sind wacher. <a href=\"https:\/\/www.lraloeverashop.eu\/de\/produkt-kategorie\/basis\/trinkgele\/\">Antioxidantien<\/a> wie Vitamin E und Vitamin C sch\u00fctzen vor oxidativem Stress.<\/p>\n<p>1) Vitamin B12 tr\u00e4gt zur Verringerung von M\u00fcdigkeit und Erm\u00fcdung bei.<br \/>\n2) Das in Mind Master Pulver mit Guarana enthaltene Koffein hilft, die Wachsamkeit und Konzentration zu steigern. Das in <a href=\"https:\/\/www.lraloeverashop.eu\/de\/mind-master-extreme-hochleistungspulver-fuer-mehr-energie\/\">Guarana<\/a> enthaltene Koffein tr\u00e4gt zur Steigerung der <a href=\"https:\/\/www.lraloeverashop.eu\/de\/produkt\/mind-master-extreme-limitiertes-angebot\/\">Ausdauerleistung<\/a> bei.<br \/>\n3) Vitamin C tr\u00e4gt zu einem normalen Energiestoffwechsel bei.<br \/>\n4) Thiamin, Vitamin B6 und Vitamin B12 tragen zu einer normalen geistigen Funktion bei.<br \/>\n5) Vitamin E, Vitamin C und Selen in Mind Master Extreme helfen, die Zellen vor oxidativem Stress zu sch\u00fctzen.<br \/>\n6) Vitamin D tr\u00e4gt zur Aufrechterhaltung einer normalen Muskelfunktion bei.<\/p>\n","protected":false},"excerpt":{"rendered":"<ul>\n<li>Kraftvoller Energiekick f\u00fcr geistige und k\u00f6rperliche Leistungsf\u00e4higkeit<span style=\"font-size: 10pt;\"><sup>2,3,4<\/sup><\/span><\/li>\n<li>Schutz vor oxidativem Stress1<\/li>\n<li>Hochleistungspuder im handlichen To-Go-Format<\/li>\n<li>Zuckerfrei<\/li>\n<li>Passt in jede Tasche, zum direkten Verzehr ohne Wasser<\/li>\n<li>Die Packung enth\u00e4lt 14 Sticks (je 2,5 g)<\/li>\n<\/ul>\n<p><span style=\"color: #ff0000;\"><a style=\"color: #ff0000;\" href=\"https:\/\/shop.lrworld.com\/openpao?PHP=0vFlt7jT938BEnBI3a6e9w%3D%3D\"><span style=\"font-size: 14pt;\"><strong>Hier registrieren und dauerhaft 35\u202f% sparen<\/strong><\/span><\/a><\/span><\/p>\n","protected":false},"featured_media":5689,"comment_status":"open","ping_status":"closed","template":"","meta":{"_kad_blocks_custom_css":"","_kad_blocks_head_custom_js":"","_kad_blocks_body_custom_js":"","_kad_blocks_footer_custom_js":"","_kadence_starter_templates_imported_post":false,"_kad_post_transparent":"default","_kad_post_title":"","_kad_post_layout":"default","_kad_post_sidebar_id":"","_kad_post_content_style":"default","_kad_post_vertical_padding":"default","_kad_post_feature":"","_kad_post_feature_position":"","_kad_post_header":false,"_kad_post_footer":false,"_kad_post_classname":""},"product_brand":[],"product_cat":[441,501,465,411],"product_tag":[648],"class_list":{"0":"post-9574","1":"product","2":"type-product","3":"status-publish","4":"has-post-thumbnail","6":"product_cat-leistung-energie","7":"product_cat-mind-master-de","8":"product_cat-spezial-ernahrung","9":"product_cat-spezielle-produkte","10":"product_tag-energie-de","12":"first","13":"instock","14":"taxable","15":"shipping-taxable","16":"purchasable","17":"product-type-simple","18":"entry","19":"content-bg","20":"loop-entry"},"yoast_head":"<!-- This site is optimized with the Yoast SEO Premium plugin v27.4 (Yoast SEO v27.4) - https:\/\/yoast.com\/product\/yoast-seo-premium-wordpress\/ -->\n<title>Mind Master Pulver mit Guarana f\u00fcr k\u00f6rperliche Leistungsf\u00e4higkeit<\/title>\n<meta name=\"description\" content=\"Mind Master Pulver mit Guarana besteht aus einem wertvollen Mix nat\u00fcrlicher Superbooster, wie Guarana- und Gr\u00fcntee-Extrakt und weiteren Inhaltsstoffen\" \/>\n<meta name=\"robots\" content=\"index, follow, max-snippet:-1, max-image-preview:large, max-video-preview:-1\" \/>\n<link rel=\"canonical\" href=\"https:\/\/www.lraloeverashop.eu\/de\/produkt\/mind-master-pulver-mit-guarana\/\" \/>\n<meta property=\"og:locale\" content=\"de_DE\" \/>\n<meta property=\"og:type\" content=\"article\" \/>\n<meta property=\"og:title\" content=\"Mind Master Pulver mit Guarana\" \/>\n<meta property=\"og:description\" content=\"Mind Master Pulver mit Guarana besteht aus einem wertvollen Mix nat\u00fcrlicher Superbooster, wie Guarana- und Gr\u00fcntee-Extrakt und weiteren Inhaltsstoffen\" \/>\n<meta property=\"og:url\" content=\"https:\/\/www.lraloeverashop.eu\/de\/produkt\/mind-master-pulver-mit-guarana\/\" \/>\n<meta property=\"og:site_name\" content=\"Lr Aloe Vera Shop\" \/>\n<meta property=\"article:publisher\" content=\"https:\/\/www.facebook.com\/lraloeverashop.eu\" \/>\n<meta property=\"article:modified_time\" content=\"2026-02-03T17:41:52+00:00\" \/>\n<meta property=\"og:image\" content=\"https:\/\/www.lraloeverashop.eu\/wp-content\/uploads\/2022\/10\/mind-master-extreme-performance-powder-with-guarana.jpg\" \/>\n\t<meta property=\"og:image:width\" content=\"1200\" \/>\n\t<meta property=\"og:image:height\" content=\"1200\" \/>\n\t<meta property=\"og:image:type\" content=\"image\/jpeg\" \/>\n<meta name=\"twitter:card\" content=\"summary_large_image\" \/>\n<meta name=\"twitter:site\" content=\"@natur__kosmetik\" \/>\n<script type=\"application\/ld+json\" class=\"yoast-schema-graph\">{\"@context\":\"https:\\\/\\\/schema.org\",\"@graph\":[{\"@type\":[\"WebPage\",\"ItemPage\"],\"@id\":\"https:\\\/\\\/www.lraloeverashop.eu\\\/de\\\/produkt\\\/mind-master-pulver-mit-guarana\\\/\",\"url\":\"https:\\\/\\\/www.lraloeverashop.eu\\\/de\\\/produkt\\\/mind-master-pulver-mit-guarana\\\/\",\"name\":\"Mind Master Pulver mit Guarana f\u00fcr k\u00f6rperliche Leistungsf\u00e4higkeit\",\"isPartOf\":{\"@id\":\"https:\\\/\\\/www.lraloeverashop.eu\\\/de\\\/#website\"},\"primaryImageOfPage\":{\"@id\":\"https:\\\/\\\/www.lraloeverashop.eu\\\/de\\\/produkt\\\/mind-master-pulver-mit-guarana\\\/#primaryimage\"},\"image\":{\"@id\":\"https:\\\/\\\/www.lraloeverashop.eu\\\/de\\\/produkt\\\/mind-master-pulver-mit-guarana\\\/#primaryimage\"},\"thumbnailUrl\":\"https:\\\/\\\/www.lraloeverashop.eu\\\/wp-content\\\/uploads\\\/2022\\\/10\\\/mind-master-extreme-performance-powder-with-guarana.jpg\",\"datePublished\":\"2022-10-13T08:15:48+00:00\",\"dateModified\":\"2026-02-03T17:41:52+00:00\",\"description\":\"Mind Master Pulver mit Guarana besteht aus einem wertvollen Mix nat\u00fcrlicher Superbooster, wie Guarana- und Gr\u00fcntee-Extrakt und weiteren Inhaltsstoffen\",\"breadcrumb\":{\"@id\":\"https:\\\/\\\/www.lraloeverashop.eu\\\/de\\\/produkt\\\/mind-master-pulver-mit-guarana\\\/#breadcrumb\"},\"inLanguage\":\"de\",\"potentialAction\":[{\"@type\":\"ReadAction\",\"target\":[\"https:\\\/\\\/www.lraloeverashop.eu\\\/de\\\/produkt\\\/mind-master-pulver-mit-guarana\\\/\"]}]},{\"@type\":\"ImageObject\",\"inLanguage\":\"de\",\"@id\":\"https:\\\/\\\/www.lraloeverashop.eu\\\/de\\\/produkt\\\/mind-master-pulver-mit-guarana\\\/#primaryimage\",\"url\":\"https:\\\/\\\/www.lraloeverashop.eu\\\/wp-content\\\/uploads\\\/2022\\\/10\\\/mind-master-extreme-performance-powder-with-guarana.jpg\",\"contentUrl\":\"https:\\\/\\\/www.lraloeverashop.eu\\\/wp-content\\\/uploads\\\/2022\\\/10\\\/mind-master-extreme-performance-powder-with-guarana.jpg\",\"width\":1200,\"height\":1200,\"caption\":\"mind master extreme Leistungspuder mit Guarana\"},{\"@type\":\"BreadcrumbList\",\"@id\":\"https:\\\/\\\/www.lraloeverashop.eu\\\/de\\\/produkt\\\/mind-master-pulver-mit-guarana\\\/#breadcrumb\",\"itemListElement\":[{\"@type\":\"ListItem\",\"position\":1,\"name\":\"Home\",\"item\":\"https:\\\/\\\/www.lraloeverashop.eu\\\/de\\\/\"},{\"@type\":\"ListItem\",\"position\":2,\"name\":\"Shop\",\"item\":\"https:\\\/\\\/www.lraloeverashop.eu\\\/de\\\/shop-2\\\/\"},{\"@type\":\"ListItem\",\"position\":3,\"name\":\"Mind Master Pulver mit Guarana\"}]},{\"@type\":\"WebSite\",\"@id\":\"https:\\\/\\\/www.lraloeverashop.eu\\\/de\\\/#website\",\"url\":\"https:\\\/\\\/www.lraloeverashop.eu\\\/de\\\/\",\"name\":\"Lr Aloe Vera Shop\",\"description\":\"High Quality Lr Aloe Vera Gel, Aloe Vera Cream and Shampoo\",\"publisher\":{\"@id\":\"https:\\\/\\\/www.lraloeverashop.eu\\\/de\\\/#organization\"},\"potentialAction\":[{\"@type\":\"SearchAction\",\"target\":{\"@type\":\"EntryPoint\",\"urlTemplate\":\"https:\\\/\\\/www.lraloeverashop.eu\\\/de\\\/?s={search_term_string}\"},\"query-input\":{\"@type\":\"PropertyValueSpecification\",\"valueRequired\":true,\"valueName\":\"search_term_string\"}}],\"inLanguage\":\"de\"},{\"@type\":\"Organization\",\"@id\":\"https:\\\/\\\/www.lraloeverashop.eu\\\/de\\\/#organization\",\"name\":\"Lr Aloe Vera Shop\",\"alternateName\":\"LR\",\"url\":\"https:\\\/\\\/www.lraloeverashop.eu\\\/de\\\/\",\"logo\":{\"@type\":\"ImageObject\",\"inLanguage\":\"de\",\"@id\":\"https:\\\/\\\/www.lraloeverashop.eu\\\/de\\\/#\\\/schema\\\/logo\\\/image\\\/\",\"url\":\"https:\\\/\\\/www.lraloeverashop.eu\\\/wp-content\\\/uploads\\\/2022\\\/09\\\/cropped-Lr-Aloe-Vera-Shop.jpg\",\"contentUrl\":\"https:\\\/\\\/www.lraloeverashop.eu\\\/wp-content\\\/uploads\\\/2022\\\/09\\\/cropped-Lr-Aloe-Vera-Shop.jpg\",\"width\":228,\"height\":76,\"caption\":\"Lr Aloe Vera Shop\"},\"image\":{\"@id\":\"https:\\\/\\\/www.lraloeverashop.eu\\\/de\\\/#\\\/schema\\\/logo\\\/image\\\/\"},\"sameAs\":[\"https:\\\/\\\/www.facebook.com\\\/lraloeverashop.eu\",\"https:\\\/\\\/x.com\\\/natur__kosmetik\",\"https:\\\/\\\/www.youtube.com\\\/channel\\\/UC5oN7BJ8nfYb8RpVtjwDEBA\",\"https:\\\/\\\/www.instagram.com\\\/lrbeautyeu\\\/\"],\"description\":\"LR Aloe Vera Shop ist Ihre vertrauensw\u00fcrdige Adresse f\u00fcr hochwertige LR Health & Beauty Produkte aus Deutschland. Wir bieten Ihnen erstklassige Aloe Vera Hautpflege, N\u00e4hrstoffe und Anti-Aging-Produkte mit reinen Inhaltsstoffen, die auf wissenschaftlichen Erkenntnissen basieren. Entdecken Sie nat\u00fcrliche Pflege, die Ihre Haut regeneriert, sch\u00fctzt und revitalisiert \u2013 und profitieren Sie von exklusiven Monatsangeboten auf unsere Bestseller von LR Aloe Vera. Starten Sie noch heute Ihre Reise zu nat\u00fcrlicher Hautpflege und sp\u00fcren Sie den Unterschied.\",\"email\":\"info@lraloeverashop.eu\",\"telephone\":\"+49 17670609653\",\"legalName\":\"Lr Aloe Vera Shop\",\"foundingDate\":\"2018-04-21\",\"numberOfEmployees\":{\"@type\":\"QuantitativeValue\",\"minValue\":\"1\",\"maxValue\":\"10\"}}]}<\/script>\n<meta property=\"product:price:amount\" content=\"36.99\" \/>\n<meta property=\"product:price:currency\" content=\"EUR\" \/>\n<meta property=\"og:availability\" content=\"instock\" \/>\n<meta property=\"product:availability\" content=\"instock\" \/>\n<meta property=\"product:retailer_item_id\" content=\"80980-101DE\" \/>\n<meta property=\"product:condition\" content=\"new\" \/>\n<!-- \/ Yoast SEO Premium plugin. -->","yoast_head_json":{"title":"Mind Master Pulver mit Guarana f\u00fcr k\u00f6rperliche Leistungsf\u00e4higkeit","description":"Mind Master Pulver mit Guarana besteht aus einem wertvollen Mix nat\u00fcrlicher Superbooster, wie Guarana- und Gr\u00fcntee-Extrakt und weiteren Inhaltsstoffen","robots":{"index":"index","follow":"follow","max-snippet":"max-snippet:-1","max-image-preview":"max-image-preview:large","max-video-preview":"max-video-preview:-1"},"canonical":"https:\/\/www.lraloeverashop.eu\/de\/produkt\/mind-master-pulver-mit-guarana\/","og_locale":"de_DE","og_type":"article","og_title":"Mind Master Pulver mit Guarana","og_description":"Mind Master Pulver mit Guarana besteht aus einem wertvollen Mix nat\u00fcrlicher Superbooster, wie Guarana- und Gr\u00fcntee-Extrakt und weiteren Inhaltsstoffen","og_url":"https:\/\/www.lraloeverashop.eu\/de\/produkt\/mind-master-pulver-mit-guarana\/","og_site_name":"Lr Aloe Vera Shop","article_publisher":"https:\/\/www.facebook.com\/lraloeverashop.eu","article_modified_time":"2026-02-03T17:41:52+00:00","og_image":[{"width":1200,"height":1200,"url":"https:\/\/www.lraloeverashop.eu\/wp-content\/uploads\/2022\/10\/mind-master-extreme-performance-powder-with-guarana.jpg","type":"image\/jpeg"}],"twitter_card":"summary_large_image","twitter_site":"@natur__kosmetik","schema":{"@context":"https:\/\/schema.org","@graph":[{"@type":["WebPage","ItemPage"],"@id":"https:\/\/www.lraloeverashop.eu\/de\/produkt\/mind-master-pulver-mit-guarana\/","url":"https:\/\/www.lraloeverashop.eu\/de\/produkt\/mind-master-pulver-mit-guarana\/","name":"Mind Master Pulver mit Guarana f\u00fcr k\u00f6rperliche Leistungsf\u00e4higkeit","isPartOf":{"@id":"https:\/\/www.lraloeverashop.eu\/de\/#website"},"primaryImageOfPage":{"@id":"https:\/\/www.lraloeverashop.eu\/de\/produkt\/mind-master-pulver-mit-guarana\/#primaryimage"},"image":{"@id":"https:\/\/www.lraloeverashop.eu\/de\/produkt\/mind-master-pulver-mit-guarana\/#primaryimage"},"thumbnailUrl":"https:\/\/www.lraloeverashop.eu\/wp-content\/uploads\/2022\/10\/mind-master-extreme-performance-powder-with-guarana.jpg","datePublished":"2022-10-13T08:15:48+00:00","dateModified":"2026-02-03T17:41:52+00:00","description":"Mind Master Pulver mit Guarana besteht aus einem wertvollen Mix nat\u00fcrlicher Superbooster, wie Guarana- und Gr\u00fcntee-Extrakt und weiteren Inhaltsstoffen","breadcrumb":{"@id":"https:\/\/www.lraloeverashop.eu\/de\/produkt\/mind-master-pulver-mit-guarana\/#breadcrumb"},"inLanguage":"de","potentialAction":[{"@type":"ReadAction","target":["https:\/\/www.lraloeverashop.eu\/de\/produkt\/mind-master-pulver-mit-guarana\/"]}]},{"@type":"ImageObject","inLanguage":"de","@id":"https:\/\/www.lraloeverashop.eu\/de\/produkt\/mind-master-pulver-mit-guarana\/#primaryimage","url":"https:\/\/www.lraloeverashop.eu\/wp-content\/uploads\/2022\/10\/mind-master-extreme-performance-powder-with-guarana.jpg","contentUrl":"https:\/\/www.lraloeverashop.eu\/wp-content\/uploads\/2022\/10\/mind-master-extreme-performance-powder-with-guarana.jpg","width":1200,"height":1200,"caption":"mind master extreme Leistungspuder mit Guarana"},{"@type":"BreadcrumbList","@id":"https:\/\/www.lraloeverashop.eu\/de\/produkt\/mind-master-pulver-mit-guarana\/#breadcrumb","itemListElement":[{"@type":"ListItem","position":1,"name":"Home","item":"https:\/\/www.lraloeverashop.eu\/de\/"},{"@type":"ListItem","position":2,"name":"Shop","item":"https:\/\/www.lraloeverashop.eu\/de\/shop-2\/"},{"@type":"ListItem","position":3,"name":"Mind Master Pulver mit Guarana"}]},{"@type":"WebSite","@id":"https:\/\/www.lraloeverashop.eu\/de\/#website","url":"https:\/\/www.lraloeverashop.eu\/de\/","name":"Lr Aloe Vera Shop","description":"High Quality Lr Aloe Vera Gel, Aloe Vera Cream and Shampoo","publisher":{"@id":"https:\/\/www.lraloeverashop.eu\/de\/#organization"},"potentialAction":[{"@type":"SearchAction","target":{"@type":"EntryPoint","urlTemplate":"https:\/\/www.lraloeverashop.eu\/de\/?s={search_term_string}"},"query-input":{"@type":"PropertyValueSpecification","valueRequired":true,"valueName":"search_term_string"}}],"inLanguage":"de"},{"@type":"Organization","@id":"https:\/\/www.lraloeverashop.eu\/de\/#organization","name":"Lr Aloe Vera Shop","alternateName":"LR","url":"https:\/\/www.lraloeverashop.eu\/de\/","logo":{"@type":"ImageObject","inLanguage":"de","@id":"https:\/\/www.lraloeverashop.eu\/de\/#\/schema\/logo\/image\/","url":"https:\/\/www.lraloeverashop.eu\/wp-content\/uploads\/2022\/09\/cropped-Lr-Aloe-Vera-Shop.jpg","contentUrl":"https:\/\/www.lraloeverashop.eu\/wp-content\/uploads\/2022\/09\/cropped-Lr-Aloe-Vera-Shop.jpg","width":228,"height":76,"caption":"Lr Aloe Vera Shop"},"image":{"@id":"https:\/\/www.lraloeverashop.eu\/de\/#\/schema\/logo\/image\/"},"sameAs":["https:\/\/www.facebook.com\/lraloeverashop.eu","https:\/\/x.com\/natur__kosmetik","https:\/\/www.youtube.com\/channel\/UC5oN7BJ8nfYb8RpVtjwDEBA","https:\/\/www.instagram.com\/lrbeautyeu\/"],"description":"LR Aloe Vera Shop ist Ihre vertrauensw\u00fcrdige Adresse f\u00fcr hochwertige LR Health & Beauty Produkte aus Deutschland. Wir bieten Ihnen erstklassige Aloe Vera Hautpflege, N\u00e4hrstoffe und Anti-Aging-Produkte mit reinen Inhaltsstoffen, die auf wissenschaftlichen Erkenntnissen basieren. Entdecken Sie nat\u00fcrliche Pflege, die Ihre Haut regeneriert, sch\u00fctzt und revitalisiert \u2013 und profitieren Sie von exklusiven Monatsangeboten auf unsere Bestseller von LR Aloe Vera. Starten Sie noch heute Ihre Reise zu nat\u00fcrlicher Hautpflege und sp\u00fcren Sie den Unterschied.","email":"info@lraloeverashop.eu","telephone":"+49 17670609653","legalName":"Lr Aloe Vera Shop","foundingDate":"2018-04-21","numberOfEmployees":{"@type":"QuantitativeValue","minValue":"1","maxValue":"10"}}]},"product_price_amount":"36.99","product_price_currency":"EUR","og_availability":"instock","product_availability":"instock","product_retailer_item_id":"80980-101DE","product_condition":"new"},"taxonomy_info":{"product_cat":[{"value":441,"label":"Leistung &amp; Energie"},{"value":501,"label":"Mind Master"},{"value":465,"label":"Spezialisten"},{"value":411,"label":"Spezielle Produkte"}],"product_tag":[{"value":648,"label":"Energie"}]},"featured_image_src_large":["https:\/\/www.lraloeverashop.eu\/wp-content\/uploads\/2022\/10\/mind-master-extreme-performance-powder-with-guarana-1024x1024.jpg",1024,1024,true],"author_info":[],"comment_info":0,"_links":{"self":[{"href":"https:\/\/www.lraloeverashop.eu\/de\/wp-json\/wp\/v2\/product\/9574","targetHints":{"allow":["GET"]}}],"collection":[{"href":"https:\/\/www.lraloeverashop.eu\/de\/wp-json\/wp\/v2\/product"}],"about":[{"href":"https:\/\/www.lraloeverashop.eu\/de\/wp-json\/wp\/v2\/types\/product"}],"replies":[{"embeddable":true,"href":"https:\/\/www.lraloeverashop.eu\/de\/wp-json\/wp\/v2\/comments?post=9574"}],"wp:featuredmedia":[{"embeddable":true,"href":"https:\/\/www.lraloeverashop.eu\/de\/wp-json\/wp\/v2\/media\/5689"}],"wp:attachment":[{"href":"https:\/\/www.lraloeverashop.eu\/de\/wp-json\/wp\/v2\/media?parent=9574"}],"wp:term":[{"taxonomy":"product_brand","embeddable":true,"href":"https:\/\/www.lraloeverashop.eu\/de\/wp-json\/wp\/v2\/product_brand?post=9574"},{"taxonomy":"product_cat","embeddable":true,"href":"https:\/\/www.lraloeverashop.eu\/de\/wp-json\/wp\/v2\/product_cat?post=9574"},{"taxonomy":"product_tag","embeddable":true,"href":"https:\/\/www.lraloeverashop.eu\/de\/wp-json\/wp\/v2\/product_tag?post=9574"}],"curies":[{"name":"wp","href":"https:\/\/api.w.org\/{rel}","templated":true}]}}