{"id":9561,"date":"2022-10-13T18:04:45","date_gmt":"2022-10-13T16:04:45","guid":{"rendered":"https:\/\/www.lraloeverashop.eu\/product\/mind-master-drink-gruen\/"},"modified":"2026-02-03T18:41:29","modified_gmt":"2026-02-03T17:41:29","slug":"mind-master-drink-gruen","status":"publish","type":"product","link":"https:\/\/www.lraloeverashop.eu\/de\/produkt\/mind-master-drink-gruen\/","title":{"rendered":"Mind Master Drink Gr\u00fcn"},"content":{"rendered":"<h2><span style=\"font-size: 16pt;\"><strong>Mind Master Drink Gr\u00fcn<\/strong><\/span><\/h2>\n<p><span style=\"font-size: 14pt;\"><strong>Mind Master Drink Gr\u00fcn &#8211; Lebe dein Leben aktiv und voller Energie!<\/strong><\/span><\/p>\n<p>Job, Familie, Sport und Freizeit. Alles in den Griff zu bekommen, kann manchmal anstrengend sein. Umso wichtiger ist es, den N\u00e4hrstoffhaushalt optimal mit hilfreichen <a href=\"https:\/\/www.lraloeverashop.eu\/de\/aloe-vera-zum-trinken-von-lr-health-beauty\/\">Vitaminen und Spurenelementen<\/a> zu versorgen.<\/p>\n<p><strong>Mind Master liefert wichtige Mikron\u00e4hrstoffe. Sie tragen dazu bei:<\/strong><\/p>\n<ul>\n<li>Zu einem normalen Energiewechsel,<\/li>\n<li>Die normale Funktion des Nervensystems,<\/li>\n<li>Zu einer normalen geistigen Funktion,<\/li>\n<li>Um <a href=\"https:\/\/www.lraloeverashop.eu\/de\/produkt\/mind-master-performance-drink-gruen\/\">M\u00fcdigkeit zu reduzieren<\/a>,<\/li>\n<li>Zu einer normalen kognitiven Funktion,<\/li>\n<li>Zum Schutz der Zellen vor oxidativem Stress.<\/li>\n<\/ul>\n<p>Mind Master Drink Gr\u00fcn begleitet Sie durch den Tag zur Arbeit, zur Schule, zum Sport etc. Ihr t\u00e4glicher Beitrag zur idealen <a href=\"https:\/\/www.lraloeverashop.eu\/de\/produkt-kategorie\/spezielle-produkte\/\">N\u00e4hrstoffversorgung<\/a> bei einem aktiven Lebensstil!<\/p>\n<p><strong>Wissenschaftlich gepr\u00fcft von der EFSA *<\/strong><\/p>\n<ul>\n<li>Thiamin und Vitamin B12 tragen zu einem normalen Energiestoffwechsel bei.<\/li>\n<li>Vitamin B12 tr\u00e4gt zu einer normalen <a href=\"https:\/\/www.lraloeverashop.eu\/de\/produkt\/mind-master-performance-drink\/\">Funktion des Nervensystems<\/a> bei.<\/li>\n<li>Vitamin B12 tr\u00e4gt zu einer normalen psychischen Funktion bei.<\/li>\n<li>Vitamin B12 und Eisen tragen zur Verringerung von M\u00fcdigkeit bei.<\/li>\n<li>Eisen tr\u00e4gt zu einer normalen kognitiven Funktion bei.<\/li>\n<li>Vitamin E hilft, die Zellen vor oxidativem Stress zu sch\u00fctzen.<\/li>\n<\/ul>\n<p>&nbsp;<\/p>\n<h3><strong><span style=\"font-size: 16pt;\">Anwendung<\/span><\/strong><\/h3>\n<p><strong>Empfohlene Tagesdosis:<\/strong><br \/>\nNehmen Sie 80 ml <a href=\"https:\/\/www.lraloeverashop.eu\/de\/produkt\/mind-master-drink-rot\/\">Mind Master<\/a> einmal t\u00e4glich ein, vorzugsweise nach einer Mahlzeit. Je nach Vorliebe kann es pur oder in Wasser oder Saft aufgel\u00f6st verzehrt werden. Vor Gebrauch sch\u00fctteln. Nach dem \u00d6ffnen im K\u00fchlschrank aufbewahren.<\/p>\n<p><strong>\u00dcberschreiten Sie nicht die empfohlene Tagesdosis.<\/strong><br \/>\nNahrungserg\u00e4nzungsmittel sind kein Ersatz f\u00fcr eine abwechslungsreiche und ausgewogene Ern\u00e4hrung in Verbindung mit einer gesunden Lebensweise. Au\u00dferhalb der Reichweite von Kindern aufbewahren.<\/p>\n<p>&nbsp;<\/p>\n<h4><span style=\"font-size: 16pt;\"><strong>H\u00e4ufig gestellte Fragen<\/strong><\/span><\/h4>\n<p><strong>Warum ist Mind Master gr\u00fcn?<\/strong><br \/>\nDie gr\u00fcne Farbe des Mind Master entsteht durch das enthaltene Chlorophyll. Dieser nat\u00fcrliche Farbstoff wird von Pflanzen w\u00e4hrend der Photosynthese produziert. W\u00e4hrend der Photosynthese ist Chlorophyll f\u00fcr die Produktion von Sonnenlicht durch Pflanzen verantwortlich. Aus diesem Grund ist Chlorophyll eine der wichtigsten Energiequellen der Erde. Da es sich um ein Naturmaterial handelt, kann die Farbe leicht abweichen.<\/p>\n<p><strong>Woher kommt der besondere Geschmack von MindMaster?<\/strong><br \/>\nDer Geschmack ist durch den sehr hohen Gehalt an Pflanzen-, Teegr\u00fcnextrakten besonders nat\u00fcrlich und daher leicht bitter. Erg\u00e4nzt wird die einzigartige Geschmackskomposition durch die Zugabe des innovativen Stoffes Stevia, einer rein nat\u00fcrlichen Zutat mit hohem S\u00fc\u00dfwert.<\/p>\n<p><strong>Mind Master Drink Gr\u00fcn f\u00fcr Kinder geeignet?<\/strong><br \/>\nSchulkinder und Jugendliche k\u00f6nnen Mind Master konsumieren.<\/p>\n<p><strong>Ist Mind Master f\u00fcr Menschen mit Diabetes geeignet?<\/strong><br \/>\n<a href=\"https:\/\/www.lraloeverashop.eu\/de\/produkt\/mind-master-pulver-mit-guarana\/\">Mind Master<\/a> enth\u00e4lt nur eine geringe Menge einfachen Zucker in Form von Dextrose. Die Tagesdosis von 80 ml enth\u00e4lt 0,87 St\u00e4rke\u00e4quivalente. Bei Unsicherheit \u00fcber die Eignung des Produktes ist es ratsam, den behandelnden Arzt zu informieren.<\/p>\n","protected":false},"excerpt":{"rendered":"<ul>\n<li>Nahrungserg\u00e4nzungsmittel mit wichtigen Vitaminen und Spurenelementen<\/li>\n<li>Bietet hochwertige Mikron\u00e4hrstoffe f\u00fcr diejenigen, die ihr Leben aktiv gestalten<\/li>\n<li>Mit Vitamin E zum Schutz der Zellen vor oxidativem Stress<\/li>\n<li>Mit kr\u00e4ftigem Gr\u00fcn Tee<\/li>\n<li>T\u00e4glicher Begleiter &amp; a. Bei der Arbeit oder in der Schule<\/li>\n<li>Menge: 500 ml<\/li>\n<\/ul>\n<p><span style=\"color: #ff0000;\"><a style=\"color: #ff0000;\" href=\"https:\/\/shop.lrworld.com\/openpao?PHP=0vFlt7jT938BEnBI3a6e9w%3D%3D\"><span style=\"font-size: 14pt;\"><strong>Hier registrieren und dauerhaft 35\u202f% sparen<\/strong><\/span><\/a><\/span><\/p>\n","protected":false},"featured_media":5629,"comment_status":"open","ping_status":"closed","template":"","meta":{"_kad_blocks_custom_css":"","_kad_blocks_head_custom_js":"","_kad_blocks_body_custom_js":"","_kad_blocks_footer_custom_js":"","_kadence_starter_templates_imported_post":false,"_kad_post_transparent":"default","_kad_post_title":"","_kad_post_layout":"default","_kad_post_sidebar_id":"","_kad_post_content_style":"default","_kad_post_vertical_padding":"default","_kad_post_feature":"","_kad_post_feature_position":"","_kad_post_header":false,"_kad_post_footer":false,"_kad_post_classname":""},"product_brand":[],"product_cat":[441,501,465,411],"product_tag":[648],"class_list":{"0":"post-9561","1":"product","2":"type-product","3":"status-publish","4":"has-post-thumbnail","6":"product_cat-leistung-energie","7":"product_cat-mind-master-de","8":"product_cat-spezial-ernahrung","9":"product_cat-spezielle-produkte","10":"product_tag-energie-de","12":"first","13":"instock","14":"taxable","15":"shipping-taxable","16":"purchasable","17":"product-type-simple","18":"entry","19":"content-bg","20":"loop-entry"},"yoast_head":"<!-- This site is optimized with the Yoast SEO Premium plugin v27.5 (Yoast SEO v27.5) - https:\/\/yoast.com\/product\/yoast-seo-premium-wordpress\/ -->\n<title>Mind Master Drink Gr\u00fcn - Lebe dein Leben aktiv und voller Energie!<\/title>\n<meta name=\"description\" content=\"Job, Familie, Sport und Freizeit. Alles in den Griff zu bekommen kann manchmal anstrengend sein. Mind Master Drink Gr\u00fcn kann M\u00fcdigkeit und stress reduzieren\" \/>\n<meta name=\"robots\" content=\"index, follow, max-snippet:-1, max-image-preview:large, max-video-preview:-1\" \/>\n<link rel=\"canonical\" href=\"https:\/\/www.lraloeverashop.eu\/de\/produkt\/mind-master-drink-gruen\/\" \/>\n<meta property=\"og:locale\" content=\"de_DE\" \/>\n<meta property=\"og:type\" content=\"article\" \/>\n<meta property=\"og:title\" content=\"Mind Master Drink Gr\u00fcn\" \/>\n<meta property=\"og:description\" content=\"Job, Familie, Sport und Freizeit. Alles in den Griff zu bekommen kann manchmal anstrengend sein. Mind Master Drink Gr\u00fcn kann M\u00fcdigkeit und stress reduzieren\" \/>\n<meta property=\"og:url\" content=\"https:\/\/www.lraloeverashop.eu\/de\/produkt\/mind-master-drink-gruen\/\" \/>\n<meta property=\"og:site_name\" content=\"Lr Aloe Vera Shop\" \/>\n<meta property=\"article:publisher\" content=\"https:\/\/www.facebook.com\/lraloeverashop.eu\" \/>\n<meta property=\"article:modified_time\" content=\"2026-02-03T17:41:29+00:00\" \/>\n<meta property=\"og:image\" content=\"https:\/\/www.lraloeverashop.eu\/wp-content\/uploads\/2022\/10\/Lr-Mind-master-performance-drink-green.jpg\" \/>\n\t<meta property=\"og:image:width\" content=\"1200\" \/>\n\t<meta property=\"og:image:height\" content=\"1200\" \/>\n\t<meta property=\"og:image:type\" content=\"image\/jpeg\" \/>\n<meta name=\"twitter:card\" content=\"summary_large_image\" \/>\n<meta name=\"twitter:site\" content=\"@natur__kosmetik\" \/>\n<script type=\"application\/ld+json\" class=\"yoast-schema-graph\">{\"@context\":\"https:\\\/\\\/schema.org\",\"@graph\":[{\"@type\":[\"WebPage\",\"ItemPage\"],\"@id\":\"https:\\\/\\\/www.lraloeverashop.eu\\\/de\\\/produkt\\\/mind-master-drink-gruen\\\/\",\"url\":\"https:\\\/\\\/www.lraloeverashop.eu\\\/de\\\/produkt\\\/mind-master-drink-gruen\\\/\",\"name\":\"Mind Master Drink Gr\u00fcn - Lebe dein Leben aktiv und voller Energie!\",\"isPartOf\":{\"@id\":\"https:\\\/\\\/www.lraloeverashop.eu\\\/de\\\/#website\"},\"primaryImageOfPage\":{\"@id\":\"https:\\\/\\\/www.lraloeverashop.eu\\\/de\\\/produkt\\\/mind-master-drink-gruen\\\/#primaryimage\"},\"image\":{\"@id\":\"https:\\\/\\\/www.lraloeverashop.eu\\\/de\\\/produkt\\\/mind-master-drink-gruen\\\/#primaryimage\"},\"thumbnailUrl\":\"https:\\\/\\\/www.lraloeverashop.eu\\\/wp-content\\\/uploads\\\/2022\\\/10\\\/Lr-Mind-master-performance-drink-green.jpg\",\"datePublished\":\"2022-10-13T16:04:45+00:00\",\"dateModified\":\"2026-02-03T17:41:29+00:00\",\"description\":\"Job, Familie, Sport und Freizeit. Alles in den Griff zu bekommen kann manchmal anstrengend sein. Mind Master Drink Gr\u00fcn kann M\u00fcdigkeit und stress reduzieren\",\"breadcrumb\":{\"@id\":\"https:\\\/\\\/www.lraloeverashop.eu\\\/de\\\/produkt\\\/mind-master-drink-gruen\\\/#breadcrumb\"},\"inLanguage\":\"de\",\"potentialAction\":[{\"@type\":\"ReadAction\",\"target\":[\"https:\\\/\\\/www.lraloeverashop.eu\\\/de\\\/produkt\\\/mind-master-drink-gruen\\\/\"]}]},{\"@type\":\"ImageObject\",\"inLanguage\":\"de\",\"@id\":\"https:\\\/\\\/www.lraloeverashop.eu\\\/de\\\/produkt\\\/mind-master-drink-gruen\\\/#primaryimage\",\"url\":\"https:\\\/\\\/www.lraloeverashop.eu\\\/wp-content\\\/uploads\\\/2022\\\/10\\\/Lr-Mind-master-performance-drink-green.jpg\",\"contentUrl\":\"https:\\\/\\\/www.lraloeverashop.eu\\\/wp-content\\\/uploads\\\/2022\\\/10\\\/Lr-Mind-master-performance-drink-green.jpg\",\"width\":1200,\"height\":1200,\"caption\":\"Lr Mind master performance drink gr\u00fcn\"},{\"@type\":\"BreadcrumbList\",\"@id\":\"https:\\\/\\\/www.lraloeverashop.eu\\\/de\\\/produkt\\\/mind-master-drink-gruen\\\/#breadcrumb\",\"itemListElement\":[{\"@type\":\"ListItem\",\"position\":1,\"name\":\"Home\",\"item\":\"https:\\\/\\\/www.lraloeverashop.eu\\\/de\\\/\"},{\"@type\":\"ListItem\",\"position\":2,\"name\":\"Shop\",\"item\":\"https:\\\/\\\/www.lraloeverashop.eu\\\/de\\\/shop-2\\\/\"},{\"@type\":\"ListItem\",\"position\":3,\"name\":\"Mind Master Drink Gr\u00fcn\"}]},{\"@type\":\"WebSite\",\"@id\":\"https:\\\/\\\/www.lraloeverashop.eu\\\/de\\\/#website\",\"url\":\"https:\\\/\\\/www.lraloeverashop.eu\\\/de\\\/\",\"name\":\"Lr Aloe Vera Shop\",\"description\":\"High Quality Lr Aloe Vera Gel, Aloe Vera Cream and Shampoo\",\"publisher\":{\"@id\":\"https:\\\/\\\/www.lraloeverashop.eu\\\/de\\\/#organization\"},\"alternateName\":\"LR\",\"potentialAction\":[{\"@type\":\"SearchAction\",\"target\":{\"@type\":\"EntryPoint\",\"urlTemplate\":\"https:\\\/\\\/www.lraloeverashop.eu\\\/de\\\/?s={search_term_string}\"},\"query-input\":{\"@type\":\"PropertyValueSpecification\",\"valueRequired\":true,\"valueName\":\"search_term_string\"}}],\"inLanguage\":\"de\"},{\"@type\":\"Organization\",\"@id\":\"https:\\\/\\\/www.lraloeverashop.eu\\\/de\\\/#organization\",\"name\":\"Lr Aloe Vera Shop\",\"alternateName\":\"LR\",\"url\":\"https:\\\/\\\/www.lraloeverashop.eu\\\/de\\\/\",\"logo\":{\"@type\":\"ImageObject\",\"inLanguage\":\"de\",\"@id\":\"https:\\\/\\\/www.lraloeverashop.eu\\\/de\\\/#\\\/schema\\\/logo\\\/image\\\/\",\"url\":\"https:\\\/\\\/www.lraloeverashop.eu\\\/wp-content\\\/uploads\\\/2022\\\/09\\\/cropped-Lr-Aloe-Vera-Shop.jpg\",\"contentUrl\":\"https:\\\/\\\/www.lraloeverashop.eu\\\/wp-content\\\/uploads\\\/2022\\\/09\\\/cropped-Lr-Aloe-Vera-Shop.jpg\",\"width\":228,\"height\":76,\"caption\":\"Lr Aloe Vera Shop\"},\"image\":{\"@id\":\"https:\\\/\\\/www.lraloeverashop.eu\\\/de\\\/#\\\/schema\\\/logo\\\/image\\\/\"},\"sameAs\":[\"https:\\\/\\\/www.facebook.com\\\/lraloeverashop.eu\",\"https:\\\/\\\/x.com\\\/natur__kosmetik\",\"https:\\\/\\\/www.youtube.com\\\/channel\\\/UC5oN7BJ8nfYb8RpVtjwDEBA\",\"https:\\\/\\\/www.instagram.com\\\/lrbeautyeu\\\/\"],\"description\":\"LR Aloe Vera Shop ist Ihre vertrauensw\u00fcrdige Adresse f\u00fcr hochwertige LR Health & Beauty Produkte aus Deutschland. Wir bieten Ihnen erstklassige Aloe Vera Hautpflege, N\u00e4hrstoffe und Anti-Aging-Produkte mit reinen Inhaltsstoffen, die auf wissenschaftlichen Erkenntnissen basieren. Entdecken Sie nat\u00fcrliche Pflege, die Ihre Haut regeneriert, sch\u00fctzt und revitalisiert \u2013 und profitieren Sie von exklusiven Monatsangeboten auf unsere Bestseller von LR Aloe Vera. Starten Sie noch heute Ihre Reise zu nat\u00fcrlicher Hautpflege und sp\u00fcren Sie den Unterschied.\",\"email\":\"info@lraloeverashop.eu\",\"telephone\":\"+49 17670609653\",\"legalName\":\"Lr Aloe Vera Shop\",\"foundingDate\":\"2018-04-21\",\"numberOfEmployees\":{\"@type\":\"QuantitativeValue\",\"minValue\":\"1\",\"maxValue\":\"10\"}}]}<\/script>\n<meta property=\"product:price:amount\" content=\"20.99\" \/>\n<meta property=\"product:price:currency\" content=\"EUR\" \/>\n<meta property=\"og:availability\" content=\"instock\" \/>\n<meta property=\"product:availability\" content=\"instock\" \/>\n<meta property=\"product:retailer_item_id\" content=\"80900-401DE\" \/>\n<meta property=\"product:condition\" content=\"new\" \/>\n<!-- \/ Yoast SEO Premium plugin. -->","yoast_head_json":{"title":"Mind Master Drink Gr\u00fcn - Lebe dein Leben aktiv und voller Energie!","description":"Job, Familie, Sport und Freizeit. Alles in den Griff zu bekommen kann manchmal anstrengend sein. Mind Master Drink Gr\u00fcn kann M\u00fcdigkeit und stress reduzieren","robots":{"index":"index","follow":"follow","max-snippet":"max-snippet:-1","max-image-preview":"max-image-preview:large","max-video-preview":"max-video-preview:-1"},"canonical":"https:\/\/www.lraloeverashop.eu\/de\/produkt\/mind-master-drink-gruen\/","og_locale":"de_DE","og_type":"article","og_title":"Mind Master Drink Gr\u00fcn","og_description":"Job, Familie, Sport und Freizeit. Alles in den Griff zu bekommen kann manchmal anstrengend sein. Mind Master Drink Gr\u00fcn kann M\u00fcdigkeit und stress reduzieren","og_url":"https:\/\/www.lraloeverashop.eu\/de\/produkt\/mind-master-drink-gruen\/","og_site_name":"Lr Aloe Vera Shop","article_publisher":"https:\/\/www.facebook.com\/lraloeverashop.eu","article_modified_time":"2026-02-03T17:41:29+00:00","og_image":[{"width":1200,"height":1200,"url":"https:\/\/www.lraloeverashop.eu\/wp-content\/uploads\/2022\/10\/Lr-Mind-master-performance-drink-green.jpg","type":"image\/jpeg"}],"twitter_card":"summary_large_image","twitter_site":"@natur__kosmetik","schema":{"@context":"https:\/\/schema.org","@graph":[{"@type":["WebPage","ItemPage"],"@id":"https:\/\/www.lraloeverashop.eu\/de\/produkt\/mind-master-drink-gruen\/","url":"https:\/\/www.lraloeverashop.eu\/de\/produkt\/mind-master-drink-gruen\/","name":"Mind Master Drink Gr\u00fcn - Lebe dein Leben aktiv und voller Energie!","isPartOf":{"@id":"https:\/\/www.lraloeverashop.eu\/de\/#website"},"primaryImageOfPage":{"@id":"https:\/\/www.lraloeverashop.eu\/de\/produkt\/mind-master-drink-gruen\/#primaryimage"},"image":{"@id":"https:\/\/www.lraloeverashop.eu\/de\/produkt\/mind-master-drink-gruen\/#primaryimage"},"thumbnailUrl":"https:\/\/www.lraloeverashop.eu\/wp-content\/uploads\/2022\/10\/Lr-Mind-master-performance-drink-green.jpg","datePublished":"2022-10-13T16:04:45+00:00","dateModified":"2026-02-03T17:41:29+00:00","description":"Job, Familie, Sport und Freizeit. Alles in den Griff zu bekommen kann manchmal anstrengend sein. Mind Master Drink Gr\u00fcn kann M\u00fcdigkeit und stress reduzieren","breadcrumb":{"@id":"https:\/\/www.lraloeverashop.eu\/de\/produkt\/mind-master-drink-gruen\/#breadcrumb"},"inLanguage":"de","potentialAction":[{"@type":"ReadAction","target":["https:\/\/www.lraloeverashop.eu\/de\/produkt\/mind-master-drink-gruen\/"]}]},{"@type":"ImageObject","inLanguage":"de","@id":"https:\/\/www.lraloeverashop.eu\/de\/produkt\/mind-master-drink-gruen\/#primaryimage","url":"https:\/\/www.lraloeverashop.eu\/wp-content\/uploads\/2022\/10\/Lr-Mind-master-performance-drink-green.jpg","contentUrl":"https:\/\/www.lraloeverashop.eu\/wp-content\/uploads\/2022\/10\/Lr-Mind-master-performance-drink-green.jpg","width":1200,"height":1200,"caption":"Lr Mind master performance drink gr\u00fcn"},{"@type":"BreadcrumbList","@id":"https:\/\/www.lraloeverashop.eu\/de\/produkt\/mind-master-drink-gruen\/#breadcrumb","itemListElement":[{"@type":"ListItem","position":1,"name":"Home","item":"https:\/\/www.lraloeverashop.eu\/de\/"},{"@type":"ListItem","position":2,"name":"Shop","item":"https:\/\/www.lraloeverashop.eu\/de\/shop-2\/"},{"@type":"ListItem","position":3,"name":"Mind Master Drink Gr\u00fcn"}]},{"@type":"WebSite","@id":"https:\/\/www.lraloeverashop.eu\/de\/#website","url":"https:\/\/www.lraloeverashop.eu\/de\/","name":"Lr Aloe Vera Shop","description":"High Quality Lr Aloe Vera Gel, Aloe Vera Cream and Shampoo","publisher":{"@id":"https:\/\/www.lraloeverashop.eu\/de\/#organization"},"alternateName":"LR","potentialAction":[{"@type":"SearchAction","target":{"@type":"EntryPoint","urlTemplate":"https:\/\/www.lraloeverashop.eu\/de\/?s={search_term_string}"},"query-input":{"@type":"PropertyValueSpecification","valueRequired":true,"valueName":"search_term_string"}}],"inLanguage":"de"},{"@type":"Organization","@id":"https:\/\/www.lraloeverashop.eu\/de\/#organization","name":"Lr Aloe Vera Shop","alternateName":"LR","url":"https:\/\/www.lraloeverashop.eu\/de\/","logo":{"@type":"ImageObject","inLanguage":"de","@id":"https:\/\/www.lraloeverashop.eu\/de\/#\/schema\/logo\/image\/","url":"https:\/\/www.lraloeverashop.eu\/wp-content\/uploads\/2022\/09\/cropped-Lr-Aloe-Vera-Shop.jpg","contentUrl":"https:\/\/www.lraloeverashop.eu\/wp-content\/uploads\/2022\/09\/cropped-Lr-Aloe-Vera-Shop.jpg","width":228,"height":76,"caption":"Lr Aloe Vera Shop"},"image":{"@id":"https:\/\/www.lraloeverashop.eu\/de\/#\/schema\/logo\/image\/"},"sameAs":["https:\/\/www.facebook.com\/lraloeverashop.eu","https:\/\/x.com\/natur__kosmetik","https:\/\/www.youtube.com\/channel\/UC5oN7BJ8nfYb8RpVtjwDEBA","https:\/\/www.instagram.com\/lrbeautyeu\/"],"description":"LR Aloe Vera Shop ist Ihre vertrauensw\u00fcrdige Adresse f\u00fcr hochwertige LR Health & Beauty Produkte aus Deutschland. Wir bieten Ihnen erstklassige Aloe Vera Hautpflege, N\u00e4hrstoffe und Anti-Aging-Produkte mit reinen Inhaltsstoffen, die auf wissenschaftlichen Erkenntnissen basieren. Entdecken Sie nat\u00fcrliche Pflege, die Ihre Haut regeneriert, sch\u00fctzt und revitalisiert \u2013 und profitieren Sie von exklusiven Monatsangeboten auf unsere Bestseller von LR Aloe Vera. Starten Sie noch heute Ihre Reise zu nat\u00fcrlicher Hautpflege und sp\u00fcren Sie den Unterschied.","email":"info@lraloeverashop.eu","telephone":"+49 17670609653","legalName":"Lr Aloe Vera Shop","foundingDate":"2018-04-21","numberOfEmployees":{"@type":"QuantitativeValue","minValue":"1","maxValue":"10"}}]},"product_price_amount":"20.99","product_price_currency":"EUR","og_availability":"instock","product_availability":"instock","product_retailer_item_id":"80900-401DE","product_condition":"new"},"taxonomy_info":{"product_cat":[{"value":441,"label":"Leistung &amp; Energie"},{"value":501,"label":"Mind Master"},{"value":465,"label":"Spezialisten"},{"value":411,"label":"Spezielle Produkte"}],"product_tag":[{"value":648,"label":"Energie"}]},"featured_image_src_large":["https:\/\/www.lraloeverashop.eu\/wp-content\/uploads\/2022\/10\/Lr-Mind-master-performance-drink-green-1024x1024.jpg",1024,1024,true],"author_info":[],"comment_info":0,"_links":{"self":[{"href":"https:\/\/www.lraloeverashop.eu\/de\/wp-json\/wp\/v2\/product\/9561","targetHints":{"allow":["GET"]}}],"collection":[{"href":"https:\/\/www.lraloeverashop.eu\/de\/wp-json\/wp\/v2\/product"}],"about":[{"href":"https:\/\/www.lraloeverashop.eu\/de\/wp-json\/wp\/v2\/types\/product"}],"replies":[{"embeddable":true,"href":"https:\/\/www.lraloeverashop.eu\/de\/wp-json\/wp\/v2\/comments?post=9561"}],"wp:featuredmedia":[{"embeddable":true,"href":"https:\/\/www.lraloeverashop.eu\/de\/wp-json\/wp\/v2\/media\/5629"}],"wp:attachment":[{"href":"https:\/\/www.lraloeverashop.eu\/de\/wp-json\/wp\/v2\/media?parent=9561"}],"wp:term":[{"taxonomy":"product_brand","embeddable":true,"href":"https:\/\/www.lraloeverashop.eu\/de\/wp-json\/wp\/v2\/product_brand?post=9561"},{"taxonomy":"product_cat","embeddable":true,"href":"https:\/\/www.lraloeverashop.eu\/de\/wp-json\/wp\/v2\/product_cat?post=9561"},{"taxonomy":"product_tag","embeddable":true,"href":"https:\/\/www.lraloeverashop.eu\/de\/wp-json\/wp\/v2\/product_tag?post=9561"}],"curies":[{"name":"wp","href":"https:\/\/api.w.org\/{rel}","templated":true}]}}